{"id":115,"date":"2020-08-13T08:19:05","date_gmt":"2020-08-13T08:19:05","guid":{"rendered":"https:\/\/veteraani.ylirotu.fi\/?page_id=115"},"modified":"2020-11-05T09:38:03","modified_gmt":"2020-11-05T09:38:03","slug":"muistoristit","status":"publish","type":"page","link":"https:\/\/veteraanienperinto.fi\/index.php\/tietopankit\/muistoristit\/","title":{"rendered":"Muistoristit ja -mitalit"},"content":{"rendered":"<div id='full_slider_1'  class='avia-fullwidth-slider main_color avia-shadow   avia-builder-el-0  el_before_av_heading  avia-builder-el-first   container_wrap sidebar_right'  ><div  class='avia-slideshow av-kh3ucrci-647fca7f5e73e9ce057388ecd8773b89 avia-slideshow-featured av_slideshow_full avia-slide-slider av-slideshow-ui av-control-default av-slideshow-manual av-loop-once av-loop-manual-endless av-default-height-applied   avia-slideshow-1' data-slideshow-options=\"{&quot;animation&quot;:&quot;slide&quot;,&quot;autoplay&quot;:false,&quot;loop_autoplay&quot;:&quot;once&quot;,&quot;interval&quot;:5,&quot;loop_manual&quot;:&quot;manual-endless&quot;,&quot;autoplay_stopper&quot;:false,&quot;noNavigation&quot;:false,&quot;bg_slider&quot;:false,&quot;keep_padding&quot;:false,&quot;hoverpause&quot;:false,&quot;show_slide_delay&quot;:0}\"  itemprop=\"image\" itemscope=\"itemscope\" itemtype=\"https:\/\/schema.org\/ImageObject\" ><ul class='avia-slideshow-inner ' style='padding-bottom: 28.666666666667%;'><li  class='avia-slideshow-slide av-kh3ucrci-647fca7f5e73e9ce057388ecd8773b89__0  av-single-slide slide-1 slide-odd'><div data-rel='slideshow-1' class='avia-slide-wrap '   ><div class='av-slideshow-caption av-kh3ucrci-647fca7f5e73e9ce057388ecd8773b89__0 caption_fullwidth caption_bottom caption_bottom_framed caption_framed'><div class=\"container caption_container\"><div class=\"slideshow_caption\"><div class=\"slideshow_inner_caption\"><div class=\"slideshow_align_caption\"><div class='avia-caption-content '  itemprop=\"description\" ><p>Kenraaliluutnantti Oscar Enckell jakaa mitaleja 20.5.1940<\/p>\n<\/div><\/div><\/div><\/div><\/div><\/div><img decoding=\"async\" fetchpriority=\"high\" class=\"wp-image-5021 avia-img-lazy-loading-not-5021\"  src=\"https:\/\/veteraanienperinto.fi\/wp-content\/uploads\/2020\/11\/kunniamerkkienjako-1500x430.png\" width=\"1500\" height=\"430\" title='kunniamerkkienjako' alt=''  itemprop=\"thumbnailUrl\" srcset=\"https:\/\/veteraanienperinto.fi\/wp-content\/uploads\/2020\/11\/kunniamerkkienjako.png 1500w, https:\/\/veteraanienperinto.fi\/wp-content\/uploads\/2020\/11\/kunniamerkkienjako-300x86.png 300w, https:\/\/veteraanienperinto.fi\/wp-content\/uploads\/2020\/11\/kunniamerkkienjako-1030x295.png 1030w, https:\/\/veteraanienperinto.fi\/wp-content\/uploads\/2020\/11\/kunniamerkkienjako-768x220.png 768w, https:\/\/veteraanienperinto.fi\/wp-content\/uploads\/2020\/11\/kunniamerkkienjako-705x202.png 705w\" sizes=\"(max-width: 1500px) 100vw, 1500px\" \/><\/div><\/li><\/ul><\/div><\/div><div id='after_full_slider_1'  class='main_color av_default_container_wrap container_wrap sidebar_right'  ><div class='container av-section-cont-open' ><div class='template-page content  av-content-small alpha units'><div class='post-entry post-entry-type-page post-entry-115'><div class='entry-content-wrapper clearfix'>\n\n<style type=\"text\/css\" data-created_by=\"avia_inline_auto\" id=\"style-css-av-av_heading-33cf760853a8fa2294825d35b67c3333\">\n#top .av-special-heading.av-av_heading-33cf760853a8fa2294825d35b67c3333{\npadding-bottom:10px;\n}\nbody .av-special-heading.av-av_heading-33cf760853a8fa2294825d35b67c3333 .av-special-heading-tag .heading-char{\nfont-size:25px;\n}\n.av-special-heading.av-av_heading-33cf760853a8fa2294825d35b67c3333 .av-subheading{\nfont-size:15px;\n}\n<\/style>\n<div  class='av-special-heading av-av_heading-33cf760853a8fa2294825d35b67c3333 av-special-heading-h2  avia-builder-el-1  el_after_av_slideshow_full  el_before_av_one_half  avia-builder-el-first '><h2 class='av-special-heading-tag'  itemprop=\"headline\"  >Muistoristit ja -mitalit<\/h2><div class=\"special-heading-border\"><div class=\"special-heading-inner-border\"><\/div><\/div><\/div>\n\n<style type=\"text\/css\" data-created_by=\"avia_inline_auto\" id=\"style-css-av-1elyd7-0fb91d515969ab78b1e19b214f2c9e53\">\n.flex_column.av-1elyd7-0fb91d515969ab78b1e19b214f2c9e53{\nborder-radius:0px 0px 0px 0px;\npadding:0px 0px 0px 0px;\n}\n<\/style>\n<div  class='flex_column av-1elyd7-0fb91d515969ab78b1e19b214f2c9e53 av_one_half  avia-builder-el-2  el_after_av_heading  el_before_av_one_half  first flex_column_div av-zero-column-padding  '     ><p>\n<style type=\"text\/css\" data-created_by=\"avia_inline_auto\" id=\"style-css-av-18nx4b-8e59bc21b67800cd9c6db5ea1710a750\">\n.avia-image-container.av-18nx4b-8e59bc21b67800cd9c6db5ea1710a750 img.avia_image{\nbox-shadow:none;\n}\n.avia-image-container.av-18nx4b-8e59bc21b67800cd9c6db5ea1710a750 .av-image-caption-overlay-center{\ncolor:#ffffff;\n}\n<\/style>\n<div  class='avia-image-container av-18nx4b-8e59bc21b67800cd9c6db5ea1710a750 av-styling- avia-align-center  avia-builder-el-3  el_before_av_textblock  avia-builder-el-first '   itemprop=\"image\" itemscope=\"itemscope\" itemtype=\"https:\/\/schema.org\/ImageObject\" ><div class=\"avia-image-container-inner\"><div class=\"avia-image-overlay-wrap\"><a href=\"https:\/\/veteraanienperinto.fi\/index.php\/tietopankit\/muistoristit\/talvisodan-muistoristit\/\" class='avia_image'  aria-label='123268522_347202699911587_2508808984259711292_n'><img decoding=\"async\" fetchpriority=\"high\" class='wp-image-4987 avia-img-lazy-loading-not-4987 avia_image ' src=\"https:\/\/veteraanienperinto.fi\/wp-content\/uploads\/2020\/11\/123268522_347202699911587_2508808984259711292_n-180x180.png\" alt='' title='123268522_347202699911587_2508808984259711292_n'  height=\"180\" width=\"180\"  itemprop=\"thumbnailUrl\" srcset=\"https:\/\/veteraanienperinto.fi\/wp-content\/uploads\/2020\/11\/123268522_347202699911587_2508808984259711292_n-180x180.png 180w, https:\/\/veteraanienperinto.fi\/wp-content\/uploads\/2020\/11\/123268522_347202699911587_2508808984259711292_n-300x300.png 300w, https:\/\/veteraanienperinto.fi\/wp-content\/uploads\/2020\/11\/123268522_347202699911587_2508808984259711292_n-80x80.png 80w, https:\/\/veteraanienperinto.fi\/wp-content\/uploads\/2020\/11\/123268522_347202699911587_2508808984259711292_n-36x36.png 36w, https:\/\/veteraanienperinto.fi\/wp-content\/uploads\/2020\/11\/123268522_347202699911587_2508808984259711292_n.png 419w\" sizes=\"(max-width: 180px) 100vw, 180px\" \/><\/a><\/div><\/div><\/div><br \/>\n<section  class='av_textblock_section av-kdsbg70l-f5dc09215ab849fc95239b9908ea1c6a '   itemscope=\"itemscope\" itemtype=\"https:\/\/schema.org\/CreativeWork\" ><div class='avia_textblock'  itemprop=\"text\" ><p style=\"text-align: center;\">Talvisodan<br \/>\nmuistomitali<\/p>\n<\/div><\/section><\/p><\/div>\n\n<style type=\"text\/css\" data-created_by=\"avia_inline_auto\" id=\"style-css-av-157r7n-8ffb54565b881f638f155c4a1c0d9869\">\n.flex_column.av-157r7n-8ffb54565b881f638f155c4a1c0d9869{\nborder-radius:0px 0px 0px 0px;\npadding:0px 0px 0px 0px;\n}\n<\/style>\n<div  class='flex_column av-157r7n-8ffb54565b881f638f155c4a1c0d9869 av_one_half  avia-builder-el-5  el_after_av_one_half  el_before_av_textblock  flex_column_div av-zero-column-padding  '     ><p>\n<style type=\"text\/css\" data-created_by=\"avia_inline_auto\" id=\"style-css-av-xz1er-a57d1452f492d7483d83f463846b0077\">\n.avia-image-container.av-xz1er-a57d1452f492d7483d83f463846b0077 img.avia_image{\nbox-shadow:none;\n}\n.avia-image-container.av-xz1er-a57d1452f492d7483d83f463846b0077 .av-image-caption-overlay-center{\ncolor:#ffffff;\n}\n<\/style>\n<div  class='avia-image-container av-xz1er-a57d1452f492d7483d83f463846b0077 av-styling- avia-align-center  avia-builder-el-6  el_before_av_textblock  avia-builder-el-first '   itemprop=\"image\" itemscope=\"itemscope\" itemtype=\"https:\/\/schema.org\/ImageObject\" ><div class=\"avia-image-container-inner\"><div class=\"avia-image-overlay-wrap\"><a href=\"https:\/\/veteraanienperinto.fi\/index.php\/tietopankit\/muistoristit\/jatkosodan-muistoristit\/\" class='avia_image'  aria-label='123225335_713555979252916_4074825698572783309_n'><img decoding=\"async\" fetchpriority=\"high\" class='wp-image-4986 avia-img-lazy-loading-not-4986 avia_image ' src=\"https:\/\/veteraanienperinto.fi\/wp-content\/uploads\/2020\/11\/123225335_713555979252916_4074825698572783309_n-180x180.png\" alt='' title='123225335_713555979252916_4074825698572783309_n'  height=\"180\" width=\"180\"  itemprop=\"thumbnailUrl\" srcset=\"https:\/\/veteraanienperinto.fi\/wp-content\/uploads\/2020\/11\/123225335_713555979252916_4074825698572783309_n-180x180.png 180w, https:\/\/veteraanienperinto.fi\/wp-content\/uploads\/2020\/11\/123225335_713555979252916_4074825698572783309_n-300x300.png 300w, https:\/\/veteraanienperinto.fi\/wp-content\/uploads\/2020\/11\/123225335_713555979252916_4074825698572783309_n-80x80.png 80w, https:\/\/veteraanienperinto.fi\/wp-content\/uploads\/2020\/11\/123225335_713555979252916_4074825698572783309_n-36x36.png 36w, https:\/\/veteraanienperinto.fi\/wp-content\/uploads\/2020\/11\/123225335_713555979252916_4074825698572783309_n.png 419w\" sizes=\"(max-width: 180px) 100vw, 180px\" \/><\/a><\/div><\/div><\/div><br \/>\n<section  class='av_textblock_section av-kdsbghql-3654d9d4884834fe6a76ae332030ce9b '   itemscope=\"itemscope\" itemtype=\"https:\/\/schema.org\/CreativeWork\" ><div class='avia_textblock'  itemprop=\"text\" ><p style=\"text-align: center;\">Jatkosodan<br \/>\nmuistomitali<\/p>\n<\/div><\/section><\/p><\/div>\n<section  class='av_textblock_section av-kh3sujhk-b623857bd10297cd85eb9b7883e38321 '   itemscope=\"itemscope\" itemtype=\"https:\/\/schema.org\/CreativeWork\" ><div class='avia_textblock'  itemprop=\"text\" ><h3>SUOMEN SOTIEN 1939-1945<br \/>\nMUISTORISTIEN S\u00c4\u00c4NN\u00d6T, \u00a7:t 3-10<\/h3>\n<p>3 \u00a7<\/p>\n<p>Muistoristit antaa Suomen sotien I939-1945 muistoristitoimikunta, jona toimii Sotainvalidien Veljesliitto r.y:n johtokunta, kuultuaan asiassa v\u00e4hint\u00e4\u00e4n kahta asianomaisissa joukoissa palvellutta henkil\u00f6\u00e4 tai niiden valitsemia edustajia.<\/p>\n<p>4\u00a7<\/p>\n<p>Muistoristin on oikeutettu saamaan asianomaisiin joukkoihin kuulunut henkil\u00f6. Muistoristin saantiin \u00e4lk\u00f6\u00f6n kuitenkaan olko oikeutettu henkil\u00f6, joka sotien aikana on tehnyt itsens\u00e4 syyp\u00e4\u00e4ksi t\u00f6rke\u00e4\u00e4n sotilaan kunniaa loukkaavaan tekoon. jos t\u00e4llainen henkil\u00f6 kuitenkin on eritt\u00e4in ansiokkaasti osallistunut sotatoimiin vihollisen tulen alaisena, voidaan h\u00e4net katsoa oikeutetuksi saamaan muistoristi.<\/p>\n<p>5 \u00a7.<\/p>\n<p>Muistoristin mukana annetaan omistuskirja.<\/p>\n<p>6 \u00a7.<\/p>\n<p>Muistoristi\u00e4 kannetaan rintaan, sen vasemmalle puolelle kiinnitetyss\u00e4 nauhassa kunniamerkkien j\u00e4ljess\u00e4, talvisodan aikaisesta toiminnasta saatu risti ennen jatkosodasta saatua risti\u00e4. Samanaikaisesti saadaan kantaa vain yht\u00e4 talvisodan aikaisesta ja yht\u00e4 jatkosodan aikaisesta toiminnasta annettua muistoristi\u00e4.<\/p>\n<p>7\u00a7<\/p>\n<p>Henkil\u00f6ist\u00e4, joille muistoristi on annettu, tulee Suomen sotien 1939-1945 muistoristitoimikunnan pit\u00e4\u00e4 luetteloa tai kortistoa, johon merkit\u00e4\u00e4n ristinsaajien arvo tai ammatti, t\u00e4ydellinen nimi, syntym\u00e4aika ja\u00a0-paikka sek\u00e4 joukko-osasto, jossa t\u00e4m\u00e4 on sodan aikana palvellut.<\/p>\n<p>8 \u00a7<\/p>\n<p>Muistoristin kustannukset on asianomaisten itse suoritettava<\/p>\n<p>9 \u00a7<\/p>\n<p>Suomen sotien 1939-1945 muistoristitoimikunnan harkinnan mukaan voidaan katsoa edell\u00e4 mainitut jo aikaisemmin jaetut muistoristit annetuiksi n\u00e4iden s\u00e4\u00e4nt\u00f6jen mukaisesti,<\/p>\n<p>10 \u00a7<\/p>\n<p>Tarkemmat m\u00e4\u00e4r\u00e4ykset antaa puolustusministeri\u00f6 Suomen sotien 1939-1945 muistoristitoimikunnan esityksest\u00e4.<\/p>\n<\/div><\/section>\n","protected":false},"excerpt":{"rendered":"","protected":false},"author":1,"featured_media":0,"parent":29,"menu_order":9,"comment_status":"closed","ping_status":"closed","template":"","meta":{"footnotes":""},"class_list":["post-115","page","type-page","status-publish","hentry"],"yoast_head":"<!-- This site is optimized with the Yoast SEO plugin v27.5 - https:\/\/yoast.com\/product\/yoast-seo-wordpress\/ -->\n<title>Muistoristit ja -mitalit - Veteraanien Perint\u00f6<\/title>\n<meta name=\"robots\" content=\"index, follow, max-snippet:-1, max-image-preview:large, max-video-preview:-1\" \/>\n<link rel=\"canonical\" href=\"https:\/\/veteraanienperinto.fi\/index.php\/tietopankit\/muistoristit\/\" \/>\n<meta property=\"og:locale\" content=\"fi_FI\" \/>\n<meta property=\"og:type\" content=\"article\" \/>\n<meta property=\"og:title\" content=\"Muistoristit ja -mitalit - Veteraanien Perint\u00f6\" \/>\n<meta property=\"og:url\" content=\"https:\/\/veteraanienperinto.fi\/index.php\/tietopankit\/muistoristit\/\" \/>\n<meta property=\"og:site_name\" content=\"Veteraanien Perint\u00f6\" \/>\n<meta property=\"article:modified_time\" content=\"2020-11-05T09:38:03+00:00\" \/>\n<meta name=\"twitter:card\" content=\"summary_large_image\" \/>\n<meta name=\"twitter:label1\" content=\"Arvioitu lukuaika\" \/>\n\t<meta name=\"twitter:data1\" content=\"5 minuuttia\" \/>\n<script type=\"application\/ld+json\" class=\"yoast-schema-graph\">{\"@context\":\"https:\\\/\\\/schema.org\",\"@graph\":[{\"@type\":\"WebPage\",\"@id\":\"https:\\\/\\\/veteraanienperinto.fi\\\/index.php\\\/tietopankit\\\/muistoristit\\\/\",\"url\":\"https:\\\/\\\/veteraanienperinto.fi\\\/index.php\\\/tietopankit\\\/muistoristit\\\/\",\"name\":\"Muistoristit ja -mitalit - Veteraanien Perint\u00f6\",\"isPartOf\":{\"@id\":\"https:\\\/\\\/veteraanienperinto.fi\\\/#website\"},\"datePublished\":\"2020-08-13T08:19:05+00:00\",\"dateModified\":\"2020-11-05T09:38:03+00:00\",\"breadcrumb\":{\"@id\":\"https:\\\/\\\/veteraanienperinto.fi\\\/index.php\\\/tietopankit\\\/muistoristit\\\/#breadcrumb\"},\"inLanguage\":\"fi\",\"potentialAction\":[{\"@type\":\"ReadAction\",\"target\":[\"https:\\\/\\\/veteraanienperinto.fi\\\/index.php\\\/tietopankit\\\/muistoristit\\\/\"]}]},{\"@type\":\"BreadcrumbList\",\"@id\":\"https:\\\/\\\/veteraanienperinto.fi\\\/index.php\\\/tietopankit\\\/muistoristit\\\/#breadcrumb\",\"itemListElement\":[{\"@type\":\"ListItem\",\"position\":1,\"name\":\"Etusivu\",\"item\":\"https:\\\/\\\/veteraanienperinto.fi\\\/index.php\\\/etusivu-2\\\/\"},{\"@type\":\"ListItem\",\"position\":2,\"name\":\"Tietopankit\",\"item\":\"https:\\\/\\\/veteraanienperinto.fi\\\/index.php\\\/tietopankit\\\/\"},{\"@type\":\"ListItem\",\"position\":3,\"name\":\"Muistoristit ja -mitalit\"}]},{\"@type\":\"WebSite\",\"@id\":\"https:\\\/\\\/veteraanienperinto.fi\\\/#website\",\"url\":\"https:\\\/\\\/veteraanienperinto.fi\\\/\",\"name\":\"Veteraanien Perint\u00f6\",\"description\":\"Kadettikunta\",\"potentialAction\":[{\"@type\":\"SearchAction\",\"target\":{\"@type\":\"EntryPoint\",\"urlTemplate\":\"https:\\\/\\\/veteraanienperinto.fi\\\/?s={search_term_string}\"},\"query-input\":{\"@type\":\"PropertyValueSpecification\",\"valueRequired\":true,\"valueName\":\"search_term_string\"}}],\"inLanguage\":\"fi\"}]}<\/script>\n<!-- \/ Yoast SEO plugin. -->","yoast_head_json":{"title":"Muistoristit ja -mitalit - Veteraanien Perint\u00f6","robots":{"index":"index","follow":"follow","max-snippet":"max-snippet:-1","max-image-preview":"max-image-preview:large","max-video-preview":"max-video-preview:-1"},"canonical":"https:\/\/veteraanienperinto.fi\/index.php\/tietopankit\/muistoristit\/","og_locale":"fi_FI","og_type":"article","og_title":"Muistoristit ja -mitalit - Veteraanien Perint\u00f6","og_url":"https:\/\/veteraanienperinto.fi\/index.php\/tietopankit\/muistoristit\/","og_site_name":"Veteraanien Perint\u00f6","article_modified_time":"2020-11-05T09:38:03+00:00","twitter_card":"summary_large_image","twitter_misc":{"Arvioitu lukuaika":"5 minuuttia"},"schema":{"@context":"https:\/\/schema.org","@graph":[{"@type":"WebPage","@id":"https:\/\/veteraanienperinto.fi\/index.php\/tietopankit\/muistoristit\/","url":"https:\/\/veteraanienperinto.fi\/index.php\/tietopankit\/muistoristit\/","name":"Muistoristit ja -mitalit - Veteraanien Perint\u00f6","isPartOf":{"@id":"https:\/\/veteraanienperinto.fi\/#website"},"datePublished":"2020-08-13T08:19:05+00:00","dateModified":"2020-11-05T09:38:03+00:00","breadcrumb":{"@id":"https:\/\/veteraanienperinto.fi\/index.php\/tietopankit\/muistoristit\/#breadcrumb"},"inLanguage":"fi","potentialAction":[{"@type":"ReadAction","target":["https:\/\/veteraanienperinto.fi\/index.php\/tietopankit\/muistoristit\/"]}]},{"@type":"BreadcrumbList","@id":"https:\/\/veteraanienperinto.fi\/index.php\/tietopankit\/muistoristit\/#breadcrumb","itemListElement":[{"@type":"ListItem","position":1,"name":"Etusivu","item":"https:\/\/veteraanienperinto.fi\/index.php\/etusivu-2\/"},{"@type":"ListItem","position":2,"name":"Tietopankit","item":"https:\/\/veteraanienperinto.fi\/index.php\/tietopankit\/"},{"@type":"ListItem","position":3,"name":"Muistoristit ja -mitalit"}]},{"@type":"WebSite","@id":"https:\/\/veteraanienperinto.fi\/#website","url":"https:\/\/veteraanienperinto.fi\/","name":"Veteraanien Perint\u00f6","description":"Kadettikunta","potentialAction":[{"@type":"SearchAction","target":{"@type":"EntryPoint","urlTemplate":"https:\/\/veteraanienperinto.fi\/?s={search_term_string}"},"query-input":{"@type":"PropertyValueSpecification","valueRequired":true,"valueName":"search_term_string"}}],"inLanguage":"fi"}]}},"_links":{"self":[{"href":"https:\/\/veteraanienperinto.fi\/index.php\/wp-json\/wp\/v2\/pages\/115","targetHints":{"allow":["GET"]}}],"collection":[{"href":"https:\/\/veteraanienperinto.fi\/index.php\/wp-json\/wp\/v2\/pages"}],"about":[{"href":"https:\/\/veteraanienperinto.fi\/index.php\/wp-json\/wp\/v2\/types\/page"}],"author":[{"embeddable":true,"href":"https:\/\/veteraanienperinto.fi\/index.php\/wp-json\/wp\/v2\/users\/1"}],"replies":[{"embeddable":true,"href":"https:\/\/veteraanienperinto.fi\/index.php\/wp-json\/wp\/v2\/comments?post=115"}],"version-history":[{"count":12,"href":"https:\/\/veteraanienperinto.fi\/index.php\/wp-json\/wp\/v2\/pages\/115\/revisions"}],"predecessor-version":[{"id":6603,"href":"https:\/\/veteraanienperinto.fi\/index.php\/wp-json\/wp\/v2\/pages\/115\/revisions\/6603"}],"up":[{"embeddable":true,"href":"https:\/\/veteraanienperinto.fi\/index.php\/wp-json\/wp\/v2\/pages\/29"}],"wp:attachment":[{"href":"https:\/\/veteraanienperinto.fi\/index.php\/wp-json\/wp\/v2\/media?parent=115"}],"curies":[{"name":"wp","href":"https:\/\/api.w.org\/{rel}","templated":true}]}}