{"id":1163,"date":"2020-08-30T09:08:25","date_gmt":"2020-08-30T09:08:25","guid":{"rendered":"https:\/\/veteraani.ylirotu.fi\/?page_id=1163"},"modified":"2021-01-26T14:48:57","modified_gmt":"2021-01-26T14:48:57","slug":"vapaussota-kansalaissota","status":"publish","type":"page","link":"https:\/\/veteraanienperinto.fi\/index.php\/tietopankit\/1900-luvun-alku\/vapaussota-kansalaissota\/","title":{"rendered":"Vapaussota &#8211; Kansalaissota"},"content":{"rendered":"<div id='full_slider_1'  class='avia-fullwidth-slider main_color avia-shadow   avia-builder-el-0  el_before_av_heading  avia-builder-el-first   container_wrap sidebar_right'  ><\/div><div id='after_full_slider_1'  class='main_color av_default_container_wrap container_wrap sidebar_right'  ><div class='container av-section-cont-open' ><div class='template-page content  av-content-small alpha units'><div class='post-entry post-entry-type-page post-entry-1163'><div class='entry-content-wrapper clearfix'>\n\n<style type=\"text\/css\" data-created_by=\"avia_inline_auto\" id=\"style-css-av-kke47rk3-cb864732c7d45636f3979c31fda5bd82\">\n#top .av-special-heading.av-kke47rk3-cb864732c7d45636f3979c31fda5bd82{\npadding-bottom:10px;\n}\nbody .av-special-heading.av-kke47rk3-cb864732c7d45636f3979c31fda5bd82 .av-special-heading-tag .heading-char{\nfont-size:25px;\n}\n.av-special-heading.av-kke47rk3-cb864732c7d45636f3979c31fda5bd82 .av-subheading{\nfont-size:15px;\n}\n<\/style>\n<div  class='av-special-heading av-kke47rk3-cb864732c7d45636f3979c31fda5bd82 av-special-heading-h2  avia-builder-el-1  el_after_av_slideshow_full  el_before_av_textblock  avia-builder-el-first '><h2 class='av-special-heading-tag'  itemprop=\"headline\"  >Vapaussota &#8211; Kansalaissota<\/h2><div class=\"special-heading-border\"><div class=\"special-heading-inner-border\"><\/div><\/div><\/div>\n<section  class='av_textblock_section av-kefqpeto-96150fd686b3e891ef6b5d96efb168c2 '   itemscope=\"itemscope\" itemtype=\"https:\/\/schema.org\/CreativeWork\" ><div class='avia_textblock'  itemprop=\"text\" ><p><strong>Sotatoimet<\/strong><\/p>\n<p>Suomen eduskunnan julistettua maan itsen\u00e4iseksi kutsuttiin tasavallan armeijan ylip\u00e4\u00e4llik\u00f6ksi ratsuv\u00e4enkenraali C G Mannerheim. K\u00e4yt\u00f6ss\u00e4 oli aluksi yksinomaan suojeluskuntajoukkoja. Vaasassa olevan laillisen hallituksen joukot aloittivat maassa viel\u00e4 olevien ven\u00e4l\u00e4isten joukkojen aseistariisumisen. Alkoi vapaussota. Yhteiskunnallinen tilanne oli maassa kuohuva ja se johti kansalaissodan syttymiseen punaisen kansanvaltuuskunnan ja sen joukkojen otettua vallan Etel\u00e4-Suomessa<\/p>\n<p>Suomessa k\u00e4ytiin tammikuun lopulta vapun tienoille 1918 samanaikaisesti sek\u00e4 vapaussotaa ett\u00e4 kansalaissotaa. Punaisten puolella sotatoimiin osallistui vallankumouksellisia ven\u00e4l\u00e4isi\u00e4 joukkoja ja valkoisten, siis hallituksen, puolella maahan kutsuttuja saksalaisia joukkoja. Erityisesti Tampereen ja Viipurin taistelut olivat verisi\u00e4. Hallituksen joukot saivat lopulta voiton ja laillisen hallituksen ylip\u00e4\u00e4llikk\u00f6 kenraali Mannerheim saapui 16.5.1918 Helsinkiin. Sota oli p\u00e4\u00e4ttynyt.<\/p>\n<p><strong>Sodan seuraukset<\/strong><\/p>\n<p>Sota vaati taisteluissa noin 7 000 uhria, erilaisissa v\u00e4kivaltaisuuksissa kuoli noin 11 000 henkil\u00f6\u00e4 ja sodan j\u00e4lkeen vankileireill\u00e4 menehtyi noin 12 000 henkil\u00f6\u00e4. Uhrien kokonaism\u00e4\u00e4r\u00e4, yli 30 000, oli pienelle kansalle hyvin raskas. Sodanaikaiset v\u00e4kivallanteot puolin ja toisin sek\u00e4 sodan j\u00e4lkeen kapinallisille langetetut tuomiot her\u00e4ttiv\u00e4t vihaa ja katkeruutta. Osa punaisista pakeni Neuvosto-Ven\u00e4j\u00e4lle, jossa er\u00e4\u00e4t heist\u00e4 valmistelivat uutta vallankumousta Suomessa.<\/p>\n<p>Vaikka sotatilaa Suomen ja Neuvosto-Ven\u00e4j\u00e4n v\u00e4lill\u00e4 ei ollut julistettu, katsottiin valtioiden olevan tosiasiallisesti sodassa kesken\u00e4\u00e4n. Sotatila p\u00e4\u00e4ttyi lokakuussa 1920 solmittuun Tarton rauhansopimukseen.<\/p>\n<p>Viime sotiemme vanhimmista veteraaneista oli moni osallistunut jo vuoden 1918 vapaussota-kansalaissotaan joko valkoisella tai punaisella puolella. Talvisodassa yhteishenki, &#8221;Talvisodan henki&#8221;, peitti korvasi vanhat erimielisyydet.<\/p>\n<\/div><\/section>\n","protected":false},"excerpt":{"rendered":"","protected":false},"author":1,"featured_media":0,"parent":707,"menu_order":6,"comment_status":"closed","ping_status":"closed","template":"","meta":{"footnotes":""},"class_list":["post-1163","page","type-page","status-publish","hentry"],"yoast_head":"<!-- This site is optimized with the Yoast SEO plugin v27.4 - https:\/\/yoast.com\/product\/yoast-seo-wordpress\/ -->\n<title>Vapaussota - Kansalaissota - Veteraanien Perint\u00f6<\/title>\n<meta name=\"robots\" content=\"index, follow, max-snippet:-1, max-image-preview:large, max-video-preview:-1\" \/>\n<link rel=\"canonical\" href=\"https:\/\/veteraanienperinto.fi\/index.php\/tietopankit\/1900-luvun-alku\/vapaussota-kansalaissota\/\" \/>\n<meta property=\"og:locale\" content=\"fi_FI\" \/>\n<meta property=\"og:type\" content=\"article\" \/>\n<meta property=\"og:title\" content=\"Vapaussota - Kansalaissota - Veteraanien Perint\u00f6\" \/>\n<meta property=\"og:url\" content=\"https:\/\/veteraanienperinto.fi\/index.php\/tietopankit\/1900-luvun-alku\/vapaussota-kansalaissota\/\" \/>\n<meta property=\"og:site_name\" content=\"Veteraanien Perint\u00f6\" \/>\n<meta property=\"article:modified_time\" content=\"2021-01-26T14:48:57+00:00\" \/>\n<meta name=\"twitter:card\" content=\"summary_large_image\" \/>\n<meta name=\"twitter:label1\" content=\"Arvioitu lukuaika\" \/>\n\t<meta name=\"twitter:data1\" content=\"2 minuuttia\" \/>\n<script type=\"application\/ld+json\" class=\"yoast-schema-graph\">{\"@context\":\"https:\\\/\\\/schema.org\",\"@graph\":[{\"@type\":\"WebPage\",\"@id\":\"https:\\\/\\\/veteraanienperinto.fi\\\/index.php\\\/tietopankit\\\/1900-luvun-alku\\\/vapaussota-kansalaissota\\\/\",\"url\":\"https:\\\/\\\/veteraanienperinto.fi\\\/index.php\\\/tietopankit\\\/1900-luvun-alku\\\/vapaussota-kansalaissota\\\/\",\"name\":\"Vapaussota - Kansalaissota - Veteraanien Perint\u00f6\",\"isPartOf\":{\"@id\":\"https:\\\/\\\/veteraanienperinto.fi\\\/#website\"},\"datePublished\":\"2020-08-30T09:08:25+00:00\",\"dateModified\":\"2021-01-26T14:48:57+00:00\",\"breadcrumb\":{\"@id\":\"https:\\\/\\\/veteraanienperinto.fi\\\/index.php\\\/tietopankit\\\/1900-luvun-alku\\\/vapaussota-kansalaissota\\\/#breadcrumb\"},\"inLanguage\":\"fi\",\"potentialAction\":[{\"@type\":\"ReadAction\",\"target\":[\"https:\\\/\\\/veteraanienperinto.fi\\\/index.php\\\/tietopankit\\\/1900-luvun-alku\\\/vapaussota-kansalaissota\\\/\"]}]},{\"@type\":\"BreadcrumbList\",\"@id\":\"https:\\\/\\\/veteraanienperinto.fi\\\/index.php\\\/tietopankit\\\/1900-luvun-alku\\\/vapaussota-kansalaissota\\\/#breadcrumb\",\"itemListElement\":[{\"@type\":\"ListItem\",\"position\":1,\"name\":\"Etusivu\",\"item\":\"https:\\\/\\\/veteraanienperinto.fi\\\/index.php\\\/etusivu-2\\\/\"},{\"@type\":\"ListItem\",\"position\":2,\"name\":\"Tietopankit\",\"item\":\"https:\\\/\\\/veteraanienperinto.fi\\\/index.php\\\/tietopankit\\\/\"},{\"@type\":\"ListItem\",\"position\":3,\"name\":\"1900-luvun alku\",\"item\":\"https:\\\/\\\/veteraanienperinto.fi\\\/index.php\\\/tietopankit\\\/1900-luvun-alku\\\/\"},{\"@type\":\"ListItem\",\"position\":4,\"name\":\"Vapaussota &#8211; Kansalaissota\"}]},{\"@type\":\"WebSite\",\"@id\":\"https:\\\/\\\/veteraanienperinto.fi\\\/#website\",\"url\":\"https:\\\/\\\/veteraanienperinto.fi\\\/\",\"name\":\"Veteraanien Perint\u00f6\",\"description\":\"Kadettikunta\",\"potentialAction\":[{\"@type\":\"SearchAction\",\"target\":{\"@type\":\"EntryPoint\",\"urlTemplate\":\"https:\\\/\\\/veteraanienperinto.fi\\\/?s={search_term_string}\"},\"query-input\":{\"@type\":\"PropertyValueSpecification\",\"valueRequired\":true,\"valueName\":\"search_term_string\"}}],\"inLanguage\":\"fi\"}]}<\/script>\n<!-- \/ Yoast SEO plugin. -->","yoast_head_json":{"title":"Vapaussota - Kansalaissota - Veteraanien Perint\u00f6","robots":{"index":"index","follow":"follow","max-snippet":"max-snippet:-1","max-image-preview":"max-image-preview:large","max-video-preview":"max-video-preview:-1"},"canonical":"https:\/\/veteraanienperinto.fi\/index.php\/tietopankit\/1900-luvun-alku\/vapaussota-kansalaissota\/","og_locale":"fi_FI","og_type":"article","og_title":"Vapaussota - Kansalaissota - Veteraanien Perint\u00f6","og_url":"https:\/\/veteraanienperinto.fi\/index.php\/tietopankit\/1900-luvun-alku\/vapaussota-kansalaissota\/","og_site_name":"Veteraanien Perint\u00f6","article_modified_time":"2021-01-26T14:48:57+00:00","twitter_card":"summary_large_image","twitter_misc":{"Arvioitu lukuaika":"2 minuuttia"},"schema":{"@context":"https:\/\/schema.org","@graph":[{"@type":"WebPage","@id":"https:\/\/veteraanienperinto.fi\/index.php\/tietopankit\/1900-luvun-alku\/vapaussota-kansalaissota\/","url":"https:\/\/veteraanienperinto.fi\/index.php\/tietopankit\/1900-luvun-alku\/vapaussota-kansalaissota\/","name":"Vapaussota - Kansalaissota - Veteraanien Perint\u00f6","isPartOf":{"@id":"https:\/\/veteraanienperinto.fi\/#website"},"datePublished":"2020-08-30T09:08:25+00:00","dateModified":"2021-01-26T14:48:57+00:00","breadcrumb":{"@id":"https:\/\/veteraanienperinto.fi\/index.php\/tietopankit\/1900-luvun-alku\/vapaussota-kansalaissota\/#breadcrumb"},"inLanguage":"fi","potentialAction":[{"@type":"ReadAction","target":["https:\/\/veteraanienperinto.fi\/index.php\/tietopankit\/1900-luvun-alku\/vapaussota-kansalaissota\/"]}]},{"@type":"BreadcrumbList","@id":"https:\/\/veteraanienperinto.fi\/index.php\/tietopankit\/1900-luvun-alku\/vapaussota-kansalaissota\/#breadcrumb","itemListElement":[{"@type":"ListItem","position":1,"name":"Etusivu","item":"https:\/\/veteraanienperinto.fi\/index.php\/etusivu-2\/"},{"@type":"ListItem","position":2,"name":"Tietopankit","item":"https:\/\/veteraanienperinto.fi\/index.php\/tietopankit\/"},{"@type":"ListItem","position":3,"name":"1900-luvun alku","item":"https:\/\/veteraanienperinto.fi\/index.php\/tietopankit\/1900-luvun-alku\/"},{"@type":"ListItem","position":4,"name":"Vapaussota &#8211; Kansalaissota"}]},{"@type":"WebSite","@id":"https:\/\/veteraanienperinto.fi\/#website","url":"https:\/\/veteraanienperinto.fi\/","name":"Veteraanien Perint\u00f6","description":"Kadettikunta","potentialAction":[{"@type":"SearchAction","target":{"@type":"EntryPoint","urlTemplate":"https:\/\/veteraanienperinto.fi\/?s={search_term_string}"},"query-input":{"@type":"PropertyValueSpecification","valueRequired":true,"valueName":"search_term_string"}}],"inLanguage":"fi"}]}},"_links":{"self":[{"href":"https:\/\/veteraanienperinto.fi\/index.php\/wp-json\/wp\/v2\/pages\/1163","targetHints":{"allow":["GET"]}}],"collection":[{"href":"https:\/\/veteraanienperinto.fi\/index.php\/wp-json\/wp\/v2\/pages"}],"about":[{"href":"https:\/\/veteraanienperinto.fi\/index.php\/wp-json\/wp\/v2\/types\/page"}],"author":[{"embeddable":true,"href":"https:\/\/veteraanienperinto.fi\/index.php\/wp-json\/wp\/v2\/users\/1"}],"replies":[{"embeddable":true,"href":"https:\/\/veteraanienperinto.fi\/index.php\/wp-json\/wp\/v2\/comments?post=1163"}],"version-history":[{"count":5,"href":"https:\/\/veteraanienperinto.fi\/index.php\/wp-json\/wp\/v2\/pages\/1163\/revisions"}],"predecessor-version":[{"id":10647,"href":"https:\/\/veteraanienperinto.fi\/index.php\/wp-json\/wp\/v2\/pages\/1163\/revisions\/10647"}],"up":[{"embeddable":true,"href":"https:\/\/veteraanienperinto.fi\/index.php\/wp-json\/wp\/v2\/pages\/707"}],"wp:attachment":[{"href":"https:\/\/veteraanienperinto.fi\/index.php\/wp-json\/wp\/v2\/media?parent=1163"}],"curies":[{"name":"wp","href":"https:\/\/api.w.org\/{rel}","templated":true}]}}