{"id":1327,"date":"2020-08-30T11:18:39","date_gmt":"2020-08-30T11:18:39","guid":{"rendered":"https:\/\/veteraani.ylirotu.fi\/?page_id=1327"},"modified":"2021-01-26T18:44:14","modified_gmt":"2021-01-26T18:44:14","slug":"sotilaskoulutus","status":"publish","type":"page","link":"https:\/\/veteraanienperinto.fi\/index.php\/talvisota-etusivu\/taustat\/puolustusvalmiuden-kehittaminen\/sotilaskoulutus\/","title":{"rendered":"Sotilaskoulutus"},"content":{"rendered":"<div id='full_slider_1'  class='avia-fullwidth-slider main_color avia-shadow   avia-builder-el-0  el_before_av_heading  avia-builder-el-first   container_wrap sidebar_right'  ><\/div><div id='after_full_slider_1'  class='main_color av_default_container_wrap container_wrap sidebar_right'  ><div class='container av-section-cont-open' ><div class='template-page content  av-content-small alpha units'><div class='post-entry post-entry-type-page post-entry-1327'><div class='entry-content-wrapper clearfix'>\n\n<style type=\"text\/css\" data-created_by=\"avia_inline_auto\" id=\"style-css-av-kkecmd02-6bbe4dabe21b09f2b8245b71563a9748\">\n#top .av-special-heading.av-kkecmd02-6bbe4dabe21b09f2b8245b71563a9748{\npadding-bottom:10px;\n}\nbody .av-special-heading.av-kkecmd02-6bbe4dabe21b09f2b8245b71563a9748 .av-special-heading-tag .heading-char{\nfont-size:25px;\n}\n.av-special-heading.av-kkecmd02-6bbe4dabe21b09f2b8245b71563a9748 .av-subheading{\nfont-size:15px;\n}\n<\/style>\n<div  class='av-special-heading av-kkecmd02-6bbe4dabe21b09f2b8245b71563a9748 av-special-heading-h3  avia-builder-el-1  el_after_av_slideshow_full  el_before_av_textblock  avia-builder-el-first '><h3 class='av-special-heading-tag'  itemprop=\"headline\"  >Sotilaskoulutus<\/h3><div class=\"special-heading-border\"><div class=\"special-heading-inner-border\"><\/div><\/div><\/div>\n<section  class='av_textblock_section av-2xqm27-948f129c2ccc4034632b79ff2666c0bf '   itemscope=\"itemscope\" itemtype=\"https:\/\/schema.org\/CreativeWork\" ><div class='avia_textblock'  itemprop=\"text\" ><p>V\u00e4liaikainen asevelvollisuuslaki astui voimaan vuonna 1919. Palvelusajaksi m\u00e4\u00e4r\u00e4ttiin puolitoista vuotta. Vuosina 1922 ja 1932 s\u00e4\u00e4dettiin uudet asevelvollisuuslait, joiden mukaan palvelusaika oli 350 tai 440 p\u00e4iv\u00e4\u00e4. Kertausharjoitukset m\u00e4\u00e4r\u00e4ttiin pakollisiksi. Vuosina 1919-1939 koulutettiin 509 000 varusmiest\u00e4, mutta osittain s\u00e4\u00e4st\u00e4v\u00e4isyyssyist\u00e4 noin 110 000 asevelvollista j\u00e4tettiin kouluttamatta l\u00e4hinn\u00e4 v\u00e4h\u00e4isiin terveydellisiin syihin nojautuen. Heist\u00e4 todettiin talvisodan aikana uusintatarkastuksissa yli 70 000 palveluskelpoisiksi. Kertausharjoituksissa koulutettiin 1930-luvulla noin 180 000 miest\u00e4, joten yli puolet kentt\u00e4armeijasta oli saanut kertausharjoituskoulutuksen.<\/p>\n<p>Varusmieskoulutuksessa saavutettiin verrattain hyvi\u00e4 tuloksia huolimatta siit\u00e4, ett\u00e4 palvelusaika k\u00e4ytettiin suureksi osaksi muuhun kuin taistelu- ja ampuma-koulutukseen. Varusmiest\u00e4 kohden k\u00e4ytettiin s\u00e4\u00e4st\u00e4v\u00e4isyyssyist\u00e4 ampumakoulutuksessa l\u00e4hes talvisotaan asti vain 35 patruunaa, kun tarpeeksi oli laskettu 250 patruunaa. T\u00e4st\u00e4 johtuen ampumataidon kehitt\u00e4misess\u00e4 olikin maassamme suojeluskunnilla suuri merkitys. S\u00e4\u00e4st\u00e4v\u00e4isyyssyist\u00e4 johtuen voitiin suuria sotaharjoituksiakin j\u00e4rjest\u00e4\u00e4 vain kaksi, vuosina 1937 ja 1939. T\u00e4m\u00e4 n\u00e4kyi johtajien tottumattomuutena varsinkin suurempien joukkojen johtamisessa.<\/p>\n<p>Yleinen asevelvollisuus ja varusmiespalvelus loivat perustan armeijamme taistelukyvylle ja -hengelle. Nuorten, eri kansankerroksista per\u00e4isin olevien miesten tiet yhtyiv\u00e4t varusmiespalveluksessa. Yhteinen koulutus ja yhteiset kokemukset loivat aseveljeyden perustan ja kasvattivat maanpuolustustahtoa.<\/p>\n<\/div><\/section>\n","protected":false},"excerpt":{"rendered":"","protected":false},"author":1,"featured_media":0,"parent":747,"menu_order":0,"comment_status":"closed","ping_status":"closed","template":"","meta":{"footnotes":""},"class_list":["post-1327","page","type-page","status-publish","hentry"],"yoast_head":"<!-- This site is optimized with the Yoast SEO plugin v27.5 - https:\/\/yoast.com\/product\/yoast-seo-wordpress\/ -->\n<title>Sotilaskoulutus - Veteraanien Perint\u00f6<\/title>\n<meta name=\"robots\" content=\"index, follow, max-snippet:-1, max-image-preview:large, max-video-preview:-1\" \/>\n<link rel=\"canonical\" href=\"https:\/\/veteraanienperinto.fi\/index.php\/talvisota-etusivu\/taustat\/puolustusvalmiuden-kehittaminen\/sotilaskoulutus\/\" \/>\n<meta property=\"og:locale\" content=\"fi_FI\" \/>\n<meta property=\"og:type\" content=\"article\" \/>\n<meta property=\"og:title\" content=\"Sotilaskoulutus - Veteraanien Perint\u00f6\" \/>\n<meta property=\"og:url\" content=\"https:\/\/veteraanienperinto.fi\/index.php\/talvisota-etusivu\/taustat\/puolustusvalmiuden-kehittaminen\/sotilaskoulutus\/\" \/>\n<meta property=\"og:site_name\" content=\"Veteraanien Perint\u00f6\" \/>\n<meta property=\"article:modified_time\" content=\"2021-01-26T18:44:14+00:00\" \/>\n<meta name=\"twitter:card\" content=\"summary_large_image\" \/>\n<meta name=\"twitter:label1\" content=\"Arvioitu lukuaika\" \/>\n\t<meta name=\"twitter:data1\" content=\"2 minuuttia\" \/>\n<script type=\"application\/ld+json\" class=\"yoast-schema-graph\">{\"@context\":\"https:\\\/\\\/schema.org\",\"@graph\":[{\"@type\":\"WebPage\",\"@id\":\"https:\\\/\\\/veteraanienperinto.fi\\\/index.php\\\/talvisota-etusivu\\\/taustat\\\/puolustusvalmiuden-kehittaminen\\\/sotilaskoulutus\\\/\",\"url\":\"https:\\\/\\\/veteraanienperinto.fi\\\/index.php\\\/talvisota-etusivu\\\/taustat\\\/puolustusvalmiuden-kehittaminen\\\/sotilaskoulutus\\\/\",\"name\":\"Sotilaskoulutus - Veteraanien Perint\u00f6\",\"isPartOf\":{\"@id\":\"https:\\\/\\\/veteraanienperinto.fi\\\/#website\"},\"datePublished\":\"2020-08-30T11:18:39+00:00\",\"dateModified\":\"2021-01-26T18:44:14+00:00\",\"breadcrumb\":{\"@id\":\"https:\\\/\\\/veteraanienperinto.fi\\\/index.php\\\/talvisota-etusivu\\\/taustat\\\/puolustusvalmiuden-kehittaminen\\\/sotilaskoulutus\\\/#breadcrumb\"},\"inLanguage\":\"fi\",\"potentialAction\":[{\"@type\":\"ReadAction\",\"target\":[\"https:\\\/\\\/veteraanienperinto.fi\\\/index.php\\\/talvisota-etusivu\\\/taustat\\\/puolustusvalmiuden-kehittaminen\\\/sotilaskoulutus\\\/\"]}]},{\"@type\":\"BreadcrumbList\",\"@id\":\"https:\\\/\\\/veteraanienperinto.fi\\\/index.php\\\/talvisota-etusivu\\\/taustat\\\/puolustusvalmiuden-kehittaminen\\\/sotilaskoulutus\\\/#breadcrumb\",\"itemListElement\":[{\"@type\":\"ListItem\",\"position\":1,\"name\":\"Etusivu\",\"item\":\"https:\\\/\\\/veteraanienperinto.fi\\\/index.php\\\/etusivu-2\\\/\"},{\"@type\":\"ListItem\",\"position\":2,\"name\":\"Talvisota\",\"item\":\"https:\\\/\\\/veteraanienperinto.fi\\\/index.php\\\/talvisota-etusivu\\\/\"},{\"@type\":\"ListItem\",\"position\":3,\"name\":\"Talvisodan taustat\",\"item\":\"https:\\\/\\\/veteraanienperinto.fi\\\/index.php\\\/talvisota-etusivu\\\/taustat\\\/\"},{\"@type\":\"ListItem\",\"position\":4,\"name\":\"Puolustusvalmiuden kehitt\u00e4minen\",\"item\":\"https:\\\/\\\/veteraanienperinto.fi\\\/index.php\\\/talvisota-etusivu\\\/taustat\\\/puolustusvalmiuden-kehittaminen\\\/\"},{\"@type\":\"ListItem\",\"position\":5,\"name\":\"Sotilaskoulutus\"}]},{\"@type\":\"WebSite\",\"@id\":\"https:\\\/\\\/veteraanienperinto.fi\\\/#website\",\"url\":\"https:\\\/\\\/veteraanienperinto.fi\\\/\",\"name\":\"Veteraanien Perint\u00f6\",\"description\":\"Kadettikunta\",\"potentialAction\":[{\"@type\":\"SearchAction\",\"target\":{\"@type\":\"EntryPoint\",\"urlTemplate\":\"https:\\\/\\\/veteraanienperinto.fi\\\/?s={search_term_string}\"},\"query-input\":{\"@type\":\"PropertyValueSpecification\",\"valueRequired\":true,\"valueName\":\"search_term_string\"}}],\"inLanguage\":\"fi\"}]}<\/script>\n<!-- \/ Yoast SEO plugin. -->","yoast_head_json":{"title":"Sotilaskoulutus - Veteraanien Perint\u00f6","robots":{"index":"index","follow":"follow","max-snippet":"max-snippet:-1","max-image-preview":"max-image-preview:large","max-video-preview":"max-video-preview:-1"},"canonical":"https:\/\/veteraanienperinto.fi\/index.php\/talvisota-etusivu\/taustat\/puolustusvalmiuden-kehittaminen\/sotilaskoulutus\/","og_locale":"fi_FI","og_type":"article","og_title":"Sotilaskoulutus - Veteraanien Perint\u00f6","og_url":"https:\/\/veteraanienperinto.fi\/index.php\/talvisota-etusivu\/taustat\/puolustusvalmiuden-kehittaminen\/sotilaskoulutus\/","og_site_name":"Veteraanien Perint\u00f6","article_modified_time":"2021-01-26T18:44:14+00:00","twitter_card":"summary_large_image","twitter_misc":{"Arvioitu lukuaika":"2 minuuttia"},"schema":{"@context":"https:\/\/schema.org","@graph":[{"@type":"WebPage","@id":"https:\/\/veteraanienperinto.fi\/index.php\/talvisota-etusivu\/taustat\/puolustusvalmiuden-kehittaminen\/sotilaskoulutus\/","url":"https:\/\/veteraanienperinto.fi\/index.php\/talvisota-etusivu\/taustat\/puolustusvalmiuden-kehittaminen\/sotilaskoulutus\/","name":"Sotilaskoulutus - Veteraanien Perint\u00f6","isPartOf":{"@id":"https:\/\/veteraanienperinto.fi\/#website"},"datePublished":"2020-08-30T11:18:39+00:00","dateModified":"2021-01-26T18:44:14+00:00","breadcrumb":{"@id":"https:\/\/veteraanienperinto.fi\/index.php\/talvisota-etusivu\/taustat\/puolustusvalmiuden-kehittaminen\/sotilaskoulutus\/#breadcrumb"},"inLanguage":"fi","potentialAction":[{"@type":"ReadAction","target":["https:\/\/veteraanienperinto.fi\/index.php\/talvisota-etusivu\/taustat\/puolustusvalmiuden-kehittaminen\/sotilaskoulutus\/"]}]},{"@type":"BreadcrumbList","@id":"https:\/\/veteraanienperinto.fi\/index.php\/talvisota-etusivu\/taustat\/puolustusvalmiuden-kehittaminen\/sotilaskoulutus\/#breadcrumb","itemListElement":[{"@type":"ListItem","position":1,"name":"Etusivu","item":"https:\/\/veteraanienperinto.fi\/index.php\/etusivu-2\/"},{"@type":"ListItem","position":2,"name":"Talvisota","item":"https:\/\/veteraanienperinto.fi\/index.php\/talvisota-etusivu\/"},{"@type":"ListItem","position":3,"name":"Talvisodan taustat","item":"https:\/\/veteraanienperinto.fi\/index.php\/talvisota-etusivu\/taustat\/"},{"@type":"ListItem","position":4,"name":"Puolustusvalmiuden kehitt\u00e4minen","item":"https:\/\/veteraanienperinto.fi\/index.php\/talvisota-etusivu\/taustat\/puolustusvalmiuden-kehittaminen\/"},{"@type":"ListItem","position":5,"name":"Sotilaskoulutus"}]},{"@type":"WebSite","@id":"https:\/\/veteraanienperinto.fi\/#website","url":"https:\/\/veteraanienperinto.fi\/","name":"Veteraanien Perint\u00f6","description":"Kadettikunta","potentialAction":[{"@type":"SearchAction","target":{"@type":"EntryPoint","urlTemplate":"https:\/\/veteraanienperinto.fi\/?s={search_term_string}"},"query-input":{"@type":"PropertyValueSpecification","valueRequired":true,"valueName":"search_term_string"}}],"inLanguage":"fi"}]}},"_links":{"self":[{"href":"https:\/\/veteraanienperinto.fi\/index.php\/wp-json\/wp\/v2\/pages\/1327","targetHints":{"allow":["GET"]}}],"collection":[{"href":"https:\/\/veteraanienperinto.fi\/index.php\/wp-json\/wp\/v2\/pages"}],"about":[{"href":"https:\/\/veteraanienperinto.fi\/index.php\/wp-json\/wp\/v2\/types\/page"}],"author":[{"embeddable":true,"href":"https:\/\/veteraanienperinto.fi\/index.php\/wp-json\/wp\/v2\/users\/1"}],"replies":[{"embeddable":true,"href":"https:\/\/veteraanienperinto.fi\/index.php\/wp-json\/wp\/v2\/comments?post=1327"}],"version-history":[{"count":6,"href":"https:\/\/veteraanienperinto.fi\/index.php\/wp-json\/wp\/v2\/pages\/1327\/revisions"}],"predecessor-version":[{"id":10763,"href":"https:\/\/veteraanienperinto.fi\/index.php\/wp-json\/wp\/v2\/pages\/1327\/revisions\/10763"}],"up":[{"embeddable":true,"href":"https:\/\/veteraanienperinto.fi\/index.php\/wp-json\/wp\/v2\/pages\/747"}],"wp:attachment":[{"href":"https:\/\/veteraanienperinto.fi\/index.php\/wp-json\/wp\/v2\/media?parent=1327"}],"curies":[{"name":"wp","href":"https:\/\/api.w.org\/{rel}","templated":true}]}}