{"id":1351,"date":"2020-08-30T11:26:33","date_gmt":"2020-08-30T11:26:33","guid":{"rendered":"https:\/\/veteraani.ylirotu.fi\/?page_id=1351"},"modified":"2021-01-26T18:48:41","modified_gmt":"2021-01-26T18:48:41","slug":"sotilaskotiliitto","status":"publish","type":"page","link":"https:\/\/veteraanienperinto.fi\/index.php\/talvisota-etusivu\/taustat\/puolustusvalmiuden-kehittaminen\/sotilaskotiliitto\/","title":{"rendered":"Sotilaskotiliitto"},"content":{"rendered":"<div id='full_slider_1'  class='avia-fullwidth-slider main_color avia-shadow   avia-builder-el-0  el_before_av_heading  avia-builder-el-first   container_wrap sidebar_right'  ><div  class='avia-slideshow av-83v7r-f32906e2e7625a0fcc80cb623c21aaf0 avia-slideshow-featured av_slideshow_full avia-slide-slider av-slideshow-ui av-control-default av-slideshow-manual av-loop-once av-loop-manual-endless av-default-height-applied   avia-slideshow-1' data-slideshow-options=\"{&quot;animation&quot;:&quot;slide&quot;,&quot;autoplay&quot;:false,&quot;loop_autoplay&quot;:&quot;once&quot;,&quot;interval&quot;:5,&quot;loop_manual&quot;:&quot;manual-endless&quot;,&quot;autoplay_stopper&quot;:false,&quot;noNavigation&quot;:false,&quot;bg_slider&quot;:false,&quot;keep_padding&quot;:false,&quot;hoverpause&quot;:false,&quot;show_slide_delay&quot;:0}\"  itemprop=\"image\" itemscope=\"itemscope\" itemtype=\"https:\/\/schema.org\/ImageObject\" ><ul class='avia-slideshow-inner ' style='padding-bottom: 28.6%;'><li  class='avia-slideshow-slide av-83v7r-f32906e2e7625a0fcc80cb623c21aaf0__0  av-single-slide slide-1 slide-odd'><div data-rel='slideshow-1' class='avia-slide-wrap '   ><img decoding=\"async\" fetchpriority=\"high\" class=\"wp-image-3669 avia-img-lazy-loading-not-3669\"  src=\"https:\/\/veteraanienperinto.fi\/wp-content\/uploads\/2020\/09\/sotilaskoti_talvisota_001b.png\" width=\"1500\" height=\"429\" title='sotilaskoti_talvisota_001b' alt=''  itemprop=\"thumbnailUrl\" srcset=\"https:\/\/veteraanienperinto.fi\/wp-content\/uploads\/2020\/09\/sotilaskoti_talvisota_001b.png 1500w, https:\/\/veteraanienperinto.fi\/wp-content\/uploads\/2020\/09\/sotilaskoti_talvisota_001b-300x86.png 300w, https:\/\/veteraanienperinto.fi\/wp-content\/uploads\/2020\/09\/sotilaskoti_talvisota_001b-1030x295.png 1030w, https:\/\/veteraanienperinto.fi\/wp-content\/uploads\/2020\/09\/sotilaskoti_talvisota_001b-768x220.png 768w, https:\/\/veteraanienperinto.fi\/wp-content\/uploads\/2020\/09\/sotilaskoti_talvisota_001b-705x202.png 705w\" sizes=\"(max-width: 1500px) 100vw, 1500px\" \/><\/div><\/li><\/ul><\/div><\/div><div id='after_full_slider_1'  class='main_color av_default_container_wrap container_wrap sidebar_right'  ><div class='container av-section-cont-open' ><div class='template-page content  av-content-small alpha units'><div class='post-entry post-entry-type-page post-entry-1351'><div class='entry-content-wrapper clearfix'>\n\n<style type=\"text\/css\" data-created_by=\"avia_inline_auto\" id=\"style-css-av-kkecs2nd-ffe7335ba676b34b0cc9dff8bd7f28e2\">\n#top .av-special-heading.av-kkecs2nd-ffe7335ba676b34b0cc9dff8bd7f28e2{\npadding-bottom:10px;\n}\nbody .av-special-heading.av-kkecs2nd-ffe7335ba676b34b0cc9dff8bd7f28e2 .av-special-heading-tag .heading-char{\nfont-size:25px;\n}\n.av-special-heading.av-kkecs2nd-ffe7335ba676b34b0cc9dff8bd7f28e2 .av-subheading{\nfont-size:15px;\n}\n<\/style>\n<div  class='av-special-heading av-kkecs2nd-ffe7335ba676b34b0cc9dff8bd7f28e2 av-special-heading-h3  avia-builder-el-1  el_after_av_slideshow_full  el_before_av_textblock  avia-builder-el-first '><h3 class='av-special-heading-tag'  itemprop=\"headline\"  >Sotilaskotiliitto<\/h3><div class=\"special-heading-border\"><div class=\"special-heading-inner-border\"><\/div><\/div><\/div>\n<section  class='av_textblock_section av-35jltj-5eea266e6c5783da046b054ebb5c8ff9 '   itemscope=\"itemscope\" itemtype=\"https:\/\/schema.org\/CreativeWork\" ><div class='avia_textblock'  itemprop=\"text\" ><p>Sotilaskotiaate tuli Suomeen NMKY:n kautta Tanskasta ja j\u00e4\u00e4k\u00e4rien mukana Saksasta. Ensimm\u00e4inen sotilaskoti aloitti toimintansa Helsingiss\u00e4 huhtikuussa 1918 vapaussota- kansalaissodan aikana. Sotilaskotity\u00f6 laajeni sodan j\u00e4lkeen nopeasti. Suomen Sotilaskotiliitto perustettiin vuonna 1921. Liiton teht\u00e4v\u00e4n\u00e4 oli s\u00e4\u00e4nt\u00f6jen mukaan avustaa puolustus- ja rajavartiolaitosta yll\u00e4pit\u00e4m\u00e4ll\u00e4 niin rauhan kuin sodankin aikana sotilaskoteja sotilaiden viihtyisyyden edist\u00e4miseksi. Sotilaskotij\u00e4rjest\u00f6ss\u00e4 pidettiin 1920- ja 1930-luvuilla my\u00f6s kasvatusteht\u00e4v\u00e4\u00e4 keskeisen\u00e4.<\/p>\n<p>Sotilaskodit seurasivat joukkojen mukana sotaharjoituksiinkin\u00a0\u00a0 Ty\u00f6 oli luonteeltaan kristillis-is\u00e4nmaallista. Kasvatusteht\u00e4v\u00e4\u00e4n liittyiv\u00e4t sotilaskotien yhteyteen perustetut kirjastot. Liikkuva sotilaskotity\u00f6 sai my\u00f6s alkunsa 1930-luvulla. Autoilla liikkuvat sotilaskodit saattoivat nyt palvella entist\u00e4 paremmin sota- ja taisteluharjoituksissa toimivia joukkoja.<\/p>\n<p>Sotilaskotiliittoon kuului syyskuussa 1939 40 sotilaskotiyhdistyst\u00e4, 137 sotilaskotia ja noin 4000 j\u00e4sent\u00e4. Sotilaskodit sijaitsivat niin, ett\u00e4 ne saattoivat helposti palvella my\u00f6s liikekannallepanossa perustettuja joukkoja. Toimipaikkoja valmistauduttiin tarvittaessa lis\u00e4\u00e4m\u00e4\u00e4n ja viem\u00e4\u00e4n autoilla sotilaskodin palvelukset kentt\u00e4armeijankin ulottuville.<\/p>\n<\/div><\/section>\n","protected":false},"excerpt":{"rendered":"","protected":false},"author":1,"featured_media":0,"parent":747,"menu_order":8,"comment_status":"closed","ping_status":"closed","template":"","meta":{"footnotes":""},"class_list":["post-1351","page","type-page","status-publish","hentry"],"yoast_head":"<!-- This site is optimized with the Yoast SEO plugin v27.5 - https:\/\/yoast.com\/product\/yoast-seo-wordpress\/ -->\n<title>Sotilaskotiliitto - Veteraanien Perint\u00f6<\/title>\n<meta name=\"robots\" content=\"index, follow, max-snippet:-1, max-image-preview:large, max-video-preview:-1\" \/>\n<link rel=\"canonical\" href=\"https:\/\/veteraanienperinto.fi\/index.php\/talvisota-etusivu\/taustat\/puolustusvalmiuden-kehittaminen\/sotilaskotiliitto\/\" \/>\n<meta property=\"og:locale\" content=\"fi_FI\" \/>\n<meta property=\"og:type\" content=\"article\" \/>\n<meta property=\"og:title\" content=\"Sotilaskotiliitto - Veteraanien Perint\u00f6\" \/>\n<meta property=\"og:url\" content=\"https:\/\/veteraanienperinto.fi\/index.php\/talvisota-etusivu\/taustat\/puolustusvalmiuden-kehittaminen\/sotilaskotiliitto\/\" \/>\n<meta property=\"og:site_name\" content=\"Veteraanien Perint\u00f6\" \/>\n<meta property=\"article:modified_time\" content=\"2021-01-26T18:48:41+00:00\" \/>\n<meta name=\"twitter:card\" content=\"summary_large_image\" \/>\n<meta name=\"twitter:label1\" content=\"Arvioitu lukuaika\" \/>\n\t<meta name=\"twitter:data1\" content=\"2 minuuttia\" \/>\n<script type=\"application\/ld+json\" class=\"yoast-schema-graph\">{\"@context\":\"https:\\\/\\\/schema.org\",\"@graph\":[{\"@type\":\"WebPage\",\"@id\":\"https:\\\/\\\/veteraanienperinto.fi\\\/index.php\\\/talvisota-etusivu\\\/taustat\\\/puolustusvalmiuden-kehittaminen\\\/sotilaskotiliitto\\\/\",\"url\":\"https:\\\/\\\/veteraanienperinto.fi\\\/index.php\\\/talvisota-etusivu\\\/taustat\\\/puolustusvalmiuden-kehittaminen\\\/sotilaskotiliitto\\\/\",\"name\":\"Sotilaskotiliitto - Veteraanien Perint\u00f6\",\"isPartOf\":{\"@id\":\"https:\\\/\\\/veteraanienperinto.fi\\\/#website\"},\"datePublished\":\"2020-08-30T11:26:33+00:00\",\"dateModified\":\"2021-01-26T18:48:41+00:00\",\"breadcrumb\":{\"@id\":\"https:\\\/\\\/veteraanienperinto.fi\\\/index.php\\\/talvisota-etusivu\\\/taustat\\\/puolustusvalmiuden-kehittaminen\\\/sotilaskotiliitto\\\/#breadcrumb\"},\"inLanguage\":\"fi\",\"potentialAction\":[{\"@type\":\"ReadAction\",\"target\":[\"https:\\\/\\\/veteraanienperinto.fi\\\/index.php\\\/talvisota-etusivu\\\/taustat\\\/puolustusvalmiuden-kehittaminen\\\/sotilaskotiliitto\\\/\"]}]},{\"@type\":\"BreadcrumbList\",\"@id\":\"https:\\\/\\\/veteraanienperinto.fi\\\/index.php\\\/talvisota-etusivu\\\/taustat\\\/puolustusvalmiuden-kehittaminen\\\/sotilaskotiliitto\\\/#breadcrumb\",\"itemListElement\":[{\"@type\":\"ListItem\",\"position\":1,\"name\":\"Etusivu\",\"item\":\"https:\\\/\\\/veteraanienperinto.fi\\\/index.php\\\/etusivu-2\\\/\"},{\"@type\":\"ListItem\",\"position\":2,\"name\":\"Talvisota\",\"item\":\"https:\\\/\\\/veteraanienperinto.fi\\\/index.php\\\/talvisota-etusivu\\\/\"},{\"@type\":\"ListItem\",\"position\":3,\"name\":\"Talvisodan taustat\",\"item\":\"https:\\\/\\\/veteraanienperinto.fi\\\/index.php\\\/talvisota-etusivu\\\/taustat\\\/\"},{\"@type\":\"ListItem\",\"position\":4,\"name\":\"Puolustusvalmiuden kehitt\u00e4minen\",\"item\":\"https:\\\/\\\/veteraanienperinto.fi\\\/index.php\\\/talvisota-etusivu\\\/taustat\\\/puolustusvalmiuden-kehittaminen\\\/\"},{\"@type\":\"ListItem\",\"position\":5,\"name\":\"Sotilaskotiliitto\"}]},{\"@type\":\"WebSite\",\"@id\":\"https:\\\/\\\/veteraanienperinto.fi\\\/#website\",\"url\":\"https:\\\/\\\/veteraanienperinto.fi\\\/\",\"name\":\"Veteraanien Perint\u00f6\",\"description\":\"Kadettikunta\",\"potentialAction\":[{\"@type\":\"SearchAction\",\"target\":{\"@type\":\"EntryPoint\",\"urlTemplate\":\"https:\\\/\\\/veteraanienperinto.fi\\\/?s={search_term_string}\"},\"query-input\":{\"@type\":\"PropertyValueSpecification\",\"valueRequired\":true,\"valueName\":\"search_term_string\"}}],\"inLanguage\":\"fi\"}]}<\/script>\n<!-- \/ Yoast SEO plugin. -->","yoast_head_json":{"title":"Sotilaskotiliitto - Veteraanien Perint\u00f6","robots":{"index":"index","follow":"follow","max-snippet":"max-snippet:-1","max-image-preview":"max-image-preview:large","max-video-preview":"max-video-preview:-1"},"canonical":"https:\/\/veteraanienperinto.fi\/index.php\/talvisota-etusivu\/taustat\/puolustusvalmiuden-kehittaminen\/sotilaskotiliitto\/","og_locale":"fi_FI","og_type":"article","og_title":"Sotilaskotiliitto - Veteraanien Perint\u00f6","og_url":"https:\/\/veteraanienperinto.fi\/index.php\/talvisota-etusivu\/taustat\/puolustusvalmiuden-kehittaminen\/sotilaskotiliitto\/","og_site_name":"Veteraanien Perint\u00f6","article_modified_time":"2021-01-26T18:48:41+00:00","twitter_card":"summary_large_image","twitter_misc":{"Arvioitu lukuaika":"2 minuuttia"},"schema":{"@context":"https:\/\/schema.org","@graph":[{"@type":"WebPage","@id":"https:\/\/veteraanienperinto.fi\/index.php\/talvisota-etusivu\/taustat\/puolustusvalmiuden-kehittaminen\/sotilaskotiliitto\/","url":"https:\/\/veteraanienperinto.fi\/index.php\/talvisota-etusivu\/taustat\/puolustusvalmiuden-kehittaminen\/sotilaskotiliitto\/","name":"Sotilaskotiliitto - Veteraanien Perint\u00f6","isPartOf":{"@id":"https:\/\/veteraanienperinto.fi\/#website"},"datePublished":"2020-08-30T11:26:33+00:00","dateModified":"2021-01-26T18:48:41+00:00","breadcrumb":{"@id":"https:\/\/veteraanienperinto.fi\/index.php\/talvisota-etusivu\/taustat\/puolustusvalmiuden-kehittaminen\/sotilaskotiliitto\/#breadcrumb"},"inLanguage":"fi","potentialAction":[{"@type":"ReadAction","target":["https:\/\/veteraanienperinto.fi\/index.php\/talvisota-etusivu\/taustat\/puolustusvalmiuden-kehittaminen\/sotilaskotiliitto\/"]}]},{"@type":"BreadcrumbList","@id":"https:\/\/veteraanienperinto.fi\/index.php\/talvisota-etusivu\/taustat\/puolustusvalmiuden-kehittaminen\/sotilaskotiliitto\/#breadcrumb","itemListElement":[{"@type":"ListItem","position":1,"name":"Etusivu","item":"https:\/\/veteraanienperinto.fi\/index.php\/etusivu-2\/"},{"@type":"ListItem","position":2,"name":"Talvisota","item":"https:\/\/veteraanienperinto.fi\/index.php\/talvisota-etusivu\/"},{"@type":"ListItem","position":3,"name":"Talvisodan taustat","item":"https:\/\/veteraanienperinto.fi\/index.php\/talvisota-etusivu\/taustat\/"},{"@type":"ListItem","position":4,"name":"Puolustusvalmiuden kehitt\u00e4minen","item":"https:\/\/veteraanienperinto.fi\/index.php\/talvisota-etusivu\/taustat\/puolustusvalmiuden-kehittaminen\/"},{"@type":"ListItem","position":5,"name":"Sotilaskotiliitto"}]},{"@type":"WebSite","@id":"https:\/\/veteraanienperinto.fi\/#website","url":"https:\/\/veteraanienperinto.fi\/","name":"Veteraanien Perint\u00f6","description":"Kadettikunta","potentialAction":[{"@type":"SearchAction","target":{"@type":"EntryPoint","urlTemplate":"https:\/\/veteraanienperinto.fi\/?s={search_term_string}"},"query-input":{"@type":"PropertyValueSpecification","valueRequired":true,"valueName":"search_term_string"}}],"inLanguage":"fi"}]}},"_links":{"self":[{"href":"https:\/\/veteraanienperinto.fi\/index.php\/wp-json\/wp\/v2\/pages\/1351","targetHints":{"allow":["GET"]}}],"collection":[{"href":"https:\/\/veteraanienperinto.fi\/index.php\/wp-json\/wp\/v2\/pages"}],"about":[{"href":"https:\/\/veteraanienperinto.fi\/index.php\/wp-json\/wp\/v2\/types\/page"}],"author":[{"embeddable":true,"href":"https:\/\/veteraanienperinto.fi\/index.php\/wp-json\/wp\/v2\/users\/1"}],"replies":[{"embeddable":true,"href":"https:\/\/veteraanienperinto.fi\/index.php\/wp-json\/wp\/v2\/comments?post=1351"}],"version-history":[{"count":6,"href":"https:\/\/veteraanienperinto.fi\/index.php\/wp-json\/wp\/v2\/pages\/1351\/revisions"}],"predecessor-version":[{"id":10779,"href":"https:\/\/veteraanienperinto.fi\/index.php\/wp-json\/wp\/v2\/pages\/1351\/revisions\/10779"}],"up":[{"embeddable":true,"href":"https:\/\/veteraanienperinto.fi\/index.php\/wp-json\/wp\/v2\/pages\/747"}],"wp:attachment":[{"href":"https:\/\/veteraanienperinto.fi\/index.php\/wp-json\/wp\/v2\/media?parent=1351"}],"curies":[{"name":"wp","href":"https:\/\/api.w.org\/{rel}","templated":true}]}}