{"id":1386,"date":"2020-08-30T11:41:40","date_gmt":"2020-08-30T11:41:40","guid":{"rendered":"https:\/\/veteraani.ylirotu.fi\/?page_id=1386"},"modified":"2021-01-26T18:50:19","modified_gmt":"2021-01-26T18:50:19","slug":"neuvostoliitto","status":"publish","type":"page","link":"https:\/\/veteraanienperinto.fi\/index.php\/talvisota-etusivu\/taustat\/ulkopoliittiset-tekijat\/neuvostoliitto\/","title":{"rendered":"Neuvostoliitto"},"content":{"rendered":"<div id='full_slider_1'  class='avia-fullwidth-slider main_color avia-shadow   avia-builder-el-0  el_before_av_heading  avia-builder-el-first   container_wrap sidebar_right'  ><\/div><div id='after_full_slider_1'  class='main_color av_default_container_wrap container_wrap sidebar_right'  ><div class='container av-section-cont-open' ><div class='template-page content  av-content-small alpha units'><div class='post-entry post-entry-type-page post-entry-1386'><div class='entry-content-wrapper clearfix'>\n\n<style type=\"text\/css\" data-created_by=\"avia_inline_auto\" id=\"style-css-av-kkecu6jx-06d5e1072f1e76b23b7cce730dd24c92\">\n#top .av-special-heading.av-kkecu6jx-06d5e1072f1e76b23b7cce730dd24c92{\npadding-bottom:10px;\n}\nbody .av-special-heading.av-kkecu6jx-06d5e1072f1e76b23b7cce730dd24c92 .av-special-heading-tag .heading-char{\nfont-size:25px;\n}\n.av-special-heading.av-kkecu6jx-06d5e1072f1e76b23b7cce730dd24c92 .av-subheading{\nfont-size:15px;\n}\n<\/style>\n<div  class='av-special-heading av-kkecu6jx-06d5e1072f1e76b23b7cce730dd24c92 av-special-heading-h3  avia-builder-el-1  el_after_av_slideshow_full  el_before_av_textblock  avia-builder-el-first '><h3 class='av-special-heading-tag'  itemprop=\"headline\"  >Neuvostoliitto<\/h3><div class=\"special-heading-border\"><div class=\"special-heading-inner-border\"><\/div><\/div><\/div>\n<section  class='av_textblock_section av-35jltj-5eea266e6c5783da046b054ebb5c8ff9 '   itemscope=\"itemscope\" itemtype=\"https:\/\/schema.org\/CreativeWork\" ><div class='avia_textblock'  itemprop=\"text\" ><p>Ven\u00e4j\u00e4ll\u00e4 k\u00e4ytiin vallankumouksen j\u00e4lkeen verinen sis\u00e4llissota, joka p\u00e4\u00e4ttyi vasta Neuvostoliiton perustamiseen menness\u00e4 vuonna 1922. Neuvostoliitto erist\u00e4ytyi osittain muusta maailmasta, mutta tuki samalla maailmanvallankumouksellisia liikkeit\u00e4. Ep\u00e4luuloa Neuvostoliittoa kohtaan her\u00e4ttiv\u00e4t tiedot siell\u00e4 omaan v\u00e4est\u00f6\u00f6n kohdistetusta terrorista, jonka V. I. Lenin aloitti heti valtaan p\u00e4\u00e4sty\u00e4\u00e4n. Leninin kuoltua vuonna 1924 J.V. Stalin jatkoi terroria. Miljoonia kansalaisia, erityisesti talonpoikia ja ukrainalaisia, surmattiin tai n\u00e4\u00e4nnytettiin n\u00e4lk\u00e4\u00e4n suureksi osaksi perhekunnittain. Vuonna 1937 alkoivat lis\u00e4ksi niin sanotut Stalinin puhdistukset, jotka kohdistuivat kaikkiin kansankerroksiin.<\/p>\n<p>Espanjan sis\u00e4llissodassa Neuvostoliitto tuki vasemmistolaisen hallituksen joukkoja eli tasavaltalaisia hyvin suurella aseavulla, poliittisella henkil\u00f6st\u00f6ll\u00e4 ja erikoiskoulutuksen saaneilla pienehk\u00f6ill\u00e4 taisteluyksik\u00f6ill\u00e4. Neuvostoliitto kehitti asevoimiaan 1930-luvulla n\u00e4ytt\u00e4v\u00e4sti ja hyvin voimaper\u00e4isesti. Erityist\u00e4 huomiota kiinnitettiin panssarijoukkoihin ja kentt\u00e4tykist\u00f6\u00f6n. Neuvostoliitolla olikin 1930-luvun lopussa yli 20 000 panssarivaunua, kun esimerkiksi Saksalla ja Ranskalla niit\u00e4 oli alle 3 000. Maahanlaskujoukot Neuvostoliitto otti k\u00e4ytt\u00f6\u00f6n ensimm\u00e4isen\u00e4 maailmassa. Neuvostoliiton asevoimien kehitt\u00e4misen tavoitteena oli aikaansaada ylivoimainen sotilasmahti koko maailmassa. Neuvostoliiton asevoimien tehokkuutta heikensiv\u00e4t kuitenkin 1930-luvun lopussa olennaisesti Stalinin puhdistukset, jolloin upseereiden parhaimmisto tuhottiin l\u00e4hes kokonaan.<\/p>\n<p>Suomen kanssa Neuvostoliitto solmi vuonna 1932 hy\u00f6kk\u00e4\u00e4m\u00e4tt\u00f6myyssopimuksen, jossa taattiin vuonna 1920 tehdyn Tarton rauhan rajat. Sopimusta pidennettiin vuonna 1934 kymmeneksi vuodeksi eteenp\u00e4in.<\/p>\n<\/div><\/section>\n","protected":false},"excerpt":{"rendered":"","protected":false},"author":1,"featured_media":0,"parent":750,"menu_order":1,"comment_status":"closed","ping_status":"closed","template":"","meta":{"footnotes":""},"class_list":["post-1386","page","type-page","status-publish","hentry"],"yoast_head":"<!-- This site is optimized with the Yoast SEO plugin v27.5 - https:\/\/yoast.com\/product\/yoast-seo-wordpress\/ -->\n<title>Neuvostoliitto - Veteraanien Perint\u00f6<\/title>\n<meta name=\"robots\" content=\"index, follow, max-snippet:-1, max-image-preview:large, max-video-preview:-1\" \/>\n<link rel=\"canonical\" href=\"https:\/\/veteraanienperinto.fi\/index.php\/talvisota-etusivu\/taustat\/ulkopoliittiset-tekijat\/neuvostoliitto\/\" \/>\n<meta property=\"og:locale\" content=\"fi_FI\" \/>\n<meta property=\"og:type\" content=\"article\" \/>\n<meta property=\"og:title\" content=\"Neuvostoliitto - Veteraanien Perint\u00f6\" \/>\n<meta property=\"og:url\" content=\"https:\/\/veteraanienperinto.fi\/index.php\/talvisota-etusivu\/taustat\/ulkopoliittiset-tekijat\/neuvostoliitto\/\" \/>\n<meta property=\"og:site_name\" content=\"Veteraanien Perint\u00f6\" \/>\n<meta property=\"article:modified_time\" content=\"2021-01-26T18:50:19+00:00\" \/>\n<meta name=\"twitter:card\" content=\"summary_large_image\" \/>\n<meta name=\"twitter:label1\" content=\"Arvioitu lukuaika\" \/>\n\t<meta name=\"twitter:data1\" content=\"2 minuuttia\" \/>\n<script type=\"application\/ld+json\" class=\"yoast-schema-graph\">{\"@context\":\"https:\\\/\\\/schema.org\",\"@graph\":[{\"@type\":\"WebPage\",\"@id\":\"https:\\\/\\\/veteraanienperinto.fi\\\/index.php\\\/talvisota-etusivu\\\/taustat\\\/ulkopoliittiset-tekijat\\\/neuvostoliitto\\\/\",\"url\":\"https:\\\/\\\/veteraanienperinto.fi\\\/index.php\\\/talvisota-etusivu\\\/taustat\\\/ulkopoliittiset-tekijat\\\/neuvostoliitto\\\/\",\"name\":\"Neuvostoliitto - Veteraanien Perint\u00f6\",\"isPartOf\":{\"@id\":\"https:\\\/\\\/veteraanienperinto.fi\\\/#website\"},\"datePublished\":\"2020-08-30T11:41:40+00:00\",\"dateModified\":\"2021-01-26T18:50:19+00:00\",\"breadcrumb\":{\"@id\":\"https:\\\/\\\/veteraanienperinto.fi\\\/index.php\\\/talvisota-etusivu\\\/taustat\\\/ulkopoliittiset-tekijat\\\/neuvostoliitto\\\/#breadcrumb\"},\"inLanguage\":\"fi\",\"potentialAction\":[{\"@type\":\"ReadAction\",\"target\":[\"https:\\\/\\\/veteraanienperinto.fi\\\/index.php\\\/talvisota-etusivu\\\/taustat\\\/ulkopoliittiset-tekijat\\\/neuvostoliitto\\\/\"]}]},{\"@type\":\"BreadcrumbList\",\"@id\":\"https:\\\/\\\/veteraanienperinto.fi\\\/index.php\\\/talvisota-etusivu\\\/taustat\\\/ulkopoliittiset-tekijat\\\/neuvostoliitto\\\/#breadcrumb\",\"itemListElement\":[{\"@type\":\"ListItem\",\"position\":1,\"name\":\"Etusivu\",\"item\":\"https:\\\/\\\/veteraanienperinto.fi\\\/index.php\\\/etusivu-2\\\/\"},{\"@type\":\"ListItem\",\"position\":2,\"name\":\"Talvisota\",\"item\":\"https:\\\/\\\/veteraanienperinto.fi\\\/index.php\\\/talvisota-etusivu\\\/\"},{\"@type\":\"ListItem\",\"position\":3,\"name\":\"Talvisodan taustat\",\"item\":\"https:\\\/\\\/veteraanienperinto.fi\\\/index.php\\\/talvisota-etusivu\\\/taustat\\\/\"},{\"@type\":\"ListItem\",\"position\":4,\"name\":\"Ulkopoliittiset tekij\u00e4t\",\"item\":\"https:\\\/\\\/veteraanienperinto.fi\\\/index.php\\\/talvisota-etusivu\\\/taustat\\\/ulkopoliittiset-tekijat\\\/\"},{\"@type\":\"ListItem\",\"position\":5,\"name\":\"Neuvostoliitto\"}]},{\"@type\":\"WebSite\",\"@id\":\"https:\\\/\\\/veteraanienperinto.fi\\\/#website\",\"url\":\"https:\\\/\\\/veteraanienperinto.fi\\\/\",\"name\":\"Veteraanien Perint\u00f6\",\"description\":\"Kadettikunta\",\"potentialAction\":[{\"@type\":\"SearchAction\",\"target\":{\"@type\":\"EntryPoint\",\"urlTemplate\":\"https:\\\/\\\/veteraanienperinto.fi\\\/?s={search_term_string}\"},\"query-input\":{\"@type\":\"PropertyValueSpecification\",\"valueRequired\":true,\"valueName\":\"search_term_string\"}}],\"inLanguage\":\"fi\"}]}<\/script>\n<!-- \/ Yoast SEO plugin. -->","yoast_head_json":{"title":"Neuvostoliitto - Veteraanien Perint\u00f6","robots":{"index":"index","follow":"follow","max-snippet":"max-snippet:-1","max-image-preview":"max-image-preview:large","max-video-preview":"max-video-preview:-1"},"canonical":"https:\/\/veteraanienperinto.fi\/index.php\/talvisota-etusivu\/taustat\/ulkopoliittiset-tekijat\/neuvostoliitto\/","og_locale":"fi_FI","og_type":"article","og_title":"Neuvostoliitto - Veteraanien Perint\u00f6","og_url":"https:\/\/veteraanienperinto.fi\/index.php\/talvisota-etusivu\/taustat\/ulkopoliittiset-tekijat\/neuvostoliitto\/","og_site_name":"Veteraanien Perint\u00f6","article_modified_time":"2021-01-26T18:50:19+00:00","twitter_card":"summary_large_image","twitter_misc":{"Arvioitu lukuaika":"2 minuuttia"},"schema":{"@context":"https:\/\/schema.org","@graph":[{"@type":"WebPage","@id":"https:\/\/veteraanienperinto.fi\/index.php\/talvisota-etusivu\/taustat\/ulkopoliittiset-tekijat\/neuvostoliitto\/","url":"https:\/\/veteraanienperinto.fi\/index.php\/talvisota-etusivu\/taustat\/ulkopoliittiset-tekijat\/neuvostoliitto\/","name":"Neuvostoliitto - Veteraanien Perint\u00f6","isPartOf":{"@id":"https:\/\/veteraanienperinto.fi\/#website"},"datePublished":"2020-08-30T11:41:40+00:00","dateModified":"2021-01-26T18:50:19+00:00","breadcrumb":{"@id":"https:\/\/veteraanienperinto.fi\/index.php\/talvisota-etusivu\/taustat\/ulkopoliittiset-tekijat\/neuvostoliitto\/#breadcrumb"},"inLanguage":"fi","potentialAction":[{"@type":"ReadAction","target":["https:\/\/veteraanienperinto.fi\/index.php\/talvisota-etusivu\/taustat\/ulkopoliittiset-tekijat\/neuvostoliitto\/"]}]},{"@type":"BreadcrumbList","@id":"https:\/\/veteraanienperinto.fi\/index.php\/talvisota-etusivu\/taustat\/ulkopoliittiset-tekijat\/neuvostoliitto\/#breadcrumb","itemListElement":[{"@type":"ListItem","position":1,"name":"Etusivu","item":"https:\/\/veteraanienperinto.fi\/index.php\/etusivu-2\/"},{"@type":"ListItem","position":2,"name":"Talvisota","item":"https:\/\/veteraanienperinto.fi\/index.php\/talvisota-etusivu\/"},{"@type":"ListItem","position":3,"name":"Talvisodan taustat","item":"https:\/\/veteraanienperinto.fi\/index.php\/talvisota-etusivu\/taustat\/"},{"@type":"ListItem","position":4,"name":"Ulkopoliittiset tekij\u00e4t","item":"https:\/\/veteraanienperinto.fi\/index.php\/talvisota-etusivu\/taustat\/ulkopoliittiset-tekijat\/"},{"@type":"ListItem","position":5,"name":"Neuvostoliitto"}]},{"@type":"WebSite","@id":"https:\/\/veteraanienperinto.fi\/#website","url":"https:\/\/veteraanienperinto.fi\/","name":"Veteraanien Perint\u00f6","description":"Kadettikunta","potentialAction":[{"@type":"SearchAction","target":{"@type":"EntryPoint","urlTemplate":"https:\/\/veteraanienperinto.fi\/?s={search_term_string}"},"query-input":{"@type":"PropertyValueSpecification","valueRequired":true,"valueName":"search_term_string"}}],"inLanguage":"fi"}]}},"_links":{"self":[{"href":"https:\/\/veteraanienperinto.fi\/index.php\/wp-json\/wp\/v2\/pages\/1386","targetHints":{"allow":["GET"]}}],"collection":[{"href":"https:\/\/veteraanienperinto.fi\/index.php\/wp-json\/wp\/v2\/pages"}],"about":[{"href":"https:\/\/veteraanienperinto.fi\/index.php\/wp-json\/wp\/v2\/types\/page"}],"author":[{"embeddable":true,"href":"https:\/\/veteraanienperinto.fi\/index.php\/wp-json\/wp\/v2\/users\/1"}],"replies":[{"embeddable":true,"href":"https:\/\/veteraanienperinto.fi\/index.php\/wp-json\/wp\/v2\/comments?post=1386"}],"version-history":[{"count":6,"href":"https:\/\/veteraanienperinto.fi\/index.php\/wp-json\/wp\/v2\/pages\/1386\/revisions"}],"predecessor-version":[{"id":10783,"href":"https:\/\/veteraanienperinto.fi\/index.php\/wp-json\/wp\/v2\/pages\/1386\/revisions\/10783"}],"up":[{"embeddable":true,"href":"https:\/\/veteraanienperinto.fi\/index.php\/wp-json\/wp\/v2\/pages\/750"}],"wp:attachment":[{"href":"https:\/\/veteraanienperinto.fi\/index.php\/wp-json\/wp\/v2\/media?parent=1386"}],"curies":[{"name":"wp","href":"https:\/\/api.w.org\/{rel}","templated":true}]}}