{"id":1427,"date":"2020-08-30T12:00:21","date_gmt":"2020-08-30T12:00:21","guid":{"rendered":"https:\/\/veteraani.ylirotu.fi\/?page_id=1427"},"modified":"2021-01-26T18:52:02","modified_gmt":"2021-01-26T18:52:02","slug":"talvisodan-ajan-ulkopoliittinen-kehitys","status":"publish","type":"page","link":"https:\/\/veteraanienperinto.fi\/index.php\/talvisota-etusivu\/taustat\/ulkopoliittiset-tekijat\/talvisodan-ajan-ulkopoliittinen-kehitys\/","title":{"rendered":"Talvisodan ajan ulkopoliittinen kehitys"},"content":{"rendered":"<div id='full_slider_1'  class='avia-fullwidth-slider main_color avia-shadow   avia-builder-el-0  el_before_av_heading  avia-builder-el-first   container_wrap sidebar_right'  ><\/div><div id='after_full_slider_1'  class='main_color av_default_container_wrap container_wrap sidebar_right'  ><div class='container av-section-cont-open' ><div class='template-page content  av-content-small alpha units'><div class='post-entry post-entry-type-page post-entry-1427'><div class='entry-content-wrapper clearfix'>\n\n<style type=\"text\/css\" data-created_by=\"avia_inline_auto\" id=\"style-css-av-kkecwdjh-ffa667d8aa71577b803410cc8c3c5644\">\n#top .av-special-heading.av-kkecwdjh-ffa667d8aa71577b803410cc8c3c5644{\npadding-bottom:10px;\n}\nbody .av-special-heading.av-kkecwdjh-ffa667d8aa71577b803410cc8c3c5644 .av-special-heading-tag .heading-char{\nfont-size:25px;\n}\n.av-special-heading.av-kkecwdjh-ffa667d8aa71577b803410cc8c3c5644 .av-subheading{\nfont-size:15px;\n}\n<\/style>\n<div  class='av-special-heading av-kkecwdjh-ffa667d8aa71577b803410cc8c3c5644 av-special-heading-h3  avia-builder-el-1  el_after_av_slideshow_full  el_before_av_textblock  avia-builder-el-first '><h3 class='av-special-heading-tag'  itemprop=\"headline\"  >Talvisodan ajan ulkopoliittinen kehitys<\/h3><div class=\"special-heading-border\"><div class=\"special-heading-inner-border\"><\/div><\/div><\/div>\n<section  class='av_textblock_section av-35jltj-5eea266e6c5783da046b054ebb5c8ff9 '   itemscope=\"itemscope\" itemtype=\"https:\/\/schema.org\/CreativeWork\" ><div class='avia_textblock'  itemprop=\"text\" ><p>Neuvostoliiton hy\u00f6k\u00e4tty\u00e4 Suomeen sen p\u00e4\u00e4m\u00e4\u00e4r\u00e4t paljastuivat nopeasti, kun se perusti Terijoelle 1.12.1939 Otto Ville Kuusisen johtaman niin sanotun Terijoen hallituksen eik\u00e4 suostunut en\u00e4\u00e4 neuvottelemaan Suomen laillisen hallituksen kanssa. Kyseinen \u201challitus\u201d solmi 2.12. Neuvostoliiton kanssa avunantosopimuksen eli kutsui Neuvostoliiton joukot Suomeen. Tieto Terijoen hallituksesta yhten\u00e4isti ja tiivisti suomalaisten vastarintaa. Suomalaisten odottamattoman voimakas taistelutahto ja sodan pitkittyminen aiheuttivat sen, ett\u00e4 Neuvostoliitto v\u00e4hitellen luopui Terijoen hallituksesta ja se h\u00e4visi hiljaisuudessa.<\/p>\n<p>Neuvostoliiton hy\u00f6kk\u00e4ys Suomeen tuomittiin voimakkaasti l\u00e4hes kaikkialla maailmassa. Vain Saksa pid\u00e4tt\u00e4ytyi Neuvostoliiton arvostelusta Molotov-Ribbentrop-sopimuksen perusteella ja se esti asetoimitukset Suomeen alueensa kautta esimerkiksi Italiasta, jossa Italian diktaattori Mussolini tuki Suomea. Osa italialaisista aseista ehti kuitenkin kiertoteit\u00e4 k\u00e4ytt\u00e4en jo talvisotaan. Neuvostoliitto erotettiin YK:n edelt\u00e4j\u00e4st\u00e4 Kansainliitosta 14.12.1939. Viimeist\u00e4\u00e4n silloin jokainen ymm\u00e4rsi Suomen taistelun oikeutuksen ja merkityksen. T\u00e4t\u00e4 p\u00e4\u00e4t\u00f6st\u00e4 ei olisi kuitenkaan tehty jolleiv\u00e4t suomalaiset olisi ensimm\u00e4isest\u00e4 taistelup\u00e4iv\u00e4st\u00e4 l\u00e4htien osoittaneet pystyv\u00e4ns\u00e4 puolustamaan maatansa. Ruotsi ei tukenut poliittisesti Suomea mutta salli yli 8000 miehen vapaaehtoisjoukon ja lento-osaston osallistumisen Suomen puolustamiseen Sallan rintamalla. Ruotsi myi, vuokrasi ja lahjoitti my\u00f6s aseita Suomelle.<\/p>\n<p>Yhdysvallat, Englanti ja Ranska asettuivat jyrk\u00e4sti Suomen puolelle. Ne myiv\u00e4t ja lahjoittivat Suomelle huomattavan m\u00e4\u00e4r\u00e4n sotavarustusta, josta osa ehti mukaan talvisodan taisteluihin. Englanti ja Ranska tarjoutuivat l\u00e4hett\u00e4m\u00e4\u00e4n my\u00f6s joukkoja Suomen avuksi. Todellinen tarkoitus oli kuitenkin jalansijan hankkiminen Skandinaviassa ja malmin kuljetusten est\u00e4minen Ruotsista Saksaan ottamalla haltuun Narvikin satama. Suomi ei lopulta tehnytk\u00e4\u00e4n virallista avunpyynt\u00f6\u00e4 Englannille ja Ranskalle, sill\u00e4 apu olisi joka tapauksessa my\u00f6h\u00e4stynyt.<\/p>\n<p>Talvisodan aikana Saksan ja Ranskan v\u00e4lisell\u00e4 rintamalla oli hyvin hiljaista. Ranskassa olleet englantilaiset kutsuivat tilannetta nimell\u00e4 \u201cphoney war\u201d, valesota, sill\u00e4 maalla ja ilmassa ei tapahtunut mit\u00e4\u00e4n. Koko maailma seurasi pienen Suomen kamppailua id\u00e4n j\u00e4ttil\u00e4ist\u00e4 vastaan.<\/p>\n<\/div><\/section>\n","protected":false},"excerpt":{"rendered":"","protected":false},"author":1,"featured_media":0,"parent":750,"menu_order":7,"comment_status":"closed","ping_status":"closed","template":"","meta":{"footnotes":""},"class_list":["post-1427","page","type-page","status-publish","hentry"],"yoast_head":"<!-- This site is optimized with the Yoast SEO plugin v27.4 - https:\/\/yoast.com\/product\/yoast-seo-wordpress\/ -->\n<title>Talvisodan ajan ulkopoliittinen kehitys - Veteraanien Perint\u00f6<\/title>\n<meta name=\"robots\" content=\"index, follow, max-snippet:-1, max-image-preview:large, max-video-preview:-1\" \/>\n<link rel=\"canonical\" href=\"https:\/\/veteraanienperinto.fi\/index.php\/talvisota-etusivu\/taustat\/ulkopoliittiset-tekijat\/talvisodan-ajan-ulkopoliittinen-kehitys\/\" \/>\n<meta property=\"og:locale\" content=\"fi_FI\" \/>\n<meta property=\"og:type\" content=\"article\" \/>\n<meta property=\"og:title\" content=\"Talvisodan ajan ulkopoliittinen kehitys - Veteraanien Perint\u00f6\" \/>\n<meta property=\"og:url\" content=\"https:\/\/veteraanienperinto.fi\/index.php\/talvisota-etusivu\/taustat\/ulkopoliittiset-tekijat\/talvisodan-ajan-ulkopoliittinen-kehitys\/\" \/>\n<meta property=\"og:site_name\" content=\"Veteraanien Perint\u00f6\" \/>\n<meta property=\"article:modified_time\" content=\"2021-01-26T18:52:02+00:00\" \/>\n<meta name=\"twitter:card\" content=\"summary_large_image\" \/>\n<meta name=\"twitter:label1\" content=\"Arvioitu lukuaika\" \/>\n\t<meta name=\"twitter:data1\" content=\"2 minuuttia\" \/>\n<script type=\"application\/ld+json\" class=\"yoast-schema-graph\">{\"@context\":\"https:\\\/\\\/schema.org\",\"@graph\":[{\"@type\":\"WebPage\",\"@id\":\"https:\\\/\\\/veteraanienperinto.fi\\\/index.php\\\/talvisota-etusivu\\\/taustat\\\/ulkopoliittiset-tekijat\\\/talvisodan-ajan-ulkopoliittinen-kehitys\\\/\",\"url\":\"https:\\\/\\\/veteraanienperinto.fi\\\/index.php\\\/talvisota-etusivu\\\/taustat\\\/ulkopoliittiset-tekijat\\\/talvisodan-ajan-ulkopoliittinen-kehitys\\\/\",\"name\":\"Talvisodan ajan ulkopoliittinen kehitys - Veteraanien Perint\u00f6\",\"isPartOf\":{\"@id\":\"https:\\\/\\\/veteraanienperinto.fi\\\/#website\"},\"datePublished\":\"2020-08-30T12:00:21+00:00\",\"dateModified\":\"2021-01-26T18:52:02+00:00\",\"breadcrumb\":{\"@id\":\"https:\\\/\\\/veteraanienperinto.fi\\\/index.php\\\/talvisota-etusivu\\\/taustat\\\/ulkopoliittiset-tekijat\\\/talvisodan-ajan-ulkopoliittinen-kehitys\\\/#breadcrumb\"},\"inLanguage\":\"fi\",\"potentialAction\":[{\"@type\":\"ReadAction\",\"target\":[\"https:\\\/\\\/veteraanienperinto.fi\\\/index.php\\\/talvisota-etusivu\\\/taustat\\\/ulkopoliittiset-tekijat\\\/talvisodan-ajan-ulkopoliittinen-kehitys\\\/\"]}]},{\"@type\":\"BreadcrumbList\",\"@id\":\"https:\\\/\\\/veteraanienperinto.fi\\\/index.php\\\/talvisota-etusivu\\\/taustat\\\/ulkopoliittiset-tekijat\\\/talvisodan-ajan-ulkopoliittinen-kehitys\\\/#breadcrumb\",\"itemListElement\":[{\"@type\":\"ListItem\",\"position\":1,\"name\":\"Etusivu\",\"item\":\"https:\\\/\\\/veteraanienperinto.fi\\\/index.php\\\/etusivu-2\\\/\"},{\"@type\":\"ListItem\",\"position\":2,\"name\":\"Talvisota\",\"item\":\"https:\\\/\\\/veteraanienperinto.fi\\\/index.php\\\/talvisota-etusivu\\\/\"},{\"@type\":\"ListItem\",\"position\":3,\"name\":\"Talvisodan taustat\",\"item\":\"https:\\\/\\\/veteraanienperinto.fi\\\/index.php\\\/talvisota-etusivu\\\/taustat\\\/\"},{\"@type\":\"ListItem\",\"position\":4,\"name\":\"Ulkopoliittiset tekij\u00e4t\",\"item\":\"https:\\\/\\\/veteraanienperinto.fi\\\/index.php\\\/talvisota-etusivu\\\/taustat\\\/ulkopoliittiset-tekijat\\\/\"},{\"@type\":\"ListItem\",\"position\":5,\"name\":\"Talvisodan ajan ulkopoliittinen kehitys\"}]},{\"@type\":\"WebSite\",\"@id\":\"https:\\\/\\\/veteraanienperinto.fi\\\/#website\",\"url\":\"https:\\\/\\\/veteraanienperinto.fi\\\/\",\"name\":\"Veteraanien Perint\u00f6\",\"description\":\"Kadettikunta\",\"potentialAction\":[{\"@type\":\"SearchAction\",\"target\":{\"@type\":\"EntryPoint\",\"urlTemplate\":\"https:\\\/\\\/veteraanienperinto.fi\\\/?s={search_term_string}\"},\"query-input\":{\"@type\":\"PropertyValueSpecification\",\"valueRequired\":true,\"valueName\":\"search_term_string\"}}],\"inLanguage\":\"fi\"}]}<\/script>\n<!-- \/ Yoast SEO plugin. -->","yoast_head_json":{"title":"Talvisodan ajan ulkopoliittinen kehitys - Veteraanien Perint\u00f6","robots":{"index":"index","follow":"follow","max-snippet":"max-snippet:-1","max-image-preview":"max-image-preview:large","max-video-preview":"max-video-preview:-1"},"canonical":"https:\/\/veteraanienperinto.fi\/index.php\/talvisota-etusivu\/taustat\/ulkopoliittiset-tekijat\/talvisodan-ajan-ulkopoliittinen-kehitys\/","og_locale":"fi_FI","og_type":"article","og_title":"Talvisodan ajan ulkopoliittinen kehitys - Veteraanien Perint\u00f6","og_url":"https:\/\/veteraanienperinto.fi\/index.php\/talvisota-etusivu\/taustat\/ulkopoliittiset-tekijat\/talvisodan-ajan-ulkopoliittinen-kehitys\/","og_site_name":"Veteraanien Perint\u00f6","article_modified_time":"2021-01-26T18:52:02+00:00","twitter_card":"summary_large_image","twitter_misc":{"Arvioitu lukuaika":"2 minuuttia"},"schema":{"@context":"https:\/\/schema.org","@graph":[{"@type":"WebPage","@id":"https:\/\/veteraanienperinto.fi\/index.php\/talvisota-etusivu\/taustat\/ulkopoliittiset-tekijat\/talvisodan-ajan-ulkopoliittinen-kehitys\/","url":"https:\/\/veteraanienperinto.fi\/index.php\/talvisota-etusivu\/taustat\/ulkopoliittiset-tekijat\/talvisodan-ajan-ulkopoliittinen-kehitys\/","name":"Talvisodan ajan ulkopoliittinen kehitys - Veteraanien Perint\u00f6","isPartOf":{"@id":"https:\/\/veteraanienperinto.fi\/#website"},"datePublished":"2020-08-30T12:00:21+00:00","dateModified":"2021-01-26T18:52:02+00:00","breadcrumb":{"@id":"https:\/\/veteraanienperinto.fi\/index.php\/talvisota-etusivu\/taustat\/ulkopoliittiset-tekijat\/talvisodan-ajan-ulkopoliittinen-kehitys\/#breadcrumb"},"inLanguage":"fi","potentialAction":[{"@type":"ReadAction","target":["https:\/\/veteraanienperinto.fi\/index.php\/talvisota-etusivu\/taustat\/ulkopoliittiset-tekijat\/talvisodan-ajan-ulkopoliittinen-kehitys\/"]}]},{"@type":"BreadcrumbList","@id":"https:\/\/veteraanienperinto.fi\/index.php\/talvisota-etusivu\/taustat\/ulkopoliittiset-tekijat\/talvisodan-ajan-ulkopoliittinen-kehitys\/#breadcrumb","itemListElement":[{"@type":"ListItem","position":1,"name":"Etusivu","item":"https:\/\/veteraanienperinto.fi\/index.php\/etusivu-2\/"},{"@type":"ListItem","position":2,"name":"Talvisota","item":"https:\/\/veteraanienperinto.fi\/index.php\/talvisota-etusivu\/"},{"@type":"ListItem","position":3,"name":"Talvisodan taustat","item":"https:\/\/veteraanienperinto.fi\/index.php\/talvisota-etusivu\/taustat\/"},{"@type":"ListItem","position":4,"name":"Ulkopoliittiset tekij\u00e4t","item":"https:\/\/veteraanienperinto.fi\/index.php\/talvisota-etusivu\/taustat\/ulkopoliittiset-tekijat\/"},{"@type":"ListItem","position":5,"name":"Talvisodan ajan ulkopoliittinen kehitys"}]},{"@type":"WebSite","@id":"https:\/\/veteraanienperinto.fi\/#website","url":"https:\/\/veteraanienperinto.fi\/","name":"Veteraanien Perint\u00f6","description":"Kadettikunta","potentialAction":[{"@type":"SearchAction","target":{"@type":"EntryPoint","urlTemplate":"https:\/\/veteraanienperinto.fi\/?s={search_term_string}"},"query-input":{"@type":"PropertyValueSpecification","valueRequired":true,"valueName":"search_term_string"}}],"inLanguage":"fi"}]}},"_links":{"self":[{"href":"https:\/\/veteraanienperinto.fi\/index.php\/wp-json\/wp\/v2\/pages\/1427","targetHints":{"allow":["GET"]}}],"collection":[{"href":"https:\/\/veteraanienperinto.fi\/index.php\/wp-json\/wp\/v2\/pages"}],"about":[{"href":"https:\/\/veteraanienperinto.fi\/index.php\/wp-json\/wp\/v2\/types\/page"}],"author":[{"embeddable":true,"href":"https:\/\/veteraanienperinto.fi\/index.php\/wp-json\/wp\/v2\/users\/1"}],"replies":[{"embeddable":true,"href":"https:\/\/veteraanienperinto.fi\/index.php\/wp-json\/wp\/v2\/comments?post=1427"}],"version-history":[{"count":7,"href":"https:\/\/veteraanienperinto.fi\/index.php\/wp-json\/wp\/v2\/pages\/1427\/revisions"}],"predecessor-version":[{"id":10793,"href":"https:\/\/veteraanienperinto.fi\/index.php\/wp-json\/wp\/v2\/pages\/1427\/revisions\/10793"}],"up":[{"embeddable":true,"href":"https:\/\/veteraanienperinto.fi\/index.php\/wp-json\/wp\/v2\/pages\/750"}],"wp:attachment":[{"href":"https:\/\/veteraanienperinto.fi\/index.php\/wp-json\/wp\/v2\/media?parent=1427"}],"curies":[{"name":"wp","href":"https:\/\/api.w.org\/{rel}","templated":true}]}}