{"id":1440,"date":"2020-08-30T12:11:38","date_gmt":"2020-08-30T12:11:38","guid":{"rendered":"https:\/\/veteraani.ylirotu.fi\/?page_id=1440"},"modified":"2021-01-18T15:15:06","modified_gmt":"2021-01-18T15:15:06","slug":"viaporin-kapina","status":"publish","type":"page","link":"https:\/\/veteraanienperinto.fi\/index.php\/tietopankit\/itsenaistyminen\/ennen-itsenaistymista-2\/viaporin-kapina\/","title":{"rendered":"Viaporin kapina"},"content":{"rendered":"<div id='full_slider_1'  class='avia-fullwidth-slider main_color avia-shadow   avia-builder-el-0  el_before_av_heading  avia-builder-el-first   container_wrap sidebar_right'  ><\/div><div id='after_full_slider_1'  class='main_color av_default_container_wrap container_wrap sidebar_right'  ><div class='container av-section-cont-open' ><div class='template-page content  av-content-small alpha units'><div class='post-entry post-entry-type-page post-entry-1440'><div class='entry-content-wrapper clearfix'>\n\n<style type=\"text\/css\" data-created_by=\"avia_inline_auto\" id=\"style-css-av-kk2pmjs8-f61d37a8d841c5e058f902596052b4d8\">\n#top .av-special-heading.av-kk2pmjs8-f61d37a8d841c5e058f902596052b4d8{\npadding-bottom:10px;\n}\nbody .av-special-heading.av-kk2pmjs8-f61d37a8d841c5e058f902596052b4d8 .av-special-heading-tag .heading-char{\nfont-size:25px;\n}\n.av-special-heading.av-kk2pmjs8-f61d37a8d841c5e058f902596052b4d8 .av-subheading{\nfont-size:15px;\n}\n<\/style>\n<div  class='av-special-heading av-kk2pmjs8-f61d37a8d841c5e058f902596052b4d8 av-special-heading-h3  avia-builder-el-1  el_after_av_slideshow_full  el_before_av_textblock  avia-builder-el-first '><h3 class='av-special-heading-tag'  itemprop=\"headline\"  >Viaporin kapina<\/h3><div class=\"special-heading-border\"><div class=\"special-heading-inner-border\"><\/div><\/div><\/div>\n<section  class='av_textblock_section av-1uq2vk-d3cbe3f7abdb250f88a70f81d25b85b3 '   itemscope=\"itemscope\" itemtype=\"https:\/\/schema.org\/CreativeWork\" ><div class='avia_textblock'  itemprop=\"text\" ><p>1906 perustui aluksi moniin v\u00e4h\u00e4p\u00e4t\u00f6isilt\u00e4 n\u00e4ytt\u00e4neisiin ep\u00e4kohtiin, joita kapinaliikkeen johtoon asettuneet kolme nuorta kumoukselliseen toimintaan mukaan mennytt\u00e4 upseeria k\u00e4ytti hyv\u00e4kseen.<\/p>\n<p>Kapinalliset olivat laskeneet saavansa tukea my\u00f6s monilta muilta joukko-osastoilta ja punakaarteilta, mutta n\u00e4in ei k\u00e4ynyt. Vain pieni osa punakaartilaisista osallistui\u00a0kapinaan. Hallitukselle uskolliset laivaston ja jalkav\u00e4en joukot kukistivat kapinan jo kolmessa vuorokaudessa.<\/p>\n<p>Suuri m\u00e4\u00e4r\u00e4 helsinkil\u00e4isi\u00e4 seurasi kapinaa ja sen kukistamista Kauppatorilla ja Kaivopuistossa. Kaikkiaan 24 henke\u00e4 tuomittiin kuolemaan kapinasta ja 890 sai vankeusrangaistuksen. My\u00f6s kapinassa mukana olleista punakaartilaisista osa sai vankeusrangaistuksen.<\/p>\n<\/div><\/section>\n","protected":false},"excerpt":{"rendered":"","protected":false},"author":1,"featured_media":0,"parent":513,"menu_order":2,"comment_status":"closed","ping_status":"closed","template":"","meta":{"footnotes":""},"class_list":["post-1440","page","type-page","status-publish","hentry"],"yoast_head":"<!-- This site is optimized with the Yoast SEO plugin v27.5 - https:\/\/yoast.com\/product\/yoast-seo-wordpress\/ -->\n<title>Viaporin kapina - Veteraanien Perint\u00f6<\/title>\n<meta name=\"robots\" content=\"index, follow, max-snippet:-1, max-image-preview:large, max-video-preview:-1\" \/>\n<link rel=\"canonical\" href=\"https:\/\/veteraanienperinto.fi\/index.php\/tietopankit\/itsenaistyminen\/ennen-itsenaistymista-2\/viaporin-kapina\/\" \/>\n<meta property=\"og:locale\" content=\"fi_FI\" \/>\n<meta property=\"og:type\" content=\"article\" \/>\n<meta property=\"og:title\" content=\"Viaporin kapina - Veteraanien Perint\u00f6\" \/>\n<meta property=\"og:url\" content=\"https:\/\/veteraanienperinto.fi\/index.php\/tietopankit\/itsenaistyminen\/ennen-itsenaistymista-2\/viaporin-kapina\/\" \/>\n<meta property=\"og:site_name\" content=\"Veteraanien Perint\u00f6\" \/>\n<meta property=\"article:modified_time\" content=\"2021-01-18T15:15:06+00:00\" \/>\n<meta name=\"twitter:card\" content=\"summary_large_image\" \/>\n<meta name=\"twitter:label1\" content=\"Arvioitu lukuaika\" \/>\n\t<meta name=\"twitter:data1\" content=\"1 minuutti\" \/>\n<script type=\"application\/ld+json\" class=\"yoast-schema-graph\">{\"@context\":\"https:\\\/\\\/schema.org\",\"@graph\":[{\"@type\":\"WebPage\",\"@id\":\"https:\\\/\\\/veteraanienperinto.fi\\\/index.php\\\/tietopankit\\\/itsenaistyminen\\\/ennen-itsenaistymista-2\\\/viaporin-kapina\\\/\",\"url\":\"https:\\\/\\\/veteraanienperinto.fi\\\/index.php\\\/tietopankit\\\/itsenaistyminen\\\/ennen-itsenaistymista-2\\\/viaporin-kapina\\\/\",\"name\":\"Viaporin kapina - Veteraanien Perint\u00f6\",\"isPartOf\":{\"@id\":\"https:\\\/\\\/veteraanienperinto.fi\\\/#website\"},\"datePublished\":\"2020-08-30T12:11:38+00:00\",\"dateModified\":\"2021-01-18T15:15:06+00:00\",\"breadcrumb\":{\"@id\":\"https:\\\/\\\/veteraanienperinto.fi\\\/index.php\\\/tietopankit\\\/itsenaistyminen\\\/ennen-itsenaistymista-2\\\/viaporin-kapina\\\/#breadcrumb\"},\"inLanguage\":\"fi\",\"potentialAction\":[{\"@type\":\"ReadAction\",\"target\":[\"https:\\\/\\\/veteraanienperinto.fi\\\/index.php\\\/tietopankit\\\/itsenaistyminen\\\/ennen-itsenaistymista-2\\\/viaporin-kapina\\\/\"]}]},{\"@type\":\"BreadcrumbList\",\"@id\":\"https:\\\/\\\/veteraanienperinto.fi\\\/index.php\\\/tietopankit\\\/itsenaistyminen\\\/ennen-itsenaistymista-2\\\/viaporin-kapina\\\/#breadcrumb\",\"itemListElement\":[{\"@type\":\"ListItem\",\"position\":1,\"name\":\"Etusivu\",\"item\":\"https:\\\/\\\/veteraanienperinto.fi\\\/index.php\\\/etusivu-2\\\/\"},{\"@type\":\"ListItem\",\"position\":2,\"name\":\"Tietopankit\",\"item\":\"https:\\\/\\\/veteraanienperinto.fi\\\/index.php\\\/tietopankit\\\/\"},{\"@type\":\"ListItem\",\"position\":3,\"name\":\"Itsen\u00e4istyminen\",\"item\":\"https:\\\/\\\/veteraanienperinto.fi\\\/index.php\\\/tietopankit\\\/itsenaistyminen\\\/\"},{\"@type\":\"ListItem\",\"position\":4,\"name\":\"Ennen itsen\u00e4istymist\u00e4\",\"item\":\"https:\\\/\\\/veteraanienperinto.fi\\\/index.php\\\/tietopankit\\\/itsenaistyminen\\\/ennen-itsenaistymista-2\\\/\"},{\"@type\":\"ListItem\",\"position\":5,\"name\":\"Viaporin kapina\"}]},{\"@type\":\"WebSite\",\"@id\":\"https:\\\/\\\/veteraanienperinto.fi\\\/#website\",\"url\":\"https:\\\/\\\/veteraanienperinto.fi\\\/\",\"name\":\"Veteraanien Perint\u00f6\",\"description\":\"Kadettikunta\",\"potentialAction\":[{\"@type\":\"SearchAction\",\"target\":{\"@type\":\"EntryPoint\",\"urlTemplate\":\"https:\\\/\\\/veteraanienperinto.fi\\\/?s={search_term_string}\"},\"query-input\":{\"@type\":\"PropertyValueSpecification\",\"valueRequired\":true,\"valueName\":\"search_term_string\"}}],\"inLanguage\":\"fi\"}]}<\/script>\n<!-- \/ Yoast SEO plugin. -->","yoast_head_json":{"title":"Viaporin kapina - Veteraanien Perint\u00f6","robots":{"index":"index","follow":"follow","max-snippet":"max-snippet:-1","max-image-preview":"max-image-preview:large","max-video-preview":"max-video-preview:-1"},"canonical":"https:\/\/veteraanienperinto.fi\/index.php\/tietopankit\/itsenaistyminen\/ennen-itsenaistymista-2\/viaporin-kapina\/","og_locale":"fi_FI","og_type":"article","og_title":"Viaporin kapina - Veteraanien Perint\u00f6","og_url":"https:\/\/veteraanienperinto.fi\/index.php\/tietopankit\/itsenaistyminen\/ennen-itsenaistymista-2\/viaporin-kapina\/","og_site_name":"Veteraanien Perint\u00f6","article_modified_time":"2021-01-18T15:15:06+00:00","twitter_card":"summary_large_image","twitter_misc":{"Arvioitu lukuaika":"1 minuutti"},"schema":{"@context":"https:\/\/schema.org","@graph":[{"@type":"WebPage","@id":"https:\/\/veteraanienperinto.fi\/index.php\/tietopankit\/itsenaistyminen\/ennen-itsenaistymista-2\/viaporin-kapina\/","url":"https:\/\/veteraanienperinto.fi\/index.php\/tietopankit\/itsenaistyminen\/ennen-itsenaistymista-2\/viaporin-kapina\/","name":"Viaporin kapina - Veteraanien Perint\u00f6","isPartOf":{"@id":"https:\/\/veteraanienperinto.fi\/#website"},"datePublished":"2020-08-30T12:11:38+00:00","dateModified":"2021-01-18T15:15:06+00:00","breadcrumb":{"@id":"https:\/\/veteraanienperinto.fi\/index.php\/tietopankit\/itsenaistyminen\/ennen-itsenaistymista-2\/viaporin-kapina\/#breadcrumb"},"inLanguage":"fi","potentialAction":[{"@type":"ReadAction","target":["https:\/\/veteraanienperinto.fi\/index.php\/tietopankit\/itsenaistyminen\/ennen-itsenaistymista-2\/viaporin-kapina\/"]}]},{"@type":"BreadcrumbList","@id":"https:\/\/veteraanienperinto.fi\/index.php\/tietopankit\/itsenaistyminen\/ennen-itsenaistymista-2\/viaporin-kapina\/#breadcrumb","itemListElement":[{"@type":"ListItem","position":1,"name":"Etusivu","item":"https:\/\/veteraanienperinto.fi\/index.php\/etusivu-2\/"},{"@type":"ListItem","position":2,"name":"Tietopankit","item":"https:\/\/veteraanienperinto.fi\/index.php\/tietopankit\/"},{"@type":"ListItem","position":3,"name":"Itsen\u00e4istyminen","item":"https:\/\/veteraanienperinto.fi\/index.php\/tietopankit\/itsenaistyminen\/"},{"@type":"ListItem","position":4,"name":"Ennen itsen\u00e4istymist\u00e4","item":"https:\/\/veteraanienperinto.fi\/index.php\/tietopankit\/itsenaistyminen\/ennen-itsenaistymista-2\/"},{"@type":"ListItem","position":5,"name":"Viaporin kapina"}]},{"@type":"WebSite","@id":"https:\/\/veteraanienperinto.fi\/#website","url":"https:\/\/veteraanienperinto.fi\/","name":"Veteraanien Perint\u00f6","description":"Kadettikunta","potentialAction":[{"@type":"SearchAction","target":{"@type":"EntryPoint","urlTemplate":"https:\/\/veteraanienperinto.fi\/?s={search_term_string}"},"query-input":{"@type":"PropertyValueSpecification","valueRequired":true,"valueName":"search_term_string"}}],"inLanguage":"fi"}]}},"_links":{"self":[{"href":"https:\/\/veteraanienperinto.fi\/index.php\/wp-json\/wp\/v2\/pages\/1440","targetHints":{"allow":["GET"]}}],"collection":[{"href":"https:\/\/veteraanienperinto.fi\/index.php\/wp-json\/wp\/v2\/pages"}],"about":[{"href":"https:\/\/veteraanienperinto.fi\/index.php\/wp-json\/wp\/v2\/types\/page"}],"author":[{"embeddable":true,"href":"https:\/\/veteraanienperinto.fi\/index.php\/wp-json\/wp\/v2\/users\/1"}],"replies":[{"embeddable":true,"href":"https:\/\/veteraanienperinto.fi\/index.php\/wp-json\/wp\/v2\/comments?post=1440"}],"version-history":[{"count":5,"href":"https:\/\/veteraanienperinto.fi\/index.php\/wp-json\/wp\/v2\/pages\/1440\/revisions"}],"predecessor-version":[{"id":9766,"href":"https:\/\/veteraanienperinto.fi\/index.php\/wp-json\/wp\/v2\/pages\/1440\/revisions\/9766"}],"up":[{"embeddable":true,"href":"https:\/\/veteraanienperinto.fi\/index.php\/wp-json\/wp\/v2\/pages\/513"}],"wp:attachment":[{"href":"https:\/\/veteraanienperinto.fi\/index.php\/wp-json\/wp\/v2\/media?parent=1440"}],"curies":[{"name":"wp","href":"https:\/\/api.w.org\/{rel}","templated":true}]}}