{"id":1443,"date":"2020-08-30T12:12:27","date_gmt":"2020-08-30T12:12:27","guid":{"rendered":"https:\/\/veteraani.ylirotu.fi\/?page_id=1443"},"modified":"2021-01-18T15:18:41","modified_gmt":"2021-01-18T15:18:41","slug":"toinen-sortokausi","status":"publish","type":"page","link":"https:\/\/veteraanienperinto.fi\/index.php\/tietopankit\/itsenaistyminen\/ennen-itsenaistymista-2\/toinen-sortokausi\/","title":{"rendered":"Toinen sortokausi"},"content":{"rendered":"<div id='full_slider_1'  class='avia-fullwidth-slider main_color avia-shadow   avia-builder-el-0  el_before_av_heading  avia-builder-el-first   container_wrap sidebar_right'  ><\/div><div id='after_full_slider_1'  class='main_color av_default_container_wrap container_wrap sidebar_right'  ><div class='container av-section-cont-open' ><div class='template-page content  av-content-small alpha units'><div class='post-entry post-entry-type-page post-entry-1443'><div class='entry-content-wrapper clearfix'>\n\n<style type=\"text\/css\" data-created_by=\"avia_inline_auto\" id=\"style-css-av-kk2pr6vj-3abe2fc3b095d535f42de419af92d07d\">\n#top .av-special-heading.av-kk2pr6vj-3abe2fc3b095d535f42de419af92d07d{\npadding-bottom:10px;\n}\nbody .av-special-heading.av-kk2pr6vj-3abe2fc3b095d535f42de419af92d07d .av-special-heading-tag .heading-char{\nfont-size:25px;\n}\n.av-special-heading.av-kk2pr6vj-3abe2fc3b095d535f42de419af92d07d .av-subheading{\nfont-size:15px;\n}\n<\/style>\n<div  class='av-special-heading av-kk2pr6vj-3abe2fc3b095d535f42de419af92d07d av-special-heading-h3  avia-builder-el-1  el_after_av_slideshow_full  el_before_av_textblock  avia-builder-el-first '><h3 class='av-special-heading-tag'  itemprop=\"headline\"  >Toinen sortokausi<\/h3><div class=\"special-heading-border\"><div class=\"special-heading-inner-border\"><\/div><\/div><\/div>\n<section  class='av_textblock_section av-5j0yv-32ffeda666feb1b866033e60570f395d '   itemscope=\"itemscope\" itemtype=\"https:\/\/schema.org\/CreativeWork\" ><div class='avia_textblock'  itemprop=\"text\" ><h3>Toinen sortokausi<\/h3>\n<\/div><\/section>\n<section  class='av_textblock_section av-32iapf-223915a9981876792909afe2cf94dfd4 '   itemscope=\"itemscope\" itemtype=\"https:\/\/schema.org\/CreativeWork\" ><div class='avia_textblock'  itemprop=\"text\" ><p>Suomessa uskottiin yleisesti vuoden 1905 suurlakon j\u00e4lkeen, ett\u00e4 alkaisi uusi vapaamielisyyden kausi. N\u00e4in ei tapahtunut. Vuodesta 1908 voidaan katsoa alkaneen toisen sortokauden.<\/p>\n<p>Bobrikovin l\u00e4heisimp\u00e4n\u00e4 alaisena toiminut ja hengenheimolaisena tunnettu Frans Albert Seyn nimitettiin silloin Suomen kenraalikuvern\u00f6\u00f6riksi. Suhteet Suomen ja Ven\u00e4j\u00e4n v\u00e4lill\u00e4 alkoivat k\u00e4rjisty\u00e4 v\u00e4litt\u00f6m\u00e4sti. Jo vuonna 1910 julkaistiin manifesti yleisvaltakunnallisesta lains\u00e4\u00e4d\u00e4nn\u00f6st\u00e4. Vuonna 1912 s\u00e4\u00e4dettiin yhdenvertaisuuslaki, joka avasi kaikille ven\u00e4l\u00e4isille mahdollisuudet my\u00f6s suomalaisiin virkoihin.<\/p>\n<p>Suomi oli ajautumassa yh\u00e4 tiiviimmin osaksi Ven\u00e4j\u00e4\u00e4. Valtansa yll\u00e4pit\u00e4miseksi ja omien turvallisuusvaatimusten toteuttamiseksi Ven\u00e4j\u00e4 oli jo kes\u00e4ll\u00e4 1914 keskitt\u00e4nyt Suomeen 30 000 sotilasta. Suomella ei ollut silloin omaa sotav\u00e4ke\u00e4.<\/p>\n<\/div><\/section>\n","protected":false},"excerpt":{"rendered":"","protected":false},"author":1,"featured_media":0,"parent":513,"menu_order":3,"comment_status":"closed","ping_status":"closed","template":"","meta":{"footnotes":""},"class_list":["post-1443","page","type-page","status-publish","hentry"],"yoast_head":"<!-- This site is optimized with the Yoast SEO plugin v27.6 - https:\/\/yoast.com\/product\/yoast-seo-wordpress\/ -->\n<title>Toinen sortokausi - Veteraanien Perint\u00f6<\/title>\n<meta name=\"robots\" content=\"index, follow, max-snippet:-1, max-image-preview:large, max-video-preview:-1\" \/>\n<link rel=\"canonical\" href=\"https:\/\/veteraanienperinto.fi\/index.php\/tietopankit\/itsenaistyminen\/ennen-itsenaistymista-2\/toinen-sortokausi\/\" \/>\n<meta property=\"og:locale\" content=\"fi_FI\" \/>\n<meta property=\"og:type\" content=\"article\" \/>\n<meta property=\"og:title\" content=\"Toinen sortokausi - Veteraanien Perint\u00f6\" \/>\n<meta property=\"og:url\" content=\"https:\/\/veteraanienperinto.fi\/index.php\/tietopankit\/itsenaistyminen\/ennen-itsenaistymista-2\/toinen-sortokausi\/\" \/>\n<meta property=\"og:site_name\" content=\"Veteraanien Perint\u00f6\" \/>\n<meta property=\"article:modified_time\" content=\"2021-01-18T15:18:41+00:00\" \/>\n<meta name=\"twitter:card\" content=\"summary_large_image\" \/>\n<meta name=\"twitter:label1\" content=\"Arvioitu lukuaika\" \/>\n\t<meta name=\"twitter:data1\" content=\"1 minuutti\" \/>\n<script type=\"application\/ld+json\" class=\"yoast-schema-graph\">{\"@context\":\"https:\\\/\\\/schema.org\",\"@graph\":[{\"@type\":\"WebPage\",\"@id\":\"https:\\\/\\\/veteraanienperinto.fi\\\/index.php\\\/tietopankit\\\/itsenaistyminen\\\/ennen-itsenaistymista-2\\\/toinen-sortokausi\\\/\",\"url\":\"https:\\\/\\\/veteraanienperinto.fi\\\/index.php\\\/tietopankit\\\/itsenaistyminen\\\/ennen-itsenaistymista-2\\\/toinen-sortokausi\\\/\",\"name\":\"Toinen sortokausi - Veteraanien Perint\u00f6\",\"isPartOf\":{\"@id\":\"https:\\\/\\\/veteraanienperinto.fi\\\/#website\"},\"datePublished\":\"2020-08-30T12:12:27+00:00\",\"dateModified\":\"2021-01-18T15:18:41+00:00\",\"breadcrumb\":{\"@id\":\"https:\\\/\\\/veteraanienperinto.fi\\\/index.php\\\/tietopankit\\\/itsenaistyminen\\\/ennen-itsenaistymista-2\\\/toinen-sortokausi\\\/#breadcrumb\"},\"inLanguage\":\"fi\",\"potentialAction\":[{\"@type\":\"ReadAction\",\"target\":[\"https:\\\/\\\/veteraanienperinto.fi\\\/index.php\\\/tietopankit\\\/itsenaistyminen\\\/ennen-itsenaistymista-2\\\/toinen-sortokausi\\\/\"]}]},{\"@type\":\"BreadcrumbList\",\"@id\":\"https:\\\/\\\/veteraanienperinto.fi\\\/index.php\\\/tietopankit\\\/itsenaistyminen\\\/ennen-itsenaistymista-2\\\/toinen-sortokausi\\\/#breadcrumb\",\"itemListElement\":[{\"@type\":\"ListItem\",\"position\":1,\"name\":\"Etusivu\",\"item\":\"https:\\\/\\\/veteraanienperinto.fi\\\/index.php\\\/etusivu-2\\\/\"},{\"@type\":\"ListItem\",\"position\":2,\"name\":\"Tietopankit\",\"item\":\"https:\\\/\\\/veteraanienperinto.fi\\\/index.php\\\/tietopankit\\\/\"},{\"@type\":\"ListItem\",\"position\":3,\"name\":\"Itsen\u00e4istyminen\",\"item\":\"https:\\\/\\\/veteraanienperinto.fi\\\/index.php\\\/tietopankit\\\/itsenaistyminen\\\/\"},{\"@type\":\"ListItem\",\"position\":4,\"name\":\"Ennen itsen\u00e4istymist\u00e4\",\"item\":\"https:\\\/\\\/veteraanienperinto.fi\\\/index.php\\\/tietopankit\\\/itsenaistyminen\\\/ennen-itsenaistymista-2\\\/\"},{\"@type\":\"ListItem\",\"position\":5,\"name\":\"Toinen sortokausi\"}]},{\"@type\":\"WebSite\",\"@id\":\"https:\\\/\\\/veteraanienperinto.fi\\\/#website\",\"url\":\"https:\\\/\\\/veteraanienperinto.fi\\\/\",\"name\":\"Veteraanien Perint\u00f6\",\"description\":\"Kadettikunta\",\"potentialAction\":[{\"@type\":\"SearchAction\",\"target\":{\"@type\":\"EntryPoint\",\"urlTemplate\":\"https:\\\/\\\/veteraanienperinto.fi\\\/?s={search_term_string}\"},\"query-input\":{\"@type\":\"PropertyValueSpecification\",\"valueRequired\":true,\"valueName\":\"search_term_string\"}}],\"inLanguage\":\"fi\"}]}<\/script>\n<!-- \/ Yoast SEO plugin. -->","yoast_head_json":{"title":"Toinen sortokausi - Veteraanien Perint\u00f6","robots":{"index":"index","follow":"follow","max-snippet":"max-snippet:-1","max-image-preview":"max-image-preview:large","max-video-preview":"max-video-preview:-1"},"canonical":"https:\/\/veteraanienperinto.fi\/index.php\/tietopankit\/itsenaistyminen\/ennen-itsenaistymista-2\/toinen-sortokausi\/","og_locale":"fi_FI","og_type":"article","og_title":"Toinen sortokausi - Veteraanien Perint\u00f6","og_url":"https:\/\/veteraanienperinto.fi\/index.php\/tietopankit\/itsenaistyminen\/ennen-itsenaistymista-2\/toinen-sortokausi\/","og_site_name":"Veteraanien Perint\u00f6","article_modified_time":"2021-01-18T15:18:41+00:00","twitter_card":"summary_large_image","twitter_misc":{"Arvioitu lukuaika":"1 minuutti"},"schema":{"@context":"https:\/\/schema.org","@graph":[{"@type":"WebPage","@id":"https:\/\/veteraanienperinto.fi\/index.php\/tietopankit\/itsenaistyminen\/ennen-itsenaistymista-2\/toinen-sortokausi\/","url":"https:\/\/veteraanienperinto.fi\/index.php\/tietopankit\/itsenaistyminen\/ennen-itsenaistymista-2\/toinen-sortokausi\/","name":"Toinen sortokausi - Veteraanien Perint\u00f6","isPartOf":{"@id":"https:\/\/veteraanienperinto.fi\/#website"},"datePublished":"2020-08-30T12:12:27+00:00","dateModified":"2021-01-18T15:18:41+00:00","breadcrumb":{"@id":"https:\/\/veteraanienperinto.fi\/index.php\/tietopankit\/itsenaistyminen\/ennen-itsenaistymista-2\/toinen-sortokausi\/#breadcrumb"},"inLanguage":"fi","potentialAction":[{"@type":"ReadAction","target":["https:\/\/veteraanienperinto.fi\/index.php\/tietopankit\/itsenaistyminen\/ennen-itsenaistymista-2\/toinen-sortokausi\/"]}]},{"@type":"BreadcrumbList","@id":"https:\/\/veteraanienperinto.fi\/index.php\/tietopankit\/itsenaistyminen\/ennen-itsenaistymista-2\/toinen-sortokausi\/#breadcrumb","itemListElement":[{"@type":"ListItem","position":1,"name":"Etusivu","item":"https:\/\/veteraanienperinto.fi\/index.php\/etusivu-2\/"},{"@type":"ListItem","position":2,"name":"Tietopankit","item":"https:\/\/veteraanienperinto.fi\/index.php\/tietopankit\/"},{"@type":"ListItem","position":3,"name":"Itsen\u00e4istyminen","item":"https:\/\/veteraanienperinto.fi\/index.php\/tietopankit\/itsenaistyminen\/"},{"@type":"ListItem","position":4,"name":"Ennen itsen\u00e4istymist\u00e4","item":"https:\/\/veteraanienperinto.fi\/index.php\/tietopankit\/itsenaistyminen\/ennen-itsenaistymista-2\/"},{"@type":"ListItem","position":5,"name":"Toinen sortokausi"}]},{"@type":"WebSite","@id":"https:\/\/veteraanienperinto.fi\/#website","url":"https:\/\/veteraanienperinto.fi\/","name":"Veteraanien Perint\u00f6","description":"Kadettikunta","potentialAction":[{"@type":"SearchAction","target":{"@type":"EntryPoint","urlTemplate":"https:\/\/veteraanienperinto.fi\/?s={search_term_string}"},"query-input":{"@type":"PropertyValueSpecification","valueRequired":true,"valueName":"search_term_string"}}],"inLanguage":"fi"}]}},"_links":{"self":[{"href":"https:\/\/veteraanienperinto.fi\/index.php\/wp-json\/wp\/v2\/pages\/1443","targetHints":{"allow":["GET"]}}],"collection":[{"href":"https:\/\/veteraanienperinto.fi\/index.php\/wp-json\/wp\/v2\/pages"}],"about":[{"href":"https:\/\/veteraanienperinto.fi\/index.php\/wp-json\/wp\/v2\/types\/page"}],"author":[{"embeddable":true,"href":"https:\/\/veteraanienperinto.fi\/index.php\/wp-json\/wp\/v2\/users\/1"}],"replies":[{"embeddable":true,"href":"https:\/\/veteraanienperinto.fi\/index.php\/wp-json\/wp\/v2\/comments?post=1443"}],"version-history":[{"count":5,"href":"https:\/\/veteraanienperinto.fi\/index.php\/wp-json\/wp\/v2\/pages\/1443\/revisions"}],"predecessor-version":[{"id":9768,"href":"https:\/\/veteraanienperinto.fi\/index.php\/wp-json\/wp\/v2\/pages\/1443\/revisions\/9768"}],"up":[{"embeddable":true,"href":"https:\/\/veteraanienperinto.fi\/index.php\/wp-json\/wp\/v2\/pages\/513"}],"wp:attachment":[{"href":"https:\/\/veteraanienperinto.fi\/index.php\/wp-json\/wp\/v2\/media?parent=1443"}],"curies":[{"name":"wp","href":"https:\/\/api.w.org\/{rel}","templated":true}]}}