{"id":1549,"date":"2020-08-30T13:04:15","date_gmt":"2020-08-30T13:04:15","guid":{"rendered":"https:\/\/veteraani.ylirotu.fi\/?page_id=1549"},"modified":"2021-01-26T18:53:48","modified_gmt":"2021-01-26T18:53:48","slug":"elinkeinoelama","status":"publish","type":"page","link":"https:\/\/veteraanienperinto.fi\/index.php\/talvisota-etusivu\/taustat\/yhteiskunta\/elinkeinoelama\/","title":{"rendered":"Elinkeinoel\u00e4m\u00e4"},"content":{"rendered":"<div id='full_slider_1'  class='avia-fullwidth-slider main_color avia-shadow   avia-builder-el-0  el_before_av_heading  avia-builder-el-first   container_wrap sidebar_right'  ><\/div><div id='after_full_slider_1'  class='main_color av_default_container_wrap container_wrap sidebar_right'  ><div class='container av-section-cont-open' ><div class='template-page content  av-content-small alpha units'><div class='post-entry post-entry-type-page post-entry-1549'><div class='entry-content-wrapper clearfix'>\n\n<style type=\"text\/css\" data-created_by=\"avia_inline_auto\" id=\"style-css-av-kkecynij-5b52f73bb2a75c4c0c9d46b210e3ffa3\">\n#top .av-special-heading.av-kkecynij-5b52f73bb2a75c4c0c9d46b210e3ffa3{\npadding-bottom:10px;\n}\nbody .av-special-heading.av-kkecynij-5b52f73bb2a75c4c0c9d46b210e3ffa3 .av-special-heading-tag .heading-char{\nfont-size:25px;\n}\n.av-special-heading.av-kkecynij-5b52f73bb2a75c4c0c9d46b210e3ffa3 .av-subheading{\nfont-size:15px;\n}\n<\/style>\n<div  class='av-special-heading av-kkecynij-5b52f73bb2a75c4c0c9d46b210e3ffa3 av-special-heading-h3  avia-builder-el-1  el_after_av_slideshow_full  el_before_av_textblock  avia-builder-el-first '><h3 class='av-special-heading-tag'  itemprop=\"headline\"  >Elinkeinoel\u00e4m\u00e4<\/h3><div class=\"special-heading-border\"><div class=\"special-heading-inner-border\"><\/div><\/div><\/div>\n<section  class='av_textblock_section av-35jltj-5eea266e6c5783da046b054ebb5c8ff9 '   itemscope=\"itemscope\" itemtype=\"https:\/\/schema.org\/CreativeWork\" ><div class='avia_textblock'  itemprop=\"text\" ><p>Elinkeinorakenne muuttui maassamme vuosien 1920-1939 v\u00e4lill\u00e4 siten, ett\u00e4 kun vuonna1920 toimeentulonsa sai teollisuudesta 15 % ja maa- ja mets\u00e4taloudesta 65 % v\u00e4est\u00f6st\u00e4, olivat n\u00e4m\u00e4 luvut vuonna 1939 20% ja 55 %. Teollisuus oli ennen kaikkea puunjalostusteollisuutta, joka oli keskittynyt vesist\u00f6jen varrelle. Vienti ulkomaille koostui l\u00e4hes yksinomaan sahatavarasta ja paperista. Maailmanlaajuinen lama 1930-luvun alussa koski kipe\u00e4sti my\u00f6s suomalaista yhteiskuntaa. Vaikea ty\u00f6tt\u00f6myys ajoi kansalaisia kuljeksimaan ymp\u00e4ri maatamme etsien t\u00f6it\u00e4. Ty\u00f6tt\u00f6myysturva samoin kuin sosiaaliturva olivat silloin hyvin puutteellisia. Useita tuhansia suomalaisia meni salaa rajan yli Neuvostoliittoon paremman toivossa. Suurin osa heist\u00e4 joutui Stalinin vainojen uhriksi.<\/p>\n<p>Laman viel\u00e4 kest\u00e4ess\u00e4 kumottiin maassamme vuonna 1932 kieltolaki. T\u00e4m\u00e4n vuodesta 1919 l\u00e4htien voimassa olleen lain mukaan alkoholin myyminen ja anniskelu oli Suomessa kielletty. Laki ei v\u00e4hent\u00e4nyt olennaisesti alkoholin k\u00e4ytt\u00f6\u00e4. Se ei perustunut kansan oikeusk\u00e4sitykselle ja v\u00e4hensi siksi lakien kunnioitusta. Lain valvonta aiheutti valtiolle paljon kustannuksia ja se rasitti kohtuuttomasti oikeuslaitosta. Valtio ei saanut my\u00f6sk\u00e4\u00e4n verotuloja alkoholin salakaupassa liikkuvista suurista raham\u00e4\u00e4rist\u00e4. Alkoholin, k\u00e4yt\u00e4nn\u00f6ss\u00e4 pirtun, salakuljetus sai hyvin laajat mittasuhteet.<\/p>\n<p>Kieltolain kumoamisesta j\u00e4rjestettiin vuoden 1931 lopussa kansan\u00e4\u00e4nestys, jossa alkoholin vapauttaminen voitti ylivoimaisella \u00e4\u00e4nten enemmist\u00f6ll\u00e4. Alkoholiliikkeiden avautuminen 5.4.1932 oli monin paikoin suuri merkkitapaus.<\/p>\n<p>Lamasta selviytymisen j\u00e4lkeen jatkui maassamme voimakas taloudellinen kehitys. Kansantulo kasvoi vuosina 1920-1938 yli kaksinkertaiseksi. Erityisen hyv\u00e4 oli vuosi 1938 ja sit\u00e4 on pidetty usein vertailukohtana arvioitaessa kansantalouden saavutuksia. Talvisotaan menness\u00e4 oli Suomen kansantulo henke\u00e4 kohden saavuttanut jo esimerkiksi Ranskan ja Hollannin tason.<\/p>\n<p>Taloudellinen kehitys mahdollisti my\u00f6s kansalaisten perusturvan jatkuvan parantamisen. T\u00e4m\u00e4 kohensi elinehtoja ja madalsi sosiaalisia kuiluja. Kehittyv\u00e4 yhteiskunta alettiin n\u00e4hd\u00e4 kaikissa kansankerroksissa puolustamisen arvoiseksi.<\/p>\n<\/div><\/section>\n","protected":false},"excerpt":{"rendered":"","protected":false},"author":1,"featured_media":0,"parent":755,"menu_order":3,"comment_status":"closed","ping_status":"closed","template":"","meta":{"footnotes":""},"class_list":["post-1549","page","type-page","status-publish","hentry"],"yoast_head":"<!-- This site is optimized with the Yoast SEO plugin v27.5 - https:\/\/yoast.com\/product\/yoast-seo-wordpress\/ -->\n<title>Elinkeinoel\u00e4m\u00e4 - Veteraanien Perint\u00f6<\/title>\n<meta name=\"robots\" content=\"index, follow, max-snippet:-1, max-image-preview:large, max-video-preview:-1\" \/>\n<link rel=\"canonical\" href=\"https:\/\/veteraanienperinto.fi\/index.php\/talvisota-etusivu\/taustat\/yhteiskunta\/elinkeinoelama\/\" \/>\n<meta property=\"og:locale\" content=\"fi_FI\" \/>\n<meta property=\"og:type\" content=\"article\" \/>\n<meta property=\"og:title\" content=\"Elinkeinoel\u00e4m\u00e4 - Veteraanien Perint\u00f6\" \/>\n<meta property=\"og:url\" content=\"https:\/\/veteraanienperinto.fi\/index.php\/talvisota-etusivu\/taustat\/yhteiskunta\/elinkeinoelama\/\" \/>\n<meta property=\"og:site_name\" content=\"Veteraanien Perint\u00f6\" \/>\n<meta property=\"article:modified_time\" content=\"2021-01-26T18:53:48+00:00\" \/>\n<meta name=\"twitter:card\" content=\"summary_large_image\" \/>\n<meta name=\"twitter:label1\" content=\"Arvioitu lukuaika\" \/>\n\t<meta name=\"twitter:data1\" content=\"2 minuuttia\" \/>\n<script type=\"application\/ld+json\" class=\"yoast-schema-graph\">{\"@context\":\"https:\\\/\\\/schema.org\",\"@graph\":[{\"@type\":\"WebPage\",\"@id\":\"https:\\\/\\\/veteraanienperinto.fi\\\/index.php\\\/talvisota-etusivu\\\/taustat\\\/yhteiskunta\\\/elinkeinoelama\\\/\",\"url\":\"https:\\\/\\\/veteraanienperinto.fi\\\/index.php\\\/talvisota-etusivu\\\/taustat\\\/yhteiskunta\\\/elinkeinoelama\\\/\",\"name\":\"Elinkeinoel\u00e4m\u00e4 - Veteraanien Perint\u00f6\",\"isPartOf\":{\"@id\":\"https:\\\/\\\/veteraanienperinto.fi\\\/#website\"},\"datePublished\":\"2020-08-30T13:04:15+00:00\",\"dateModified\":\"2021-01-26T18:53:48+00:00\",\"breadcrumb\":{\"@id\":\"https:\\\/\\\/veteraanienperinto.fi\\\/index.php\\\/talvisota-etusivu\\\/taustat\\\/yhteiskunta\\\/elinkeinoelama\\\/#breadcrumb\"},\"inLanguage\":\"fi\",\"potentialAction\":[{\"@type\":\"ReadAction\",\"target\":[\"https:\\\/\\\/veteraanienperinto.fi\\\/index.php\\\/talvisota-etusivu\\\/taustat\\\/yhteiskunta\\\/elinkeinoelama\\\/\"]}]},{\"@type\":\"BreadcrumbList\",\"@id\":\"https:\\\/\\\/veteraanienperinto.fi\\\/index.php\\\/talvisota-etusivu\\\/taustat\\\/yhteiskunta\\\/elinkeinoelama\\\/#breadcrumb\",\"itemListElement\":[{\"@type\":\"ListItem\",\"position\":1,\"name\":\"Etusivu\",\"item\":\"https:\\\/\\\/veteraanienperinto.fi\\\/index.php\\\/etusivu-2\\\/\"},{\"@type\":\"ListItem\",\"position\":2,\"name\":\"Talvisota\",\"item\":\"https:\\\/\\\/veteraanienperinto.fi\\\/index.php\\\/talvisota-etusivu\\\/\"},{\"@type\":\"ListItem\",\"position\":3,\"name\":\"Talvisodan taustat\",\"item\":\"https:\\\/\\\/veteraanienperinto.fi\\\/index.php\\\/talvisota-etusivu\\\/taustat\\\/\"},{\"@type\":\"ListItem\",\"position\":4,\"name\":\"Yhteiskunta\",\"item\":\"https:\\\/\\\/veteraanienperinto.fi\\\/index.php\\\/talvisota-etusivu\\\/taustat\\\/yhteiskunta\\\/\"},{\"@type\":\"ListItem\",\"position\":5,\"name\":\"Elinkeinoel\u00e4m\u00e4\"}]},{\"@type\":\"WebSite\",\"@id\":\"https:\\\/\\\/veteraanienperinto.fi\\\/#website\",\"url\":\"https:\\\/\\\/veteraanienperinto.fi\\\/\",\"name\":\"Veteraanien Perint\u00f6\",\"description\":\"Kadettikunta\",\"potentialAction\":[{\"@type\":\"SearchAction\",\"target\":{\"@type\":\"EntryPoint\",\"urlTemplate\":\"https:\\\/\\\/veteraanienperinto.fi\\\/?s={search_term_string}\"},\"query-input\":{\"@type\":\"PropertyValueSpecification\",\"valueRequired\":true,\"valueName\":\"search_term_string\"}}],\"inLanguage\":\"fi\"}]}<\/script>\n<!-- \/ Yoast SEO plugin. -->","yoast_head_json":{"title":"Elinkeinoel\u00e4m\u00e4 - Veteraanien Perint\u00f6","robots":{"index":"index","follow":"follow","max-snippet":"max-snippet:-1","max-image-preview":"max-image-preview:large","max-video-preview":"max-video-preview:-1"},"canonical":"https:\/\/veteraanienperinto.fi\/index.php\/talvisota-etusivu\/taustat\/yhteiskunta\/elinkeinoelama\/","og_locale":"fi_FI","og_type":"article","og_title":"Elinkeinoel\u00e4m\u00e4 - Veteraanien Perint\u00f6","og_url":"https:\/\/veteraanienperinto.fi\/index.php\/talvisota-etusivu\/taustat\/yhteiskunta\/elinkeinoelama\/","og_site_name":"Veteraanien Perint\u00f6","article_modified_time":"2021-01-26T18:53:48+00:00","twitter_card":"summary_large_image","twitter_misc":{"Arvioitu lukuaika":"2 minuuttia"},"schema":{"@context":"https:\/\/schema.org","@graph":[{"@type":"WebPage","@id":"https:\/\/veteraanienperinto.fi\/index.php\/talvisota-etusivu\/taustat\/yhteiskunta\/elinkeinoelama\/","url":"https:\/\/veteraanienperinto.fi\/index.php\/talvisota-etusivu\/taustat\/yhteiskunta\/elinkeinoelama\/","name":"Elinkeinoel\u00e4m\u00e4 - Veteraanien Perint\u00f6","isPartOf":{"@id":"https:\/\/veteraanienperinto.fi\/#website"},"datePublished":"2020-08-30T13:04:15+00:00","dateModified":"2021-01-26T18:53:48+00:00","breadcrumb":{"@id":"https:\/\/veteraanienperinto.fi\/index.php\/talvisota-etusivu\/taustat\/yhteiskunta\/elinkeinoelama\/#breadcrumb"},"inLanguage":"fi","potentialAction":[{"@type":"ReadAction","target":["https:\/\/veteraanienperinto.fi\/index.php\/talvisota-etusivu\/taustat\/yhteiskunta\/elinkeinoelama\/"]}]},{"@type":"BreadcrumbList","@id":"https:\/\/veteraanienperinto.fi\/index.php\/talvisota-etusivu\/taustat\/yhteiskunta\/elinkeinoelama\/#breadcrumb","itemListElement":[{"@type":"ListItem","position":1,"name":"Etusivu","item":"https:\/\/veteraanienperinto.fi\/index.php\/etusivu-2\/"},{"@type":"ListItem","position":2,"name":"Talvisota","item":"https:\/\/veteraanienperinto.fi\/index.php\/talvisota-etusivu\/"},{"@type":"ListItem","position":3,"name":"Talvisodan taustat","item":"https:\/\/veteraanienperinto.fi\/index.php\/talvisota-etusivu\/taustat\/"},{"@type":"ListItem","position":4,"name":"Yhteiskunta","item":"https:\/\/veteraanienperinto.fi\/index.php\/talvisota-etusivu\/taustat\/yhteiskunta\/"},{"@type":"ListItem","position":5,"name":"Elinkeinoel\u00e4m\u00e4"}]},{"@type":"WebSite","@id":"https:\/\/veteraanienperinto.fi\/#website","url":"https:\/\/veteraanienperinto.fi\/","name":"Veteraanien Perint\u00f6","description":"Kadettikunta","potentialAction":[{"@type":"SearchAction","target":{"@type":"EntryPoint","urlTemplate":"https:\/\/veteraanienperinto.fi\/?s={search_term_string}"},"query-input":{"@type":"PropertyValueSpecification","valueRequired":true,"valueName":"search_term_string"}}],"inLanguage":"fi"}]}},"_links":{"self":[{"href":"https:\/\/veteraanienperinto.fi\/index.php\/wp-json\/wp\/v2\/pages\/1549","targetHints":{"allow":["GET"]}}],"collection":[{"href":"https:\/\/veteraanienperinto.fi\/index.php\/wp-json\/wp\/v2\/pages"}],"about":[{"href":"https:\/\/veteraanienperinto.fi\/index.php\/wp-json\/wp\/v2\/types\/page"}],"author":[{"embeddable":true,"href":"https:\/\/veteraanienperinto.fi\/index.php\/wp-json\/wp\/v2\/users\/1"}],"replies":[{"embeddable":true,"href":"https:\/\/veteraanienperinto.fi\/index.php\/wp-json\/wp\/v2\/comments?post=1549"}],"version-history":[{"count":6,"href":"https:\/\/veteraanienperinto.fi\/index.php\/wp-json\/wp\/v2\/pages\/1549\/revisions"}],"predecessor-version":[{"id":10801,"href":"https:\/\/veteraanienperinto.fi\/index.php\/wp-json\/wp\/v2\/pages\/1549\/revisions\/10801"}],"up":[{"embeddable":true,"href":"https:\/\/veteraanienperinto.fi\/index.php\/wp-json\/wp\/v2\/pages\/755"}],"wp:attachment":[{"href":"https:\/\/veteraanienperinto.fi\/index.php\/wp-json\/wp\/v2\/media?parent=1549"}],"curies":[{"name":"wp","href":"https:\/\/api.w.org\/{rel}","templated":true}]}}