{"id":1552,"date":"2020-08-30T13:04:57","date_gmt":"2020-08-30T13:04:57","guid":{"rendered":"https:\/\/veteraani.ylirotu.fi\/?page_id=1552"},"modified":"2021-01-26T18:54:19","modified_gmt":"2021-01-26T18:54:19","slug":"liikenne","status":"publish","type":"page","link":"https:\/\/veteraanienperinto.fi\/index.php\/talvisota-etusivu\/taustat\/yhteiskunta\/liikenne\/","title":{"rendered":"Liikenne"},"content":{"rendered":"<div id='full_slider_1'  class='avia-fullwidth-slider main_color avia-shadow   avia-builder-el-0  el_before_av_heading  avia-builder-el-first   container_wrap sidebar_right'  ><\/div><div id='after_full_slider_1'  class='main_color av_default_container_wrap container_wrap sidebar_right'  ><div class='container av-section-cont-open' ><div class='template-page content  av-content-small alpha units'><div class='post-entry post-entry-type-page post-entry-1552'><div class='entry-content-wrapper clearfix'>\n\n<style type=\"text\/css\" data-created_by=\"avia_inline_auto\" id=\"style-css-av-kkeczbuv-ccd92fec40182506d24fce61a358835e\">\n#top .av-special-heading.av-kkeczbuv-ccd92fec40182506d24fce61a358835e{\npadding-bottom:10px;\n}\nbody .av-special-heading.av-kkeczbuv-ccd92fec40182506d24fce61a358835e .av-special-heading-tag .heading-char{\nfont-size:25px;\n}\n.av-special-heading.av-kkeczbuv-ccd92fec40182506d24fce61a358835e .av-subheading{\nfont-size:15px;\n}\n<\/style>\n<div  class='av-special-heading av-kkeczbuv-ccd92fec40182506d24fce61a358835e av-special-heading-h3  avia-builder-el-1  el_after_av_slideshow_full  el_before_av_textblock  avia-builder-el-first '><h3 class='av-special-heading-tag'  itemprop=\"headline\"  >Liikenne<\/h3><div class=\"special-heading-border\"><div class=\"special-heading-inner-border\"><\/div><\/div><\/div>\n<section  class='av_textblock_section av-35jltj-5eea266e6c5783da046b054ebb5c8ff9 '   itemscope=\"itemscope\" itemtype=\"https:\/\/schema.org\/CreativeWork\" ><div class='avia_textblock'  itemprop=\"text\" ><p>Rautateiden p\u00e4\u00e4radat oli rakennettu jo Ven\u00e4j\u00e4n vallan aikana. Itsen\u00e4istymisen j\u00e4lkeen rakennettiin l\u00e4hinn\u00e4 poikittais- ja paikallisratoja. Linja-autoyhteyksi\u00e4 kehitettiin voimakkaasti jo 1920-luvun alusta l\u00e4htien, mik\u00e4 lis\u00e4si v\u00e4est\u00f6n liikkumismahdollisuuksia ratkaisevasti. Vanhasta kyytilaitoksesta voitiin v\u00e4hitellen luopua ja my\u00f6s sis\u00e4vesien laivaliikenne alkoi menett\u00e4\u00e4 matkustajia linja-autoille.<\/p>\n<p>Vuonna 1925 linja-autoliikenteess\u00e4 oli jo noin 1000 autoa, joista kuitenkin vain osa oli alunperin suunniteltu henkil\u00f6liikenteeseen. Tavarankuljetuksissa hevoset saivat v\u00e4isty\u00e4 suureksi osaksi jo 1920-luvulla kuorma-autojen tielt\u00e4. Maataloust\u00f6iss\u00e4 hevonen oli s\u00e4ilytt\u00e4nyt asemansa ja esimerkiksi vuonna 1939 maassamme oli 318000 t\u00e4ysi-ik\u00e4ist\u00e4 hevosta.<\/p>\n<p>Maanteiden rakentamisen ja kunnostamisen ansiosta maassamme oli jo 1920-luvulla 40000 kilometri\u00e4 k\u00e4ytt\u00f6kelpoisia maanteit\u00e4. Autojen m\u00e4\u00e4r\u00e4 nousi vuoden 1922 1500:sta vuoteen 1939 menness\u00e4 l\u00e4hes yli 53000:een. Viimeksi mainitusta m\u00e4\u00e4r\u00e4st\u00e4 yli 30000 eli 60% oli henkil\u00f6autoja, mik\u00e4 oli osoitus yksityisautoilun jatkuvasta lis\u00e4\u00e4ntymisest\u00e4.<\/p>\n<p>Linja-autojen m\u00e4\u00e4r\u00e4 oli kasvanut 3200:aan ja kuorma-autojen yli 20000:een. P\u00e4\u00e4osa kuorma-autoista oli hyvin pieni\u00e4 ja niitten kuljetuskyky oli vaatimaton. Liikenteen kehittyminen alkoi jo 1920-luvun lopulla vaikuttaa kaupunkien rakenteeseen. Alkoi synty\u00e4 esikaupunkeja, joissa asui osa kaupunkien keskustassa ty\u00f6skentelev\u00e4st\u00e4 v\u00e4est\u00f6st\u00e4.<\/p>\n<\/div><\/section>\n","protected":false},"excerpt":{"rendered":"","protected":false},"author":1,"featured_media":0,"parent":755,"menu_order":4,"comment_status":"closed","ping_status":"closed","template":"","meta":{"footnotes":""},"class_list":["post-1552","page","type-page","status-publish","hentry"],"yoast_head":"<!-- This site is optimized with the Yoast SEO plugin v27.5 - https:\/\/yoast.com\/product\/yoast-seo-wordpress\/ -->\n<title>Liikenne - Veteraanien Perint\u00f6<\/title>\n<meta name=\"robots\" content=\"index, follow, max-snippet:-1, max-image-preview:large, max-video-preview:-1\" \/>\n<link rel=\"canonical\" href=\"https:\/\/veteraanienperinto.fi\/index.php\/talvisota-etusivu\/taustat\/yhteiskunta\/liikenne\/\" \/>\n<meta property=\"og:locale\" content=\"fi_FI\" \/>\n<meta property=\"og:type\" content=\"article\" \/>\n<meta property=\"og:title\" content=\"Liikenne - Veteraanien Perint\u00f6\" \/>\n<meta property=\"og:url\" content=\"https:\/\/veteraanienperinto.fi\/index.php\/talvisota-etusivu\/taustat\/yhteiskunta\/liikenne\/\" \/>\n<meta property=\"og:site_name\" content=\"Veteraanien Perint\u00f6\" \/>\n<meta property=\"article:modified_time\" content=\"2021-01-26T18:54:19+00:00\" \/>\n<meta name=\"twitter:card\" content=\"summary_large_image\" \/>\n<meta name=\"twitter:label1\" content=\"Arvioitu lukuaika\" \/>\n\t<meta name=\"twitter:data1\" content=\"2 minuuttia\" \/>\n<script type=\"application\/ld+json\" class=\"yoast-schema-graph\">{\"@context\":\"https:\\\/\\\/schema.org\",\"@graph\":[{\"@type\":\"WebPage\",\"@id\":\"https:\\\/\\\/veteraanienperinto.fi\\\/index.php\\\/talvisota-etusivu\\\/taustat\\\/yhteiskunta\\\/liikenne\\\/\",\"url\":\"https:\\\/\\\/veteraanienperinto.fi\\\/index.php\\\/talvisota-etusivu\\\/taustat\\\/yhteiskunta\\\/liikenne\\\/\",\"name\":\"Liikenne - Veteraanien Perint\u00f6\",\"isPartOf\":{\"@id\":\"https:\\\/\\\/veteraanienperinto.fi\\\/#website\"},\"datePublished\":\"2020-08-30T13:04:57+00:00\",\"dateModified\":\"2021-01-26T18:54:19+00:00\",\"breadcrumb\":{\"@id\":\"https:\\\/\\\/veteraanienperinto.fi\\\/index.php\\\/talvisota-etusivu\\\/taustat\\\/yhteiskunta\\\/liikenne\\\/#breadcrumb\"},\"inLanguage\":\"fi\",\"potentialAction\":[{\"@type\":\"ReadAction\",\"target\":[\"https:\\\/\\\/veteraanienperinto.fi\\\/index.php\\\/talvisota-etusivu\\\/taustat\\\/yhteiskunta\\\/liikenne\\\/\"]}]},{\"@type\":\"BreadcrumbList\",\"@id\":\"https:\\\/\\\/veteraanienperinto.fi\\\/index.php\\\/talvisota-etusivu\\\/taustat\\\/yhteiskunta\\\/liikenne\\\/#breadcrumb\",\"itemListElement\":[{\"@type\":\"ListItem\",\"position\":1,\"name\":\"Etusivu\",\"item\":\"https:\\\/\\\/veteraanienperinto.fi\\\/index.php\\\/etusivu-2\\\/\"},{\"@type\":\"ListItem\",\"position\":2,\"name\":\"Talvisota\",\"item\":\"https:\\\/\\\/veteraanienperinto.fi\\\/index.php\\\/talvisota-etusivu\\\/\"},{\"@type\":\"ListItem\",\"position\":3,\"name\":\"Talvisodan taustat\",\"item\":\"https:\\\/\\\/veteraanienperinto.fi\\\/index.php\\\/talvisota-etusivu\\\/taustat\\\/\"},{\"@type\":\"ListItem\",\"position\":4,\"name\":\"Yhteiskunta\",\"item\":\"https:\\\/\\\/veteraanienperinto.fi\\\/index.php\\\/talvisota-etusivu\\\/taustat\\\/yhteiskunta\\\/\"},{\"@type\":\"ListItem\",\"position\":5,\"name\":\"Liikenne\"}]},{\"@type\":\"WebSite\",\"@id\":\"https:\\\/\\\/veteraanienperinto.fi\\\/#website\",\"url\":\"https:\\\/\\\/veteraanienperinto.fi\\\/\",\"name\":\"Veteraanien Perint\u00f6\",\"description\":\"Kadettikunta\",\"potentialAction\":[{\"@type\":\"SearchAction\",\"target\":{\"@type\":\"EntryPoint\",\"urlTemplate\":\"https:\\\/\\\/veteraanienperinto.fi\\\/?s={search_term_string}\"},\"query-input\":{\"@type\":\"PropertyValueSpecification\",\"valueRequired\":true,\"valueName\":\"search_term_string\"}}],\"inLanguage\":\"fi\"}]}<\/script>\n<!-- \/ Yoast SEO plugin. -->","yoast_head_json":{"title":"Liikenne - Veteraanien Perint\u00f6","robots":{"index":"index","follow":"follow","max-snippet":"max-snippet:-1","max-image-preview":"max-image-preview:large","max-video-preview":"max-video-preview:-1"},"canonical":"https:\/\/veteraanienperinto.fi\/index.php\/talvisota-etusivu\/taustat\/yhteiskunta\/liikenne\/","og_locale":"fi_FI","og_type":"article","og_title":"Liikenne - Veteraanien Perint\u00f6","og_url":"https:\/\/veteraanienperinto.fi\/index.php\/talvisota-etusivu\/taustat\/yhteiskunta\/liikenne\/","og_site_name":"Veteraanien Perint\u00f6","article_modified_time":"2021-01-26T18:54:19+00:00","twitter_card":"summary_large_image","twitter_misc":{"Arvioitu lukuaika":"2 minuuttia"},"schema":{"@context":"https:\/\/schema.org","@graph":[{"@type":"WebPage","@id":"https:\/\/veteraanienperinto.fi\/index.php\/talvisota-etusivu\/taustat\/yhteiskunta\/liikenne\/","url":"https:\/\/veteraanienperinto.fi\/index.php\/talvisota-etusivu\/taustat\/yhteiskunta\/liikenne\/","name":"Liikenne - Veteraanien Perint\u00f6","isPartOf":{"@id":"https:\/\/veteraanienperinto.fi\/#website"},"datePublished":"2020-08-30T13:04:57+00:00","dateModified":"2021-01-26T18:54:19+00:00","breadcrumb":{"@id":"https:\/\/veteraanienperinto.fi\/index.php\/talvisota-etusivu\/taustat\/yhteiskunta\/liikenne\/#breadcrumb"},"inLanguage":"fi","potentialAction":[{"@type":"ReadAction","target":["https:\/\/veteraanienperinto.fi\/index.php\/talvisota-etusivu\/taustat\/yhteiskunta\/liikenne\/"]}]},{"@type":"BreadcrumbList","@id":"https:\/\/veteraanienperinto.fi\/index.php\/talvisota-etusivu\/taustat\/yhteiskunta\/liikenne\/#breadcrumb","itemListElement":[{"@type":"ListItem","position":1,"name":"Etusivu","item":"https:\/\/veteraanienperinto.fi\/index.php\/etusivu-2\/"},{"@type":"ListItem","position":2,"name":"Talvisota","item":"https:\/\/veteraanienperinto.fi\/index.php\/talvisota-etusivu\/"},{"@type":"ListItem","position":3,"name":"Talvisodan taustat","item":"https:\/\/veteraanienperinto.fi\/index.php\/talvisota-etusivu\/taustat\/"},{"@type":"ListItem","position":4,"name":"Yhteiskunta","item":"https:\/\/veteraanienperinto.fi\/index.php\/talvisota-etusivu\/taustat\/yhteiskunta\/"},{"@type":"ListItem","position":5,"name":"Liikenne"}]},{"@type":"WebSite","@id":"https:\/\/veteraanienperinto.fi\/#website","url":"https:\/\/veteraanienperinto.fi\/","name":"Veteraanien Perint\u00f6","description":"Kadettikunta","potentialAction":[{"@type":"SearchAction","target":{"@type":"EntryPoint","urlTemplate":"https:\/\/veteraanienperinto.fi\/?s={search_term_string}"},"query-input":{"@type":"PropertyValueSpecification","valueRequired":true,"valueName":"search_term_string"}}],"inLanguage":"fi"}]}},"_links":{"self":[{"href":"https:\/\/veteraanienperinto.fi\/index.php\/wp-json\/wp\/v2\/pages\/1552","targetHints":{"allow":["GET"]}}],"collection":[{"href":"https:\/\/veteraanienperinto.fi\/index.php\/wp-json\/wp\/v2\/pages"}],"about":[{"href":"https:\/\/veteraanienperinto.fi\/index.php\/wp-json\/wp\/v2\/types\/page"}],"author":[{"embeddable":true,"href":"https:\/\/veteraanienperinto.fi\/index.php\/wp-json\/wp\/v2\/users\/1"}],"replies":[{"embeddable":true,"href":"https:\/\/veteraanienperinto.fi\/index.php\/wp-json\/wp\/v2\/comments?post=1552"}],"version-history":[{"count":6,"href":"https:\/\/veteraanienperinto.fi\/index.php\/wp-json\/wp\/v2\/pages\/1552\/revisions"}],"predecessor-version":[{"id":10803,"href":"https:\/\/veteraanienperinto.fi\/index.php\/wp-json\/wp\/v2\/pages\/1552\/revisions\/10803"}],"up":[{"embeddable":true,"href":"https:\/\/veteraanienperinto.fi\/index.php\/wp-json\/wp\/v2\/pages\/755"}],"wp:attachment":[{"href":"https:\/\/veteraanienperinto.fi\/index.php\/wp-json\/wp\/v2\/media?parent=1552"}],"curies":[{"name":"wp","href":"https:\/\/api.w.org\/{rel}","templated":true}]}}