{"id":1680,"date":"2020-08-31T08:36:28","date_gmt":"2020-08-31T08:36:28","guid":{"rendered":"https:\/\/veteraani.ylirotu.fi\/?page_id=1680"},"modified":"2021-01-26T14:21:54","modified_gmt":"2021-01-26T14:21:54","slug":"mika-oli-salpalinja","status":"publish","type":"page","link":"https:\/\/veteraanienperinto.fi\/index.php\/jatkosota-etusivu\/jatkosodan-kertomukset\/valirauhan-aika\/siirtovaki-2\/mika-oli-salpalinja\/","title":{"rendered":"Mik\u00e4 oli Salpalinja?"},"content":{"rendered":"\n<style type=\"text\/css\" data-created_by=\"avia_inline_auto\" id=\"style-css-av-kke38xo9-7da1ccb5abaf90fc666c298b4959dfd6\">\n#top .av-special-heading.av-kke38xo9-7da1ccb5abaf90fc666c298b4959dfd6{\npadding-bottom:10px;\n}\nbody .av-special-heading.av-kke38xo9-7da1ccb5abaf90fc666c298b4959dfd6 .av-special-heading-tag .heading-char{\nfont-size:25px;\n}\n.av-special-heading.av-kke38xo9-7da1ccb5abaf90fc666c298b4959dfd6 .av-subheading{\nfont-size:15px;\n}\n<\/style>\n<div  class='av-special-heading av-kke38xo9-7da1ccb5abaf90fc666c298b4959dfd6 av-special-heading-h3  avia-builder-el-0  el_before_av_textblock  avia-builder-el-first '><h3 class='av-special-heading-tag'  itemprop=\"headline\"  >Mik\u00e4 oli Salpalinja?<\/h3><div class=\"special-heading-border\"><div class=\"special-heading-inner-border\"><\/div><\/div><\/div>\n<section  class='av_textblock_section av-kei9ysn8-90975d6716a51c2cac3750bc0363077b '   itemscope=\"itemscope\" itemtype=\"https:\/\/schema.org\/CreativeWork\" ><div class='avia_textblock'  itemprop=\"text\" ><p><strong><img loading=\"lazy\" decoding=\"async\" class=\"size-medium wp-image-2826 alignright\" src=\"https:\/\/veteraanienperinto.fi\/wp-content\/uploads\/2020\/09\/Salpalinja-300x245.jpg\" alt=\"\" width=\"300\" height=\"245\" srcset=\"https:\/\/veteraanienperinto.fi\/wp-content\/uploads\/2020\/09\/Salpalinja-300x245.jpg 300w, https:\/\/veteraanienperinto.fi\/wp-content\/uploads\/2020\/09\/Salpalinja.jpg 367w\" sizes=\"auto, (max-width: 300px) 100vw, 300px\" \/>Toivo Mustonen:<\/strong><\/p>\n<p>Kuten olen jossain yhteydess\u00e4 kertonut, olin ennen sotia linnoitust\u00f6iss\u00e4 Karjalan kannaksella. En silloin tiennyt, ett\u00e4 joudun linnoittamaan viel\u00e4 my\u00f6hemmin. Tosin hyvin v\u00e4h\u00e4isess\u00e4 m\u00e4\u00e4rin. Se tapahtui talvisodan j\u00e4lkeen. Kun sota oli p\u00e4\u00e4ttynyt sijoitettiin meid\u00e4t sotilaat Suonialan kyl\u00e4\u00e4n. Kyl\u00e4 sijaitsee Kivij\u00e4rven rannalla. Kaivoimme Kivij\u00e4rven er\u00e4\u00e4seen saareen taisteluhautaa. Se ty\u00f6 ei ollut suuri, vain murto-osa, h\u00e4vi\u00e4v\u00e4n pieni osa koko Salpalinjan urakasta.<\/p>\n<p>Mik\u00e4 oli Salpalinja? Se oli Suomenlahden, Kivij\u00e4rven, Saimaan, Pielisen ja Petsamon alueella oleva linja, jota alettiin rakentamaan talvisodan j\u00e4lkeen vuonna 1940.<\/p>\n<p>Linjan tarkoitus oli est\u00e4\u00e4 ryss\u00e4n tuleminen sis\u00e4suomeen, kun ne yritt\u00e4v\u00e4t tuhota viel\u00e4 koko Suomen. Linja oli puolustuksellisesti eritt\u00e4in huono.<\/p>\n<p>Luin teoksen: jouni T\u00f6yryl\u00e4: Bunkkeri. Kuin luin teosta, tuli mieleeni, etten tiennyt silloin, kun kavelin taisteluhautaa Kivij\u00e4rven saareen, millainen suururakka Salpalinja oli Suomen kansalle. Ja millaisen urakan ryss\u00e4 j\u00e4rjesti Suomen kansalle.<\/p>\n<p>Urakka oli seuraavanlainen. Kaikkiaan betonikorsuja yms. Kestolinnoitteita toteutettiin 728 &#8221;laitetta&#8221;. N\u00e4iden lis\u00e4ksi linjaa t\u00e4ydensi 600 puusta, maasta ja kivest\u00e4 rakennettua katettua konekiv\u00e4\u00e4riasemaa ja pes\u00e4kett\u00e4. Katettujen lis\u00e4ksi asemassa oli runsaat 1000 avonaista konekiv\u00e4\u00e4riasemaa. Panssarintoruntatykkiasemia oli 350, kranaatinheitin-, tykist\u00f6- ja tulenjohtoasemia oli satoja. Taistelu-, ns. juoksuhautaa rakennettiin ainakin 350 km ja panssarintorjuntaestekivetyst\u00e4 yli 225 km. Kivi\u00e4 tarvittiin 350 000 kivilohkaretta. Puurakenteisia kentt\u00e4korsuja 550 kpl rakennettiin, samoin piikkilankaestett\u00e4 315 km. Ampuma-alaa raivattiin l\u00e4hes 3000 hehtaaria.<\/p>\n<p>Kyll\u00e4 em. luettelo on tosi mahtava. Ja sen kaiken aiheutti suuri ja mahtava neuvostoliitto.<\/p>\n<p>Edell\u00e4 esitt\u00e4m\u00e4ni olen kertonut siksi, ett\u00e4 muistettaisiin, mit\u00e4 suuri naapuri on Suomen kansalla teet\u00e4tt\u00e4nyt.<\/p>\n<\/div><\/section>\n","protected":false},"excerpt":{"rendered":"","protected":false},"author":2,"featured_media":0,"parent":2819,"menu_order":0,"comment_status":"closed","ping_status":"closed","template":"","meta":{"footnotes":""},"class_list":["post-1680","page","type-page","status-publish","hentry"],"yoast_head":"<!-- This site is optimized with the Yoast SEO plugin v27.6 - https:\/\/yoast.com\/product\/yoast-seo-wordpress\/ -->\n<title>Mik\u00e4 oli Salpalinja? - Veteraanien Perint\u00f6<\/title>\n<meta name=\"robots\" content=\"index, follow, max-snippet:-1, max-image-preview:large, max-video-preview:-1\" \/>\n<link rel=\"canonical\" href=\"https:\/\/veteraanienperinto.fi\/index.php\/jatkosota-etusivu\/jatkosodan-kertomukset\/valirauhan-aika\/siirtovaki-2\/mika-oli-salpalinja\/\" \/>\n<meta property=\"og:locale\" content=\"fi_FI\" \/>\n<meta property=\"og:type\" content=\"article\" \/>\n<meta property=\"og:title\" content=\"Mik\u00e4 oli Salpalinja? - Veteraanien Perint\u00f6\" \/>\n<meta property=\"og:url\" content=\"https:\/\/veteraanienperinto.fi\/index.php\/jatkosota-etusivu\/jatkosodan-kertomukset\/valirauhan-aika\/siirtovaki-2\/mika-oli-salpalinja\/\" \/>\n<meta property=\"og:site_name\" content=\"Veteraanien Perint\u00f6\" \/>\n<meta property=\"article:modified_time\" content=\"2021-01-26T14:21:54+00:00\" \/>\n<meta property=\"og:image\" content=\"https:\/\/veteraanienperinto.fi\/wp-content\/uploads\/2020\/09\/Salpalinja-300x245.jpg\" \/>\n<meta name=\"twitter:card\" content=\"summary_large_image\" \/>\n<meta name=\"twitter:label1\" content=\"Arvioitu lukuaika\" \/>\n\t<meta name=\"twitter:data1\" content=\"2 minuuttia\" \/>\n<script type=\"application\/ld+json\" class=\"yoast-schema-graph\">{\"@context\":\"https:\\\/\\\/schema.org\",\"@graph\":[{\"@type\":\"WebPage\",\"@id\":\"https:\\\/\\\/veteraanienperinto.fi\\\/index.php\\\/jatkosota-etusivu\\\/jatkosodan-kertomukset\\\/valirauhan-aika\\\/siirtovaki-2\\\/mika-oli-salpalinja\\\/\",\"url\":\"https:\\\/\\\/veteraanienperinto.fi\\\/index.php\\\/jatkosota-etusivu\\\/jatkosodan-kertomukset\\\/valirauhan-aika\\\/siirtovaki-2\\\/mika-oli-salpalinja\\\/\",\"name\":\"Mik\u00e4 oli Salpalinja? - Veteraanien Perint\u00f6\",\"isPartOf\":{\"@id\":\"https:\\\/\\\/veteraanienperinto.fi\\\/#website\"},\"primaryImageOfPage\":{\"@id\":\"https:\\\/\\\/veteraanienperinto.fi\\\/index.php\\\/jatkosota-etusivu\\\/jatkosodan-kertomukset\\\/valirauhan-aika\\\/siirtovaki-2\\\/mika-oli-salpalinja\\\/#primaryimage\"},\"image\":{\"@id\":\"https:\\\/\\\/veteraanienperinto.fi\\\/index.php\\\/jatkosota-etusivu\\\/jatkosodan-kertomukset\\\/valirauhan-aika\\\/siirtovaki-2\\\/mika-oli-salpalinja\\\/#primaryimage\"},\"thumbnailUrl\":\"https:\\\/\\\/veteraanienperinto.fi\\\/wp-content\\\/uploads\\\/2020\\\/09\\\/Salpalinja-300x245.jpg\",\"datePublished\":\"2020-08-31T08:36:28+00:00\",\"dateModified\":\"2021-01-26T14:21:54+00:00\",\"breadcrumb\":{\"@id\":\"https:\\\/\\\/veteraanienperinto.fi\\\/index.php\\\/jatkosota-etusivu\\\/jatkosodan-kertomukset\\\/valirauhan-aika\\\/siirtovaki-2\\\/mika-oli-salpalinja\\\/#breadcrumb\"},\"inLanguage\":\"fi\",\"potentialAction\":[{\"@type\":\"ReadAction\",\"target\":[\"https:\\\/\\\/veteraanienperinto.fi\\\/index.php\\\/jatkosota-etusivu\\\/jatkosodan-kertomukset\\\/valirauhan-aika\\\/siirtovaki-2\\\/mika-oli-salpalinja\\\/\"]}]},{\"@type\":\"ImageObject\",\"inLanguage\":\"fi\",\"@id\":\"https:\\\/\\\/veteraanienperinto.fi\\\/index.php\\\/jatkosota-etusivu\\\/jatkosodan-kertomukset\\\/valirauhan-aika\\\/siirtovaki-2\\\/mika-oli-salpalinja\\\/#primaryimage\",\"url\":\"https:\\\/\\\/veteraanienperinto.fi\\\/wp-content\\\/uploads\\\/2020\\\/09\\\/Salpalinja.jpg\",\"contentUrl\":\"https:\\\/\\\/veteraanienperinto.fi\\\/wp-content\\\/uploads\\\/2020\\\/09\\\/Salpalinja.jpg\",\"width\":367,\"height\":300},{\"@type\":\"BreadcrumbList\",\"@id\":\"https:\\\/\\\/veteraanienperinto.fi\\\/index.php\\\/jatkosota-etusivu\\\/jatkosodan-kertomukset\\\/valirauhan-aika\\\/siirtovaki-2\\\/mika-oli-salpalinja\\\/#breadcrumb\",\"itemListElement\":[{\"@type\":\"ListItem\",\"position\":1,\"name\":\"Etusivu\",\"item\":\"https:\\\/\\\/veteraanienperinto.fi\\\/index.php\\\/etusivu-2\\\/\"},{\"@type\":\"ListItem\",\"position\":2,\"name\":\"Jatkosota &#8211; etusivu\",\"item\":\"https:\\\/\\\/veteraanienperinto.fi\\\/index.php\\\/jatkosota-etusivu\\\/\"},{\"@type\":\"ListItem\",\"position\":3,\"name\":\"Jatkosodan kertomukset\",\"item\":\"https:\\\/\\\/veteraanienperinto.fi\\\/index.php\\\/jatkosota-etusivu\\\/jatkosodan-kertomukset\\\/\"},{\"@type\":\"ListItem\",\"position\":4,\"name\":\"V\u00e4lirauhan aika\",\"item\":\"https:\\\/\\\/veteraanienperinto.fi\\\/index.php\\\/jatkosota-etusivu\\\/jatkosodan-kertomukset\\\/valirauhan-aika\\\/\"},{\"@type\":\"ListItem\",\"position\":5,\"name\":\"Linnoittaminen\",\"item\":\"https:\\\/\\\/veteraanienperinto.fi\\\/index.php\\\/jatkosota-etusivu\\\/jatkosodan-kertomukset\\\/valirauhan-aika\\\/siirtovaki-2\\\/\"},{\"@type\":\"ListItem\",\"position\":6,\"name\":\"Mik\u00e4 oli Salpalinja?\"}]},{\"@type\":\"WebSite\",\"@id\":\"https:\\\/\\\/veteraanienperinto.fi\\\/#website\",\"url\":\"https:\\\/\\\/veteraanienperinto.fi\\\/\",\"name\":\"Veteraanien Perint\u00f6\",\"description\":\"Kadettikunta\",\"potentialAction\":[{\"@type\":\"SearchAction\",\"target\":{\"@type\":\"EntryPoint\",\"urlTemplate\":\"https:\\\/\\\/veteraanienperinto.fi\\\/?s={search_term_string}\"},\"query-input\":{\"@type\":\"PropertyValueSpecification\",\"valueRequired\":true,\"valueName\":\"search_term_string\"}}],\"inLanguage\":\"fi\"}]}<\/script>\n<!-- \/ Yoast SEO plugin. -->","yoast_head_json":{"title":"Mik\u00e4 oli Salpalinja? - Veteraanien Perint\u00f6","robots":{"index":"index","follow":"follow","max-snippet":"max-snippet:-1","max-image-preview":"max-image-preview:large","max-video-preview":"max-video-preview:-1"},"canonical":"https:\/\/veteraanienperinto.fi\/index.php\/jatkosota-etusivu\/jatkosodan-kertomukset\/valirauhan-aika\/siirtovaki-2\/mika-oli-salpalinja\/","og_locale":"fi_FI","og_type":"article","og_title":"Mik\u00e4 oli Salpalinja? - Veteraanien Perint\u00f6","og_url":"https:\/\/veteraanienperinto.fi\/index.php\/jatkosota-etusivu\/jatkosodan-kertomukset\/valirauhan-aika\/siirtovaki-2\/mika-oli-salpalinja\/","og_site_name":"Veteraanien Perint\u00f6","article_modified_time":"2021-01-26T14:21:54+00:00","og_image":[{"url":"https:\/\/veteraanienperinto.fi\/wp-content\/uploads\/2020\/09\/Salpalinja-300x245.jpg","type":"","width":"","height":""}],"twitter_card":"summary_large_image","twitter_misc":{"Arvioitu lukuaika":"2 minuuttia"},"schema":{"@context":"https:\/\/schema.org","@graph":[{"@type":"WebPage","@id":"https:\/\/veteraanienperinto.fi\/index.php\/jatkosota-etusivu\/jatkosodan-kertomukset\/valirauhan-aika\/siirtovaki-2\/mika-oli-salpalinja\/","url":"https:\/\/veteraanienperinto.fi\/index.php\/jatkosota-etusivu\/jatkosodan-kertomukset\/valirauhan-aika\/siirtovaki-2\/mika-oli-salpalinja\/","name":"Mik\u00e4 oli Salpalinja? - Veteraanien Perint\u00f6","isPartOf":{"@id":"https:\/\/veteraanienperinto.fi\/#website"},"primaryImageOfPage":{"@id":"https:\/\/veteraanienperinto.fi\/index.php\/jatkosota-etusivu\/jatkosodan-kertomukset\/valirauhan-aika\/siirtovaki-2\/mika-oli-salpalinja\/#primaryimage"},"image":{"@id":"https:\/\/veteraanienperinto.fi\/index.php\/jatkosota-etusivu\/jatkosodan-kertomukset\/valirauhan-aika\/siirtovaki-2\/mika-oli-salpalinja\/#primaryimage"},"thumbnailUrl":"https:\/\/veteraanienperinto.fi\/wp-content\/uploads\/2020\/09\/Salpalinja-300x245.jpg","datePublished":"2020-08-31T08:36:28+00:00","dateModified":"2021-01-26T14:21:54+00:00","breadcrumb":{"@id":"https:\/\/veteraanienperinto.fi\/index.php\/jatkosota-etusivu\/jatkosodan-kertomukset\/valirauhan-aika\/siirtovaki-2\/mika-oli-salpalinja\/#breadcrumb"},"inLanguage":"fi","potentialAction":[{"@type":"ReadAction","target":["https:\/\/veteraanienperinto.fi\/index.php\/jatkosota-etusivu\/jatkosodan-kertomukset\/valirauhan-aika\/siirtovaki-2\/mika-oli-salpalinja\/"]}]},{"@type":"ImageObject","inLanguage":"fi","@id":"https:\/\/veteraanienperinto.fi\/index.php\/jatkosota-etusivu\/jatkosodan-kertomukset\/valirauhan-aika\/siirtovaki-2\/mika-oli-salpalinja\/#primaryimage","url":"https:\/\/veteraanienperinto.fi\/wp-content\/uploads\/2020\/09\/Salpalinja.jpg","contentUrl":"https:\/\/veteraanienperinto.fi\/wp-content\/uploads\/2020\/09\/Salpalinja.jpg","width":367,"height":300},{"@type":"BreadcrumbList","@id":"https:\/\/veteraanienperinto.fi\/index.php\/jatkosota-etusivu\/jatkosodan-kertomukset\/valirauhan-aika\/siirtovaki-2\/mika-oli-salpalinja\/#breadcrumb","itemListElement":[{"@type":"ListItem","position":1,"name":"Etusivu","item":"https:\/\/veteraanienperinto.fi\/index.php\/etusivu-2\/"},{"@type":"ListItem","position":2,"name":"Jatkosota &#8211; etusivu","item":"https:\/\/veteraanienperinto.fi\/index.php\/jatkosota-etusivu\/"},{"@type":"ListItem","position":3,"name":"Jatkosodan kertomukset","item":"https:\/\/veteraanienperinto.fi\/index.php\/jatkosota-etusivu\/jatkosodan-kertomukset\/"},{"@type":"ListItem","position":4,"name":"V\u00e4lirauhan aika","item":"https:\/\/veteraanienperinto.fi\/index.php\/jatkosota-etusivu\/jatkosodan-kertomukset\/valirauhan-aika\/"},{"@type":"ListItem","position":5,"name":"Linnoittaminen","item":"https:\/\/veteraanienperinto.fi\/index.php\/jatkosota-etusivu\/jatkosodan-kertomukset\/valirauhan-aika\/siirtovaki-2\/"},{"@type":"ListItem","position":6,"name":"Mik\u00e4 oli Salpalinja?"}]},{"@type":"WebSite","@id":"https:\/\/veteraanienperinto.fi\/#website","url":"https:\/\/veteraanienperinto.fi\/","name":"Veteraanien Perint\u00f6","description":"Kadettikunta","potentialAction":[{"@type":"SearchAction","target":{"@type":"EntryPoint","urlTemplate":"https:\/\/veteraanienperinto.fi\/?s={search_term_string}"},"query-input":{"@type":"PropertyValueSpecification","valueRequired":true,"valueName":"search_term_string"}}],"inLanguage":"fi"}]}},"_links":{"self":[{"href":"https:\/\/veteraanienperinto.fi\/index.php\/wp-json\/wp\/v2\/pages\/1680","targetHints":{"allow":["GET"]}}],"collection":[{"href":"https:\/\/veteraanienperinto.fi\/index.php\/wp-json\/wp\/v2\/pages"}],"about":[{"href":"https:\/\/veteraanienperinto.fi\/index.php\/wp-json\/wp\/v2\/types\/page"}],"author":[{"embeddable":true,"href":"https:\/\/veteraanienperinto.fi\/index.php\/wp-json\/wp\/v2\/users\/2"}],"replies":[{"embeddable":true,"href":"https:\/\/veteraanienperinto.fi\/index.php\/wp-json\/wp\/v2\/comments?post=1680"}],"version-history":[{"count":6,"href":"https:\/\/veteraanienperinto.fi\/index.php\/wp-json\/wp\/v2\/pages\/1680\/revisions"}],"predecessor-version":[{"id":10599,"href":"https:\/\/veteraanienperinto.fi\/index.php\/wp-json\/wp\/v2\/pages\/1680\/revisions\/10599"}],"up":[{"embeddable":true,"href":"https:\/\/veteraanienperinto.fi\/index.php\/wp-json\/wp\/v2\/pages\/2819"}],"wp:attachment":[{"href":"https:\/\/veteraanienperinto.fi\/index.php\/wp-json\/wp\/v2\/media?parent=1680"}],"curies":[{"name":"wp","href":"https:\/\/api.w.org\/{rel}","templated":true}]}}