{"id":1766,"date":"2020-08-31T09:47:10","date_gmt":"2020-08-31T09:47:10","guid":{"rendered":"https:\/\/veteraani.ylirotu.fi\/?page_id=1766"},"modified":"2020-08-31T09:53:25","modified_gmt":"2020-08-31T09:53:25","slug":"oksilla-riippuvat-sukanriekaleet","status":"publish","type":"page","link":"https:\/\/veteraanienperinto.fi\/index.php\/talvisota-etusivu\/talvisodan-kertomukset\/sotatoimet\/suojajoukkotaistelut\/oksilla-riippuvat-sukanriekaleet\/","title":{"rendered":"Talot olivat elinvoimaisia viljelystiloja"},"content":{"rendered":"\n<style type=\"text\/css\" data-created_by=\"avia_inline_auto\" id=\"style-css-av-keic8qta-446f43c51e061da1710ff72c34f171a2\">\n#top .av-special-heading.av-keic8qta-446f43c51e061da1710ff72c34f171a2{\npadding-bottom:10px;\n}\nbody .av-special-heading.av-keic8qta-446f43c51e061da1710ff72c34f171a2 .av-special-heading-tag .heading-char{\nfont-size:25px;\n}\n.av-special-heading.av-keic8qta-446f43c51e061da1710ff72c34f171a2 .av-subheading{\nfont-size:15px;\n}\n<\/style>\n<div  class='av-special-heading av-keic8qta-446f43c51e061da1710ff72c34f171a2 av-special-heading-h3  avia-builder-el-0  el_before_av_textblock  avia-builder-el-first '><h3 class='av-special-heading-tag'  itemprop=\"headline\"  >Talot olivat elinvoimaisia viljelystiloja<\/h3><div class=\"special-heading-border\"><div class=\"special-heading-inner-border\"><\/div><\/div><\/div>\n<section  class='av_textblock_section av-kei9w74n-7b0f008125a778f48432b9a614d90d0f '   itemscope=\"itemscope\" itemtype=\"https:\/\/schema.org\/CreativeWork\" ><div class='avia_textblock'  itemprop=\"text\" ><p><strong>Osmo Suontila:<\/strong><\/p>\n<p>Sakkolan asemalta aloitettiin matka ja nyt oli jo liki kolme peninkulmaa takanamme. T\u00e4yspakkaus painoi kuin maapallo Atlaksen hartioilla ja remmit polttivat olkap\u00e4it\u00e4.<\/p>\n<p>Muutaman kilometrin p\u00e4\u00e4ss\u00e4 odotti hyv\u00e4 etuk\u00e4teen j\u00e4rjestetty majoitus sek\u00e4 l\u00e4mmin juoma. Kompuroimme eteenp\u00e4in pime\u00e4ss\u00e4 Sakkolan kapealla syrj\u00e4tiell\u00e4. Tauon pidimme Volossulassa, outo nimi meille keskisuomalaisille, mutta torjuimme meille tarjotun tilap\u00e4ismajoituksen, vaikka useimpien miesten jalkapohjat olivat raskaaseen marssiin tottumattomina melkein pelkk\u00e4n\u00e4 rakkona. Koska meille oli annettu selv\u00e4 marssitavoite, sinne ment\u00e4isiin vaikka jaloista olisi pelk\u00e4t tyng\u00e4t j\u00e4ljell\u00e4.<\/p>\n<p>Vihdoin edess\u00e4 tuikki valo. Mets\u00e4st\u00e4 tulimme aukealle ja n\u00e4kyi useampia taloja. Oikealla kimalteli t\u00e4htivalossa leve\u00e4hk\u00f6 joen uoma. Tulta ei ollut lupa sytytt\u00e4\u00e4, mutta jotenkuten saimme hevoset ja kuormaston suojaan. Lounaisella taivaalla piirteliv\u00e4t suuren Kronstadtin valonheitt\u00e4jien kiilat viuhkojaan yl\u00e4ilmoihin. Niin majoituin komppaniani, 1.KKK:n kanssa Kirvesm\u00e4en taloihin; muu osa pataljoonaa j\u00e4i aluksi Volossulaan.<\/p>\n<p>Kuten kaikki n\u00e4kiv\u00e4t, seutu oli varakkaan n\u00e4k\u00f6ist\u00e4, tihe\u00e4sti asuttua ja maaper\u00e4 oli hyv\u00e4\u00e4. Talot olivat elinvoimaisia viljelystiloja ja Mets\u00e4pirtin kirkonkyl\u00e4, pit\u00e4j\u00e4n keskus, joen etel\u00e4puolella kuin koko hyvinvoivan seudun kuvastin. Karjalaiset olivat yst\u00e4v\u00e4llisi\u00e4 ja vieraanvaraisia rajan lapsia, mutta kaikki eiv\u00e4t oikein k\u00e4sitt\u00e4neet, ett\u00e4 saapumisemme oli t\u00e4ysin v\u00e4ltt\u00e4m\u00e4t\u00f6nt\u00e4. Oli ymm\u00e4rrett\u00e4v\u00e4\u00e4, etteiv\u00e4t he sotaan uskoneet tai eiv\u00e4t halunneet uskoa.<\/p>\n<\/div><\/section>\n","protected":false},"excerpt":{"rendered":"","protected":false},"author":2,"featured_media":0,"parent":1635,"menu_order":0,"comment_status":"closed","ping_status":"closed","template":"","meta":{"footnotes":""},"class_list":["post-1766","page","type-page","status-publish","hentry"],"yoast_head":"<!-- This site is optimized with the Yoast SEO plugin v27.4 - https:\/\/yoast.com\/product\/yoast-seo-wordpress\/ -->\n<title>Talot olivat elinvoimaisia viljelystiloja - Veteraanien Perint\u00f6<\/title>\n<meta name=\"robots\" content=\"index, follow, max-snippet:-1, max-image-preview:large, max-video-preview:-1\" \/>\n<link rel=\"canonical\" href=\"https:\/\/veteraanienperinto.fi\/index.php\/talvisota-etusivu\/talvisodan-kertomukset\/sotatoimet\/suojajoukkotaistelut\/oksilla-riippuvat-sukanriekaleet\/\" \/>\n<meta property=\"og:locale\" content=\"fi_FI\" \/>\n<meta property=\"og:type\" content=\"article\" \/>\n<meta property=\"og:title\" content=\"Talot olivat elinvoimaisia viljelystiloja - Veteraanien Perint\u00f6\" \/>\n<meta property=\"og:url\" content=\"https:\/\/veteraanienperinto.fi\/index.php\/talvisota-etusivu\/talvisodan-kertomukset\/sotatoimet\/suojajoukkotaistelut\/oksilla-riippuvat-sukanriekaleet\/\" \/>\n<meta property=\"og:site_name\" content=\"Veteraanien Perint\u00f6\" \/>\n<meta property=\"article:modified_time\" content=\"2020-08-31T09:53:25+00:00\" \/>\n<meta name=\"twitter:card\" content=\"summary_large_image\" \/>\n<meta name=\"twitter:label1\" content=\"Arvioitu lukuaika\" \/>\n\t<meta name=\"twitter:data1\" content=\"2 minuuttia\" \/>\n<script type=\"application\/ld+json\" class=\"yoast-schema-graph\">{\"@context\":\"https:\\\/\\\/schema.org\",\"@graph\":[{\"@type\":\"WebPage\",\"@id\":\"https:\\\/\\\/veteraanienperinto.fi\\\/index.php\\\/talvisota-etusivu\\\/talvisodan-kertomukset\\\/sotatoimet\\\/suojajoukkotaistelut\\\/oksilla-riippuvat-sukanriekaleet\\\/\",\"url\":\"https:\\\/\\\/veteraanienperinto.fi\\\/index.php\\\/talvisota-etusivu\\\/talvisodan-kertomukset\\\/sotatoimet\\\/suojajoukkotaistelut\\\/oksilla-riippuvat-sukanriekaleet\\\/\",\"name\":\"Talot olivat elinvoimaisia viljelystiloja - Veteraanien Perint\u00f6\",\"isPartOf\":{\"@id\":\"https:\\\/\\\/veteraanienperinto.fi\\\/#website\"},\"datePublished\":\"2020-08-31T09:47:10+00:00\",\"dateModified\":\"2020-08-31T09:53:25+00:00\",\"breadcrumb\":{\"@id\":\"https:\\\/\\\/veteraanienperinto.fi\\\/index.php\\\/talvisota-etusivu\\\/talvisodan-kertomukset\\\/sotatoimet\\\/suojajoukkotaistelut\\\/oksilla-riippuvat-sukanriekaleet\\\/#breadcrumb\"},\"inLanguage\":\"fi\",\"potentialAction\":[{\"@type\":\"ReadAction\",\"target\":[\"https:\\\/\\\/veteraanienperinto.fi\\\/index.php\\\/talvisota-etusivu\\\/talvisodan-kertomukset\\\/sotatoimet\\\/suojajoukkotaistelut\\\/oksilla-riippuvat-sukanriekaleet\\\/\"]}]},{\"@type\":\"BreadcrumbList\",\"@id\":\"https:\\\/\\\/veteraanienperinto.fi\\\/index.php\\\/talvisota-etusivu\\\/talvisodan-kertomukset\\\/sotatoimet\\\/suojajoukkotaistelut\\\/oksilla-riippuvat-sukanriekaleet\\\/#breadcrumb\",\"itemListElement\":[{\"@type\":\"ListItem\",\"position\":1,\"name\":\"Etusivu\",\"item\":\"https:\\\/\\\/veteraanienperinto.fi\\\/index.php\\\/etusivu-2\\\/\"},{\"@type\":\"ListItem\",\"position\":2,\"name\":\"Talvisota\",\"item\":\"https:\\\/\\\/veteraanienperinto.fi\\\/index.php\\\/talvisota-etusivu\\\/\"},{\"@type\":\"ListItem\",\"position\":3,\"name\":\"Talvisodan kertomukset\",\"item\":\"https:\\\/\\\/veteraanienperinto.fi\\\/index.php\\\/talvisota-etusivu\\\/talvisodan-kertomukset\\\/\"},{\"@type\":\"ListItem\",\"position\":4,\"name\":\"Sotatoimet\",\"item\":\"https:\\\/\\\/veteraanienperinto.fi\\\/index.php\\\/talvisota-etusivu\\\/talvisodan-kertomukset\\\/sotatoimet\\\/\"},{\"@type\":\"ListItem\",\"position\":5,\"name\":\"Suojajoukkotaistelut\",\"item\":\"https:\\\/\\\/veteraanienperinto.fi\\\/index.php\\\/talvisota-etusivu\\\/talvisodan-kertomukset\\\/sotatoimet\\\/suojajoukkotaistelut\\\/\"},{\"@type\":\"ListItem\",\"position\":6,\"name\":\"Talot olivat elinvoimaisia viljelystiloja\"}]},{\"@type\":\"WebSite\",\"@id\":\"https:\\\/\\\/veteraanienperinto.fi\\\/#website\",\"url\":\"https:\\\/\\\/veteraanienperinto.fi\\\/\",\"name\":\"Veteraanien Perint\u00f6\",\"description\":\"Kadettikunta\",\"potentialAction\":[{\"@type\":\"SearchAction\",\"target\":{\"@type\":\"EntryPoint\",\"urlTemplate\":\"https:\\\/\\\/veteraanienperinto.fi\\\/?s={search_term_string}\"},\"query-input\":{\"@type\":\"PropertyValueSpecification\",\"valueRequired\":true,\"valueName\":\"search_term_string\"}}],\"inLanguage\":\"fi\"}]}<\/script>\n<!-- \/ Yoast SEO plugin. -->","yoast_head_json":{"title":"Talot olivat elinvoimaisia viljelystiloja - Veteraanien Perint\u00f6","robots":{"index":"index","follow":"follow","max-snippet":"max-snippet:-1","max-image-preview":"max-image-preview:large","max-video-preview":"max-video-preview:-1"},"canonical":"https:\/\/veteraanienperinto.fi\/index.php\/talvisota-etusivu\/talvisodan-kertomukset\/sotatoimet\/suojajoukkotaistelut\/oksilla-riippuvat-sukanriekaleet\/","og_locale":"fi_FI","og_type":"article","og_title":"Talot olivat elinvoimaisia viljelystiloja - Veteraanien Perint\u00f6","og_url":"https:\/\/veteraanienperinto.fi\/index.php\/talvisota-etusivu\/talvisodan-kertomukset\/sotatoimet\/suojajoukkotaistelut\/oksilla-riippuvat-sukanriekaleet\/","og_site_name":"Veteraanien Perint\u00f6","article_modified_time":"2020-08-31T09:53:25+00:00","twitter_card":"summary_large_image","twitter_misc":{"Arvioitu lukuaika":"2 minuuttia"},"schema":{"@context":"https:\/\/schema.org","@graph":[{"@type":"WebPage","@id":"https:\/\/veteraanienperinto.fi\/index.php\/talvisota-etusivu\/talvisodan-kertomukset\/sotatoimet\/suojajoukkotaistelut\/oksilla-riippuvat-sukanriekaleet\/","url":"https:\/\/veteraanienperinto.fi\/index.php\/talvisota-etusivu\/talvisodan-kertomukset\/sotatoimet\/suojajoukkotaistelut\/oksilla-riippuvat-sukanriekaleet\/","name":"Talot olivat elinvoimaisia viljelystiloja - Veteraanien Perint\u00f6","isPartOf":{"@id":"https:\/\/veteraanienperinto.fi\/#website"},"datePublished":"2020-08-31T09:47:10+00:00","dateModified":"2020-08-31T09:53:25+00:00","breadcrumb":{"@id":"https:\/\/veteraanienperinto.fi\/index.php\/talvisota-etusivu\/talvisodan-kertomukset\/sotatoimet\/suojajoukkotaistelut\/oksilla-riippuvat-sukanriekaleet\/#breadcrumb"},"inLanguage":"fi","potentialAction":[{"@type":"ReadAction","target":["https:\/\/veteraanienperinto.fi\/index.php\/talvisota-etusivu\/talvisodan-kertomukset\/sotatoimet\/suojajoukkotaistelut\/oksilla-riippuvat-sukanriekaleet\/"]}]},{"@type":"BreadcrumbList","@id":"https:\/\/veteraanienperinto.fi\/index.php\/talvisota-etusivu\/talvisodan-kertomukset\/sotatoimet\/suojajoukkotaistelut\/oksilla-riippuvat-sukanriekaleet\/#breadcrumb","itemListElement":[{"@type":"ListItem","position":1,"name":"Etusivu","item":"https:\/\/veteraanienperinto.fi\/index.php\/etusivu-2\/"},{"@type":"ListItem","position":2,"name":"Talvisota","item":"https:\/\/veteraanienperinto.fi\/index.php\/talvisota-etusivu\/"},{"@type":"ListItem","position":3,"name":"Talvisodan kertomukset","item":"https:\/\/veteraanienperinto.fi\/index.php\/talvisota-etusivu\/talvisodan-kertomukset\/"},{"@type":"ListItem","position":4,"name":"Sotatoimet","item":"https:\/\/veteraanienperinto.fi\/index.php\/talvisota-etusivu\/talvisodan-kertomukset\/sotatoimet\/"},{"@type":"ListItem","position":5,"name":"Suojajoukkotaistelut","item":"https:\/\/veteraanienperinto.fi\/index.php\/talvisota-etusivu\/talvisodan-kertomukset\/sotatoimet\/suojajoukkotaistelut\/"},{"@type":"ListItem","position":6,"name":"Talot olivat elinvoimaisia viljelystiloja"}]},{"@type":"WebSite","@id":"https:\/\/veteraanienperinto.fi\/#website","url":"https:\/\/veteraanienperinto.fi\/","name":"Veteraanien Perint\u00f6","description":"Kadettikunta","potentialAction":[{"@type":"SearchAction","target":{"@type":"EntryPoint","urlTemplate":"https:\/\/veteraanienperinto.fi\/?s={search_term_string}"},"query-input":{"@type":"PropertyValueSpecification","valueRequired":true,"valueName":"search_term_string"}}],"inLanguage":"fi"}]}},"_links":{"self":[{"href":"https:\/\/veteraanienperinto.fi\/index.php\/wp-json\/wp\/v2\/pages\/1766","targetHints":{"allow":["GET"]}}],"collection":[{"href":"https:\/\/veteraanienperinto.fi\/index.php\/wp-json\/wp\/v2\/pages"}],"about":[{"href":"https:\/\/veteraanienperinto.fi\/index.php\/wp-json\/wp\/v2\/types\/page"}],"author":[{"embeddable":true,"href":"https:\/\/veteraanienperinto.fi\/index.php\/wp-json\/wp\/v2\/users\/2"}],"replies":[{"embeddable":true,"href":"https:\/\/veteraanienperinto.fi\/index.php\/wp-json\/wp\/v2\/comments?post=1766"}],"version-history":[{"count":3,"href":"https:\/\/veteraanienperinto.fi\/index.php\/wp-json\/wp\/v2\/pages\/1766\/revisions"}],"predecessor-version":[{"id":5535,"href":"https:\/\/veteraanienperinto.fi\/index.php\/wp-json\/wp\/v2\/pages\/1766\/revisions\/5535"}],"up":[{"embeddable":true,"href":"https:\/\/veteraanienperinto.fi\/index.php\/wp-json\/wp\/v2\/pages\/1635"}],"wp:attachment":[{"href":"https:\/\/veteraanienperinto.fi\/index.php\/wp-json\/wp\/v2\/media?parent=1766"}],"curies":[{"name":"wp","href":"https:\/\/api.w.org\/{rel}","templated":true}]}}