{"id":1822,"date":"2020-08-31T10:44:21","date_gmt":"2020-08-31T10:44:21","guid":{"rendered":"https:\/\/veteraani.ylirotu.fi\/?page_id=1822"},"modified":"2020-08-31T10:44:21","modified_gmt":"2020-08-31T10:44:21","slug":"miksi-apumme-oli-myohassa","status":"publish","type":"page","link":"https:\/\/veteraanienperinto.fi\/index.php\/talvisota-etusivu\/talvisodan-kertomukset\/sotatoimet\/torjuntavoitot-karjalan-kannaksella\/miksi-apumme-oli-myohassa\/","title":{"rendered":"Miksi apumme oli my\u00f6h\u00e4ss\u00e4"},"content":{"rendered":"\n<style type=\"text\/css\" data-created_by=\"avia_inline_auto\" id=\"style-css-av-keieaezm-e949dd10d6645ca2bf433c465e8b1fa0\">\n#top .av-special-heading.av-keieaezm-e949dd10d6645ca2bf433c465e8b1fa0{\npadding-bottom:10px;\n}\nbody .av-special-heading.av-keieaezm-e949dd10d6645ca2bf433c465e8b1fa0 .av-special-heading-tag .heading-char{\nfont-size:25px;\n}\n.av-special-heading.av-keieaezm-e949dd10d6645ca2bf433c465e8b1fa0 .av-subheading{\nfont-size:15px;\n}\n<\/style>\n<div  class='av-special-heading av-keieaezm-e949dd10d6645ca2bf433c465e8b1fa0 av-special-heading-h3  avia-builder-el-0  el_before_av_textblock  avia-builder-el-first '><h3 class='av-special-heading-tag'  itemprop=\"headline\"  >Miksi apumme oli my\u00f6h\u00e4ss\u00e4<\/h3><div class=\"special-heading-border\"><div class=\"special-heading-inner-border\"><\/div><\/div><\/div>\n<section  class='av_textblock_section av-kei9w74n-7b0f008125a778f48432b9a614d90d0f '   itemscope=\"itemscope\" itemtype=\"https:\/\/schema.org\/CreativeWork\" ><div class='avia_textblock'  itemprop=\"text\" ><p><strong>Soini Airila:<\/strong><\/p>\n<p>Satuin tapaamaan v\u00e4nrikki Lauri af Heurlinin, joka kertoi olevansa l\u00e4hd\u00f6ss\u00e4 t\u00f6pin\u00e4\u00e4n saunaan. H\u00e4n houkutteli minua mukaansa. Koska monet olivat k\u00e4yneet kylpem\u00e4ss\u00e4 pataljoonan esikunnan saunassa enk\u00e4 min\u00e4 ollut saunonut sodan alkamisen j\u00e4lkeen kertaakaan ja oli harvinaisen rauhallinen aika t\u00e4ll\u00e4 kertaa, menin kysym\u00e4\u00e4n lupaa komppaniamme p\u00e4\u00e4llik\u00f6lt\u00e4, kapteeni Matti Rautaharjulta. H\u00e4n oli harvinaisen leppoisalla tuulella.<\/p>\n<p>&#8211; Soppiihan sinun m\u00e4nn\u00e4. Eih\u00e4n t\u00e4ss\u00e4 nyt tunnu olevan mitt\u00e4\u00e4n erityist\u00e4 hommoo.<\/p>\n<p>&#8211; Kaipa voin olla y\u00f6n siell\u00e4? Tulen takaisin aamulla aikaisin.<br \/>\n&#8211; Ei oo minnek\u00e4\u00e4 kiirett\u00e4. Kylyve ja makkoo raahassa, pallaat sitte, kun kerkiit.<\/p>\n<p>Tapasin &#8221;H\u00f6rliinin&#8221; sovitussa paikassa. Helppo oli hiihdell\u00e4 pime\u00e4ss\u00e4kin paljon hiihdetty\u00e4 latua, joka seuraili hevosten ja reenjalasten tekem\u00e4\u00e4 ajouraa. Matkan varrella n\u00e4imme vain mets\u00e4\u00e4 ja kalliorantoja ja vasemmalla puolellamme paikoin n\u00e4kyv\u00e4\u00e4 Laatokan ulappaa, mutta emme lainkaan merkkej\u00e4 asumisesta. Siit\u00e4 syyst\u00e4 oli yll\u00e4tt\u00e4v\u00e4\u00e4 n\u00e4hd\u00e4 punatiilinen kirkkorakennus kuusikossa tien varressa. Emme malttaneet pys\u00e4hty\u00e4 sit\u00e4 sen kummemmin tarkasteleman.<\/p>\n<p>Ilmoittauduimme esikunnassa kapteeni V\u00e4\u00e4n\u00e4selle. H\u00e4n sanoi:&#8221;V\u00e4nrikit tulivatkin sopivaan aikaan, kun meille juuri on tulossa ruoka p\u00f6yt\u00e4\u00e4n.&#8221; Esikunnan keitti\u00f6ss\u00e4 ty\u00f6skenteli kaksi impilahtelaista lottaa, jotka parhaillaan olivatkin kattamassa p\u00f6yt\u00e4\u00e4.<\/p>\n<p>&#8211; Ei ollut tarkoituksemme t\u00e4nne sy\u00f6m\u00e4\u00e4n tulla vaan ajattelimme, ett\u00e4 t\u00e4\u00e4ll\u00e4 olisi sauna viel\u00e4 sen verran l\u00e4mmin kuin olisi peseytymisen vuoksi tarpeen, selitti H\u00f6rliini.<\/p>\n<p>&#8211; Jos on sauna j\u00e4\u00e4htynyt, niin pannaan poika sit\u00e4 l\u00e4mmitt\u00e4m\u00e4\u00e4n. Sill\u00e4 aikaa kun t\u00e4ss\u00e4 sy\u00f6d\u00e4\u00e4n, kylpy jo onkin valmis.<\/p>\n<p>Ruoka ymm\u00e4rrett\u00e4v\u00e4sti maittoi meille. Olihan se monipuolisempaa kuin j\u00e4\u00e4htynyt kaurapuuro tai makaronikeitto, jota olimme jo viikkoja joutuneet kaapimaan pakkiemme kansista. Nyt saimme ruoan oikeille lautasille ja voimme k\u00e4ytt\u00e4\u00e4 veist\u00e4, haarukkaa ja lusikkaa.<\/p>\n<p>&#8211; Lotat joutavatkin sitten pesem\u00e4\u00e4n v\u00e4nrikkien sel\u00e4t, sanoi komentaja vilkaisten huoneessa touhuaviin lottiin, jotka eiv\u00e4t h\u00e4tk\u00e4ht\u00e4neet, koska olivat tottuneet kapteenin leikinlaskuun, vaan jatkoivat askareitaan ik\u00e4\u00e4nkuin eiv\u00e4t olisi kuulleetkaan. H\u00f6rliini pureskeli ruokaansa mietteli\u00e4\u00e4n\u00e4 ja huolestuneen tuntuisena ja ilmoitti kotvan kuluttua: -Min\u00e4 olen ajatellut, etten sittenk\u00e4\u00e4n viitsi menn\u00e4 saunaan. Mutta h\u00e4nelle selvisi v\u00e4hitellen muitten ilmeist\u00e4, ett\u00e4 komentaja oli meit\u00e4 vain kurillaan narrannut. Niinp\u00e4 h\u00e4n ruokailun p\u00e4\u00e4tytty\u00e4 perui puheensa: &#8211; Kyll\u00e4 min\u00e4 kumminkin olen p\u00e4\u00e4tt\u00e4nyt menn\u00e4 saunaan.<\/p>\n<p>Saunanl\u00e4mmitt\u00e4j\u00e4 olikin jo k\u00e4ynyt ilmoittamassa, ett\u00e4 saunassa oli ollutkin viel\u00e4 kylliksi kuumuutta. Kuumaa vett\u00e4 h\u00e4n on vain hankkinut sinne lis\u00e4\u00e4 kodasta. Niin istumme kahden lauteilla tarinoimassa. Olemme kuulleet, ett\u00e4 lapsia on ruvettu kuljettamaan Ruotsiin pois sodan jaloista. Se on mielest\u00e4mme turhaa. Onhan Suomessa tilaa. Sotaa k\u00e4yd\u00e4\u00e4n vain rajan l\u00e4heisyydess\u00e4 maan it\u00e4osassa.<\/p>\n<p>Ei ven\u00e4l\u00e4inen koko maata valtaansa saa. Se on k\u00e4rsinyt suuria tappioita ja on pinteess\u00e4 meill\u00e4kin Kitil\u00e4n motissa. Me emme tosin tienneet, miten turvattomiksi ihmiset itsens\u00e4 kotiseuduillaan tunsivat emmek\u00e4 tunteneet, millaiset kotiolot joillakin lapsilla saattoivat olla. Arvelimme kumminkin, ett\u00e4 jos paljon lapsia vieraille maille vied\u00e4\u00e4n, niin paljon niist\u00e4 j\u00e4\u00e4 palaamatta. Suomi on avara maa ja meit\u00e4 suomalaisia on v\u00e4h\u00e4n. Me tarvitsisimme kaikki omat ihmisemme. Olimme tuttuja koska H\u00f6rliini oli ollut joukkueineen naapurinamme vuodenvaihteessa Sysky\u00e4njoen varressa. Olimme vierailleet toistemme luona muutamia kertoja.<\/p>\n<p>af Heurlin oli filosofian maisteri ja kova juttelemaan. Emme osanneet muuta kuin ihmetellen kuunnella h\u00e4nen luentojaan, joita h\u00e4n piti vieraillessaan teltassamme. Kerran h\u00e4n oli luennoinut telttakunnalleni joukkueenjohtajan teht\u00e4vist\u00e4. Pojat tunnustivat h\u00e4net viisaaksi ja mukavaksi mieheksi ja tiesiv\u00e4t kertoa, ettei h\u00e4n pelkurikaan ole. H\u00e4nen joukkueensa oli joskus Haukkasel\u00e4n tai Mursulan suunnalla joutunut nokikkain ven\u00e4l\u00e4isten kanssa, mutta H\u00f6rliini oli vihollisen tulituksesta huolimatta pystyss\u00e4 seisten rohkeasti jaellut k\u00e4skyj\u00e4\u00e4n. Nyt kun oltiin saunassa h\u00e4n selitti, miten ajattelemattomia ja lyhytn\u00e4k\u00f6isi\u00e4 ollaan, kun rintamalle ja taistelujoukkoihin l\u00e4hetet\u00e4\u00e4n sellaisia miehi\u00e4, joitten menett\u00e4misest\u00e4 koituisi is\u00e4nmaalle korvaamaton vahinko. Niinp\u00e4 oli jokin nuori, lupaava tiedemies Mickvits kaatunut taistelussa.<\/p>\n<p>Saunasta palattuamme emme en\u00e4\u00e4 kauan rupatelleet. Oli parasta k\u00e4ytt\u00e4\u00e4 nukkumiseen y\u00f6, jonka saisimme pitk\u00e4st\u00e4 aikaa oikein herroiksi vuoteessa uinua. Olin sike\u00e4ss\u00e4 unessa, mutta her\u00e4sin t\u00f6nimiseen ja ravisteluun. Kolmannen joukkueen johtaja Hyv\u00e4rinen hoputti:<br \/>\n&#8211; Ala nousta ja pukeutua ja painua komppaniaan!<br \/>\n&#8211; En min\u00e4 y\u00f6ll\u00e4 minnek\u00e4\u00e4n l\u00e4hde. Rautaharju sanoi, ettei ole kiirett\u00e4 paluulla.<br \/>\n&#8211; Niin mutta sinua tarvitaan siell\u00e4, kun min\u00e4 tulin vuorostani saunomaan.<br \/>\n&#8211; Miksi sitten tulet juuri silloin, kun min\u00e4 olen saunomassa? Olisi ollut muitakin p\u00e4ivi\u00e4, ei kai t\u00e4m\u00e4 ole ainoa sopiva.<\/p>\n<p>Hyv\u00e4rinen patistaa ja h\u00e4tist\u00e4\u00e4 l\u00e4htem\u00e4\u00e4n. Ymm\u00e4rr\u00e4n, ettei h\u00e4n takaisinkaan k\u00e4\u00e4nny, kun on vasta hiiht\u00e4nyt t\u00e4nne asti. Totta on sekin, ettei kahden joukkueenjohtajan sopisi olla poissa yhtaikaa, mutta ihmettelen, miksi h\u00e4n tuli t\u00e4nne, kun varmasti tiesi minun saunamatkastani. Miksi Rautaharju oli h\u00e4nellekin luvan antanut?<\/p>\n<p>Vastahakoisesti l\u00e4hdin Hyv\u00e4risen hoputtamana hiihtelem\u00e4\u00e4n lyhyeksi j\u00e4\u00e4neen unen j\u00e4lkeen H\u00f6rliinin j\u00e4\u00e4dess\u00e4 jatkamaan alalaverilla lepoaan. Kun saavuin tulomatkalla ohittamamme kirkon kohdalle, poikkesin vilkaisemaan sit\u00e4 tarkemmin. Olivat sit\u00e4 muutkin k\u00e4yneet tutkimassa. Latu sinne johti ja edusta oli t\u00e4ynn\u00e4\u00e4n suksen ja jalanj\u00e4lki\u00e4. Oli rakennuksessa kirkko, mutta oli muitakin huoneita, oli iso kaakeloitu kylpyhuonekin, vai olisiko ollut pesutupa. T\u00e4st\u00e4h\u00e4n olisi tullut helposti sauna, jos olisi viitsitty tehd\u00e4. Olisi puoliv\u00e4liss\u00e4 t\u00f6pin\u00e4\u00e4n. Rakennus onkin luostari.<\/p>\n<p>Saarien suunnalta kuuluu tykist\u00f6n jyrin\u00f6it\u00e4. Siell\u00e4 on taas kyykistelt\u00e4v\u00e4 koloissa, joita Pet\u00e4j\u00e4- ja Maksimansaaressa niukasti oli. Meid\u00e4n komppania ei nyt siell\u00e4 kumminkaan ollut. Me olimme aika rauhallisessa kohdassa. Ven\u00e4l\u00e4inen ei en\u00e4\u00e4 rynnist\u00e4nyt eteen p\u00e4in. Se koetti pit\u00e4\u00e4 vain huoltoreitti\u00e4\u00e4n auki Pitk\u00e4rantaan.<\/p>\n<p>Joukkueeni vartiosta vapaat miehet veteliv\u00e4t unia teltassamme. J\u00e4tin sukseni ja l\u00e4hdin ilmoittautumaan Rautaharjulle, ett\u00e4 olen palannut saunamatkaltani. H\u00e4n ei kuitenkaan teltassa ollut, vaan siell\u00e4 oli puhelimessa parhaillaan luutnantti Pietarinen. Kun h\u00e4n oli pannut puhelimen pois, kys\u00e4isin, miss\u00e4 Rautaharju on.<br \/>\n&#8211; Ei ole Rautaharju komppaniassa, min\u00e4 olen sijaisena. Mit\u00e4 sin\u00e4 t\u00e4\u00e4lt\u00e4 etsit? Kovinpa on Kalle nyt pahalla p\u00e4\u00e4ll\u00e4, muuten niin rauhallinen ja yst\u00e4v\u00e4llinen mies. Mit\u00e4 on tapahtunut, kun h\u00e4n niin levottomana ja hermostuneesti touhuaa.<br \/>\n&#8211; Tulin vain ilmoittamaan, ett\u00e4 olen palannut saunamatkalta. Olisin viipynyt aamuun asti, mutta Hyv\u00e4rinen tuli h\u00e4\u00e4t\u00e4m\u00e4\u00e4n minut pois.<br \/>\n&#8211; Tuliko Hyv\u00e4rinen t\u00f6pin\u00e4\u00e4n? Pietarinen oli kiukuissaan. Hyv\u00e4rist\u00e4 olisi tarvittu Pet\u00e4j\u00e4saareen. Siell\u00e4 on kiper\u00e4t paikat. Sinne kaivataan kiireesti apua. Sit\u00e4 on monta kertaa kysytty.<br \/>\n&#8211; Ei Hyv\u00e4rist\u00e4 nyt sielt\u00e4 t\u00e4h\u00e4n h\u00e4t\u00e4\u00e4n saada. H\u00e4nell\u00e4 oli kova into saada minut kiireesti palaamaan t\u00e4nne. Min\u00e4 l\u00e4hden Pet\u00e4j\u00e4\u00e4n, koska siell\u00e4 kerran miehi\u00e4 tarvitaan.<br \/>\n&#8211; Sin\u00e4h\u00e4n olet lomalla. Mutta oletko kumminkin valmis l\u00e4htem\u00e4\u00e4n?<br \/>\n-Totta kai, mutta kest\u00e4\u00e4 jonkin aikaa saada joukkue l\u00e4ht\u00f6valmiiksi.<\/p>\n<p>Oliko Hyv\u00e4rinen aavistanut, ett\u00e4 oli tulossa ik\u00e4v\u00e4 komennus, ja l\u00e4htenyt siksi matkoihinsa? Vai oliko h\u00e4n kuullut avun tarpeesta ja sen takia h\u00e4ipynyt? Vai oliko h\u00e4n vastoin Pietarisen k\u00e4sky\u00e4 suunnistaa Pet\u00e4j\u00e4\u00e4n hiiht\u00e4nyt minua her\u00e4tt\u00e4m\u00e4\u00e4n, jotta min\u00e4 sotisin h\u00e4nen puolestaan.<\/p>\n<p>Pime\u00e4ss\u00e4 p\u00e4\u00e4simme l\u00e4htem\u00e4\u00e4n, mutta kun enn\u00e4timme Vuoratsun solaan, rupesi jo p\u00e4iv\u00e4n kajastus olemaan aavistettavissa. Riensin luutnantti H\u00e4m\u00e4l\u00e4isen telttaan ilmoittamaan saapumisestamme.<br \/>\n&#8211; Siit\u00e4 vain suorinta tiet\u00e4 kiireesti Pet\u00e4j\u00e4saareen, oli ohje.<br \/>\n&#8211; V\u00e4nrikki kuuli vi\u00e4rin. Valakenee jo. Ei t\u00e4st\u00e4 ennee voi sinne hiihtee.<br \/>\n&#8211; Kuulin oikein. Tehd\u00e4\u00e4n kuten k\u00e4skettiin. Hiihdet\u00e4\u00e4n hyv\u00e4\u00e4 vauhtia hajallaan pohjoiseen kaartaen Pet\u00e4j\u00e4saaren pohjoisp\u00e4\u00e4h\u00e4n. Seuratkaa!<\/p>\n<p>Tykist\u00f6n jyske, jota olimme kuulleet tulomme ajan, oli vaiennut, k\u00e4siaseet vain r\u00e4tisiv\u00e4t Paimoinsaaren takana, jonka suojassa saatoimme turvallisesti sivakoida. Loppumatkan, pari kilometri\u00e4 jouduimme huhkimaan avointa lakeutta, mutta vihollisen aseille kantomatka oli tarkkaa tulta ajatellen liian pitk\u00e4. Sit\u00e4 paitsi sill\u00e4 oli l\u00e4hemp\u00e4n\u00e4 sellainen tilanne, ettei sen kannattanut kiinnitt\u00e4\u00e4 huomiota kauempana liikkuvaan v\u00e4h\u00e4iseen joukkoon. Ven\u00e4l\u00e4isten hy\u00f6kk\u00e4ys oli t\u00e4ysin ep\u00e4onnistunut, se oli romahtanut.<\/p>\n<p>Meille j\u00e4i v\u00e4h\u00e4inen teht\u00e4v\u00e4: h\u00e4\u00e4t\u00e4\u00e4 tai tuhota saaren it\u00e4reunaa kohti Putkisaarta edeten siell\u00e4 viel\u00e4 mahdollisesti piileskelev\u00e4t viholliset.<\/p>\n<p>Saaren avoimeen ja etel\u00e4\u00e4n viett\u00e4v\u00e4\u00e4n etel\u00e4osaan ei en\u00e4\u00e4 valoisaan aikaan ollut menemist\u00e4, koska Putkisaari oli liian l\u00e4hell\u00e4. Vartiomiehet ty\u00f6nnettiin niin pitk\u00e4lle kuin oli mahdollista. Ty\u00f6ns\u00e4 tehneet, y\u00f6n taistelleet ja nyt vapaat miehet parveilivat saaren suojaisimmassa kohdassa korsun vaiheilla. Korsussakin pist\u00e4ydyttiin l\u00e4mmittelem\u00e4ss\u00e4. Sinne mahtui kuitenkin vain pieni osa joukosta kerrallaan. Min\u00e4kin pist\u00e4ydyin oven sis\u00e4puolella hetken, mutta en siell\u00e4 viihtynyt.<\/p>\n<p>Kun olin palannut ulos, alkoi korsun edustalla aukealla \u00e4kki\u00e4 ankara huuto, juoksu ja meteli. Miehet karkasivat piiriin valkopukuisen miehen ymp\u00e4rille aseet sojossa.<br \/>\n&#8211; Ryss\u00e4, se on ryss\u00e4, karjuttiin.<br \/>\nMinusta n\u00e4ytti silt\u00e4, ett\u00e4 pojat aikovat heti paikalla teilata miehen siihen paikkaan, ja \u00e4rjyin, etteiv\u00e4t ampuisi, vaan ett\u00e4 otetaan se vangiksi.<br \/>\n&#8211; Sill\u00e4 on k\u00e4sikranaatti, huusivat pojat.<br \/>\n&#8211; Eik\u00e4 ole, eik\u00e4 sill\u00e4 ole edes kiv\u00e4\u00e4ri\u00e4, v\u00e4itin min\u00e4.<\/p>\n<p>Mutta miehell\u00e4 oli k\u00e4sikranaatti. H\u00e4n vet\u00e4isi sen vireeseen. Pojat olivat varuillaan, ett\u00e4 enn\u00e4tt\u00e4isiv\u00e4t karata oikeaan suuntaan ven\u00e4l\u00e4isen heitt\u00e4ess\u00e4 kranaatin. H\u00e4n ei sit\u00e4 heitt\u00e4nyt ket\u00e4\u00e4n kohti, vaan pudotti sen k\u00e4dest\u00e4\u00e4n eteens\u00e4 ja heitt\u00e4ytyi sen p\u00e4\u00e4lle.<\/p>\n<p>Katsottiin vaieten. Kohta kuului jym\u00e4hdys, ruumis ponnahti maasta korttelin verran ja lys\u00e4hti velttona alas. Miksi tuon teki? Oliko h\u00e4netkin saatu uskomaan, ett\u00e4 suomalaiset muka kiduttavat vankejaan, vai oliko h\u00e4n kauhistunut siit\u00e4 metelist\u00e4, mink\u00e4 h\u00e4nen havaitsemisensa oli saanut aikaan. Suotta tappoi itsens\u00e4.<\/p>\n<p>J\u00e4imme saareen p\u00e4iv\u00e4ksi. Ei p\u00e4iv\u00e4saikaan voinut liikkuakaan j\u00e4\u00e4ll\u00e4 saaresta toiseen. J\u00e4imme y\u00f6ksikin. Meid\u00e4t j\u00e4tettiin sinne kaiken varalle. Olisihan ven\u00e4l\u00e4inen saattanut yritt\u00e4\u00e4 uutta hy\u00f6kk\u00e4yst\u00e4.<\/p>\n<p>P\u00e4iv\u00e4t olivat n\u00e4in helmikuun loppupuolella kylm\u00e4t ja y\u00f6t tietysti j\u00e4\u00e4t\u00e4v\u00e4t. Vartiopaikat voitiin y\u00f6n pimeydess\u00e4 ty\u00f6nt\u00e4\u00e4 edemm\u00e4ksi. Vartiomiehet saatettiin sijoittaa kerrassaan niihin kuoppiin, joissa he olivat olleet ennenkin, viel\u00e4 vihollisen hy\u00f6k\u00e4tess\u00e4kin. Olin koko y\u00f6n liikkeell\u00e4. Kuljin vartiomiehen luota toisen luo. Moneen, moneen kertaan tutkin kaikki poterot, jos noita lumeen kaivettuja kuoppia saattoi edes poteroiksi sanoa.<\/p>\n<p>Kuljin my\u00f6s vartiopaikkojen edess\u00e4, v\u00e4liss\u00e4 ja takana olevalta ruumiskasalta toiselle. Tutkin ne r\u00f6ykki\u00f6t joka puolelta, kuulostelin, tulisiko korviini mit\u00e4\u00e4n \u00e4\u00e4nt\u00e4. Mutta ei kuulunut hivahdustakaan, ei olisi voinutkaan. Jos olisi kasassa y\u00f6ll\u00e4 tai aamulla joku haavoittunut ollutkin, niin oli piankin pakkasessa heitt\u00e4nyt henkens\u00e4. Sit\u00e4 itsekseni ihmettelin, ettei tuntunut milt\u00e4\u00e4n kuljeskella t\u00e4\u00e4ll\u00e4 satojen vainajien keskell\u00e4. Ajattelin, ett\u00e4 jos olisin joskus ennen vanhaan joutunut y\u00f6ll\u00e4 k\u00e4velem\u00e4\u00e4n hautausmaalla, niin olisi kai jokin v\u00e4ristys tuntunut selk\u00e4nahassa.<\/p>\n<p>Vaikka tallustelin kaukana asemien edess\u00e4 isompia ja pienempi\u00e4 ruumisr\u00f6ykki\u00f6it\u00e4 silm\u00e4ilem\u00e4ss\u00e4, ei kukaan vartiossa olleista ukoista edes yritt\u00e4nyt minua hengilt\u00e4 t\u00e4r\u00e4ytt\u00e4\u00e4, sill\u00e4 he n\u00e4kiv\u00e4t minut selv\u00e4sti kuun valossa. He tunsivat minut, sill\u00e4 olin moneen otteeseen vartiovuoron aikana k\u00e4ynyt jokaisen juttusilla. Muutaman kerran olin pist\u00e4ytynyt korsun oven suussa l\u00e4mmittelem\u00e4ss\u00e4 ja toteamassa, ett\u00e4 t\u00e4ytt\u00e4 talossa oli.<\/p>\n<p>Y\u00f6 oli niin kirkas, etten koskaan olisi uskonut y\u00f6ll\u00e4 niin valoisaa voivan olla. T\u00e4hystelin edess\u00e4 olevaa Putkisaarta, jonka olimme hyl\u00e4nneet kolmisen viikkoa aiemmin. Sielt\u00e4 ei kuulunut hiiren hivausta, vaikka kuinka olisin teroittanut kuuloani eik\u00e4 n\u00e4kynyt pienint\u00e4k\u00e4\u00e4n liikahdusta eik\u00e4 valon v\u00e4l\u00e4hdyst\u00e4, kiv\u00e4\u00e4rin laukauksesta ja suuliekin leimahduksesta puhumattakaan. Niin kului y\u00f6.<\/p>\n<p>Aamuh\u00e4m\u00e4riss\u00e4 meid\u00e4t vapautettiin saaren vartioinnista. Hiihtelimme omille teltoillemme.<\/p>\n<\/div><\/section>\n","protected":false},"excerpt":{"rendered":"","protected":false},"author":2,"featured_media":0,"parent":1776,"menu_order":7,"comment_status":"closed","ping_status":"closed","template":"","meta":{"footnotes":""},"class_list":["post-1822","page","type-page","status-publish","hentry"],"yoast_head":"<!-- This site is optimized with the Yoast SEO plugin v27.4 - https:\/\/yoast.com\/product\/yoast-seo-wordpress\/ -->\n<title>Miksi apumme oli my\u00f6h\u00e4ss\u00e4 - Veteraanien Perint\u00f6<\/title>\n<meta name=\"robots\" content=\"index, follow, max-snippet:-1, max-image-preview:large, max-video-preview:-1\" \/>\n<link rel=\"canonical\" href=\"https:\/\/veteraanienperinto.fi\/index.php\/talvisota-etusivu\/talvisodan-kertomukset\/sotatoimet\/torjuntavoitot-karjalan-kannaksella\/miksi-apumme-oli-myohassa\/\" \/>\n<meta property=\"og:locale\" content=\"fi_FI\" \/>\n<meta property=\"og:type\" content=\"article\" \/>\n<meta property=\"og:title\" content=\"Miksi apumme oli my\u00f6h\u00e4ss\u00e4 - Veteraanien Perint\u00f6\" \/>\n<meta property=\"og:url\" content=\"https:\/\/veteraanienperinto.fi\/index.php\/talvisota-etusivu\/talvisodan-kertomukset\/sotatoimet\/torjuntavoitot-karjalan-kannaksella\/miksi-apumme-oli-myohassa\/\" \/>\n<meta property=\"og:site_name\" content=\"Veteraanien Perint\u00f6\" \/>\n<meta name=\"twitter:card\" content=\"summary_large_image\" \/>\n<meta name=\"twitter:label1\" content=\"Arvioitu lukuaika\" \/>\n\t<meta name=\"twitter:data1\" content=\"10 minuuttia\" \/>\n<script type=\"application\/ld+json\" class=\"yoast-schema-graph\">{\"@context\":\"https:\\\/\\\/schema.org\",\"@graph\":[{\"@type\":\"WebPage\",\"@id\":\"https:\\\/\\\/veteraanienperinto.fi\\\/index.php\\\/talvisota-etusivu\\\/talvisodan-kertomukset\\\/sotatoimet\\\/torjuntavoitot-karjalan-kannaksella\\\/miksi-apumme-oli-myohassa\\\/\",\"url\":\"https:\\\/\\\/veteraanienperinto.fi\\\/index.php\\\/talvisota-etusivu\\\/talvisodan-kertomukset\\\/sotatoimet\\\/torjuntavoitot-karjalan-kannaksella\\\/miksi-apumme-oli-myohassa\\\/\",\"name\":\"Miksi apumme oli my\u00f6h\u00e4ss\u00e4 - Veteraanien Perint\u00f6\",\"isPartOf\":{\"@id\":\"https:\\\/\\\/veteraanienperinto.fi\\\/#website\"},\"datePublished\":\"2020-08-31T10:44:21+00:00\",\"breadcrumb\":{\"@id\":\"https:\\\/\\\/veteraanienperinto.fi\\\/index.php\\\/talvisota-etusivu\\\/talvisodan-kertomukset\\\/sotatoimet\\\/torjuntavoitot-karjalan-kannaksella\\\/miksi-apumme-oli-myohassa\\\/#breadcrumb\"},\"inLanguage\":\"fi\",\"potentialAction\":[{\"@type\":\"ReadAction\",\"target\":[\"https:\\\/\\\/veteraanienperinto.fi\\\/index.php\\\/talvisota-etusivu\\\/talvisodan-kertomukset\\\/sotatoimet\\\/torjuntavoitot-karjalan-kannaksella\\\/miksi-apumme-oli-myohassa\\\/\"]}]},{\"@type\":\"BreadcrumbList\",\"@id\":\"https:\\\/\\\/veteraanienperinto.fi\\\/index.php\\\/talvisota-etusivu\\\/talvisodan-kertomukset\\\/sotatoimet\\\/torjuntavoitot-karjalan-kannaksella\\\/miksi-apumme-oli-myohassa\\\/#breadcrumb\",\"itemListElement\":[{\"@type\":\"ListItem\",\"position\":1,\"name\":\"Etusivu\",\"item\":\"https:\\\/\\\/veteraanienperinto.fi\\\/index.php\\\/etusivu-2\\\/\"},{\"@type\":\"ListItem\",\"position\":2,\"name\":\"Talvisota\",\"item\":\"https:\\\/\\\/veteraanienperinto.fi\\\/index.php\\\/talvisota-etusivu\\\/\"},{\"@type\":\"ListItem\",\"position\":3,\"name\":\"Talvisodan kertomukset\",\"item\":\"https:\\\/\\\/veteraanienperinto.fi\\\/index.php\\\/talvisota-etusivu\\\/talvisodan-kertomukset\\\/\"},{\"@type\":\"ListItem\",\"position\":4,\"name\":\"Sotatoimet\",\"item\":\"https:\\\/\\\/veteraanienperinto.fi\\\/index.php\\\/talvisota-etusivu\\\/talvisodan-kertomukset\\\/sotatoimet\\\/\"},{\"@type\":\"ListItem\",\"position\":5,\"name\":\"Torjuntavoitot Karjalan kannaksella\",\"item\":\"https:\\\/\\\/veteraanienperinto.fi\\\/index.php\\\/talvisota-etusivu\\\/talvisodan-kertomukset\\\/sotatoimet\\\/torjuntavoitot-karjalan-kannaksella\\\/\"},{\"@type\":\"ListItem\",\"position\":6,\"name\":\"Miksi apumme oli my\u00f6h\u00e4ss\u00e4\"}]},{\"@type\":\"WebSite\",\"@id\":\"https:\\\/\\\/veteraanienperinto.fi\\\/#website\",\"url\":\"https:\\\/\\\/veteraanienperinto.fi\\\/\",\"name\":\"Veteraanien Perint\u00f6\",\"description\":\"Kadettikunta\",\"potentialAction\":[{\"@type\":\"SearchAction\",\"target\":{\"@type\":\"EntryPoint\",\"urlTemplate\":\"https:\\\/\\\/veteraanienperinto.fi\\\/?s={search_term_string}\"},\"query-input\":{\"@type\":\"PropertyValueSpecification\",\"valueRequired\":true,\"valueName\":\"search_term_string\"}}],\"inLanguage\":\"fi\"}]}<\/script>\n<!-- \/ Yoast SEO plugin. -->","yoast_head_json":{"title":"Miksi apumme oli my\u00f6h\u00e4ss\u00e4 - Veteraanien Perint\u00f6","robots":{"index":"index","follow":"follow","max-snippet":"max-snippet:-1","max-image-preview":"max-image-preview:large","max-video-preview":"max-video-preview:-1"},"canonical":"https:\/\/veteraanienperinto.fi\/index.php\/talvisota-etusivu\/talvisodan-kertomukset\/sotatoimet\/torjuntavoitot-karjalan-kannaksella\/miksi-apumme-oli-myohassa\/","og_locale":"fi_FI","og_type":"article","og_title":"Miksi apumme oli my\u00f6h\u00e4ss\u00e4 - Veteraanien Perint\u00f6","og_url":"https:\/\/veteraanienperinto.fi\/index.php\/talvisota-etusivu\/talvisodan-kertomukset\/sotatoimet\/torjuntavoitot-karjalan-kannaksella\/miksi-apumme-oli-myohassa\/","og_site_name":"Veteraanien Perint\u00f6","twitter_card":"summary_large_image","twitter_misc":{"Arvioitu lukuaika":"10 minuuttia"},"schema":{"@context":"https:\/\/schema.org","@graph":[{"@type":"WebPage","@id":"https:\/\/veteraanienperinto.fi\/index.php\/talvisota-etusivu\/talvisodan-kertomukset\/sotatoimet\/torjuntavoitot-karjalan-kannaksella\/miksi-apumme-oli-myohassa\/","url":"https:\/\/veteraanienperinto.fi\/index.php\/talvisota-etusivu\/talvisodan-kertomukset\/sotatoimet\/torjuntavoitot-karjalan-kannaksella\/miksi-apumme-oli-myohassa\/","name":"Miksi apumme oli my\u00f6h\u00e4ss\u00e4 - Veteraanien Perint\u00f6","isPartOf":{"@id":"https:\/\/veteraanienperinto.fi\/#website"},"datePublished":"2020-08-31T10:44:21+00:00","breadcrumb":{"@id":"https:\/\/veteraanienperinto.fi\/index.php\/talvisota-etusivu\/talvisodan-kertomukset\/sotatoimet\/torjuntavoitot-karjalan-kannaksella\/miksi-apumme-oli-myohassa\/#breadcrumb"},"inLanguage":"fi","potentialAction":[{"@type":"ReadAction","target":["https:\/\/veteraanienperinto.fi\/index.php\/talvisota-etusivu\/talvisodan-kertomukset\/sotatoimet\/torjuntavoitot-karjalan-kannaksella\/miksi-apumme-oli-myohassa\/"]}]},{"@type":"BreadcrumbList","@id":"https:\/\/veteraanienperinto.fi\/index.php\/talvisota-etusivu\/talvisodan-kertomukset\/sotatoimet\/torjuntavoitot-karjalan-kannaksella\/miksi-apumme-oli-myohassa\/#breadcrumb","itemListElement":[{"@type":"ListItem","position":1,"name":"Etusivu","item":"https:\/\/veteraanienperinto.fi\/index.php\/etusivu-2\/"},{"@type":"ListItem","position":2,"name":"Talvisota","item":"https:\/\/veteraanienperinto.fi\/index.php\/talvisota-etusivu\/"},{"@type":"ListItem","position":3,"name":"Talvisodan kertomukset","item":"https:\/\/veteraanienperinto.fi\/index.php\/talvisota-etusivu\/talvisodan-kertomukset\/"},{"@type":"ListItem","position":4,"name":"Sotatoimet","item":"https:\/\/veteraanienperinto.fi\/index.php\/talvisota-etusivu\/talvisodan-kertomukset\/sotatoimet\/"},{"@type":"ListItem","position":5,"name":"Torjuntavoitot Karjalan kannaksella","item":"https:\/\/veteraanienperinto.fi\/index.php\/talvisota-etusivu\/talvisodan-kertomukset\/sotatoimet\/torjuntavoitot-karjalan-kannaksella\/"},{"@type":"ListItem","position":6,"name":"Miksi apumme oli my\u00f6h\u00e4ss\u00e4"}]},{"@type":"WebSite","@id":"https:\/\/veteraanienperinto.fi\/#website","url":"https:\/\/veteraanienperinto.fi\/","name":"Veteraanien Perint\u00f6","description":"Kadettikunta","potentialAction":[{"@type":"SearchAction","target":{"@type":"EntryPoint","urlTemplate":"https:\/\/veteraanienperinto.fi\/?s={search_term_string}"},"query-input":{"@type":"PropertyValueSpecification","valueRequired":true,"valueName":"search_term_string"}}],"inLanguage":"fi"}]}},"_links":{"self":[{"href":"https:\/\/veteraanienperinto.fi\/index.php\/wp-json\/wp\/v2\/pages\/1822","targetHints":{"allow":["GET"]}}],"collection":[{"href":"https:\/\/veteraanienperinto.fi\/index.php\/wp-json\/wp\/v2\/pages"}],"about":[{"href":"https:\/\/veteraanienperinto.fi\/index.php\/wp-json\/wp\/v2\/types\/page"}],"author":[{"embeddable":true,"href":"https:\/\/veteraanienperinto.fi\/index.php\/wp-json\/wp\/v2\/users\/2"}],"replies":[{"embeddable":true,"href":"https:\/\/veteraanienperinto.fi\/index.php\/wp-json\/wp\/v2\/comments?post=1822"}],"version-history":[{"count":2,"href":"https:\/\/veteraanienperinto.fi\/index.php\/wp-json\/wp\/v2\/pages\/1822\/revisions"}],"predecessor-version":[{"id":5578,"href":"https:\/\/veteraanienperinto.fi\/index.php\/wp-json\/wp\/v2\/pages\/1822\/revisions\/5578"}],"up":[{"embeddable":true,"href":"https:\/\/veteraanienperinto.fi\/index.php\/wp-json\/wp\/v2\/pages\/1776"}],"wp:attachment":[{"href":"https:\/\/veteraanienperinto.fi\/index.php\/wp-json\/wp\/v2\/media?parent=1822"}],"curies":[{"name":"wp","href":"https:\/\/api.w.org\/{rel}","templated":true}]}}