{"id":1833,"date":"2020-08-31T11:01:37","date_gmt":"2020-08-31T11:01:37","guid":{"rendered":"https:\/\/veteraani.ylirotu.fi\/?page_id=1833"},"modified":"2020-08-31T11:01:37","modified_gmt":"2020-08-31T11:01:37","slug":"tammikuinen-aamu","status":"publish","type":"page","link":"https:\/\/veteraanienperinto.fi\/index.php\/talvisota-etusivu\/talvisodan-kertomukset\/sotatoimet\/torjuntavoitot-itarajalla-2\/tammikuinen-aamu\/","title":{"rendered":"Tammikuinen aamu"},"content":{"rendered":"\n<style type=\"text\/css\" data-created_by=\"avia_inline_auto\" id=\"style-css-av-keiewop0-32b2f91fe757236026ca0ff392240dbc\">\n#top .av-special-heading.av-keiewop0-32b2f91fe757236026ca0ff392240dbc{\npadding-bottom:10px;\n}\nbody .av-special-heading.av-keiewop0-32b2f91fe757236026ca0ff392240dbc .av-special-heading-tag .heading-char{\nfont-size:25px;\n}\n.av-special-heading.av-keiewop0-32b2f91fe757236026ca0ff392240dbc .av-subheading{\nfont-size:15px;\n}\n<\/style>\n<div  class='av-special-heading av-keiewop0-32b2f91fe757236026ca0ff392240dbc av-special-heading-h3  avia-builder-el-0  el_before_av_textblock  avia-builder-el-first '><h3 class='av-special-heading-tag'  itemprop=\"headline\"  >Tammikuinen aamu<\/h3><div class=\"special-heading-border\"><div class=\"special-heading-inner-border\"><\/div><\/div><\/div>\n<section  class='av_textblock_section av-kei9w74n-7b0f008125a778f48432b9a614d90d0f '   itemscope=\"itemscope\" itemtype=\"https:\/\/schema.org\/CreativeWork\" ><div class='avia_textblock'  itemprop=\"text\" ><p><strong>Toivo Marttinen:<\/strong><\/p>\n<p>On tammikuun aamu.<\/p>\n<p>Joukko lumipukuisia kaukopartiomiehi\u00e4 seisoo suksillaan kyl\u00e4n laidassa olevassa metsik\u00f6ss\u00e4. He nojaavat suksisauvoihinsa ja kuuntelevat.<\/p>\n<p>Pakkasen paukahtaessa osasto liikahtaa, konepistoolien suut kohoavat, ja silm\u00e4t tuijottavat pime\u00e4\u00e4n, kuulo herkistyy. Kun mit\u00e4\u00e4n ei tapahdu, he liikahtavat j\u00e4lleen \u00e4\u00e4nett\u00f6m\u00e4sti, nojautuvat sauvoihinsa.<\/p>\n<p>He odottavat.<\/p>\n<p>Luutnantti Per\u00e4l\u00e4 hiiht\u00e4\u00e4 hitaasti joukon ohi rivin toiseen p\u00e4\u00e4h\u00e4n ja pys\u00e4htyy viereeni. Lumipuvun rintamukselle on muodostunut huurretta. Pistoolikotelon ja karttalaukun hihnat leikkaavat h\u00e4nen lumipukunsa eteen rastin. H\u00e4n kuiskaa hiljaa korvaani:<\/p>\n<p>&#8211; T\u00e4m\u00e4 siis on kotikyl\u00e4nne. Te tunnette alueen. Tiedustelumme ilmoitti, ett\u00e4 vihollisen divisioonan esikunta on tuossa talossa, tuolla \u00e4\u00e4rimm\u00e4isen\u00e4 vasemmalla?<\/p>\n<p>Ny\u00f6kk\u00e4\u00e4n. Tunnen talon. Se on kotitaloni. Aion huomauttaa siit\u00e4, mutta muutankin mieleni. Luutnantti jatkaa:<\/p>\n<p>&#8211; Hiivimme sinne ja koetamme tuhota heit\u00e4 niin paljon kuin mahdollista. Sytyt\u00e4mme talon tuleen. Poltamme kyl\u00e4n taloja niin paljon kuin enn\u00e4t\u00e4mme, mutta tuon esikunnan majoituspaikan tuhoaminen on t\u00e4rkein.<\/p>\n<p>Ny\u00f6kk\u00e4\u00e4n j\u00e4lleen..<\/p>\n<p>&#8211; Menemme kahdestaan edell\u00e4, jatkaa luutnantti, &#8211; te ja min\u00e4. Pihassa n\u00e4kyy olevan vartiomies. Vaiennamme h\u00e4net, ja sitten hy\u00f6kk\u00e4\u00e4mme. Ahkiot j\u00e4\u00e4v\u00e4t t\u00e4nne parin miehen vartioitaviksi. Meid\u00e4n on toimittava nopeasti, ennen kuin tulee liian valoisa.<\/p>\n<p>Kumarrun koettamaan suksisiteit\u00e4ni. Ne ovat kunnossa. Poistan varmistimen konepistoolistani ja siirr\u00e4n sen eteeni.<\/p>\n<p>Hiihd\u00e4n edelle. Sukset sihahtelevat pehme\u00e4ss\u00e4 lumessa, johon on muodostunut vihurin puhaltamia kinoksia. Tulemme aukealle. Siin\u00e4 on sauna, kotini sauna, miss\u00e4 olen kylpenyt lukemattomia kertoja, ehk\u00e4 syntynytkin. Nyt siit\u00e4 uhoo noen ja lahonneen vihdanlehden tuoksu. Sit\u00e4 ei ole k\u00e4ytetty. Alue on tallaamatonta, ja sinne johtava polku on ummessa. Hiihd\u00e4mme saunan ikkunan ohitse, ja olen n\u00e4kevin\u00e4ni sen sis\u00e4laudalla kynttil\u00e4np\u00e4tk\u00e4n ja tulitikkurasian.<\/p>\n<p>Pys\u00e4hdymme ja tuijotamme asuinrakennuksia. Siell\u00e4 tuntuu kuolleelta, mutta kuulemme tallin ja navetan suunnalta hevosten hampaitten rousketta ja kavioitten poljentaa. Hiihd\u00e4mme l\u00e4hemm\u00e4ksi.<\/p>\n<p>\u00c4kki\u00e4 luutnantti tarttuu lujasti k\u00e4sivarteeni. H\u00e4n on n\u00e4hnyt jotain. Seuraan h\u00e4nen katseensa suuntaa.<\/p>\n<p>Aivan oikein.<\/p>\n<p>Tuvan eteisen varjossa seisoo lumipukuinen vartiomies. H\u00e4n seisoo kyljitt\u00e4in meihin katse maantielle suunnattuna. Rinnan p\u00e4\u00e4ll\u00e4 roikkuva musta konepistooli n\u00e4kyy lumipukua vasten. Pihassa on joukko kiv\u00e4\u00e4rikekoja, josta tied\u00e4n, ett\u00e4 kotiini on majoittunut ainakin komppania sotilaita ja ett\u00e4 he nukkuvat v\u00e4entuvassa. Esikunta on tietysti majoittunut vierashuoneisiin, arvaan.<\/p>\n<p>Luutnantti antaa merkin. Ymm\u00e4rr\u00e4n sen ja ojennan konepistoolini h\u00e4nelle. Sitten kaivan taskuaseeni esiin ja irrotan suksisiteet jaloistani.<\/p>\n<p>Kun laskeudun polvilleni aloittaakseni ry\u00f6mimisen, liikahtaa vartiomies. Se saa minut j\u00e4ykistym\u00e4\u00e4n tuokioksi paikalleni. Ojennan taskuaseeni, vaikka tied\u00e4nkin, ett\u00e4 luutnantin ase on my\u00f6s ojennettuna pihassa seisovaa miest\u00e4 kohden. Mutta mies seisoo edelleen alallaan liikahtamatta en\u00e4\u00e4.<\/p>\n<p>Ry\u00f6min kotini pihamaalla. Muistan ry\u00f6mineeni siin\u00e4 ennenkin, pikkupoikana. Piha oli minun lapsuusaikojeni leikkien temmellyskentt\u00e4. Pelonsekaisesta j\u00e4nnityksest\u00e4 huolimatta palautuvat nuo ammoisia aikoja sitten eletyt hetket mieleeni. Koetan karkottaa ne ja ry\u00f6min entist\u00e4 varovaisemmin. Ep\u00e4onnistumiseni saattaisi olla kohtalokasta muillekin kuin itselleni. Tunnen paitani selk\u00e4myksen kastuvan hiest\u00e4.<\/p>\n<p>Olen aivan miehen sel\u00e4n takana.<\/p>\n<p>En hengit\u00e4.<\/p>\n<p>Kohoan hiljaa seisomaan ja samassa k\u00e4teni kiertyv\u00e4t miehen kaulan ymp\u00e4ri ja isken.<\/p>\n<p>Kannamme miehen navetan ja tallin v\u00e4liseen solaan.<\/p>\n<p>Kaikki on tapahtunut lyhyess\u00e4 hetkess\u00e4. Luutnantti hypp\u00e4\u00e4 suksilleen ja hiiht\u00e4\u00e4 pois. Kuulen lyhyen merkin, ja siin\u00e4 tuokiossa seisoo koko joukkue ulkorakennusten varjossa. Polttopulloja ja k\u00e4sikranaatteja otetaan k\u00e4sille. Luutnantti kuiskaa k\u00e4skyj\u00e4. Puolet joukkueesta hiiht\u00e4\u00e4 varmistukseen. Osa heist\u00e4 valitsee kohteekseen kaksi naapuritaloa.<\/p>\n<p>Hiivin edell\u00e4 eteiseen. Vieras lemu tulvahtaa vastaan, mutta kun avaan tuvan oven, se narahtaa tutunomaisesti. Tuvasta kuuluu kuorsausta.<\/p>\n<p>Kolme k\u00e4sikranaattia ja kaksi polttopulloa lent\u00e4\u00e4 yhtaikaa oviaukosta sis\u00e4\u00e4n. Ne r\u00e4j\u00e4ht\u00e4v\u00e4t, ennen kuin olemme ulkona eteisest\u00e4.<\/p>\n<p>Valoa leimahaa ikkunoista. Huutoa, ulos pyrkivi\u00e4. Konepistoolit yhtyv\u00e4t meteliin, ne r\u00e4k\u00e4tt\u00e4v\u00e4t ilke\u00e4sti naapuritalossakin. Tallista purkautuu miehi\u00e4 lumiselle pihamaalle, jota valaisevat ikkunoista tulvivat liekit. Yritys onnistui, ja ryhdymme nopeasti vet\u00e4ytym\u00e4\u00e4n ladullemme.<\/p>\n<p>H\u00e4lytyssireeni ulvoo.<\/p>\n<p>Luodit viheltelev\u00e4t ylitsemme. Vastaamme umpim\u00e4hk\u00e4\u00e4n tuleen ja per\u00e4ydymme ahkioita vartioivien miesten luo. Kun saavumme mets\u00e4n laitaan, alkavat vihollisen ilmatorjunta-aseet sylke\u00e4 kranaatteja meit\u00e4 kohden. Ammukset r\u00e4j\u00e4ht\u00e4v\u00e4t yll\u00e4mme, mutta meill\u00e4 ei ole aikaa maastoutua. Korjaamme haavoittuneet ahkioihin ja aloitamme paluumatkan, kun ensimm\u00e4iset auringons\u00e4teet valottavat pet\u00e4jien latvoja.<\/p>\n<p>Vaikka olemme jo syv\u00e4ll\u00e4 mets\u00e4ss\u00e4, kuuluu kiivasta ammuntaa ja huutoa. Kolme majoituspaikkaa on saatu tuleen. Hiihd\u00e4n varmistusta pit\u00e4v\u00e4ss\u00e4 j\u00e4lkijoukossa ja pys\u00e4hdyn tuon tuostakin kuuntelemaan. Min\u00e4 hetken\u00e4 hyv\u00e4ns\u00e4 voimme saada takaa-ajajat kintereillemme.<\/p>\n<p>Mieleni on apea. Tied\u00e4n, etten saa n\u00e4hd\u00e4 kotiani en\u00e4\u00e4 sellaisena kuin se on ollut. Hiiltyneet rauniot vain, joissa t\u00f6rr\u00f6tt\u00e4v\u00e4t rapistuneet savupiiput.<\/p>\n<p>Hiihd\u00e4mme tutulla mets\u00e4alueella.<\/p>\n<p>Siin\u00e4 makaa paksun nietoksen sis\u00e4ll\u00e4 syksyll\u00e4 hakkaamani halkopino, tuolla n\u00e4kyy toinen, ja jos oikein muistan, niin t\u00e4ll\u00e4 kohdalla pidin p\u00e4iv\u00e4llistauon ja s\u00f6in ev\u00e4it\u00e4ni. Siin\u00e4 on iso kivi, ja sen jyrkk\u00e4 kuve on paljaana lumesta. T\u00e4ss\u00e4 mets\u00e4ss\u00e4 olen mets\u00e4stellyt, t\u00e4\u00e4lt\u00e4 olen saanut el\u00e4m\u00e4ni ensimm\u00e4isen riistasaaliin. Hiihd\u00e4n ajatuksiini vaipuneena. Tuskin huomaan ladun varteen valuneita veripisaroita, ahkiossa makaavien verta.<\/p>\n<p>\u00c4kki\u00e4 havahdun. Yl\u00e4puolellamme lent\u00e4\u00e4 h\u00e4vitt\u00e4j\u00e4koneita. Onneksi mets\u00e4 on t\u00e4ss\u00e4 kohdassa tihe\u00e4\u00e4, mutta kuinka k\u00e4y kun ylit\u00e4mme edess\u00e4 olevan suon? Lentokoneet purnauttelevat sarjojaan umpim\u00e4hk\u00e4\u00e4n, mets\u00e4ss\u00e4 vingahtelee, rapisee. Joukkue on pys\u00e4htynyt. Kaikkien katseet t\u00e4hyilev\u00e4t puitten latvoihin.<\/p>\n<p>Lentokoneet katoavat. Ne etsiv\u00e4t meit\u00e4, arvaan.<\/p>\n<p>Kun saavumme suon laitaan, j\u00e4\u00e4n siihen kymmenmiehisen ryhm\u00e4n kanssa. Latu leikkaa suon kahtia kohtisuorana viivana. Hanki kimmelt\u00e4\u00e4. Se saa ladun n\u00e4ytt\u00e4m\u00e4\u00e4n miltei mustalta. Ihme, etteiv\u00e4t ole havainneet sit\u00e4 lentokoneista. Annamme toisten ylitt\u00e4\u00e4 suon. Kuuntelemme ja pid\u00e4mme silm\u00e4ll\u00e4 j\u00e4lke\u00e4mme. Etulinjasta, jostain Aittojoen suunnalta alkaa kuulua kaukaista tuliaseitten r\u00e4iskett\u00e4. Siihen yhtyy vihollisen tykist\u00f6. Se ei ole meist\u00e4 kaukana, sill\u00e4 l\u00e4ht\u00f6laukaukset kajahtavat korviimme kovaa.<\/p>\n<p>Taas tulevat lentokoneet. Juuri sopivaan aikaan, koska silloin pujahtaa viimeinen suon ylitt\u00e4j\u00e4 vastarannan mets\u00e4\u00e4n. Emme voi jatkaa matkaamme, ennen kuin h\u00e4vitt\u00e4j\u00e4t katoavat tiehens\u00e4. Ne lent\u00e4v\u00e4t matalalla, tuiskuttavat konekiv\u00e4\u00e4reill\u00e4\u00e4n mets\u00e4\u00e4. Ilmeisesti on tuhoty\u00f6mme saanut heid\u00e4t katkeriksi.<\/p>\n<p>Takaa-ajajia ei vain ilmaannu. He ker\u00e4\u00e4v\u00e4t joukkojaan luullen, ett\u00e4 meit\u00e4 oli suuriakin miesmassoja liikkeell\u00e4.<\/p>\n<p>Suo edess\u00e4mme on laaja. Sen kiert\u00e4minen metsi\u00e4 pitkin saattaisi olla kohtalokasta. Emmeh\u00e4n tied\u00e4, mihin kaikkiin paikkoihin vihollisyksikk\u00f6j\u00e4 on koottu. Nyt on lentokoneista ilmeisesti havaittu latu. Koneet kaartavat suon yl\u00e4puolella, painautuvat matalalle ja pysyttelev\u00e4t ladun vaiheilla. Niit\u00e4 on kuusi. Ne eiv\u00e4t tulita en\u00e4\u00e4, mutta kaksi konetta eroaa muodostelmasta ja lent\u00e4\u00e4 ladun suuntaan vastarannan mets\u00e4n yl\u00e4puolelle.<\/p>\n<p>Makaamme lumessa ja kuuntelemme.<\/p>\n<p>Ne eiv\u00e4t ammu, toverimme ovat pelastuneet mets\u00e4n pimentoihin. Mutta me? Emme uskalla ylitt\u00e4\u00e4 suota niin kauan kuin koneet viipyv\u00e4t sen yl\u00e4puolella. On joko kierrett\u00e4v\u00e4 suo tai odotettava iltaa. Pakkanen puuduttaa j\u00e4senet.<\/p>\n<p>Eteen lent\u00e4neet koneet palaavat. Ne yhtyv\u00e4t toisiin, ja tuokion kuluttua laivue katoaa tulosuuntaansa. Nyt nousemme suksille. Aseistuksemme on kevyt, pian saavutamme vastarannan.<\/p>\n<p>Silloin tulevat koneet viel\u00e4 uudelleen.<\/p>\n<p>Ne ujeltavat riemuissaan onnistuneesta kepposestaan.<\/p>\n<p>Heitt\u00e4ydymme lumeen, kaivaudumme siihen. Koneet sy\u00f6ksyv\u00e4t alas, ja ensimm\u00e4inen ilke\u00e4 r\u00e4tin\u00e4 repii pakkasilmaa. Se saa lumen tupsahtelemaan kun luodit tunkeutuvat ymp\u00e4rill\u00e4mme lumenl\u00e4pi j\u00e4\u00e4tyneeseen rahkaan.<\/p>\n<p>Emme liikahdakaan, odotamme vain luotia niskaamme.<\/p>\n<p>Kuusi h\u00e4vitt\u00e4j\u00e4\u00e4 syyt\u00e4\u00e4 niit\u00e4. Luulisi, ett\u00e4 alueella on verinen ilmataistelu. Mieleni tekee nousta ja vastata konepistoolilla tuleen, mutta luovun tuosta mielett\u00f6m\u00e4st\u00e4 ajatuksesta. Pelk\u00e4\u00e4n, ett\u00e4 jokainen tovereistani on kuollut kymmenien luotien l\u00e4vist\u00e4m\u00e4n\u00e4. He makaavat hiljaa, yht\u00e4 hiljaa kuin min\u00e4kin. Mietin, miten saan toverieni ruumiit pois. Silloin koneet katoavat. Ne ovat saaneet teht\u00e4v\u00e4ns\u00e4 p\u00e4\u00e4t\u00f6kseen.<\/p>\n<p>Kohotan p\u00e4\u00e4t\u00e4ni ja katselen ymp\u00e4rilleni. Nyt kohoaa toinenkin p\u00e4\u00e4, kolmas\u0085 Ei, niit\u00e4 kohoaa useita, kaikkien mukana olleitten p\u00e4\u00e4t kohoavat lumesta.<\/p>\n<p>Tunnen kiitollista mielihyv\u00e4\u00e4. Ei pienint\u00e4k\u00e4\u00e4n naarmua keness\u00e4k\u00e4\u00e4n. Lumisia ja kylm\u00e4n j\u00e4ykist\u00e4mi\u00e4 miehi\u00e4, mutta kaikki vahingoittumattomina.<\/p>\n<p>En voi muuta kuin nauraa.<\/p>\n<p>Nauran pitk\u00e4\u00e4n, kyyneliss\u00e4ni kylpien, kunnes toverini saavat minut tyyntym\u00e4\u00e4n. Hermoj\u00e4nnitys laukeaa, ja palaudun entiselleni. Mets\u00e4ss\u00e4 saavutamme toiset. He eiv\u00e4t j\u00e4tt\u00e4neet meit\u00e4, vaan olivat tuskaisina seuranneet suolla tapahtuvaa n\u00e4ytelm\u00e4\u00e4. Hekin luulivat, ettemme selvi\u00e4isi.<\/p>\n<p>Olemme j\u00e4lleen ladulla.<\/p>\n<p>Oma koti\u0085 kullan kallis.<\/p>\n<p>Mietin t\u00e4t\u00e4 ja koetan p\u00e4\u00e4st\u00e4 selvyyteen, teink\u00f6 sen hyv\u00e4ksi todella kaiken parhaiten. Sit\u00e4 ei ole en\u00e4\u00e4, mutta sen kamara on j\u00e4ljell\u00e4, maat ja tutut n\u00e4k\u00f6alat. Niit\u00e4 ei ole tuli pystynyt h\u00e4vitt\u00e4m\u00e4\u00e4n. Eik\u00e4 pysty. T\u00e4h\u00e4n ajatukseen tyynnyn. V\u00e4syneet j\u00e4senet saavat voimaa ja ponnistelen hiiht\u00e4en joukkueen eteen.<\/p>\n<p>Odotamme pime\u00e4\u00e4. Se on meid\u00e4n puolellamme, kun ylit\u00e4mme alueen, jota vihollisen hiihtopartiot vartioivat. Haavoittuneet valittavat ahkiossa, he ovat saaneet ensiavun, emmek\u00e4 voi muuta heille tehd\u00e4.<\/p>\n<p>Luutnantti Per\u00e4l\u00e4 hiiht\u00e4\u00e4 luokseni. H\u00e4nen poikamaisilla kasvoillaan on v\u00e4synyt ilme, mutta h\u00e4n koettaa hymyill\u00e4 lohduttavasti.<\/p>\n<p>&#8211; Oliko se teid\u00e4n kotinne?<\/p>\n<p>&#8211; Oli\u0085<\/p>\n<p>&#8211; Arvasin sen siit\u00e4, kun l\u00f6ysitte oven niin vaivattomasti pime\u00e4ss\u00e4 eteisess\u00e4, h\u00e4n virkkaa tarjoten savukkeen.<\/p>\n<p>Tuijotamme edess\u00e4 oleva aukeamaa, joka hyvin hitaasti tummuu. Kun se on ylitetty, olemme omien luona. Taistelun kumu kantautuu hiljaiseen er\u00e4maahan. Kuuntelemme sit\u00e4 vaiti ollen ja sauvoihimme nojaten.<\/p>\n<p>&#8211; Emme hiihd\u00e4 en\u00e4\u00e4 entist\u00e4 latuamme takaisin. Se voi olla miinoitettu.<\/p>\n<p>Luutnantti puhuu matalasti. Tied\u00e4n, ett\u00e4 h\u00e4n on oikeassa, ja kun vihdoin pime\u00e4n turvin jatkamme matkaa, teemme uuden ladun. P\u00e4\u00e4semme pujahtamaan alueen halki, ja tunnen itseni pitk\u00e4st\u00e4 aikaa oikein onnelliseksi.<\/p>\n<p>Kansa taisteli &#8211; miehet kertovat -lehti<\/p>\n<\/div><\/section>\n","protected":false},"excerpt":{"rendered":"","protected":false},"author":2,"featured_media":0,"parent":1780,"menu_order":1,"comment_status":"closed","ping_status":"closed","template":"","meta":{"footnotes":""},"class_list":["post-1833","page","type-page","status-publish","hentry"],"yoast_head":"<!-- This site is optimized with the Yoast SEO plugin v27.5 - https:\/\/yoast.com\/product\/yoast-seo-wordpress\/ -->\n<title>Tammikuinen aamu - Veteraanien Perint\u00f6<\/title>\n<meta name=\"robots\" content=\"index, follow, max-snippet:-1, max-image-preview:large, max-video-preview:-1\" \/>\n<link rel=\"canonical\" href=\"https:\/\/veteraanienperinto.fi\/index.php\/talvisota-etusivu\/talvisodan-kertomukset\/sotatoimet\/torjuntavoitot-itarajalla-2\/tammikuinen-aamu\/\" \/>\n<meta property=\"og:locale\" content=\"fi_FI\" \/>\n<meta property=\"og:type\" content=\"article\" \/>\n<meta property=\"og:title\" content=\"Tammikuinen aamu - Veteraanien Perint\u00f6\" \/>\n<meta property=\"og:url\" content=\"https:\/\/veteraanienperinto.fi\/index.php\/talvisota-etusivu\/talvisodan-kertomukset\/sotatoimet\/torjuntavoitot-itarajalla-2\/tammikuinen-aamu\/\" \/>\n<meta property=\"og:site_name\" content=\"Veteraanien Perint\u00f6\" \/>\n<meta name=\"twitter:card\" content=\"summary_large_image\" \/>\n<meta name=\"twitter:label1\" content=\"Arvioitu lukuaika\" \/>\n\t<meta name=\"twitter:data1\" content=\"8 minuuttia\" \/>\n<script type=\"application\/ld+json\" class=\"yoast-schema-graph\">{\"@context\":\"https:\\\/\\\/schema.org\",\"@graph\":[{\"@type\":\"WebPage\",\"@id\":\"https:\\\/\\\/veteraanienperinto.fi\\\/index.php\\\/talvisota-etusivu\\\/talvisodan-kertomukset\\\/sotatoimet\\\/torjuntavoitot-itarajalla-2\\\/tammikuinen-aamu\\\/\",\"url\":\"https:\\\/\\\/veteraanienperinto.fi\\\/index.php\\\/talvisota-etusivu\\\/talvisodan-kertomukset\\\/sotatoimet\\\/torjuntavoitot-itarajalla-2\\\/tammikuinen-aamu\\\/\",\"name\":\"Tammikuinen aamu - Veteraanien Perint\u00f6\",\"isPartOf\":{\"@id\":\"https:\\\/\\\/veteraanienperinto.fi\\\/#website\"},\"datePublished\":\"2020-08-31T11:01:37+00:00\",\"breadcrumb\":{\"@id\":\"https:\\\/\\\/veteraanienperinto.fi\\\/index.php\\\/talvisota-etusivu\\\/talvisodan-kertomukset\\\/sotatoimet\\\/torjuntavoitot-itarajalla-2\\\/tammikuinen-aamu\\\/#breadcrumb\"},\"inLanguage\":\"fi\",\"potentialAction\":[{\"@type\":\"ReadAction\",\"target\":[\"https:\\\/\\\/veteraanienperinto.fi\\\/index.php\\\/talvisota-etusivu\\\/talvisodan-kertomukset\\\/sotatoimet\\\/torjuntavoitot-itarajalla-2\\\/tammikuinen-aamu\\\/\"]}]},{\"@type\":\"BreadcrumbList\",\"@id\":\"https:\\\/\\\/veteraanienperinto.fi\\\/index.php\\\/talvisota-etusivu\\\/talvisodan-kertomukset\\\/sotatoimet\\\/torjuntavoitot-itarajalla-2\\\/tammikuinen-aamu\\\/#breadcrumb\",\"itemListElement\":[{\"@type\":\"ListItem\",\"position\":1,\"name\":\"Etusivu\",\"item\":\"https:\\\/\\\/veteraanienperinto.fi\\\/index.php\\\/etusivu-2\\\/\"},{\"@type\":\"ListItem\",\"position\":2,\"name\":\"Talvisota\",\"item\":\"https:\\\/\\\/veteraanienperinto.fi\\\/index.php\\\/talvisota-etusivu\\\/\"},{\"@type\":\"ListItem\",\"position\":3,\"name\":\"Talvisodan kertomukset\",\"item\":\"https:\\\/\\\/veteraanienperinto.fi\\\/index.php\\\/talvisota-etusivu\\\/talvisodan-kertomukset\\\/\"},{\"@type\":\"ListItem\",\"position\":4,\"name\":\"Sotatoimet\",\"item\":\"https:\\\/\\\/veteraanienperinto.fi\\\/index.php\\\/talvisota-etusivu\\\/talvisodan-kertomukset\\\/sotatoimet\\\/\"},{\"@type\":\"ListItem\",\"position\":5,\"name\":\"Torjuntavoitot it\u00e4rajalla\",\"item\":\"https:\\\/\\\/veteraanienperinto.fi\\\/index.php\\\/talvisota-etusivu\\\/talvisodan-kertomukset\\\/sotatoimet\\\/torjuntavoitot-itarajalla-2\\\/\"},{\"@type\":\"ListItem\",\"position\":6,\"name\":\"Tammikuinen aamu\"}]},{\"@type\":\"WebSite\",\"@id\":\"https:\\\/\\\/veteraanienperinto.fi\\\/#website\",\"url\":\"https:\\\/\\\/veteraanienperinto.fi\\\/\",\"name\":\"Veteraanien Perint\u00f6\",\"description\":\"Kadettikunta\",\"potentialAction\":[{\"@type\":\"SearchAction\",\"target\":{\"@type\":\"EntryPoint\",\"urlTemplate\":\"https:\\\/\\\/veteraanienperinto.fi\\\/?s={search_term_string}\"},\"query-input\":{\"@type\":\"PropertyValueSpecification\",\"valueRequired\":true,\"valueName\":\"search_term_string\"}}],\"inLanguage\":\"fi\"}]}<\/script>\n<!-- \/ Yoast SEO plugin. -->","yoast_head_json":{"title":"Tammikuinen aamu - Veteraanien Perint\u00f6","robots":{"index":"index","follow":"follow","max-snippet":"max-snippet:-1","max-image-preview":"max-image-preview:large","max-video-preview":"max-video-preview:-1"},"canonical":"https:\/\/veteraanienperinto.fi\/index.php\/talvisota-etusivu\/talvisodan-kertomukset\/sotatoimet\/torjuntavoitot-itarajalla-2\/tammikuinen-aamu\/","og_locale":"fi_FI","og_type":"article","og_title":"Tammikuinen aamu - Veteraanien Perint\u00f6","og_url":"https:\/\/veteraanienperinto.fi\/index.php\/talvisota-etusivu\/talvisodan-kertomukset\/sotatoimet\/torjuntavoitot-itarajalla-2\/tammikuinen-aamu\/","og_site_name":"Veteraanien Perint\u00f6","twitter_card":"summary_large_image","twitter_misc":{"Arvioitu lukuaika":"8 minuuttia"},"schema":{"@context":"https:\/\/schema.org","@graph":[{"@type":"WebPage","@id":"https:\/\/veteraanienperinto.fi\/index.php\/talvisota-etusivu\/talvisodan-kertomukset\/sotatoimet\/torjuntavoitot-itarajalla-2\/tammikuinen-aamu\/","url":"https:\/\/veteraanienperinto.fi\/index.php\/talvisota-etusivu\/talvisodan-kertomukset\/sotatoimet\/torjuntavoitot-itarajalla-2\/tammikuinen-aamu\/","name":"Tammikuinen aamu - Veteraanien Perint\u00f6","isPartOf":{"@id":"https:\/\/veteraanienperinto.fi\/#website"},"datePublished":"2020-08-31T11:01:37+00:00","breadcrumb":{"@id":"https:\/\/veteraanienperinto.fi\/index.php\/talvisota-etusivu\/talvisodan-kertomukset\/sotatoimet\/torjuntavoitot-itarajalla-2\/tammikuinen-aamu\/#breadcrumb"},"inLanguage":"fi","potentialAction":[{"@type":"ReadAction","target":["https:\/\/veteraanienperinto.fi\/index.php\/talvisota-etusivu\/talvisodan-kertomukset\/sotatoimet\/torjuntavoitot-itarajalla-2\/tammikuinen-aamu\/"]}]},{"@type":"BreadcrumbList","@id":"https:\/\/veteraanienperinto.fi\/index.php\/talvisota-etusivu\/talvisodan-kertomukset\/sotatoimet\/torjuntavoitot-itarajalla-2\/tammikuinen-aamu\/#breadcrumb","itemListElement":[{"@type":"ListItem","position":1,"name":"Etusivu","item":"https:\/\/veteraanienperinto.fi\/index.php\/etusivu-2\/"},{"@type":"ListItem","position":2,"name":"Talvisota","item":"https:\/\/veteraanienperinto.fi\/index.php\/talvisota-etusivu\/"},{"@type":"ListItem","position":3,"name":"Talvisodan kertomukset","item":"https:\/\/veteraanienperinto.fi\/index.php\/talvisota-etusivu\/talvisodan-kertomukset\/"},{"@type":"ListItem","position":4,"name":"Sotatoimet","item":"https:\/\/veteraanienperinto.fi\/index.php\/talvisota-etusivu\/talvisodan-kertomukset\/sotatoimet\/"},{"@type":"ListItem","position":5,"name":"Torjuntavoitot it\u00e4rajalla","item":"https:\/\/veteraanienperinto.fi\/index.php\/talvisota-etusivu\/talvisodan-kertomukset\/sotatoimet\/torjuntavoitot-itarajalla-2\/"},{"@type":"ListItem","position":6,"name":"Tammikuinen aamu"}]},{"@type":"WebSite","@id":"https:\/\/veteraanienperinto.fi\/#website","url":"https:\/\/veteraanienperinto.fi\/","name":"Veteraanien Perint\u00f6","description":"Kadettikunta","potentialAction":[{"@type":"SearchAction","target":{"@type":"EntryPoint","urlTemplate":"https:\/\/veteraanienperinto.fi\/?s={search_term_string}"},"query-input":{"@type":"PropertyValueSpecification","valueRequired":true,"valueName":"search_term_string"}}],"inLanguage":"fi"}]}},"_links":{"self":[{"href":"https:\/\/veteraanienperinto.fi\/index.php\/wp-json\/wp\/v2\/pages\/1833","targetHints":{"allow":["GET"]}}],"collection":[{"href":"https:\/\/veteraanienperinto.fi\/index.php\/wp-json\/wp\/v2\/pages"}],"about":[{"href":"https:\/\/veteraanienperinto.fi\/index.php\/wp-json\/wp\/v2\/types\/page"}],"author":[{"embeddable":true,"href":"https:\/\/veteraanienperinto.fi\/index.php\/wp-json\/wp\/v2\/users\/2"}],"replies":[{"embeddable":true,"href":"https:\/\/veteraanienperinto.fi\/index.php\/wp-json\/wp\/v2\/comments?post=1833"}],"version-history":[{"count":2,"href":"https:\/\/veteraanienperinto.fi\/index.php\/wp-json\/wp\/v2\/pages\/1833\/revisions"}],"predecessor-version":[{"id":5590,"href":"https:\/\/veteraanienperinto.fi\/index.php\/wp-json\/wp\/v2\/pages\/1833\/revisions\/5590"}],"up":[{"embeddable":true,"href":"https:\/\/veteraanienperinto.fi\/index.php\/wp-json\/wp\/v2\/pages\/1780"}],"wp:attachment":[{"href":"https:\/\/veteraanienperinto.fi\/index.php\/wp-json\/wp\/v2\/media?parent=1833"}],"curies":[{"name":"wp","href":"https:\/\/api.w.org\/{rel}","templated":true}]}}