{"id":1839,"date":"2020-08-31T11:05:02","date_gmt":"2020-08-31T11:05:02","guid":{"rendered":"https:\/\/veteraani.ylirotu.fi\/?page_id=1839"},"modified":"2020-09-04T15:13:49","modified_gmt":"2020-09-04T15:13:49","slug":"viipuri-vuonna-nolla","status":"publish","type":"page","link":"https:\/\/veteraanienperinto.fi\/index.php\/talvisota-etusivu\/talvisodan-kertomukset\/sotatoimet\/torjuntavoitot-itarajalla-2\/viipuri-vuonna-nolla\/","title":{"rendered":"Viipuri vuonna nolla"},"content":{"rendered":"\n<style type=\"text\/css\" data-created_by=\"avia_inline_auto\" id=\"style-css-av-av_heading-b2372a21920a0e30d16fdd16baa89816\">\n#top .av-special-heading.av-av_heading-b2372a21920a0e30d16fdd16baa89816{\npadding-bottom:10px;\n}\nbody .av-special-heading.av-av_heading-b2372a21920a0e30d16fdd16baa89816 .av-special-heading-tag .heading-char{\nfont-size:25px;\n}\n.av-special-heading.av-av_heading-b2372a21920a0e30d16fdd16baa89816 .av-subheading{\nfont-size:15px;\n}\n<\/style>\n<div  class='av-special-heading av-av_heading-b2372a21920a0e30d16fdd16baa89816 av-special-heading-h3  avia-builder-el-0  el_before_av_textblock  avia-builder-el-first '><h3 class='av-special-heading-tag'  itemprop=\"headline\"  >Viipuri vuonna nolla<\/h3><div class=\"special-heading-border\"><div class=\"special-heading-inner-border\"><\/div><\/div><\/div>\n<section  class='av_textblock_section av-kei9w74n-7b0f008125a778f48432b9a614d90d0f '   itemscope=\"itemscope\" itemtype=\"https:\/\/schema.org\/CreativeWork\" ><div class='avia_textblock'  itemprop=\"text\" ><p><strong>Sakari S\u00e4rkisilta <\/strong><\/p>\n<div id=\"attachment_2924\" style=\"width: 228px\" class=\"wp-caption alignright\"><img loading=\"lazy\" decoding=\"async\" aria-describedby=\"caption-attachment-2924\" class=\"size-full wp-image-2924\" src=\"https:\/\/veteraanienperinto.fi\/wp-content\/uploads\/2020\/09\/sarkisilta1.jpg\" alt=\"\" width=\"218\" height=\"300\" \/><p id=\"caption-attachment-2924\" class=\"wp-caption-text\">Kirjoittaja<\/p><\/div>\n<p>Viisi vuotta yht\u00e4mittaisesti kest\u00e4neen &#8221;sotilasurani&#8221; aloitin talvisodan aikana Riihim\u00e4ell\u00e4. Muutaman viikon koulutuksenj\u00e4lkeen meit\u00e4 l\u00e4hti kymmenkunta poikaa kesken kurssin Ryttyl\u00e4n poikakotiin sijoitetusta aliupseerikoulusta rintamalle.<\/p>\n<p>Tulipalopakkasessa matkasimme h\u00e4rk\u00e4vaunussa Tienhaaraan, jossa majoituimme Amalia Veikkolaisen tyhj\u00e4ksi j\u00e4\u00e4neeseen m\u00f6kkiin ja ryhdyimme etsim\u00e4\u00e4n tulevaa joukko-osastoamme. Saatuamme siihen yhtevden marssimme Viipurin linnaan, jossa meid\u00e4t 22.2.1940 jaettiin t\u00e4ydennysmiehin\u00e4 h\u00e4m\u00e4l\u00e4isrykmentti JR 7m eri komppanioihin.<\/p>\n<p><strong>Pioneeriksi<\/strong><\/p>\n<p>Jouduin Timo Hirvi-Kunnaksen kanssa rykmentin pioneerijoukkueeseen. Siit\u00e4 alkoi jo Riihim\u00e4ell\u00e4 virinnyt yst\u00e4vyytemme ja aseveljeytemme, joka jatkui sodan j\u00e4lkeen Miehikk\u00e4l\u00e4ss\u00e4 aliupseerikoulussa ja RUK:n 48. kurssilla, jonka j\u00e4lkeen vasta tiemme erosivat. Timo kaatui luutnanttina Krivill\u00e4 jatkosodassa 7. joulukuuta 1943 ja lep\u00e4\u00e4 veljens\u00e4 Tepon vieress\u00e4 Haagan sankarihaudassa.<\/p>\n<p>Viipurissa suoritimme rauhan tuloon saakka teht\u00e4vi\u00e4, jotka kuuluivat pioneerien erikoisalaan. Ei niist\u00e4 t\u00e4ss\u00e4 sen enemp\u00e4\u00e4. Sen sijaan lainaan t\u00e4h\u00e4n er\u00e4\u00e4n my\u00f6hemmin kirjoittamani tekstin omasta sotap\u00e4iv\u00e4kirjastani.<\/p>\n<p><strong>Viimeinen taistelu<\/strong><\/p>\n<p>Muistikuvat talvisodan viimeisist\u00e4 viikoista Viipurissa ovat jo melko h\u00e4m\u00e4r\u00e4t ja tunnelmaa on mahdoton kuvata, niin ett\u00e4 sivullinen sen tavoittaisi. Jatkuvasta valvomisesta ja palelemisesta johtuva perusteellinen v\u00e4symys sek\u00e4 kaikkialla n\u00e4kyv\u00e4 tuho ja h\u00e4vitys aiheuttivat apaattisuutta, jota syvensi yh\u00e4 selvemmin n\u00e4kyviss\u00e4 oleva sodan lopputulos ja rykmenttimme JR 7:n kohtalo. Olimme j\u00e4\u00e4m\u00e4ss\u00e4 saarroksiin. L\u00e4nness\u00e4 vihollinen oli jo pureutunut Viipurinlahden saariin rynn\u00e4ten kohti rannikkoa ja Viipurin-Helsingin valtatiet\u00e4. Id\u00e4ss\u00e4 ja pohjoisessa taistelujen \u00e4\u00e4net, l\u00e4pi vuorokauden jatkuva konekiv\u00e4\u00e4ri- ja tykist\u00f6tuli, alkoivat kierty\u00e4 kohti selustaamme. Tilanteessa oli paljon viimeisen taistelun tuntua.<\/p>\n<p><strong>Hyl\u00e4tyn talon konsertti<\/strong><\/p>\n<p>Joitakin yksityisi\u00e4 mielikuvia on s\u00e4ilynyt muita paremmin, yksi jollakin tavoin my\u00f6nteinenkin. Se liittyy kaksitorniseen patriisitaloon vanhassa kaupungissa Etel\u00e4vallin varrella.<\/p>\n<div id=\"attachment_2912\" style=\"width: 310px\" class=\"wp-caption alignleft\"><img loading=\"lazy\" decoding=\"async\" aria-describedby=\"caption-attachment-2912\" class=\"wp-image-2912 size-medium\" src=\"https:\/\/veteraanienperinto.fi\/wp-content\/uploads\/2020\/09\/viipuri13031940_2-300x165.jpg\" alt=\"\" width=\"300\" height=\"165\" srcset=\"https:\/\/veteraanienperinto.fi\/wp-content\/uploads\/2020\/09\/viipuri13031940_2-300x165.jpg 300w, https:\/\/veteraanienperinto.fi\/wp-content\/uploads\/2020\/09\/viipuri13031940_2.jpg 610w\" sizes=\"auto, (max-width: 300px) 100vw, 300px\" \/><p id=\"caption-attachment-2912\" class=\"wp-caption-text\">Viipurin vanha kaupunginosa palaa Py\u00f6re\u00e4n tornin takana 8. maaliskuuta 1940. Taistelut eiv\u00e4t talvisodan edenneet t\u00e4nne asti, tykist\u00f6tuli kyll\u00e4kin<\/p><\/div>\n<p>Talo oli ty\u00a0hj\u00e4n\u00e4 asukkaista, kuten koko kaupunki. Ovet olivat auki. Kulkiessamme Viipurin linnassa sijaitsevalle pioneeritarvikevarastollemme poikkesimme sis\u00e4\u00e4n joukkueenjohtajani ja luokkatoverini Voitto Katajapuron kanssa. H\u00e4n oli mennyt vapaaehtoisena sotav\u00e4keen heti p\u00e4\u00e4sty\u00e4mme ylioppilaaksi Tampereen Lyseosta kev\u00e4\u00e4ll\u00e4 1937 ja oli silmiss\u00e4ni Summan sankari sek\u00e4 huomattava sotap\u00e4\u00e4llikk\u00f6 v\u00e4nrikinruusukkeineen.<\/p>\n<p>Asunto johon pist\u00e4ydyimme, oli merkeist\u00e4 p\u00e4\u00e4tellen Saksan konsulin, n\u00e4in muistan. Salin suuret ikkunat olivat s\u00e4rkyneet, lattialla oli lumikinokset ikkunalautaan saakka, ikkunaverhojen repaleet lepattivat talon l\u00e4pi k\u00e4yv\u00e4ss\u00e4 hyisess\u00e4 viimassa. Talvi oli hyvin kylm\u00e4.<\/p>\n<p>Salin keskell\u00e4 oli flyygeli, sen p\u00e4\u00e4ll\u00e4 hopeakehyksiss\u00e4 kauniin naisen valokuva. Panimme aseet sohvalle. Voitto istui flyygelin \u00e4\u00e4reen r\u00e4hj\u00e4isess\u00e4 lumipuvussaan, min\u00e4 l\u00e4himp\u00e4\u00e4n nojatuoliin, ja niin alkoi erikoinen konsertti Voiton soittaessa esill\u00e4 olleista nuoteista tuon ajan. iskelm\u00e4musiikkia Pola Negrin ja Zarah Leanderin elokuvista: Ich fuh\u00fcn mir, ich sp\u00fcr&#8217;in dir das gleiche wilde Blut&#8230;<\/p>\n<p>Vihollistykist\u00f6n kranaatit putoilivat ymp\u00e4rill\u00e4 olevaan vanhaan kaupunkiin, museoon, Wolffin taloon, Linnankadulle. Vahtitorninkadulle, tulipalojen katku tunkeutui sis\u00e4\u00e4n lasittomista ikkuna-aukoista. T\u00e4n\u00e4\u00e4n viel\u00e4 el\u00e4mme, huomisesta ei kukaan tied\u00e4..<\/p>\n<p><strong>Linna palaa!<\/strong><\/p>\n<p>Talvisodan rauha tavoitti meid\u00e4t erikoisesta paikasta. Olimme taas olleet maaliskuun 12. ja 13. p\u00e4ivien v\u00e4lisen y\u00f6n jossakin Kannaksentien tienoilla kaivamassa kivenkovaksi j\u00e4\u00e4tyneeseen maankamaraan hy\u00f6kk\u00e4ysvaunumiinoja ja palanneet aamun valjetessa linnaan varastoamme t\u00e4ydent\u00e4m\u00e4\u00e4n. Vet\u00e4ydyimme hetkeksi lep\u00e4\u00e4m\u00e4\u00e4n linnan tornin alla olevaan pannuhuonekellariin, mutta jos unta saimme, se j\u00e4i lyhyeksi. Vihollisen tykist\u00f6 \u00e4ityi ampumaan linnaan, joka sai vaurioita tulituksessa. Komendantin rakennus paloi. My\u00f6hempien vuosien kokemukset tykist\u00f6keskityksist\u00e4 ovat erilaisia kuin t\u00e4m\u00e4. Ter\u00e4ksen iskeytyess\u00e4 vuosisataisiin linnanmuureihin ja torniin, joka sekin sai osumia, kolina oli sanoinkuvaamaton.<\/p>\n<div id=\"attachment_2925\" style=\"width: 620px\" class=\"wp-caption aligncenter\"><img loading=\"lazy\" decoding=\"async\" aria-describedby=\"caption-attachment-2925\" class=\"wp-image-2925 size-full\" src=\"https:\/\/veteraanienperinto.fi\/wp-content\/uploads\/2020\/09\/viipuri13031940.jpg\" alt=\"\" width=\"610\" height=\"336\" srcset=\"https:\/\/veteraanienperinto.fi\/wp-content\/uploads\/2020\/09\/viipuri13031940.jpg 610w, https:\/\/veteraanienperinto.fi\/wp-content\/uploads\/2020\/09\/viipuri13031940-300x165.jpg 300w\" sizes=\"auto, (max-width: 610px) 100vw, 610px\" \/><p id=\"caption-attachment-2925\" class=\"wp-caption-text\">Aselepo on tullut 13.maaliskuuta 1940. Kello 11 sodan jyske hiljeni. Taistelujen viime hetkin\u00e4 vihollisen tykist\u00f6 kohdisti tulen Viipurin linnaan. joka syttyi palamaan. Tornissa liehui viel\u00e4 Suomen lippu, joka laskettiin kello 14.00<\/p><\/div>\n<p><strong>Aselepo<\/strong><\/p>\n<p>Kello 11:n aikaan tuli loppui. Pyrimme ulos kellarista, mutta oven takana oli muureista irronneita lohkareita ja muuta rakennuspirstaletta, niin ett\u00e4 ulkopuolella olleiden oli raivattava oven edusta ennenkuin, p\u00e4\u00e4simme pihalle. Pihalla seisoi alkuaan valkoisessa puoliturkissaan komppanianp\u00e4\u00e4llik\u00f6mme, h\u00e4meenkyr\u00f6l\u00e4inen luutnantti Matti Raipala, joka kertoi sodan loppuneen meid\u00e4n osaltamme.<\/p>\n<p>Luulimme aluksi Raipalan menett\u00e4neen henkisen tasapainonsa, sill\u00e4 niin mahdottomalta aselepo tuntui juuri silloin, kun vihollinen n\u00e4ytti olevan p\u00e4\u00e4sem\u00e4ss\u00e4 tavoitteisiinsa. T\u00e4ydellinen hiljaisuus kuitenkin todisti Raipalan puhuneen asiaa.<\/p>\n<p>Oheisen jutun kirjoittaja, filosofian maisteri Sakari S\u00e4rkisilta palveli jatkosodassa joukkueenjohtajana kevyt Osasto 1:ss\u00e4 sek\u00e4 sodan kolme viimeist\u00e4 vuotta joukkueenjohtajana ja komppanianp\u00e4\u00e4llikk\u00f6n\u00e4 Rajaj\u00e4\u00e4k\u00e4ripataljoona 1:ss\u00e4.<\/p>\n<\/div><\/section>\n","protected":false},"excerpt":{"rendered":"","protected":false},"author":2,"featured_media":0,"parent":1780,"menu_order":3,"comment_status":"closed","ping_status":"closed","template":"","meta":{"footnotes":""},"class_list":["post-1839","page","type-page","status-publish","hentry"],"yoast_head":"<!-- This site is optimized with the Yoast SEO plugin v27.5 - https:\/\/yoast.com\/product\/yoast-seo-wordpress\/ -->\n<title>Viipuri vuonna nolla - Veteraanien Perint\u00f6<\/title>\n<meta name=\"robots\" content=\"index, follow, max-snippet:-1, max-image-preview:large, max-video-preview:-1\" \/>\n<link rel=\"canonical\" href=\"https:\/\/veteraanienperinto.fi\/index.php\/talvisota-etusivu\/talvisodan-kertomukset\/sotatoimet\/torjuntavoitot-itarajalla-2\/viipuri-vuonna-nolla\/\" \/>\n<meta property=\"og:locale\" content=\"fi_FI\" \/>\n<meta property=\"og:type\" content=\"article\" \/>\n<meta property=\"og:title\" content=\"Viipuri vuonna nolla - Veteraanien Perint\u00f6\" \/>\n<meta property=\"og:url\" content=\"https:\/\/veteraanienperinto.fi\/index.php\/talvisota-etusivu\/talvisodan-kertomukset\/sotatoimet\/torjuntavoitot-itarajalla-2\/viipuri-vuonna-nolla\/\" \/>\n<meta property=\"og:site_name\" content=\"Veteraanien Perint\u00f6\" \/>\n<meta property=\"article:modified_time\" content=\"2020-09-04T15:13:49+00:00\" \/>\n<meta property=\"og:image\" content=\"https:\/\/veteraanienperinto.fi\/wp-content\/uploads\/2020\/09\/sarkisilta1.jpg\" \/>\n<meta name=\"twitter:card\" content=\"summary_large_image\" \/>\n<meta name=\"twitter:label1\" content=\"Arvioitu lukuaika\" \/>\n\t<meta name=\"twitter:data1\" content=\"4 minuuttia\" \/>\n<script type=\"application\/ld+json\" class=\"yoast-schema-graph\">{\"@context\":\"https:\\\/\\\/schema.org\",\"@graph\":[{\"@type\":\"WebPage\",\"@id\":\"https:\\\/\\\/veteraanienperinto.fi\\\/index.php\\\/talvisota-etusivu\\\/talvisodan-kertomukset\\\/sotatoimet\\\/torjuntavoitot-itarajalla-2\\\/viipuri-vuonna-nolla\\\/\",\"url\":\"https:\\\/\\\/veteraanienperinto.fi\\\/index.php\\\/talvisota-etusivu\\\/talvisodan-kertomukset\\\/sotatoimet\\\/torjuntavoitot-itarajalla-2\\\/viipuri-vuonna-nolla\\\/\",\"name\":\"Viipuri vuonna nolla - Veteraanien Perint\u00f6\",\"isPartOf\":{\"@id\":\"https:\\\/\\\/veteraanienperinto.fi\\\/#website\"},\"primaryImageOfPage\":{\"@id\":\"https:\\\/\\\/veteraanienperinto.fi\\\/index.php\\\/talvisota-etusivu\\\/talvisodan-kertomukset\\\/sotatoimet\\\/torjuntavoitot-itarajalla-2\\\/viipuri-vuonna-nolla\\\/#primaryimage\"},\"image\":{\"@id\":\"https:\\\/\\\/veteraanienperinto.fi\\\/index.php\\\/talvisota-etusivu\\\/talvisodan-kertomukset\\\/sotatoimet\\\/torjuntavoitot-itarajalla-2\\\/viipuri-vuonna-nolla\\\/#primaryimage\"},\"thumbnailUrl\":\"https:\\\/\\\/veteraanienperinto.fi\\\/wp-content\\\/uploads\\\/2020\\\/09\\\/sarkisilta1.jpg\",\"datePublished\":\"2020-08-31T11:05:02+00:00\",\"dateModified\":\"2020-09-04T15:13:49+00:00\",\"breadcrumb\":{\"@id\":\"https:\\\/\\\/veteraanienperinto.fi\\\/index.php\\\/talvisota-etusivu\\\/talvisodan-kertomukset\\\/sotatoimet\\\/torjuntavoitot-itarajalla-2\\\/viipuri-vuonna-nolla\\\/#breadcrumb\"},\"inLanguage\":\"fi\",\"potentialAction\":[{\"@type\":\"ReadAction\",\"target\":[\"https:\\\/\\\/veteraanienperinto.fi\\\/index.php\\\/talvisota-etusivu\\\/talvisodan-kertomukset\\\/sotatoimet\\\/torjuntavoitot-itarajalla-2\\\/viipuri-vuonna-nolla\\\/\"]}]},{\"@type\":\"ImageObject\",\"inLanguage\":\"fi\",\"@id\":\"https:\\\/\\\/veteraanienperinto.fi\\\/index.php\\\/talvisota-etusivu\\\/talvisodan-kertomukset\\\/sotatoimet\\\/torjuntavoitot-itarajalla-2\\\/viipuri-vuonna-nolla\\\/#primaryimage\",\"url\":\"https:\\\/\\\/veteraanienperinto.fi\\\/wp-content\\\/uploads\\\/2020\\\/09\\\/sarkisilta1.jpg\",\"contentUrl\":\"https:\\\/\\\/veteraanienperinto.fi\\\/wp-content\\\/uploads\\\/2020\\\/09\\\/sarkisilta1.jpg\",\"width\":218,\"height\":300,\"caption\":\"Kirjoittaja\"},{\"@type\":\"BreadcrumbList\",\"@id\":\"https:\\\/\\\/veteraanienperinto.fi\\\/index.php\\\/talvisota-etusivu\\\/talvisodan-kertomukset\\\/sotatoimet\\\/torjuntavoitot-itarajalla-2\\\/viipuri-vuonna-nolla\\\/#breadcrumb\",\"itemListElement\":[{\"@type\":\"ListItem\",\"position\":1,\"name\":\"Etusivu\",\"item\":\"https:\\\/\\\/veteraanienperinto.fi\\\/index.php\\\/etusivu-2\\\/\"},{\"@type\":\"ListItem\",\"position\":2,\"name\":\"Talvisota\",\"item\":\"https:\\\/\\\/veteraanienperinto.fi\\\/index.php\\\/talvisota-etusivu\\\/\"},{\"@type\":\"ListItem\",\"position\":3,\"name\":\"Talvisodan kertomukset\",\"item\":\"https:\\\/\\\/veteraanienperinto.fi\\\/index.php\\\/talvisota-etusivu\\\/talvisodan-kertomukset\\\/\"},{\"@type\":\"ListItem\",\"position\":4,\"name\":\"Sotatoimet\",\"item\":\"https:\\\/\\\/veteraanienperinto.fi\\\/index.php\\\/talvisota-etusivu\\\/talvisodan-kertomukset\\\/sotatoimet\\\/\"},{\"@type\":\"ListItem\",\"position\":5,\"name\":\"Torjuntavoitot it\u00e4rajalla\",\"item\":\"https:\\\/\\\/veteraanienperinto.fi\\\/index.php\\\/talvisota-etusivu\\\/talvisodan-kertomukset\\\/sotatoimet\\\/torjuntavoitot-itarajalla-2\\\/\"},{\"@type\":\"ListItem\",\"position\":6,\"name\":\"Viipuri vuonna nolla\"}]},{\"@type\":\"WebSite\",\"@id\":\"https:\\\/\\\/veteraanienperinto.fi\\\/#website\",\"url\":\"https:\\\/\\\/veteraanienperinto.fi\\\/\",\"name\":\"Veteraanien Perint\u00f6\",\"description\":\"Kadettikunta\",\"potentialAction\":[{\"@type\":\"SearchAction\",\"target\":{\"@type\":\"EntryPoint\",\"urlTemplate\":\"https:\\\/\\\/veteraanienperinto.fi\\\/?s={search_term_string}\"},\"query-input\":{\"@type\":\"PropertyValueSpecification\",\"valueRequired\":true,\"valueName\":\"search_term_string\"}}],\"inLanguage\":\"fi\"}]}<\/script>\n<!-- \/ Yoast SEO plugin. -->","yoast_head_json":{"title":"Viipuri vuonna nolla - Veteraanien Perint\u00f6","robots":{"index":"index","follow":"follow","max-snippet":"max-snippet:-1","max-image-preview":"max-image-preview:large","max-video-preview":"max-video-preview:-1"},"canonical":"https:\/\/veteraanienperinto.fi\/index.php\/talvisota-etusivu\/talvisodan-kertomukset\/sotatoimet\/torjuntavoitot-itarajalla-2\/viipuri-vuonna-nolla\/","og_locale":"fi_FI","og_type":"article","og_title":"Viipuri vuonna nolla - Veteraanien Perint\u00f6","og_url":"https:\/\/veteraanienperinto.fi\/index.php\/talvisota-etusivu\/talvisodan-kertomukset\/sotatoimet\/torjuntavoitot-itarajalla-2\/viipuri-vuonna-nolla\/","og_site_name":"Veteraanien Perint\u00f6","article_modified_time":"2020-09-04T15:13:49+00:00","og_image":[{"url":"https:\/\/veteraanienperinto.fi\/wp-content\/uploads\/2020\/09\/sarkisilta1.jpg","type":"","width":"","height":""}],"twitter_card":"summary_large_image","twitter_misc":{"Arvioitu lukuaika":"4 minuuttia"},"schema":{"@context":"https:\/\/schema.org","@graph":[{"@type":"WebPage","@id":"https:\/\/veteraanienperinto.fi\/index.php\/talvisota-etusivu\/talvisodan-kertomukset\/sotatoimet\/torjuntavoitot-itarajalla-2\/viipuri-vuonna-nolla\/","url":"https:\/\/veteraanienperinto.fi\/index.php\/talvisota-etusivu\/talvisodan-kertomukset\/sotatoimet\/torjuntavoitot-itarajalla-2\/viipuri-vuonna-nolla\/","name":"Viipuri vuonna nolla - Veteraanien Perint\u00f6","isPartOf":{"@id":"https:\/\/veteraanienperinto.fi\/#website"},"primaryImageOfPage":{"@id":"https:\/\/veteraanienperinto.fi\/index.php\/talvisota-etusivu\/talvisodan-kertomukset\/sotatoimet\/torjuntavoitot-itarajalla-2\/viipuri-vuonna-nolla\/#primaryimage"},"image":{"@id":"https:\/\/veteraanienperinto.fi\/index.php\/talvisota-etusivu\/talvisodan-kertomukset\/sotatoimet\/torjuntavoitot-itarajalla-2\/viipuri-vuonna-nolla\/#primaryimage"},"thumbnailUrl":"https:\/\/veteraanienperinto.fi\/wp-content\/uploads\/2020\/09\/sarkisilta1.jpg","datePublished":"2020-08-31T11:05:02+00:00","dateModified":"2020-09-04T15:13:49+00:00","breadcrumb":{"@id":"https:\/\/veteraanienperinto.fi\/index.php\/talvisota-etusivu\/talvisodan-kertomukset\/sotatoimet\/torjuntavoitot-itarajalla-2\/viipuri-vuonna-nolla\/#breadcrumb"},"inLanguage":"fi","potentialAction":[{"@type":"ReadAction","target":["https:\/\/veteraanienperinto.fi\/index.php\/talvisota-etusivu\/talvisodan-kertomukset\/sotatoimet\/torjuntavoitot-itarajalla-2\/viipuri-vuonna-nolla\/"]}]},{"@type":"ImageObject","inLanguage":"fi","@id":"https:\/\/veteraanienperinto.fi\/index.php\/talvisota-etusivu\/talvisodan-kertomukset\/sotatoimet\/torjuntavoitot-itarajalla-2\/viipuri-vuonna-nolla\/#primaryimage","url":"https:\/\/veteraanienperinto.fi\/wp-content\/uploads\/2020\/09\/sarkisilta1.jpg","contentUrl":"https:\/\/veteraanienperinto.fi\/wp-content\/uploads\/2020\/09\/sarkisilta1.jpg","width":218,"height":300,"caption":"Kirjoittaja"},{"@type":"BreadcrumbList","@id":"https:\/\/veteraanienperinto.fi\/index.php\/talvisota-etusivu\/talvisodan-kertomukset\/sotatoimet\/torjuntavoitot-itarajalla-2\/viipuri-vuonna-nolla\/#breadcrumb","itemListElement":[{"@type":"ListItem","position":1,"name":"Etusivu","item":"https:\/\/veteraanienperinto.fi\/index.php\/etusivu-2\/"},{"@type":"ListItem","position":2,"name":"Talvisota","item":"https:\/\/veteraanienperinto.fi\/index.php\/talvisota-etusivu\/"},{"@type":"ListItem","position":3,"name":"Talvisodan kertomukset","item":"https:\/\/veteraanienperinto.fi\/index.php\/talvisota-etusivu\/talvisodan-kertomukset\/"},{"@type":"ListItem","position":4,"name":"Sotatoimet","item":"https:\/\/veteraanienperinto.fi\/index.php\/talvisota-etusivu\/talvisodan-kertomukset\/sotatoimet\/"},{"@type":"ListItem","position":5,"name":"Torjuntavoitot it\u00e4rajalla","item":"https:\/\/veteraanienperinto.fi\/index.php\/talvisota-etusivu\/talvisodan-kertomukset\/sotatoimet\/torjuntavoitot-itarajalla-2\/"},{"@type":"ListItem","position":6,"name":"Viipuri vuonna nolla"}]},{"@type":"WebSite","@id":"https:\/\/veteraanienperinto.fi\/#website","url":"https:\/\/veteraanienperinto.fi\/","name":"Veteraanien Perint\u00f6","description":"Kadettikunta","potentialAction":[{"@type":"SearchAction","target":{"@type":"EntryPoint","urlTemplate":"https:\/\/veteraanienperinto.fi\/?s={search_term_string}"},"query-input":{"@type":"PropertyValueSpecification","valueRequired":true,"valueName":"search_term_string"}}],"inLanguage":"fi"}]}},"_links":{"self":[{"href":"https:\/\/veteraanienperinto.fi\/index.php\/wp-json\/wp\/v2\/pages\/1839","targetHints":{"allow":["GET"]}}],"collection":[{"href":"https:\/\/veteraanienperinto.fi\/index.php\/wp-json\/wp\/v2\/pages"}],"about":[{"href":"https:\/\/veteraanienperinto.fi\/index.php\/wp-json\/wp\/v2\/types\/page"}],"author":[{"embeddable":true,"href":"https:\/\/veteraanienperinto.fi\/index.php\/wp-json\/wp\/v2\/users\/2"}],"replies":[{"embeddable":true,"href":"https:\/\/veteraanienperinto.fi\/index.php\/wp-json\/wp\/v2\/comments?post=1839"}],"version-history":[{"count":4,"href":"https:\/\/veteraanienperinto.fi\/index.php\/wp-json\/wp\/v2\/pages\/1839\/revisions"}],"predecessor-version":[{"id":5598,"href":"https:\/\/veteraanienperinto.fi\/index.php\/wp-json\/wp\/v2\/pages\/1839\/revisions\/5598"}],"up":[{"embeddable":true,"href":"https:\/\/veteraanienperinto.fi\/index.php\/wp-json\/wp\/v2\/pages\/1780"}],"wp:attachment":[{"href":"https:\/\/veteraanienperinto.fi\/index.php\/wp-json\/wp\/v2\/media?parent=1839"}],"curies":[{"name":"wp","href":"https:\/\/api.w.org\/{rel}","templated":true}]}}