{"id":1900,"date":"2020-08-31T11:43:36","date_gmt":"2020-08-31T11:43:36","guid":{"rendered":"https:\/\/veteraani.ylirotu.fi\/?page_id=1900"},"modified":"2021-01-26T14:06:22","modified_gmt":"2021-01-26T14:06:22","slug":"evakot","status":"publish","type":"page","link":"https:\/\/veteraanienperinto.fi\/index.php\/talvisota-etusivu\/talvisodan-kertomukset\/kotirintama\/evakot\/","title":{"rendered":"Evakot"},"content":{"rendered":"\n<style type=\"text\/css\" data-created_by=\"avia_inline_auto\" id=\"style-css-av-kke2oyk9-47a78498ddff2b1a1216b50d0e268892\">\n#top .av-special-heading.av-kke2oyk9-47a78498ddff2b1a1216b50d0e268892{\npadding-bottom:10px;\n}\nbody .av-special-heading.av-kke2oyk9-47a78498ddff2b1a1216b50d0e268892 .av-special-heading-tag .heading-char{\nfont-size:25px;\n}\n.av-special-heading.av-kke2oyk9-47a78498ddff2b1a1216b50d0e268892 .av-subheading{\nfont-size:15px;\n}\n<\/style>\n<div  class='av-special-heading av-kke2oyk9-47a78498ddff2b1a1216b50d0e268892 av-special-heading-h3  avia-builder-el-0  el_before_av_one_fourth  avia-builder-el-first '><h3 class='av-special-heading-tag'  itemprop=\"headline\"  >Evakot<\/h3><div class=\"special-heading-border\"><div class=\"special-heading-inner-border\"><\/div><\/div><\/div>\n\n<style type=\"text\/css\" data-created_by=\"avia_inline_auto\" id=\"style-css-av-k7k5xa-0f040980943589db5bd8e5fb8214fa8f\">\n.flex_column.av-k7k5xa-0f040980943589db5bd8e5fb8214fa8f{\nborder-radius:0px 0px 0px 0px;\npadding:0px 0px 0px 0px;\n}\n<\/style>\n<div  class='flex_column av-k7k5xa-0f040980943589db5bd8e5fb8214fa8f av_one_fourth  avia-builder-el-1  el_after_av_heading  el_before_av_one_fourth  first flex_column_div av-zero-column-padding  '     ><p>\n<style type=\"text\/css\" data-created_by=\"avia_inline_auto\" id=\"style-css-av-keiafr95-504ba99c0456d2aa3c0eafc735434964\">\n.avia-image-container.av-keiafr95-504ba99c0456d2aa3c0eafc735434964 img.avia_image{\nbox-shadow:none;\n}\n.avia-image-container.av-keiafr95-504ba99c0456d2aa3c0eafc735434964 .av-image-caption-overlay-center{\ncolor:#ffffff;\n}\n<\/style>\n<div  class='avia-image-container av-keiafr95-504ba99c0456d2aa3c0eafc735434964 av-styling- avia-align-center  avia-builder-el-2  el_before_av_textblock  avia-builder-el-first '   itemprop=\"image\" itemscope=\"itemscope\" itemtype=\"https:\/\/schema.org\/ImageObject\" ><div class=\"avia-image-container-inner\"><div class=\"avia-image-overlay-wrap\"><a href=\"https:\/\/veteraanienperinto.fi\/index.php\/talvisota-etusivu\/talvisodan-kertomukset\/kotirintama\/evakot\/rajakylista-tuli-akkilahto\/\" class='avia_image'  aria-label='L\u00e4ht\u00f6'><img decoding=\"async\" fetchpriority=\"high\" class='wp-image-2979 avia-img-lazy-loading-not-2979 avia_image ' src=\"https:\/\/veteraanienperinto.fi\/wp-content\/uploads\/2020\/09\/Lahto-180x180.jpg\" alt='' title='L\u00e4ht\u00f6'  height=\"180\" width=\"180\"  itemprop=\"thumbnailUrl\" srcset=\"https:\/\/veteraanienperinto.fi\/wp-content\/uploads\/2020\/09\/Lahto-180x180.jpg 180w, https:\/\/veteraanienperinto.fi\/wp-content\/uploads\/2020\/09\/Lahto-80x80.jpg 80w, https:\/\/veteraanienperinto.fi\/wp-content\/uploads\/2020\/09\/Lahto-36x36.jpg 36w\" sizes=\"(max-width: 180px) 100vw, 180px\" \/><\/a><\/div><\/div><\/div><br \/>\n<section  class='av_textblock_section av-keiafgqk-6b17163753ba74db24c43e1f0bb7b03b '   itemscope=\"itemscope\" itemtype=\"https:\/\/schema.org\/CreativeWork\" ><div class='avia_textblock'  itemprop=\"text\" ><p class=\"art-postheader\" style=\"text-align: center;\">Rajakylist\u00e4 tuli \u00e4kkil\u00e4ht\u00f6<\/p>\n<\/div><\/section><\/p><\/div>\n\n<style type=\"text\/css\" data-created_by=\"avia_inline_auto\" id=\"style-css-av-izcxz2-f800877a0021a52e65ed721f377e594b\">\n.flex_column.av-izcxz2-f800877a0021a52e65ed721f377e594b{\nborder-radius:0px 0px 0px 0px;\npadding:0px 0px 0px 0px;\n}\n<\/style>\n<div  class='flex_column av-izcxz2-f800877a0021a52e65ed721f377e594b av_one_fourth  avia-builder-el-4  el_after_av_one_fourth  el_before_av_one_fourth  flex_column_div av-zero-column-padding  '     ><p>\n<style type=\"text\/css\" data-created_by=\"avia_inline_auto\" id=\"style-css-av-keiafr95-d87c7e7bfde426d5b90165dfa4ea4735\">\n.avia-image-container.av-keiafr95-d87c7e7bfde426d5b90165dfa4ea4735 img.avia_image{\nbox-shadow:none;\n}\n.avia-image-container.av-keiafr95-d87c7e7bfde426d5b90165dfa4ea4735 .av-image-caption-overlay-center{\ncolor:#ffffff;\n}\n<\/style>\n<div  class='avia-image-container av-keiafr95-d87c7e7bfde426d5b90165dfa4ea4735 av-styling- avia-align-center  avia-builder-el-5  el_before_av_textblock  avia-builder-el-first '   itemprop=\"image\" itemscope=\"itemscope\" itemtype=\"https:\/\/schema.org\/ImageObject\" ><div class=\"avia-image-container-inner\"><div class=\"avia-image-overlay-wrap\"><a href=\"https:\/\/veteraanienperinto.fi\/index.php\/talvisota-etusivu\/talvisodan-kertomukset\/kotirintama\/evakot\/tolvajarvella-1940\/\" class='avia_image'  aria-label='Tolvaj\u00e4rvi'><img decoding=\"async\" fetchpriority=\"high\" class='wp-image-2980 avia-img-lazy-loading-not-2980 avia_image ' src=\"https:\/\/veteraanienperinto.fi\/wp-content\/uploads\/2020\/09\/Tolvajarvi-180x180.jpg\" alt='' title='Tolvaj\u00e4rvi'  height=\"180\" width=\"180\"  itemprop=\"thumbnailUrl\" srcset=\"https:\/\/veteraanienperinto.fi\/wp-content\/uploads\/2020\/09\/Tolvajarvi-180x180.jpg 180w, https:\/\/veteraanienperinto.fi\/wp-content\/uploads\/2020\/09\/Tolvajarvi-80x80.jpg 80w, https:\/\/veteraanienperinto.fi\/wp-content\/uploads\/2020\/09\/Tolvajarvi-36x36.jpg 36w\" sizes=\"(max-width: 180px) 100vw, 180px\" \/><\/a><\/div><\/div><\/div><br \/>\n<section  class='av_textblock_section av-keiafgqk-6b17163753ba74db24c43e1f0bb7b03b '   itemscope=\"itemscope\" itemtype=\"https:\/\/schema.org\/CreativeWork\" ><div class='avia_textblock'  itemprop=\"text\" ><p class=\"art-postheader\" style=\"text-align: center;\">Tolvaj\u00e4rvell\u00e4 1940<\/p>\n<\/div><\/section><\/p><\/div>\n\n<style type=\"text\/css\" data-created_by=\"avia_inline_auto\" id=\"style-css-av-gsuxv2-f830155000311c8e57049f7a385e8350\">\n.flex_column.av-gsuxv2-f830155000311c8e57049f7a385e8350{\nborder-radius:0px 0px 0px 0px;\npadding:0px 0px 0px 0px;\n}\n<\/style>\n<div  class='flex_column av-gsuxv2-f830155000311c8e57049f7a385e8350 av_one_fourth  avia-builder-el-7  el_after_av_one_fourth  el_before_av_one_fourth  flex_column_div av-zero-column-padding  '     ><p>\n<style type=\"text\/css\" data-created_by=\"avia_inline_auto\" id=\"style-css-av-keiafr95-c32d0219296a538c14db5e8e1a8f9083\">\n.avia-image-container.av-keiafr95-c32d0219296a538c14db5e8e1a8f9083 img.avia_image{\nbox-shadow:none;\n}\n.avia-image-container.av-keiafr95-c32d0219296a538c14db5e8e1a8f9083 .av-image-caption-overlay-center{\ncolor:#ffffff;\n}\n<\/style>\n<div  class='avia-image-container av-keiafr95-c32d0219296a538c14db5e8e1a8f9083 av-styling- avia-align-center  avia-builder-el-8  el_before_av_textblock  avia-builder-el-first '   itemprop=\"image\" itemscope=\"itemscope\" itemtype=\"https:\/\/schema.org\/ImageObject\" ><div class=\"avia-image-container-inner\"><div class=\"avia-image-overlay-wrap\"><a href=\"https:\/\/veteraanienperinto.fi\/index.php\/talvisota-etusivu\/talvisodan-kertomukset\/kotirintama\/evakot\/lahto-viipurista-evakkoon\/\" class='avia_image'  aria-label='evakko'><img decoding=\"async\" fetchpriority=\"high\" class='wp-image-3039 avia-img-lazy-loading-not-3039 avia_image ' src=\"https:\/\/veteraanienperinto.fi\/wp-content\/uploads\/2020\/09\/evakko-180x180.jpg\" alt='' title='evakko'  height=\"180\" width=\"180\"  itemprop=\"thumbnailUrl\" srcset=\"https:\/\/veteraanienperinto.fi\/wp-content\/uploads\/2020\/09\/evakko-180x180.jpg 180w, https:\/\/veteraanienperinto.fi\/wp-content\/uploads\/2020\/09\/evakko-80x80.jpg 80w, https:\/\/veteraanienperinto.fi\/wp-content\/uploads\/2020\/09\/evakko-36x36.jpg 36w\" sizes=\"(max-width: 180px) 100vw, 180px\" \/><\/a><\/div><\/div><\/div><br \/>\n<section  class='av_textblock_section av-keiafgqk-6b17163753ba74db24c43e1f0bb7b03b '   itemscope=\"itemscope\" itemtype=\"https:\/\/schema.org\/CreativeWork\" ><div class='avia_textblock'  itemprop=\"text\" ><p class=\"art-postheader\" style=\"text-align: center;\">L\u00e4ht\u00f6 Viipurista evakkoon<\/p>\n<\/div><\/section><\/p><\/div>\n\n<style type=\"text\/css\" data-created_by=\"avia_inline_auto\" id=\"style-css-av-g0tupa-122c858892012fa1f42d6e1875522598\">\n.flex_column.av-g0tupa-122c858892012fa1f42d6e1875522598{\nborder-radius:0px 0px 0px 0px;\npadding:0px 0px 0px 0px;\n}\n<\/style>\n<div  class='flex_column av-g0tupa-122c858892012fa1f42d6e1875522598 av_one_fourth  avia-builder-el-10  el_after_av_one_fourth  avia-builder-el-last  flex_column_div av-zero-column-padding  '     ><p>\n<style type=\"text\/css\" data-created_by=\"avia_inline_auto\" id=\"style-css-av-keiafr95-853dfb0fe0cc7635c1ea254f8c59ccd8\">\n.avia-image-container.av-keiafr95-853dfb0fe0cc7635c1ea254f8c59ccd8 img.avia_image{\nbox-shadow:none;\n}\n.avia-image-container.av-keiafr95-853dfb0fe0cc7635c1ea254f8c59ccd8 .av-image-caption-overlay-center{\ncolor:#ffffff;\n}\n<\/style>\n<div  class='avia-image-container av-keiafr95-853dfb0fe0cc7635c1ea254f8c59ccd8 av-styling- avia-align-center  avia-builder-el-11  el_before_av_textblock  avia-builder-el-first '   itemprop=\"image\" itemscope=\"itemscope\" itemtype=\"https:\/\/schema.org\/ImageObject\" ><div class=\"avia-image-container-inner\"><div class=\"avia-image-overlay-wrap\"><a href=\"https:\/\/veteraanienperinto.fi\/index.php\/talvisota-etusivu\/talvisodan-kertomukset\/kotirintama\/evakot\/talvisodan-evakuoinnit\/\" class='avia_image'  aria-label='Evakuointia  Tyrj\u00e4-Parikkala'><img decoding=\"async\" fetchpriority=\"high\" class='wp-image-2982 avia-img-lazy-loading-not-2982 avia_image ' src=\"https:\/\/veteraanienperinto.fi\/wp-content\/uploads\/2020\/09\/Evakuointi-2-180x180.jpg\" alt='' title='Evakuointia  Tyrj\u00e4-Parikkala'  height=\"180\" width=\"180\"  itemprop=\"thumbnailUrl\" srcset=\"https:\/\/veteraanienperinto.fi\/wp-content\/uploads\/2020\/09\/Evakuointi-2-180x180.jpg 180w, https:\/\/veteraanienperinto.fi\/wp-content\/uploads\/2020\/09\/Evakuointi-2-80x80.jpg 80w, https:\/\/veteraanienperinto.fi\/wp-content\/uploads\/2020\/09\/Evakuointi-2-36x36.jpg 36w\" sizes=\"(max-width: 180px) 100vw, 180px\" \/><\/a><\/div><\/div><\/div><br \/>\n<section  class='av_textblock_section av-keiafgqk-6b17163753ba74db24c43e1f0bb7b03b '   itemscope=\"itemscope\" itemtype=\"https:\/\/schema.org\/CreativeWork\" ><div class='avia_textblock'  itemprop=\"text\" ><p class=\"art-postheader\" style=\"text-align: center;\">Talvisodan evakuoinnit<\/p>\n<\/div><\/section><\/p><\/div>\n","protected":false},"excerpt":{"rendered":"","protected":false},"author":2,"featured_media":0,"parent":1888,"menu_order":2,"comment_status":"closed","ping_status":"closed","template":"","meta":{"footnotes":""},"class_list":["post-1900","page","type-page","status-publish","hentry"],"yoast_head":"<!-- This site is optimized with the Yoast SEO plugin v27.4 - https:\/\/yoast.com\/product\/yoast-seo-wordpress\/ -->\n<title>Evakot - Veteraanien Perint\u00f6<\/title>\n<meta name=\"robots\" content=\"index, follow, max-snippet:-1, max-image-preview:large, max-video-preview:-1\" \/>\n<link rel=\"canonical\" href=\"https:\/\/veteraanienperinto.fi\/index.php\/talvisota-etusivu\/talvisodan-kertomukset\/kotirintama\/evakot\/\" \/>\n<meta property=\"og:locale\" content=\"fi_FI\" \/>\n<meta property=\"og:type\" content=\"article\" \/>\n<meta property=\"og:title\" content=\"Evakot - Veteraanien Perint\u00f6\" \/>\n<meta property=\"og:url\" content=\"https:\/\/veteraanienperinto.fi\/index.php\/talvisota-etusivu\/talvisodan-kertomukset\/kotirintama\/evakot\/\" \/>\n<meta property=\"og:site_name\" content=\"Veteraanien Perint\u00f6\" \/>\n<meta property=\"article:modified_time\" content=\"2021-01-26T14:06:22+00:00\" \/>\n<meta name=\"twitter:card\" content=\"summary_large_image\" \/>\n<meta name=\"twitter:label1\" content=\"Arvioitu lukuaika\" \/>\n\t<meta name=\"twitter:data1\" content=\"5 minuuttia\" \/>\n<script type=\"application\/ld+json\" class=\"yoast-schema-graph\">{\"@context\":\"https:\\\/\\\/schema.org\",\"@graph\":[{\"@type\":\"WebPage\",\"@id\":\"https:\\\/\\\/veteraanienperinto.fi\\\/index.php\\\/talvisota-etusivu\\\/talvisodan-kertomukset\\\/kotirintama\\\/evakot\\\/\",\"url\":\"https:\\\/\\\/veteraanienperinto.fi\\\/index.php\\\/talvisota-etusivu\\\/talvisodan-kertomukset\\\/kotirintama\\\/evakot\\\/\",\"name\":\"Evakot - Veteraanien Perint\u00f6\",\"isPartOf\":{\"@id\":\"https:\\\/\\\/veteraanienperinto.fi\\\/#website\"},\"datePublished\":\"2020-08-31T11:43:36+00:00\",\"dateModified\":\"2021-01-26T14:06:22+00:00\",\"breadcrumb\":{\"@id\":\"https:\\\/\\\/veteraanienperinto.fi\\\/index.php\\\/talvisota-etusivu\\\/talvisodan-kertomukset\\\/kotirintama\\\/evakot\\\/#breadcrumb\"},\"inLanguage\":\"fi\",\"potentialAction\":[{\"@type\":\"ReadAction\",\"target\":[\"https:\\\/\\\/veteraanienperinto.fi\\\/index.php\\\/talvisota-etusivu\\\/talvisodan-kertomukset\\\/kotirintama\\\/evakot\\\/\"]}]},{\"@type\":\"BreadcrumbList\",\"@id\":\"https:\\\/\\\/veteraanienperinto.fi\\\/index.php\\\/talvisota-etusivu\\\/talvisodan-kertomukset\\\/kotirintama\\\/evakot\\\/#breadcrumb\",\"itemListElement\":[{\"@type\":\"ListItem\",\"position\":1,\"name\":\"Etusivu\",\"item\":\"https:\\\/\\\/veteraanienperinto.fi\\\/index.php\\\/etusivu-2\\\/\"},{\"@type\":\"ListItem\",\"position\":2,\"name\":\"Talvisota\",\"item\":\"https:\\\/\\\/veteraanienperinto.fi\\\/index.php\\\/talvisota-etusivu\\\/\"},{\"@type\":\"ListItem\",\"position\":3,\"name\":\"Talvisodan kertomukset\",\"item\":\"https:\\\/\\\/veteraanienperinto.fi\\\/index.php\\\/talvisota-etusivu\\\/talvisodan-kertomukset\\\/\"},{\"@type\":\"ListItem\",\"position\":4,\"name\":\"Kotirintama\",\"item\":\"https:\\\/\\\/veteraanienperinto.fi\\\/index.php\\\/talvisota-etusivu\\\/talvisodan-kertomukset\\\/kotirintama\\\/\"},{\"@type\":\"ListItem\",\"position\":5,\"name\":\"Evakot\"}]},{\"@type\":\"WebSite\",\"@id\":\"https:\\\/\\\/veteraanienperinto.fi\\\/#website\",\"url\":\"https:\\\/\\\/veteraanienperinto.fi\\\/\",\"name\":\"Veteraanien Perint\u00f6\",\"description\":\"Kadettikunta\",\"potentialAction\":[{\"@type\":\"SearchAction\",\"target\":{\"@type\":\"EntryPoint\",\"urlTemplate\":\"https:\\\/\\\/veteraanienperinto.fi\\\/?s={search_term_string}\"},\"query-input\":{\"@type\":\"PropertyValueSpecification\",\"valueRequired\":true,\"valueName\":\"search_term_string\"}}],\"inLanguage\":\"fi\"}]}<\/script>\n<!-- \/ Yoast SEO plugin. -->","yoast_head_json":{"title":"Evakot - Veteraanien Perint\u00f6","robots":{"index":"index","follow":"follow","max-snippet":"max-snippet:-1","max-image-preview":"max-image-preview:large","max-video-preview":"max-video-preview:-1"},"canonical":"https:\/\/veteraanienperinto.fi\/index.php\/talvisota-etusivu\/talvisodan-kertomukset\/kotirintama\/evakot\/","og_locale":"fi_FI","og_type":"article","og_title":"Evakot - Veteraanien Perint\u00f6","og_url":"https:\/\/veteraanienperinto.fi\/index.php\/talvisota-etusivu\/talvisodan-kertomukset\/kotirintama\/evakot\/","og_site_name":"Veteraanien Perint\u00f6","article_modified_time":"2021-01-26T14:06:22+00:00","twitter_card":"summary_large_image","twitter_misc":{"Arvioitu lukuaika":"5 minuuttia"},"schema":{"@context":"https:\/\/schema.org","@graph":[{"@type":"WebPage","@id":"https:\/\/veteraanienperinto.fi\/index.php\/talvisota-etusivu\/talvisodan-kertomukset\/kotirintama\/evakot\/","url":"https:\/\/veteraanienperinto.fi\/index.php\/talvisota-etusivu\/talvisodan-kertomukset\/kotirintama\/evakot\/","name":"Evakot - Veteraanien Perint\u00f6","isPartOf":{"@id":"https:\/\/veteraanienperinto.fi\/#website"},"datePublished":"2020-08-31T11:43:36+00:00","dateModified":"2021-01-26T14:06:22+00:00","breadcrumb":{"@id":"https:\/\/veteraanienperinto.fi\/index.php\/talvisota-etusivu\/talvisodan-kertomukset\/kotirintama\/evakot\/#breadcrumb"},"inLanguage":"fi","potentialAction":[{"@type":"ReadAction","target":["https:\/\/veteraanienperinto.fi\/index.php\/talvisota-etusivu\/talvisodan-kertomukset\/kotirintama\/evakot\/"]}]},{"@type":"BreadcrumbList","@id":"https:\/\/veteraanienperinto.fi\/index.php\/talvisota-etusivu\/talvisodan-kertomukset\/kotirintama\/evakot\/#breadcrumb","itemListElement":[{"@type":"ListItem","position":1,"name":"Etusivu","item":"https:\/\/veteraanienperinto.fi\/index.php\/etusivu-2\/"},{"@type":"ListItem","position":2,"name":"Talvisota","item":"https:\/\/veteraanienperinto.fi\/index.php\/talvisota-etusivu\/"},{"@type":"ListItem","position":3,"name":"Talvisodan kertomukset","item":"https:\/\/veteraanienperinto.fi\/index.php\/talvisota-etusivu\/talvisodan-kertomukset\/"},{"@type":"ListItem","position":4,"name":"Kotirintama","item":"https:\/\/veteraanienperinto.fi\/index.php\/talvisota-etusivu\/talvisodan-kertomukset\/kotirintama\/"},{"@type":"ListItem","position":5,"name":"Evakot"}]},{"@type":"WebSite","@id":"https:\/\/veteraanienperinto.fi\/#website","url":"https:\/\/veteraanienperinto.fi\/","name":"Veteraanien Perint\u00f6","description":"Kadettikunta","potentialAction":[{"@type":"SearchAction","target":{"@type":"EntryPoint","urlTemplate":"https:\/\/veteraanienperinto.fi\/?s={search_term_string}"},"query-input":{"@type":"PropertyValueSpecification","valueRequired":true,"valueName":"search_term_string"}}],"inLanguage":"fi"}]}},"_links":{"self":[{"href":"https:\/\/veteraanienperinto.fi\/index.php\/wp-json\/wp\/v2\/pages\/1900","targetHints":{"allow":["GET"]}}],"collection":[{"href":"https:\/\/veteraanienperinto.fi\/index.php\/wp-json\/wp\/v2\/pages"}],"about":[{"href":"https:\/\/veteraanienperinto.fi\/index.php\/wp-json\/wp\/v2\/types\/page"}],"author":[{"embeddable":true,"href":"https:\/\/veteraanienperinto.fi\/index.php\/wp-json\/wp\/v2\/users\/2"}],"replies":[{"embeddable":true,"href":"https:\/\/veteraanienperinto.fi\/index.php\/wp-json\/wp\/v2\/comments?post=1900"}],"version-history":[{"count":8,"href":"https:\/\/veteraanienperinto.fi\/index.php\/wp-json\/wp\/v2\/pages\/1900\/revisions"}],"predecessor-version":[{"id":10595,"href":"https:\/\/veteraanienperinto.fi\/index.php\/wp-json\/wp\/v2\/pages\/1900\/revisions\/10595"}],"up":[{"embeddable":true,"href":"https:\/\/veteraanienperinto.fi\/index.php\/wp-json\/wp\/v2\/pages\/1888"}],"wp:attachment":[{"href":"https:\/\/veteraanienperinto.fi\/index.php\/wp-json\/wp\/v2\/media?parent=1900"}],"curies":[{"name":"wp","href":"https:\/\/api.w.org\/{rel}","templated":true}]}}