{"id":1937,"date":"2020-08-31T12:08:47","date_gmt":"2020-08-31T12:08:47","guid":{"rendered":"https:\/\/veteraani.ylirotu.fi\/?page_id=1937"},"modified":"2020-08-31T12:08:47","modified_gmt":"2020-08-31T12:08:47","slug":"7-vuotiaan-muistikuva-isan-sotaanlahdosta","status":"publish","type":"page","link":"https:\/\/veteraanienperinto.fi\/index.php\/talvisota-etusivu\/talvisodan-kertomukset\/kotirintama\/kotirintaman-tunnelmia\/7-vuotiaan-muistikuva-isan-sotaanlahdosta\/","title":{"rendered":"7-vuotiaan muistikuva is\u00e4n sotaanl\u00e4hd\u00f6st\u00e4"},"content":{"rendered":"\n<style type=\"text\/css\" data-created_by=\"avia_inline_auto\" id=\"style-css-av-keihb856-4cbfad94594dfbe7070dbfbaefcd47e6\">\n#top .av-special-heading.av-keihb856-4cbfad94594dfbe7070dbfbaefcd47e6{\npadding-bottom:10px;\n}\nbody .av-special-heading.av-keihb856-4cbfad94594dfbe7070dbfbaefcd47e6 .av-special-heading-tag .heading-char{\nfont-size:25px;\n}\n.av-special-heading.av-keihb856-4cbfad94594dfbe7070dbfbaefcd47e6 .av-subheading{\nfont-size:15px;\n}\n<\/style>\n<div  class='av-special-heading av-keihb856-4cbfad94594dfbe7070dbfbaefcd47e6 av-special-heading-h3  avia-builder-el-0  el_before_av_textblock  avia-builder-el-first '><h3 class='av-special-heading-tag'  itemprop=\"headline\"  >7-vuotiaan muistikuva is\u00e4n sotaanl\u00e4hd\u00f6st\u00e4<\/h3><div class=\"special-heading-border\"><div class=\"special-heading-inner-border\"><\/div><\/div><\/div>\n<section  class='av_textblock_section av-kei9w74n-7b0f008125a778f48432b9a614d90d0f '   itemscope=\"itemscope\" itemtype=\"https:\/\/schema.org\/CreativeWork\" ><div class='avia_textblock'  itemprop=\"text\" ><p><strong>Raija Vertainen os. Orava:<\/strong><\/p>\n<p>Is\u00e4ni Antti Orava s. 13.1.1903 oli ik\u00e4luokassa, joka oli vanhin palveluun kutsutuista. Is\u00e4n sotaan l\u00e4hd\u00f6n Toholammilta muistan monella tapaa kipe\u00e4n\u00e4. Kutsua oli tiedetty odottaa ja pel\u00e4t\u00e4. Kylille oli valittu viestinviej\u00e4t, jotka kaksistaan veiv\u00e4t sanaa talosta taloon. Naapurimme is\u00e4nt\u00e4 oli yksi heist\u00e4, mukanaan toinen kyl\u00e4l\u00e4inen. Viel\u00e4kin minulle nousee sama tunne: pannaan ovet lukkoon, nyt ne tulevat! Miehet kutsuttiin suojeluskuntaan kirkonkyl\u00e4lle, jossa saivat ohjeet ja p\u00e4iv\u00e4m\u00e4\u00e4r\u00e4n, jolloin kuljetusautot tulevat suojeluskuntatalolta hakemaan.<\/p>\n<p>Muistan kuinka \u00e4iti valvoi ja ompeli is\u00e4lle lumipukua lakanoista. Montaa lakanaa meill\u00e4 ei ollutkaan mutta p\u00e4\u00e4asia, ett\u00e4 is\u00e4 saisi lumipuvun ettei ryss\u00e4t rintamalla erottaisi. Lapsen mieless\u00e4 ei k\u00e4ynyt ajatustakaan etteik\u00f6 meid\u00e4n is\u00e4 osaisi oikeasti sotia. Suojeluskuntatalolla ommeltiin lumipukuja, karstattiin villoja, kehr\u00e4ttiin lankoja ja kudottiin sukkia ja lapasia, leivottiin leip\u00e4\u00e4.<\/p>\n<p>\u00c4idin ollessa suojeluskuntatalolla, josta k\u00e4veli 6 km kotiin, olimme pari vuotta vanhemman Alpo-veljen kanssa olleet navetassa. Onnikki lehm\u00e4 oli poikinut. Min\u00e4 pelk\u00e4sin suurisarvista Onnikkia. Veljeni kanssa nostimme vasikan karsinaan, jossa ennest\u00e4\u00e4n oli Leena-lammas vuonineen. Toiset lehm\u00e4t ammuivat eik\u00e4 tilanne kaiketi miss\u00e4\u00e4n tapauksessa mennyt ihan oikein. Teimme sen, mink\u00e4 osasimme.<\/p>\n<p>Is\u00e4n sotaan l\u00e4hd\u00f6n tunnelman muistan aina. J\u00e4\u00e4hyv\u00e4istunnelma oli syv\u00e4. Is\u00e4 lohdutteli \u00e4iti\u00e4 mutta s\u00e4rkyi itsekin \u00e4idin itkuun. \u00c4iti\u00e4 h\u00e4n halasi. Meille teroitti \u00e4idin auttamista ja tottelemista. Kun is\u00e4 l\u00e4hti, \u00e4iti itki suurella \u00e4\u00e4nell\u00e4 &#8211; me mukana. Is\u00e4 ei joutunut rintamalle, mit\u00e4 emme silloin tienneet. Is\u00e4ni oli Vitele nimisess\u00e4 paikassa sepp\u00e4n\u00e4 sodan aikana, taitava kun oli k\u00e4sist\u00e4\u00e4n. Kirjeit\u00e4 tuli usein. Reissulta h\u00e4n toi sotamuistona ammuksen hylsyn, johon oli kirjoittanut: Raijalle.<\/p>\n<\/div><\/section>\n","protected":false},"excerpt":{"rendered":"","protected":false},"author":2,"featured_media":0,"parent":1894,"menu_order":6,"comment_status":"closed","ping_status":"closed","template":"","meta":{"footnotes":""},"class_list":["post-1937","page","type-page","status-publish","hentry"],"yoast_head":"<!-- This site is optimized with the Yoast SEO plugin v27.4 - https:\/\/yoast.com\/product\/yoast-seo-wordpress\/ -->\n<title>7-vuotiaan muistikuva is\u00e4n sotaanl\u00e4hd\u00f6st\u00e4 - Veteraanien Perint\u00f6<\/title>\n<meta name=\"robots\" content=\"index, follow, max-snippet:-1, max-image-preview:large, max-video-preview:-1\" \/>\n<link rel=\"canonical\" href=\"https:\/\/veteraanienperinto.fi\/index.php\/talvisota-etusivu\/talvisodan-kertomukset\/kotirintama\/kotirintaman-tunnelmia\/7-vuotiaan-muistikuva-isan-sotaanlahdosta\/\" \/>\n<meta property=\"og:locale\" content=\"fi_FI\" \/>\n<meta property=\"og:type\" content=\"article\" \/>\n<meta property=\"og:title\" content=\"7-vuotiaan muistikuva is\u00e4n sotaanl\u00e4hd\u00f6st\u00e4 - Veteraanien Perint\u00f6\" \/>\n<meta property=\"og:url\" content=\"https:\/\/veteraanienperinto.fi\/index.php\/talvisota-etusivu\/talvisodan-kertomukset\/kotirintama\/kotirintaman-tunnelmia\/7-vuotiaan-muistikuva-isan-sotaanlahdosta\/\" \/>\n<meta property=\"og:site_name\" content=\"Veteraanien Perint\u00f6\" \/>\n<meta name=\"twitter:card\" content=\"summary_large_image\" \/>\n<meta name=\"twitter:label1\" content=\"Arvioitu lukuaika\" \/>\n\t<meta name=\"twitter:data1\" content=\"2 minuuttia\" \/>\n<script type=\"application\/ld+json\" class=\"yoast-schema-graph\">{\"@context\":\"https:\\\/\\\/schema.org\",\"@graph\":[{\"@type\":\"WebPage\",\"@id\":\"https:\\\/\\\/veteraanienperinto.fi\\\/index.php\\\/talvisota-etusivu\\\/talvisodan-kertomukset\\\/kotirintama\\\/kotirintaman-tunnelmia\\\/7-vuotiaan-muistikuva-isan-sotaanlahdosta\\\/\",\"url\":\"https:\\\/\\\/veteraanienperinto.fi\\\/index.php\\\/talvisota-etusivu\\\/talvisodan-kertomukset\\\/kotirintama\\\/kotirintaman-tunnelmia\\\/7-vuotiaan-muistikuva-isan-sotaanlahdosta\\\/\",\"name\":\"7-vuotiaan muistikuva is\u00e4n sotaanl\u00e4hd\u00f6st\u00e4 - Veteraanien Perint\u00f6\",\"isPartOf\":{\"@id\":\"https:\\\/\\\/veteraanienperinto.fi\\\/#website\"},\"datePublished\":\"2020-08-31T12:08:47+00:00\",\"breadcrumb\":{\"@id\":\"https:\\\/\\\/veteraanienperinto.fi\\\/index.php\\\/talvisota-etusivu\\\/talvisodan-kertomukset\\\/kotirintama\\\/kotirintaman-tunnelmia\\\/7-vuotiaan-muistikuva-isan-sotaanlahdosta\\\/#breadcrumb\"},\"inLanguage\":\"fi\",\"potentialAction\":[{\"@type\":\"ReadAction\",\"target\":[\"https:\\\/\\\/veteraanienperinto.fi\\\/index.php\\\/talvisota-etusivu\\\/talvisodan-kertomukset\\\/kotirintama\\\/kotirintaman-tunnelmia\\\/7-vuotiaan-muistikuva-isan-sotaanlahdosta\\\/\"]}]},{\"@type\":\"BreadcrumbList\",\"@id\":\"https:\\\/\\\/veteraanienperinto.fi\\\/index.php\\\/talvisota-etusivu\\\/talvisodan-kertomukset\\\/kotirintama\\\/kotirintaman-tunnelmia\\\/7-vuotiaan-muistikuva-isan-sotaanlahdosta\\\/#breadcrumb\",\"itemListElement\":[{\"@type\":\"ListItem\",\"position\":1,\"name\":\"Etusivu\",\"item\":\"https:\\\/\\\/veteraanienperinto.fi\\\/index.php\\\/etusivu-2\\\/\"},{\"@type\":\"ListItem\",\"position\":2,\"name\":\"Talvisota\",\"item\":\"https:\\\/\\\/veteraanienperinto.fi\\\/index.php\\\/talvisota-etusivu\\\/\"},{\"@type\":\"ListItem\",\"position\":3,\"name\":\"Talvisodan kertomukset\",\"item\":\"https:\\\/\\\/veteraanienperinto.fi\\\/index.php\\\/talvisota-etusivu\\\/talvisodan-kertomukset\\\/\"},{\"@type\":\"ListItem\",\"position\":4,\"name\":\"Kotirintama\",\"item\":\"https:\\\/\\\/veteraanienperinto.fi\\\/index.php\\\/talvisota-etusivu\\\/talvisodan-kertomukset\\\/kotirintama\\\/\"},{\"@type\":\"ListItem\",\"position\":5,\"name\":\"Kotirintaman tunnelmia\",\"item\":\"https:\\\/\\\/veteraanienperinto.fi\\\/index.php\\\/talvisota-etusivu\\\/talvisodan-kertomukset\\\/kotirintama\\\/kotirintaman-tunnelmia\\\/\"},{\"@type\":\"ListItem\",\"position\":6,\"name\":\"7-vuotiaan muistikuva is\u00e4n sotaanl\u00e4hd\u00f6st\u00e4\"}]},{\"@type\":\"WebSite\",\"@id\":\"https:\\\/\\\/veteraanienperinto.fi\\\/#website\",\"url\":\"https:\\\/\\\/veteraanienperinto.fi\\\/\",\"name\":\"Veteraanien Perint\u00f6\",\"description\":\"Kadettikunta\",\"potentialAction\":[{\"@type\":\"SearchAction\",\"target\":{\"@type\":\"EntryPoint\",\"urlTemplate\":\"https:\\\/\\\/veteraanienperinto.fi\\\/?s={search_term_string}\"},\"query-input\":{\"@type\":\"PropertyValueSpecification\",\"valueRequired\":true,\"valueName\":\"search_term_string\"}}],\"inLanguage\":\"fi\"}]}<\/script>\n<!-- \/ Yoast SEO plugin. -->","yoast_head_json":{"title":"7-vuotiaan muistikuva is\u00e4n sotaanl\u00e4hd\u00f6st\u00e4 - Veteraanien Perint\u00f6","robots":{"index":"index","follow":"follow","max-snippet":"max-snippet:-1","max-image-preview":"max-image-preview:large","max-video-preview":"max-video-preview:-1"},"canonical":"https:\/\/veteraanienperinto.fi\/index.php\/talvisota-etusivu\/talvisodan-kertomukset\/kotirintama\/kotirintaman-tunnelmia\/7-vuotiaan-muistikuva-isan-sotaanlahdosta\/","og_locale":"fi_FI","og_type":"article","og_title":"7-vuotiaan muistikuva is\u00e4n sotaanl\u00e4hd\u00f6st\u00e4 - Veteraanien Perint\u00f6","og_url":"https:\/\/veteraanienperinto.fi\/index.php\/talvisota-etusivu\/talvisodan-kertomukset\/kotirintama\/kotirintaman-tunnelmia\/7-vuotiaan-muistikuva-isan-sotaanlahdosta\/","og_site_name":"Veteraanien Perint\u00f6","twitter_card":"summary_large_image","twitter_misc":{"Arvioitu lukuaika":"2 minuuttia"},"schema":{"@context":"https:\/\/schema.org","@graph":[{"@type":"WebPage","@id":"https:\/\/veteraanienperinto.fi\/index.php\/talvisota-etusivu\/talvisodan-kertomukset\/kotirintama\/kotirintaman-tunnelmia\/7-vuotiaan-muistikuva-isan-sotaanlahdosta\/","url":"https:\/\/veteraanienperinto.fi\/index.php\/talvisota-etusivu\/talvisodan-kertomukset\/kotirintama\/kotirintaman-tunnelmia\/7-vuotiaan-muistikuva-isan-sotaanlahdosta\/","name":"7-vuotiaan muistikuva is\u00e4n sotaanl\u00e4hd\u00f6st\u00e4 - Veteraanien Perint\u00f6","isPartOf":{"@id":"https:\/\/veteraanienperinto.fi\/#website"},"datePublished":"2020-08-31T12:08:47+00:00","breadcrumb":{"@id":"https:\/\/veteraanienperinto.fi\/index.php\/talvisota-etusivu\/talvisodan-kertomukset\/kotirintama\/kotirintaman-tunnelmia\/7-vuotiaan-muistikuva-isan-sotaanlahdosta\/#breadcrumb"},"inLanguage":"fi","potentialAction":[{"@type":"ReadAction","target":["https:\/\/veteraanienperinto.fi\/index.php\/talvisota-etusivu\/talvisodan-kertomukset\/kotirintama\/kotirintaman-tunnelmia\/7-vuotiaan-muistikuva-isan-sotaanlahdosta\/"]}]},{"@type":"BreadcrumbList","@id":"https:\/\/veteraanienperinto.fi\/index.php\/talvisota-etusivu\/talvisodan-kertomukset\/kotirintama\/kotirintaman-tunnelmia\/7-vuotiaan-muistikuva-isan-sotaanlahdosta\/#breadcrumb","itemListElement":[{"@type":"ListItem","position":1,"name":"Etusivu","item":"https:\/\/veteraanienperinto.fi\/index.php\/etusivu-2\/"},{"@type":"ListItem","position":2,"name":"Talvisota","item":"https:\/\/veteraanienperinto.fi\/index.php\/talvisota-etusivu\/"},{"@type":"ListItem","position":3,"name":"Talvisodan kertomukset","item":"https:\/\/veteraanienperinto.fi\/index.php\/talvisota-etusivu\/talvisodan-kertomukset\/"},{"@type":"ListItem","position":4,"name":"Kotirintama","item":"https:\/\/veteraanienperinto.fi\/index.php\/talvisota-etusivu\/talvisodan-kertomukset\/kotirintama\/"},{"@type":"ListItem","position":5,"name":"Kotirintaman tunnelmia","item":"https:\/\/veteraanienperinto.fi\/index.php\/talvisota-etusivu\/talvisodan-kertomukset\/kotirintama\/kotirintaman-tunnelmia\/"},{"@type":"ListItem","position":6,"name":"7-vuotiaan muistikuva is\u00e4n sotaanl\u00e4hd\u00f6st\u00e4"}]},{"@type":"WebSite","@id":"https:\/\/veteraanienperinto.fi\/#website","url":"https:\/\/veteraanienperinto.fi\/","name":"Veteraanien Perint\u00f6","description":"Kadettikunta","potentialAction":[{"@type":"SearchAction","target":{"@type":"EntryPoint","urlTemplate":"https:\/\/veteraanienperinto.fi\/?s={search_term_string}"},"query-input":{"@type":"PropertyValueSpecification","valueRequired":true,"valueName":"search_term_string"}}],"inLanguage":"fi"}]}},"_links":{"self":[{"href":"https:\/\/veteraanienperinto.fi\/index.php\/wp-json\/wp\/v2\/pages\/1937","targetHints":{"allow":["GET"]}}],"collection":[{"href":"https:\/\/veteraanienperinto.fi\/index.php\/wp-json\/wp\/v2\/pages"}],"about":[{"href":"https:\/\/veteraanienperinto.fi\/index.php\/wp-json\/wp\/v2\/types\/page"}],"author":[{"embeddable":true,"href":"https:\/\/veteraanienperinto.fi\/index.php\/wp-json\/wp\/v2\/users\/2"}],"replies":[{"embeddable":true,"href":"https:\/\/veteraanienperinto.fi\/index.php\/wp-json\/wp\/v2\/comments?post=1937"}],"version-history":[{"count":2,"href":"https:\/\/veteraanienperinto.fi\/index.php\/wp-json\/wp\/v2\/pages\/1937\/revisions"}],"predecessor-version":[{"id":5684,"href":"https:\/\/veteraanienperinto.fi\/index.php\/wp-json\/wp\/v2\/pages\/1937\/revisions\/5684"}],"up":[{"embeddable":true,"href":"https:\/\/veteraanienperinto.fi\/index.php\/wp-json\/wp\/v2\/pages\/1894"}],"wp:attachment":[{"href":"https:\/\/veteraanienperinto.fi\/index.php\/wp-json\/wp\/v2\/media?parent=1937"}],"curies":[{"name":"wp","href":"https:\/\/api.w.org\/{rel}","templated":true}]}}