{"id":2140,"date":"2020-08-31T13:03:01","date_gmt":"2020-08-31T13:03:01","guid":{"rendered":"https:\/\/veteraani.ylirotu.fi\/?page_id=2140"},"modified":"2020-09-05T08:18:46","modified_gmt":"2020-09-05T08:18:46","slug":"lotan-tie-1939-1944","status":"publish","type":"page","link":"https:\/\/veteraanienperinto.fi\/index.php\/talvisota-etusivu\/talvisodan-kertomukset\/kotirintama\/lotta-svard\/lotan-tie-1939-1944\/","title":{"rendered":"Lotan tie 1939 &#8211; 1944"},"content":{"rendered":"\n<style type=\"text\/css\" data-created_by=\"avia_inline_auto\" id=\"style-css-av-av_heading-d948f5b651f41a6607c98a236ff38c4f\">\n#top .av-special-heading.av-av_heading-d948f5b651f41a6607c98a236ff38c4f{\npadding-bottom:10px;\n}\nbody .av-special-heading.av-av_heading-d948f5b651f41a6607c98a236ff38c4f .av-special-heading-tag .heading-char{\nfont-size:25px;\n}\n.av-special-heading.av-av_heading-d948f5b651f41a6607c98a236ff38c4f .av-subheading{\nfont-size:15px;\n}\n<\/style>\n<div  class='av-special-heading av-av_heading-d948f5b651f41a6607c98a236ff38c4f av-special-heading-h3  avia-builder-el-0  el_before_av_textblock  avia-builder-el-first '><h3 class='av-special-heading-tag'  itemprop=\"headline\"  >Lotan tie 1939 &#8211; 1944<\/h3><div class=\"special-heading-border\"><div class=\"special-heading-inner-border\"><\/div><\/div><\/div>\n<section  class='av_textblock_section av-kei9w74n-7b0f008125a778f48432b9a614d90d0f '   itemscope=\"itemscope\" itemtype=\"https:\/\/schema.org\/CreativeWork\" ><div class='avia_textblock'  itemprop=\"text\" ><p><strong>Eeva Mirjam S\u00e4rkinen, os. Luostarinen:<\/strong><\/p>\n<div id=\"attachment_3062\" style=\"width: 278px\" class=\"wp-caption alignright\"><img loading=\"lazy\" decoding=\"async\" aria-describedby=\"caption-attachment-3062\" class=\"wp-image-3062 size-medium\" src=\"https:\/\/veteraanienperinto.fi\/wp-content\/uploads\/2020\/09\/Lotan-tie-1-268x300.jpg\" alt=\"\" width=\"268\" height=\"300\" srcset=\"https:\/\/veteraanienperinto.fi\/wp-content\/uploads\/2020\/09\/Lotan-tie-1-268x300.jpg 268w, https:\/\/veteraanienperinto.fi\/wp-content\/uploads\/2020\/09\/Lotan-tie-1.jpg 317w\" sizes=\"auto, (max-width: 268px) 100vw, 268px\" \/><p id=\"caption-attachment-3062\" class=\"wp-caption-text\">Omakuva Pitsamassa 1942<\/p><\/div>\n<p>Synnyin Kerim\u00e4ell\u00e4 maanviljelij\u00e4perheeseen, jossa oli nelj\u00e4 aikuista lasta. Vanhempani olivat vanhoillisia uskovaisia. Sain hyv\u00e4n ja vahvan pohjan el\u00e4m\u00e4lleni. \u00c4itini kuoli 2.7.1939. Is\u00e4 kuoli ollessani seitsem\u00e4n vuotta vanha 1925.<\/p>\n<p>Olin l\u00e4hd\u00f6ss\u00e4 jatkaman talousalan opintojani syyskuussa 1939, kun sain komennuksen muonittamaan ylim\u00e4\u00e4r\u00e4isi\u00e4 suojeluskuntaharjoituksia. Talvisodan ajan olin ilmavalvonnassa kotikyl\u00e4ss\u00e4ni. Se oli kyl\u00e4kohtaista. Emme anoneet p\u00e4iv\u00e4rahaa. Olin my\u00f6s lottana laskemassa kukkavihkoja sankarihautajaisissa.<\/p>\n<p>Ne on raskaita muistoja, koska vainajat olivat tuttuja, useat koulukavereita. Sitten tuli siirtolaisten muonitusta. Naapurikyl\u00e4\u00e4n Raikuuseen alettiin tehd\u00e4 linnoituksia. Jouduin Lotta Sv\u00e4rd keskusjohdon kirjoihin kev\u00e4ttalvella 1941 Linnoituspataljoona 344:n vastaavana em\u00e4nt\u00e4n\u00e4.<\/p>\n<p>Sodan alettua 1941 kes\u00e4kuussa l\u00e4ksimme Parikkalasta ja menimme Mets\u00e4pirttiin asti rintaman j\u00e4ljess\u00e4. Miehemme korjasivat teit\u00e4, siltoja ja vainajia. Jouduin kaksi kertaa kentt\u00e4sairaalaan kahdeksi p\u00e4iv\u00e4ksi py\u00f6rtymisen takia, ennen kuin totuin siihen n\u00e4kem\u00e4\u00e4ni.<br \/>\nSielt\u00e4 siirryin jouluna 1941 keski- syv\u00e4rille Pidmaan, v\u00e4lill\u00e4 olimme Syv\u00e4rin etel\u00e4puolellakin. Meit\u00e4 oli 10-12 lottaa muonittamassa sit\u00e4 pataljoonaa ja autokomppanian miehi\u00e4. T\u00e4ytyi hommata ruoka-aineet keskusvarastolta \u00c4\u00e4nislinnasta, valmistaa ja myyd\u00e4 se miehille. Kaksi kertaa paloi ruokalakin. Se oli aika rankkaa ja vastuullista ty\u00f6t\u00e4 niin nuorelle tyt\u00f6lle. Pyysin p\u00e4\u00e4st\u00e4 pois ja tammikuun 29.p\u00e4iv\u00e4n\u00e4 p\u00e4\u00e4sin siviiliin. Mutta kohta sain komennuksen armeijan puolelle keitti\u00f6\u00f6n. Sitten ei ollut huolta muusta kuin itsest\u00e4ni.<\/p>\n<p>Palopommin tuhoama pieni kirkko, jossa oli keitti\u00f6mme Pitsamassa 1942. Taas tuli komennnus Syv\u00e4rille 1.Sillanrakennuskomppanaan. Meit\u00e4 oli kaksi lottaa ja kaksi apupoikaa laittamassa ruokaa sotapojille. Aamulla oli teet\u00e4 ja pojat saivat p\u00e4iv\u00e4n kuivamuonan. Lounaaksi oli aina puuroa, joskus milkki\u00e4 sen kanssa. P\u00e4iv\u00e4llinen oli hernekeittoa, harvoin perunasoppaa. Silloin talvisin oli pakkasta jopa -40o. Kuorma-auto kippasi perunat hangelle. Joskus pojat saivat hirvi\u00e4, kerran karhun, ja silloin juhlimme. Me asuimme Kaarinan kanssa puuteltassa. Pojat k\u00e4viv\u00e4t lis\u00e4\u00e4m\u00e4ss\u00e4 puita kamiinaan, hiipiv\u00e4t hiljaa etteiv\u00e4t her\u00e4tt\u00e4isi. Laitoimme muonatupakkamme kamiinan vieren, josta pojat saivat ne ottaa. Yht\u00e4\u00e4n tupakkaa ei kokeiltu itse. Samoin Mannerheimin syntym\u00e4p\u00e4iv\u00e4n viina-annokset annettiin jakoon. Pojat piti meit\u00e4 sisarinaan, kunnioitus oli molemminpuolista.<\/p>\n<div id=\"attachment_3065\" style=\"width: 310px\" class=\"wp-caption alignleft\"><img loading=\"lazy\" decoding=\"async\" aria-describedby=\"caption-attachment-3065\" class=\"wp-image-3065 size-medium\" src=\"https:\/\/veteraanienperinto.fi\/wp-content\/uploads\/2020\/09\/Lotan-tie-2-300x200.jpg\" alt=\"\" width=\"300\" height=\"200\" srcset=\"https:\/\/veteraanienperinto.fi\/wp-content\/uploads\/2020\/09\/Lotan-tie-2-300x200.jpg 300w, https:\/\/veteraanienperinto.fi\/wp-content\/uploads\/2020\/09\/Lotan-tie-2.jpg 450w\" sizes=\"auto, (max-width: 300px) 100vw, 300px\" \/><p id=\"caption-attachment-3065\" class=\"wp-caption-text\">Palopommin tuhoama pieni kirkko, jossa oli keitti\u00f6mme Pitsamassa 1942. Taas tuli komennnus Syv\u00e4rille 1.Sillanrakennuskomppanaan. Meit\u00e4 oli kaksi lottaa ja kaksi apupoikaa laittamassa ruokaa sotapojille. Aamulla oli teet\u00e4 ja pojat saivat p\u00e4iv\u00e4n kuivamuonan. Lounaaksi oli aina puuroa, joskus milkki\u00e4 sen kanssa. P\u00e4iv\u00e4llinen oli hernekeittoa, harvoin perunasoppaa. Silloin talvisin oli pakkasta jopa -40o. Kuorma-auto kippasi perunat hangelle. Joskus pojat saivat hirvi\u00e4, kerran karhun, ja silloin juhlimme. Me asuimme Kaarinan kanssa puuteltassa. Pojat k\u00e4viv\u00e4t lis\u00e4\u00e4m\u00e4ss\u00e4 puita kamiinaan, hiipiv\u00e4t hiljaa etteiv\u00e4t her\u00e4tt\u00e4isi. Laitoimme muonatupakkamme kamiinan vieren, josta pojat saivat ne ottaa. Yht\u00e4\u00e4n tupakkaa ei kokeiltu itse. Samoin Mannerheimin syntym\u00e4p\u00e4iv\u00e4n viina-annokset annettiin jakoon. Pojat piti meit\u00e4 sisarinaan, kunnioitus oli molemminpuolista.<\/p><\/div>\n<p>Siin\u00e4 l\u00e4hettyvill\u00e4 oli my\u00f6s K.E.K. eli kaatuneiden evakuoimiskeskus. Siell\u00e4 ty\u00f6skenteli kolme lottaa ja yksi apupoika. Sinne tuotiin Syv\u00e4rin etel\u00e4puolella kaatuneet vainajat. Y\u00f6ll\u00e4 l\u00e4mpisi iso savusauna. Aamulla vainajat kannettiin sinne sulamaan. Illalla sitten oiottiin j\u00e4senet suoriksi, pyyhittiin veret ja laitettiin arkkuihin kotiseurakunnan multiin haudattavaksi. T\u00e4m\u00e4 oli talvella. Kes\u00e4ll\u00e4 ruumiit saattoivat olla matoja t\u00e4ynn\u00e4. K\u00e4vimme joskus Kaarinan kanssa iltaisin auttamassa niit\u00e4 lottia. N\u00e4it\u00e4 keskuksia oli koko rintaman mitalla, joten asemasodan aikana suurin osa vainajista p\u00e4\u00e4si oman kirkkomaan multiin.<\/p>\n<p>T\u00e4m\u00e4n kaiken tekiv\u00e4t Suomen lotat. Olen kuullut, ettei t\u00e4mm\u00f6ist\u00e4 k\u00e4yt\u00e4nt\u00f6\u00e4 ollut miss\u00e4\u00e4n muualla maailmassa. Meill\u00e4kin oli laulun sanojen mukaan \u0094Nyt mets\u00e4 kirkkomme olla saa\u0094 suora yhteys ylh\u00e4\u00e4lle. Rukouksen voima auttoi taas eteenp\u00e4in.<\/p>\n<p>Juhannuksen alla 1944 jouduimme j\u00e4tt\u00e4m\u00e4\u00e4n Syv\u00e4rin. V\u00e4lill\u00e4 k\u00e4vellen, toisinaan autokyydiss\u00e4 matkasimme kohti pohjoista. Tuuloksessa vihollinen nousi Laatokalta eteemme ja sulki useamman yksik\u00f6n mottiin. Oli valoisat kes\u00e4y\u00f6t, osaksi korkeiden sananjalkojen alla ry\u00f6mien p\u00e4\u00e4simme Suurm\u00e4keen. Meille ei tullut henkil\u00f6vahinkoja, mutta kuormasto j\u00e4i sinne kokonaan. Meill\u00e4 lotilla olivat omat vaatteet, vain muonat ja mantteli oli talosta. Kaikki vaatteemme j\u00e4iv\u00e4t sinne mottiin.<\/p>\n<p>Kun p\u00e4\u00e4simme vihdoin Pitk\u00e4rantaan, iski punatautiepidemia meid\u00e4n yksikk\u00f6\u00f6mme. Se oli vakava tauti. Min\u00e4kin sairastuin ja jouduin 32.Kentt\u00e4sairaalaan. Samana p\u00e4iv\u00e4n\u00e4 minut vietiin 13.Sotasairaalaan Kuusankoskelle. Olin siell\u00e4 kai kolmatta viikkoa. Sinne tuli tieto Savonlinnan lottapiirist\u00e4, ett\u00e4 piti ilmoittautua siell\u00e4. Sota oli lopuillaan ja ajattelin saavani litterat kotimatkalle, mutta toisin k\u00e4vi. Sodan loputtua jotkut yksik\u00f6t komennettiin ajamaan saksalaiset pois Lapista.<\/p>\n<p>Meid\u00e4n pioneerit joutuivat sinne raivaamaan miinoja ja vet\u00e4m\u00e4\u00e4n ponttonisiltoja saksalaisten r\u00e4j\u00e4ytt\u00e4mien siltojen yli, ett\u00e4 jalkav\u00e4ki p\u00e4\u00e4si etenem\u00e4\u00e4n. Poikien toivomus oli, ett\u00e4 me tyt\u00f6t tulisimme mukaan ja niin min\u00e4kin sitten l\u00e4ksin sairaalasta suoraan sinne poikien mukaan. Sen matkan kaksi kuukautta olivat henkisesti ja fyysisesti sodan raskainta aikaa, niin paljon meni poikia miinojen uhreiksi. Saksalaisten tuhoamisvimma oli aivan uskomatonta.<\/p>\n<p>Yksityistapauksia ei voi kertoa, mutta unohtaa en voi koskaan. Olimme melkein joka y\u00f6 eri paikassa ja etenimme Sodankyl\u00e4nkin ohitse. Marraskuun alussa sinne tuli joku korkeampi upseeri, joka sanoi ettei t\u00e4llaisissa oloissa saa en\u00e4\u00e4 lottia olla. H\u00e4n toi meid\u00e4t Ouluun, jossa ilmoittauduimme litteroiden saamista varten. Lottaj\u00e4rjest\u00f6 oli lopetettu. Siell\u00e4 oli nuoria, &#8221;toisenmielisi\u00e4&#8221; poikia, jotka ottivat meilt\u00e4 lottaneulat pois. Lottavaatteetkin olisi pit\u00e4nyt riisua. Kaarina meni Turkuun, min\u00e4 junalla Savonlinnaan. Emme l\u00e4hteneet alusvaatteissa matkustamaan.<\/p>\n<p><img loading=\"lazy\" decoding=\"async\" class=\"size-medium wp-image-3066 alignright\" src=\"https:\/\/veteraanienperinto.fi\/wp-content\/uploads\/2020\/09\/Lotan-tie-3-300x190.jpg\" alt=\"\" width=\"300\" height=\"190\" srcset=\"https:\/\/veteraanienperinto.fi\/wp-content\/uploads\/2020\/09\/Lotan-tie-3-300x190.jpg 300w, https:\/\/veteraanienperinto.fi\/wp-content\/uploads\/2020\/09\/Lotan-tie-3.jpg 450w\" sizes=\"auto, (max-width: 300px) 100vw, 300px\" \/>Olen onnellinen siit\u00e4, ett\u00e4 sain olla mukana ja n\u00e4in mink\u00e4 hinnan miehet maksoivat siit\u00e4, ett\u00e4 tulevilla sukupolvilla olisi vapaa is\u00e4nmaa. Sill\u00e4 oma, vapaa is\u00e4nmaa on ihmisen t\u00e4rkein omaisuus. Hyv\u00e4t nuoret sen lunastivat teid\u00e4n isois\u00e4nne. Se, ett\u00e4 kotimaassa tuli sotien aikana ty\u00f6t tehty\u00e4, oli pelk\u00e4st\u00e4\u00e4n teid\u00e4n iso\u00e4itienne ansiota.<\/p>\n<p>Sitten alkoi tavallaan uusi el\u00e4m\u00e4, ilman ammattia suuren perheen koti\u00e4itin\u00e4. Ammatin saaminen kaikille lapsille onkin sitten jo eri tarina. Me lotat saimme veteraanitunnuksen 1980-luvun alussa. Nyt kun olen jo aika huonossa kunnossa, haluan sanoa Suomen nuorille terveisin\u00e4: Is\u00e4nmaata kannattaa aina puolustaa!<\/p>\n<\/div><\/section>\n","protected":false},"excerpt":{"rendered":"","protected":false},"author":2,"featured_media":0,"parent":1903,"menu_order":5,"comment_status":"closed","ping_status":"closed","template":"","meta":{"footnotes":""},"class_list":["post-2140","page","type-page","status-publish","hentry"],"yoast_head":"<!-- This site is optimized with the Yoast SEO plugin v27.4 - https:\/\/yoast.com\/product\/yoast-seo-wordpress\/ -->\n<title>Lotan tie 1939 - 1944 - Veteraanien Perint\u00f6<\/title>\n<meta name=\"robots\" content=\"index, follow, max-snippet:-1, max-image-preview:large, max-video-preview:-1\" \/>\n<link rel=\"canonical\" href=\"https:\/\/veteraanienperinto.fi\/index.php\/talvisota-etusivu\/talvisodan-kertomukset\/kotirintama\/lotta-svard\/lotan-tie-1939-1944\/\" \/>\n<meta property=\"og:locale\" content=\"fi_FI\" \/>\n<meta property=\"og:type\" content=\"article\" \/>\n<meta property=\"og:title\" content=\"Lotan tie 1939 - 1944 - Veteraanien Perint\u00f6\" \/>\n<meta property=\"og:url\" content=\"https:\/\/veteraanienperinto.fi\/index.php\/talvisota-etusivu\/talvisodan-kertomukset\/kotirintama\/lotta-svard\/lotan-tie-1939-1944\/\" \/>\n<meta property=\"og:site_name\" content=\"Veteraanien Perint\u00f6\" \/>\n<meta property=\"article:modified_time\" content=\"2020-09-05T08:18:46+00:00\" \/>\n<meta property=\"og:image\" content=\"https:\/\/veteraanienperinto.fi\/wp-content\/uploads\/2020\/09\/Lotan-tie-1-268x300.jpg\" \/>\n<meta name=\"twitter:card\" content=\"summary_large_image\" \/>\n<meta name=\"twitter:label1\" content=\"Arvioitu lukuaika\" \/>\n\t<meta name=\"twitter:data1\" content=\"6 minuuttia\" \/>\n<script type=\"application\/ld+json\" class=\"yoast-schema-graph\">{\"@context\":\"https:\\\/\\\/schema.org\",\"@graph\":[{\"@type\":\"WebPage\",\"@id\":\"https:\\\/\\\/veteraanienperinto.fi\\\/index.php\\\/talvisota-etusivu\\\/talvisodan-kertomukset\\\/kotirintama\\\/lotta-svard\\\/lotan-tie-1939-1944\\\/\",\"url\":\"https:\\\/\\\/veteraanienperinto.fi\\\/index.php\\\/talvisota-etusivu\\\/talvisodan-kertomukset\\\/kotirintama\\\/lotta-svard\\\/lotan-tie-1939-1944\\\/\",\"name\":\"Lotan tie 1939 - 1944 - Veteraanien Perint\u00f6\",\"isPartOf\":{\"@id\":\"https:\\\/\\\/veteraanienperinto.fi\\\/#website\"},\"primaryImageOfPage\":{\"@id\":\"https:\\\/\\\/veteraanienperinto.fi\\\/index.php\\\/talvisota-etusivu\\\/talvisodan-kertomukset\\\/kotirintama\\\/lotta-svard\\\/lotan-tie-1939-1944\\\/#primaryimage\"},\"image\":{\"@id\":\"https:\\\/\\\/veteraanienperinto.fi\\\/index.php\\\/talvisota-etusivu\\\/talvisodan-kertomukset\\\/kotirintama\\\/lotta-svard\\\/lotan-tie-1939-1944\\\/#primaryimage\"},\"thumbnailUrl\":\"https:\\\/\\\/veteraanienperinto.fi\\\/wp-content\\\/uploads\\\/2020\\\/09\\\/Lotan-tie-1-268x300.jpg\",\"datePublished\":\"2020-08-31T13:03:01+00:00\",\"dateModified\":\"2020-09-05T08:18:46+00:00\",\"breadcrumb\":{\"@id\":\"https:\\\/\\\/veteraanienperinto.fi\\\/index.php\\\/talvisota-etusivu\\\/talvisodan-kertomukset\\\/kotirintama\\\/lotta-svard\\\/lotan-tie-1939-1944\\\/#breadcrumb\"},\"inLanguage\":\"fi\",\"potentialAction\":[{\"@type\":\"ReadAction\",\"target\":[\"https:\\\/\\\/veteraanienperinto.fi\\\/index.php\\\/talvisota-etusivu\\\/talvisodan-kertomukset\\\/kotirintama\\\/lotta-svard\\\/lotan-tie-1939-1944\\\/\"]}]},{\"@type\":\"ImageObject\",\"inLanguage\":\"fi\",\"@id\":\"https:\\\/\\\/veteraanienperinto.fi\\\/index.php\\\/talvisota-etusivu\\\/talvisodan-kertomukset\\\/kotirintama\\\/lotta-svard\\\/lotan-tie-1939-1944\\\/#primaryimage\",\"url\":\"https:\\\/\\\/veteraanienperinto.fi\\\/wp-content\\\/uploads\\\/2020\\\/09\\\/Lotan-tie-1.jpg\",\"contentUrl\":\"https:\\\/\\\/veteraanienperinto.fi\\\/wp-content\\\/uploads\\\/2020\\\/09\\\/Lotan-tie-1.jpg\",\"width\":317,\"height\":355},{\"@type\":\"BreadcrumbList\",\"@id\":\"https:\\\/\\\/veteraanienperinto.fi\\\/index.php\\\/talvisota-etusivu\\\/talvisodan-kertomukset\\\/kotirintama\\\/lotta-svard\\\/lotan-tie-1939-1944\\\/#breadcrumb\",\"itemListElement\":[{\"@type\":\"ListItem\",\"position\":1,\"name\":\"Etusivu\",\"item\":\"https:\\\/\\\/veteraanienperinto.fi\\\/index.php\\\/etusivu-2\\\/\"},{\"@type\":\"ListItem\",\"position\":2,\"name\":\"Talvisota\",\"item\":\"https:\\\/\\\/veteraanienperinto.fi\\\/index.php\\\/talvisota-etusivu\\\/\"},{\"@type\":\"ListItem\",\"position\":3,\"name\":\"Talvisodan kertomukset\",\"item\":\"https:\\\/\\\/veteraanienperinto.fi\\\/index.php\\\/talvisota-etusivu\\\/talvisodan-kertomukset\\\/\"},{\"@type\":\"ListItem\",\"position\":4,\"name\":\"Kotirintama\",\"item\":\"https:\\\/\\\/veteraanienperinto.fi\\\/index.php\\\/talvisota-etusivu\\\/talvisodan-kertomukset\\\/kotirintama\\\/\"},{\"@type\":\"ListItem\",\"position\":5,\"name\":\"Lotta Sv\u00e4rd\",\"item\":\"https:\\\/\\\/veteraanienperinto.fi\\\/index.php\\\/talvisota-etusivu\\\/talvisodan-kertomukset\\\/kotirintama\\\/lotta-svard\\\/\"},{\"@type\":\"ListItem\",\"position\":6,\"name\":\"Lotan tie 1939 &#8211; 1944\"}]},{\"@type\":\"WebSite\",\"@id\":\"https:\\\/\\\/veteraanienperinto.fi\\\/#website\",\"url\":\"https:\\\/\\\/veteraanienperinto.fi\\\/\",\"name\":\"Veteraanien Perint\u00f6\",\"description\":\"Kadettikunta\",\"potentialAction\":[{\"@type\":\"SearchAction\",\"target\":{\"@type\":\"EntryPoint\",\"urlTemplate\":\"https:\\\/\\\/veteraanienperinto.fi\\\/?s={search_term_string}\"},\"query-input\":{\"@type\":\"PropertyValueSpecification\",\"valueRequired\":true,\"valueName\":\"search_term_string\"}}],\"inLanguage\":\"fi\"}]}<\/script>\n<!-- \/ Yoast SEO plugin. -->","yoast_head_json":{"title":"Lotan tie 1939 - 1944 - Veteraanien Perint\u00f6","robots":{"index":"index","follow":"follow","max-snippet":"max-snippet:-1","max-image-preview":"max-image-preview:large","max-video-preview":"max-video-preview:-1"},"canonical":"https:\/\/veteraanienperinto.fi\/index.php\/talvisota-etusivu\/talvisodan-kertomukset\/kotirintama\/lotta-svard\/lotan-tie-1939-1944\/","og_locale":"fi_FI","og_type":"article","og_title":"Lotan tie 1939 - 1944 - Veteraanien Perint\u00f6","og_url":"https:\/\/veteraanienperinto.fi\/index.php\/talvisota-etusivu\/talvisodan-kertomukset\/kotirintama\/lotta-svard\/lotan-tie-1939-1944\/","og_site_name":"Veteraanien Perint\u00f6","article_modified_time":"2020-09-05T08:18:46+00:00","og_image":[{"url":"https:\/\/veteraanienperinto.fi\/wp-content\/uploads\/2020\/09\/Lotan-tie-1-268x300.jpg","type":"","width":"","height":""}],"twitter_card":"summary_large_image","twitter_misc":{"Arvioitu lukuaika":"6 minuuttia"},"schema":{"@context":"https:\/\/schema.org","@graph":[{"@type":"WebPage","@id":"https:\/\/veteraanienperinto.fi\/index.php\/talvisota-etusivu\/talvisodan-kertomukset\/kotirintama\/lotta-svard\/lotan-tie-1939-1944\/","url":"https:\/\/veteraanienperinto.fi\/index.php\/talvisota-etusivu\/talvisodan-kertomukset\/kotirintama\/lotta-svard\/lotan-tie-1939-1944\/","name":"Lotan tie 1939 - 1944 - Veteraanien Perint\u00f6","isPartOf":{"@id":"https:\/\/veteraanienperinto.fi\/#website"},"primaryImageOfPage":{"@id":"https:\/\/veteraanienperinto.fi\/index.php\/talvisota-etusivu\/talvisodan-kertomukset\/kotirintama\/lotta-svard\/lotan-tie-1939-1944\/#primaryimage"},"image":{"@id":"https:\/\/veteraanienperinto.fi\/index.php\/talvisota-etusivu\/talvisodan-kertomukset\/kotirintama\/lotta-svard\/lotan-tie-1939-1944\/#primaryimage"},"thumbnailUrl":"https:\/\/veteraanienperinto.fi\/wp-content\/uploads\/2020\/09\/Lotan-tie-1-268x300.jpg","datePublished":"2020-08-31T13:03:01+00:00","dateModified":"2020-09-05T08:18:46+00:00","breadcrumb":{"@id":"https:\/\/veteraanienperinto.fi\/index.php\/talvisota-etusivu\/talvisodan-kertomukset\/kotirintama\/lotta-svard\/lotan-tie-1939-1944\/#breadcrumb"},"inLanguage":"fi","potentialAction":[{"@type":"ReadAction","target":["https:\/\/veteraanienperinto.fi\/index.php\/talvisota-etusivu\/talvisodan-kertomukset\/kotirintama\/lotta-svard\/lotan-tie-1939-1944\/"]}]},{"@type":"ImageObject","inLanguage":"fi","@id":"https:\/\/veteraanienperinto.fi\/index.php\/talvisota-etusivu\/talvisodan-kertomukset\/kotirintama\/lotta-svard\/lotan-tie-1939-1944\/#primaryimage","url":"https:\/\/veteraanienperinto.fi\/wp-content\/uploads\/2020\/09\/Lotan-tie-1.jpg","contentUrl":"https:\/\/veteraanienperinto.fi\/wp-content\/uploads\/2020\/09\/Lotan-tie-1.jpg","width":317,"height":355},{"@type":"BreadcrumbList","@id":"https:\/\/veteraanienperinto.fi\/index.php\/talvisota-etusivu\/talvisodan-kertomukset\/kotirintama\/lotta-svard\/lotan-tie-1939-1944\/#breadcrumb","itemListElement":[{"@type":"ListItem","position":1,"name":"Etusivu","item":"https:\/\/veteraanienperinto.fi\/index.php\/etusivu-2\/"},{"@type":"ListItem","position":2,"name":"Talvisota","item":"https:\/\/veteraanienperinto.fi\/index.php\/talvisota-etusivu\/"},{"@type":"ListItem","position":3,"name":"Talvisodan kertomukset","item":"https:\/\/veteraanienperinto.fi\/index.php\/talvisota-etusivu\/talvisodan-kertomukset\/"},{"@type":"ListItem","position":4,"name":"Kotirintama","item":"https:\/\/veteraanienperinto.fi\/index.php\/talvisota-etusivu\/talvisodan-kertomukset\/kotirintama\/"},{"@type":"ListItem","position":5,"name":"Lotta Sv\u00e4rd","item":"https:\/\/veteraanienperinto.fi\/index.php\/talvisota-etusivu\/talvisodan-kertomukset\/kotirintama\/lotta-svard\/"},{"@type":"ListItem","position":6,"name":"Lotan tie 1939 &#8211; 1944"}]},{"@type":"WebSite","@id":"https:\/\/veteraanienperinto.fi\/#website","url":"https:\/\/veteraanienperinto.fi\/","name":"Veteraanien Perint\u00f6","description":"Kadettikunta","potentialAction":[{"@type":"SearchAction","target":{"@type":"EntryPoint","urlTemplate":"https:\/\/veteraanienperinto.fi\/?s={search_term_string}"},"query-input":{"@type":"PropertyValueSpecification","valueRequired":true,"valueName":"search_term_string"}}],"inLanguage":"fi"}]}},"_links":{"self":[{"href":"https:\/\/veteraanienperinto.fi\/index.php\/wp-json\/wp\/v2\/pages\/2140","targetHints":{"allow":["GET"]}}],"collection":[{"href":"https:\/\/veteraanienperinto.fi\/index.php\/wp-json\/wp\/v2\/pages"}],"about":[{"href":"https:\/\/veteraanienperinto.fi\/index.php\/wp-json\/wp\/v2\/types\/page"}],"author":[{"embeddable":true,"href":"https:\/\/veteraanienperinto.fi\/index.php\/wp-json\/wp\/v2\/users\/2"}],"replies":[{"embeddable":true,"href":"https:\/\/veteraanienperinto.fi\/index.php\/wp-json\/wp\/v2\/comments?post=2140"}],"version-history":[{"count":3,"href":"https:\/\/veteraanienperinto.fi\/index.php\/wp-json\/wp\/v2\/pages\/2140\/revisions"}],"predecessor-version":[{"id":5744,"href":"https:\/\/veteraanienperinto.fi\/index.php\/wp-json\/wp\/v2\/pages\/2140\/revisions\/5744"}],"up":[{"embeddable":true,"href":"https:\/\/veteraanienperinto.fi\/index.php\/wp-json\/wp\/v2\/pages\/1903"}],"wp:attachment":[{"href":"https:\/\/veteraanienperinto.fi\/index.php\/wp-json\/wp\/v2\/media?parent=2140"}],"curies":[{"name":"wp","href":"https:\/\/api.w.org\/{rel}","templated":true}]}}