{"id":2143,"date":"2020-08-31T13:04:21","date_gmt":"2020-08-31T13:04:21","guid":{"rendered":"https:\/\/veteraani.ylirotu.fi\/?page_id=2143"},"modified":"2020-09-05T08:19:42","modified_gmt":"2020-09-05T08:19:42","slug":"laakintalotan-koettelemuksia","status":"publish","type":"page","link":"https:\/\/veteraanienperinto.fi\/index.php\/talvisota-etusivu\/talvisodan-kertomukset\/kotirintama\/lotta-svard\/laakintalotan-koettelemuksia\/","title":{"rendered":"L\u00e4\u00e4kint\u00e4lotan koettelemuksia"},"content":{"rendered":"\n<style type=\"text\/css\" data-created_by=\"avia_inline_auto\" id=\"style-css-av-av_heading-da15673987ab095742cca33c4d16a39c\">\n#top .av-special-heading.av-av_heading-da15673987ab095742cca33c4d16a39c{\npadding-bottom:10px;\n}\nbody .av-special-heading.av-av_heading-da15673987ab095742cca33c4d16a39c .av-special-heading-tag .heading-char{\nfont-size:25px;\n}\n.av-special-heading.av-av_heading-da15673987ab095742cca33c4d16a39c .av-subheading{\nfont-size:15px;\n}\n<\/style>\n<div  class='av-special-heading av-av_heading-da15673987ab095742cca33c4d16a39c av-special-heading-h3  avia-builder-el-0  el_before_av_textblock  avia-builder-el-first '><h3 class='av-special-heading-tag'  itemprop=\"headline\"  >L\u00e4\u00e4kint\u00e4lotan koettelemuksia<\/h3><div class=\"special-heading-border\"><div class=\"special-heading-inner-border\"><\/div><\/div><\/div>\n<section  class='av_textblock_section av-kei9w74n-7b0f008125a778f48432b9a614d90d0f '   itemscope=\"itemscope\" itemtype=\"https:\/\/schema.org\/CreativeWork\" ><div class='avia_textblock'  itemprop=\"text\" ><p><strong>Eeva Hautala:<\/strong><\/p>\n<p>Kotikyl\u00e4ni pikkulottiin liityin heti, kun p\u00e4\u00e4sin. Olimme kaikessa apuna isoille lotille. T\u00e4ytetty\u00e4ni 18 vuotta, siirryin isoihin lottiin. Olin kovin innostunut lottaty\u00f6st\u00e4, sill\u00e4 tunsin olevani omalla paikallani suuressa is\u00e4nmaallisessa yhteisty\u00f6ss\u00e4.<\/p>\n<p>Ensimm\u00e4inen kurssini oli varuskurssi. Kurssilla valmistettiin ratsupaikkoja miesten pussihousuihin, kudottiin kyp\u00e4r\u00e4suojuksia, sukkia ja lapasia sek\u00e4 valmistettiin lottapukujen mansetteja ja esiliinoja. T\u00e4t\u00e4 ty\u00f6t\u00e4 teimme talvisodan alkuajan niin ahkerasti, ett\u00e4 joskus nukahdimme ty\u00f6n \u00e4\u00e4reen. Uskon viel\u00e4kin osaavani leikata ja neuloa ratsupaikat aivan oikean muotoisiksi. Talven loppupuolella tuli komennus l\u00e4\u00e4kint\u00e4kurssille, sielt\u00e4 suoraan Lahden sis\u00e4tautisairaalaan. Se oli perustettu Tapanilan kunnalliskotiin ja siell\u00e4 hoidettiin suomalaisia sotilaita.<\/p>\n<p><strong>Vankisairaala<\/strong><\/p>\n<p>Talvisodan p\u00e4\u00e4tytty\u00e4 luulimme, ett\u00e4 sodat on sodittu, mutta toisin k\u00e4vi. Jatkosodan alettua tuli j\u00e4lleen komennus: kaksi tuntia aikaa junan l\u00e4ht\u00f6\u00f6n. Meit\u00e4 oli kahdeksan lottaa, jotka j\u00e4tettiin oudolle pys\u00e4kille. Siell\u00e4 oli kuorma-auto vastassa. Matkaa riitti emmek\u00e4 tienneet, mihin meit\u00e4 vied\u00e4\u00e4n. Kysyimme kuljettajalta, mutta t\u00e4m\u00e4 vain murahti: eteenp\u00e4in. Tie muuttui huonoksi, mutkaiseksi mets\u00e4tieksi. Sitten eteemme ilmestyi kolmen metrin korkuinen piikkilanka-aita. Portilla seisoi kaksi suomalaista sotilasta kiv\u00e4\u00e4rit olalla. Silloin sanoin tyt\u00f6ille: &#8221;Uskokaa tai \u00e4lk\u00e4\u00e4, mutta nyt joudumme hoitamaan ryssi\u00e4.&#8221;<\/p>\n<p>Pettymys oli niin kova, ettemme halunneet tulla auton lavalta alas. Aidan sivuportista tuli pieni mies ja sotilaat napsauttivat asennon. Siit\u00e4 tiesimme, ett\u00e4 iso viskaali oli tulossa. Herra oli eversti Badan, sairaalayksik\u00f6n ylil\u00e4\u00e4k\u00e4ri. Huonolla suomenkielell\u00e4 h\u00e4n komensi: &#8221;Tulkaa alas, kiire on, juna t\u00e4ynn\u00e4 haavoittuneita, ei tiloja, ei polstareita.&#8221;<\/p>\n<p>N\u00e4in alkoi kaksivuotinen ty\u00f6 vankisairaalassa. Kun n\u00e4ki ihmisen tuskat ja kivut, vihollinen unohtui ja ihminen tuli tilalle. Yksikk\u00f6 oli suuri, k\u00e4sitti 2000 sairaansijaa. Min\u00e4 sain vastattavakseni osaston, jossa oli 250 miespotilasta. Kolme lottaa oli apuna p\u00e4ivisin, \u00f6isin kaksi. Juoksemista riitti, kun kaikille piti sijoittaa alusastiaa ja pissapulloja. L\u00e4\u00e4kkeit\u00e4 oli v\u00e4h\u00e4n, siteet paperisia. Ne p\u00e4\u00e4stiv\u00e4t veren ja m\u00e4d\u00e4n l\u00e4vitseen ja sulivat, joten siteet oli vaihdettava lyhyin v\u00e4lein. Ruokana meill\u00e4 oli leip\u00e4\u00e4 ja j\u00e4\u00e4tyneit\u00e4 perunoita, joita sai hakea kuusten juurelta. Mit\u00e4 kauemmin niit\u00e4 keitti sit\u00e4 kovemmaksi ne tulivat, kuori liukeni pois ja haju oli kuvottava. Ruisleip\u00e4 onneksi riitti niin potilaille kuin meillekin, hengiss\u00e4 pysyttiin.<\/p>\n<p>Henkil\u00f6kunta sai 8 pient\u00e4 sokerinpalaa p\u00e4iv\u00e4ss\u00e4, mutta usein ne piti sulattaa potilaille, jotka eiv\u00e4t pystyneet leip\u00e4\u00e4k\u00e4\u00e4n nielem\u00e4\u00e4n. Kyll\u00e4 me kaikkemme yritimme. Silloin t\u00e4ll\u00f6in tuli yll\u00e4tyksi\u00e4kin. Kun potilaita riisuttiin, saattoikin vaatteista kuoriutua nainen. Muutaman kerran heit\u00e4 l\u00f6ytyi viisikin. Paperilakanoilla eristimme heille oman hoitosopen. Mit\u00e4\u00e4n naisellisia vaatteita heill\u00e4 ei ollut, joten p\u00e4\u00e4ttelimme heid\u00e4t t\u00e4ysin sotilaiksi kasvatetuiksi.<\/p>\n<p><strong>Matka pohjoiseen<\/strong><\/p>\n<p>Sodan jatkuessa ja rintaman siirtyess\u00e4 kauemmaksi, yksikk\u00f6mme yhdistettiin Lappeenrannan sairaalaan. Ainoana joukosta minut komennettiin taas junaan. Matkaa tein miltei kolme vuorokautta mullivaunussa, johon evakkojen lis\u00e4ksi tuotiin sikoja ja vasikoita, \u00e4itej\u00e4 lapsineen sek\u00e4 kaikenlaisia nyyttej\u00e4. Juna pys\u00e4hteli joskus keskelle korpea. Mets\u00e4ss\u00e4 k\u00e4ytiin asioimassa, vaikka ei juna sen takia pys\u00e4htynyt.<\/p>\n<p>Junamies tuli sanomaan, ett\u00e4 jossakin p\u00e4in pommitettiin. Tultiin Kemin asemalle, mihin minun piti j\u00e4\u00e4d\u00e4kin. Siell\u00e4 odotti saksalainen maastoauto, jolla minut ajettiin ruumisarkkuliikkeen pihaan. Talon yl\u00e4kertaan oli varattu minulle ja toiselle lotalle asunto.<\/p>\n<p><strong>Lottakenraali<\/strong><\/p>\n<p>Aamulla aloitettiin ty\u00f6t jollakin ammattikoululla. Se oli saksalaisten sairaala. Jouduin hoitamaan saksalaisia upseereita, vaativaisia ja hienoja herroja. Heill\u00e4 tuntui olevan sellainen k\u00e4sitys, ett\u00e4 me olimme jonkinlaisia ty\u00f6velvollisia. Katselin ja kuuntelin jonkin aikaa. Kokosin saksankieleni kaikki rippeet. Ihmeekseni osasin, kun suutuin ja haukuin heid\u00e4t. Kerroin, ett\u00e4 emme olleet piikatytt\u00f6j\u00e4, vaan kuuluimme suureen suomalaiseen, is\u00e4nmaalliseen j\u00e4rjest\u00f6\u00f6n. Olimme tulleet auttamaan heid\u00e4n hoitamistaan, koska heid\u00e4n poikansa auttavat meid\u00e4n poikiamme rintamalla. Otimme lujasti yhteen viel\u00e4 siit\u00e4kin, ett\u00e4 teemme ty\u00f6t\u00e4mme ilman palkkaa. Sit\u00e4 he eiv\u00e4t tahtoneet uskoa.<\/p>\n<p>Hyv\u00e4 puoli t\u00e4ss\u00e4 sairaalassa oli ruoka. Oli lihaa, kalaa, kasviksia, hedelmi\u00e4. Tuntui kuin olisi p\u00e4\u00e4ssyt maanp\u00e4\u00e4lliseen paratiisiin vankisairaalan j\u00e4lkeen. Hoidettavat olivat kyll\u00e4 sek\u00e4 painavampia ett\u00e4 vaativampia, joten kunnon ruokaa tarvittiinkin. Sain kuin sainkin heid\u00e4t kuriin ja tulimme lopulta varsin hyvin toimeen. Niinp\u00e4 potilaat selittiv\u00e4t uusille tulokkaille, ett\u00e4 t\u00e4m\u00e4 Eeva on lottakenraali ja h\u00e4nt\u00e4 on toteltava tai joutuu heti puhutteluun.<\/p>\n<p><strong>Lapsia laivaan<\/strong><\/p>\n<p>Palatessani viimeiselt\u00e4 lomaltani Kemi\u00e4 kohti tuli Oulussa sotapoliisi vaunuun ja ilmoitti, ettei yksik\u00e4\u00e4n lotta mene t\u00e4st\u00e4 eteenp\u00e4in. Saksalaisia aletaan ajaa pois. Menette jollekin koululle ilmoittautumaan. Niin menin ja siell\u00e4 sanottiin, ett\u00e4 l\u00e4het\u00e4tte lapsia Ruotsiin pommituksia pakoon. Olin n\u00e4hnyt sairautta ja kuolemaa yllin kyllin, mutta t\u00e4m\u00e4 teht\u00e4v\u00e4 tuntui kaikkein raskaimmalta. Numerot kaulaan, \u00e4idit itkiv\u00e4t ja lapset parkuivat. V\u00e4kisin piti riist\u00e4\u00e4 sylist\u00e4 ja vied\u00e4 laivaan.<\/p>\n<p><strong>H\u00e4k\u00e4p\u00f6nt\u00f6n sekoittaja<\/strong><\/p>\n<p>Viimein p\u00e4\u00e4sin l\u00e4htem\u00e4\u00e4n kotiin p\u00e4in, Honkajoelle, mutta Kankaanp\u00e4\u00e4n asemalla odotti auto. Minut oli komennettu yhteiskoululle kirjoittamaan miehille kotiutuspasseja. Siin\u00e4 kului kolmatta viikkoa. Kylm\u00e4n\u00e4 iltana p\u00e4\u00e4sin kuorma-autoon, joka oli menossa Honkajoelle. Otin armeijan huovan hartioilleni ja kiipesin lavalle. Autossa oli iso hiilip\u00f6ntt\u00f6. Pilkkeet olivat tuoreita ja niit\u00e4 piti t\u00e4m\u00e4n t\u00e4st\u00e4 sekoitella. Kuljettaja noitui, ett\u00e4 sekoita paremmin, kun auto ei mill\u00e4\u00e4n tahtonut p\u00e4\u00e4st\u00e4 m\u00e4en p\u00e4\u00e4lle.<\/p>\n<p>Joskus y\u00f6ll\u00e4 oltiin Honkajoen kirkolla. Viel\u00e4 seitsem\u00e4n kilometri\u00e4 piti matkata jalkaisin. Huopa oli reik\u00e4inen, kun h\u00e4k\u00e4p\u00f6nt\u00f6n kipin\u00e4t olivat sit\u00e4 polttaneet. Itse olin t\u00e4ynn\u00e4 sodan polttamia muistoja, jotka viel\u00e4kin nousevat unissa el\u00e4vin\u00e4 esiin.<\/p>\n<\/div><\/section>\n","protected":false},"excerpt":{"rendered":"","protected":false},"author":2,"featured_media":0,"parent":1903,"menu_order":6,"comment_status":"closed","ping_status":"closed","template":"","meta":{"footnotes":""},"class_list":["post-2143","page","type-page","status-publish","hentry"],"yoast_head":"<!-- This site is optimized with the Yoast SEO plugin v27.5 - https:\/\/yoast.com\/product\/yoast-seo-wordpress\/ -->\n<title>L\u00e4\u00e4kint\u00e4lotan koettelemuksia - Veteraanien Perint\u00f6<\/title>\n<meta name=\"robots\" content=\"index, follow, max-snippet:-1, max-image-preview:large, max-video-preview:-1\" \/>\n<link rel=\"canonical\" href=\"https:\/\/veteraanienperinto.fi\/index.php\/talvisota-etusivu\/talvisodan-kertomukset\/kotirintama\/lotta-svard\/laakintalotan-koettelemuksia\/\" \/>\n<meta property=\"og:locale\" content=\"fi_FI\" \/>\n<meta property=\"og:type\" content=\"article\" \/>\n<meta property=\"og:title\" content=\"L\u00e4\u00e4kint\u00e4lotan koettelemuksia - Veteraanien Perint\u00f6\" \/>\n<meta property=\"og:url\" content=\"https:\/\/veteraanienperinto.fi\/index.php\/talvisota-etusivu\/talvisodan-kertomukset\/kotirintama\/lotta-svard\/laakintalotan-koettelemuksia\/\" \/>\n<meta property=\"og:site_name\" content=\"Veteraanien Perint\u00f6\" \/>\n<meta property=\"article:modified_time\" content=\"2020-09-05T08:19:42+00:00\" \/>\n<meta name=\"twitter:card\" content=\"summary_large_image\" \/>\n<meta name=\"twitter:label1\" content=\"Arvioitu lukuaika\" \/>\n\t<meta name=\"twitter:data1\" content=\"5 minuuttia\" \/>\n<script type=\"application\/ld+json\" class=\"yoast-schema-graph\">{\"@context\":\"https:\\\/\\\/schema.org\",\"@graph\":[{\"@type\":\"WebPage\",\"@id\":\"https:\\\/\\\/veteraanienperinto.fi\\\/index.php\\\/talvisota-etusivu\\\/talvisodan-kertomukset\\\/kotirintama\\\/lotta-svard\\\/laakintalotan-koettelemuksia\\\/\",\"url\":\"https:\\\/\\\/veteraanienperinto.fi\\\/index.php\\\/talvisota-etusivu\\\/talvisodan-kertomukset\\\/kotirintama\\\/lotta-svard\\\/laakintalotan-koettelemuksia\\\/\",\"name\":\"L\u00e4\u00e4kint\u00e4lotan koettelemuksia - Veteraanien Perint\u00f6\",\"isPartOf\":{\"@id\":\"https:\\\/\\\/veteraanienperinto.fi\\\/#website\"},\"datePublished\":\"2020-08-31T13:04:21+00:00\",\"dateModified\":\"2020-09-05T08:19:42+00:00\",\"breadcrumb\":{\"@id\":\"https:\\\/\\\/veteraanienperinto.fi\\\/index.php\\\/talvisota-etusivu\\\/talvisodan-kertomukset\\\/kotirintama\\\/lotta-svard\\\/laakintalotan-koettelemuksia\\\/#breadcrumb\"},\"inLanguage\":\"fi\",\"potentialAction\":[{\"@type\":\"ReadAction\",\"target\":[\"https:\\\/\\\/veteraanienperinto.fi\\\/index.php\\\/talvisota-etusivu\\\/talvisodan-kertomukset\\\/kotirintama\\\/lotta-svard\\\/laakintalotan-koettelemuksia\\\/\"]}]},{\"@type\":\"BreadcrumbList\",\"@id\":\"https:\\\/\\\/veteraanienperinto.fi\\\/index.php\\\/talvisota-etusivu\\\/talvisodan-kertomukset\\\/kotirintama\\\/lotta-svard\\\/laakintalotan-koettelemuksia\\\/#breadcrumb\",\"itemListElement\":[{\"@type\":\"ListItem\",\"position\":1,\"name\":\"Etusivu\",\"item\":\"https:\\\/\\\/veteraanienperinto.fi\\\/index.php\\\/etusivu-2\\\/\"},{\"@type\":\"ListItem\",\"position\":2,\"name\":\"Talvisota\",\"item\":\"https:\\\/\\\/veteraanienperinto.fi\\\/index.php\\\/talvisota-etusivu\\\/\"},{\"@type\":\"ListItem\",\"position\":3,\"name\":\"Talvisodan kertomukset\",\"item\":\"https:\\\/\\\/veteraanienperinto.fi\\\/index.php\\\/talvisota-etusivu\\\/talvisodan-kertomukset\\\/\"},{\"@type\":\"ListItem\",\"position\":4,\"name\":\"Kotirintama\",\"item\":\"https:\\\/\\\/veteraanienperinto.fi\\\/index.php\\\/talvisota-etusivu\\\/talvisodan-kertomukset\\\/kotirintama\\\/\"},{\"@type\":\"ListItem\",\"position\":5,\"name\":\"Lotta Sv\u00e4rd\",\"item\":\"https:\\\/\\\/veteraanienperinto.fi\\\/index.php\\\/talvisota-etusivu\\\/talvisodan-kertomukset\\\/kotirintama\\\/lotta-svard\\\/\"},{\"@type\":\"ListItem\",\"position\":6,\"name\":\"L\u00e4\u00e4kint\u00e4lotan koettelemuksia\"}]},{\"@type\":\"WebSite\",\"@id\":\"https:\\\/\\\/veteraanienperinto.fi\\\/#website\",\"url\":\"https:\\\/\\\/veteraanienperinto.fi\\\/\",\"name\":\"Veteraanien Perint\u00f6\",\"description\":\"Kadettikunta\",\"potentialAction\":[{\"@type\":\"SearchAction\",\"target\":{\"@type\":\"EntryPoint\",\"urlTemplate\":\"https:\\\/\\\/veteraanienperinto.fi\\\/?s={search_term_string}\"},\"query-input\":{\"@type\":\"PropertyValueSpecification\",\"valueRequired\":true,\"valueName\":\"search_term_string\"}}],\"inLanguage\":\"fi\"}]}<\/script>\n<!-- \/ Yoast SEO plugin. -->","yoast_head_json":{"title":"L\u00e4\u00e4kint\u00e4lotan koettelemuksia - Veteraanien Perint\u00f6","robots":{"index":"index","follow":"follow","max-snippet":"max-snippet:-1","max-image-preview":"max-image-preview:large","max-video-preview":"max-video-preview:-1"},"canonical":"https:\/\/veteraanienperinto.fi\/index.php\/talvisota-etusivu\/talvisodan-kertomukset\/kotirintama\/lotta-svard\/laakintalotan-koettelemuksia\/","og_locale":"fi_FI","og_type":"article","og_title":"L\u00e4\u00e4kint\u00e4lotan koettelemuksia - Veteraanien Perint\u00f6","og_url":"https:\/\/veteraanienperinto.fi\/index.php\/talvisota-etusivu\/talvisodan-kertomukset\/kotirintama\/lotta-svard\/laakintalotan-koettelemuksia\/","og_site_name":"Veteraanien Perint\u00f6","article_modified_time":"2020-09-05T08:19:42+00:00","twitter_card":"summary_large_image","twitter_misc":{"Arvioitu lukuaika":"5 minuuttia"},"schema":{"@context":"https:\/\/schema.org","@graph":[{"@type":"WebPage","@id":"https:\/\/veteraanienperinto.fi\/index.php\/talvisota-etusivu\/talvisodan-kertomukset\/kotirintama\/lotta-svard\/laakintalotan-koettelemuksia\/","url":"https:\/\/veteraanienperinto.fi\/index.php\/talvisota-etusivu\/talvisodan-kertomukset\/kotirintama\/lotta-svard\/laakintalotan-koettelemuksia\/","name":"L\u00e4\u00e4kint\u00e4lotan koettelemuksia - Veteraanien Perint\u00f6","isPartOf":{"@id":"https:\/\/veteraanienperinto.fi\/#website"},"datePublished":"2020-08-31T13:04:21+00:00","dateModified":"2020-09-05T08:19:42+00:00","breadcrumb":{"@id":"https:\/\/veteraanienperinto.fi\/index.php\/talvisota-etusivu\/talvisodan-kertomukset\/kotirintama\/lotta-svard\/laakintalotan-koettelemuksia\/#breadcrumb"},"inLanguage":"fi","potentialAction":[{"@type":"ReadAction","target":["https:\/\/veteraanienperinto.fi\/index.php\/talvisota-etusivu\/talvisodan-kertomukset\/kotirintama\/lotta-svard\/laakintalotan-koettelemuksia\/"]}]},{"@type":"BreadcrumbList","@id":"https:\/\/veteraanienperinto.fi\/index.php\/talvisota-etusivu\/talvisodan-kertomukset\/kotirintama\/lotta-svard\/laakintalotan-koettelemuksia\/#breadcrumb","itemListElement":[{"@type":"ListItem","position":1,"name":"Etusivu","item":"https:\/\/veteraanienperinto.fi\/index.php\/etusivu-2\/"},{"@type":"ListItem","position":2,"name":"Talvisota","item":"https:\/\/veteraanienperinto.fi\/index.php\/talvisota-etusivu\/"},{"@type":"ListItem","position":3,"name":"Talvisodan kertomukset","item":"https:\/\/veteraanienperinto.fi\/index.php\/talvisota-etusivu\/talvisodan-kertomukset\/"},{"@type":"ListItem","position":4,"name":"Kotirintama","item":"https:\/\/veteraanienperinto.fi\/index.php\/talvisota-etusivu\/talvisodan-kertomukset\/kotirintama\/"},{"@type":"ListItem","position":5,"name":"Lotta Sv\u00e4rd","item":"https:\/\/veteraanienperinto.fi\/index.php\/talvisota-etusivu\/talvisodan-kertomukset\/kotirintama\/lotta-svard\/"},{"@type":"ListItem","position":6,"name":"L\u00e4\u00e4kint\u00e4lotan koettelemuksia"}]},{"@type":"WebSite","@id":"https:\/\/veteraanienperinto.fi\/#website","url":"https:\/\/veteraanienperinto.fi\/","name":"Veteraanien Perint\u00f6","description":"Kadettikunta","potentialAction":[{"@type":"SearchAction","target":{"@type":"EntryPoint","urlTemplate":"https:\/\/veteraanienperinto.fi\/?s={search_term_string}"},"query-input":{"@type":"PropertyValueSpecification","valueRequired":true,"valueName":"search_term_string"}}],"inLanguage":"fi"}]}},"_links":{"self":[{"href":"https:\/\/veteraanienperinto.fi\/index.php\/wp-json\/wp\/v2\/pages\/2143","targetHints":{"allow":["GET"]}}],"collection":[{"href":"https:\/\/veteraanienperinto.fi\/index.php\/wp-json\/wp\/v2\/pages"}],"about":[{"href":"https:\/\/veteraanienperinto.fi\/index.php\/wp-json\/wp\/v2\/types\/page"}],"author":[{"embeddable":true,"href":"https:\/\/veteraanienperinto.fi\/index.php\/wp-json\/wp\/v2\/users\/2"}],"replies":[{"embeddable":true,"href":"https:\/\/veteraanienperinto.fi\/index.php\/wp-json\/wp\/v2\/comments?post=2143"}],"version-history":[{"count":3,"href":"https:\/\/veteraanienperinto.fi\/index.php\/wp-json\/wp\/v2\/pages\/2143\/revisions"}],"predecessor-version":[{"id":5748,"href":"https:\/\/veteraanienperinto.fi\/index.php\/wp-json\/wp\/v2\/pages\/2143\/revisions\/5748"}],"up":[{"embeddable":true,"href":"https:\/\/veteraanienperinto.fi\/index.php\/wp-json\/wp\/v2\/pages\/1903"}],"wp:attachment":[{"href":"https:\/\/veteraanienperinto.fi\/index.php\/wp-json\/wp\/v2\/media?parent=2143"}],"curies":[{"name":"wp","href":"https:\/\/api.w.org\/{rel}","templated":true}]}}