{"id":2188,"date":"2020-09-01T05:41:10","date_gmt":"2020-09-01T05:41:10","guid":{"rendered":"https:\/\/veteraani.ylirotu.fi\/?page_id=2188"},"modified":"2021-01-18T12:51:40","modified_gmt":"2021-01-18T12:51:40","slug":"sotatoimet","status":"publish","type":"page","link":"https:\/\/veteraanienperinto.fi\/index.php\/jatkosota-etusivu\/jatkosodan-kertomukset\/sotatoimet\/","title":{"rendered":"Sotatoimet"},"content":{"rendered":"\n<style type=\"text\/css\" data-created_by=\"avia_inline_auto\" id=\"style-css-av-kk2ki4eg-5c4c20ee7d9c3fbcaa3b3c20bc9dabdf\">\n#top .av-special-heading.av-kk2ki4eg-5c4c20ee7d9c3fbcaa3b3c20bc9dabdf{\npadding-bottom:10px;\n}\nbody .av-special-heading.av-kk2ki4eg-5c4c20ee7d9c3fbcaa3b3c20bc9dabdf .av-special-heading-tag .heading-char{\nfont-size:25px;\n}\n.av-special-heading.av-kk2ki4eg-5c4c20ee7d9c3fbcaa3b3c20bc9dabdf .av-subheading{\nfont-size:15px;\n}\n<\/style>\n<div  class='av-special-heading av-kk2ki4eg-5c4c20ee7d9c3fbcaa3b3c20bc9dabdf av-special-heading-h2  avia-builder-el-0  el_before_av_one_fourth  avia-builder-el-first '><h2 class='av-special-heading-tag'  itemprop=\"headline\"  >Sotatoimet<\/h2><div class=\"special-heading-border\"><div class=\"special-heading-inner-border\"><\/div><\/div><\/div>\n\n<style type=\"text\/css\" data-created_by=\"avia_inline_auto\" id=\"style-css-av-ksfeno-5c1fe0b03108719e7d85e5223537d972\">\n.flex_column.av-ksfeno-5c1fe0b03108719e7d85e5223537d972{\nborder-radius:0px 0px 0px 0px;\npadding:0px 0px 0px 0px;\n}\n<\/style>\n<div  class='flex_column av-ksfeno-5c1fe0b03108719e7d85e5223537d972 av_one_fourth  avia-builder-el-1  el_after_av_heading  el_before_av_one_fourth  first flex_column_div av-zero-column-padding  '     ><p>\n<style type=\"text\/css\" data-created_by=\"avia_inline_auto\" id=\"style-css-av-ioffac-7039cb6ed76bb53e2d7a10f900031620\">\n.avia-image-container.av-ioffac-7039cb6ed76bb53e2d7a10f900031620 img.avia_image{\nbox-shadow:none;\n}\n.avia-image-container.av-ioffac-7039cb6ed76bb53e2d7a10f900031620 .av-image-caption-overlay-center{\ncolor:#ffffff;\n}\n<\/style>\n<div  class='avia-image-container av-ioffac-7039cb6ed76bb53e2d7a10f900031620 av-styling- avia-align-center  avia-builder-el-2  el_before_av_textblock  avia-builder-el-first '   itemprop=\"image\" itemscope=\"itemscope\" itemtype=\"https:\/\/schema.org\/ImageObject\" ><div class=\"avia-image-container-inner\"><div class=\"avia-image-overlay-wrap\"><a href=\"https:\/\/veteraanienperinto.fi\/index.php\/jatkosota-etusivu\/jatkosodan-kertomukset\/sotatoimet\/korutonta-kertomaa-ii-1943\/oravapatteri-sodassa\/\" class='avia_image'  aria-label='Korutonta_kertomaa_2-300x198'><img decoding=\"async\" fetchpriority=\"high\" class='wp-image-3115 avia-img-lazy-loading-not-3115 avia_image ' src=\"https:\/\/veteraanienperinto.fi\/wp-content\/uploads\/2020\/09\/Korutonta_kertomaa_2-300x198-1-180x180.jpg\" alt='' title='Korutonta_kertomaa_2-300x198'  height=\"180\" width=\"180\"  itemprop=\"thumbnailUrl\" srcset=\"https:\/\/veteraanienperinto.fi\/wp-content\/uploads\/2020\/09\/Korutonta_kertomaa_2-300x198-1-180x180.jpg 180w, https:\/\/veteraanienperinto.fi\/wp-content\/uploads\/2020\/09\/Korutonta_kertomaa_2-300x198-1-80x80.jpg 80w, https:\/\/veteraanienperinto.fi\/wp-content\/uploads\/2020\/09\/Korutonta_kertomaa_2-300x198-1-36x36.jpg 36w\" sizes=\"(max-width: 180px) 100vw, 180px\" \/><\/a><\/div><\/div><\/div><br \/>\n<section  class='av_textblock_section av-kei871mx-e7e835bd13a282de0742ee7e7f2a4911 '   itemscope=\"itemscope\" itemtype=\"https:\/\/schema.org\/CreativeWork\" ><div class='avia_textblock'  itemprop=\"text\" ><p class=\"av-special-heading-tag \" style=\"text-align: center;\"><em>Korutonta kertomaa II Sotamuistelmia 1941-1942<\/em><\/p>\n<div class=\"special-heading-border\"><\/div>\n<\/div><\/section><\/p><\/div>\n\n<style type=\"text\/css\" data-created_by=\"avia_inline_auto\" id=\"style-css-av-ksfeno-8215d9db47204ffc846cdac3cce06590\">\n.flex_column.av-ksfeno-8215d9db47204ffc846cdac3cce06590{\nborder-radius:0px 0px 0px 0px;\npadding:0px 0px 0px 0px;\n}\n<\/style>\n<div  class='flex_column av-ksfeno-8215d9db47204ffc846cdac3cce06590 av_one_fourth  avia-builder-el-4  el_after_av_one_fourth  el_before_av_one_fourth  flex_column_div av-zero-column-padding  '     ><p>\n<style type=\"text\/css\" data-created_by=\"avia_inline_auto\" id=\"style-css-av-ioffac-f0bb54742ff7aa97c6f07cd2b2e60325\">\n.avia-image-container.av-ioffac-f0bb54742ff7aa97c6f07cd2b2e60325 img.avia_image{\nbox-shadow:none;\n}\n.avia-image-container.av-ioffac-f0bb54742ff7aa97c6f07cd2b2e60325 .av-image-caption-overlay-center{\ncolor:#ffffff;\n}\n<\/style>\n<div  class='avia-image-container av-ioffac-f0bb54742ff7aa97c6f07cd2b2e60325 av-styling- avia-align-center  avia-builder-el-5  el_before_av_textblock  avia-builder-el-first '   itemprop=\"image\" itemscope=\"itemscope\" itemtype=\"https:\/\/schema.org\/ImageObject\" ><div class=\"avia-image-container-inner\"><div class=\"avia-image-overlay-wrap\"><a href=\"https:\/\/veteraanienperinto.fi\/index.php\/jatkosota-etusivu\/jatkosodan-kertomukset\/sotatoimet\/sodan-alku\/\" class='avia_image'  aria-label='Sodan alku'><img decoding=\"async\" fetchpriority=\"high\" class='wp-image-3229 avia-img-lazy-loading-not-3229 avia_image ' src=\"https:\/\/veteraanienperinto.fi\/wp-content\/uploads\/2020\/09\/Sodan-alku-180x180.jpg\" alt='' title='Sodan alku'  height=\"180\" width=\"180\"  itemprop=\"thumbnailUrl\" srcset=\"https:\/\/veteraanienperinto.fi\/wp-content\/uploads\/2020\/09\/Sodan-alku-180x180.jpg 180w, https:\/\/veteraanienperinto.fi\/wp-content\/uploads\/2020\/09\/Sodan-alku-80x80.jpg 80w, https:\/\/veteraanienperinto.fi\/wp-content\/uploads\/2020\/09\/Sodan-alku-36x36.jpg 36w\" sizes=\"(max-width: 180px) 100vw, 180px\" \/><\/a><\/div><\/div><\/div><br \/>\n<section  class='av_textblock_section av-kei871mx-e7e835bd13a282de0742ee7e7f2a4911 '   itemscope=\"itemscope\" itemtype=\"https:\/\/schema.org\/CreativeWork\" ><div class='avia_textblock'  itemprop=\"text\" ><p style=\"text-align: center;\">Sodan alku<\/p>\n<\/div><\/section><\/p><\/div>\n\n<style type=\"text\/css\" data-created_by=\"avia_inline_auto\" id=\"style-css-av-hjkg1g-8ed626fbbd1b51422c1d3c0b98076b5f\">\n.flex_column.av-hjkg1g-8ed626fbbd1b51422c1d3c0b98076b5f{\nborder-radius:0px 0px 0px 0px;\npadding:0px 0px 0px 0px;\n}\n<\/style>\n<div  class='flex_column av-hjkg1g-8ed626fbbd1b51422c1d3c0b98076b5f av_one_fourth  avia-builder-el-7  el_after_av_one_fourth  el_before_av_one_fourth  flex_column_div av-zero-column-padding  '     ><p>\n<style type=\"text\/css\" data-created_by=\"avia_inline_auto\" id=\"style-css-av-1j5mpw-dcb4bf1a269854eb971bd404cbce14e9\">\n.avia-image-container.av-1j5mpw-dcb4bf1a269854eb971bd404cbce14e9 img.avia_image{\nbox-shadow:none;\n}\n.avia-image-container.av-1j5mpw-dcb4bf1a269854eb971bd404cbce14e9 .av-image-caption-overlay-center{\ncolor:#ffffff;\n}\n<\/style>\n<div  class='avia-image-container av-1j5mpw-dcb4bf1a269854eb971bd404cbce14e9 av-styling- avia-align-center  avia-builder-el-8  el_before_av_textblock  avia-builder-el-first '   itemprop=\"image\" itemscope=\"itemscope\" itemtype=\"https:\/\/schema.org\/ImageObject\" ><div class=\"avia-image-container-inner\"><div class=\"avia-image-overlay-wrap\"><a href=\"https:\/\/veteraanienperinto.fi\/index.php\/jatkosota-etusivu\/jatkosodan-kertomukset\/sotatoimet\/hyokkaysvaihe\/\" class='avia_image'  aria-label='Iskujoukon mies hy\u00f6kk\u00e4\u00e4.'><img decoding=\"async\" fetchpriority=\"high\" class='wp-image-3230 avia-img-lazy-loading-not-3230 avia_image ' src=\"https:\/\/veteraanienperinto.fi\/wp-content\/uploads\/2020\/09\/Hyokkays-180x180.jpg\" alt='' title='Iskujoukon mies hy\u00f6kk\u00e4\u00e4.'  height=\"180\" width=\"180\"  itemprop=\"thumbnailUrl\" srcset=\"https:\/\/veteraanienperinto.fi\/wp-content\/uploads\/2020\/09\/Hyokkays-180x180.jpg 180w, https:\/\/veteraanienperinto.fi\/wp-content\/uploads\/2020\/09\/Hyokkays-80x80.jpg 80w, https:\/\/veteraanienperinto.fi\/wp-content\/uploads\/2020\/09\/Hyokkays-36x36.jpg 36w\" sizes=\"(max-width: 180px) 100vw, 180px\" \/><\/a><\/div><\/div><\/div><br \/>\n<section  class='av_textblock_section av-kei871mx-e7e835bd13a282de0742ee7e7f2a4911 '   itemscope=\"itemscope\" itemtype=\"https:\/\/schema.org\/CreativeWork\" ><div class='avia_textblock'  itemprop=\"text\" ><p style=\"text-align: center;\">Hy\u00f6kk\u00e4ysvaihe<\/p>\n<\/div><\/section><\/p><\/div>\n\n<style type=\"text\/css\" data-created_by=\"avia_inline_auto\" id=\"style-css-av-elt050-85f5f94fc8e4e07c7e97d4f461c6e716\">\n.flex_column.av-elt050-85f5f94fc8e4e07c7e97d4f461c6e716{\nborder-radius:0px 0px 0px 0px;\npadding:0px 0px 0px 0px;\n}\n<\/style>\n<div  class='flex_column av-elt050-85f5f94fc8e4e07c7e97d4f461c6e716 av_one_fourth  avia-builder-el-10  el_after_av_one_fourth  el_before_av_one_fourth  flex_column_div av-zero-column-padding  '     ><p>\n<style type=\"text\/css\" data-created_by=\"avia_inline_auto\" id=\"style-css-av-c9l8mc-6844a85b37c1f2a8fe4725cc149539eb\">\n.avia-image-container.av-c9l8mc-6844a85b37c1f2a8fe4725cc149539eb img.avia_image{\nbox-shadow:none;\n}\n.avia-image-container.av-c9l8mc-6844a85b37c1f2a8fe4725cc149539eb .av-image-caption-overlay-center{\ncolor:#ffffff;\n}\n<\/style>\n<div  class='avia-image-container av-c9l8mc-6844a85b37c1f2a8fe4725cc149539eb av-styling- avia-align-center  avia-builder-el-11  el_before_av_textblock  avia-builder-el-first '   itemprop=\"image\" itemscope=\"itemscope\" itemtype=\"https:\/\/schema.org\/ImageObject\" ><div class=\"avia-image-container-inner\"><div class=\"avia-image-overlay-wrap\"><a href=\"https:\/\/veteraanienperinto.fi\/index.php\/jatkosota-etusivu\/jatkosodan-kertomukset\/sotatoimet\/asemasota\/\" class='avia_image'  aria-label='Er\u00e4\u00e4st\u00e4 etulinjan korsusta'><img decoding=\"async\" fetchpriority=\"high\" class='wp-image-3232 avia-img-lazy-loading-not-3232 avia_image ' src=\"https:\/\/veteraanienperinto.fi\/wp-content\/uploads\/2020\/09\/Asemasota-2-180x180.jpg\" alt='' title='Er\u00e4\u00e4st\u00e4 etulinjan korsusta'  height=\"180\" width=\"180\"  itemprop=\"thumbnailUrl\" srcset=\"https:\/\/veteraanienperinto.fi\/wp-content\/uploads\/2020\/09\/Asemasota-2-180x180.jpg 180w, https:\/\/veteraanienperinto.fi\/wp-content\/uploads\/2020\/09\/Asemasota-2-80x80.jpg 80w, https:\/\/veteraanienperinto.fi\/wp-content\/uploads\/2020\/09\/Asemasota-2-36x36.jpg 36w\" sizes=\"(max-width: 180px) 100vw, 180px\" \/><\/a><\/div><\/div><\/div><br \/>\n<section  class='av_textblock_section av-kei871mx-e7e835bd13a282de0742ee7e7f2a4911 '   itemscope=\"itemscope\" itemtype=\"https:\/\/schema.org\/CreativeWork\" ><div class='avia_textblock'  itemprop=\"text\" ><p class=\"art-postheader\" style=\"text-align: center;\">Asemasota<\/p>\n<\/div><\/section><\/p><\/div>\n\n<style type=\"text\/css\" data-created_by=\"avia_inline_auto\" id=\"style-css-av-b910d0-a5394bcd7b61411a0af76579fc65869e\">\n.flex_column.av-b910d0-a5394bcd7b61411a0af76579fc65869e{\nborder-radius:0px 0px 0px 0px;\npadding:0px 0px 0px 0px;\n}\n<\/style>\n<div  class='flex_column av-b910d0-a5394bcd7b61411a0af76579fc65869e av_one_fourth  avia-builder-el-13  el_after_av_one_fourth  el_before_av_one_fourth  first flex_column_div av-zero-column-padding  column-top-margin'     ><p>\n<style type=\"text\/css\" data-created_by=\"avia_inline_auto\" id=\"style-css-av-8ltsqc-2d8cd96e28ee8f1cec5ceef54b4e5339\">\n.avia-image-container.av-8ltsqc-2d8cd96e28ee8f1cec5ceef54b4e5339 img.avia_image{\nbox-shadow:none;\n}\n.avia-image-container.av-8ltsqc-2d8cd96e28ee8f1cec5ceef54b4e5339 .av-image-caption-overlay-center{\ncolor:#ffffff;\n}\n<\/style>\n<div  class='avia-image-container av-8ltsqc-2d8cd96e28ee8f1cec5ceef54b4e5339 av-styling- avia-align-center  avia-builder-el-14  el_before_av_textblock  avia-builder-el-first '   itemprop=\"image\" itemscope=\"itemscope\" itemtype=\"https:\/\/schema.org\/ImageObject\" ><div class=\"avia-image-container-inner\"><div class=\"avia-image-overlay-wrap\"><a href=\"https:\/\/veteraanienperinto.fi\/index.php\/jatkosota-etusivu\/jatkosodan-kertomukset\/sotatoimet\/suurhyokkayksen-torjunta\/\" class='avia_image'  aria-label='Tarkka-ampuja'><img decoding=\"async\" fetchpriority=\"high\" class='wp-image-3163 avia-img-lazy-loading-not-3163 avia_image ' src=\"https:\/\/veteraanienperinto.fi\/wp-content\/uploads\/2020\/09\/Tarkka-ampuja-180x180.jpg\" alt='' title='Tarkka-ampuja'  height=\"180\" width=\"180\"  itemprop=\"thumbnailUrl\" srcset=\"https:\/\/veteraanienperinto.fi\/wp-content\/uploads\/2020\/09\/Tarkka-ampuja-180x180.jpg 180w, https:\/\/veteraanienperinto.fi\/wp-content\/uploads\/2020\/09\/Tarkka-ampuja-80x80.jpg 80w, https:\/\/veteraanienperinto.fi\/wp-content\/uploads\/2020\/09\/Tarkka-ampuja-36x36.jpg 36w\" sizes=\"(max-width: 180px) 100vw, 180px\" \/><\/a><\/div><\/div><\/div><br \/>\n<section  class='av_textblock_section av-kei871mx-e7e835bd13a282de0742ee7e7f2a4911 '   itemscope=\"itemscope\" itemtype=\"https:\/\/schema.org\/CreativeWork\" ><div class='avia_textblock'  itemprop=\"text\" ><p style=\"text-align: center;\">Suurhy\u00f6kk\u00e4yksen torjunta<\/p>\n<\/div><\/section><\/p><\/div>\n\n<style type=\"text\/css\" data-created_by=\"avia_inline_auto\" id=\"style-css-av-b910d0-724a60779a1b11df9a4f177efab3cab8\">\n.flex_column.av-b910d0-724a60779a1b11df9a4f177efab3cab8{\nborder-radius:0px 0px 0px 0px;\npadding:0px 0px 0px 0px;\n}\n<\/style>\n<div  class='flex_column av-b910d0-724a60779a1b11df9a4f177efab3cab8 av_one_fourth  avia-builder-el-16  el_after_av_one_fourth  el_before_av_one_fourth  flex_column_div av-zero-column-padding  column-top-margin'     ><p>\n<style type=\"text\/css\" data-created_by=\"avia_inline_auto\" id=\"style-css-av-8ltsqc-0b49085bac068082949ea25f174b5d19\">\n.avia-image-container.av-8ltsqc-0b49085bac068082949ea25f174b5d19 img.avia_image{\nbox-shadow:none;\n}\n.avia-image-container.av-8ltsqc-0b49085bac068082949ea25f174b5d19 .av-image-caption-overlay-center{\ncolor:#ffffff;\n}\n<\/style>\n<div  class='avia-image-container av-8ltsqc-0b49085bac068082949ea25f174b5d19 av-styling- avia-align-center  avia-builder-el-17  el_before_av_textblock  avia-builder-el-first '   itemprop=\"image\" itemscope=\"itemscope\" itemtype=\"https:\/\/schema.org\/ImageObject\" ><div class=\"avia-image-container-inner\"><div class=\"avia-image-overlay-wrap\"><a href=\"https:\/\/veteraanienperinto.fi\/index.php\/jatkosota-etusivu\/jatkosodan-kertomukset\/sotatoimet\/suurtaistelut\/\" class='avia_image'  aria-label='Tali-Ihantala'><img decoding=\"async\" fetchpriority=\"high\" class='wp-image-3234 avia-img-lazy-loading-not-3234 avia_image ' src=\"https:\/\/veteraanienperinto.fi\/wp-content\/uploads\/2020\/09\/Tali-Ihantala-1-180x180.jpg\" alt='' title='Tali-Ihantala'  height=\"180\" width=\"180\"  itemprop=\"thumbnailUrl\" srcset=\"https:\/\/veteraanienperinto.fi\/wp-content\/uploads\/2020\/09\/Tali-Ihantala-1-180x180.jpg 180w, https:\/\/veteraanienperinto.fi\/wp-content\/uploads\/2020\/09\/Tali-Ihantala-1-80x80.jpg 80w, https:\/\/veteraanienperinto.fi\/wp-content\/uploads\/2020\/09\/Tali-Ihantala-1-36x36.jpg 36w\" sizes=\"(max-width: 180px) 100vw, 180px\" \/><\/a><\/div><\/div><\/div><br \/>\n<section  class='av_textblock_section av-kei871mx-e7e835bd13a282de0742ee7e7f2a4911 '   itemscope=\"itemscope\" itemtype=\"https:\/\/schema.org\/CreativeWork\" ><div class='avia_textblock'  itemprop=\"text\" ><p style=\"text-align: center;\">Suurtaistelut<\/p>\n<\/div><\/section><\/p><\/div>\n\n<style type=\"text\/css\" data-created_by=\"avia_inline_auto\" id=\"style-css-av-b910d0-724a60779a1b11df9a4f177efab3cab8\">\n.flex_column.av-b910d0-724a60779a1b11df9a4f177efab3cab8{\nborder-radius:0px 0px 0px 0px;\npadding:0px 0px 0px 0px;\n}\n<\/style>\n<div  class='flex_column av-b910d0-724a60779a1b11df9a4f177efab3cab8 av_one_fourth  avia-builder-el-19  el_after_av_one_fourth  el_before_av_one_fourth  flex_column_div av-zero-column-padding  column-top-margin'     ><p>\n<style type=\"text\/css\" data-created_by=\"avia_inline_auto\" id=\"style-css-av-8ltsqc-81da4646d879f4234dcbb3d10f78c9d6\">\n.avia-image-container.av-8ltsqc-81da4646d879f4234dcbb3d10f78c9d6 img.avia_image{\nbox-shadow:none;\n}\n.avia-image-container.av-8ltsqc-81da4646d879f4234dcbb3d10f78c9d6 .av-image-caption-overlay-center{\ncolor:#ffffff;\n}\n<\/style>\n<div  class='avia-image-container av-8ltsqc-81da4646d879f4234dcbb3d10f78c9d6 av-styling- avia-align-center  avia-builder-el-20  el_before_av_textblock  avia-builder-el-first '   itemprop=\"image\" itemscope=\"itemscope\" itemtype=\"https:\/\/schema.org\/ImageObject\" ><div class=\"avia-image-container-inner\"><div class=\"avia-image-overlay-wrap\"><a href=\"https:\/\/veteraanienperinto.fi\/index.php\/jatkosota-etusivu\/jatkosota_sotatoimet\/viimeiset-voitot\/\" class='avia_image'  aria-label='Voitot'><img decoding=\"async\" fetchpriority=\"high\" class='wp-image-3235 avia-img-lazy-loading-not-3235 avia_image ' src=\"https:\/\/veteraanienperinto.fi\/wp-content\/uploads\/2020\/09\/Voitot-180x180.jpg\" alt='' title='Voitot'  height=\"180\" width=\"180\"  itemprop=\"thumbnailUrl\" srcset=\"https:\/\/veteraanienperinto.fi\/wp-content\/uploads\/2020\/09\/Voitot-180x180.jpg 180w, https:\/\/veteraanienperinto.fi\/wp-content\/uploads\/2020\/09\/Voitot-80x80.jpg 80w, https:\/\/veteraanienperinto.fi\/wp-content\/uploads\/2020\/09\/Voitot-36x36.jpg 36w\" sizes=\"(max-width: 180px) 100vw, 180px\" \/><\/a><\/div><\/div><\/div><br \/>\n<section  class='av_textblock_section av-kei871mx-e7e835bd13a282de0742ee7e7f2a4911 '   itemscope=\"itemscope\" itemtype=\"https:\/\/schema.org\/CreativeWork\" ><div class='avia_textblock'  itemprop=\"text\" ><p style=\"text-align: center;\">Viimeiset voitot<\/p>\n<\/div><\/section><\/p><\/div>\n\n<style type=\"text\/css\" data-created_by=\"avia_inline_auto\" id=\"style-css-av-b910d0-724a60779a1b11df9a4f177efab3cab8\">\n.flex_column.av-b910d0-724a60779a1b11df9a4f177efab3cab8{\nborder-radius:0px 0px 0px 0px;\npadding:0px 0px 0px 0px;\n}\n<\/style>\n<div  class='flex_column av-b910d0-724a60779a1b11df9a4f177efab3cab8 av_one_fourth  avia-builder-el-22  el_after_av_one_fourth  avia-builder-el-last  flex_column_div av-zero-column-padding  column-top-margin'     ><p>\n<style type=\"text\/css\" data-created_by=\"avia_inline_auto\" id=\"style-css-av-8ltsqc-cb9ad84904501752445d8950605a08f1\">\n.avia-image-container.av-8ltsqc-cb9ad84904501752445d8950605a08f1 img.avia_image{\nbox-shadow:none;\n}\n.avia-image-container.av-8ltsqc-cb9ad84904501752445d8950605a08f1 .av-image-caption-overlay-center{\ncolor:#ffffff;\n}\n<\/style>\n<div  class='avia-image-container av-8ltsqc-cb9ad84904501752445d8950605a08f1 av-styling- avia-align-center  avia-builder-el-23  el_before_av_textblock  avia-builder-el-first '   itemprop=\"image\" itemscope=\"itemscope\" itemtype=\"https:\/\/schema.org\/ImageObject\" ><div class=\"avia-image-container-inner\"><div class=\"avia-image-overlay-wrap\"><a href=\"https:\/\/veteraanienperinto.fi\/index.php\/jatkosota-etusivu\/jatkosodan-kertomukset\/sotatoimet\/aselepo\/\" class='avia_image'  aria-label='aselepo 2'><img decoding=\"async\" fetchpriority=\"high\" class='wp-image-3191 avia-img-lazy-loading-not-3191 avia_image ' src=\"https:\/\/veteraanienperinto.fi\/wp-content\/uploads\/2020\/09\/aselepo-2-180x180.jpg\" alt='' title='aselepo 2'  height=\"180\" width=\"180\"  itemprop=\"thumbnailUrl\" srcset=\"https:\/\/veteraanienperinto.fi\/wp-content\/uploads\/2020\/09\/aselepo-2-180x180.jpg 180w, https:\/\/veteraanienperinto.fi\/wp-content\/uploads\/2020\/09\/aselepo-2-80x80.jpg 80w, https:\/\/veteraanienperinto.fi\/wp-content\/uploads\/2020\/09\/aselepo-2-36x36.jpg 36w\" sizes=\"(max-width: 180px) 100vw, 180px\" \/><\/a><\/div><\/div><\/div><br \/>\n<section  class='av_textblock_section av-kei871mx-e7e835bd13a282de0742ee7e7f2a4911 '   itemscope=\"itemscope\" itemtype=\"https:\/\/schema.org\/CreativeWork\" ><div class='avia_textblock'  itemprop=\"text\" ><p style=\"text-align: center;\">Aselepo<\/p>\n<\/div><\/section><\/p><\/div>\n","protected":false},"excerpt":{"rendered":"","protected":false},"author":2,"featured_media":0,"parent":2176,"menu_order":1,"comment_status":"closed","ping_status":"closed","template":"","meta":{"footnotes":""},"class_list":["post-2188","page","type-page","status-publish","hentry"],"yoast_head":"<!-- This site is optimized with the Yoast SEO plugin v27.6 - https:\/\/yoast.com\/product\/yoast-seo-wordpress\/ -->\n<title>Sotatoimet - Veteraanien Perint\u00f6<\/title>\n<meta name=\"robots\" content=\"index, follow, max-snippet:-1, max-image-preview:large, max-video-preview:-1\" \/>\n<link rel=\"canonical\" href=\"https:\/\/veteraanienperinto.fi\/index.php\/jatkosota-etusivu\/jatkosodan-kertomukset\/sotatoimet\/\" \/>\n<meta property=\"og:locale\" content=\"fi_FI\" \/>\n<meta property=\"og:type\" content=\"article\" \/>\n<meta property=\"og:title\" content=\"Sotatoimet - Veteraanien Perint\u00f6\" \/>\n<meta property=\"og:url\" content=\"https:\/\/veteraanienperinto.fi\/index.php\/jatkosota-etusivu\/jatkosodan-kertomukset\/sotatoimet\/\" \/>\n<meta property=\"og:site_name\" content=\"Veteraanien Perint\u00f6\" \/>\n<meta property=\"article:modified_time\" content=\"2021-01-18T12:51:40+00:00\" \/>\n<meta name=\"twitter:card\" content=\"summary_large_image\" \/>\n<meta name=\"twitter:label1\" content=\"Arvioitu lukuaika\" \/>\n\t<meta name=\"twitter:data1\" content=\"9 minuuttia\" \/>\n<script type=\"application\/ld+json\" class=\"yoast-schema-graph\">{\"@context\":\"https:\\\/\\\/schema.org\",\"@graph\":[{\"@type\":\"WebPage\",\"@id\":\"https:\\\/\\\/veteraanienperinto.fi\\\/index.php\\\/jatkosota-etusivu\\\/jatkosodan-kertomukset\\\/sotatoimet\\\/\",\"url\":\"https:\\\/\\\/veteraanienperinto.fi\\\/index.php\\\/jatkosota-etusivu\\\/jatkosodan-kertomukset\\\/sotatoimet\\\/\",\"name\":\"Sotatoimet - Veteraanien Perint\u00f6\",\"isPartOf\":{\"@id\":\"https:\\\/\\\/veteraanienperinto.fi\\\/#website\"},\"datePublished\":\"2020-09-01T05:41:10+00:00\",\"dateModified\":\"2021-01-18T12:51:40+00:00\",\"breadcrumb\":{\"@id\":\"https:\\\/\\\/veteraanienperinto.fi\\\/index.php\\\/jatkosota-etusivu\\\/jatkosodan-kertomukset\\\/sotatoimet\\\/#breadcrumb\"},\"inLanguage\":\"fi\",\"potentialAction\":[{\"@type\":\"ReadAction\",\"target\":[\"https:\\\/\\\/veteraanienperinto.fi\\\/index.php\\\/jatkosota-etusivu\\\/jatkosodan-kertomukset\\\/sotatoimet\\\/\"]}]},{\"@type\":\"BreadcrumbList\",\"@id\":\"https:\\\/\\\/veteraanienperinto.fi\\\/index.php\\\/jatkosota-etusivu\\\/jatkosodan-kertomukset\\\/sotatoimet\\\/#breadcrumb\",\"itemListElement\":[{\"@type\":\"ListItem\",\"position\":1,\"name\":\"Etusivu\",\"item\":\"https:\\\/\\\/veteraanienperinto.fi\\\/index.php\\\/etusivu-2\\\/\"},{\"@type\":\"ListItem\",\"position\":2,\"name\":\"Jatkosota &#8211; etusivu\",\"item\":\"https:\\\/\\\/veteraanienperinto.fi\\\/index.php\\\/jatkosota-etusivu\\\/\"},{\"@type\":\"ListItem\",\"position\":3,\"name\":\"Jatkosodan kertomukset\",\"item\":\"https:\\\/\\\/veteraanienperinto.fi\\\/index.php\\\/jatkosota-etusivu\\\/jatkosodan-kertomukset\\\/\"},{\"@type\":\"ListItem\",\"position\":4,\"name\":\"Sotatoimet\"}]},{\"@type\":\"WebSite\",\"@id\":\"https:\\\/\\\/veteraanienperinto.fi\\\/#website\",\"url\":\"https:\\\/\\\/veteraanienperinto.fi\\\/\",\"name\":\"Veteraanien Perint\u00f6\",\"description\":\"Kadettikunta\",\"potentialAction\":[{\"@type\":\"SearchAction\",\"target\":{\"@type\":\"EntryPoint\",\"urlTemplate\":\"https:\\\/\\\/veteraanienperinto.fi\\\/?s={search_term_string}\"},\"query-input\":{\"@type\":\"PropertyValueSpecification\",\"valueRequired\":true,\"valueName\":\"search_term_string\"}}],\"inLanguage\":\"fi\"}]}<\/script>\n<!-- \/ Yoast SEO plugin. -->","yoast_head_json":{"title":"Sotatoimet - Veteraanien Perint\u00f6","robots":{"index":"index","follow":"follow","max-snippet":"max-snippet:-1","max-image-preview":"max-image-preview:large","max-video-preview":"max-video-preview:-1"},"canonical":"https:\/\/veteraanienperinto.fi\/index.php\/jatkosota-etusivu\/jatkosodan-kertomukset\/sotatoimet\/","og_locale":"fi_FI","og_type":"article","og_title":"Sotatoimet - Veteraanien Perint\u00f6","og_url":"https:\/\/veteraanienperinto.fi\/index.php\/jatkosota-etusivu\/jatkosodan-kertomukset\/sotatoimet\/","og_site_name":"Veteraanien Perint\u00f6","article_modified_time":"2021-01-18T12:51:40+00:00","twitter_card":"summary_large_image","twitter_misc":{"Arvioitu lukuaika":"9 minuuttia"},"schema":{"@context":"https:\/\/schema.org","@graph":[{"@type":"WebPage","@id":"https:\/\/veteraanienperinto.fi\/index.php\/jatkosota-etusivu\/jatkosodan-kertomukset\/sotatoimet\/","url":"https:\/\/veteraanienperinto.fi\/index.php\/jatkosota-etusivu\/jatkosodan-kertomukset\/sotatoimet\/","name":"Sotatoimet - Veteraanien Perint\u00f6","isPartOf":{"@id":"https:\/\/veteraanienperinto.fi\/#website"},"datePublished":"2020-09-01T05:41:10+00:00","dateModified":"2021-01-18T12:51:40+00:00","breadcrumb":{"@id":"https:\/\/veteraanienperinto.fi\/index.php\/jatkosota-etusivu\/jatkosodan-kertomukset\/sotatoimet\/#breadcrumb"},"inLanguage":"fi","potentialAction":[{"@type":"ReadAction","target":["https:\/\/veteraanienperinto.fi\/index.php\/jatkosota-etusivu\/jatkosodan-kertomukset\/sotatoimet\/"]}]},{"@type":"BreadcrumbList","@id":"https:\/\/veteraanienperinto.fi\/index.php\/jatkosota-etusivu\/jatkosodan-kertomukset\/sotatoimet\/#breadcrumb","itemListElement":[{"@type":"ListItem","position":1,"name":"Etusivu","item":"https:\/\/veteraanienperinto.fi\/index.php\/etusivu-2\/"},{"@type":"ListItem","position":2,"name":"Jatkosota &#8211; etusivu","item":"https:\/\/veteraanienperinto.fi\/index.php\/jatkosota-etusivu\/"},{"@type":"ListItem","position":3,"name":"Jatkosodan kertomukset","item":"https:\/\/veteraanienperinto.fi\/index.php\/jatkosota-etusivu\/jatkosodan-kertomukset\/"},{"@type":"ListItem","position":4,"name":"Sotatoimet"}]},{"@type":"WebSite","@id":"https:\/\/veteraanienperinto.fi\/#website","url":"https:\/\/veteraanienperinto.fi\/","name":"Veteraanien Perint\u00f6","description":"Kadettikunta","potentialAction":[{"@type":"SearchAction","target":{"@type":"EntryPoint","urlTemplate":"https:\/\/veteraanienperinto.fi\/?s={search_term_string}"},"query-input":{"@type":"PropertyValueSpecification","valueRequired":true,"valueName":"search_term_string"}}],"inLanguage":"fi"}]}},"_links":{"self":[{"href":"https:\/\/veteraanienperinto.fi\/index.php\/wp-json\/wp\/v2\/pages\/2188","targetHints":{"allow":["GET"]}}],"collection":[{"href":"https:\/\/veteraanienperinto.fi\/index.php\/wp-json\/wp\/v2\/pages"}],"about":[{"href":"https:\/\/veteraanienperinto.fi\/index.php\/wp-json\/wp\/v2\/types\/page"}],"author":[{"embeddable":true,"href":"https:\/\/veteraanienperinto.fi\/index.php\/wp-json\/wp\/v2\/users\/2"}],"replies":[{"embeddable":true,"href":"https:\/\/veteraanienperinto.fi\/index.php\/wp-json\/wp\/v2\/comments?post=2188"}],"version-history":[{"count":12,"href":"https:\/\/veteraanienperinto.fi\/index.php\/wp-json\/wp\/v2\/pages\/2188\/revisions"}],"predecessor-version":[{"id":9694,"href":"https:\/\/veteraanienperinto.fi\/index.php\/wp-json\/wp\/v2\/pages\/2188\/revisions\/9694"}],"up":[{"embeddable":true,"href":"https:\/\/veteraanienperinto.fi\/index.php\/wp-json\/wp\/v2\/pages\/2176"}],"wp:attachment":[{"href":"https:\/\/veteraanienperinto.fi\/index.php\/wp-json\/wp\/v2\/media?parent=2188"}],"curies":[{"name":"wp","href":"https:\/\/api.w.org\/{rel}","templated":true}]}}