{"id":2239,"date":"2020-09-01T06:28:00","date_gmt":"2020-09-01T06:28:00","guid":{"rendered":"https:\/\/veteraani.ylirotu.fi\/?page_id=2239"},"modified":"2020-09-04T07:25:39","modified_gmt":"2020-09-04T07:25:39","slug":"kutsu-ylimaaraisiin-harjoituksiin","status":"publish","type":"page","link":"https:\/\/veteraanienperinto.fi\/index.php\/jatkosota-etusivu\/jatkosodan-kertomukset\/valirauhan-aika\/sota-lahestyy\/kutsu-ylimaaraisiin-harjoituksiin\/","title":{"rendered":"Kutsu ylim\u00e4\u00e4r\u00e4isiin harjoituksiin"},"content":{"rendered":"\n<style type=\"text\/css\" data-created_by=\"avia_inline_auto\" id=\"style-css-av-kejkksml-9111e4d129f4b121a156998ea9d65a3a\">\n#top .av-special-heading.av-kejkksml-9111e4d129f4b121a156998ea9d65a3a{\npadding-bottom:10px;\n}\nbody .av-special-heading.av-kejkksml-9111e4d129f4b121a156998ea9d65a3a .av-special-heading-tag .heading-char{\nfont-size:25px;\n}\n.av-special-heading.av-kejkksml-9111e4d129f4b121a156998ea9d65a3a .av-subheading{\nfont-size:15px;\n}\n<\/style>\n<div  class='av-special-heading av-kejkksml-9111e4d129f4b121a156998ea9d65a3a av-special-heading-h3  avia-builder-el-0  el_before_av_textblock  avia-builder-el-first '><h3 class='av-special-heading-tag'  itemprop=\"headline\"  >Kutsu ylim\u00e4\u00e4r\u00e4isiin harjoituksiin<\/h3><div class=\"special-heading-border\"><div class=\"special-heading-inner-border\"><\/div><\/div><\/div>\n<section  class='av_textblock_section av-kei9w74n-7b0f008125a778f48432b9a614d90d0f '   itemscope=\"itemscope\" itemtype=\"https:\/\/schema.org\/CreativeWork\" ><div class='avia_textblock'  itemprop=\"text\" ><p><strong>Kaleva M\u00e4ntysaari:<\/strong><\/p>\n<p>On ilta, seitsem\u00e4stoista kes\u00e4kuuta 1941. Viestinviej\u00e4 ajaa py\u00f6r\u00e4ll\u00e4\u00e4n mets\u00e4tiet\u00e4 ja p\u00e4\u00e4tyy harmaan m\u00f6kin pihakoivujen alle. J\u00e4ntev\u00e4 k\u00e4si kolkuttaa varovasti saranoillaan riippuvaan oveen. Alusvaatteillaan oleva uninen, keski-ik\u00e4inen mies ilmestyy oviaukkoon.<\/p>\n<p>&#8211; Iltaa vaan. Olisi k\u00e4sky taas harjoituksiin. Huomenna on jo ilmoittauduttava kirkolla.<\/p>\n<p>&#8211; Eih\u00e4n minusta en\u00e4\u00e4 sotaan, mutta l\u00e4hdett\u00e4v\u00e4h\u00e4n sit\u00e4 on, kun kerran k\u00e4sket\u00e4\u00e4n. Kaipa sit\u00e4 jossakin hommassa p\u00e4rj\u00e4\u00e4.<\/p>\n<p>Py\u00f6r\u00e4ilij\u00e4 heilauttaa k\u00e4tt\u00e4\u00e4n ja katoaa kes\u00e4y\u00f6n h\u00e4m\u00e4r\u00e4\u00e4n.<\/p>\n<p>M\u00f6kinmies j\u00e4\u00e4 seisomaan oviaukkoon. Katse kiert\u00e4\u00e4 kivist\u00e4 pihamaata, pys\u00e4htyy hetkeksi r\u00e4nsistyneeseen navettaan, liukuu kaivonvintin kautta pihapeltoon ja hyv\u00e4ilee kasteessa nuokkuvia rukiint\u00e4hki\u00e4. Lehm\u00e4 yn\u00e4ht\u00e4\u00e4 tarhassa. Sille kun saisi ruokaa talven varalle.<\/p>\n<p>Mies k\u00e4y nostamassa perunatilkun p\u00e4\u00e4h\u00e4n j\u00e4\u00e4neen sahran vajaan, luo viel\u00e4 katseen uniseen pihaan ja astuu tupaan. Vaimo on noussut imett\u00e4m\u00e4\u00e4n nuorinta lastaan. Viisi vanhempaa nukkuu rauhallista untaan. Karkea k\u00e4si silitt\u00e4\u00e4 nuorimman p\u00e4\u00e4t\u00e4. Vaimo katsoo kummeksuen, sill\u00e4 sit\u00e4 ei ole usein tapahtunut.<\/p>\n<p>&#8211; Katsohan jotakin ev\u00e4st\u00e4 v\u00e4h\u00e4sen. Aamulla olisi l\u00e4hdett\u00e4v\u00e4 &#8211; sotaan.<\/p>\n<p>Puhe tulee v\u00e4kin\u00e4isesti. Mies juttelee harvakseen kuin jostakin jokap\u00e4iv\u00e4isest\u00e4 asiasta. Vaimo puolestaan ei kysele. H\u00e4n puristaa nuorintaan vasten syd\u00e4nt\u00e4\u00e4n, jota raastaa tuska ja jonka alla jo uusi el\u00e4m\u00e4 liikkuu.<\/p>\n<\/div><\/section>\n","protected":false},"excerpt":{"rendered":"","protected":false},"author":2,"featured_media":0,"parent":2197,"menu_order":2,"comment_status":"closed","ping_status":"closed","template":"","meta":{"footnotes":""},"class_list":["post-2239","page","type-page","status-publish","hentry"],"yoast_head":"<!-- This site is optimized with the Yoast SEO plugin v27.6 - https:\/\/yoast.com\/product\/yoast-seo-wordpress\/ -->\n<title>Kutsu ylim\u00e4\u00e4r\u00e4isiin harjoituksiin - Veteraanien Perint\u00f6<\/title>\n<meta name=\"robots\" content=\"index, follow, max-snippet:-1, max-image-preview:large, max-video-preview:-1\" \/>\n<link rel=\"canonical\" href=\"https:\/\/veteraanienperinto.fi\/index.php\/jatkosota-etusivu\/jatkosodan-kertomukset\/valirauhan-aika\/sota-lahestyy\/kutsu-ylimaaraisiin-harjoituksiin\/\" \/>\n<meta property=\"og:locale\" content=\"fi_FI\" \/>\n<meta property=\"og:type\" content=\"article\" \/>\n<meta property=\"og:title\" content=\"Kutsu ylim\u00e4\u00e4r\u00e4isiin harjoituksiin - Veteraanien Perint\u00f6\" \/>\n<meta property=\"og:url\" content=\"https:\/\/veteraanienperinto.fi\/index.php\/jatkosota-etusivu\/jatkosodan-kertomukset\/valirauhan-aika\/sota-lahestyy\/kutsu-ylimaaraisiin-harjoituksiin\/\" \/>\n<meta property=\"og:site_name\" content=\"Veteraanien Perint\u00f6\" \/>\n<meta property=\"article:modified_time\" content=\"2020-09-04T07:25:39+00:00\" \/>\n<meta name=\"twitter:card\" content=\"summary_large_image\" \/>\n<meta name=\"twitter:label1\" content=\"Arvioitu lukuaika\" \/>\n\t<meta name=\"twitter:data1\" content=\"2 minuuttia\" \/>\n<script type=\"application\/ld+json\" class=\"yoast-schema-graph\">{\"@context\":\"https:\\\/\\\/schema.org\",\"@graph\":[{\"@type\":\"WebPage\",\"@id\":\"https:\\\/\\\/veteraanienperinto.fi\\\/index.php\\\/jatkosota-etusivu\\\/jatkosodan-kertomukset\\\/valirauhan-aika\\\/sota-lahestyy\\\/kutsu-ylimaaraisiin-harjoituksiin\\\/\",\"url\":\"https:\\\/\\\/veteraanienperinto.fi\\\/index.php\\\/jatkosota-etusivu\\\/jatkosodan-kertomukset\\\/valirauhan-aika\\\/sota-lahestyy\\\/kutsu-ylimaaraisiin-harjoituksiin\\\/\",\"name\":\"Kutsu ylim\u00e4\u00e4r\u00e4isiin harjoituksiin - Veteraanien Perint\u00f6\",\"isPartOf\":{\"@id\":\"https:\\\/\\\/veteraanienperinto.fi\\\/#website\"},\"datePublished\":\"2020-09-01T06:28:00+00:00\",\"dateModified\":\"2020-09-04T07:25:39+00:00\",\"breadcrumb\":{\"@id\":\"https:\\\/\\\/veteraanienperinto.fi\\\/index.php\\\/jatkosota-etusivu\\\/jatkosodan-kertomukset\\\/valirauhan-aika\\\/sota-lahestyy\\\/kutsu-ylimaaraisiin-harjoituksiin\\\/#breadcrumb\"},\"inLanguage\":\"fi\",\"potentialAction\":[{\"@type\":\"ReadAction\",\"target\":[\"https:\\\/\\\/veteraanienperinto.fi\\\/index.php\\\/jatkosota-etusivu\\\/jatkosodan-kertomukset\\\/valirauhan-aika\\\/sota-lahestyy\\\/kutsu-ylimaaraisiin-harjoituksiin\\\/\"]}]},{\"@type\":\"BreadcrumbList\",\"@id\":\"https:\\\/\\\/veteraanienperinto.fi\\\/index.php\\\/jatkosota-etusivu\\\/jatkosodan-kertomukset\\\/valirauhan-aika\\\/sota-lahestyy\\\/kutsu-ylimaaraisiin-harjoituksiin\\\/#breadcrumb\",\"itemListElement\":[{\"@type\":\"ListItem\",\"position\":1,\"name\":\"Etusivu\",\"item\":\"https:\\\/\\\/veteraanienperinto.fi\\\/index.php\\\/etusivu-2\\\/\"},{\"@type\":\"ListItem\",\"position\":2,\"name\":\"Jatkosota &#8211; etusivu\",\"item\":\"https:\\\/\\\/veteraanienperinto.fi\\\/index.php\\\/jatkosota-etusivu\\\/\"},{\"@type\":\"ListItem\",\"position\":3,\"name\":\"Jatkosodan kertomukset\",\"item\":\"https:\\\/\\\/veteraanienperinto.fi\\\/index.php\\\/jatkosota-etusivu\\\/jatkosodan-kertomukset\\\/\"},{\"@type\":\"ListItem\",\"position\":4,\"name\":\"V\u00e4lirauhan aika\",\"item\":\"https:\\\/\\\/veteraanienperinto.fi\\\/index.php\\\/jatkosota-etusivu\\\/jatkosodan-kertomukset\\\/valirauhan-aika\\\/\"},{\"@type\":\"ListItem\",\"position\":5,\"name\":\"Sota l\u00e4hestyy\",\"item\":\"https:\\\/\\\/veteraanienperinto.fi\\\/index.php\\\/jatkosota-etusivu\\\/jatkosodan-kertomukset\\\/valirauhan-aika\\\/sota-lahestyy\\\/\"},{\"@type\":\"ListItem\",\"position\":6,\"name\":\"Kutsu ylim\u00e4\u00e4r\u00e4isiin harjoituksiin\"}]},{\"@type\":\"WebSite\",\"@id\":\"https:\\\/\\\/veteraanienperinto.fi\\\/#website\",\"url\":\"https:\\\/\\\/veteraanienperinto.fi\\\/\",\"name\":\"Veteraanien Perint\u00f6\",\"description\":\"Kadettikunta\",\"potentialAction\":[{\"@type\":\"SearchAction\",\"target\":{\"@type\":\"EntryPoint\",\"urlTemplate\":\"https:\\\/\\\/veteraanienperinto.fi\\\/?s={search_term_string}\"},\"query-input\":{\"@type\":\"PropertyValueSpecification\",\"valueRequired\":true,\"valueName\":\"search_term_string\"}}],\"inLanguage\":\"fi\"}]}<\/script>\n<!-- \/ Yoast SEO plugin. -->","yoast_head_json":{"title":"Kutsu ylim\u00e4\u00e4r\u00e4isiin harjoituksiin - Veteraanien Perint\u00f6","robots":{"index":"index","follow":"follow","max-snippet":"max-snippet:-1","max-image-preview":"max-image-preview:large","max-video-preview":"max-video-preview:-1"},"canonical":"https:\/\/veteraanienperinto.fi\/index.php\/jatkosota-etusivu\/jatkosodan-kertomukset\/valirauhan-aika\/sota-lahestyy\/kutsu-ylimaaraisiin-harjoituksiin\/","og_locale":"fi_FI","og_type":"article","og_title":"Kutsu ylim\u00e4\u00e4r\u00e4isiin harjoituksiin - Veteraanien Perint\u00f6","og_url":"https:\/\/veteraanienperinto.fi\/index.php\/jatkosota-etusivu\/jatkosodan-kertomukset\/valirauhan-aika\/sota-lahestyy\/kutsu-ylimaaraisiin-harjoituksiin\/","og_site_name":"Veteraanien Perint\u00f6","article_modified_time":"2020-09-04T07:25:39+00:00","twitter_card":"summary_large_image","twitter_misc":{"Arvioitu lukuaika":"2 minuuttia"},"schema":{"@context":"https:\/\/schema.org","@graph":[{"@type":"WebPage","@id":"https:\/\/veteraanienperinto.fi\/index.php\/jatkosota-etusivu\/jatkosodan-kertomukset\/valirauhan-aika\/sota-lahestyy\/kutsu-ylimaaraisiin-harjoituksiin\/","url":"https:\/\/veteraanienperinto.fi\/index.php\/jatkosota-etusivu\/jatkosodan-kertomukset\/valirauhan-aika\/sota-lahestyy\/kutsu-ylimaaraisiin-harjoituksiin\/","name":"Kutsu ylim\u00e4\u00e4r\u00e4isiin harjoituksiin - Veteraanien Perint\u00f6","isPartOf":{"@id":"https:\/\/veteraanienperinto.fi\/#website"},"datePublished":"2020-09-01T06:28:00+00:00","dateModified":"2020-09-04T07:25:39+00:00","breadcrumb":{"@id":"https:\/\/veteraanienperinto.fi\/index.php\/jatkosota-etusivu\/jatkosodan-kertomukset\/valirauhan-aika\/sota-lahestyy\/kutsu-ylimaaraisiin-harjoituksiin\/#breadcrumb"},"inLanguage":"fi","potentialAction":[{"@type":"ReadAction","target":["https:\/\/veteraanienperinto.fi\/index.php\/jatkosota-etusivu\/jatkosodan-kertomukset\/valirauhan-aika\/sota-lahestyy\/kutsu-ylimaaraisiin-harjoituksiin\/"]}]},{"@type":"BreadcrumbList","@id":"https:\/\/veteraanienperinto.fi\/index.php\/jatkosota-etusivu\/jatkosodan-kertomukset\/valirauhan-aika\/sota-lahestyy\/kutsu-ylimaaraisiin-harjoituksiin\/#breadcrumb","itemListElement":[{"@type":"ListItem","position":1,"name":"Etusivu","item":"https:\/\/veteraanienperinto.fi\/index.php\/etusivu-2\/"},{"@type":"ListItem","position":2,"name":"Jatkosota &#8211; etusivu","item":"https:\/\/veteraanienperinto.fi\/index.php\/jatkosota-etusivu\/"},{"@type":"ListItem","position":3,"name":"Jatkosodan kertomukset","item":"https:\/\/veteraanienperinto.fi\/index.php\/jatkosota-etusivu\/jatkosodan-kertomukset\/"},{"@type":"ListItem","position":4,"name":"V\u00e4lirauhan aika","item":"https:\/\/veteraanienperinto.fi\/index.php\/jatkosota-etusivu\/jatkosodan-kertomukset\/valirauhan-aika\/"},{"@type":"ListItem","position":5,"name":"Sota l\u00e4hestyy","item":"https:\/\/veteraanienperinto.fi\/index.php\/jatkosota-etusivu\/jatkosodan-kertomukset\/valirauhan-aika\/sota-lahestyy\/"},{"@type":"ListItem","position":6,"name":"Kutsu ylim\u00e4\u00e4r\u00e4isiin harjoituksiin"}]},{"@type":"WebSite","@id":"https:\/\/veteraanienperinto.fi\/#website","url":"https:\/\/veteraanienperinto.fi\/","name":"Veteraanien Perint\u00f6","description":"Kadettikunta","potentialAction":[{"@type":"SearchAction","target":{"@type":"EntryPoint","urlTemplate":"https:\/\/veteraanienperinto.fi\/?s={search_term_string}"},"query-input":{"@type":"PropertyValueSpecification","valueRequired":true,"valueName":"search_term_string"}}],"inLanguage":"fi"}]}},"_links":{"self":[{"href":"https:\/\/veteraanienperinto.fi\/index.php\/wp-json\/wp\/v2\/pages\/2239","targetHints":{"allow":["GET"]}}],"collection":[{"href":"https:\/\/veteraanienperinto.fi\/index.php\/wp-json\/wp\/v2\/pages"}],"about":[{"href":"https:\/\/veteraanienperinto.fi\/index.php\/wp-json\/wp\/v2\/types\/page"}],"author":[{"embeddable":true,"href":"https:\/\/veteraanienperinto.fi\/index.php\/wp-json\/wp\/v2\/users\/2"}],"replies":[{"embeddable":true,"href":"https:\/\/veteraanienperinto.fi\/index.php\/wp-json\/wp\/v2\/comments?post=2239"}],"version-history":[{"count":3,"href":"https:\/\/veteraanienperinto.fi\/index.php\/wp-json\/wp\/v2\/pages\/2239\/revisions"}],"predecessor-version":[{"id":5896,"href":"https:\/\/veteraanienperinto.fi\/index.php\/wp-json\/wp\/v2\/pages\/2239\/revisions\/5896"}],"up":[{"embeddable":true,"href":"https:\/\/veteraanienperinto.fi\/index.php\/wp-json\/wp\/v2\/pages\/2197"}],"wp:attachment":[{"href":"https:\/\/veteraanienperinto.fi\/index.php\/wp-json\/wp\/v2\/media?parent=2239"}],"curies":[{"name":"wp","href":"https:\/\/api.w.org\/{rel}","templated":true}]}}