{"id":2250,"date":"2020-09-01T06:37:19","date_gmt":"2020-09-01T06:37:19","guid":{"rendered":"https:\/\/veteraani.ylirotu.fi\/?page_id=2250"},"modified":"2020-09-01T06:37:19","modified_gmt":"2020-09-01T06:37:19","slug":"haavoittuminen-ristseppalassa","status":"publish","type":"page","link":"https:\/\/veteraanienperinto.fi\/index.php\/jatkosota-etusivu\/jatkosodan-kertomukset\/sotatoimet\/sodan-alku\/haavoittuminen-ristseppalassa\/","title":{"rendered":"Haavoittuminen Ristsepp\u00e4l\u00e4ss\u00e4"},"content":{"rendered":"\n<style type=\"text\/css\" data-created_by=\"avia_inline_auto\" id=\"style-css-av-kejkwui9-d04fc6296a6fa29e9e89480792185d67\">\n#top .av-special-heading.av-kejkwui9-d04fc6296a6fa29e9e89480792185d67{\npadding-bottom:10px;\n}\nbody .av-special-heading.av-kejkwui9-d04fc6296a6fa29e9e89480792185d67 .av-special-heading-tag .heading-char{\nfont-size:25px;\n}\n.av-special-heading.av-kejkwui9-d04fc6296a6fa29e9e89480792185d67 .av-subheading{\nfont-size:15px;\n}\n<\/style>\n<div  class='av-special-heading av-kejkwui9-d04fc6296a6fa29e9e89480792185d67 av-special-heading-h3  avia-builder-el-0  el_before_av_textblock  avia-builder-el-first '><h3 class='av-special-heading-tag'  itemprop=\"headline\"  >Haavoittuminen Ristsepp\u00e4l\u00e4ss\u00e4<\/h3><div class=\"special-heading-border\"><div class=\"special-heading-inner-border\"><\/div><\/div><\/div>\n<section  class='av_textblock_section av-kei9w74n-7b0f008125a778f48432b9a614d90d0f '   itemscope=\"itemscope\" itemtype=\"https:\/\/schema.org\/CreativeWork\" ><div class='avia_textblock'  itemprop=\"text\" ><p>L\u00e4hdin vapaaehtoisena komppaniamme er\u00e4\u00e4n vieraan kk-ryhm\u00e4n mukana, koska sen miehist\u00f6 oli vajaa. Etenimme kohti rautatiet\u00e4 Ristsepp\u00e4l\u00e4n ja \u00c4yr\u00e4p\u00e4\u00e4n asemien v\u00e4liin, jonne matkaa oli noin kaksitoista kilometri\u00e4. Matkalla jouduimme pikku kahakoihin mets\u00e4ss\u00e4 harhailevien vihollisryhmien kanssa. Kerrankin he yll\u00e4ttiv\u00e4t meid\u00e4t kesken ruokailumme, mutta l\u00e4htiv\u00e4t livohkaan pikku taistelun j\u00e4lkeen.<\/p>\n<p>Saavuimme sitten asemien v\u00e4limaaston harjanteelle, jonka edess\u00e4 oli rautatie ja maantie. Tiell\u00e4 viholliskolonna eteni, jonka kovalla tulella pistimme matalaksi. Siin\u00e4 alkoi melkoinen papatus ja r\u00e4iske. Sek\u00e4 luoteja ett\u00e4 k\u00e4sikranaatteja tuli ja meni. Kauan en t\u00e4ss\u00e4 kahakassa ehtinyt olla, kun tuli kohtaloni. Oli kai 13.8.41, kun kaverit n\u00e4kiv\u00e4t minut verisen\u00e4 sitoessaan ja avustaessaan JSp:lle. L\u00e4sn\u00e4 oli ainakin ylikers. T. Paavola ja alik. T. Lehtinen. Muistelen heid\u00e4n maininneen, ett\u00e4 nyt Salokannel l\u00e4htee viimeiselle matkalleen.<\/p>\n<p>Tapaus on muistissani seuraavanlaisena. Olin kk-ampujan apulaisena. Ase ei oikein tuntunut toimivan: \u0094Annahan, kun min\u00e4kin yrit\u00e4n.\u0094 Kaveri siirtyi sivuun ja tartuin kahvoihin. Tein kunnon latausliikkeen ja painoin liipaisimesta. Pelasihan se ja hyvin sittenkin. Aloin paahtaa viholliskolonnaa. Samassa l\u00e4hell\u00e4 oleva kaveri sai osuman kiikarikiv\u00e4\u00e4riins\u00e4 ja luoti kimposi h\u00e4nen olkap\u00e4\u00e4h\u00e4ns\u00e4. Katsoin kaveria ja juuri silloin sain postip\u00e4\u00e4h\u00e4ni sirpaleita, joista yksi meni poskiluun l\u00e4pi kieleeni. Painoin vaan liipasimesta ja annoin kk:n soida. Toiset vetiv\u00e4t haavoittunutta taaksep\u00e4in. Samassa tuli t\u00e4rsky kyp\u00e4r\u00e4\u00e4ni, joka lensi kiviss\u00e4 kolisten maahan.<\/p>\n<p>Ampujan apulainen sanoi: \u0094Suustasi vuotaa kovasti verta.\u0094 Silloin en en\u00e4\u00e4 jaksanut painaa liipasimesta.<\/p>\n<p>Kaverit vetiv\u00e4t minut taakse sidottavaksi. Matka JSp:n kautta sairaalaan alkoi. He eiv\u00e4t aavistaneet, ett\u00e4 my\u00f6hemmin taas tavataan Valkeasaaren puolustuslohkolla.\u0094<\/p>\n<p>\u0094Salokannel oli rohkea ja hyv\u00e4 kk-ampuja\u0094, sanoi v\u00e4nrikki T. Paavola luettuaan yll\u00e4olevan.<\/p>\n<\/div><\/section>\n","protected":false},"excerpt":{"rendered":"","protected":false},"author":2,"featured_media":0,"parent":2200,"menu_order":1,"comment_status":"closed","ping_status":"closed","template":"","meta":{"footnotes":""},"class_list":["post-2250","page","type-page","status-publish","hentry"],"yoast_head":"<!-- This site is optimized with the Yoast SEO plugin v27.4 - https:\/\/yoast.com\/product\/yoast-seo-wordpress\/ -->\n<title>Haavoittuminen Ristsepp\u00e4l\u00e4ss\u00e4 - Veteraanien Perint\u00f6<\/title>\n<meta name=\"robots\" content=\"index, follow, max-snippet:-1, max-image-preview:large, max-video-preview:-1\" \/>\n<link rel=\"canonical\" href=\"https:\/\/veteraanienperinto.fi\/index.php\/jatkosota-etusivu\/jatkosodan-kertomukset\/sotatoimet\/sodan-alku\/haavoittuminen-ristseppalassa\/\" \/>\n<meta property=\"og:locale\" content=\"fi_FI\" \/>\n<meta property=\"og:type\" content=\"article\" \/>\n<meta property=\"og:title\" content=\"Haavoittuminen Ristsepp\u00e4l\u00e4ss\u00e4 - Veteraanien Perint\u00f6\" \/>\n<meta property=\"og:url\" content=\"https:\/\/veteraanienperinto.fi\/index.php\/jatkosota-etusivu\/jatkosodan-kertomukset\/sotatoimet\/sodan-alku\/haavoittuminen-ristseppalassa\/\" \/>\n<meta property=\"og:site_name\" content=\"Veteraanien Perint\u00f6\" \/>\n<meta name=\"twitter:card\" content=\"summary_large_image\" \/>\n<meta name=\"twitter:label1\" content=\"Arvioitu lukuaika\" \/>\n\t<meta name=\"twitter:data1\" content=\"2 minuuttia\" \/>\n<script type=\"application\/ld+json\" class=\"yoast-schema-graph\">{\"@context\":\"https:\\\/\\\/schema.org\",\"@graph\":[{\"@type\":\"WebPage\",\"@id\":\"https:\\\/\\\/veteraanienperinto.fi\\\/index.php\\\/jatkosota-etusivu\\\/jatkosodan-kertomukset\\\/sotatoimet\\\/sodan-alku\\\/haavoittuminen-ristseppalassa\\\/\",\"url\":\"https:\\\/\\\/veteraanienperinto.fi\\\/index.php\\\/jatkosota-etusivu\\\/jatkosodan-kertomukset\\\/sotatoimet\\\/sodan-alku\\\/haavoittuminen-ristseppalassa\\\/\",\"name\":\"Haavoittuminen Ristsepp\u00e4l\u00e4ss\u00e4 - Veteraanien Perint\u00f6\",\"isPartOf\":{\"@id\":\"https:\\\/\\\/veteraanienperinto.fi\\\/#website\"},\"datePublished\":\"2020-09-01T06:37:19+00:00\",\"breadcrumb\":{\"@id\":\"https:\\\/\\\/veteraanienperinto.fi\\\/index.php\\\/jatkosota-etusivu\\\/jatkosodan-kertomukset\\\/sotatoimet\\\/sodan-alku\\\/haavoittuminen-ristseppalassa\\\/#breadcrumb\"},\"inLanguage\":\"fi\",\"potentialAction\":[{\"@type\":\"ReadAction\",\"target\":[\"https:\\\/\\\/veteraanienperinto.fi\\\/index.php\\\/jatkosota-etusivu\\\/jatkosodan-kertomukset\\\/sotatoimet\\\/sodan-alku\\\/haavoittuminen-ristseppalassa\\\/\"]}]},{\"@type\":\"BreadcrumbList\",\"@id\":\"https:\\\/\\\/veteraanienperinto.fi\\\/index.php\\\/jatkosota-etusivu\\\/jatkosodan-kertomukset\\\/sotatoimet\\\/sodan-alku\\\/haavoittuminen-ristseppalassa\\\/#breadcrumb\",\"itemListElement\":[{\"@type\":\"ListItem\",\"position\":1,\"name\":\"Etusivu\",\"item\":\"https:\\\/\\\/veteraanienperinto.fi\\\/index.php\\\/etusivu-2\\\/\"},{\"@type\":\"ListItem\",\"position\":2,\"name\":\"Jatkosota &#8211; etusivu\",\"item\":\"https:\\\/\\\/veteraanienperinto.fi\\\/index.php\\\/jatkosota-etusivu\\\/\"},{\"@type\":\"ListItem\",\"position\":3,\"name\":\"Jatkosodan kertomukset\",\"item\":\"https:\\\/\\\/veteraanienperinto.fi\\\/index.php\\\/jatkosota-etusivu\\\/jatkosodan-kertomukset\\\/\"},{\"@type\":\"ListItem\",\"position\":4,\"name\":\"Sotatoimet\",\"item\":\"https:\\\/\\\/veteraanienperinto.fi\\\/index.php\\\/jatkosota-etusivu\\\/jatkosodan-kertomukset\\\/sotatoimet\\\/\"},{\"@type\":\"ListItem\",\"position\":5,\"name\":\"Sodan alku\",\"item\":\"https:\\\/\\\/veteraanienperinto.fi\\\/index.php\\\/jatkosota-etusivu\\\/jatkosodan-kertomukset\\\/sotatoimet\\\/sodan-alku\\\/\"},{\"@type\":\"ListItem\",\"position\":6,\"name\":\"Haavoittuminen Ristsepp\u00e4l\u00e4ss\u00e4\"}]},{\"@type\":\"WebSite\",\"@id\":\"https:\\\/\\\/veteraanienperinto.fi\\\/#website\",\"url\":\"https:\\\/\\\/veteraanienperinto.fi\\\/\",\"name\":\"Veteraanien Perint\u00f6\",\"description\":\"Kadettikunta\",\"potentialAction\":[{\"@type\":\"SearchAction\",\"target\":{\"@type\":\"EntryPoint\",\"urlTemplate\":\"https:\\\/\\\/veteraanienperinto.fi\\\/?s={search_term_string}\"},\"query-input\":{\"@type\":\"PropertyValueSpecification\",\"valueRequired\":true,\"valueName\":\"search_term_string\"}}],\"inLanguage\":\"fi\"}]}<\/script>\n<!-- \/ Yoast SEO plugin. -->","yoast_head_json":{"title":"Haavoittuminen Ristsepp\u00e4l\u00e4ss\u00e4 - Veteraanien Perint\u00f6","robots":{"index":"index","follow":"follow","max-snippet":"max-snippet:-1","max-image-preview":"max-image-preview:large","max-video-preview":"max-video-preview:-1"},"canonical":"https:\/\/veteraanienperinto.fi\/index.php\/jatkosota-etusivu\/jatkosodan-kertomukset\/sotatoimet\/sodan-alku\/haavoittuminen-ristseppalassa\/","og_locale":"fi_FI","og_type":"article","og_title":"Haavoittuminen Ristsepp\u00e4l\u00e4ss\u00e4 - Veteraanien Perint\u00f6","og_url":"https:\/\/veteraanienperinto.fi\/index.php\/jatkosota-etusivu\/jatkosodan-kertomukset\/sotatoimet\/sodan-alku\/haavoittuminen-ristseppalassa\/","og_site_name":"Veteraanien Perint\u00f6","twitter_card":"summary_large_image","twitter_misc":{"Arvioitu lukuaika":"2 minuuttia"},"schema":{"@context":"https:\/\/schema.org","@graph":[{"@type":"WebPage","@id":"https:\/\/veteraanienperinto.fi\/index.php\/jatkosota-etusivu\/jatkosodan-kertomukset\/sotatoimet\/sodan-alku\/haavoittuminen-ristseppalassa\/","url":"https:\/\/veteraanienperinto.fi\/index.php\/jatkosota-etusivu\/jatkosodan-kertomukset\/sotatoimet\/sodan-alku\/haavoittuminen-ristseppalassa\/","name":"Haavoittuminen Ristsepp\u00e4l\u00e4ss\u00e4 - Veteraanien Perint\u00f6","isPartOf":{"@id":"https:\/\/veteraanienperinto.fi\/#website"},"datePublished":"2020-09-01T06:37:19+00:00","breadcrumb":{"@id":"https:\/\/veteraanienperinto.fi\/index.php\/jatkosota-etusivu\/jatkosodan-kertomukset\/sotatoimet\/sodan-alku\/haavoittuminen-ristseppalassa\/#breadcrumb"},"inLanguage":"fi","potentialAction":[{"@type":"ReadAction","target":["https:\/\/veteraanienperinto.fi\/index.php\/jatkosota-etusivu\/jatkosodan-kertomukset\/sotatoimet\/sodan-alku\/haavoittuminen-ristseppalassa\/"]}]},{"@type":"BreadcrumbList","@id":"https:\/\/veteraanienperinto.fi\/index.php\/jatkosota-etusivu\/jatkosodan-kertomukset\/sotatoimet\/sodan-alku\/haavoittuminen-ristseppalassa\/#breadcrumb","itemListElement":[{"@type":"ListItem","position":1,"name":"Etusivu","item":"https:\/\/veteraanienperinto.fi\/index.php\/etusivu-2\/"},{"@type":"ListItem","position":2,"name":"Jatkosota &#8211; etusivu","item":"https:\/\/veteraanienperinto.fi\/index.php\/jatkosota-etusivu\/"},{"@type":"ListItem","position":3,"name":"Jatkosodan kertomukset","item":"https:\/\/veteraanienperinto.fi\/index.php\/jatkosota-etusivu\/jatkosodan-kertomukset\/"},{"@type":"ListItem","position":4,"name":"Sotatoimet","item":"https:\/\/veteraanienperinto.fi\/index.php\/jatkosota-etusivu\/jatkosodan-kertomukset\/sotatoimet\/"},{"@type":"ListItem","position":5,"name":"Sodan alku","item":"https:\/\/veteraanienperinto.fi\/index.php\/jatkosota-etusivu\/jatkosodan-kertomukset\/sotatoimet\/sodan-alku\/"},{"@type":"ListItem","position":6,"name":"Haavoittuminen Ristsepp\u00e4l\u00e4ss\u00e4"}]},{"@type":"WebSite","@id":"https:\/\/veteraanienperinto.fi\/#website","url":"https:\/\/veteraanienperinto.fi\/","name":"Veteraanien Perint\u00f6","description":"Kadettikunta","potentialAction":[{"@type":"SearchAction","target":{"@type":"EntryPoint","urlTemplate":"https:\/\/veteraanienperinto.fi\/?s={search_term_string}"},"query-input":{"@type":"PropertyValueSpecification","valueRequired":true,"valueName":"search_term_string"}}],"inLanguage":"fi"}]}},"_links":{"self":[{"href":"https:\/\/veteraanienperinto.fi\/index.php\/wp-json\/wp\/v2\/pages\/2250","targetHints":{"allow":["GET"]}}],"collection":[{"href":"https:\/\/veteraanienperinto.fi\/index.php\/wp-json\/wp\/v2\/pages"}],"about":[{"href":"https:\/\/veteraanienperinto.fi\/index.php\/wp-json\/wp\/v2\/types\/page"}],"author":[{"embeddable":true,"href":"https:\/\/veteraanienperinto.fi\/index.php\/wp-json\/wp\/v2\/users\/2"}],"replies":[{"embeddable":true,"href":"https:\/\/veteraanienperinto.fi\/index.php\/wp-json\/wp\/v2\/comments?post=2250"}],"version-history":[{"count":2,"href":"https:\/\/veteraanienperinto.fi\/index.php\/wp-json\/wp\/v2\/pages\/2250\/revisions"}],"predecessor-version":[{"id":5930,"href":"https:\/\/veteraanienperinto.fi\/index.php\/wp-json\/wp\/v2\/pages\/2250\/revisions\/5930"}],"up":[{"embeddable":true,"href":"https:\/\/veteraanienperinto.fi\/index.php\/wp-json\/wp\/v2\/pages\/2200"}],"wp:attachment":[{"href":"https:\/\/veteraanienperinto.fi\/index.php\/wp-json\/wp\/v2\/media?parent=2250"}],"curies":[{"name":"wp","href":"https:\/\/api.w.org\/{rel}","templated":true}]}}