{"id":2271,"date":"2020-09-01T06:57:27","date_gmt":"2020-09-01T06:57:27","guid":{"rendered":"https:\/\/veteraani.ylirotu.fi\/?page_id=2271"},"modified":"2020-12-15T16:13:36","modified_gmt":"2020-12-15T16:13:36","slug":"pienoisheittimen-ammus","status":"publish","type":"page","link":"https:\/\/veteraanienperinto.fi\/index.php\/jatkosota-etusivu\/jatkosodan-kertomukset\/sotatoimet\/hyokkaysvaihe\/pienoisheittimen-ammus\/","title":{"rendered":"Pienoisheittimen ammus"},"content":{"rendered":"\n<style type=\"text\/css\" data-created_by=\"avia_inline_auto\" id=\"style-css-av-av_heading-784d4d11b5a60912545c727da7e6aba8\">\n#top .av-special-heading.av-av_heading-784d4d11b5a60912545c727da7e6aba8{\npadding-bottom:10px;\n}\nbody .av-special-heading.av-av_heading-784d4d11b5a60912545c727da7e6aba8 .av-special-heading-tag .heading-char{\nfont-size:25px;\n}\n.av-special-heading.av-av_heading-784d4d11b5a60912545c727da7e6aba8 .av-subheading{\nfont-size:15px;\n}\n<\/style>\n<div  class='av-special-heading av-av_heading-784d4d11b5a60912545c727da7e6aba8 av-special-heading-h3  avia-builder-el-0  el_before_av_textblock  avia-builder-el-first '><h3 class='av-special-heading-tag'  itemprop=\"headline\"  >Pienoisheittimen ammus<\/h3><div class=\"special-heading-border\"><div class=\"special-heading-inner-border\"><\/div><\/div><\/div>\n<section  class='av_textblock_section av-kei9w74n-7b0f008125a778f48432b9a614d90d0f '   itemscope=\"itemscope\" itemtype=\"https:\/\/schema.org\/CreativeWork\" ><div class='avia_textblock'  itemprop=\"text\" ><p><strong>Kaarlo Valkonen:<\/strong><\/p>\n<p>Hein\u00e4kuun kahdeksannen p\u00e4iv\u00e4n vastaisena y\u00f6n\u00e4 kello kolmen aikaan tapahtui Rukaj\u00e4rven rintamalla M\u00e4ki-tukikohdassa on vartion vaihto. Tarkka-ampujaksi koulutettu rautavaaralainen sotamies Huugo Turunen otti vastaan vartiopaikan etulinjan poterossa.<\/p>\n<p>Linjojen v\u00e4li\u00e4 ei t\u00e4ll\u00e4 kohtaa ollut kuin runsaat sata metri\u00e4, joten etulinjassa oltaessa p\u00e4\u00e4 oli pidett\u00e4v\u00e4 visusti montun reunan suojassa. Vihollinen oli viime p\u00e4ivin\u00e4 ollut tavallista levottomampi. Kranaattikeskityksi\u00e4 tuli tavan takaa, ja keskityst\u00e4 seurasivat tavallisesti hy\u00f6kk\u00e4ysyritykset.<\/p>\n<p>Tukikohdan majoituskorsu oli noin kahdeksankymmenen metrin p\u00e4\u00e4ss\u00e4 etulinjasta. Turusen l\u00e4htiess\u00e4 vartiovuorolleen oli j\u00e4lleen k\u00e4ynniss\u00e4 ankara keskitys, joka enteili melkoisen varmasti ven\u00e4l\u00e4isten hy\u00f6kk\u00e4ysyrityst\u00e4. Turusen vartiopaikalle satoi jatkuvasti kranaatinheittimien ammuksia, ja suorasuuntaustykit t\u00e4ydensiv\u00e4t tulta.<\/p>\n<p>Tilanne n\u00e4ytti niin vakavalta, ett\u00e4 edellinenkin vaihto j\u00e4i asemiin.<\/p>\n<p>&#8211; Kohtahan sielt\u00e4 on kuitenkin tultava takaisin, sanoi ryhm\u00e4njohtajana toimiva korpraali Lehikoinen, kun Turunen tiedusteli, miksei vaihto mene korsuun.<\/p>\n<p><img loading=\"lazy\" decoding=\"async\" class=\"alignright wp-image-8058 size-full\" src=\"https:\/\/veteraanienperinto.fi\/wp-content\/uploads\/2020\/12\/Pienoiskranatti-2.jpg\" alt=\"\" width=\"207\" height=\"762\" \/>Turunen ryhtyi suojapoterossaan tavanmukaisesti t\u00e4hyst\u00e4m\u00e4\u00e4n taisteluhautaperiskoopilla vihollisen puuhia. Vajaan puolentoistasadan metrin p\u00e4\u00e4ss\u00e4 heilui ven\u00e4l\u00e4inen heitinmies pienoisheittimens\u00e4 \u00e4\u00e4ress\u00e4. Mies iski kranaatin putkeen.<\/p>\n<p>Humahdus, leimahdus, ja r\u00e4j\u00e4hdys aivan Turusen sel\u00e4n takana.<\/p>\n<p>Turunen t\u00e4hysteli edelleen. H\u00e4n n\u00e4ki, miten ven\u00e4l\u00e4inen l\u00f6i taas kranaatin putkeen. Samassa se l\u00e4hti lentoon.<\/p>\n<p>Turusen sel\u00e4ss\u00e4 tuntui ankara jys\u00e4hdys ja siet\u00e4m\u00e4t\u00f6n tuska, joka levisi l\u00e4pi ruumiin. H\u00e4n tuupertui taisteluhaudan pohjalle.<\/p>\n<p>Toinnuttuaan sen verran, ett\u00e4 pystyi j\u00e4rkev\u00e4sti ajattelemaan, Turunen oletti, ett\u00e4 selk\u00e4\u00e4n oli osunut kranaatinsirpale. Koko selk\u00e4 tuntui olevan turtana, ja vatsaa viilsi niin kuin suolet olisivat olleet tulessa. H\u00e4n koetteli varovaisesti haavoittunutta selk\u00e4\u00e4ns\u00e4.<\/p>\n<p>Sormissa tuntui kranaatin pyrst\u00f6.<\/p>\n<p>Sen alapuolella pullotti ihon alla ristiselk\u00e4\u00e4n uponnut kranaatti.<\/p>\n<p>Selk\u00e4\u00e4n oli tunkeutunut r\u00e4j\u00e4ht\u00e4m\u00e4t\u00f6n pienoisheittimen ammus.<\/p>\n<p>Viereisess\u00e4 poterossa kyyristellyt ryhm\u00e4njohtaja huomasi, ett\u00e4 Turunen haavoittui. H\u00e4n riensi apuun. Mutta n\u00e4hty\u00e4\u00e4n tilanteen h\u00e4n vet\u00e4ytyi varovaisesti kauemmas ja sanoi Turuselle:<\/p>\n<p>&#8211; Ei sinua voi k\u00e4sitell\u00e4, ymm\u00e4rr\u00e4t sen itsekin. Sinulla ei ole pitk\u00e4lti el\u00e4m\u00e4\u00e4 j\u00e4ljell\u00e4. Koeta kest\u00e4\u00e4.<\/p>\n<p>Turunen k\u00e4sitti hyvin, ett\u00e4 h\u00e4n saattoi olla vaarallinen my\u00f6s tovereilleen kranaatin r\u00e4j\u00e4ht\u00e4ess\u00e4. H\u00e4n l\u00e4hti varovaisesti ry\u00f6mim\u00e4\u00e4n taisteluhaudan pohjaa pitkin kohti yhteyshautaa. Vasen jalka tuntui halvaantuneen, joten ry\u00f6miminen tapahtui kyyn\u00e4rp\u00e4iden varassa. Koko ajan mielt\u00e4 j\u00e4yti pelko, ett\u00e4 selk\u00e4\u00e4n tunkeutunut kranaatti r\u00e4j\u00e4ht\u00e4isi. Korsun l\u00e4hestyess\u00e4 Turusen vasen jalka vertyi sen verran, ett\u00e4 h\u00e4n saattoi nousta seisomaan ja laahustaa loppumatkan yhteyshaudan sein\u00e4m\u00e4\u00e4 tukenaan k\u00e4ytt\u00e4en.<\/p>\n<p>Korsun ovella oli korpraali Matti Paananen vastassa. H\u00e4n tuki haavoittunutta k\u00e4sivarresta. N\u00e4hty\u00e4\u00e4n ammottavan haavan, josta verta valui virtanaan, h\u00e4n sanoi s\u00e4\u00e4lien:<\/p>\n<p>&#8211; Noinko sulle k\u00e4vi.<\/p>\n<p>Komentokorsusta h\u00e4lytettiin l\u00e4\u00e4kint\u00e4aliupseeri apuun. H\u00e4n n\u00e4ki heti, miten vakava tapaus oli, mutta ei puhunut siit\u00e4 korsussa olijoille mit\u00e4\u00e4n. Hetken kuluttua saapuivat my\u00f6s l\u00e4\u00e4kint\u00e4miehet. He aikoivat noin vain tavalliseen tapaan nostaa haavoittuneen makaamaan paareille sel\u00e4lleen. Turunen koetti selitt\u00e4\u00e4 heille, ett\u00e4 h\u00e4n voi silloin r\u00e4j\u00e4ht\u00e4\u00e4 ja se on heid\u00e4n kaikkien meno, jos h\u00e4nt\u00e4 ryhdyt\u00e4\u00e4n makuulle asettamaan.<\/p>\n<p>L\u00e4\u00e4kint\u00e4miehet katselivat ep\u00e4illen toisiaan ja arvelivat haavoittuneen vain hourivan.<\/p>\n<p>L\u00e4\u00e4kint\u00e4kersantti Ruotsalainen, joka oli antanut Turuselle ensiavun, vakuutti kuitenkin puheen todeksi ja potilas sijoitettiin ilman vastav\u00e4itteit\u00e4 kyljelleen paareille ja kannettiin varovaisesti joukkosidontapaikalle.<\/p>\n<p>Siell\u00e4 oleva l\u00e4\u00e4kint\u00e4luutnantti tutki nopeasti Turusen tapauksen ja kysyi:<\/p>\n<p>&#8211; Tied\u00e4ttek\u00f6, mik\u00e4 t\u00e4\u00e4ll\u00e4 on? Se on pienoisheittimen ammus. Pyrst\u00f6 n\u00e4kyy selv\u00e4sti.<\/p>\n<p>Sitten h\u00e4n soitti l\u00e4\u00e4kint\u00e4komppanian p\u00e4\u00e4llik\u00f6lle:<\/p>\n<p>&#8211; T\u00e4nne tuotiin juuri mies, joka on varastoinut selk\u00e4\u00e4ns\u00e4 ven\u00e4l\u00e4isten sotamateriaalia.<\/p>\n<p>Luutnantti ei tapauksen vaarallisuuden vuoksi huolinut l\u00e4\u00e4kint\u00e4miest\u00e4 mukaan, vaan l\u00e4hti autonkuljettajan kanssa kahden kuljettamaan Turusta kentt\u00e4sairaalaan.<\/p>\n<p>&#8211; Eih\u00e4n se viel\u00e4 ole r\u00e4j\u00e4ht\u00e4nyt, h\u00e4n lohdutteli autonkuljettajaa, kun t\u00e4m\u00e4 kranaattien runtelemalla tiell\u00e4 ajoi varoen.<\/p>\n<p>Tiiksj\u00e4rven kentt\u00e4sairaalassa Turunen j\u00e4tettiin makaamaan sairaalan k\u00e4yt\u00e4v\u00e4lle paareille muiden haavoittuneiden joukkoon. Sairaanhoitajan ker\u00e4tess\u00e4 potilaiden sairaalapassituksia Turunen nousi oikean kyyn\u00e4rp\u00e4\u00e4ns\u00e4 varaan ja pyysi hoitajattarelta savuketta.<\/p>\n<p>&#8211; Tupakka on teille vaarallista, sanoi hoitajatar yst\u00e4v\u00e4llisesti ja yritti painaa Turusen paareille sel\u00e4lleen.<\/p>\n<p>&#8211; \u00c4lk\u00e4\u00e4 koskeko minuun, min\u00e4 voin r\u00e4j\u00e4ht\u00e4\u00e4, parkaisi Turunen h\u00e4t\u00e4\u00e4ntyneen\u00e4.<\/p>\n<p>Nyt saapui paikalle l\u00e4\u00e4kint\u00e4majuri Paavo Vara. Tutkittuaan pikaisesti tapauksen h\u00e4n m\u00e4\u00e4r\u00e4si haavoittuneen viet\u00e4v\u00e4ksi heti leikkaussaliin. Tapaus oli eritt\u00e4in vaarallinen my\u00f6s ymp\u00e4rist\u00f6lle. Ammus oli tunkeutunut istumalihakseen saakka, pyrst\u00f6 oli ristisel\u00e4n kohdalla.<\/p>\n<p>Neuvoteltuaan hetken paikalle kutsumansa pioneerikapteenin kanssa. Vara tyhjensi leikkaussalin ja aikoi suorittaa leikkauksen yksin. Er\u00e4s sairaanhoitajatar j\u00e4i kuitenkin tohtoria auttamaan.<\/p>\n<p>Leikkaus suoritettiin paikallispuudutuksella, kun l\u00e4\u00e4k\u00e4ri arveli ettei haavoittunut nukutustilassa pysyisi liikkumattomana, vaan voisi kriitillisess\u00e4 tilanteessa liikahtaa ja aiheuttaa kranaatin r\u00e4j\u00e4ht\u00e4misen.<\/p>\n<p>Sek\u00e4 Turunen ett\u00e4 avustava sairaanhoitajatar ja leikkausta seuraava pioneerikapteeni veikkasivat sekunti sekunnilta, saadaanko kranaatti haavasta pois vai r\u00e4j\u00e4ht\u00e4\u00e4k\u00f6 se k\u00e4siin.<\/p>\n<p>Turunen ehti kolmatta tuntia kest\u00e4neen leikkauksen aikana kuvitella moneen kertaan, millaista h\u00e4vityst\u00e4 kranaatti r\u00e4j\u00e4ht\u00e4ess\u00e4\u00e4n aiheuttaisi.<\/p>\n<p>Haavassa tuntui viilt\u00e4v\u00e4\u00e4 kipua, joka kuitenkin helpotti heti, kun kranaatti vedettiin sielt\u00e4 pois. Pioneerikapteeni k\u00e4\u00e4nteli varovaisesti k\u00e4dess\u00e4\u00e4n verist\u00e4 ammusta. Leikkaus oli onnistunut.<\/p>\n<p>Vain yksi millimetri oli erottanut Turusen kuolemasta.<\/p>\n<p>Ammuksen tunkeutuessa Turusen selk\u00e4\u00e4n oli kes\u00e4puserosta repeytynyt kangassuikale mennyt kranaatin sytyttimen ja rungon v\u00e4liin ja kiilannut kranaatin noin millimetrin p\u00e4\u00e4h\u00e4n iskurista. T\u00e4m\u00e4 esti ammuksen r\u00e4j\u00e4ht\u00e4misen.<\/p>\n<p>Kansa taisteli &#8211; miehet kertovat -lehti<\/p>\n<\/div><\/section>\n","protected":false},"excerpt":{"rendered":"","protected":false},"author":2,"featured_media":0,"parent":2203,"menu_order":5,"comment_status":"closed","ping_status":"closed","template":"","meta":{"footnotes":""},"class_list":["post-2271","page","type-page","status-publish","hentry"],"yoast_head":"<!-- This site is optimized with the Yoast SEO plugin v27.4 - https:\/\/yoast.com\/product\/yoast-seo-wordpress\/ -->\n<title>Pienoisheittimen ammus - Veteraanien Perint\u00f6<\/title>\n<meta name=\"robots\" content=\"index, follow, max-snippet:-1, max-image-preview:large, max-video-preview:-1\" \/>\n<link rel=\"canonical\" href=\"https:\/\/veteraanienperinto.fi\/index.php\/jatkosota-etusivu\/jatkosodan-kertomukset\/sotatoimet\/hyokkaysvaihe\/pienoisheittimen-ammus\/\" \/>\n<meta property=\"og:locale\" content=\"fi_FI\" \/>\n<meta property=\"og:type\" content=\"article\" \/>\n<meta property=\"og:title\" content=\"Pienoisheittimen ammus - Veteraanien Perint\u00f6\" \/>\n<meta property=\"og:url\" content=\"https:\/\/veteraanienperinto.fi\/index.php\/jatkosota-etusivu\/jatkosodan-kertomukset\/sotatoimet\/hyokkaysvaihe\/pienoisheittimen-ammus\/\" \/>\n<meta property=\"og:site_name\" content=\"Veteraanien Perint\u00f6\" \/>\n<meta property=\"article:modified_time\" content=\"2020-12-15T16:13:36+00:00\" \/>\n<meta property=\"og:image\" content=\"https:\/\/veteraanienperinto.fi\/wp-content\/uploads\/2020\/12\/Pienoiskranatti-2.jpg\" \/>\n<meta name=\"twitter:card\" content=\"summary_large_image\" \/>\n<meta name=\"twitter:label1\" content=\"Arvioitu lukuaika\" \/>\n\t<meta name=\"twitter:data1\" content=\"5 minuuttia\" \/>\n<script type=\"application\/ld+json\" class=\"yoast-schema-graph\">{\"@context\":\"https:\\\/\\\/schema.org\",\"@graph\":[{\"@type\":\"WebPage\",\"@id\":\"https:\\\/\\\/veteraanienperinto.fi\\\/index.php\\\/jatkosota-etusivu\\\/jatkosodan-kertomukset\\\/sotatoimet\\\/hyokkaysvaihe\\\/pienoisheittimen-ammus\\\/\",\"url\":\"https:\\\/\\\/veteraanienperinto.fi\\\/index.php\\\/jatkosota-etusivu\\\/jatkosodan-kertomukset\\\/sotatoimet\\\/hyokkaysvaihe\\\/pienoisheittimen-ammus\\\/\",\"name\":\"Pienoisheittimen ammus - Veteraanien Perint\u00f6\",\"isPartOf\":{\"@id\":\"https:\\\/\\\/veteraanienperinto.fi\\\/#website\"},\"primaryImageOfPage\":{\"@id\":\"https:\\\/\\\/veteraanienperinto.fi\\\/index.php\\\/jatkosota-etusivu\\\/jatkosodan-kertomukset\\\/sotatoimet\\\/hyokkaysvaihe\\\/pienoisheittimen-ammus\\\/#primaryimage\"},\"image\":{\"@id\":\"https:\\\/\\\/veteraanienperinto.fi\\\/index.php\\\/jatkosota-etusivu\\\/jatkosodan-kertomukset\\\/sotatoimet\\\/hyokkaysvaihe\\\/pienoisheittimen-ammus\\\/#primaryimage\"},\"thumbnailUrl\":\"https:\\\/\\\/veteraanienperinto.fi\\\/wp-content\\\/uploads\\\/2020\\\/12\\\/Pienoiskranatti-2.jpg\",\"datePublished\":\"2020-09-01T06:57:27+00:00\",\"dateModified\":\"2020-12-15T16:13:36+00:00\",\"breadcrumb\":{\"@id\":\"https:\\\/\\\/veteraanienperinto.fi\\\/index.php\\\/jatkosota-etusivu\\\/jatkosodan-kertomukset\\\/sotatoimet\\\/hyokkaysvaihe\\\/pienoisheittimen-ammus\\\/#breadcrumb\"},\"inLanguage\":\"fi\",\"potentialAction\":[{\"@type\":\"ReadAction\",\"target\":[\"https:\\\/\\\/veteraanienperinto.fi\\\/index.php\\\/jatkosota-etusivu\\\/jatkosodan-kertomukset\\\/sotatoimet\\\/hyokkaysvaihe\\\/pienoisheittimen-ammus\\\/\"]}]},{\"@type\":\"ImageObject\",\"inLanguage\":\"fi\",\"@id\":\"https:\\\/\\\/veteraanienperinto.fi\\\/index.php\\\/jatkosota-etusivu\\\/jatkosodan-kertomukset\\\/sotatoimet\\\/hyokkaysvaihe\\\/pienoisheittimen-ammus\\\/#primaryimage\",\"url\":\"https:\\\/\\\/veteraanienperinto.fi\\\/wp-content\\\/uploads\\\/2020\\\/12\\\/Pienoiskranatti-2.jpg\",\"contentUrl\":\"https:\\\/\\\/veteraanienperinto.fi\\\/wp-content\\\/uploads\\\/2020\\\/12\\\/Pienoiskranatti-2.jpg\",\"width\":207,\"height\":762},{\"@type\":\"BreadcrumbList\",\"@id\":\"https:\\\/\\\/veteraanienperinto.fi\\\/index.php\\\/jatkosota-etusivu\\\/jatkosodan-kertomukset\\\/sotatoimet\\\/hyokkaysvaihe\\\/pienoisheittimen-ammus\\\/#breadcrumb\",\"itemListElement\":[{\"@type\":\"ListItem\",\"position\":1,\"name\":\"Etusivu\",\"item\":\"https:\\\/\\\/veteraanienperinto.fi\\\/index.php\\\/etusivu-2\\\/\"},{\"@type\":\"ListItem\",\"position\":2,\"name\":\"Jatkosota &#8211; etusivu\",\"item\":\"https:\\\/\\\/veteraanienperinto.fi\\\/index.php\\\/jatkosota-etusivu\\\/\"},{\"@type\":\"ListItem\",\"position\":3,\"name\":\"Jatkosodan kertomukset\",\"item\":\"https:\\\/\\\/veteraanienperinto.fi\\\/index.php\\\/jatkosota-etusivu\\\/jatkosodan-kertomukset\\\/\"},{\"@type\":\"ListItem\",\"position\":4,\"name\":\"Sotatoimet\",\"item\":\"https:\\\/\\\/veteraanienperinto.fi\\\/index.php\\\/jatkosota-etusivu\\\/jatkosodan-kertomukset\\\/sotatoimet\\\/\"},{\"@type\":\"ListItem\",\"position\":5,\"name\":\"Hy\u00f6kk\u00e4ysvaihe\",\"item\":\"https:\\\/\\\/veteraanienperinto.fi\\\/index.php\\\/jatkosota-etusivu\\\/jatkosodan-kertomukset\\\/sotatoimet\\\/hyokkaysvaihe\\\/\"},{\"@type\":\"ListItem\",\"position\":6,\"name\":\"Pienoisheittimen ammus\"}]},{\"@type\":\"WebSite\",\"@id\":\"https:\\\/\\\/veteraanienperinto.fi\\\/#website\",\"url\":\"https:\\\/\\\/veteraanienperinto.fi\\\/\",\"name\":\"Veteraanien Perint\u00f6\",\"description\":\"Kadettikunta\",\"potentialAction\":[{\"@type\":\"SearchAction\",\"target\":{\"@type\":\"EntryPoint\",\"urlTemplate\":\"https:\\\/\\\/veteraanienperinto.fi\\\/?s={search_term_string}\"},\"query-input\":{\"@type\":\"PropertyValueSpecification\",\"valueRequired\":true,\"valueName\":\"search_term_string\"}}],\"inLanguage\":\"fi\"}]}<\/script>\n<!-- \/ Yoast SEO plugin. -->","yoast_head_json":{"title":"Pienoisheittimen ammus - Veteraanien Perint\u00f6","robots":{"index":"index","follow":"follow","max-snippet":"max-snippet:-1","max-image-preview":"max-image-preview:large","max-video-preview":"max-video-preview:-1"},"canonical":"https:\/\/veteraanienperinto.fi\/index.php\/jatkosota-etusivu\/jatkosodan-kertomukset\/sotatoimet\/hyokkaysvaihe\/pienoisheittimen-ammus\/","og_locale":"fi_FI","og_type":"article","og_title":"Pienoisheittimen ammus - Veteraanien Perint\u00f6","og_url":"https:\/\/veteraanienperinto.fi\/index.php\/jatkosota-etusivu\/jatkosodan-kertomukset\/sotatoimet\/hyokkaysvaihe\/pienoisheittimen-ammus\/","og_site_name":"Veteraanien Perint\u00f6","article_modified_time":"2020-12-15T16:13:36+00:00","og_image":[{"url":"https:\/\/veteraanienperinto.fi\/wp-content\/uploads\/2020\/12\/Pienoiskranatti-2.jpg","type":"","width":"","height":""}],"twitter_card":"summary_large_image","twitter_misc":{"Arvioitu lukuaika":"5 minuuttia"},"schema":{"@context":"https:\/\/schema.org","@graph":[{"@type":"WebPage","@id":"https:\/\/veteraanienperinto.fi\/index.php\/jatkosota-etusivu\/jatkosodan-kertomukset\/sotatoimet\/hyokkaysvaihe\/pienoisheittimen-ammus\/","url":"https:\/\/veteraanienperinto.fi\/index.php\/jatkosota-etusivu\/jatkosodan-kertomukset\/sotatoimet\/hyokkaysvaihe\/pienoisheittimen-ammus\/","name":"Pienoisheittimen ammus - Veteraanien Perint\u00f6","isPartOf":{"@id":"https:\/\/veteraanienperinto.fi\/#website"},"primaryImageOfPage":{"@id":"https:\/\/veteraanienperinto.fi\/index.php\/jatkosota-etusivu\/jatkosodan-kertomukset\/sotatoimet\/hyokkaysvaihe\/pienoisheittimen-ammus\/#primaryimage"},"image":{"@id":"https:\/\/veteraanienperinto.fi\/index.php\/jatkosota-etusivu\/jatkosodan-kertomukset\/sotatoimet\/hyokkaysvaihe\/pienoisheittimen-ammus\/#primaryimage"},"thumbnailUrl":"https:\/\/veteraanienperinto.fi\/wp-content\/uploads\/2020\/12\/Pienoiskranatti-2.jpg","datePublished":"2020-09-01T06:57:27+00:00","dateModified":"2020-12-15T16:13:36+00:00","breadcrumb":{"@id":"https:\/\/veteraanienperinto.fi\/index.php\/jatkosota-etusivu\/jatkosodan-kertomukset\/sotatoimet\/hyokkaysvaihe\/pienoisheittimen-ammus\/#breadcrumb"},"inLanguage":"fi","potentialAction":[{"@type":"ReadAction","target":["https:\/\/veteraanienperinto.fi\/index.php\/jatkosota-etusivu\/jatkosodan-kertomukset\/sotatoimet\/hyokkaysvaihe\/pienoisheittimen-ammus\/"]}]},{"@type":"ImageObject","inLanguage":"fi","@id":"https:\/\/veteraanienperinto.fi\/index.php\/jatkosota-etusivu\/jatkosodan-kertomukset\/sotatoimet\/hyokkaysvaihe\/pienoisheittimen-ammus\/#primaryimage","url":"https:\/\/veteraanienperinto.fi\/wp-content\/uploads\/2020\/12\/Pienoiskranatti-2.jpg","contentUrl":"https:\/\/veteraanienperinto.fi\/wp-content\/uploads\/2020\/12\/Pienoiskranatti-2.jpg","width":207,"height":762},{"@type":"BreadcrumbList","@id":"https:\/\/veteraanienperinto.fi\/index.php\/jatkosota-etusivu\/jatkosodan-kertomukset\/sotatoimet\/hyokkaysvaihe\/pienoisheittimen-ammus\/#breadcrumb","itemListElement":[{"@type":"ListItem","position":1,"name":"Etusivu","item":"https:\/\/veteraanienperinto.fi\/index.php\/etusivu-2\/"},{"@type":"ListItem","position":2,"name":"Jatkosota &#8211; etusivu","item":"https:\/\/veteraanienperinto.fi\/index.php\/jatkosota-etusivu\/"},{"@type":"ListItem","position":3,"name":"Jatkosodan kertomukset","item":"https:\/\/veteraanienperinto.fi\/index.php\/jatkosota-etusivu\/jatkosodan-kertomukset\/"},{"@type":"ListItem","position":4,"name":"Sotatoimet","item":"https:\/\/veteraanienperinto.fi\/index.php\/jatkosota-etusivu\/jatkosodan-kertomukset\/sotatoimet\/"},{"@type":"ListItem","position":5,"name":"Hy\u00f6kk\u00e4ysvaihe","item":"https:\/\/veteraanienperinto.fi\/index.php\/jatkosota-etusivu\/jatkosodan-kertomukset\/sotatoimet\/hyokkaysvaihe\/"},{"@type":"ListItem","position":6,"name":"Pienoisheittimen ammus"}]},{"@type":"WebSite","@id":"https:\/\/veteraanienperinto.fi\/#website","url":"https:\/\/veteraanienperinto.fi\/","name":"Veteraanien Perint\u00f6","description":"Kadettikunta","potentialAction":[{"@type":"SearchAction","target":{"@type":"EntryPoint","urlTemplate":"https:\/\/veteraanienperinto.fi\/?s={search_term_string}"},"query-input":{"@type":"PropertyValueSpecification","valueRequired":true,"valueName":"search_term_string"}}],"inLanguage":"fi"}]}},"_links":{"self":[{"href":"https:\/\/veteraanienperinto.fi\/index.php\/wp-json\/wp\/v2\/pages\/2271","targetHints":{"allow":["GET"]}}],"collection":[{"href":"https:\/\/veteraanienperinto.fi\/index.php\/wp-json\/wp\/v2\/pages"}],"about":[{"href":"https:\/\/veteraanienperinto.fi\/index.php\/wp-json\/wp\/v2\/types\/page"}],"author":[{"embeddable":true,"href":"https:\/\/veteraanienperinto.fi\/index.php\/wp-json\/wp\/v2\/users\/2"}],"replies":[{"embeddable":true,"href":"https:\/\/veteraanienperinto.fi\/index.php\/wp-json\/wp\/v2\/comments?post=2271"}],"version-history":[{"count":3,"href":"https:\/\/veteraanienperinto.fi\/index.php\/wp-json\/wp\/v2\/pages\/2271\/revisions"}],"predecessor-version":[{"id":8057,"href":"https:\/\/veteraanienperinto.fi\/index.php\/wp-json\/wp\/v2\/pages\/2271\/revisions\/8057"}],"up":[{"embeddable":true,"href":"https:\/\/veteraanienperinto.fi\/index.php\/wp-json\/wp\/v2\/pages\/2203"}],"wp:attachment":[{"href":"https:\/\/veteraanienperinto.fi\/index.php\/wp-json\/wp\/v2\/media?parent=2271"}],"curies":[{"name":"wp","href":"https:\/\/api.w.org\/{rel}","templated":true}]}}