{"id":2277,"date":"2020-09-01T07:00:26","date_gmt":"2020-09-01T07:00:26","guid":{"rendered":"https:\/\/veteraani.ylirotu.fi\/?page_id=2277"},"modified":"2020-09-01T07:00:26","modified_gmt":"2020-09-01T07:00:26","slug":"tulva","status":"publish","type":"page","link":"https:\/\/veteraanienperinto.fi\/index.php\/jatkosota-etusivu\/jatkosodan-kertomukset\/sotatoimet\/hyokkaysvaihe\/tulva\/","title":{"rendered":"Tulva"},"content":{"rendered":"\n<style type=\"text\/css\" data-created_by=\"avia_inline_auto\" id=\"style-css-av-kejlqjz3-fb92878c35184decf255d03cc060b075\">\n#top .av-special-heading.av-kejlqjz3-fb92878c35184decf255d03cc060b075{\npadding-bottom:10px;\n}\nbody .av-special-heading.av-kejlqjz3-fb92878c35184decf255d03cc060b075 .av-special-heading-tag .heading-char{\nfont-size:25px;\n}\n.av-special-heading.av-kejlqjz3-fb92878c35184decf255d03cc060b075 .av-subheading{\nfont-size:15px;\n}\n<\/style>\n<div  class='av-special-heading av-kejlqjz3-fb92878c35184decf255d03cc060b075 av-special-heading-h3  avia-builder-el-0  el_before_av_textblock  avia-builder-el-first '><h3 class='av-special-heading-tag'  itemprop=\"headline\"  >Tulva<\/h3><div class=\"special-heading-border\"><div class=\"special-heading-inner-border\"><\/div><\/div><\/div>\n<section  class='av_textblock_section av-kei9w74n-7b0f008125a778f48432b9a614d90d0f '   itemscope=\"itemscope\" itemtype=\"https:\/\/schema.org\/CreativeWork\" ><div class='avia_textblock'  itemprop=\"text\" ><p><strong>Johan K. Harju:<\/strong><\/p>\n<p>Palvelin Laguksen panssarijoukoissa hy\u00f6kk\u00e4ysvaunun kuljettajana. Ajokkini oli nopeak\u00e4\u00e4nteinen Vickers, nelj\u00e4ntoista tonnin vaunu, jonka molempiin etulokasuojiin oli maalattu Aune-nimi. Vaunun p\u00e4\u00e4llikk\u00f6n\u00e4 oli kersantti Hernekallio. Panssarikomppaniaa komensi luutnantti R\u00e4nkimies.<\/p>\n<p>Vihollinen per\u00e4ytyi Poventsasta uusiin asemiinsa ja r\u00e4j\u00e4ytti kanavan padot menness\u00e4\u00e4n.<\/p>\n<p>Odotin er\u00e4\u00e4n r\u00e4nsistyneen hirsitalon vieress\u00e4 uusia m\u00e4\u00e4r\u00e4yksi\u00e4. Ampujamme nukkui istuimellaan, ja luutnanttimme oli tutustumisk\u00e4ynnill\u00e4 \u00e4sken vallatussa kauppalassa. Sytyttelin parhaillani spriikeitint\u00e4, kun tuli h\u00e4lytys. Mikrofonista kuului:<\/p>\n<p>&#8211; Ajakaa vaununne nopeasti pois ja etsik\u00e4\u00e4 turvallinen paikka yl\u00e4maasta. Kauppala on tulvaveden vallassa.<\/p>\n<p>Mutta se oli jo my\u00f6h\u00e4ist\u00e4.<\/p>\n<p>Tuskin olin saanut koneeni k\u00e4yntiin, kun korviini kuului kumea kohina. Tirkistin n\u00e4k\u00f6aukosta eteeni. Siin\u00e4 vy\u00f6ryi vaahtop\u00e4inen vesimassa kuljettaen mukanaan kaikenlaista rojua, puunkappaleita, laatikoita ja huonekalujakin. Starttasin vaununi ja annoin Aunen liikkua my\u00f6t\u00e4virtaan. Ampuja havahtui ja riisuen kyp\u00e4r\u00e4ns\u00e4 kysyi: &#8211; Mit\u00e4s se tommonen kohu on?<\/p>\n<p>Vesi synnytti pakkasilmaan sumua. Aunen telaketjut kiersiv\u00e4t kuin jokilaivan siipirattaat. Vesi kohosi yh\u00e4 eik\u00e4 kest\u00e4nyt pitk\u00e4\u00e4 aikaa, kun sit\u00e4 tulvi jo vaunumme lattialle. Manailin, ja ryhdyin seuraamaan edell\u00e4ni ajavaa kolmenkymmenennelj\u00e4n tonnin Sotkaa. Ampuja huomautti:<\/p>\n<p>&#8211; Kyll\u00e4 tulitaistelu on parempaa kuin t\u00e4m\u00e4. Maihinnousukeng\u00e4t kastuvat jo, ja vesi kohoaa yh\u00e4.<\/p>\n<p>Paransin vauhtia. Tulimme sillalle, jonka ylitse tulvavesi kohisi voimakkaana. Sotka ep\u00e4r\u00f6i. Sen ajaja ei olisi mielell\u00e4\u00e4n ajanut vaunuaan tuolle v\u00e4yl\u00e4lle, mutta meni kuitenkin. Sillan toisessa p\u00e4\u00e4ss\u00e4 Sotka kellahti kohisevaan virtaan kadoten sinne. Nyt oli riennett\u00e4v\u00e4 apuun.<\/p>\n<p>Olin juuri nousemassa, kun n\u00e4in Sotkan torniluukun tulevan esiin kohisevasta kuohusta. Samalla ilmestyi n\u00e4kyviin mies ja ui sillalle, niin my\u00f6s toinen ja kolmas. Heill\u00e4 oli todella onni onnettomuudessa. Paikalla oli matalaa, eik\u00e4 vaunu ollut kellistynyt kyljelleen. Miehet r\u00e4pik\u00f6iv\u00e4t Aunen katolle, ja niin jatkoimme matkaa etsien kuivaa kamaraa kuin Noak arkilleen.<\/p>\n<p>Sain yhteyden komentajaan ja kerroin tilanteen. H\u00e4n kehotti ajamaan luoteissuuntaan ja lupasi apua. Samassa Aunen moottori alkoi lakkoilla ja pys\u00e4htyi vihdoin kokonaan. T\u00e4m\u00e4 ei ollut ihme, sill\u00e4 vesi ulottui vaunussamme miltei polviin saakka.<\/p>\n<p>Haikein mielin j\u00e4tin ajokkini, ja l\u00e4hdimme viisimiehisen\u00e4 joukkona j\u00e4lleen etsim\u00e4\u00e4n kuivaa aluetta. Pakkanen oli tasan nelj\u00e4kymment\u00e4 astetta, vesi h\u00f6yrysi ja kohisi kaikkialla. Kahlasimme tulvavedess\u00e4, ja toisinaan astui joku maastossa olevaan syvennykseen ja sai t\u00e4yskasteen.<\/p>\n<p>L\u00f6ysimme loivan m\u00e4enrinteen ja tavoitimme oman t\u00f6pin\u00e4mme. Siell\u00e4 saimme kuivaa yllemme, joimme kuumaa tsajua ja l\u00e4mmittelimme kotoisten peltikamiinoitten \u00e4\u00e4ress\u00e4.<\/p>\n<p>My\u00f6hemmin illalla kuulimme, ett\u00e4 kaksi vaunuamme oli joutunut saarroksiin. Olimme alakuloisia, vesi teki meihin kaameamman vaikutuksen kuin tuli, johon olimme tottuneet.<\/p>\n<p>Seuraavan p\u00e4iv\u00e4n sarastaessa l\u00e4hdimme liikkeelle.<\/p>\n<p>Kanavakaupunki oli yhten\u00e4 luistinratana. Ankara pakkanen oli j\u00e4\u00e4dytt\u00e4nyt tulvaveden yhdess\u00e4 y\u00f6ss\u00e4 miest\u00e4 kantavaksi. Katselin Auneani, joka seisoi telaketjun yl\u00e4puolta my\u00f6ten j\u00e4\u00e4h\u00e4n vangittuna. Mutta Aune ei ollut ainoa, jolla oli tuo surkea kohtalo. Autoja ja hevosajoneuvoja lojui kaikkialla samassa tilassa. Toiset olivat virran voimasta kallistuneet kyljelleen, ja yksi henkil\u00f6auto oli taittunut miltei vinkkeliksi. Kaikenlaista kamaa, jota oli uiskennellut tulvavedess\u00e4, oli nyt j\u00e4\u00e4n vangitsemana joka taholla.<\/p>\n<p>Lis\u00e4ksi alkoi vihollinen tulittaa tykist\u00f6ll\u00e4\u00e4n aluetta. Sill\u00e4 oli hyv\u00e4 tulenjohto. Miss\u00e4 se v\u00e4h\u00e4nkin havaitsi liikett\u00e4, sinne se antoi heti kranaattien sataa. Muutamat rakennuksetkin saivat osumia, yksi syttyi tuleen ja lis\u00e4si ymp\u00e4rist\u00f6n kaameutta.<\/p>\n<p>Parin p\u00e4iv\u00e4n kuluttua j\u00e4\u00e4 oli niin paljon vahvistunut, ett\u00e4 saatoimme ryhty\u00e4 pelastamaan sen vangitsemia taisteluvaunujamme. Aune irtautui helposti. Y\u00f6ll\u00e4 hakkasimme j\u00e4\u00e4n sen ymp\u00e4rilt\u00e4 pois k\u00e4ytt\u00e4en mit\u00e4 moninaisimpia ty\u00f6kaluja. Er\u00e4skin hakkasi j\u00e4\u00e4t\u00e4 vanhalla jalkav\u00e4enkiv\u00e4\u00e4rill\u00e4, toiset yrittiv\u00e4t pistimill\u00e4 saada jotain aikaan. Vastapuoli ampui koko ajan h\u00e4irint\u00e4tulta, mutta pime\u00e4 suojasi meit\u00e4. Traktorit hinasivat Aunen kuiville, ja sen j\u00e4lkeen oli j\u00e4\u00e4tynyt vesi poistettava vaunun sis\u00e4lt\u00e4. S\u00e4rkien ja sulatellen vapauduimme siit\u00e4 ja muutaman p\u00e4iv\u00e4n kuluttua k\u00e4vin noutamassa kunnostetun Auneni korjauspajalta. Sen moottorin surina oli silloin musiikkia korvilleni.<\/p>\n<p>Pahemmin olivat asiat Sotkalla.<\/p>\n<p>T\u00e4m\u00e4 kookas hirvi\u00f6 oli vallan avuttomassa tilassa. Vain puolet torniluukusta oli j\u00e4\u00e4npinnan yl\u00e4puolella. Sen avuksi tarvittiin sukeltajaa, joka kiinnitti vaunuun vaijerit, ja niin alkoi hankala hinaus. T\u00e4ss\u00e4kin puuhassa piti kaiken tapahtua y\u00f6ll\u00e4 ja melko \u00e4\u00e4nett\u00f6m\u00e4sti. Moni mies otti siin\u00e4 kylm\u00e4n kylvyn, ennen kuin Sotka oli valmiina hinattavaksi korjauspajalle.<\/p>\n<p>Saarroksiin j\u00e4\u00e4neet kaksi vaunua olivat pelastuneet. Komppaniamme olisi ollut j\u00e4lleen t\u00e4ysivahvuinen, ellei yksi Vickereist\u00e4mme olisi vajonnut j\u00e4\u00e4n pett\u00e4ess\u00e4 Poventsanlahden pohjamutaan. Kolme Laguksen j\u00e4\u00e4k\u00e4ri\u00e4 seurasi ajokkiaan. Panssari pelastettiin sukeltajan avulla. Kaksi vainajaa saatiin my\u00f6s pinnalle, mutta yksi hukkuneista j\u00e4i ikuisiksi ajoiksi tuon kaukaisen j\u00e4rven pohjaan.<\/p>\n<p>Kansa taisteli &#8211; miehet kertovat -lehti<\/p>\n<\/div><\/section>\n","protected":false},"excerpt":{"rendered":"","protected":false},"author":2,"featured_media":0,"parent":2203,"menu_order":7,"comment_status":"closed","ping_status":"closed","template":"","meta":{"footnotes":""},"class_list":["post-2277","page","type-page","status-publish","hentry"],"yoast_head":"<!-- This site is optimized with the Yoast SEO plugin v27.6 - https:\/\/yoast.com\/product\/yoast-seo-wordpress\/ -->\n<title>Tulva - Veteraanien Perint\u00f6<\/title>\n<meta name=\"robots\" content=\"index, follow, max-snippet:-1, max-image-preview:large, max-video-preview:-1\" \/>\n<link rel=\"canonical\" href=\"https:\/\/veteraanienperinto.fi\/index.php\/jatkosota-etusivu\/jatkosodan-kertomukset\/sotatoimet\/hyokkaysvaihe\/tulva\/\" \/>\n<meta property=\"og:locale\" content=\"fi_FI\" \/>\n<meta property=\"og:type\" content=\"article\" \/>\n<meta property=\"og:title\" content=\"Tulva - Veteraanien Perint\u00f6\" \/>\n<meta property=\"og:url\" content=\"https:\/\/veteraanienperinto.fi\/index.php\/jatkosota-etusivu\/jatkosodan-kertomukset\/sotatoimet\/hyokkaysvaihe\/tulva\/\" \/>\n<meta property=\"og:site_name\" content=\"Veteraanien Perint\u00f6\" \/>\n<meta name=\"twitter:card\" content=\"summary_large_image\" \/>\n<meta name=\"twitter:label1\" content=\"Arvioitu lukuaika\" \/>\n\t<meta name=\"twitter:data1\" content=\"4 minuuttia\" \/>\n<script type=\"application\/ld+json\" class=\"yoast-schema-graph\">{\"@context\":\"https:\\\/\\\/schema.org\",\"@graph\":[{\"@type\":\"WebPage\",\"@id\":\"https:\\\/\\\/veteraanienperinto.fi\\\/index.php\\\/jatkosota-etusivu\\\/jatkosodan-kertomukset\\\/sotatoimet\\\/hyokkaysvaihe\\\/tulva\\\/\",\"url\":\"https:\\\/\\\/veteraanienperinto.fi\\\/index.php\\\/jatkosota-etusivu\\\/jatkosodan-kertomukset\\\/sotatoimet\\\/hyokkaysvaihe\\\/tulva\\\/\",\"name\":\"Tulva - Veteraanien Perint\u00f6\",\"isPartOf\":{\"@id\":\"https:\\\/\\\/veteraanienperinto.fi\\\/#website\"},\"datePublished\":\"2020-09-01T07:00:26+00:00\",\"breadcrumb\":{\"@id\":\"https:\\\/\\\/veteraanienperinto.fi\\\/index.php\\\/jatkosota-etusivu\\\/jatkosodan-kertomukset\\\/sotatoimet\\\/hyokkaysvaihe\\\/tulva\\\/#breadcrumb\"},\"inLanguage\":\"fi\",\"potentialAction\":[{\"@type\":\"ReadAction\",\"target\":[\"https:\\\/\\\/veteraanienperinto.fi\\\/index.php\\\/jatkosota-etusivu\\\/jatkosodan-kertomukset\\\/sotatoimet\\\/hyokkaysvaihe\\\/tulva\\\/\"]}]},{\"@type\":\"BreadcrumbList\",\"@id\":\"https:\\\/\\\/veteraanienperinto.fi\\\/index.php\\\/jatkosota-etusivu\\\/jatkosodan-kertomukset\\\/sotatoimet\\\/hyokkaysvaihe\\\/tulva\\\/#breadcrumb\",\"itemListElement\":[{\"@type\":\"ListItem\",\"position\":1,\"name\":\"Etusivu\",\"item\":\"https:\\\/\\\/veteraanienperinto.fi\\\/index.php\\\/etusivu-2\\\/\"},{\"@type\":\"ListItem\",\"position\":2,\"name\":\"Jatkosota &#8211; etusivu\",\"item\":\"https:\\\/\\\/veteraanienperinto.fi\\\/index.php\\\/jatkosota-etusivu\\\/\"},{\"@type\":\"ListItem\",\"position\":3,\"name\":\"Jatkosodan kertomukset\",\"item\":\"https:\\\/\\\/veteraanienperinto.fi\\\/index.php\\\/jatkosota-etusivu\\\/jatkosodan-kertomukset\\\/\"},{\"@type\":\"ListItem\",\"position\":4,\"name\":\"Sotatoimet\",\"item\":\"https:\\\/\\\/veteraanienperinto.fi\\\/index.php\\\/jatkosota-etusivu\\\/jatkosodan-kertomukset\\\/sotatoimet\\\/\"},{\"@type\":\"ListItem\",\"position\":5,\"name\":\"Hy\u00f6kk\u00e4ysvaihe\",\"item\":\"https:\\\/\\\/veteraanienperinto.fi\\\/index.php\\\/jatkosota-etusivu\\\/jatkosodan-kertomukset\\\/sotatoimet\\\/hyokkaysvaihe\\\/\"},{\"@type\":\"ListItem\",\"position\":6,\"name\":\"Tulva\"}]},{\"@type\":\"WebSite\",\"@id\":\"https:\\\/\\\/veteraanienperinto.fi\\\/#website\",\"url\":\"https:\\\/\\\/veteraanienperinto.fi\\\/\",\"name\":\"Veteraanien Perint\u00f6\",\"description\":\"Kadettikunta\",\"potentialAction\":[{\"@type\":\"SearchAction\",\"target\":{\"@type\":\"EntryPoint\",\"urlTemplate\":\"https:\\\/\\\/veteraanienperinto.fi\\\/?s={search_term_string}\"},\"query-input\":{\"@type\":\"PropertyValueSpecification\",\"valueRequired\":true,\"valueName\":\"search_term_string\"}}],\"inLanguage\":\"fi\"}]}<\/script>\n<!-- \/ Yoast SEO plugin. -->","yoast_head_json":{"title":"Tulva - Veteraanien Perint\u00f6","robots":{"index":"index","follow":"follow","max-snippet":"max-snippet:-1","max-image-preview":"max-image-preview:large","max-video-preview":"max-video-preview:-1"},"canonical":"https:\/\/veteraanienperinto.fi\/index.php\/jatkosota-etusivu\/jatkosodan-kertomukset\/sotatoimet\/hyokkaysvaihe\/tulva\/","og_locale":"fi_FI","og_type":"article","og_title":"Tulva - Veteraanien Perint\u00f6","og_url":"https:\/\/veteraanienperinto.fi\/index.php\/jatkosota-etusivu\/jatkosodan-kertomukset\/sotatoimet\/hyokkaysvaihe\/tulva\/","og_site_name":"Veteraanien Perint\u00f6","twitter_card":"summary_large_image","twitter_misc":{"Arvioitu lukuaika":"4 minuuttia"},"schema":{"@context":"https:\/\/schema.org","@graph":[{"@type":"WebPage","@id":"https:\/\/veteraanienperinto.fi\/index.php\/jatkosota-etusivu\/jatkosodan-kertomukset\/sotatoimet\/hyokkaysvaihe\/tulva\/","url":"https:\/\/veteraanienperinto.fi\/index.php\/jatkosota-etusivu\/jatkosodan-kertomukset\/sotatoimet\/hyokkaysvaihe\/tulva\/","name":"Tulva - Veteraanien Perint\u00f6","isPartOf":{"@id":"https:\/\/veteraanienperinto.fi\/#website"},"datePublished":"2020-09-01T07:00:26+00:00","breadcrumb":{"@id":"https:\/\/veteraanienperinto.fi\/index.php\/jatkosota-etusivu\/jatkosodan-kertomukset\/sotatoimet\/hyokkaysvaihe\/tulva\/#breadcrumb"},"inLanguage":"fi","potentialAction":[{"@type":"ReadAction","target":["https:\/\/veteraanienperinto.fi\/index.php\/jatkosota-etusivu\/jatkosodan-kertomukset\/sotatoimet\/hyokkaysvaihe\/tulva\/"]}]},{"@type":"BreadcrumbList","@id":"https:\/\/veteraanienperinto.fi\/index.php\/jatkosota-etusivu\/jatkosodan-kertomukset\/sotatoimet\/hyokkaysvaihe\/tulva\/#breadcrumb","itemListElement":[{"@type":"ListItem","position":1,"name":"Etusivu","item":"https:\/\/veteraanienperinto.fi\/index.php\/etusivu-2\/"},{"@type":"ListItem","position":2,"name":"Jatkosota &#8211; etusivu","item":"https:\/\/veteraanienperinto.fi\/index.php\/jatkosota-etusivu\/"},{"@type":"ListItem","position":3,"name":"Jatkosodan kertomukset","item":"https:\/\/veteraanienperinto.fi\/index.php\/jatkosota-etusivu\/jatkosodan-kertomukset\/"},{"@type":"ListItem","position":4,"name":"Sotatoimet","item":"https:\/\/veteraanienperinto.fi\/index.php\/jatkosota-etusivu\/jatkosodan-kertomukset\/sotatoimet\/"},{"@type":"ListItem","position":5,"name":"Hy\u00f6kk\u00e4ysvaihe","item":"https:\/\/veteraanienperinto.fi\/index.php\/jatkosota-etusivu\/jatkosodan-kertomukset\/sotatoimet\/hyokkaysvaihe\/"},{"@type":"ListItem","position":6,"name":"Tulva"}]},{"@type":"WebSite","@id":"https:\/\/veteraanienperinto.fi\/#website","url":"https:\/\/veteraanienperinto.fi\/","name":"Veteraanien Perint\u00f6","description":"Kadettikunta","potentialAction":[{"@type":"SearchAction","target":{"@type":"EntryPoint","urlTemplate":"https:\/\/veteraanienperinto.fi\/?s={search_term_string}"},"query-input":{"@type":"PropertyValueSpecification","valueRequired":true,"valueName":"search_term_string"}}],"inLanguage":"fi"}]}},"_links":{"self":[{"href":"https:\/\/veteraanienperinto.fi\/index.php\/wp-json\/wp\/v2\/pages\/2277","targetHints":{"allow":["GET"]}}],"collection":[{"href":"https:\/\/veteraanienperinto.fi\/index.php\/wp-json\/wp\/v2\/pages"}],"about":[{"href":"https:\/\/veteraanienperinto.fi\/index.php\/wp-json\/wp\/v2\/types\/page"}],"author":[{"embeddable":true,"href":"https:\/\/veteraanienperinto.fi\/index.php\/wp-json\/wp\/v2\/users\/2"}],"replies":[{"embeddable":true,"href":"https:\/\/veteraanienperinto.fi\/index.php\/wp-json\/wp\/v2\/comments?post=2277"}],"version-history":[{"count":2,"href":"https:\/\/veteraanienperinto.fi\/index.php\/wp-json\/wp\/v2\/pages\/2277\/revisions"}],"predecessor-version":[{"id":5962,"href":"https:\/\/veteraanienperinto.fi\/index.php\/wp-json\/wp\/v2\/pages\/2277\/revisions\/5962"}],"up":[{"embeddable":true,"href":"https:\/\/veteraanienperinto.fi\/index.php\/wp-json\/wp\/v2\/pages\/2203"}],"wp:attachment":[{"href":"https:\/\/veteraanienperinto.fi\/index.php\/wp-json\/wp\/v2\/media?parent=2277"}],"curies":[{"name":"wp","href":"https:\/\/api.w.org\/{rel}","templated":true}]}}