{"id":2299,"date":"2020-09-01T07:14:24","date_gmt":"2020-09-01T07:14:24","guid":{"rendered":"https:\/\/veteraani.ylirotu.fi\/?page_id=2299"},"modified":"2020-09-01T07:14:24","modified_gmt":"2020-09-01T07:14:24","slug":"tiedustelu-ja-pommituslento","status":"publish","type":"page","link":"https:\/\/veteraanienperinto.fi\/index.php\/jatkosota-etusivu\/jatkosodan-kertomukset\/sotatoimet\/asemasota\/tiedustelu-ja-pommituslento\/","title":{"rendered":"Tiedustelu- ja pommituslento"},"content":{"rendered":"\n<style type=\"text\/css\" data-created_by=\"avia_inline_auto\" id=\"style-css-av-kejm8gss-d2a74b50e97525bebb0825fc578234a8\">\n#top .av-special-heading.av-kejm8gss-d2a74b50e97525bebb0825fc578234a8{\npadding-bottom:5px;\n}\nbody .av-special-heading.av-kejm8gss-d2a74b50e97525bebb0825fc578234a8 .av-special-heading-tag .heading-char{\nfont-size:25px;\n}\n.av-special-heading.av-kejm8gss-d2a74b50e97525bebb0825fc578234a8 .av-subheading{\nfont-size:15px;\n}\n<\/style>\n<div  class='av-special-heading av-kejm8gss-d2a74b50e97525bebb0825fc578234a8 av-special-heading-h3  avia-builder-el-0  avia-builder-el-no-sibling '><h3 class='av-special-heading-tag'  itemprop=\"headline\"  >Tiedustelu- ja pommituslento<\/h3><div class=\"special-heading-border\"><div class=\"special-heading-inner-border\"><\/div><\/div><\/div>\n<section  class='av_textblock_section av-kei9w74n-7b0f008125a778f48432b9a614d90d0f '   itemscope=\"itemscope\" itemtype=\"https:\/\/schema.org\/CreativeWork\" ><div class='avia_textblock'  itemprop=\"text\" ><p><strong>V\u00e4in\u00f6 Taivainen:<\/strong><\/p>\n<p>Kahdeskymmeneskolmas toukokuuta kello kaksikymment\u00e4 starttasi nelj\u00e4 Bristol Blenheim -pommituskonetta V\u00e4rtsil\u00e4n lentokent\u00e4lt\u00e4. Kohteena oli Muurmannin rata Karhum\u00e4en pohjoispuolella.<\/p>\n<p>Istuin radios\u00e4hk\u00f6tt\u00e4j\u00e4-konekiv\u00e4\u00e4riampujan lasikuvussa, kuten viidell\u00e4kymmenell\u00e4kolmella aikaisemmallakin lennollani. Ohjaajana oli kersantti Kalamo ja t\u00e4hyst\u00e4j\u00e4n\u00e4 v\u00e4nrikki Valio. Teht\u00e4v\u00e4 ei ollut tavallisuudesta poikkeava, vaan kuului rutiiniin.<\/p>\n<p>Kuitenkin tuntui ilmassa t\u00e4ll\u00e4 kerralla olevan enemm\u00e4n j\u00e4nnityst\u00e4 kuin tavallisesti.<\/p>\n<p>Ehk\u00e4 t\u00e4m\u00e4 johtui siit\u00e4, ett\u00e4 k\u00e4skynotolla oli kerrottu kovasta ilmatorjunnasta pommituskohteessa. Saksalaiset eiv\u00e4t olleet uskaltaneet pommittaa sit\u00e4 kolmeatuhatta metri\u00e4 alempaa, mutta meid\u00e4n lentokorkeudeksemme oli m\u00e4\u00e4r\u00e4tty yhdeks\u00e4nsataa metri\u00e4.<\/p>\n<p>Runsaan tunnin kuluttua olimme l\u00e4hell\u00e4 Sekehen kaupunkia ja aloimme etsi\u00e4 sopivaa maalia tyhjent\u00e4\u00e4ksemme pommilastimme vihollisen niskaan. Silloin taivas tuli silm\u00e4nr\u00e4p\u00e4yksess\u00e4 t\u00e4yteen mustia ja valkoisia r\u00e4j\u00e4ht\u00e4vi\u00e4 kahden- ja nelj\u00e4nkymmenen millin ilmatorjunta-ammuksia.<\/p>\n<p>Edess\u00e4 oli kuin ter\u00e4ssein\u00e4, ja tuntui kuin palavaa kettinki\u00e4 olisi kiemurrellut ymp\u00e4rill\u00e4mme valojuova-ammusten piirt\u00e4ess\u00e4 j\u00e4lkens\u00e4 kuulakkaalle iltataivaalle.<\/p>\n<p>Olin ollut mukana monessa leikiss\u00e4 aikaisemminkin, mutta t\u00e4llaista en ollut koskaan n\u00e4hnyt.<\/p>\n<p>Tajusin, ett\u00e4 ter\u00e4ssein\u00e4n l\u00e4pi oli mahdotonta p\u00e4\u00e4st\u00e4, mutta mieleenik\u00e4\u00e4n ei olisi juolahtanut k\u00e4\u00e4nty\u00e4 takaisin. Annoin nopeassa tahdissa ohjaajalle tietoja ammusten tulosuunnasta v\u00e4ist\u00f6liikkeit\u00e4 varten. Silloin t\u00e4hyst\u00e4j\u00e4, v\u00e4nrikki Valio, karjaisi \u00e4kki\u00e4 radiopuhelimeen:<\/p>\n<p>&#8211; Pintaan ja t\u00e4ysk\u00e4\u00e4nn\u00f6s, yrit\u00e4mme uudelleen enemm\u00e4n oikealta!<\/p>\n<p>Paikallaan k\u00e4\u00e4ntyv\u00e4 kone oli paras maalitaulu, ilmatorjuntamiesten toiveuni. Kersantti Kalamo oli kuitenkin jo ehtinyt k\u00e4\u00e4nt\u00e4\u00e4 koneen jyrkk\u00e4\u00e4n kaartoon.<\/p>\n<p>Kuului kaksi r\u00e4j\u00e4hdyst\u00e4 melkein samaan aikaan. Vasempaan tasoon ilmestyi noin puolen metrin levyinen reik\u00e4, ja toinen osuma tuli oikeaan moottoriin, joka pys\u00e4htyi. Kone painui sy\u00f6ksykierteeseen.<\/p>\n<p>Huusin puhelimeen: &#8211; Miten k\u00e4vi? En saanut vastausta.<\/p>\n<p>Vilkaistessani eteen n\u00e4in Valion aukaisevan kattoluukkua ja pyrkiv\u00e4n ulos koneesta. Tajusin, ett\u00e4 puhelinlaitteet olivat rikki. Tempaisin laskuvarjon telineelt\u00e4 kiinnitt\u00e4en sen hihnoihini ja aioin seurata Valion esimerkki\u00e4. Sain luukun auki koneen ollessa edelleenkin sy\u00f6ksykierteess\u00e4, ja sen heitelless\u00e4 minua sein\u00e4st\u00e4 sein\u00e4\u00e4n aloin ry\u00f6mi\u00e4 ulos. Ainoastaan puoli vartaloa sain koneen ulkopuolelle. Ilmanpaine ty\u00f6nsi minua takaisin koneeseen.<\/p>\n<p>Maa l\u00e4hestyi kieppuillen edess\u00e4ni.<\/p>\n<p>Ponnistelin kaikin voimin p\u00e4\u00e4st\u00e4kseni ulos koneesta. Mieless\u00e4ni oli yksi ainoa ajatus: nyt min\u00e4 kuolen, nyt min\u00e4 kuolen, nyt min\u00e4 kuolen. Yh\u00e4 uudelleen sama ajatus.<\/p>\n<p>Jokainen pelk\u00e4\u00e4 joskus. Itse muistan ensimm\u00e4isill\u00e4 sotalennoilla pel\u00e4nneeni vain yht\u00e4 asiaa: ettei ilmatorjunta-ammus sattuisi juuri istuimeni alle.<\/p>\n<p>Kummallinen pelon paikka.<\/p>\n<p>Mutta nyt kun kuolema oli aivan v\u00e4ist\u00e4m\u00e4tt\u00f6m\u00e4sti silmieni edess\u00e4, voin todella sanoa, ett\u00e4 pelollakin on rajansa. En tuntenut en\u00e4\u00e4 pelkoa. Maa l\u00e4hestyi, ponnistelin kaikin voimin ulos koneesta. Kun matkaa oli en\u00e4\u00e4 sata-kaksisataa metri\u00e4, voimat pettiv\u00e4t ja annoin periksi. Vaisto sanoi, ettei laskuvarjo kuitenkaan en\u00e4\u00e4 ehtisi aueta.<\/p>\n<p>Mutta kohtalo oli viel\u00e4 p\u00e4\u00e4tt\u00e4nyt toisin.<\/p>\n<p>Kalamo oli pysynyt paikoillaan odottaen, ett\u00e4 me olisimme p\u00e4\u00e4sseet ulos koneesta, ennen kuin itse hypp\u00e4isi. Samalla h\u00e4n oli yritt\u00e4nyt oikaista konetta.<\/p>\n<p>Ja ihme tapahtui. Noin viidenkymmenen metrin korkeudessa kone oikeni.<\/p>\n<p>Minulla oli edelleenkin puoli ruumista ulkona koneesta, kun koneen oietessa syntyi imu, joka veti minut ulos kuin ilmahyllylle.<\/p>\n<p>Aloin haparoida laskuvarjon laukaisinta. Huomasin kuitenkin, ett\u00e4 varjo oli tarttunut luukun taakse. Riipuin koneen vasemmalla sivulla laskuvarjohihnojen varassa. Samalla n\u00e4in, ett\u00e4 Valio roikkui vasemman tason p\u00e4\u00e4ll\u00e4. H\u00e4nenkin varjonsa oli tarttunut luukun taakse ja h\u00e4n oli my\u00f6s hihnojen varassa.<\/p>\n<p>Koetin huutaa: &#8211; Matti, min\u00e4kin olen t\u00e4\u00e4ll\u00e4, kun n\u00e4in h\u00e4nen haparoivan puukkoaan katkaistakseen hihnat ja pudotakseen kiven\u00e4 maahan.<\/p>\n<p>Tunsin, kuinka saapas irtosi jalastani ilmavirrassa, ja jostain k\u00e4sitt\u00e4m\u00e4tt\u00f6m\u00e4st\u00e4 syyst\u00e4 pudistelin irti toisenkin saappaan. Kalamo oli saanut hallituksi koneen, mutta korkeus laski jatkuvasti yhdell\u00e4 moottorilla ajettaessa, ja my\u00f6s meid\u00e4n ruumiimme haittasivat koneen lentoa, kun roikuimme koneesta ulkona. Tunsin kuinka jalkani hipoivat puiden latvoja. Muutamien metrien korkeudessa Kalamo pys\u00e4ytti vasemmankin moottorin, jolloin ilmavirta heitti minut koneen alle. Juuri ja juuri sain potkaistuksi itseni sivulle, kun t\u00e4ydess\u00e4 pommilastissa oleva kone rytisi It\u00e4-Karjalan suohon.<\/p>\n<p>Kalamo oli suorittanut onnistuneen pakkolaskun.<\/p>\n<p>Kuulin vain rytin\u00e4\u00e4, kun tajunta sammui.<\/p>\n<p>Kun her\u00e4sin n\u00e4in Valion irrottavan laskuvarjohihnojaan ja Kalamon k\u00f6mpiv\u00e4n ulos koneesta sanoen: &#8211; Oletteko viel\u00e4 t\u00e4\u00e4ll\u00e4? H\u00e4n oli luullut meid\u00e4n hyp\u00e4nneen. H\u00e4n ei lennon aikana ollut n\u00e4hnyt taakseen, mit\u00e4 meille tapahtui.<\/p>\n<p>Ensimm\u00e4inen reaktio noustessani pystyyn puhkesi sanoiksi:<\/p>\n<p>&#8211; T\u00e4\u00e4ll\u00e4h\u00e4n kukkuu k\u00e4ki niin kuin Suomessa.<\/p>\n<p>Ymp\u00e4rill\u00e4 oli t\u00e4ysi hiljaisuus, ja k\u00e4en kukunta kuului.<\/p>\n<p>Kuulin samassa sanat:<\/p>\n<p>&#8211; Nyt emme enn\u00e4t\u00e4 kuuntelemaan k\u00e4en kukuntoja, meill\u00e4 on kiire.<\/p>\n<p>En malttanut viel\u00e4 olla nyk\u00e4isem\u00e4tt\u00e4 laskuvarjon laukaisinta: olisiko varjo auennut. Se aukesi.<\/p>\n<p>Virkistyin nopeasti, ja ker\u00e4simme rautaisannosreppumme, k\u00e4siaseistuksemme, kartat ja kompassin sek\u00e4 radiokoodin. Ammuimme konepistoolilla bensiinitankkeihin saadaksemme koneen tuleen, mutta se ei onnistunut, koska tankeissa olivat kumisuojukset. Samassa alkoi mets\u00e4st\u00e4 kuulua \u00e4\u00e4ni\u00e4. Ven\u00e4l\u00e4iset olivat l\u00e4hteneet ajamaan meit\u00e4 takaa. Olimme kaksisataa kilometri\u00e4 linjojen takana keskell\u00e4 vihollisen ilmatorjuntapatteristoja ja huoltokuljetuksia It\u00e4-Karjalan suolla.<\/p>\n<p>Ei ollut muuta mahdollisuutta kuin l\u00e4hte\u00e4 pakoon it\u00e4\u00e4 kohti. Sielt\u00e4p\u00e4in ne eiv\u00e4t meit\u00e4 varmaan ensiksi etsisi.<\/p>\n<p>Nelj\u00e4 p\u00e4iv\u00e4\u00e4 ja y\u00f6t\u00e4 risteilimme It\u00e4-Karjalan soilla kiert\u00e4\u00e4ksemme rintaman ja p\u00e4\u00e4st\u00e4ksemme kotiin. Jouduimme vihollisen kanssa tulitaisteluihin, joissa toverini menettiv\u00e4t henkens\u00e4. Itse jouduin nelj\u00e4nten\u00e4 p\u00e4iv\u00e4n\u00e4 vangiksi.<\/p>\n<p>Toiset koneemme, jotka olivat lent\u00e4neet sivummalla, selvisiv\u00e4t kotiin ja tekiv\u00e4t ilmoituksen, ettei kukaan meist\u00e4 voinut selvit\u00e4 hengiss\u00e4. Minutkin julistettiin kuolleeksi ja haudattiin poissaolevana Hietaniemen sankarihautaan.<\/p>\n<p>Kansa taisteli &#8211; miehet kertovat -lehti<\/p>\n<\/div><\/section>\n<section  class='av_textblock_section av-av_textblock-445188a952fb265869ea404d0e52fad7 '   itemscope=\"itemscope\" itemtype=\"https:\/\/schema.org\/CreativeWork\" ><div class='avia_textblock'  itemprop=\"text\" ><p>0<\/p>\n<\/div><\/section>\n","protected":false},"excerpt":{"rendered":"","protected":false},"author":2,"featured_media":0,"parent":2206,"menu_order":2,"comment_status":"closed","ping_status":"closed","template":"","meta":{"footnotes":""},"class_list":["post-2299","page","type-page","status-publish","hentry"],"yoast_head":"<!-- This site is optimized with the Yoast SEO plugin v27.5 - https:\/\/yoast.com\/product\/yoast-seo-wordpress\/ -->\n<title>Tiedustelu- ja pommituslento - Veteraanien Perint\u00f6<\/title>\n<meta name=\"robots\" content=\"index, follow, max-snippet:-1, max-image-preview:large, max-video-preview:-1\" \/>\n<link rel=\"canonical\" href=\"https:\/\/veteraanienperinto.fi\/index.php\/jatkosota-etusivu\/jatkosodan-kertomukset\/sotatoimet\/asemasota\/tiedustelu-ja-pommituslento\/\" \/>\n<meta property=\"og:locale\" content=\"fi_FI\" \/>\n<meta property=\"og:type\" content=\"article\" \/>\n<meta property=\"og:title\" content=\"Tiedustelu- ja pommituslento - Veteraanien Perint\u00f6\" \/>\n<meta property=\"og:url\" content=\"https:\/\/veteraanienperinto.fi\/index.php\/jatkosota-etusivu\/jatkosodan-kertomukset\/sotatoimet\/asemasota\/tiedustelu-ja-pommituslento\/\" \/>\n<meta property=\"og:site_name\" content=\"Veteraanien Perint\u00f6\" \/>\n<meta name=\"twitter:card\" content=\"summary_large_image\" \/>\n<meta name=\"twitter:label1\" content=\"Arvioitu lukuaika\" \/>\n\t<meta name=\"twitter:data1\" content=\"5 minuuttia\" \/>\n<script type=\"application\/ld+json\" class=\"yoast-schema-graph\">{\"@context\":\"https:\\\/\\\/schema.org\",\"@graph\":[{\"@type\":\"WebPage\",\"@id\":\"https:\\\/\\\/veteraanienperinto.fi\\\/index.php\\\/jatkosota-etusivu\\\/jatkosodan-kertomukset\\\/sotatoimet\\\/asemasota\\\/tiedustelu-ja-pommituslento\\\/\",\"url\":\"https:\\\/\\\/veteraanienperinto.fi\\\/index.php\\\/jatkosota-etusivu\\\/jatkosodan-kertomukset\\\/sotatoimet\\\/asemasota\\\/tiedustelu-ja-pommituslento\\\/\",\"name\":\"Tiedustelu- ja pommituslento - Veteraanien Perint\u00f6\",\"isPartOf\":{\"@id\":\"https:\\\/\\\/veteraanienperinto.fi\\\/#website\"},\"datePublished\":\"2020-09-01T07:14:24+00:00\",\"breadcrumb\":{\"@id\":\"https:\\\/\\\/veteraanienperinto.fi\\\/index.php\\\/jatkosota-etusivu\\\/jatkosodan-kertomukset\\\/sotatoimet\\\/asemasota\\\/tiedustelu-ja-pommituslento\\\/#breadcrumb\"},\"inLanguage\":\"fi\",\"potentialAction\":[{\"@type\":\"ReadAction\",\"target\":[\"https:\\\/\\\/veteraanienperinto.fi\\\/index.php\\\/jatkosota-etusivu\\\/jatkosodan-kertomukset\\\/sotatoimet\\\/asemasota\\\/tiedustelu-ja-pommituslento\\\/\"]}]},{\"@type\":\"BreadcrumbList\",\"@id\":\"https:\\\/\\\/veteraanienperinto.fi\\\/index.php\\\/jatkosota-etusivu\\\/jatkosodan-kertomukset\\\/sotatoimet\\\/asemasota\\\/tiedustelu-ja-pommituslento\\\/#breadcrumb\",\"itemListElement\":[{\"@type\":\"ListItem\",\"position\":1,\"name\":\"Etusivu\",\"item\":\"https:\\\/\\\/veteraanienperinto.fi\\\/index.php\\\/etusivu-2\\\/\"},{\"@type\":\"ListItem\",\"position\":2,\"name\":\"Jatkosota &#8211; etusivu\",\"item\":\"https:\\\/\\\/veteraanienperinto.fi\\\/index.php\\\/jatkosota-etusivu\\\/\"},{\"@type\":\"ListItem\",\"position\":3,\"name\":\"Jatkosodan kertomukset\",\"item\":\"https:\\\/\\\/veteraanienperinto.fi\\\/index.php\\\/jatkosota-etusivu\\\/jatkosodan-kertomukset\\\/\"},{\"@type\":\"ListItem\",\"position\":4,\"name\":\"Sotatoimet\",\"item\":\"https:\\\/\\\/veteraanienperinto.fi\\\/index.php\\\/jatkosota-etusivu\\\/jatkosodan-kertomukset\\\/sotatoimet\\\/\"},{\"@type\":\"ListItem\",\"position\":5,\"name\":\"Asemasota\",\"item\":\"https:\\\/\\\/veteraanienperinto.fi\\\/index.php\\\/jatkosota-etusivu\\\/jatkosodan-kertomukset\\\/sotatoimet\\\/asemasota\\\/\"},{\"@type\":\"ListItem\",\"position\":6,\"name\":\"Tiedustelu- ja pommituslento\"}]},{\"@type\":\"WebSite\",\"@id\":\"https:\\\/\\\/veteraanienperinto.fi\\\/#website\",\"url\":\"https:\\\/\\\/veteraanienperinto.fi\\\/\",\"name\":\"Veteraanien Perint\u00f6\",\"description\":\"Kadettikunta\",\"potentialAction\":[{\"@type\":\"SearchAction\",\"target\":{\"@type\":\"EntryPoint\",\"urlTemplate\":\"https:\\\/\\\/veteraanienperinto.fi\\\/?s={search_term_string}\"},\"query-input\":{\"@type\":\"PropertyValueSpecification\",\"valueRequired\":true,\"valueName\":\"search_term_string\"}}],\"inLanguage\":\"fi\"}]}<\/script>\n<!-- \/ Yoast SEO plugin. -->","yoast_head_json":{"title":"Tiedustelu- ja pommituslento - Veteraanien Perint\u00f6","robots":{"index":"index","follow":"follow","max-snippet":"max-snippet:-1","max-image-preview":"max-image-preview:large","max-video-preview":"max-video-preview:-1"},"canonical":"https:\/\/veteraanienperinto.fi\/index.php\/jatkosota-etusivu\/jatkosodan-kertomukset\/sotatoimet\/asemasota\/tiedustelu-ja-pommituslento\/","og_locale":"fi_FI","og_type":"article","og_title":"Tiedustelu- ja pommituslento - Veteraanien Perint\u00f6","og_url":"https:\/\/veteraanienperinto.fi\/index.php\/jatkosota-etusivu\/jatkosodan-kertomukset\/sotatoimet\/asemasota\/tiedustelu-ja-pommituslento\/","og_site_name":"Veteraanien Perint\u00f6","twitter_card":"summary_large_image","twitter_misc":{"Arvioitu lukuaika":"5 minuuttia"},"schema":{"@context":"https:\/\/schema.org","@graph":[{"@type":"WebPage","@id":"https:\/\/veteraanienperinto.fi\/index.php\/jatkosota-etusivu\/jatkosodan-kertomukset\/sotatoimet\/asemasota\/tiedustelu-ja-pommituslento\/","url":"https:\/\/veteraanienperinto.fi\/index.php\/jatkosota-etusivu\/jatkosodan-kertomukset\/sotatoimet\/asemasota\/tiedustelu-ja-pommituslento\/","name":"Tiedustelu- ja pommituslento - Veteraanien Perint\u00f6","isPartOf":{"@id":"https:\/\/veteraanienperinto.fi\/#website"},"datePublished":"2020-09-01T07:14:24+00:00","breadcrumb":{"@id":"https:\/\/veteraanienperinto.fi\/index.php\/jatkosota-etusivu\/jatkosodan-kertomukset\/sotatoimet\/asemasota\/tiedustelu-ja-pommituslento\/#breadcrumb"},"inLanguage":"fi","potentialAction":[{"@type":"ReadAction","target":["https:\/\/veteraanienperinto.fi\/index.php\/jatkosota-etusivu\/jatkosodan-kertomukset\/sotatoimet\/asemasota\/tiedustelu-ja-pommituslento\/"]}]},{"@type":"BreadcrumbList","@id":"https:\/\/veteraanienperinto.fi\/index.php\/jatkosota-etusivu\/jatkosodan-kertomukset\/sotatoimet\/asemasota\/tiedustelu-ja-pommituslento\/#breadcrumb","itemListElement":[{"@type":"ListItem","position":1,"name":"Etusivu","item":"https:\/\/veteraanienperinto.fi\/index.php\/etusivu-2\/"},{"@type":"ListItem","position":2,"name":"Jatkosota &#8211; etusivu","item":"https:\/\/veteraanienperinto.fi\/index.php\/jatkosota-etusivu\/"},{"@type":"ListItem","position":3,"name":"Jatkosodan kertomukset","item":"https:\/\/veteraanienperinto.fi\/index.php\/jatkosota-etusivu\/jatkosodan-kertomukset\/"},{"@type":"ListItem","position":4,"name":"Sotatoimet","item":"https:\/\/veteraanienperinto.fi\/index.php\/jatkosota-etusivu\/jatkosodan-kertomukset\/sotatoimet\/"},{"@type":"ListItem","position":5,"name":"Asemasota","item":"https:\/\/veteraanienperinto.fi\/index.php\/jatkosota-etusivu\/jatkosodan-kertomukset\/sotatoimet\/asemasota\/"},{"@type":"ListItem","position":6,"name":"Tiedustelu- ja pommituslento"}]},{"@type":"WebSite","@id":"https:\/\/veteraanienperinto.fi\/#website","url":"https:\/\/veteraanienperinto.fi\/","name":"Veteraanien Perint\u00f6","description":"Kadettikunta","potentialAction":[{"@type":"SearchAction","target":{"@type":"EntryPoint","urlTemplate":"https:\/\/veteraanienperinto.fi\/?s={search_term_string}"},"query-input":{"@type":"PropertyValueSpecification","valueRequired":true,"valueName":"search_term_string"}}],"inLanguage":"fi"}]}},"_links":{"self":[{"href":"https:\/\/veteraanienperinto.fi\/index.php\/wp-json\/wp\/v2\/pages\/2299","targetHints":{"allow":["GET"]}}],"collection":[{"href":"https:\/\/veteraanienperinto.fi\/index.php\/wp-json\/wp\/v2\/pages"}],"about":[{"href":"https:\/\/veteraanienperinto.fi\/index.php\/wp-json\/wp\/v2\/types\/page"}],"author":[{"embeddable":true,"href":"https:\/\/veteraanienperinto.fi\/index.php\/wp-json\/wp\/v2\/users\/2"}],"replies":[{"embeddable":true,"href":"https:\/\/veteraanienperinto.fi\/index.php\/wp-json\/wp\/v2\/comments?post=2299"}],"version-history":[{"count":2,"href":"https:\/\/veteraanienperinto.fi\/index.php\/wp-json\/wp\/v2\/pages\/2299\/revisions"}],"predecessor-version":[{"id":5991,"href":"https:\/\/veteraanienperinto.fi\/index.php\/wp-json\/wp\/v2\/pages\/2299\/revisions\/5991"}],"up":[{"embeddable":true,"href":"https:\/\/veteraanienperinto.fi\/index.php\/wp-json\/wp\/v2\/pages\/2206"}],"wp:attachment":[{"href":"https:\/\/veteraanienperinto.fi\/index.php\/wp-json\/wp\/v2\/media?parent=2299"}],"curies":[{"name":"wp","href":"https:\/\/api.w.org\/{rel}","templated":true}]}}