{"id":2319,"date":"2020-09-01T07:23:27","date_gmt":"2020-09-01T07:23:27","guid":{"rendered":"https:\/\/veteraani.ylirotu.fi\/?page_id=2319"},"modified":"2020-12-15T16:39:26","modified_gmt":"2020-12-15T16:39:26","slug":"tarkka-ampujat","status":"publish","type":"page","link":"https:\/\/veteraanienperinto.fi\/index.php\/jatkosota-etusivu\/jatkosodan-kertomukset\/sotatoimet\/asemasota\/tarkka-ampujat\/","title":{"rendered":"Tarkka-ampujat"},"content":{"rendered":"\n<style type=\"text\/css\" data-created_by=\"avia_inline_auto\" id=\"style-css-av-av_heading-0e0f19bf9f7db4c09b642c5d8fd84e0b\">\n#top .av-special-heading.av-av_heading-0e0f19bf9f7db4c09b642c5d8fd84e0b{\npadding-bottom:5px;\n}\nbody .av-special-heading.av-av_heading-0e0f19bf9f7db4c09b642c5d8fd84e0b .av-special-heading-tag .heading-char{\nfont-size:25px;\n}\n.av-special-heading.av-av_heading-0e0f19bf9f7db4c09b642c5d8fd84e0b .av-subheading{\nfont-size:15px;\n}\n<\/style>\n<div  class='av-special-heading av-av_heading-0e0f19bf9f7db4c09b642c5d8fd84e0b av-special-heading-h3  avia-builder-el-0  avia-builder-el-no-sibling '><h3 class='av-special-heading-tag'  itemprop=\"headline\"  >Tarkka-ampujat<\/h3><div class=\"special-heading-border\"><div class=\"special-heading-inner-border\"><\/div><\/div><\/div>\n<section  class='av_textblock_section av-kei9w74n-7b0f008125a778f48432b9a614d90d0f '   itemscope=\"itemscope\" itemtype=\"https:\/\/schema.org\/CreativeWork\" ><div class='avia_textblock'  itemprop=\"text\" ><p><strong>Onni P. Repo:<\/strong><\/p>\n<p>Tammi-helmikuun vaihteessa astui minua yhdeks\u00e4n vuotta nuorempi veljeni palvelukseen Karjalan kannakselle Raasulin maantien suunnalle.<\/p>\n<p>Olin ahkerassa kirjeenvaihdossa h\u00e4nen kanssaan.<\/p>\n<p>Sodan monenlaisia kolauksia kokeneena teki mieleni ohjata velje\u00e4ni etulinjan teht\u00e4viss\u00e4. Moni oli nuoruuden varomattomuudessa liiaksi rohkea. Kun tarkka-ampujan luoti oli uurtanut haavan minunkin p\u00e4\u00e4lakeeni, varoitin kokematonta velje\u00e4ni heti seuraavassa kirjeess\u00e4 vihollisen tarkka-ampujista. Sotasensuuri oli kuitenkin tuhrinut kirjeest\u00e4 varoituspaikan kyn\u00e4ll\u00e4 pois. T\u00e4m\u00e4n vuoksi veljeni kysyi viimeisess\u00e4 kirjeess\u00e4\u00e4n, mit\u00e4 olin kirjoittanut paikkaan, joka oli sotattu, niin ettei siit\u00e4 saanut selv\u00e4\u00e4.<\/p>\n<p>Arvasin, ettei kirjeest\u00e4 ollut muuta pyyhitty kuin varoitukseni vihollisen tarkka-ampujista. Kirjoitin heti veljelleni uuden kirjeen, mutta se palautettiin. Kuoren p\u00e4\u00e4lle oli merkitty vain:<\/p>\n<p><em>&#8221;Takaisin l\u00e4hett\u00e4j\u00e4lle, osoitteenomistaja kaatunut.&#8221;<\/em><\/p>\n<p>Veljeni rintamataistelut p\u00e4\u00e4ttyiv\u00e4t n\u00e4in ollen yhdess\u00e4 kuukaudessa.<\/p>\n<p>Viikkoa ennen veljemme kaatumista kirjoitti nuorempi sisareni minulle koti-Suomesta kirjeen, jossa h\u00e4n kertoi n\u00e4hneens\u00e4 merkillisen unen ja arveli, ett\u00e4 n\u00e4ink\u00f6h\u00e4n l\u00e4hiaikoina menet\u00e4mme Oskari-veljemme kaatuneena rintamalle. H\u00e4nen mielest\u00e4\u00e4n uni enteili jotain sellaista.<\/p>\n<p>Unessaan sisareni oli n\u00e4hnyt kaksi valkoista hevosta, jotka olivat l\u00e4hestyneet h\u00e4nt\u00e4, ja Oskari-veljeni oli istunut toisen hevosen sel\u00e4ss\u00e4 vaaleassa viitassa. L\u00e4hetess\u00e4\u00e4n h\u00e4n oli sanonut hauskasti hymyillen, ett\u00e4 h\u00e4n tulee sisartanikin katsomaan viel\u00e4 l\u00e4htiess\u00e4\u00e4n, mutta kun t\u00e4m\u00e4 oli alkanut toivottaa h\u00e4nt\u00e4 tervetulleeksi, silloin valkoiset hevoset muuttuivatkin valkoisiksi enkeleiksi, jotka alkoivat nousta taivasta kohden ja vied\u00e4 Oskaria vaaleassa viitassaan k\u00e4sist\u00e4 kiinni pit\u00e4en mukanaan. Sisareni oli alkanut h\u00e4diss\u00e4\u00e4n huutaa Oskarille, ettei t\u00e4m\u00e4 j\u00e4tt\u00e4isi h\u00e4nt\u00e4, mutta siit\u00e4 huolimatta veli h\u00e4ipyi enkelien mukana sanomatta en\u00e4\u00e4 mit\u00e4\u00e4n.<\/p>\n<p>Luettuani sisareni l\u00e4hett\u00e4m\u00e4n kirjeen korsun lavitsalla sattui minun sisimp\u00e4\u00e4ni niin ankarasti, ett\u00e4 mieluimmin olisin ollut itse sisareni unen kohteena. K\u00e4teni vapisivat hetken, ennen kuin pystyin jatkamaan kirjeen lukemista. Viel\u00e4 en kuitenkaan saanut tunnetta, ett\u00e4 veljeni tulisi kaatumaan. Tiesin kyll\u00e4kin el\u00e4m\u00e4n sodassa etulinjan riveiss\u00e4 hyvin ep\u00e4varmaksi.<\/p>\n<p>Mutta edellisen\u00e4 y\u00f6n\u00e4, kun veljeni kaatui helmikuun 24. p\u00e4iv\u00e4n\u00e4 kello kahdeksan aamulla, olin suorastaan tuskissani, en tosin ensink\u00e4\u00e4n omasta kohtalostani, vaan veljeni takia. Olin v\u00e4synyt, mutta en saanut kunnolla unta, ja sen ajan mink\u00e4 olin unta saavinani, kaiken maailman painajaiset olivat minua h\u00e4iritsem\u00e4ss\u00e4.<\/p>\n<p>En saanut hetkeksik\u00e4\u00e4n velje\u00e4ni j\u00e4\u00e4m\u00e4\u00e4n mielest\u00e4ni. Tuntui aivan kuin olisin tehnyt kuolemaa h\u00e4nen edest\u00e4\u00e4n.<\/p>\n<p>Aamuy\u00f6st\u00e4 menin konekiv\u00e4\u00e4ripes\u00e4kkeelle vartioon ja olin siell\u00e4kin rauhaton. Suorastaan k\u00e4det ristiss\u00e4 rukoilin h\u00e4nen puolestaan. Toivoin helpotuksekseni, ett\u00e4 olisin vaikka sen konekiv\u00e4\u00e4rin takana saanut hetken keskustella h\u00e4nen kanssaan. Mutta kaikki toiveeni tuntuivat tyhjilt\u00e4, sill\u00e4 tunsin, etten en\u00e4\u00e4 voisi saada estetyksi h\u00e4nen menetyst\u00e4\u00e4n. Viel\u00e4p\u00e4 hartaasti toivoin, ett\u00e4 olisin saanut vanhempana veljen\u00e4 kaatua h\u00e4nen edest\u00e4\u00e4n. Sen j\u00e4lkeen en ole koskaan toivonut itselleni kuolemaa miss\u00e4\u00e4n vaiheessa tai kenenk\u00e4\u00e4n edest\u00e4. Mutta tuolloin olin ihmeellisess\u00e4 tilassa.<\/p>\n<p>Koitti sitten pilvinen p\u00e4iv\u00e4, ja tuskallinen oloni oli ohi, mutta jotenkin olin synkk\u00e4mielinen. Siit\u00e4 sain huomautuksia kavereiltakin. Tietysti tuollainen kiinnitti alaistenikin huomiota, kun tavallisesti olin huumoria yll\u00e4pit\u00e4v\u00e4 korsun esimies. Satoi lunta ja ilta alkoi h\u00e4m\u00e4rt\u00e4\u00e4. Minut k\u00e4ytiin kutsumassa naapurikorsussa olevaan puhelimeen. Se ei minua juuri j\u00e4rkytt\u00e4nyt, sill\u00e4 nyt tunsin olevani varma, ett\u00e4 kysymyksess\u00e4 oli surunviesti nuoremman veljeni kaatumisesta.<\/p>\n<p>&#8211; Onkohan taas kahinoita tulossa? sanoi joku korsun nurkasta.<\/p>\n<p>&#8211; Ei kai teille, mutta minulle ehk\u00e4 surunviesti veljest\u00e4ni.<\/p>\n<p>&#8211; Mist\u00e4 sen tied\u00e4t? kysyi Kuisma.<\/p>\n<p>&#8211; Tuntuu varmalta, sanoin ennen kuin suljin korsun oven l\u00e4htiess\u00e4ni.<\/p>\n<p>Tallustelin kuudenkymmenen metrin p\u00e4\u00e4ss\u00e4 olevaan korsuun, jossa puhelu odotti. Otin kuulokkeen k\u00e4teeni ja ilmoitin nimeni.<\/p>\n<p>&#8211; T\u00e4\u00e4ll\u00e4 kapteeni Halme, iltaa. H\u00e4n ysk\u00e4isi ensin ja aivan kuin etsi sopivia sanoja vaikutuksen lievent\u00e4miseksi. &#8211; Minun on ilmoitettava teille ik\u00e4v\u00e4 viesti. Veljenne on kaatunut.<\/p>\n<p>&#8211; Olen sen jo aavistanut, sanoin h\u00e4nelle.<\/p>\n<p>&#8211; Niink\u00f6 ihmeess\u00e4? h\u00e4n sanoi ja jatkoi:<\/p>\n<p>&#8211; Veljenne haudataan Parikkalan sankarihautaan niin pian kuin toimitusaika saadaan hoidetuksi. Min\u00e4 j\u00e4rjest\u00e4n teille loman. Teh\u00e4n pian muutenkin alkaisitte olla lomavuorossa. L\u00e4hden itsekin lomalle Suomeen helmikuun 28. p\u00e4iv\u00e4n aamulla. Tuletteko samaan matkaan?<\/p>\n<p>&#8211; Tulen, tulen tietysti, herra kapteeni.<\/p>\n<p>&#8211; J\u00e4rjest\u00e4n teille lomalitterat valmiiksi. Onhan meill\u00e4 sent\u00e4\u00e4n pitk\u00e4 matka t\u00e4\u00e4lt\u00e4 \u00c4\u00e4nisen etel\u00e4p\u00e4\u00e4st\u00e4 Suomeen saakka.<\/p>\n<p>Min\u00e4 kiitin kapteenia lomaj\u00e4rjestelyst\u00e4.<\/p>\n<p>Veljemme kaatuminen oli siis tosiasia, ja me nuoremman sisareni kanssa olimme ennakolta kokeneet h\u00e4nen kuolemansa.<\/p>\n<p>Veljeni hautajaisten aikana my\u00f6s vanhempi sisareni kertoi ihmeellisest\u00e4 unestaan, jonka oli n\u00e4hnyt juuri edellisen\u00e4 y\u00f6n\u00e4 ennen veljemme kaatumista. H\u00e4n oli unessaan keskustellut veljemme kanssa kaikessa sovussa ja he olivat k\u00e4telleet. Mutta kun veli alkoi sitten l\u00e4hte\u00e4, h\u00e4n katosikin \u00e4kki\u00e4 maailman valjetessa ja vilahti vain olemattomiin valkeuden keskell\u00e4.<\/p>\n<p>Unesta her\u00e4tty\u00e4\u00e4n sisareni oli tuntenut jotain erikoista sin\u00e4 aamuna tapahtuvan ja arvellut, ett\u00e4 merkitsik\u00f6h\u00e4n tuo uni Oskari-veljen kuolemaa sodassa. Puhumatta asiasta silloin mit\u00e4\u00e4n h\u00e4n oli odotellut vain arkaillen, milloin kuolon viesti tuotaisiin. Sitten se pian tulikin kentt\u00e4papin l\u00e4hett\u00e4m\u00e4n\u00e4.<\/p>\n<p>Vanhempi veljeni, joka ei ollut sotarintamalla, ei taas ainakaan muistanut n\u00e4hneens\u00e4 tai tunteneensa mit\u00e4\u00e4n enteit\u00e4 nuoremman veljemme kaatumisesta. Kun kuoleman viesti kaatuneesta veljest\u00e4 tuli, se j\u00e4rkytti h\u00e4nen mielt\u00e4\u00e4n niin kuin aina l\u00e4heisen omaisen \u00e4killinen kuolema vaikuttaa.<\/p>\n<p>Kolme meist\u00e4 sisaruksista oli siis kuin ennakolta varautunut surunviestiin veljemme kaatumisesta.<\/p>\n<p>Oliko nuorempi veljemme ennen kaatumistaan mahdollisesti n\u00e4hnyt tai kokenut samantapaista kuin me sisarukset, siit\u00e4 ei ole tietoa. Tiedet\u00e4\u00e4n vain, ett\u00e4 vihollisen tarkka-ampujan luoti osui h\u00e4nen suuhunsa ja tuli niskasta ulos. Viimeinen h\u00e4nen suustaan tullut sana oli ollut: \u0094\u00c4i-ii-tii\u0094, ennen kuin h\u00e4n kaatui kuolleena toverinsa viereen.<\/p>\n<p>Kansa taisteli &#8211; miehet kertovat -lehti<\/p>\n<\/div><\/section>\n<section  class='av_textblock_section av-39wy5b-53bb023b6a87afaac5d6251a25db2f7d '   itemscope=\"itemscope\" itemtype=\"https:\/\/schema.org\/CreativeWork\" ><div class='avia_textblock'  itemprop=\"text\" ><p>0<\/p>\n<\/div><\/section>\n","protected":false},"excerpt":{"rendered":"","protected":false},"author":2,"featured_media":0,"parent":2206,"menu_order":8,"comment_status":"closed","ping_status":"closed","template":"","meta":{"footnotes":""},"class_list":["post-2319","page","type-page","status-publish","hentry"],"yoast_head":"<!-- This site is optimized with the Yoast SEO plugin v27.6 - https:\/\/yoast.com\/product\/yoast-seo-wordpress\/ -->\n<title>Tarkka-ampujat - Veteraanien Perint\u00f6<\/title>\n<meta name=\"robots\" content=\"index, follow, max-snippet:-1, max-image-preview:large, max-video-preview:-1\" \/>\n<link rel=\"canonical\" href=\"https:\/\/veteraanienperinto.fi\/index.php\/jatkosota-etusivu\/jatkosodan-kertomukset\/sotatoimet\/asemasota\/tarkka-ampujat\/\" \/>\n<meta property=\"og:locale\" content=\"fi_FI\" \/>\n<meta property=\"og:type\" content=\"article\" \/>\n<meta property=\"og:title\" content=\"Tarkka-ampujat - Veteraanien Perint\u00f6\" \/>\n<meta property=\"og:url\" content=\"https:\/\/veteraanienperinto.fi\/index.php\/jatkosota-etusivu\/jatkosodan-kertomukset\/sotatoimet\/asemasota\/tarkka-ampujat\/\" \/>\n<meta property=\"og:site_name\" content=\"Veteraanien Perint\u00f6\" \/>\n<meta property=\"article:modified_time\" content=\"2020-12-15T16:39:26+00:00\" \/>\n<meta name=\"twitter:card\" content=\"summary_large_image\" \/>\n<meta name=\"twitter:label1\" content=\"Arvioitu lukuaika\" \/>\n\t<meta name=\"twitter:data1\" content=\"6 minuuttia\" \/>\n<script type=\"application\/ld+json\" class=\"yoast-schema-graph\">{\"@context\":\"https:\\\/\\\/schema.org\",\"@graph\":[{\"@type\":\"WebPage\",\"@id\":\"https:\\\/\\\/veteraanienperinto.fi\\\/index.php\\\/jatkosota-etusivu\\\/jatkosodan-kertomukset\\\/sotatoimet\\\/asemasota\\\/tarkka-ampujat\\\/\",\"url\":\"https:\\\/\\\/veteraanienperinto.fi\\\/index.php\\\/jatkosota-etusivu\\\/jatkosodan-kertomukset\\\/sotatoimet\\\/asemasota\\\/tarkka-ampujat\\\/\",\"name\":\"Tarkka-ampujat - Veteraanien Perint\u00f6\",\"isPartOf\":{\"@id\":\"https:\\\/\\\/veteraanienperinto.fi\\\/#website\"},\"datePublished\":\"2020-09-01T07:23:27+00:00\",\"dateModified\":\"2020-12-15T16:39:26+00:00\",\"breadcrumb\":{\"@id\":\"https:\\\/\\\/veteraanienperinto.fi\\\/index.php\\\/jatkosota-etusivu\\\/jatkosodan-kertomukset\\\/sotatoimet\\\/asemasota\\\/tarkka-ampujat\\\/#breadcrumb\"},\"inLanguage\":\"fi\",\"potentialAction\":[{\"@type\":\"ReadAction\",\"target\":[\"https:\\\/\\\/veteraanienperinto.fi\\\/index.php\\\/jatkosota-etusivu\\\/jatkosodan-kertomukset\\\/sotatoimet\\\/asemasota\\\/tarkka-ampujat\\\/\"]}]},{\"@type\":\"BreadcrumbList\",\"@id\":\"https:\\\/\\\/veteraanienperinto.fi\\\/index.php\\\/jatkosota-etusivu\\\/jatkosodan-kertomukset\\\/sotatoimet\\\/asemasota\\\/tarkka-ampujat\\\/#breadcrumb\",\"itemListElement\":[{\"@type\":\"ListItem\",\"position\":1,\"name\":\"Etusivu\",\"item\":\"https:\\\/\\\/veteraanienperinto.fi\\\/index.php\\\/etusivu-2\\\/\"},{\"@type\":\"ListItem\",\"position\":2,\"name\":\"Jatkosota &#8211; etusivu\",\"item\":\"https:\\\/\\\/veteraanienperinto.fi\\\/index.php\\\/jatkosota-etusivu\\\/\"},{\"@type\":\"ListItem\",\"position\":3,\"name\":\"Jatkosodan kertomukset\",\"item\":\"https:\\\/\\\/veteraanienperinto.fi\\\/index.php\\\/jatkosota-etusivu\\\/jatkosodan-kertomukset\\\/\"},{\"@type\":\"ListItem\",\"position\":4,\"name\":\"Sotatoimet\",\"item\":\"https:\\\/\\\/veteraanienperinto.fi\\\/index.php\\\/jatkosota-etusivu\\\/jatkosodan-kertomukset\\\/sotatoimet\\\/\"},{\"@type\":\"ListItem\",\"position\":5,\"name\":\"Asemasota\",\"item\":\"https:\\\/\\\/veteraanienperinto.fi\\\/index.php\\\/jatkosota-etusivu\\\/jatkosodan-kertomukset\\\/sotatoimet\\\/asemasota\\\/\"},{\"@type\":\"ListItem\",\"position\":6,\"name\":\"Tarkka-ampujat\"}]},{\"@type\":\"WebSite\",\"@id\":\"https:\\\/\\\/veteraanienperinto.fi\\\/#website\",\"url\":\"https:\\\/\\\/veteraanienperinto.fi\\\/\",\"name\":\"Veteraanien Perint\u00f6\",\"description\":\"Kadettikunta\",\"potentialAction\":[{\"@type\":\"SearchAction\",\"target\":{\"@type\":\"EntryPoint\",\"urlTemplate\":\"https:\\\/\\\/veteraanienperinto.fi\\\/?s={search_term_string}\"},\"query-input\":{\"@type\":\"PropertyValueSpecification\",\"valueRequired\":true,\"valueName\":\"search_term_string\"}}],\"inLanguage\":\"fi\"}]}<\/script>\n<!-- \/ Yoast SEO plugin. -->","yoast_head_json":{"title":"Tarkka-ampujat - Veteraanien Perint\u00f6","robots":{"index":"index","follow":"follow","max-snippet":"max-snippet:-1","max-image-preview":"max-image-preview:large","max-video-preview":"max-video-preview:-1"},"canonical":"https:\/\/veteraanienperinto.fi\/index.php\/jatkosota-etusivu\/jatkosodan-kertomukset\/sotatoimet\/asemasota\/tarkka-ampujat\/","og_locale":"fi_FI","og_type":"article","og_title":"Tarkka-ampujat - Veteraanien Perint\u00f6","og_url":"https:\/\/veteraanienperinto.fi\/index.php\/jatkosota-etusivu\/jatkosodan-kertomukset\/sotatoimet\/asemasota\/tarkka-ampujat\/","og_site_name":"Veteraanien Perint\u00f6","article_modified_time":"2020-12-15T16:39:26+00:00","twitter_card":"summary_large_image","twitter_misc":{"Arvioitu lukuaika":"6 minuuttia"},"schema":{"@context":"https:\/\/schema.org","@graph":[{"@type":"WebPage","@id":"https:\/\/veteraanienperinto.fi\/index.php\/jatkosota-etusivu\/jatkosodan-kertomukset\/sotatoimet\/asemasota\/tarkka-ampujat\/","url":"https:\/\/veteraanienperinto.fi\/index.php\/jatkosota-etusivu\/jatkosodan-kertomukset\/sotatoimet\/asemasota\/tarkka-ampujat\/","name":"Tarkka-ampujat - Veteraanien Perint\u00f6","isPartOf":{"@id":"https:\/\/veteraanienperinto.fi\/#website"},"datePublished":"2020-09-01T07:23:27+00:00","dateModified":"2020-12-15T16:39:26+00:00","breadcrumb":{"@id":"https:\/\/veteraanienperinto.fi\/index.php\/jatkosota-etusivu\/jatkosodan-kertomukset\/sotatoimet\/asemasota\/tarkka-ampujat\/#breadcrumb"},"inLanguage":"fi","potentialAction":[{"@type":"ReadAction","target":["https:\/\/veteraanienperinto.fi\/index.php\/jatkosota-etusivu\/jatkosodan-kertomukset\/sotatoimet\/asemasota\/tarkka-ampujat\/"]}]},{"@type":"BreadcrumbList","@id":"https:\/\/veteraanienperinto.fi\/index.php\/jatkosota-etusivu\/jatkosodan-kertomukset\/sotatoimet\/asemasota\/tarkka-ampujat\/#breadcrumb","itemListElement":[{"@type":"ListItem","position":1,"name":"Etusivu","item":"https:\/\/veteraanienperinto.fi\/index.php\/etusivu-2\/"},{"@type":"ListItem","position":2,"name":"Jatkosota &#8211; etusivu","item":"https:\/\/veteraanienperinto.fi\/index.php\/jatkosota-etusivu\/"},{"@type":"ListItem","position":3,"name":"Jatkosodan kertomukset","item":"https:\/\/veteraanienperinto.fi\/index.php\/jatkosota-etusivu\/jatkosodan-kertomukset\/"},{"@type":"ListItem","position":4,"name":"Sotatoimet","item":"https:\/\/veteraanienperinto.fi\/index.php\/jatkosota-etusivu\/jatkosodan-kertomukset\/sotatoimet\/"},{"@type":"ListItem","position":5,"name":"Asemasota","item":"https:\/\/veteraanienperinto.fi\/index.php\/jatkosota-etusivu\/jatkosodan-kertomukset\/sotatoimet\/asemasota\/"},{"@type":"ListItem","position":6,"name":"Tarkka-ampujat"}]},{"@type":"WebSite","@id":"https:\/\/veteraanienperinto.fi\/#website","url":"https:\/\/veteraanienperinto.fi\/","name":"Veteraanien Perint\u00f6","description":"Kadettikunta","potentialAction":[{"@type":"SearchAction","target":{"@type":"EntryPoint","urlTemplate":"https:\/\/veteraanienperinto.fi\/?s={search_term_string}"},"query-input":{"@type":"PropertyValueSpecification","valueRequired":true,"valueName":"search_term_string"}}],"inLanguage":"fi"}]}},"_links":{"self":[{"href":"https:\/\/veteraanienperinto.fi\/index.php\/wp-json\/wp\/v2\/pages\/2319","targetHints":{"allow":["GET"]}}],"collection":[{"href":"https:\/\/veteraanienperinto.fi\/index.php\/wp-json\/wp\/v2\/pages"}],"about":[{"href":"https:\/\/veteraanienperinto.fi\/index.php\/wp-json\/wp\/v2\/types\/page"}],"author":[{"embeddable":true,"href":"https:\/\/veteraanienperinto.fi\/index.php\/wp-json\/wp\/v2\/users\/2"}],"replies":[{"embeddable":true,"href":"https:\/\/veteraanienperinto.fi\/index.php\/wp-json\/wp\/v2\/comments?post=2319"}],"version-history":[{"count":3,"href":"https:\/\/veteraanienperinto.fi\/index.php\/wp-json\/wp\/v2\/pages\/2319\/revisions"}],"predecessor-version":[{"id":8087,"href":"https:\/\/veteraanienperinto.fi\/index.php\/wp-json\/wp\/v2\/pages\/2319\/revisions\/8087"}],"up":[{"embeddable":true,"href":"https:\/\/veteraanienperinto.fi\/index.php\/wp-json\/wp\/v2\/pages\/2206"}],"wp:attachment":[{"href":"https:\/\/veteraanienperinto.fi\/index.php\/wp-json\/wp\/v2\/media?parent=2319"}],"curies":[{"name":"wp","href":"https:\/\/api.w.org\/{rel}","templated":true}]}}