{"id":2341,"date":"2020-09-01T07:33:16","date_gmt":"2020-09-01T07:33:16","guid":{"rendered":"https:\/\/veteraani.ylirotu.fi\/?page_id=2341"},"modified":"2020-12-15T17:03:01","modified_gmt":"2020-12-15T17:03:01","slug":"hiljainen-halytys","status":"publish","type":"page","link":"https:\/\/veteraanienperinto.fi\/index.php\/jatkosota-etusivu\/jatkosodan-kertomukset\/sotatoimet\/asemasota\/hiljainen-halytys\/","title":{"rendered":"Hiljainen h\u00e4lytys"},"content":{"rendered":"\n<style type=\"text\/css\" data-created_by=\"avia_inline_auto\" id=\"style-css-av-av_heading-abb4beda9ce58727c089e4fdd352191b\">\n#top .av-special-heading.av-av_heading-abb4beda9ce58727c089e4fdd352191b{\npadding-bottom:5px;\n}\nbody .av-special-heading.av-av_heading-abb4beda9ce58727c089e4fdd352191b .av-special-heading-tag .heading-char{\nfont-size:25px;\n}\n.av-special-heading.av-av_heading-abb4beda9ce58727c089e4fdd352191b .av-subheading{\nfont-size:15px;\n}\n<\/style>\n<div  class='av-special-heading av-av_heading-abb4beda9ce58727c089e4fdd352191b av-special-heading-h3  avia-builder-el-0  avia-builder-el-no-sibling '><h3 class='av-special-heading-tag'  itemprop=\"headline\"  >Hiljainen h\u00e4lytys<\/h3><div class=\"special-heading-border\"><div class=\"special-heading-inner-border\"><\/div><\/div><\/div>\n<section  class='av_textblock_section av-kei9w74n-7b0f008125a778f48432b9a614d90d0f '   itemscope=\"itemscope\" itemtype=\"https:\/\/schema.org\/CreativeWork\" ><div class='avia_textblock'  itemprop=\"text\" ><p><strong>Sakari S\u00e4rkisilta:<\/strong><\/p>\n<p><strong>Pimeyden t\u00f6it\u00e4<\/strong><\/p>\n<p>Rajaj\u00e4\u00e4k\u00e4ripataljoona 1 perustettiin Terijoella marraskuun 1. p\u00e4iv\u00e4n\u00e4 1941, siis varsinaisen hy\u00f6kk\u00e4ysvaiheen j\u00e4lkeen. Runkona olivat v\u00e4lirauhan aikaiset Miehikk\u00e4l\u00e4n, Yl\u00e4maan ja Mustolan rajaj\u00e4\u00e4k\u00e4rikomppaniat, joita vahvistettiin etenemisvaiheen j\u00e4lkeen hajotetun Kevyt Osasto 1:n nuorilla varusmiesj\u00e4\u00e4k\u00e4reill\u00e4. Min\u00e4 olin mukana t\u00e4ss\u00e4 joukossa.<\/p>\n<p>Ensimm\u00e4inen teht\u00e4v\u00e4mme oli varmistaa Suomenlahden rantaa Kronstadtin suuntaan Inonniemen ja Kuokkalan v\u00e4lisell\u00e4 kaistalla. Joulukuussa 1941 meid\u00e4t irrotettiin rannikolta ja siirrettiin maarintamalle Inkerin Lempaalaan, Suomen puolella olleen Raudun naapuripit\u00e4j\u00e4\u00e4n. Kysymyksess\u00e4 ei siis ole Pirkanmaan Lemp\u00e4\u00e4l\u00e4 Tampereen l\u00e4hist\u00f6ll\u00e4.<\/p>\n<p><strong>Pett\u00e4v\u00e4\u00e4 hiljaiseloa<\/strong><\/p>\n<div id=\"attachment_8110\" style=\"width: 360px\" class=\"wp-caption alignright\"><img loading=\"lazy\" decoding=\"async\" aria-describedby=\"caption-attachment-8110\" class=\"size-full wp-image-8110\" src=\"https:\/\/veteraanienperinto.fi\/wp-content\/uploads\/2020\/12\/hiljainen_halytys1-1.jpg\" alt=\"\" width=\"350\" height=\"227\" srcset=\"https:\/\/veteraanienperinto.fi\/wp-content\/uploads\/2020\/12\/hiljainen_halytys1-1.jpg 350w, https:\/\/veteraanienperinto.fi\/wp-content\/uploads\/2020\/12\/hiljainen_halytys1-1-300x195.jpg 300w\" sizes=\"auto, (max-width: 350px) 100vw, 350px\" \/><p id=\"caption-attachment-8110\" class=\"wp-caption-text\">T\u00e4llaista oli talvisen Mets\u00e4-tukikohdan etumaasto vartiopaikalta katsottuna. Vihollinen yritti tunkeutua nuolen osoittamasta kohdasta notkoa my\u00f6ten asemiemme selustaan ja korsujemme oville.<\/p><\/div>\n<p>Otimme rintamavastuun Jalkav\u00e4kirykmentti 2:lta, joka oli ehtinyt kaivautua, mit\u00e4 ty\u00f6t\u00e4 me sitten jatkoimme puolentoista vuoden ajan puolustamassamme Veikkolan lohkoksi nimitetyss\u00e4 puolustusasemassamme. Opimme v\u00e4hitellen el\u00e4m\u00e4\u00e4n etulinjan hiljaiseloa kantap\u00e4\u00e4n kautta saaduin kokemuksin. Jo ottaessamme asemia vastaan joulukuun 19. p\u00e4iv\u00e4n\u00e4 vihollisen tarkka-ampuja kaatoi panssaritykkijoukkueen johtajana toimineen luutnanttimme. Ven\u00e4l\u00e4isill\u00e4 tarkka-ampujilla, snaippereilla, oli ollut hyv\u00e4\u00e4 aikaa etsi\u00e4 meid\u00e4n asemistamme sopivia maastokohteita, joissa varomaton vartiomiehemme saattoi olla napattavissa. Matkaa vihollisasemiin oli vain 200-300 metri\u00e4.<br \/>\nEtulinjan pett\u00e4v\u00e4 hiljaisuus saattoi pitemp\u00e4\u00e4n jatkuessaan herpaannuttaa tottuneenkin vartiomiehen tarkkaavaisuuden kohtalokkain seuraamuksin. V\u00e4in\u00f6 Linnan kuvaus Tuntemattomassa sotilaassa koulutuskeskuksesta etulinjaan saapuneen nuoren sotilaan kohtalosta on hyvin tyypillinen todenper\u00e4isyydess\u00e4\u00e4n. Vanhojen masien varoitukset petollisesta hiljaisuudesta eiv\u00e4t aina menneet perille riitt\u00e4v\u00e4n tehokkaasti.<\/p>\n<div id=\"attachment_8111\" style=\"width: 390px\" class=\"wp-caption alignleft\"><img loading=\"lazy\" decoding=\"async\" aria-describedby=\"caption-attachment-8111\" class=\"size-full wp-image-8111\" src=\"https:\/\/veteraanienperinto.fi\/wp-content\/uploads\/2020\/12\/hiljainen_halytys2-1.jpg\" alt=\"\" width=\"380\" height=\"203\" srcset=\"https:\/\/veteraanienperinto.fi\/wp-content\/uploads\/2020\/12\/hiljainen_halytys2-1.jpg 380w, https:\/\/veteraanienperinto.fi\/wp-content\/uploads\/2020\/12\/hiljainen_halytys2-1-300x160.jpg 300w\" sizes=\"auto, (max-width: 380px) 100vw, 380px\" \/><p id=\"caption-attachment-8111\" class=\"wp-caption-text\">Kes\u00e4kuva osoittaa, ett\u00e4 Mets\u00e4-tukikohdan ykk\u00f6skorsu oli vankka ja tilava. Sen parimetrinen kattorakennelma useine hirsi- ja kivikerroksineen oli tehty kest\u00e4m\u00e4\u00e4n raskaiden aseiden osumia.<\/p><\/div>\n<p>N\u00e4in j\u00e4lkeenp\u00e4in ajatellen etulinjapalvelusta tuli v\u00e4hitellen varsinainen el\u00e4m\u00e4nmuoto tiettyine rituaaleineen. M\u00e4\u00e4r\u00e4tyt kaverit suorittivat korsukunnalle tulleen p\u00e4ivitt\u00e4isen kuivan muonan jaon laverin reunalla aseinaan puukko ja alustana ehk\u00e4 Karjalan kannaksen rintamalehti Tappara. Kukin tiesi etuk\u00e4teen vartiovuoronsa ja suoritti sen nurkumatta. Jokaiseen p\u00e4iv\u00e4\u00e4n sis\u00e4ltyi my\u00f6s annos vihollisen kiv\u00e4\u00e4ri- ja konekiv\u00e4\u00e4ritulta sek\u00e4 kranaatinheittimen ja tykist\u00f6n kranaatteja.<\/p>\n<p>My\u00f6s vihollispartioiden vierailuja tiedettiin odottaa. Vaikka Lempaalassa torjuimme menestyksell\u00e4 &#8211; yht\u00e4 ainoaa poikkeusta lukuun ottamatta &#8211; viitisenkymment\u00e4 vihollisen isompaa tai v\u00e4h\u00e4isemp\u00e4\u00e4 l\u00e4hentely-yrityst\u00e4, neuvostoarmeija ei tappioistaan huolimatta hellitt\u00e4nyt. Suurvallan ei tarvinnut s\u00e4\u00e4stell\u00e4 el\u00e4v\u00e4\u00e4 voimaa. Sit\u00e4 riitti.<\/p>\n<p>Vuonna 1993 ilmestyneeseen pataljoonamme sotap\u00e4iv\u00e4kirja\/historiikkiin olen kirjoittanut er\u00e4\u00e4n varsin el\u00e4v\u00e4sti mieleen j\u00e4\u00e4neen tapahtuman kylm\u00e4n\u00e4 pakkasy\u00f6n\u00e4 tammikuussa 1943, jolloin piikkilangat paukahtelivat.<br \/>\nTilanne l\u00e4hti kehittym\u00e4\u00e4n seuraavaan tapaan:<\/p>\n<p><strong>Tapahtui Mets\u00e4-tukikohdassa<\/strong><\/p>\n<div id=\"attachment_8112\" style=\"width: 288px\" class=\"wp-caption alignright\"><img loading=\"lazy\" decoding=\"async\" aria-describedby=\"caption-attachment-8112\" class=\"size-full wp-image-8112\" src=\"https:\/\/veteraanienperinto.fi\/wp-content\/uploads\/2020\/12\/hiljainen_halytys3-1.jpg\" alt=\"\" width=\"278\" height=\"283\" srcset=\"https:\/\/veteraanienperinto.fi\/wp-content\/uploads\/2020\/12\/hiljainen_halytys3-1.jpg 278w, https:\/\/veteraanienperinto.fi\/wp-content\/uploads\/2020\/12\/hiljainen_halytys3-1-80x80.jpg 80w, https:\/\/veteraanienperinto.fi\/wp-content\/uploads\/2020\/12\/hiljainen_halytys3-1-36x36.jpg 36w\" sizes=\"auto, (max-width: 278px) 100vw, 278px\" \/><p id=\"caption-attachment-8112\" class=\"wp-caption-text\">Rajav\u00e4\u00e4peli Mononen oli er\u00e4\u00e4ss\u00e4 vaiheessa joukkueeni varajohtaja. T\u00e4ss\u00e4 h\u00e4n odottaa lautanen k\u00e4dess\u00e4 paistamiani r\u00e4isk\u00e4leit\u00e4. Siviilipaketissa saapuneet vehn\u00e4jauhot antoivat aiheen pieneen herkutteluun.<\/p><\/div>\n<p>Etulinjassa oli rinnakkain kaksi komppaniaa kolmannen ollessa lepovuorossa pari kilometri\u00e4 taaempana pataljoonan huoltoportaan tasalla. Oikeanpuoleisen Miskulan lohkon kolmesta tukikohdasta yksi oli nimetty Mets\u00e4-tukikohdaksi. Nimens\u00e4 se oli saanut sen mukaan, ett\u00e4 kun etumaasto muualla oli melko avoin, t\u00e4m\u00e4n tukikohdan edess\u00e4 maasto oli mets\u00e4inen. Vihollinen saattoi mets\u00e4n suojassa l\u00e4hesty\u00e4 asemiamme miltei piikkilankaesteillemme saakka, etenkin pime\u00e4ss\u00e4 y\u00f6ss\u00e4.<\/p>\n<p>N\u00e4in tapahtui my\u00f6s tammikuun 5. p\u00e4iv\u00e4n\u00e4 1943 kello 05.30. Vartiopaikalla tukikohdan korsun yl\u00e4puolella sijainneessa pes\u00e4kkeess\u00e4 olleet, \u00e4skett\u00e4in pataljoonaan t\u00e4ydennysmiehin\u00e4 tulleet nuoret vartiomiehet kuulivat \u00e4\u00e4ni\u00e4, joita ei olisi pit\u00e4nyt kuulua muuten hiljaisessa y\u00f6ss\u00e4. Piikkilankaesteist\u00e4, jotka t\u00e4ll\u00e4 kohdalla olivat aivan asemistamme laskeutuvan rinteen alla, kuului napsahtelua. V\u00e4hemm\u00e4n kokenutkin vartiomies saattoi p\u00e4\u00e4tell\u00e4, ett\u00e4 estelankoja oltiin katkomassa piikkilankasaksilla.<\/p>\n<p>Toinen pojista l\u00e4hti yhdyshautaa my\u00f6ten korsulle kertomaan havainnosta. Vanhat masit kuitenkin tyynnytteliv\u00e4t poikaa kertoen, ett\u00e4 kire\u00e4\u00e4n pingotetut piikkilangat paukahtelevat kovassa pakkasessa omia aikojaan.<\/p>\n<div id=\"attachment_8113\" style=\"width: 390px\" class=\"wp-caption alignleft\"><img loading=\"lazy\" decoding=\"async\" aria-describedby=\"caption-attachment-8113\" class=\"size-full wp-image-8113\" src=\"https:\/\/veteraanienperinto.fi\/wp-content\/uploads\/2020\/12\/hiljainen_halytys4-1.jpg\" alt=\"\" width=\"380\" height=\"312\" srcset=\"https:\/\/veteraanienperinto.fi\/wp-content\/uploads\/2020\/12\/hiljainen_halytys4-1.jpg 380w, https:\/\/veteraanienperinto.fi\/wp-content\/uploads\/2020\/12\/hiljainen_halytys4-1-300x246.jpg 300w\" sizes=\"auto, (max-width: 380px) 100vw, 380px\" \/><p id=\"caption-attachment-8113\" class=\"wp-caption-text\">Mets\u00e4-tukikohdan korsu saa &#8221;lis\u00e4asennuksena&#8221; katetun konekiv\u00e4\u00e4ripes\u00e4kkeen. Keskell\u00e4 rajav\u00e4\u00e4peli Mononen neuvoo ampumasektorin mittoja.<\/p><\/div>\n<p>Poika palasi vartiopaikalle, mutta tuli hetimmiten takaisin sanoen, ett\u00e4 kyll\u00e4 siell\u00e4 lankoja katkotaan, eiv\u00e4t ne itsest\u00e4\u00e4n pauku.<\/p>\n<p>Suoritettiin hiljainen h\u00e4lytys, asemat miehitettiin, asiasta tiedotettiin naapuritukikohdille, kranaatinheittimen tulenjohtueelle, komppaniaan ja pataljoonaan, jossa tykist\u00f6n yhdysupseeri valmistautui antamaan tulitukea. Korsukunnan konkaritkin olivat jo ehtineet vakuuttua siit\u00e4, ett\u00e4 vanja oli pahanteossa sananmukaisesti heid\u00e4n nen\u00e4ns\u00e4 alla.<\/p>\n<div id=\"attachment_8115\" style=\"width: 310px\" class=\"wp-caption alignright\"><img loading=\"lazy\" decoding=\"async\" aria-describedby=\"caption-attachment-8115\" class=\"wp-image-8115 size-full\" src=\"https:\/\/veteraanienperinto.fi\/wp-content\/uploads\/2020\/12\/hiljainen_halytys6.jpg\" alt=\"\" width=\"300\" height=\"295\" srcset=\"https:\/\/veteraanienperinto.fi\/wp-content\/uploads\/2020\/12\/hiljainen_halytys6.jpg 300w, https:\/\/veteraanienperinto.fi\/wp-content\/uploads\/2020\/12\/hiljainen_halytys6-80x80.jpg 80w, https:\/\/veteraanienperinto.fi\/wp-content\/uploads\/2020\/12\/hiljainen_halytys6-36x36.jpg 36w\" sizes=\"auto, (max-width: 300px) 100vw, 300px\" \/><p id=\"caption-attachment-8115\" class=\"wp-caption-text\">Mets\u00e4-tukikohta sijaitsi Rajaj\u00e4\u00e4k\u00e4ripataljoona 1:n alueella Lempaalan pit\u00e4j\u00e4n koilliskulmauksessa Miskulan &#8211; M\u00e4kiinkyl\u00e4n maastossa.<\/p><\/div>\n<p>Edess\u00e4 oleva mets\u00e4maasto oli sen luontoinen, ett\u00e4 tulossa saattoi olla vahvoinkin voimin suoritettava hy\u00f6kk\u00e4ys. Paljonko v\u00e4ke\u00e4 oli taempana mets\u00e4n k\u00e4tk\u00f6iss\u00e4, siit\u00e4 ei saatu koskaan tietoa, koska vankeja ei j\u00e4\u00e4nyt. Sotap\u00e4iv\u00e4kirjassa p\u00e4\u00e4tell\u00e4\u00e4n, ett\u00e4 tulossa lienee ollut parin joukkueen vahvuinen rynn\u00e4kk\u00f6osasto.<br \/>\nVihollisen aikeiden paljastuttua tilanne olikin jo hallinnassa. Valoraketin noustessa ilmaan tuli avattiin kaikilla aseilla. My\u00f6s viereinen Suo-tukikohta yhtyi leikkiin ampumalla sivustatulta.<\/p>\n<p>Teht\u00e4v\u00e4ss\u00e4\u00e4n ep\u00e4onnistuneita vihollisen partiomiehi\u00e4 ker\u00e4ttiin aamun tullen piikkilangoistamme ja edess\u00e4 olevalta kent\u00e4lt\u00e4. L\u00e4himm\u00e4t olivat p\u00e4\u00e4sseet parinkymmenen metrin p\u00e4\u00e4h\u00e4n korsuistamme. Useimmat olivat mongolirotuisia, todenn\u00e4k\u00f6isesti siperialaisia. Toistuvasti jouduimme ihmettelem\u00e4\u00e4n vihollissotilaiden yritteli\u00e4isyytt\u00e4 heid\u00e4n ry\u00f6mitty\u00e4\u00e4n y\u00f6n pimeydess\u00e4 syv\u00e4ss\u00e4 lumessa, kovassa pakkasessa, tuntikausia kohti asemiamme. He<\/p>\n<div id=\"attachment_8114\" style=\"width: 418px\" class=\"wp-caption alignleft\"><img loading=\"lazy\" decoding=\"async\" aria-describedby=\"caption-attachment-8114\" class=\"size-full wp-image-8114\" src=\"https:\/\/veteraanienperinto.fi\/wp-content\/uploads\/2020\/12\/hiljainen_halytys5.jpg\" alt=\"\" width=\"408\" height=\"289\" srcset=\"https:\/\/veteraanienperinto.fi\/wp-content\/uploads\/2020\/12\/hiljainen_halytys5.jpg 408w, https:\/\/veteraanienperinto.fi\/wp-content\/uploads\/2020\/12\/hiljainen_halytys5-300x213.jpg 300w, https:\/\/veteraanienperinto.fi\/wp-content\/uploads\/2020\/12\/hiljainen_halytys5-260x185.jpg 260w\" sizes=\"auto, (max-width: 408px) 100vw, 408px\" \/><p id=\"caption-attachment-8114\" class=\"wp-caption-text\">Mets\u00e4-tukikohdan miehist\u00f6\u00e4 ottamassa aurinkoa korsun viereisell\u00e4 rinteell\u00e4. Edess\u00e4 keskell\u00e4 tukikohdan p\u00e4\u00e4llikk\u00f6, luutnantti Sakari S\u00e4rkisilta, eturiviss\u00e4 oikealla joukkueen varajohtaja, rajav\u00e4\u00e4peli Mononen.<\/p><\/div>\n<p>tiesiv\u00e4t, ett\u00e4 pienikin virheliike saattoi olla viimeinen, jos etenemisuraa tunnusteleva sormi tarttui liian kovaa ajatuksenohueen putkimiinan lankaan ja herk\u00e4ksi viritetty iskusytyttimen sokka irtosi laukaisten miinan. Joskus my\u00f6s n\u00e4in k\u00e4vi.<\/p>\n<p>El\u00e4m\u00e4 palasi heti normaaliin p\u00e4iv\u00e4j\u00e4rjestykseen vartiovuoroineen, lepotaukoineen, muonanjakoineen, puhdet\u00f6ineen ja kortinpeluineen. Kotiv\u00e4ki ja heilat &#8211; vain etup\u00e4\u00e4ss\u00e4 kantahenkil\u00f6kuntaan kuuluvilla oli jo perhe &#8211; saivat j\u00e4lleen odottamaansa postia.<\/p>\n<p>Tilanteen opetus j\u00e4lleen kerran oli, ett\u00e4 luulo ei ole tiedon v\u00e4\u00e4rti. Valppaus ei saanut herpaantua hetkeksik\u00e4\u00e4n.<\/p>\n<p>Asemasota jatkui, yksitoikkoisena, mutta toisaalta paljonkin yll\u00e4tyksi\u00e4 tarjoavana.<\/p>\n<\/div><\/section>\n<section  class='av_textblock_section av-26nu8o-de7b19f6a4ff4a85782c022ea993fc53 '   itemscope=\"itemscope\" itemtype=\"https:\/\/schema.org\/CreativeWork\" ><div class='avia_textblock'  itemprop=\"text\" ><p>0<\/p>\n<\/div><\/section>\n","protected":false},"excerpt":{"rendered":"","protected":false},"author":2,"featured_media":0,"parent":2206,"menu_order":15,"comment_status":"closed","ping_status":"closed","template":"","meta":{"footnotes":""},"class_list":["post-2341","page","type-page","status-publish","hentry"],"yoast_head":"<!-- This site is optimized with the Yoast SEO plugin v27.4 - https:\/\/yoast.com\/product\/yoast-seo-wordpress\/ -->\n<title>Hiljainen h\u00e4lytys - Veteraanien Perint\u00f6<\/title>\n<meta name=\"robots\" content=\"index, follow, max-snippet:-1, max-image-preview:large, max-video-preview:-1\" \/>\n<link rel=\"canonical\" href=\"https:\/\/veteraanienperinto.fi\/index.php\/jatkosota-etusivu\/jatkosodan-kertomukset\/sotatoimet\/asemasota\/hiljainen-halytys\/\" \/>\n<meta property=\"og:locale\" content=\"fi_FI\" \/>\n<meta property=\"og:type\" content=\"article\" \/>\n<meta property=\"og:title\" content=\"Hiljainen h\u00e4lytys - Veteraanien Perint\u00f6\" \/>\n<meta property=\"og:url\" content=\"https:\/\/veteraanienperinto.fi\/index.php\/jatkosota-etusivu\/jatkosodan-kertomukset\/sotatoimet\/asemasota\/hiljainen-halytys\/\" \/>\n<meta property=\"og:site_name\" content=\"Veteraanien Perint\u00f6\" \/>\n<meta property=\"article:modified_time\" content=\"2020-12-15T17:03:01+00:00\" \/>\n<meta property=\"og:image\" content=\"https:\/\/veteraanienperinto.fi\/wp-content\/uploads\/2020\/12\/hiljainen_halytys1-1.jpg\" \/>\n<meta name=\"twitter:card\" content=\"summary_large_image\" \/>\n<meta name=\"twitter:label1\" content=\"Arvioitu lukuaika\" \/>\n\t<meta name=\"twitter:data1\" content=\"6 minuuttia\" \/>\n<script type=\"application\/ld+json\" class=\"yoast-schema-graph\">{\"@context\":\"https:\\\/\\\/schema.org\",\"@graph\":[{\"@type\":\"WebPage\",\"@id\":\"https:\\\/\\\/veteraanienperinto.fi\\\/index.php\\\/jatkosota-etusivu\\\/jatkosodan-kertomukset\\\/sotatoimet\\\/asemasota\\\/hiljainen-halytys\\\/\",\"url\":\"https:\\\/\\\/veteraanienperinto.fi\\\/index.php\\\/jatkosota-etusivu\\\/jatkosodan-kertomukset\\\/sotatoimet\\\/asemasota\\\/hiljainen-halytys\\\/\",\"name\":\"Hiljainen h\u00e4lytys - Veteraanien Perint\u00f6\",\"isPartOf\":{\"@id\":\"https:\\\/\\\/veteraanienperinto.fi\\\/#website\"},\"primaryImageOfPage\":{\"@id\":\"https:\\\/\\\/veteraanienperinto.fi\\\/index.php\\\/jatkosota-etusivu\\\/jatkosodan-kertomukset\\\/sotatoimet\\\/asemasota\\\/hiljainen-halytys\\\/#primaryimage\"},\"image\":{\"@id\":\"https:\\\/\\\/veteraanienperinto.fi\\\/index.php\\\/jatkosota-etusivu\\\/jatkosodan-kertomukset\\\/sotatoimet\\\/asemasota\\\/hiljainen-halytys\\\/#primaryimage\"},\"thumbnailUrl\":\"https:\\\/\\\/veteraanienperinto.fi\\\/wp-content\\\/uploads\\\/2020\\\/12\\\/hiljainen_halytys1-1.jpg\",\"datePublished\":\"2020-09-01T07:33:16+00:00\",\"dateModified\":\"2020-12-15T17:03:01+00:00\",\"breadcrumb\":{\"@id\":\"https:\\\/\\\/veteraanienperinto.fi\\\/index.php\\\/jatkosota-etusivu\\\/jatkosodan-kertomukset\\\/sotatoimet\\\/asemasota\\\/hiljainen-halytys\\\/#breadcrumb\"},\"inLanguage\":\"fi\",\"potentialAction\":[{\"@type\":\"ReadAction\",\"target\":[\"https:\\\/\\\/veteraanienperinto.fi\\\/index.php\\\/jatkosota-etusivu\\\/jatkosodan-kertomukset\\\/sotatoimet\\\/asemasota\\\/hiljainen-halytys\\\/\"]}]},{\"@type\":\"ImageObject\",\"inLanguage\":\"fi\",\"@id\":\"https:\\\/\\\/veteraanienperinto.fi\\\/index.php\\\/jatkosota-etusivu\\\/jatkosodan-kertomukset\\\/sotatoimet\\\/asemasota\\\/hiljainen-halytys\\\/#primaryimage\",\"url\":\"https:\\\/\\\/veteraanienperinto.fi\\\/wp-content\\\/uploads\\\/2020\\\/12\\\/hiljainen_halytys1-1.jpg\",\"contentUrl\":\"https:\\\/\\\/veteraanienperinto.fi\\\/wp-content\\\/uploads\\\/2020\\\/12\\\/hiljainen_halytys1-1.jpg\",\"width\":350,\"height\":227,\"caption\":\"T\u00e4llaista oli talvisen Mets\u00e4-tukikohdan etumaasto vartiopaikalta katsottuna. Vihollinen yritti tunkeutua nuolen osoittamasta kohdasta notkoa my\u00f6ten asemiemme selustaan ja korsujemme oville.\"},{\"@type\":\"BreadcrumbList\",\"@id\":\"https:\\\/\\\/veteraanienperinto.fi\\\/index.php\\\/jatkosota-etusivu\\\/jatkosodan-kertomukset\\\/sotatoimet\\\/asemasota\\\/hiljainen-halytys\\\/#breadcrumb\",\"itemListElement\":[{\"@type\":\"ListItem\",\"position\":1,\"name\":\"Etusivu\",\"item\":\"https:\\\/\\\/veteraanienperinto.fi\\\/index.php\\\/etusivu-2\\\/\"},{\"@type\":\"ListItem\",\"position\":2,\"name\":\"Jatkosota &#8211; etusivu\",\"item\":\"https:\\\/\\\/veteraanienperinto.fi\\\/index.php\\\/jatkosota-etusivu\\\/\"},{\"@type\":\"ListItem\",\"position\":3,\"name\":\"Jatkosodan kertomukset\",\"item\":\"https:\\\/\\\/veteraanienperinto.fi\\\/index.php\\\/jatkosota-etusivu\\\/jatkosodan-kertomukset\\\/\"},{\"@type\":\"ListItem\",\"position\":4,\"name\":\"Sotatoimet\",\"item\":\"https:\\\/\\\/veteraanienperinto.fi\\\/index.php\\\/jatkosota-etusivu\\\/jatkosodan-kertomukset\\\/sotatoimet\\\/\"},{\"@type\":\"ListItem\",\"position\":5,\"name\":\"Asemasota\",\"item\":\"https:\\\/\\\/veteraanienperinto.fi\\\/index.php\\\/jatkosota-etusivu\\\/jatkosodan-kertomukset\\\/sotatoimet\\\/asemasota\\\/\"},{\"@type\":\"ListItem\",\"position\":6,\"name\":\"Hiljainen h\u00e4lytys\"}]},{\"@type\":\"WebSite\",\"@id\":\"https:\\\/\\\/veteraanienperinto.fi\\\/#website\",\"url\":\"https:\\\/\\\/veteraanienperinto.fi\\\/\",\"name\":\"Veteraanien Perint\u00f6\",\"description\":\"Kadettikunta\",\"potentialAction\":[{\"@type\":\"SearchAction\",\"target\":{\"@type\":\"EntryPoint\",\"urlTemplate\":\"https:\\\/\\\/veteraanienperinto.fi\\\/?s={search_term_string}\"},\"query-input\":{\"@type\":\"PropertyValueSpecification\",\"valueRequired\":true,\"valueName\":\"search_term_string\"}}],\"inLanguage\":\"fi\"}]}<\/script>\n<!-- \/ Yoast SEO plugin. -->","yoast_head_json":{"title":"Hiljainen h\u00e4lytys - Veteraanien Perint\u00f6","robots":{"index":"index","follow":"follow","max-snippet":"max-snippet:-1","max-image-preview":"max-image-preview:large","max-video-preview":"max-video-preview:-1"},"canonical":"https:\/\/veteraanienperinto.fi\/index.php\/jatkosota-etusivu\/jatkosodan-kertomukset\/sotatoimet\/asemasota\/hiljainen-halytys\/","og_locale":"fi_FI","og_type":"article","og_title":"Hiljainen h\u00e4lytys - Veteraanien Perint\u00f6","og_url":"https:\/\/veteraanienperinto.fi\/index.php\/jatkosota-etusivu\/jatkosodan-kertomukset\/sotatoimet\/asemasota\/hiljainen-halytys\/","og_site_name":"Veteraanien Perint\u00f6","article_modified_time":"2020-12-15T17:03:01+00:00","og_image":[{"url":"https:\/\/veteraanienperinto.fi\/wp-content\/uploads\/2020\/12\/hiljainen_halytys1-1.jpg","type":"","width":"","height":""}],"twitter_card":"summary_large_image","twitter_misc":{"Arvioitu lukuaika":"6 minuuttia"},"schema":{"@context":"https:\/\/schema.org","@graph":[{"@type":"WebPage","@id":"https:\/\/veteraanienperinto.fi\/index.php\/jatkosota-etusivu\/jatkosodan-kertomukset\/sotatoimet\/asemasota\/hiljainen-halytys\/","url":"https:\/\/veteraanienperinto.fi\/index.php\/jatkosota-etusivu\/jatkosodan-kertomukset\/sotatoimet\/asemasota\/hiljainen-halytys\/","name":"Hiljainen h\u00e4lytys - Veteraanien Perint\u00f6","isPartOf":{"@id":"https:\/\/veteraanienperinto.fi\/#website"},"primaryImageOfPage":{"@id":"https:\/\/veteraanienperinto.fi\/index.php\/jatkosota-etusivu\/jatkosodan-kertomukset\/sotatoimet\/asemasota\/hiljainen-halytys\/#primaryimage"},"image":{"@id":"https:\/\/veteraanienperinto.fi\/index.php\/jatkosota-etusivu\/jatkosodan-kertomukset\/sotatoimet\/asemasota\/hiljainen-halytys\/#primaryimage"},"thumbnailUrl":"https:\/\/veteraanienperinto.fi\/wp-content\/uploads\/2020\/12\/hiljainen_halytys1-1.jpg","datePublished":"2020-09-01T07:33:16+00:00","dateModified":"2020-12-15T17:03:01+00:00","breadcrumb":{"@id":"https:\/\/veteraanienperinto.fi\/index.php\/jatkosota-etusivu\/jatkosodan-kertomukset\/sotatoimet\/asemasota\/hiljainen-halytys\/#breadcrumb"},"inLanguage":"fi","potentialAction":[{"@type":"ReadAction","target":["https:\/\/veteraanienperinto.fi\/index.php\/jatkosota-etusivu\/jatkosodan-kertomukset\/sotatoimet\/asemasota\/hiljainen-halytys\/"]}]},{"@type":"ImageObject","inLanguage":"fi","@id":"https:\/\/veteraanienperinto.fi\/index.php\/jatkosota-etusivu\/jatkosodan-kertomukset\/sotatoimet\/asemasota\/hiljainen-halytys\/#primaryimage","url":"https:\/\/veteraanienperinto.fi\/wp-content\/uploads\/2020\/12\/hiljainen_halytys1-1.jpg","contentUrl":"https:\/\/veteraanienperinto.fi\/wp-content\/uploads\/2020\/12\/hiljainen_halytys1-1.jpg","width":350,"height":227,"caption":"T\u00e4llaista oli talvisen Mets\u00e4-tukikohdan etumaasto vartiopaikalta katsottuna. Vihollinen yritti tunkeutua nuolen osoittamasta kohdasta notkoa my\u00f6ten asemiemme selustaan ja korsujemme oville."},{"@type":"BreadcrumbList","@id":"https:\/\/veteraanienperinto.fi\/index.php\/jatkosota-etusivu\/jatkosodan-kertomukset\/sotatoimet\/asemasota\/hiljainen-halytys\/#breadcrumb","itemListElement":[{"@type":"ListItem","position":1,"name":"Etusivu","item":"https:\/\/veteraanienperinto.fi\/index.php\/etusivu-2\/"},{"@type":"ListItem","position":2,"name":"Jatkosota &#8211; etusivu","item":"https:\/\/veteraanienperinto.fi\/index.php\/jatkosota-etusivu\/"},{"@type":"ListItem","position":3,"name":"Jatkosodan kertomukset","item":"https:\/\/veteraanienperinto.fi\/index.php\/jatkosota-etusivu\/jatkosodan-kertomukset\/"},{"@type":"ListItem","position":4,"name":"Sotatoimet","item":"https:\/\/veteraanienperinto.fi\/index.php\/jatkosota-etusivu\/jatkosodan-kertomukset\/sotatoimet\/"},{"@type":"ListItem","position":5,"name":"Asemasota","item":"https:\/\/veteraanienperinto.fi\/index.php\/jatkosota-etusivu\/jatkosodan-kertomukset\/sotatoimet\/asemasota\/"},{"@type":"ListItem","position":6,"name":"Hiljainen h\u00e4lytys"}]},{"@type":"WebSite","@id":"https:\/\/veteraanienperinto.fi\/#website","url":"https:\/\/veteraanienperinto.fi\/","name":"Veteraanien Perint\u00f6","description":"Kadettikunta","potentialAction":[{"@type":"SearchAction","target":{"@type":"EntryPoint","urlTemplate":"https:\/\/veteraanienperinto.fi\/?s={search_term_string}"},"query-input":{"@type":"PropertyValueSpecification","valueRequired":true,"valueName":"search_term_string"}}],"inLanguage":"fi"}]}},"_links":{"self":[{"href":"https:\/\/veteraanienperinto.fi\/index.php\/wp-json\/wp\/v2\/pages\/2341","targetHints":{"allow":["GET"]}}],"collection":[{"href":"https:\/\/veteraanienperinto.fi\/index.php\/wp-json\/wp\/v2\/pages"}],"about":[{"href":"https:\/\/veteraanienperinto.fi\/index.php\/wp-json\/wp\/v2\/types\/page"}],"author":[{"embeddable":true,"href":"https:\/\/veteraanienperinto.fi\/index.php\/wp-json\/wp\/v2\/users\/2"}],"replies":[{"embeddable":true,"href":"https:\/\/veteraanienperinto.fi\/index.php\/wp-json\/wp\/v2\/comments?post=2341"}],"version-history":[{"count":3,"href":"https:\/\/veteraanienperinto.fi\/index.php\/wp-json\/wp\/v2\/pages\/2341\/revisions"}],"predecessor-version":[{"id":8105,"href":"https:\/\/veteraanienperinto.fi\/index.php\/wp-json\/wp\/v2\/pages\/2341\/revisions\/8105"}],"up":[{"embeddable":true,"href":"https:\/\/veteraanienperinto.fi\/index.php\/wp-json\/wp\/v2\/pages\/2206"}],"wp:attachment":[{"href":"https:\/\/veteraanienperinto.fi\/index.php\/wp-json\/wp\/v2\/media?parent=2341"}],"curies":[{"name":"wp","href":"https:\/\/api.w.org\/{rel}","templated":true}]}}