{"id":2344,"date":"2020-09-01T07:34:28","date_gmt":"2020-09-01T07:34:28","guid":{"rendered":"https:\/\/veteraani.ylirotu.fi\/?page_id=2344"},"modified":"2020-09-01T07:34:28","modified_gmt":"2020-09-01T07:34:28","slug":"kenraalin-kuolema","status":"publish","type":"page","link":"https:\/\/veteraanienperinto.fi\/index.php\/jatkosota-etusivu\/jatkosodan-kertomukset\/sotatoimet\/asemasota\/kenraalin-kuolema\/","title":{"rendered":"Kenraalin kuolema"},"content":{"rendered":"\n<style type=\"text\/css\" data-created_by=\"avia_inline_auto\" id=\"style-css-av-kejmy70s-38a723084956d3b398b50da5e978f970\">\n#top .av-special-heading.av-kejmy70s-38a723084956d3b398b50da5e978f970{\npadding-bottom:5px;\n}\nbody .av-special-heading.av-kejmy70s-38a723084956d3b398b50da5e978f970 .av-special-heading-tag .heading-char{\nfont-size:25px;\n}\n.av-special-heading.av-kejmy70s-38a723084956d3b398b50da5e978f970 .av-subheading{\nfont-size:15px;\n}\n<\/style>\n<div  class='av-special-heading av-kejmy70s-38a723084956d3b398b50da5e978f970 av-special-heading-h3  avia-builder-el-0  avia-builder-el-no-sibling '><h3 class='av-special-heading-tag'  itemprop=\"headline\"  >Kenraalin kuolema<\/h3><div class=\"special-heading-border\"><div class=\"special-heading-inner-border\"><\/div><\/div><\/div>\n<section  class='av_textblock_section av-kei9w74n-7b0f008125a778f48432b9a614d90d0f '   itemscope=\"itemscope\" itemtype=\"https:\/\/schema.org\/CreativeWork\" ><div class='avia_textblock'  itemprop=\"text\" ><p><strong>Antero Jumppanen:<\/strong><\/p>\n<p>Palvelin is\u00e4nmaata koko jatkosodan ajan JR5:n I P:n krh-joukkueessa tulenjohtoaliupseerina.<\/p>\n<p>Tuohon aikaan olin sotilasarvoltani alikersantti. Rykmentin komentajana oli ensin eversti Ilmari Karhu, h\u00e4nen j\u00e4lkeens\u00e4 eversti Aladar Paasonen ja sitten evl Lennart Vihma. I P:n komentajana oli majuri Lauri R\u00e4s\u00e4nen, pelk\u00e4\u00e4m\u00e4t\u00f6n sotilas ja erinomainen johtaja. Rykmentti kuului 4. D:aan ja t\u00e4m\u00e4n komentajana oli eversti Kaarlo Ilmari Viljanen.<\/p>\n<p>Maaliskuun alkupuolella 1942 4. D otti rintamavastuun eversti B Winell\u00b4in 8. D:lta Seesj\u00e4rvi-Maaselk\u00e4-Krivi lohkolla. JR 5:n I P:n lohko oli Liistelammen ja Maasel\u00e4n aseman v\u00e4linen alue. Jokaisella komppanialla oli tukena kk-joukkue ltn Vilho Tervasm\u00e4en kk-komppaniasta. Krh-joukkueen tuliasema oli pataljoonan lohkon keskivaiheilla ja tj-paikka etulinjassa 2. K:n alueella. Joukkueen tuliasema ja majoituskorsut olivat Maasel\u00e4n asemalta Seesj\u00e4rvelle p\u00e4in menevien rinnakkain olevien maantien ja rautatien etel\u00e4puolella matalan harjanteen rinteess\u00e4 radan varressa.<\/p>\n<p>Asemat oli ehditty varustaa jo melko pitk\u00e4lle. Pes\u00e4kkeit\u00e4 ja ampumahautoja oli kaivettu ja eteen laitettu piikkilankaestett\u00e4. Miehist\u00f6korsut olivat valmiit. Huolto toimi melko l\u00e4helle hevosilla, lumen aikana reell\u00e4 sulan aikana purilailla. Maasto etulinjassa oli harvahkoa m\u00e4ntymets\u00e4\u00e4. Se oli harjumaista, suuripiirteisi\u00e4 m\u00e4ki\u00e4 korkeuserojen ollessa 15 &#8211; 20 metri\u00e4 Liistelammen pintaa korkeammalla.<\/p>\n<p>Oli huhtikuun 24. p\u00e4iv\u00e4 v\u00e4h\u00e4n j\u00e4lkeen puolen p\u00e4iv\u00e4n. Olin tulenjohtopaikalla stm Onni Salmen kanssa kahdestaan. Oli muutamia l\u00e4mp\u00f6asteita ja taivas paksussa pilvess\u00e4, ei kuitenkaan satanut. P\u00e4iv\u00e4 siihen asti oli ollut harvinaisen rauhallinen ja koko pataljoonan lohkolla kuului vain silloin t\u00e4ll\u00f6in joku yksitt\u00e4inen kiv\u00e4\u00e4rinlaukaus. T\u00e4hystelin etumaastoa ja Salmi oli pes\u00e4kkeen puup\u00f6lkyill\u00e4 katetussa sirpalesuojassa kokeilemassa puhelinyhteytt\u00e4 tuliasemaan. Yhteys toimi kentt\u00e4puhelimilla tapsilinjoja pitkin. Radioyhteyksi\u00e4 ei jalkav\u00e4ell\u00e4 siihen aikaan ollut.<\/p>\n<p>T\u00e4ll\u00f6in n\u00e4in jv-joukkueen korsulta p\u00e4in nelj\u00e4n miehen tulevan kohti tj-paikkaa. Ensimm\u00e4isen\u00e4 oli 2. K:n taistelul\u00e4hetti-au alikersantti Erkki Virtanen ja h\u00e4nen takanaan majuri R\u00e4s\u00e4nen. Taaempana tuleviin en en\u00e4\u00e4 kiinnitt\u00e4nyt huomiota. Sanoin Salmelle ett\u00e4 katsopas kun pataljoonan komentaja on itse l\u00e4htenyt k\u00e4ym\u00e4\u00e4n etulinjassa. K\u00e4skin Salmen ottamaan varmuuden vuoksi koesoiton tuliasemaan ja itse rupesin &#8221;valppaana&#8221; t\u00e4hyst\u00e4m\u00e4\u00e4n viholliseen p\u00e4in tulijoiden ollessa noin 30 metrin p\u00e4\u00e4ss\u00e4. Halusin n\u00e4et n\u00e4ytt\u00e4\u00e4 komentajalle, ett\u00e4 t\u00e4\u00e4ll\u00e4 ollaan varuillaan. Askeleiden kuuluessa jo aivan l\u00e4hell\u00e4 k\u00e4\u00e4nnyin ymp\u00e4ri tehd\u00e4kseni majurille ilmoituksen. Oli jo asennossa kun majuri viittasi taakseen, ett\u00e4 ilmoitus sinne. Vasta nyt katsoin keit\u00e4 muut tulijat ovat ja n\u00e4in heill\u00e4 olevan enemm\u00e4n ruusukkeita kauluksissaan. Tunsin rykmentinkomentajan evl Vihman tutussa asetakissaan malli 27 ja arvasin everstin divisioonan komentajaksi.<\/p>\n<p>Tein turhia j\u00e4nnitt\u00e4m\u00e4tt\u00e4 ja kakistelematta sotilaallisesti ilmoituksen: herra eversti, ensimm\u00e4isen pataljoonan kranaatinheitinjoukkueen tulenjohtopaikka, tulenjohtajana alikersantti Jumppanen, viestimiehen\u00e4 sotamies Salmi. Eversti kiitti ilmoituksesta ja kun herrat j\u00e4iv\u00e4t siihen seisomaan eik\u00e4 ket\u00e4\u00e4n komppanian p\u00e4\u00e4llyst\u00f6\u00e4 ollut paikalla rupesin selostamaan heille etulinjan kulkua. N\u00e4ytin heille, ett\u00e4 meill\u00e4 on tuossa ja tuossa suunnassa varsinaiset maalit sulku 1 ja sulku 2. Kerroin putkien olevan jatkuvasti suunnattuina sulku yhteen. Tarjouduin viel\u00e4 ammuttamaan muutamia kranaatteja, ett\u00e4 n\u00e4kev\u00e4t miten ja kuinka nopeasti tuliasemamme toimii. Eversti ei halunnut ammuttavan, vaan sanoi olevan parempi s\u00e4\u00e4st\u00e4\u00e4 ammukset tosi tarpeeseen.<\/p>\n<p>Ihmettelin sit\u00e4 kun ei n\u00e4kyviss\u00e4 ollut ket\u00e4\u00e4n etulinjan upseereita, vaikka oli n\u00e4in korkeita vieraita, ja kuinka he olivat yksin tulleet etulinjaan. Nyt vasta tulivat paikalle v\u00e4nrikit Kauko Forsvik ja V\u00e4in\u00f6 Lehtonen 2. komppaniasta ja v\u00e4nrikki Esko Marvo kk-komppaniasta. N\u00e4m\u00e4 ilmoittautuivat vuorotellen eversti Viljaselle, Forsvik tilap\u00e4isen\u00e4 komppanian p\u00e4\u00e4llikk\u00f6n\u00e4, Lehtonen tukikohdan p\u00e4\u00e4llikk\u00f6n\u00e4 ja Marvo kk-joukkueen johtajana. 2. K:n p\u00e4\u00e4llikk\u00f6 kapt V\u00e4limaa oli ilmeisesti lomalla siihen aikaan ja Forsvik sijaisena.<\/p>\n<p>Forsvik alkoi selostaa herroille etulinjaa mit\u00e4 aseita on miss\u00e4kin ja millainen miehitys p\u00e4iv\u00e4ll\u00e4 ja millainen y\u00f6ll\u00e4. Sitten h\u00e4n kertoi, ett\u00e4 t\u00e4st\u00e4 suoraan edess\u00e4 noin 50 metrin p\u00e4\u00e4ss\u00e4 on eteenty\u00f6nnetty tukikohta, joka miehitet\u00e4\u00e4n \u00f6isin. Tosiasiassa kyseisess\u00e4 paikassa oli vain kuulovartio y\u00f6ll\u00e4, vaikkakin oli ollut puhetta siit\u00e4 ett\u00e4 puolustuslinja ty\u00f6nnett\u00e4isiin sinne asti. Eversti Viljanen innostui Forsvikin puheista niin ett\u00e4 kysyi voiko sinne menn\u00e4, h\u00e4nkin haluaa k\u00e4yd\u00e4 katsomassa. Forsvik oli heti valmis viem\u00e4\u00e4n komentajat sinne. Paikalle ilmaantui viel\u00e4 kk-komppanian p\u00e4\u00e4llikk\u00f6 ltn Vilho Tervasm\u00e4ki ja niin l\u00e4hti koko kahdeksan miehen osasto katsomaan t\u00e4t\u00e4 &#8221;eteenty\u00f6nnetty\u00e4 tukikohtaa&#8221;.<\/p>\n<p>J\u00e4in omaan asemaamme Salmen kanssa ja sanoin t\u00e4lle ettei t\u00e4st\u00e4 hyv\u00e4 seuraa, kun noin iso lauma menee sinne yhdess\u00e4 eik\u00e4 kenell\u00e4k\u00e4\u00e4n ole lumipukuja, vaikka maa on viel\u00e4 paksun lumen peitossa. Pyysin tuliasemaa olemaan valmiina kertomatta kuitenkaan sit\u00e4 keit\u00e4 edess\u00e4 on.<\/p>\n<p>Kuulovartiopaikka oli pes\u00e4kkeest\u00e4mme 50-60 metrin p\u00e4\u00e4ss\u00e4 ja puita edess\u00e4 sen verran ettei sit\u00e4 poterosta katsoessa n\u00e4kynyt. Miehet olivat kokonaan n\u00e4kym\u00e4tt\u00f6miss\u00e4 noin 10 minuuttia, kun \u00e4kki\u00e4 kuului kova r\u00e4j\u00e4hdys. Aavistin heti, ett\u00e4 he meniv\u00e4t miinaan, kun etumaastossa oli putkimiinoja puihin kiinnitettyin\u00e4 maan rajaan, kaksi miinaa aina langoilla toisiinsa kytkettyin\u00e4 ja langat l\u00e4hell\u00e4 hangen pintaa vaikeasti havaittavissa.<\/p>\n<p>V\u00e4litt\u00f6m\u00e4sti t\u00e4m\u00e4n j\u00e4lkeen n\u00e4in ltn Tervasm\u00e4en tulevan juosten kohti omaa piikkilankaestett\u00e4. Vajaan 20 metrin p\u00e4\u00e4ss\u00e4 poterostani vasemmalla oleva pikakiv\u00e4\u00e4riampuja alkoi paahtaa aseellaan kohti Tervasm\u00e4ke\u00e4, mutta onneksi keskeytti ammunnan heti, kun karjaisin h\u00e4nelle: &#8221;\u00e4l\u00e4 ammu, siell\u00e4 on omia&#8221;.<\/p>\n<p>K\u00e4skin 2. komppanian vartiomiehen h\u00e4lytt\u00e4m\u00e4\u00e4n korsulta joukkueensa vapaat miehet ja l\u00e4hdin eteen katsomaan mit\u00e4 oli tapahtunut. Ohjasin Tervasm\u00e4en oikealle polulle ja h\u00e4n l\u00e4hti korsuille p\u00e4in sanoen edess\u00e4 olevan haavoittuneita. Miinakent\u00e4ss\u00e4 n\u00e4ky oli tyrmistytt\u00e4v\u00e4. Nelj\u00e4 miest\u00e4 makasi hangella veriss\u00e4\u00e4n. Virtanen, Marvo ja Lehtonen olivat puoliksi polvillaan ja yrittiv\u00e4t auttaa toisiaan, mutta eiv\u00e4t siihen sanottavammin pystyneet. Majuri R\u00e4s\u00e4nen oli hangessa puiden v\u00e4litse mutkittelevan polun vasemmalla puolella sel\u00e4ll\u00e4\u00e4n vasemmassa ohimossaan ammottava verinen haava. H\u00e4n makasi liikkumattomana ja silm\u00e4t olivat lasimaiset ja elottomat. Olin siit\u00e4 varma, ett\u00e4 h\u00e4n oli jo kuollut. Viljanen ja Vihma olivat ihmeen rauhallisia ja sanoin heille apua olevan tulossa. Totesin kaikilla olevan haavoja jaloissaan ja alaruumiissaan. Mutta en voinut auttaa kun ei ollut sidetarvikkeita.<\/p>\n<p>Vaikeimmin haavoittunut n\u00e4ytti olevan v\u00e4nrikki Forsvik. Miehi\u00e4 saapui paarien kanssa paikalle nopeasti ja everstit saatiin kannettua paareilla pois. Toiset p\u00e4\u00e4siv\u00e4t auttajien tukemina ja kantamina. Olin viimeisen\u00e4 toisena kantajana tuomassa R\u00e4s\u00e4sen ruumista.<\/p>\n<p>Komppanian l\u00e4\u00e4kint\u00e4miehet oli h\u00e4lytetty kiv\u00e4\u00e4rijoukkueen korsulle, jossa hoitivat haavoittuneita siihen asti kunnes JSp:n miehet ja ajoneuvot joutuivat paikalle ja evakuoivat haavoittuneet hoitoon. En tied\u00e4 sen j\u00e4lkeisest\u00e4 muuta kuin ett\u00e4 haavoittuneet oli saatu Krivin Sahakyl\u00e4n raiteella junaan. Seuraavana p\u00e4iv\u00e4n\u00e4 saimme kuulla ett\u00e4 Viljanen ja Vihma olivat kumpikin kuolleet. V\u00e4nrikki Lehtonen oli kuollut my\u00f6hemmin samoin kuin v\u00e4nrikki Forsvik. Virtasesta en ole kuullut sen j\u00e4lkeen mit\u00e4\u00e4n, mutta Tervasm\u00e4ki ja Marvo palasivat my\u00f6hemmin takaisin yksik\u00f6ihins\u00e4.<\/p>\n<p>Seuraavana aamuna saimme kuulla radion uutisl\u00e4hetyksess\u00e4, ett\u00e4 eversti Kaarlo Ilmari Viljanen oli 24.4. ylennetty kenraalimajuriksi. T\u00e4t\u00e4 ylennyst\u00e4 h\u00e4n ei ehtinyt virallisesti saada tietoonsa.<\/p>\n<p>Muutamia p\u00e4ivi\u00e4 t\u00e4m\u00e4n j\u00e4lkeen k\u00e4vi luonani tulenjohtopaikalla jonkin tutkintaelimen upseeri, en muista oliko luutnantti vai v\u00e4nrikki, k\u00e4sitt\u00e4\u00e4kseni divisioonan portaasta. H\u00e4n kyseli tapahtumasta ja kirjoitti kertomastani pitk\u00e4n p\u00f6yt\u00e4kirjan. Sanoi kertomukseni olleen eritt\u00e4in valaiseva. Onko kertomukseni tallella miss\u00e4\u00e4n arkistossa en ole koskaan kysellyt. Joka tapauksessa tuo kokemus kaikessa j\u00e4rkytt\u00e4vyydess\u00e4\u00e4n on painunut mieleeni niin syv\u00e4lle, ett\u00e4 huolimatta miesmuistin lyhyydest\u00e4 asia tuntuu kuin eilen tapahtuneelta.<\/p>\n<\/div><\/section>\n<section  class='av_textblock_section av-26nu8o-de7b19f6a4ff4a85782c022ea993fc53 '   itemscope=\"itemscope\" itemtype=\"https:\/\/schema.org\/CreativeWork\" ><div class='avia_textblock'  itemprop=\"text\" ><p>0<\/p>\n<\/div><\/section>\n","protected":false},"excerpt":{"rendered":"","protected":false},"author":2,"featured_media":0,"parent":2206,"menu_order":16,"comment_status":"closed","ping_status":"closed","template":"","meta":{"footnotes":""},"class_list":["post-2344","page","type-page","status-publish","hentry"],"yoast_head":"<!-- This site is optimized with the Yoast SEO plugin v27.6 - https:\/\/yoast.com\/product\/yoast-seo-wordpress\/ -->\n<title>Kenraalin kuolema - Veteraanien Perint\u00f6<\/title>\n<meta name=\"robots\" content=\"index, follow, max-snippet:-1, max-image-preview:large, max-video-preview:-1\" \/>\n<link rel=\"canonical\" href=\"https:\/\/veteraanienperinto.fi\/index.php\/jatkosota-etusivu\/jatkosodan-kertomukset\/sotatoimet\/asemasota\/kenraalin-kuolema\/\" \/>\n<meta property=\"og:locale\" content=\"fi_FI\" \/>\n<meta property=\"og:type\" content=\"article\" \/>\n<meta property=\"og:title\" content=\"Kenraalin kuolema - Veteraanien Perint\u00f6\" \/>\n<meta property=\"og:url\" content=\"https:\/\/veteraanienperinto.fi\/index.php\/jatkosota-etusivu\/jatkosodan-kertomukset\/sotatoimet\/asemasota\/kenraalin-kuolema\/\" \/>\n<meta property=\"og:site_name\" content=\"Veteraanien Perint\u00f6\" \/>\n<meta name=\"twitter:card\" content=\"summary_large_image\" \/>\n<meta name=\"twitter:label1\" content=\"Arvioitu lukuaika\" \/>\n\t<meta name=\"twitter:data1\" content=\"7 minuuttia\" \/>\n<script type=\"application\/ld+json\" class=\"yoast-schema-graph\">{\"@context\":\"https:\\\/\\\/schema.org\",\"@graph\":[{\"@type\":\"WebPage\",\"@id\":\"https:\\\/\\\/veteraanienperinto.fi\\\/index.php\\\/jatkosota-etusivu\\\/jatkosodan-kertomukset\\\/sotatoimet\\\/asemasota\\\/kenraalin-kuolema\\\/\",\"url\":\"https:\\\/\\\/veteraanienperinto.fi\\\/index.php\\\/jatkosota-etusivu\\\/jatkosodan-kertomukset\\\/sotatoimet\\\/asemasota\\\/kenraalin-kuolema\\\/\",\"name\":\"Kenraalin kuolema - Veteraanien Perint\u00f6\",\"isPartOf\":{\"@id\":\"https:\\\/\\\/veteraanienperinto.fi\\\/#website\"},\"datePublished\":\"2020-09-01T07:34:28+00:00\",\"breadcrumb\":{\"@id\":\"https:\\\/\\\/veteraanienperinto.fi\\\/index.php\\\/jatkosota-etusivu\\\/jatkosodan-kertomukset\\\/sotatoimet\\\/asemasota\\\/kenraalin-kuolema\\\/#breadcrumb\"},\"inLanguage\":\"fi\",\"potentialAction\":[{\"@type\":\"ReadAction\",\"target\":[\"https:\\\/\\\/veteraanienperinto.fi\\\/index.php\\\/jatkosota-etusivu\\\/jatkosodan-kertomukset\\\/sotatoimet\\\/asemasota\\\/kenraalin-kuolema\\\/\"]}]},{\"@type\":\"BreadcrumbList\",\"@id\":\"https:\\\/\\\/veteraanienperinto.fi\\\/index.php\\\/jatkosota-etusivu\\\/jatkosodan-kertomukset\\\/sotatoimet\\\/asemasota\\\/kenraalin-kuolema\\\/#breadcrumb\",\"itemListElement\":[{\"@type\":\"ListItem\",\"position\":1,\"name\":\"Etusivu\",\"item\":\"https:\\\/\\\/veteraanienperinto.fi\\\/index.php\\\/etusivu-2\\\/\"},{\"@type\":\"ListItem\",\"position\":2,\"name\":\"Jatkosota &#8211; etusivu\",\"item\":\"https:\\\/\\\/veteraanienperinto.fi\\\/index.php\\\/jatkosota-etusivu\\\/\"},{\"@type\":\"ListItem\",\"position\":3,\"name\":\"Jatkosodan kertomukset\",\"item\":\"https:\\\/\\\/veteraanienperinto.fi\\\/index.php\\\/jatkosota-etusivu\\\/jatkosodan-kertomukset\\\/\"},{\"@type\":\"ListItem\",\"position\":4,\"name\":\"Sotatoimet\",\"item\":\"https:\\\/\\\/veteraanienperinto.fi\\\/index.php\\\/jatkosota-etusivu\\\/jatkosodan-kertomukset\\\/sotatoimet\\\/\"},{\"@type\":\"ListItem\",\"position\":5,\"name\":\"Asemasota\",\"item\":\"https:\\\/\\\/veteraanienperinto.fi\\\/index.php\\\/jatkosota-etusivu\\\/jatkosodan-kertomukset\\\/sotatoimet\\\/asemasota\\\/\"},{\"@type\":\"ListItem\",\"position\":6,\"name\":\"Kenraalin kuolema\"}]},{\"@type\":\"WebSite\",\"@id\":\"https:\\\/\\\/veteraanienperinto.fi\\\/#website\",\"url\":\"https:\\\/\\\/veteraanienperinto.fi\\\/\",\"name\":\"Veteraanien Perint\u00f6\",\"description\":\"Kadettikunta\",\"potentialAction\":[{\"@type\":\"SearchAction\",\"target\":{\"@type\":\"EntryPoint\",\"urlTemplate\":\"https:\\\/\\\/veteraanienperinto.fi\\\/?s={search_term_string}\"},\"query-input\":{\"@type\":\"PropertyValueSpecification\",\"valueRequired\":true,\"valueName\":\"search_term_string\"}}],\"inLanguage\":\"fi\"}]}<\/script>\n<!-- \/ Yoast SEO plugin. -->","yoast_head_json":{"title":"Kenraalin kuolema - Veteraanien Perint\u00f6","robots":{"index":"index","follow":"follow","max-snippet":"max-snippet:-1","max-image-preview":"max-image-preview:large","max-video-preview":"max-video-preview:-1"},"canonical":"https:\/\/veteraanienperinto.fi\/index.php\/jatkosota-etusivu\/jatkosodan-kertomukset\/sotatoimet\/asemasota\/kenraalin-kuolema\/","og_locale":"fi_FI","og_type":"article","og_title":"Kenraalin kuolema - Veteraanien Perint\u00f6","og_url":"https:\/\/veteraanienperinto.fi\/index.php\/jatkosota-etusivu\/jatkosodan-kertomukset\/sotatoimet\/asemasota\/kenraalin-kuolema\/","og_site_name":"Veteraanien Perint\u00f6","twitter_card":"summary_large_image","twitter_misc":{"Arvioitu lukuaika":"7 minuuttia"},"schema":{"@context":"https:\/\/schema.org","@graph":[{"@type":"WebPage","@id":"https:\/\/veteraanienperinto.fi\/index.php\/jatkosota-etusivu\/jatkosodan-kertomukset\/sotatoimet\/asemasota\/kenraalin-kuolema\/","url":"https:\/\/veteraanienperinto.fi\/index.php\/jatkosota-etusivu\/jatkosodan-kertomukset\/sotatoimet\/asemasota\/kenraalin-kuolema\/","name":"Kenraalin kuolema - Veteraanien Perint\u00f6","isPartOf":{"@id":"https:\/\/veteraanienperinto.fi\/#website"},"datePublished":"2020-09-01T07:34:28+00:00","breadcrumb":{"@id":"https:\/\/veteraanienperinto.fi\/index.php\/jatkosota-etusivu\/jatkosodan-kertomukset\/sotatoimet\/asemasota\/kenraalin-kuolema\/#breadcrumb"},"inLanguage":"fi","potentialAction":[{"@type":"ReadAction","target":["https:\/\/veteraanienperinto.fi\/index.php\/jatkosota-etusivu\/jatkosodan-kertomukset\/sotatoimet\/asemasota\/kenraalin-kuolema\/"]}]},{"@type":"BreadcrumbList","@id":"https:\/\/veteraanienperinto.fi\/index.php\/jatkosota-etusivu\/jatkosodan-kertomukset\/sotatoimet\/asemasota\/kenraalin-kuolema\/#breadcrumb","itemListElement":[{"@type":"ListItem","position":1,"name":"Etusivu","item":"https:\/\/veteraanienperinto.fi\/index.php\/etusivu-2\/"},{"@type":"ListItem","position":2,"name":"Jatkosota &#8211; etusivu","item":"https:\/\/veteraanienperinto.fi\/index.php\/jatkosota-etusivu\/"},{"@type":"ListItem","position":3,"name":"Jatkosodan kertomukset","item":"https:\/\/veteraanienperinto.fi\/index.php\/jatkosota-etusivu\/jatkosodan-kertomukset\/"},{"@type":"ListItem","position":4,"name":"Sotatoimet","item":"https:\/\/veteraanienperinto.fi\/index.php\/jatkosota-etusivu\/jatkosodan-kertomukset\/sotatoimet\/"},{"@type":"ListItem","position":5,"name":"Asemasota","item":"https:\/\/veteraanienperinto.fi\/index.php\/jatkosota-etusivu\/jatkosodan-kertomukset\/sotatoimet\/asemasota\/"},{"@type":"ListItem","position":6,"name":"Kenraalin kuolema"}]},{"@type":"WebSite","@id":"https:\/\/veteraanienperinto.fi\/#website","url":"https:\/\/veteraanienperinto.fi\/","name":"Veteraanien Perint\u00f6","description":"Kadettikunta","potentialAction":[{"@type":"SearchAction","target":{"@type":"EntryPoint","urlTemplate":"https:\/\/veteraanienperinto.fi\/?s={search_term_string}"},"query-input":{"@type":"PropertyValueSpecification","valueRequired":true,"valueName":"search_term_string"}}],"inLanguage":"fi"}]}},"_links":{"self":[{"href":"https:\/\/veteraanienperinto.fi\/index.php\/wp-json\/wp\/v2\/pages\/2344","targetHints":{"allow":["GET"]}}],"collection":[{"href":"https:\/\/veteraanienperinto.fi\/index.php\/wp-json\/wp\/v2\/pages"}],"about":[{"href":"https:\/\/veteraanienperinto.fi\/index.php\/wp-json\/wp\/v2\/types\/page"}],"author":[{"embeddable":true,"href":"https:\/\/veteraanienperinto.fi\/index.php\/wp-json\/wp\/v2\/users\/2"}],"replies":[{"embeddable":true,"href":"https:\/\/veteraanienperinto.fi\/index.php\/wp-json\/wp\/v2\/comments?post=2344"}],"version-history":[{"count":2,"href":"https:\/\/veteraanienperinto.fi\/index.php\/wp-json\/wp\/v2\/pages\/2344\/revisions"}],"predecessor-version":[{"id":6047,"href":"https:\/\/veteraanienperinto.fi\/index.php\/wp-json\/wp\/v2\/pages\/2344\/revisions\/6047"}],"up":[{"embeddable":true,"href":"https:\/\/veteraanienperinto.fi\/index.php\/wp-json\/wp\/v2\/pages\/2206"}],"wp:attachment":[{"href":"https:\/\/veteraanienperinto.fi\/index.php\/wp-json\/wp\/v2\/media?parent=2344"}],"curies":[{"name":"wp","href":"https:\/\/api.w.org\/{rel}","templated":true}]}}