{"id":2385,"date":"2020-09-01T10:49:10","date_gmt":"2020-09-01T10:49:10","guid":{"rendered":"https:\/\/veteraani.ylirotu.fi\/?page_id=2385"},"modified":"2020-12-15T17:31:34","modified_gmt":"2020-12-15T17:31:34","slug":"elamaa-kotirintamalla","status":"publish","type":"page","link":"https:\/\/veteraanienperinto.fi\/index.php\/jatkosota-etusivu\/jatkosodan-kertomukset\/kotirintama\/elintarvikepula\/elamaa-kotirintamalla\/","title":{"rendered":"El\u00e4m\u00e4\u00e4 kotirintamalla"},"content":{"rendered":"\n<style type=\"text\/css\" data-created_by=\"avia_inline_auto\" id=\"style-css-av-av_heading-628cd396db1990f750f5fe4a0127229d\">\n#top .av-special-heading.av-av_heading-628cd396db1990f750f5fe4a0127229d{\npadding-bottom:5px;\n}\nbody .av-special-heading.av-av_heading-628cd396db1990f750f5fe4a0127229d .av-special-heading-tag .heading-char{\nfont-size:25px;\n}\n.av-special-heading.av-av_heading-628cd396db1990f750f5fe4a0127229d .av-subheading{\nfont-size:15px;\n}\n<\/style>\n<div  class='av-special-heading av-av_heading-628cd396db1990f750f5fe4a0127229d av-special-heading-h3  avia-builder-el-0  avia-builder-el-no-sibling '><h3 class='av-special-heading-tag'  itemprop=\"headline\"  >El\u00e4m\u00e4\u00e4 kotirintamalla<\/h3><div class=\"special-heading-border\"><div class=\"special-heading-inner-border\"><\/div><\/div><\/div>\n<section  class='av_textblock_section av-kei9w74n-7b0f008125a778f48432b9a614d90d0f '   itemscope=\"itemscope\" itemtype=\"https:\/\/schema.org\/CreativeWork\" ><div class='avia_textblock'  itemprop=\"text\" ><p><strong>Kirsti Nummelin ja Marjatta K\u00f6ssi (o.s. Piekkari):<\/strong><\/p>\n<div id=\"attachment_7958\" style=\"width: 332px\" class=\"wp-caption alignright\"><img loading=\"lazy\" decoding=\"async\" aria-describedby=\"caption-attachment-7958\" class=\"wp-image-7958 size-full\" src=\"https:\/\/veteraanienperinto.fi\/wp-content\/uploads\/2020\/12\/Elamaa_kotirintamalla.jpg\" alt=\"\" width=\"322\" height=\"350\" srcset=\"https:\/\/veteraanienperinto.fi\/wp-content\/uploads\/2020\/12\/Elamaa_kotirintamalla.jpg 322w, https:\/\/veteraanienperinto.fi\/wp-content\/uploads\/2020\/12\/Elamaa_kotirintamalla-276x300.jpg 276w\" sizes=\"auto, (max-width: 322px) 100vw, 322px\" \/><p id=\"caption-attachment-7958\" class=\"wp-caption-text\">Viholliset l\u00e4hestyv\u00e4t Korkeakoskea: tornissa t\u00e4hyst\u00e4m\u00e4ss\u00e4 Irja Joensuu ja Helmi Tarkkala.<\/p><\/div>\n<p>L\u00e4ht\u00f6k\u00e4skyn saaneiden miesten kokoontuessa lotat pitiv\u00e4t huolta muonituksesta. Ty\u00f6m\u00e4\u00e4r\u00e4yksist\u00e4 ensimm\u00e4isi\u00e4 oli siirtov\u00e4en vastaanotto ja muonitus. Oli kylm\u00e4\u00e4 ja kolkkoa, junat my\u00f6h\u00e4steliv\u00e4t niin, ett\u00e4 vellit sek\u00e4 muutkin ruoat ehtiv\u00e4t hapantua.<\/p>\n<p>Leipien leipominen j\u00e4rjestettiin kyl\u00e4kunnittain. 50 kiloa ruista piti viikossa saada leiviksi. K\u00e4ytettiin nelikulmaisia muotteja. Kypsent\u00e4misen j\u00e4lkeen leiv\u00e4t kuivattiin ja pakattiin metrin korkuisiin pahvilaatikoihin. Suomelassa sijaitsi sidetarpeiden ty\u00f6paja; isoista harsopaloista leikattiin sopivia pakkauskokoja, jotka k\u00e4\u00e4rittiin rullille. Oli my\u00f6s kehruuiltoja, sukkien, kyp\u00e4r\u00e4nsuojusten, polvenl\u00e4mmitt\u00e4jien ja sormikkaiden kutomista.<\/p>\n<p>Ilmavalvonta j\u00e4rjestettiin heti, kun valvontapisteet saatiin kuntoon. Kiikaroimme Korkeakoskella kenk\u00e4tehtaan tornissa, vuorot kestiv\u00e4t viikon tai kaksi yhteen menoon. Kaikkiaan kuului ryhm\u00e4\u00e4n kuusi lottaa valvomassa samanaikaisesti kaksi kerrallaan kahden tunnin ajan, joten v\u00e4liin j\u00e4i nelj\u00e4n tunnin tauko. Ruoan valmistimme itsellemme sek\u00e4 siltavartiomiehille. V\u00e4linein\u00e4 meill\u00e4 kiikareiden lis\u00e4ksi olivat suuntakeh\u00e4 sek\u00e4 kompassit.<\/p>\n<p><strong>Kertojat em\u00e4nt\u00e4 Inkeri Peltonen (o.s. Muurim\u00e4ki) sek\u00e4 em\u00e4nt\u00e4 Helmi Eskola (o.s. Tarkkala) Juupajoelta, ilmavalvonnassa ja leipomisessa mukanaolostaan kertoi my\u00f6s em\u00e4nt\u00e4 Marjatta Salkolahti (o.s. Anttila) L\u00e4ngelm\u00e4elt\u00e4<\/strong><\/p>\n<p>Y\u00f6t\u00e4 tehtiin ahkerasti ja pitki\u00e4 p\u00e4ivi\u00e4. Kenk\u00e4tehdas valmisti jalkineita armeijalle, sotateollisuutta palvelivat my\u00f6s ammustehdas ja lentokoneen osia korjaava varikko. Er\u00e4\u00e4ss\u00e4 vaiheessa leivottiin joka p\u00e4iv\u00e4 1000 leip\u00e4\u00e4, toinen puoli armeijalle, toinen siirtov\u00e4elle.<\/p>\n<div id=\"attachment_7959\" style=\"width: 410px\" class=\"wp-caption alignleft\"><img loading=\"lazy\" decoding=\"async\" aria-describedby=\"caption-attachment-7959\" class=\"size-full wp-image-7959\" src=\"https:\/\/veteraanienperinto.fi\/wp-content\/uploads\/2020\/12\/Elamaa_kotirintamalla2.jpg\" alt=\"\" width=\"400\" height=\"222\" srcset=\"https:\/\/veteraanienperinto.fi\/wp-content\/uploads\/2020\/12\/Elamaa_kotirintamalla2.jpg 400w, https:\/\/veteraanienperinto.fi\/wp-content\/uploads\/2020\/12\/Elamaa_kotirintamalla2-300x167.jpg 300w\" sizes=\"auto, (max-width: 400px) 100vw, 400px\" \/><p id=\"caption-attachment-7959\" class=\"wp-caption-text\">Pirkko Maunula ty\u00f6ss\u00e4 ammustehtaalla Orivedell\u00e4.<\/p><\/div>\n<p>Oltiin mukana maatalouskamppailussa, esimerkiksi harventamassa. Halkomottien teko oli naisille raskasta. Kuorma-autolla vietiin mets\u00e4\u00e4n, joskus saatiin sinne ruokaakin. Ty\u00f6kalut olivat huonot ja vaaratilanteita syntyi, kun puu kaatui miten sattui. Luovutukset kansanhuollolle olivat tiukkoja ja elintarvikeannokset pieni\u00e4, mutta maalla sai sent\u00e4\u00e4n aina jotakin suuhunsa.<\/p>\n<p>Oriveden Haaviston kyl\u00e4\u00e4n j\u00e4rjestettiin ty\u00f6tupa evakossa oleville naisille. Kaikki kyl\u00e4n ompelukoneet siirrettiin koululle, ja n\u00e4in sotilaille valmistettiin paitoja.<\/p>\n<p>Koulutuskeskus aiheutti paljon ty\u00f6t\u00e4, muonitus- ja kanttiiniteht\u00e4vi\u00e4. Koulutusta annettiin kolmessa eri paikassa Orivedell\u00e4 ja Juupajoella sek\u00e4 Er\u00e4j\u00e4rvell\u00e4. Kansanopisto oli t\u00e4rke\u00e4 paikka. Siell\u00e4 toimi v\u00e4h\u00e4n aikaa naisten klinikkakin. Sankarihautauksia oli paljon: parikymment\u00e4 kohta talvisodan alkuvaiheessa.<\/p>\n<\/div><\/section>\n","protected":false},"excerpt":{"rendered":"","protected":false},"author":2,"featured_media":0,"parent":2361,"menu_order":1,"comment_status":"closed","ping_status":"closed","template":"","meta":{"footnotes":""},"class_list":["post-2385","page","type-page","status-publish","hentry"],"yoast_head":"<!-- This site is optimized with the Yoast SEO plugin v27.5 - https:\/\/yoast.com\/product\/yoast-seo-wordpress\/ -->\n<title>El\u00e4m\u00e4\u00e4 kotirintamalla - Veteraanien Perint\u00f6<\/title>\n<meta name=\"robots\" content=\"index, follow, max-snippet:-1, max-image-preview:large, max-video-preview:-1\" \/>\n<link rel=\"canonical\" href=\"https:\/\/veteraanienperinto.fi\/index.php\/jatkosota-etusivu\/jatkosodan-kertomukset\/kotirintama\/elintarvikepula\/elamaa-kotirintamalla\/\" \/>\n<meta property=\"og:locale\" content=\"fi_FI\" \/>\n<meta property=\"og:type\" content=\"article\" \/>\n<meta property=\"og:title\" content=\"El\u00e4m\u00e4\u00e4 kotirintamalla - Veteraanien Perint\u00f6\" \/>\n<meta property=\"og:url\" content=\"https:\/\/veteraanienperinto.fi\/index.php\/jatkosota-etusivu\/jatkosodan-kertomukset\/kotirintama\/elintarvikepula\/elamaa-kotirintamalla\/\" \/>\n<meta property=\"og:site_name\" content=\"Veteraanien Perint\u00f6\" \/>\n<meta property=\"article:modified_time\" content=\"2020-12-15T17:31:34+00:00\" \/>\n<meta property=\"og:image\" content=\"https:\/\/veteraanienperinto.fi\/wp-content\/uploads\/2020\/12\/Elamaa_kotirintamalla.jpg\" \/>\n<meta name=\"twitter:card\" content=\"summary_large_image\" \/>\n<meta name=\"twitter:label1\" content=\"Arvioitu lukuaika\" \/>\n\t<meta name=\"twitter:data1\" content=\"3 minuuttia\" \/>\n<script type=\"application\/ld+json\" class=\"yoast-schema-graph\">{\"@context\":\"https:\\\/\\\/schema.org\",\"@graph\":[{\"@type\":\"WebPage\",\"@id\":\"https:\\\/\\\/veteraanienperinto.fi\\\/index.php\\\/jatkosota-etusivu\\\/jatkosodan-kertomukset\\\/kotirintama\\\/elintarvikepula\\\/elamaa-kotirintamalla\\\/\",\"url\":\"https:\\\/\\\/veteraanienperinto.fi\\\/index.php\\\/jatkosota-etusivu\\\/jatkosodan-kertomukset\\\/kotirintama\\\/elintarvikepula\\\/elamaa-kotirintamalla\\\/\",\"name\":\"El\u00e4m\u00e4\u00e4 kotirintamalla - Veteraanien Perint\u00f6\",\"isPartOf\":{\"@id\":\"https:\\\/\\\/veteraanienperinto.fi\\\/#website\"},\"primaryImageOfPage\":{\"@id\":\"https:\\\/\\\/veteraanienperinto.fi\\\/index.php\\\/jatkosota-etusivu\\\/jatkosodan-kertomukset\\\/kotirintama\\\/elintarvikepula\\\/elamaa-kotirintamalla\\\/#primaryimage\"},\"image\":{\"@id\":\"https:\\\/\\\/veteraanienperinto.fi\\\/index.php\\\/jatkosota-etusivu\\\/jatkosodan-kertomukset\\\/kotirintama\\\/elintarvikepula\\\/elamaa-kotirintamalla\\\/#primaryimage\"},\"thumbnailUrl\":\"https:\\\/\\\/veteraanienperinto.fi\\\/wp-content\\\/uploads\\\/2020\\\/12\\\/Elamaa_kotirintamalla.jpg\",\"datePublished\":\"2020-09-01T10:49:10+00:00\",\"dateModified\":\"2020-12-15T17:31:34+00:00\",\"breadcrumb\":{\"@id\":\"https:\\\/\\\/veteraanienperinto.fi\\\/index.php\\\/jatkosota-etusivu\\\/jatkosodan-kertomukset\\\/kotirintama\\\/elintarvikepula\\\/elamaa-kotirintamalla\\\/#breadcrumb\"},\"inLanguage\":\"fi\",\"potentialAction\":[{\"@type\":\"ReadAction\",\"target\":[\"https:\\\/\\\/veteraanienperinto.fi\\\/index.php\\\/jatkosota-etusivu\\\/jatkosodan-kertomukset\\\/kotirintama\\\/elintarvikepula\\\/elamaa-kotirintamalla\\\/\"]}]},{\"@type\":\"ImageObject\",\"inLanguage\":\"fi\",\"@id\":\"https:\\\/\\\/veteraanienperinto.fi\\\/index.php\\\/jatkosota-etusivu\\\/jatkosodan-kertomukset\\\/kotirintama\\\/elintarvikepula\\\/elamaa-kotirintamalla\\\/#primaryimage\",\"url\":\"https:\\\/\\\/veteraanienperinto.fi\\\/wp-content\\\/uploads\\\/2020\\\/12\\\/Elamaa_kotirintamalla.jpg\",\"contentUrl\":\"https:\\\/\\\/veteraanienperinto.fi\\\/wp-content\\\/uploads\\\/2020\\\/12\\\/Elamaa_kotirintamalla.jpg\",\"width\":322,\"height\":350,\"caption\":\"Fiender n\u00e4rmar sig Korkeakoski: Irja Joensuu och Helmi Tarkkala spanar i tornet.\"},{\"@type\":\"BreadcrumbList\",\"@id\":\"https:\\\/\\\/veteraanienperinto.fi\\\/index.php\\\/jatkosota-etusivu\\\/jatkosodan-kertomukset\\\/kotirintama\\\/elintarvikepula\\\/elamaa-kotirintamalla\\\/#breadcrumb\",\"itemListElement\":[{\"@type\":\"ListItem\",\"position\":1,\"name\":\"Etusivu\",\"item\":\"https:\\\/\\\/veteraanienperinto.fi\\\/index.php\\\/etusivu-2\\\/\"},{\"@type\":\"ListItem\",\"position\":2,\"name\":\"Jatkosota &#8211; etusivu\",\"item\":\"https:\\\/\\\/veteraanienperinto.fi\\\/index.php\\\/jatkosota-etusivu\\\/\"},{\"@type\":\"ListItem\",\"position\":3,\"name\":\"Jatkosodan kertomukset\",\"item\":\"https:\\\/\\\/veteraanienperinto.fi\\\/index.php\\\/jatkosota-etusivu\\\/jatkosodan-kertomukset\\\/\"},{\"@type\":\"ListItem\",\"position\":4,\"name\":\"Kotirintama\",\"item\":\"https:\\\/\\\/veteraanienperinto.fi\\\/index.php\\\/jatkosota-etusivu\\\/jatkosodan-kertomukset\\\/kotirintama\\\/\"},{\"@type\":\"ListItem\",\"position\":5,\"name\":\"Elintarvikepula\",\"item\":\"https:\\\/\\\/veteraanienperinto.fi\\\/index.php\\\/jatkosota-etusivu\\\/jatkosodan-kertomukset\\\/kotirintama\\\/elintarvikepula\\\/\"},{\"@type\":\"ListItem\",\"position\":6,\"name\":\"El\u00e4m\u00e4\u00e4 kotirintamalla\"}]},{\"@type\":\"WebSite\",\"@id\":\"https:\\\/\\\/veteraanienperinto.fi\\\/#website\",\"url\":\"https:\\\/\\\/veteraanienperinto.fi\\\/\",\"name\":\"Veteraanien Perint\u00f6\",\"description\":\"Kadettikunta\",\"potentialAction\":[{\"@type\":\"SearchAction\",\"target\":{\"@type\":\"EntryPoint\",\"urlTemplate\":\"https:\\\/\\\/veteraanienperinto.fi\\\/?s={search_term_string}\"},\"query-input\":{\"@type\":\"PropertyValueSpecification\",\"valueRequired\":true,\"valueName\":\"search_term_string\"}}],\"inLanguage\":\"fi\"}]}<\/script>\n<!-- \/ Yoast SEO plugin. -->","yoast_head_json":{"title":"El\u00e4m\u00e4\u00e4 kotirintamalla - Veteraanien Perint\u00f6","robots":{"index":"index","follow":"follow","max-snippet":"max-snippet:-1","max-image-preview":"max-image-preview:large","max-video-preview":"max-video-preview:-1"},"canonical":"https:\/\/veteraanienperinto.fi\/index.php\/jatkosota-etusivu\/jatkosodan-kertomukset\/kotirintama\/elintarvikepula\/elamaa-kotirintamalla\/","og_locale":"fi_FI","og_type":"article","og_title":"El\u00e4m\u00e4\u00e4 kotirintamalla - Veteraanien Perint\u00f6","og_url":"https:\/\/veteraanienperinto.fi\/index.php\/jatkosota-etusivu\/jatkosodan-kertomukset\/kotirintama\/elintarvikepula\/elamaa-kotirintamalla\/","og_site_name":"Veteraanien Perint\u00f6","article_modified_time":"2020-12-15T17:31:34+00:00","og_image":[{"url":"https:\/\/veteraanienperinto.fi\/wp-content\/uploads\/2020\/12\/Elamaa_kotirintamalla.jpg","type":"","width":"","height":""}],"twitter_card":"summary_large_image","twitter_misc":{"Arvioitu lukuaika":"3 minuuttia"},"schema":{"@context":"https:\/\/schema.org","@graph":[{"@type":"WebPage","@id":"https:\/\/veteraanienperinto.fi\/index.php\/jatkosota-etusivu\/jatkosodan-kertomukset\/kotirintama\/elintarvikepula\/elamaa-kotirintamalla\/","url":"https:\/\/veteraanienperinto.fi\/index.php\/jatkosota-etusivu\/jatkosodan-kertomukset\/kotirintama\/elintarvikepula\/elamaa-kotirintamalla\/","name":"El\u00e4m\u00e4\u00e4 kotirintamalla - Veteraanien Perint\u00f6","isPartOf":{"@id":"https:\/\/veteraanienperinto.fi\/#website"},"primaryImageOfPage":{"@id":"https:\/\/veteraanienperinto.fi\/index.php\/jatkosota-etusivu\/jatkosodan-kertomukset\/kotirintama\/elintarvikepula\/elamaa-kotirintamalla\/#primaryimage"},"image":{"@id":"https:\/\/veteraanienperinto.fi\/index.php\/jatkosota-etusivu\/jatkosodan-kertomukset\/kotirintama\/elintarvikepula\/elamaa-kotirintamalla\/#primaryimage"},"thumbnailUrl":"https:\/\/veteraanienperinto.fi\/wp-content\/uploads\/2020\/12\/Elamaa_kotirintamalla.jpg","datePublished":"2020-09-01T10:49:10+00:00","dateModified":"2020-12-15T17:31:34+00:00","breadcrumb":{"@id":"https:\/\/veteraanienperinto.fi\/index.php\/jatkosota-etusivu\/jatkosodan-kertomukset\/kotirintama\/elintarvikepula\/elamaa-kotirintamalla\/#breadcrumb"},"inLanguage":"fi","potentialAction":[{"@type":"ReadAction","target":["https:\/\/veteraanienperinto.fi\/index.php\/jatkosota-etusivu\/jatkosodan-kertomukset\/kotirintama\/elintarvikepula\/elamaa-kotirintamalla\/"]}]},{"@type":"ImageObject","inLanguage":"fi","@id":"https:\/\/veteraanienperinto.fi\/index.php\/jatkosota-etusivu\/jatkosodan-kertomukset\/kotirintama\/elintarvikepula\/elamaa-kotirintamalla\/#primaryimage","url":"https:\/\/veteraanienperinto.fi\/wp-content\/uploads\/2020\/12\/Elamaa_kotirintamalla.jpg","contentUrl":"https:\/\/veteraanienperinto.fi\/wp-content\/uploads\/2020\/12\/Elamaa_kotirintamalla.jpg","width":322,"height":350,"caption":"Fiender n\u00e4rmar sig Korkeakoski: Irja Joensuu och Helmi Tarkkala spanar i tornet."},{"@type":"BreadcrumbList","@id":"https:\/\/veteraanienperinto.fi\/index.php\/jatkosota-etusivu\/jatkosodan-kertomukset\/kotirintama\/elintarvikepula\/elamaa-kotirintamalla\/#breadcrumb","itemListElement":[{"@type":"ListItem","position":1,"name":"Etusivu","item":"https:\/\/veteraanienperinto.fi\/index.php\/etusivu-2\/"},{"@type":"ListItem","position":2,"name":"Jatkosota &#8211; etusivu","item":"https:\/\/veteraanienperinto.fi\/index.php\/jatkosota-etusivu\/"},{"@type":"ListItem","position":3,"name":"Jatkosodan kertomukset","item":"https:\/\/veteraanienperinto.fi\/index.php\/jatkosota-etusivu\/jatkosodan-kertomukset\/"},{"@type":"ListItem","position":4,"name":"Kotirintama","item":"https:\/\/veteraanienperinto.fi\/index.php\/jatkosota-etusivu\/jatkosodan-kertomukset\/kotirintama\/"},{"@type":"ListItem","position":5,"name":"Elintarvikepula","item":"https:\/\/veteraanienperinto.fi\/index.php\/jatkosota-etusivu\/jatkosodan-kertomukset\/kotirintama\/elintarvikepula\/"},{"@type":"ListItem","position":6,"name":"El\u00e4m\u00e4\u00e4 kotirintamalla"}]},{"@type":"WebSite","@id":"https:\/\/veteraanienperinto.fi\/#website","url":"https:\/\/veteraanienperinto.fi\/","name":"Veteraanien Perint\u00f6","description":"Kadettikunta","potentialAction":[{"@type":"SearchAction","target":{"@type":"EntryPoint","urlTemplate":"https:\/\/veteraanienperinto.fi\/?s={search_term_string}"},"query-input":{"@type":"PropertyValueSpecification","valueRequired":true,"valueName":"search_term_string"}}],"inLanguage":"fi"}]}},"_links":{"self":[{"href":"https:\/\/veteraanienperinto.fi\/index.php\/wp-json\/wp\/v2\/pages\/2385","targetHints":{"allow":["GET"]}}],"collection":[{"href":"https:\/\/veteraanienperinto.fi\/index.php\/wp-json\/wp\/v2\/pages"}],"about":[{"href":"https:\/\/veteraanienperinto.fi\/index.php\/wp-json\/wp\/v2\/types\/page"}],"author":[{"embeddable":true,"href":"https:\/\/veteraanienperinto.fi\/index.php\/wp-json\/wp\/v2\/users\/2"}],"replies":[{"embeddable":true,"href":"https:\/\/veteraanienperinto.fi\/index.php\/wp-json\/wp\/v2\/comments?post=2385"}],"version-history":[{"count":3,"href":"https:\/\/veteraanienperinto.fi\/index.php\/wp-json\/wp\/v2\/pages\/2385\/revisions"}],"predecessor-version":[{"id":8155,"href":"https:\/\/veteraanienperinto.fi\/index.php\/wp-json\/wp\/v2\/pages\/2385\/revisions\/8155"}],"up":[{"embeddable":true,"href":"https:\/\/veteraanienperinto.fi\/index.php\/wp-json\/wp\/v2\/pages\/2361"}],"wp:attachment":[{"href":"https:\/\/veteraanienperinto.fi\/index.php\/wp-json\/wp\/v2\/media?parent=2385"}],"curies":[{"name":"wp","href":"https:\/\/api.w.org\/{rel}","templated":true}]}}