{"id":2402,"date":"2020-09-01T11:01:06","date_gmt":"2020-09-01T11:01:06","guid":{"rendered":"https:\/\/veteraani.ylirotu.fi\/?page_id=2402"},"modified":"2020-12-15T17:43:41","modified_gmt":"2020-12-15T17:43:41","slug":"muisteloita-sotatoimialueelta-asemasota","status":"publish","type":"page","link":"https:\/\/veteraanienperinto.fi\/index.php\/jatkosota-etusivu\/jatkosodan-kertomukset\/kotirintama\/naiset-tyovoimana\/muisteloita-sotatoimialueelta-asemasota\/","title":{"rendered":"Muisteloita sotatoimialueelta, asemasota"},"content":{"rendered":"\n<style type=\"text\/css\" data-created_by=\"avia_inline_auto\" id=\"style-css-av-av_heading-93807d2f11e08aed82a3353b51f08271\">\n#top .av-special-heading.av-av_heading-93807d2f11e08aed82a3353b51f08271{\npadding-bottom:5px;\n}\nbody .av-special-heading.av-av_heading-93807d2f11e08aed82a3353b51f08271 .av-special-heading-tag .heading-char{\nfont-size:25px;\n}\n.av-special-heading.av-av_heading-93807d2f11e08aed82a3353b51f08271 .av-subheading{\nfont-size:15px;\n}\n<\/style>\n<div  class='av-special-heading av-av_heading-93807d2f11e08aed82a3353b51f08271 av-special-heading-h3  avia-builder-el-0  avia-builder-el-no-sibling '><h3 class='av-special-heading-tag'  itemprop=\"headline\"  >Muisteloita sotatoimialueelta, asemasota<\/h3><div class=\"special-heading-border\"><div class=\"special-heading-inner-border\"><\/div><\/div><\/div>\n<section  class='av_textblock_section av-kei9w74n-7b0f008125a778f48432b9a614d90d0f '   itemscope=\"itemscope\" itemtype=\"https:\/\/schema.org\/CreativeWork\" ><div class='avia_textblock'  itemprop=\"text\" ><p><strong>Sirkka-Liisa Unkila os. Mustonen:<\/strong><strong>\u00a0<\/strong><\/p>\n<p><img loading=\"lazy\" decoding=\"async\" class=\"alignright wp-image-8160\" src=\"https:\/\/veteraanienperinto.fi\/wp-content\/uploads\/2020\/12\/Mustonen.jpg\" alt=\"\" width=\"110\" height=\"150\" \/>Koulunk\u00e4ynti aloitettiin vasta marraskuussa seurakunnan rukoushuoneella pari kertaa viikossa, sill\u00e4 kaupungin kaikki kolme oppikoulua olivat sotasairaaloina tai muussa sotilaallisessa k\u00e4yt\u00f6ss\u00e4. Joulun j\u00e4lkeen talvella -42 p\u00e4\u00e4simme omaan kouluun, sill\u00e4 se oli yksityinen.<\/p>\n<p>Muut, valtion oppikoulut, olivat edelleen sotasairaaloina. Yhteisvastuullisesti jaettiin siis tilat kolmen koulun kesken. Syntyi vuoroluku, joka tarkoitti sit\u00e4, ett\u00e4 p\u00e4iv\u00e4 jaettiin kolmeen osaan, nelituntisiin jaksoihin, joihin mahdutettiin viisi oppituntia ja kymmenminuuttiset v\u00e4liajat. Aamuvuoro alkoi klo 8, p\u00e4iv\u00e4vuoro klo 12 ja iltavuoro klo 16.<\/p>\n<p>Vuorotellen jokainen koulu sai eri vuoron. Iltavuoroa k\u00e4ytiin pime\u00e4\u00e4n aikaan . Kaupunki oli pimennetty ja kun tunnit loppuivat, l\u00e4ksimme kotiin pilkkopime\u00e4ss\u00e4. Iltavuoro oli hankala my\u00f6s junalla kouluun kulkevien kannalta. Heid\u00e4n piti y\u00f6py\u00e4 kaupungissa. My\u00f6h\u00e4isjunaa ei ollut. Niin meillekin tuli joka kolmas viikko Onttolasta Karttusen Irja koulukortteeraamaan. H\u00e4nell\u00e4 oli omat ev\u00e4\u00e4t, joita h\u00e4n nakersi koko viikon eik\u00e4 \u00e4idin kehotuksista tullut edes korvikkeelle. Muistelen, ett\u00e4 sin\u00e4 talvena ei meill\u00e4 koettu kovaa ruokapulaa ehk\u00e4 juuri Karttusten ansiosta. Lauantai-iltaisin Karttusen is\u00e4nt\u00e4 haki tyt\u00e4rtens\u00e4 hevosella kotiin<\/p>\n<p>Seuraavana kev\u00e4\u00e4n\u00e4 jaettiin pihamaasta vuokralaisille noin aarin suuruiset viljelypalstat. Meille j\u00e4i viel\u00e4 suuri peruna- ja juuresmaa viljelt\u00e4v\u00e4ksi. Sato olikin runsas, mahtavia kaaleja, suurensuuria lanttuja ja koko vuoden perunat. Jauhoista oli pulaa niin, ett\u00e4 \u00e4iti laittoi leip\u00e4taikinaan paljon perunaa. Lihaa ei n\u00e4hty oikeastaan ollenkaan. Luukeitot olivat kyll\u00e4 herkullisia. \u00c4iti s\u00e4\u00e4sti lihakuponkeja varoiksi, kun veljet tulivat n\u00e4lk\u00e4isin\u00e4 lomalle. Maitoa ei saatu ollenkaan, vaikka meill\u00e4 oli kaksi lasten maitokorttia, joilla olisi pit\u00e4nyt saada yhteens\u00e4 1,2 litraa maitoa p\u00e4iv\u00e4ss\u00e4. Vain pikkulapset ja vauvat saivat, meid\u00e4n korteilla annettiin yhteens\u00e4 kolme desilitraa kermaa. Piti olla my\u00f6s tarkka siit\u00e4, ett\u00e4 meni heti kauppaan, kun maitoauto tuli, muuten saattoi j\u00e4\u00e4d\u00e4 sit\u00e4 v\u00e4h\u00e4\u00e4kin vaille. Useimmiten min\u00e4 olin maitokuski. Aina oli jono, juhlapyhin\u00e4 jopa oven ulkopuolelle. Jonakin syksyn\u00e4 saimme jostakin el\u00e4inrehuksi litistetty\u00e4 kauraa. Siin\u00e4 oli tietysti akanat mukana. Oli siin\u00e4 puuhaa saada erotelluksi ne pois. Se piti viel\u00e4 tehd\u00e4 salaa keitti\u00f6n p\u00f6yd\u00e4ll\u00e4 niin, ett\u00e4 varoilla oli pyyheliina peitoksi, kun joku vieras sattui tulemaan<\/p>\n<p>El\u00e4m\u00e4 oli ainaista varuillaan oloa sanomisissa ja teoissa. Feind h\u00f6rt mit, oli iskulause, joka takasi turvallisuutta. Vakoilijoita pel\u00e4ttiin kaikkialla. Vuosien mittaan sopeuduttiin kaikkiin rajoituksiin niin, ett\u00e4 siit\u00e4 tuli tapa el\u00e4\u00e4. Vastavakoilustakin oli tietoa. Luokkatoverini is\u00e4 Uuno Uimonen oli Joensuun Valpon p\u00e4\u00e4llikk\u00f6. Kerran ollessani Uimosella Anja halusi n\u00e4ytt\u00e4\u00e4 minulle jotain erikoista. Heill\u00e4 ei ollut ket\u00e4\u00e4n muita kotona niin, ett\u00e4 voimme rauhassa kulkea huoneesta toiseen. Olohuoneessa, joka oli verraten suuri, oli ainoastaan tilap\u00e4isvuoteita. Ne olivat sijaamattomia ja Anja kertoi, ett\u00e4 heille tulee \u00f6isin siviilipukuisia miehi\u00e4 ja naisia, jotka majoitetaan salaisesti olohuoneeseen. He nukkuivat siell\u00e4 p\u00e4iv\u00e4t ja aterioivat my\u00f6s siell\u00e4. Sitten he taas katoavat jonain y\u00f6n\u00e4. Se oli h\u00e4nen is\u00e4ns\u00e4 ty\u00f6t\u00e4. J\u00e4lkeenp\u00e4in ajatellen he todenn\u00e4k\u00f6isesti olivat rintaman takana vihollisen puolella ty\u00f6skentelevi\u00e4 suomalaisia vakoilijoita<\/p>\n<p>Ainoat huvitukset olivat elokuvat, joihin s\u00e4\u00e4stettiin taskurahat, Melkeinp\u00e4 kaikki mahdolliset elokuvat, lapsilta kielletytkin k\u00e4ytiin katsomassa. 1943 ja osittain -44 talvella Joensuun katuvalot paloivat. Se teki mahdolliseksi luistelemisen iltaisin. Meill\u00e4 tyt\u00f6ill\u00e4 oli yhdet hokkarit, joita sitten vuoron per\u00e4\u00e4n k\u00e4ytettiin. En muista, ett\u00e4 meill\u00e4 olisi ollut pikkukenki\u00e4, monot sen sijaan olivat jokapaikan jalkineet hiihtosukkineen. Me kasvoimme ja vaatteet k\u00e4viv\u00e4t pieniksi eik\u00e4 uusia saanut. Pieneksi k\u00e4yneit\u00e4 vaatteista yhdisteltiin uusia. Niin sain talvik\u00e4velypuvun kahdesta talvitakista, joita olimme k\u00e4ytt\u00e4neet kansakouluaikoina. Kankaat eiv\u00e4t kest\u00e4neet monenkertaista k\u00e4ytt\u00f6\u00e4. N\u00e4in k\u00e4vi kesken koulup\u00e4iv\u00e4n er\u00e4\u00e4lle mekolleni. Sen sivuun repesi suuri aukko. Sit\u00e4 piti k\u00e4sin pidell\u00e4 kulkiessa, ettei kukaan olisi n\u00e4hnyt. Kev\u00e4\u00e4ll\u00e4 helpotti kenk\u00e4tilanne. Puukenki\u00e4 oli saatavissa paksupohjaisista taipumattomista vaneripohjaisiin, jotka taipuivat pohjastaan. Ne olivat siroja ja muistan pit\u00e4neeni niit\u00e4 sodan j\u00e4lkeenkin. Vaneripohjaisissa p\u00e4\u00e4llinen oli paperikangasta, jota piti taas varoa kastumasta. Joskus saimme sent\u00e4\u00e4n uutta. Osuuskaupan kangasmyym\u00e4l\u00e4n hoitaja rouva Lepp\u00e4 asui isomman asuinrakennuksen toisessa p\u00e4\u00e4ss\u00e4. H\u00e4n ilmoitti \u00e4idille, milloin kankaita oli saapunut. Sitten my\u00f6h\u00e4\u00e4n jonakin iltana me kiipesimme takaoven kautta kaupan vinttiin, jossa oli kangasvarasto. Sielt\u00e4 saimme valita tarvitsemamme kankaat vaatekorttien pisteit\u00e4 vastaan. T\u00e4m\u00e4 oli vastapalvelus siit\u00e4, ett\u00e4 \u00e4iti leipoi yksin asuvalle rouva Lep\u00e4lle kerran viikossa leiv\u00e4n samasta taikinasta kuin omamme.<\/p>\n<p>Kesin\u00e4 -42 ja -43 k\u00e4vin \u00e4itini kanssa Lepp\u00e4virralla \u00e4idin kotona Alapihan hovissa. Niit\u00e4 matkoja varten piti hankkia matkustuslupa poliisilaitokselta. Asuimmehan sotatoimialueella. L\u00e4ksimme klo yhden y\u00f6junalla Varkauteen, miss\u00e4 olimme aamulla. Sielt\u00e4 jatkoimme matkaa h\u00e4k\u00e4k\u00e4ytt\u00f6isell\u00e4 linja-autolla Lepp\u00e4virran kirkonkyl\u00e4\u00e4n. Asuimme Elin-t\u00e4din kamarissa tupariviss\u00e4. P\u00e4ivisin kuljeskelin milloin miss\u00e4kin virran rannasta kirkkoon ja omalle hautausmaalle, johon serkkuni Toivo Takkunen oli haudattu. H\u00e4n kaatui Kollaan taisteluissa talvisodassa. Iso\u00e4iti oli jo yli 90- vuotias. H\u00e4n eleli omassa huoneessaan, josta oli luukku keitti\u00f6\u00f6n. N\u00e4in h\u00e4nen ei tarvinnut l\u00e4hte\u00e4 huoneestaan, jos h\u00e4n jotakin tarvitsi. H\u00e4n avasi vain luukun ja pyysi, mit\u00e4 tarvitsi. Huone oli entinen hovin ruokasali, siksi luukku. Kun eno oli i\u00e4k\u00e4s ja molemmat pojat rintamalla, heill\u00e4 oli kotiryss\u00e4, Vasili, ty\u00f6miehen\u00e4. Ihan s\u00e4vyis\u00e4lt\u00e4 ja tavalliselta kunnon miehelt\u00e4 h\u00e4n minusta n\u00e4ytti.<\/p>\n<p>Veljist\u00e4 vanhempi Voitto oli Laatokan rannalla Sortanlahdessa ja nuorempi Toivo Syv\u00e4rill\u00e4 Lotinanpellon lohkolla l\u00e4hes koko asemasodan aikana. Is\u00e4 taas oli komennettu korkean ammattitaitonsa takia \u00c4\u00e4nislinnaan rakentamaan patoa, mihin muut eiv\u00e4t pystyneet. H\u00e4nell\u00e4 oli komennossaan pioneerikomppania ja sotavankeja. H\u00e4n taisi ven\u00e4j\u00e4nkielt\u00e4. Padon valmistuttua per\u00e4\u00e4ntymisvaiheen alettua pato r\u00e4j\u00e4ytettiin. Tammikuussa -44 p\u00e4iv\u00e4kirjani kertoo, ett\u00e4 is\u00e4 tuli junalla etel\u00e4st\u00e4 muutamaksi tunniksi kotiin jatkaakseen matkaansa Mikkeliin. H\u00e4n k\u00e4vi sielt\u00e4 sunnuntailomalla, saapui y\u00f6ll\u00e4 kolmen aikaan ja palasi takaisin Mikkeliin vajaan parin vuorokauden kuluttua. Siell\u00e4 h\u00e4n j\u00e4i kaatuvan parakin sein\u00e4n alle ja loukkaantui. H\u00e4nt\u00e4 hoidettiin ensin Joensuussa Lyseolla. Vaikeiden ja alkeellisten olosuhteiden ansiosta h\u00e4n, i\u00e4k\u00e4s 62-vuotias, sairastui sokeritautiin. H\u00e4net siirrettiin Tytt\u00f6koulun sotasairaalaan, jossa k\u00e4vimme sitten joka p\u00e4iv\u00e4 h\u00e4nt\u00e4 katsomassa. Parannuttuaan h\u00e4n jatkoi edelleen P\u00e4\u00e4majan alaisena linnoitust\u00f6it\u00e4 Mikkelist\u00e4 k\u00e4sin. Suurhy\u00f6kk\u00e4yksen alettua h\u00e4n oli Viipurin pohjoispuolella. Siell\u00e4 h\u00e4net tapasi nuorempi veljeni, joka tilanteen rauhoituttua oli rintaman takana lepovuorossa.<\/p>\n<p>P\u00e4iv\u00e4kirjani kertoo, miten ik\u00e4v\u00e4\u00e4 el\u00e4m\u00e4 oli kasvavalle ja kehitysi\u00e4ss\u00e4 olevalle. Ei ollut nk. virikkeit\u00e4, ellei lasketa niiksi ainaista j\u00e4nnitys siit\u00e4, miten sodassa k\u00e4y. Vihjeit\u00e4 h\u00e4vi\u00f6st\u00e4 saimme jo -43 talvella, kun vanhemman veljen kaveri Vaakanaisen Peks, Aarne, istui meill\u00e4 iltaa niinik\u00e4\u00e4n lomalla. Heid\u00e4n keskustelustaan kuulin suurista joukkohaudoista L\u00e4nsi-Ven\u00e4j\u00e4ll\u00e4 ja mahdollisesta Saksan h\u00e4vi\u00f6st\u00e4. Kotonakin oli vaikeaa. Lavantautiepidemia uhkasi kaupunkia. K\u00e4vimme ottamassa varoiksi rokotukset, mutta siit\u00e4 huolimatta Paula sairastui. H\u00e4nt\u00e4 \u00e4iti hoiti ja minut eristettiin toiseen huoneeseen nukkumaan. Kev\u00e4ttalvella -44 alkoi entist\u00e4 vilkkaampi ilmatoiminta. H\u00e4lytyssireenit keskeyttiv\u00e4t rusettiluistelut, jotka olivat olleet ainoa huvi kadulla k\u00e4velyn ja elokuvien lis\u00e4si. Kaduilla liikkui entist\u00e4 enemm\u00e4n my\u00f6s saksalaisia sotilaita, siviilej\u00e4 ei Joensuun kaduilla koko sodan aikana n\u00e4kynytk\u00e4\u00e4n. Radiota kuunneltiin jatkuvasti. Uutiset olivat t\u00e4rkeit\u00e4. Kes\u00e4sodan aikaan talon v\u00e4ki kokoontui meille iltauutisia kuuntelemaan. Kell\u00e4\u00e4n muulla ei ollut radiota. Radion kuunnelmat toivat tuulahduksen toisesta paremmasta ajasta. P\u00e4iv\u00e4kirja kertoo, ett\u00e4 olin kuunnellut mm. Molierin Tartyffin mielenkiinnolla.<\/p>\n<p>Toukokuussa -43 keskell\u00e4 p\u00e4iv\u00e4\u00e4 oli pommitus. Olin jo tullut koulusta. H\u00e4lytyksen tultua ja koneiden ollessa p\u00e4\u00e4ll\u00e4 menimme eteiseen lattialle pitk\u00e4llemme. Vaateharjat putosivat nauloistaan lattialle pommien jym\u00e4yksist\u00e4. Aikaisemmin mainitsemani hevosmies Moilanen kuoli syd\u00e4nhalvaukseen ja muutama pyykk\u00e4ri sirpaleisiin joen rannassa. Heid\u00e4t kaikki siunattiin samalla kertaa. Kev\u00e4ttalvella -44 h\u00e4lytyksi\u00e4 alkoi olla usein. Huhtikuun alussa oli pari pommitusta. Ensimm\u00e4isen noin kolmituntisen h\u00e4lytyksen aikana rautatieasemalla oli joukkojenkuljetus meneill\u00e4\u00e4n. Se oli my\u00f6s ryssien kohde. Sotilaita kuoli. Toisen pommituksen aikana is\u00e4 oli iltalomalla sairaalasta. H\u00e4n asetti lavantautisen Paulan keitti\u00f6n lattialle pitk\u00e4lleen ja l\u00e4hetti minut pihalle vartioon. Puin lumipuvun p\u00e4\u00e4lleni ja l\u00e4hdin ulos. Samassa v\u00e4l\u00e4hti. Suojauduin ja katselin, kuinka ryss\u00e4n valoraketti valaisi koko kaupungin. Sitten tietysti tuli pommeja. Oli\u00a0pitk\u00e4perjantai -44. Seuraavana p\u00e4iv\u00e4n\u00e4 el\u00e4m\u00e4 jatkui taas normaalisti. Vein paketin postiin ja oli r\u00e4nt\u00e4sade.<\/p>\n<\/div><\/section>\n","protected":false},"excerpt":{"rendered":"","protected":false},"author":2,"featured_media":0,"parent":2369,"menu_order":1,"comment_status":"closed","ping_status":"closed","template":"","meta":{"footnotes":""},"class_list":["post-2402","page","type-page","status-publish","hentry"],"yoast_head":"<!-- This site is optimized with the Yoast SEO plugin v27.6 - https:\/\/yoast.com\/product\/yoast-seo-wordpress\/ -->\n<title>Muisteloita sotatoimialueelta, asemasota - Veteraanien Perint\u00f6<\/title>\n<meta name=\"robots\" content=\"index, follow, max-snippet:-1, max-image-preview:large, max-video-preview:-1\" \/>\n<link rel=\"canonical\" href=\"https:\/\/veteraanienperinto.fi\/index.php\/jatkosota-etusivu\/jatkosodan-kertomukset\/kotirintama\/naiset-tyovoimana\/muisteloita-sotatoimialueelta-asemasota\/\" \/>\n<meta property=\"og:locale\" content=\"fi_FI\" \/>\n<meta property=\"og:type\" content=\"article\" \/>\n<meta property=\"og:title\" content=\"Muisteloita sotatoimialueelta, asemasota - Veteraanien Perint\u00f6\" \/>\n<meta property=\"og:url\" content=\"https:\/\/veteraanienperinto.fi\/index.php\/jatkosota-etusivu\/jatkosodan-kertomukset\/kotirintama\/naiset-tyovoimana\/muisteloita-sotatoimialueelta-asemasota\/\" \/>\n<meta property=\"og:site_name\" content=\"Veteraanien Perint\u00f6\" \/>\n<meta property=\"article:modified_time\" content=\"2020-12-15T17:43:41+00:00\" \/>\n<meta property=\"og:image\" content=\"https:\/\/veteraanienperinto.fi\/wp-content\/uploads\/2020\/12\/Mustonen.jpg\" \/>\n<meta name=\"twitter:card\" content=\"summary_large_image\" \/>\n<meta name=\"twitter:label1\" content=\"Arvioitu lukuaika\" \/>\n\t<meta name=\"twitter:data1\" content=\"8 minuuttia\" \/>\n<script type=\"application\/ld+json\" class=\"yoast-schema-graph\">{\"@context\":\"https:\\\/\\\/schema.org\",\"@graph\":[{\"@type\":\"WebPage\",\"@id\":\"https:\\\/\\\/veteraanienperinto.fi\\\/index.php\\\/jatkosota-etusivu\\\/jatkosodan-kertomukset\\\/kotirintama\\\/naiset-tyovoimana\\\/muisteloita-sotatoimialueelta-asemasota\\\/\",\"url\":\"https:\\\/\\\/veteraanienperinto.fi\\\/index.php\\\/jatkosota-etusivu\\\/jatkosodan-kertomukset\\\/kotirintama\\\/naiset-tyovoimana\\\/muisteloita-sotatoimialueelta-asemasota\\\/\",\"name\":\"Muisteloita sotatoimialueelta, asemasota - Veteraanien Perint\u00f6\",\"isPartOf\":{\"@id\":\"https:\\\/\\\/veteraanienperinto.fi\\\/#website\"},\"primaryImageOfPage\":{\"@id\":\"https:\\\/\\\/veteraanienperinto.fi\\\/index.php\\\/jatkosota-etusivu\\\/jatkosodan-kertomukset\\\/kotirintama\\\/naiset-tyovoimana\\\/muisteloita-sotatoimialueelta-asemasota\\\/#primaryimage\"},\"image\":{\"@id\":\"https:\\\/\\\/veteraanienperinto.fi\\\/index.php\\\/jatkosota-etusivu\\\/jatkosodan-kertomukset\\\/kotirintama\\\/naiset-tyovoimana\\\/muisteloita-sotatoimialueelta-asemasota\\\/#primaryimage\"},\"thumbnailUrl\":\"https:\\\/\\\/veteraanienperinto.fi\\\/wp-content\\\/uploads\\\/2020\\\/12\\\/Mustonen.jpg\",\"datePublished\":\"2020-09-01T11:01:06+00:00\",\"dateModified\":\"2020-12-15T17:43:41+00:00\",\"breadcrumb\":{\"@id\":\"https:\\\/\\\/veteraanienperinto.fi\\\/index.php\\\/jatkosota-etusivu\\\/jatkosodan-kertomukset\\\/kotirintama\\\/naiset-tyovoimana\\\/muisteloita-sotatoimialueelta-asemasota\\\/#breadcrumb\"},\"inLanguage\":\"fi\",\"potentialAction\":[{\"@type\":\"ReadAction\",\"target\":[\"https:\\\/\\\/veteraanienperinto.fi\\\/index.php\\\/jatkosota-etusivu\\\/jatkosodan-kertomukset\\\/kotirintama\\\/naiset-tyovoimana\\\/muisteloita-sotatoimialueelta-asemasota\\\/\"]}]},{\"@type\":\"ImageObject\",\"inLanguage\":\"fi\",\"@id\":\"https:\\\/\\\/veteraanienperinto.fi\\\/index.php\\\/jatkosota-etusivu\\\/jatkosodan-kertomukset\\\/kotirintama\\\/naiset-tyovoimana\\\/muisteloita-sotatoimialueelta-asemasota\\\/#primaryimage\",\"url\":\"https:\\\/\\\/veteraanienperinto.fi\\\/wp-content\\\/uploads\\\/2020\\\/12\\\/Mustonen.jpg\",\"contentUrl\":\"https:\\\/\\\/veteraanienperinto.fi\\\/wp-content\\\/uploads\\\/2020\\\/12\\\/Mustonen.jpg\",\"width\":88,\"height\":120},{\"@type\":\"BreadcrumbList\",\"@id\":\"https:\\\/\\\/veteraanienperinto.fi\\\/index.php\\\/jatkosota-etusivu\\\/jatkosodan-kertomukset\\\/kotirintama\\\/naiset-tyovoimana\\\/muisteloita-sotatoimialueelta-asemasota\\\/#breadcrumb\",\"itemListElement\":[{\"@type\":\"ListItem\",\"position\":1,\"name\":\"Etusivu\",\"item\":\"https:\\\/\\\/veteraanienperinto.fi\\\/index.php\\\/etusivu-2\\\/\"},{\"@type\":\"ListItem\",\"position\":2,\"name\":\"Jatkosota &#8211; etusivu\",\"item\":\"https:\\\/\\\/veteraanienperinto.fi\\\/index.php\\\/jatkosota-etusivu\\\/\"},{\"@type\":\"ListItem\",\"position\":3,\"name\":\"Jatkosodan kertomukset\",\"item\":\"https:\\\/\\\/veteraanienperinto.fi\\\/index.php\\\/jatkosota-etusivu\\\/jatkosodan-kertomukset\\\/\"},{\"@type\":\"ListItem\",\"position\":4,\"name\":\"Kotirintama\",\"item\":\"https:\\\/\\\/veteraanienperinto.fi\\\/index.php\\\/jatkosota-etusivu\\\/jatkosodan-kertomukset\\\/kotirintama\\\/\"},{\"@type\":\"ListItem\",\"position\":5,\"name\":\"Naiset ty\u00f6voimana\",\"item\":\"https:\\\/\\\/veteraanienperinto.fi\\\/index.php\\\/jatkosota-etusivu\\\/jatkosodan-kertomukset\\\/kotirintama\\\/naiset-tyovoimana\\\/\"},{\"@type\":\"ListItem\",\"position\":6,\"name\":\"Muisteloita sotatoimialueelta, asemasota\"}]},{\"@type\":\"WebSite\",\"@id\":\"https:\\\/\\\/veteraanienperinto.fi\\\/#website\",\"url\":\"https:\\\/\\\/veteraanienperinto.fi\\\/\",\"name\":\"Veteraanien Perint\u00f6\",\"description\":\"Kadettikunta\",\"potentialAction\":[{\"@type\":\"SearchAction\",\"target\":{\"@type\":\"EntryPoint\",\"urlTemplate\":\"https:\\\/\\\/veteraanienperinto.fi\\\/?s={search_term_string}\"},\"query-input\":{\"@type\":\"PropertyValueSpecification\",\"valueRequired\":true,\"valueName\":\"search_term_string\"}}],\"inLanguage\":\"fi\"}]}<\/script>\n<!-- \/ Yoast SEO plugin. -->","yoast_head_json":{"title":"Muisteloita sotatoimialueelta, asemasota - Veteraanien Perint\u00f6","robots":{"index":"index","follow":"follow","max-snippet":"max-snippet:-1","max-image-preview":"max-image-preview:large","max-video-preview":"max-video-preview:-1"},"canonical":"https:\/\/veteraanienperinto.fi\/index.php\/jatkosota-etusivu\/jatkosodan-kertomukset\/kotirintama\/naiset-tyovoimana\/muisteloita-sotatoimialueelta-asemasota\/","og_locale":"fi_FI","og_type":"article","og_title":"Muisteloita sotatoimialueelta, asemasota - Veteraanien Perint\u00f6","og_url":"https:\/\/veteraanienperinto.fi\/index.php\/jatkosota-etusivu\/jatkosodan-kertomukset\/kotirintama\/naiset-tyovoimana\/muisteloita-sotatoimialueelta-asemasota\/","og_site_name":"Veteraanien Perint\u00f6","article_modified_time":"2020-12-15T17:43:41+00:00","og_image":[{"url":"https:\/\/veteraanienperinto.fi\/wp-content\/uploads\/2020\/12\/Mustonen.jpg","type":"","width":"","height":""}],"twitter_card":"summary_large_image","twitter_misc":{"Arvioitu lukuaika":"8 minuuttia"},"schema":{"@context":"https:\/\/schema.org","@graph":[{"@type":"WebPage","@id":"https:\/\/veteraanienperinto.fi\/index.php\/jatkosota-etusivu\/jatkosodan-kertomukset\/kotirintama\/naiset-tyovoimana\/muisteloita-sotatoimialueelta-asemasota\/","url":"https:\/\/veteraanienperinto.fi\/index.php\/jatkosota-etusivu\/jatkosodan-kertomukset\/kotirintama\/naiset-tyovoimana\/muisteloita-sotatoimialueelta-asemasota\/","name":"Muisteloita sotatoimialueelta, asemasota - Veteraanien Perint\u00f6","isPartOf":{"@id":"https:\/\/veteraanienperinto.fi\/#website"},"primaryImageOfPage":{"@id":"https:\/\/veteraanienperinto.fi\/index.php\/jatkosota-etusivu\/jatkosodan-kertomukset\/kotirintama\/naiset-tyovoimana\/muisteloita-sotatoimialueelta-asemasota\/#primaryimage"},"image":{"@id":"https:\/\/veteraanienperinto.fi\/index.php\/jatkosota-etusivu\/jatkosodan-kertomukset\/kotirintama\/naiset-tyovoimana\/muisteloita-sotatoimialueelta-asemasota\/#primaryimage"},"thumbnailUrl":"https:\/\/veteraanienperinto.fi\/wp-content\/uploads\/2020\/12\/Mustonen.jpg","datePublished":"2020-09-01T11:01:06+00:00","dateModified":"2020-12-15T17:43:41+00:00","breadcrumb":{"@id":"https:\/\/veteraanienperinto.fi\/index.php\/jatkosota-etusivu\/jatkosodan-kertomukset\/kotirintama\/naiset-tyovoimana\/muisteloita-sotatoimialueelta-asemasota\/#breadcrumb"},"inLanguage":"fi","potentialAction":[{"@type":"ReadAction","target":["https:\/\/veteraanienperinto.fi\/index.php\/jatkosota-etusivu\/jatkosodan-kertomukset\/kotirintama\/naiset-tyovoimana\/muisteloita-sotatoimialueelta-asemasota\/"]}]},{"@type":"ImageObject","inLanguage":"fi","@id":"https:\/\/veteraanienperinto.fi\/index.php\/jatkosota-etusivu\/jatkosodan-kertomukset\/kotirintama\/naiset-tyovoimana\/muisteloita-sotatoimialueelta-asemasota\/#primaryimage","url":"https:\/\/veteraanienperinto.fi\/wp-content\/uploads\/2020\/12\/Mustonen.jpg","contentUrl":"https:\/\/veteraanienperinto.fi\/wp-content\/uploads\/2020\/12\/Mustonen.jpg","width":88,"height":120},{"@type":"BreadcrumbList","@id":"https:\/\/veteraanienperinto.fi\/index.php\/jatkosota-etusivu\/jatkosodan-kertomukset\/kotirintama\/naiset-tyovoimana\/muisteloita-sotatoimialueelta-asemasota\/#breadcrumb","itemListElement":[{"@type":"ListItem","position":1,"name":"Etusivu","item":"https:\/\/veteraanienperinto.fi\/index.php\/etusivu-2\/"},{"@type":"ListItem","position":2,"name":"Jatkosota &#8211; etusivu","item":"https:\/\/veteraanienperinto.fi\/index.php\/jatkosota-etusivu\/"},{"@type":"ListItem","position":3,"name":"Jatkosodan kertomukset","item":"https:\/\/veteraanienperinto.fi\/index.php\/jatkosota-etusivu\/jatkosodan-kertomukset\/"},{"@type":"ListItem","position":4,"name":"Kotirintama","item":"https:\/\/veteraanienperinto.fi\/index.php\/jatkosota-etusivu\/jatkosodan-kertomukset\/kotirintama\/"},{"@type":"ListItem","position":5,"name":"Naiset ty\u00f6voimana","item":"https:\/\/veteraanienperinto.fi\/index.php\/jatkosota-etusivu\/jatkosodan-kertomukset\/kotirintama\/naiset-tyovoimana\/"},{"@type":"ListItem","position":6,"name":"Muisteloita sotatoimialueelta, asemasota"}]},{"@type":"WebSite","@id":"https:\/\/veteraanienperinto.fi\/#website","url":"https:\/\/veteraanienperinto.fi\/","name":"Veteraanien Perint\u00f6","description":"Kadettikunta","potentialAction":[{"@type":"SearchAction","target":{"@type":"EntryPoint","urlTemplate":"https:\/\/veteraanienperinto.fi\/?s={search_term_string}"},"query-input":{"@type":"PropertyValueSpecification","valueRequired":true,"valueName":"search_term_string"}}],"inLanguage":"fi"}]}},"_links":{"self":[{"href":"https:\/\/veteraanienperinto.fi\/index.php\/wp-json\/wp\/v2\/pages\/2402","targetHints":{"allow":["GET"]}}],"collection":[{"href":"https:\/\/veteraanienperinto.fi\/index.php\/wp-json\/wp\/v2\/pages"}],"about":[{"href":"https:\/\/veteraanienperinto.fi\/index.php\/wp-json\/wp\/v2\/types\/page"}],"author":[{"embeddable":true,"href":"https:\/\/veteraanienperinto.fi\/index.php\/wp-json\/wp\/v2\/users\/2"}],"replies":[{"embeddable":true,"href":"https:\/\/veteraanienperinto.fi\/index.php\/wp-json\/wp\/v2\/comments?post=2402"}],"version-history":[{"count":3,"href":"https:\/\/veteraanienperinto.fi\/index.php\/wp-json\/wp\/v2\/pages\/2402\/revisions"}],"predecessor-version":[{"id":8159,"href":"https:\/\/veteraanienperinto.fi\/index.php\/wp-json\/wp\/v2\/pages\/2402\/revisions\/8159"}],"up":[{"embeddable":true,"href":"https:\/\/veteraanienperinto.fi\/index.php\/wp-json\/wp\/v2\/pages\/2369"}],"wp:attachment":[{"href":"https:\/\/veteraanienperinto.fi\/index.php\/wp-json\/wp\/v2\/media?parent=2402"}],"curies":[{"name":"wp","href":"https:\/\/api.w.org\/{rel}","templated":true}]}}