{"id":2437,"date":"2020-09-01T11:26:33","date_gmt":"2020-09-01T11:26:33","guid":{"rendered":"https:\/\/veteraani.ylirotu.fi\/?page_id=2437"},"modified":"2020-09-01T11:26:33","modified_gmt":"2020-09-01T11:26:33","slug":"valkeasaari-9-6-1944","status":"publish","type":"page","link":"https:\/\/veteraanienperinto.fi\/index.php\/jatkosota-etusivu\/jatkosodan-kertomukset\/sotatoimet\/suurhyokkayksen-torjunta\/valkeasaari-9-6-1944\/","title":{"rendered":"Valkeasaari 9.6.1944"},"content":{"rendered":"\n<style type=\"text\/css\" data-created_by=\"avia_inline_auto\" id=\"style-css-av-kejv8o85-c1226b3e9e139ce6713a21654fcc2512\">\n#top .av-special-heading.av-kejv8o85-c1226b3e9e139ce6713a21654fcc2512{\npadding-bottom:5px;\n}\nbody .av-special-heading.av-kejv8o85-c1226b3e9e139ce6713a21654fcc2512 .av-special-heading-tag .heading-char{\nfont-size:25px;\n}\n.av-special-heading.av-kejv8o85-c1226b3e9e139ce6713a21654fcc2512 .av-subheading{\nfont-size:15px;\n}\n<\/style>\n<div  class='av-special-heading av-kejv8o85-c1226b3e9e139ce6713a21654fcc2512 av-special-heading-h3  avia-builder-el-0  avia-builder-el-no-sibling '><h3 class='av-special-heading-tag'  itemprop=\"headline\"  >Valkeasaari 9.6.1944<\/h3><div class=\"special-heading-border\"><div class=\"special-heading-inner-border\"><\/div><\/div><\/div>\n<section  class='av_textblock_section av-kei9w74n-7b0f008125a778f48432b9a614d90d0f '   itemscope=\"itemscope\" itemtype=\"https:\/\/schema.org\/CreativeWork\" ><div class='avia_textblock'  itemprop=\"text\" ><p><strong>Martta Mattila, Ylistaro:<\/strong><\/p>\n<p>Syyskuussa 1941 sain komennuksen Kivennavalle pit\u00e4m\u00e4\u00e4n kanttiinia Kevytosasto 18 miehille. Meit\u00e4 oli kolme lottaa ja kanttiini pantiin pystyyn.<\/p>\n<p>Ensimm\u00e4inen joulu oltiin Hiirel\u00e4ss\u00e4.<\/p>\n<p>Kanttiinina oli tavallinen lato, kylm\u00e4 kuin mik\u00e4. Korvike keitettiin pihalla padassa, joka oli muutaman luonnonkiven varassa. Sitten saimme joksikin aikaa englantilaisten my\u00f6t\u00e4tunnoksi nimitetyn kanttiiniauton. Se oli tietenkin huomattava parannus pihalla keitt\u00e4miseen.<\/p>\n<p>Kevytosasto 18 hajotessa meid\u00e4t siirrettiin JR 58:aan, jonka mukana olimme sitten sodan loppuun saakka.<\/p>\n<p>Kev\u00e4\u00e4ll\u00e4 1944 rykmentti siirtyi etulinjaan Valkeasaareen ja kanttiini tietenkin sen mukana. Siell\u00e4 meill\u00e4 oli oikein korsukanttiini puron varrella. Valkeasaari on ensimm\u00e4inen asema vanhan Viipurin-Pietarin radan Neuvostoliiton puolella, kuten muistetaan.<\/p>\n<p>Kukaan Valkeasaaressa kes\u00e4kuun 9. p\u00e4iv\u00e4n\u00e4 1944 ollut ei unohda tuota p\u00e4iv\u00e4\u00e4. Pahaa aavistamatta olimme illalla menneet nukkumaan. Aamulla viiden tienoilla her\u00e4simme valtavaan jyrin\u00e4\u00e4n, vihollisen suurhy\u00f6kk\u00e4ys oli alkanut. Heti alkajaisiksi korsumme pieni ikkuna painui kasaan ja ovi lenn\u00e4hti ilmanpaineesta per\u00e4sein\u00e4lle.<\/p>\n<p>Siin\u00e4 vieress\u00e4 oli viestimiehi\u00e4, jotka tulivat katsomaan miten meille oli k\u00e4ynyt. Hengiss\u00e4 oltiin, viel\u00e4p\u00e4 jokseenkin vahingoittumattomina. Puhelinlinjat sen sijaan olivat katkenneet.<\/p>\n<p>Linjassa olleet konekiv\u00e4\u00e4rikomppanian pojat k\u00e4viv\u00e4t kysym\u00e4ss\u00e4 olisiko meill\u00e4 viel\u00e4 jotakin juotavaa. Annoimme mehua, kun sattui olemaan, mink\u00e4 j\u00e4lkeen pojat palasivat asemiinsa. Mahtoiko heist\u00e4 monikaan tulla el\u00e4v\u00e4n\u00e4 takaisin, r\u00e4iske oli sellainen.<\/p>\n<p>Rykmentinkomentaja oli kesken kaiken muistanut meid\u00e4n kanttiinimme olemassaolon ja ottanut yhteytt\u00e4 pataljoonankomentajaan, joka sitten pani l\u00e4hettins\u00e4 meit\u00e4 hakemaan. Kello taisi olla siin\u00e4 11 maissa aamup\u00e4iv\u00e4ll\u00e4, joten olimme olleet kuusi tuntia taistelujen keskell\u00e4 tiet\u00e4m\u00e4tt\u00e4 oliko meill\u00e4 mahdollisuuksia pelastumiseen.<\/p>\n<p>Kaikki oli yht\u00e4 kaaosta, korvat olivat haljeta siin\u00e4 meteliss\u00e4. Koko seutu oli muutamassa tunnissa muuttunut kuin toiseksi planeetaksi.<\/p>\n<p>L\u00e4hdimme, mutta pojat j\u00e4iv\u00e4t sinne. Oli kauhea tunne j\u00e4tt\u00e4\u00e4 heid\u00e4t, mutta l\u00e4hdett\u00e4v\u00e4 oli kun se viel\u00e4 oli mahdollista.<\/p>\n<p>Tiesimme, ettemme olisi siit\u00e4 kadotuksesta selvinneet ilman Jumalan varjelusta.<\/p>\n<\/div><\/section>\n<section  class='av_textblock_section av-26nu8o-de7b19f6a4ff4a85782c022ea993fc53 '   itemscope=\"itemscope\" itemtype=\"https:\/\/schema.org\/CreativeWork\" ><div class='avia_textblock'  itemprop=\"text\" ><p>0<\/p>\n<\/div><\/section>\n","protected":false},"excerpt":{"rendered":"","protected":false},"author":2,"featured_media":0,"parent":2210,"menu_order":0,"comment_status":"closed","ping_status":"closed","template":"","meta":{"footnotes":""},"class_list":["post-2437","page","type-page","status-publish","hentry"],"yoast_head":"<!-- This site is optimized with the Yoast SEO plugin v27.6 - https:\/\/yoast.com\/product\/yoast-seo-wordpress\/ -->\n<title>Valkeasaari 9.6.1944 - Veteraanien Perint\u00f6<\/title>\n<meta name=\"robots\" content=\"index, follow, max-snippet:-1, max-image-preview:large, max-video-preview:-1\" \/>\n<link rel=\"canonical\" href=\"https:\/\/veteraanienperinto.fi\/index.php\/jatkosota-etusivu\/jatkosodan-kertomukset\/sotatoimet\/suurhyokkayksen-torjunta\/valkeasaari-9-6-1944\/\" \/>\n<meta property=\"og:locale\" content=\"fi_FI\" \/>\n<meta property=\"og:type\" content=\"article\" \/>\n<meta property=\"og:title\" content=\"Valkeasaari 9.6.1944 - Veteraanien Perint\u00f6\" \/>\n<meta property=\"og:url\" content=\"https:\/\/veteraanienperinto.fi\/index.php\/jatkosota-etusivu\/jatkosodan-kertomukset\/sotatoimet\/suurhyokkayksen-torjunta\/valkeasaari-9-6-1944\/\" \/>\n<meta property=\"og:site_name\" content=\"Veteraanien Perint\u00f6\" \/>\n<meta name=\"twitter:card\" content=\"summary_large_image\" \/>\n<meta name=\"twitter:label1\" content=\"Arvioitu lukuaika\" \/>\n\t<meta name=\"twitter:data1\" content=\"2 minuuttia\" \/>\n<script type=\"application\/ld+json\" class=\"yoast-schema-graph\">{\"@context\":\"https:\\\/\\\/schema.org\",\"@graph\":[{\"@type\":\"WebPage\",\"@id\":\"https:\\\/\\\/veteraanienperinto.fi\\\/index.php\\\/jatkosota-etusivu\\\/jatkosodan-kertomukset\\\/sotatoimet\\\/suurhyokkayksen-torjunta\\\/valkeasaari-9-6-1944\\\/\",\"url\":\"https:\\\/\\\/veteraanienperinto.fi\\\/index.php\\\/jatkosota-etusivu\\\/jatkosodan-kertomukset\\\/sotatoimet\\\/suurhyokkayksen-torjunta\\\/valkeasaari-9-6-1944\\\/\",\"name\":\"Valkeasaari 9.6.1944 - Veteraanien Perint\u00f6\",\"isPartOf\":{\"@id\":\"https:\\\/\\\/veteraanienperinto.fi\\\/#website\"},\"datePublished\":\"2020-09-01T11:26:33+00:00\",\"breadcrumb\":{\"@id\":\"https:\\\/\\\/veteraanienperinto.fi\\\/index.php\\\/jatkosota-etusivu\\\/jatkosodan-kertomukset\\\/sotatoimet\\\/suurhyokkayksen-torjunta\\\/valkeasaari-9-6-1944\\\/#breadcrumb\"},\"inLanguage\":\"fi\",\"potentialAction\":[{\"@type\":\"ReadAction\",\"target\":[\"https:\\\/\\\/veteraanienperinto.fi\\\/index.php\\\/jatkosota-etusivu\\\/jatkosodan-kertomukset\\\/sotatoimet\\\/suurhyokkayksen-torjunta\\\/valkeasaari-9-6-1944\\\/\"]}]},{\"@type\":\"BreadcrumbList\",\"@id\":\"https:\\\/\\\/veteraanienperinto.fi\\\/index.php\\\/jatkosota-etusivu\\\/jatkosodan-kertomukset\\\/sotatoimet\\\/suurhyokkayksen-torjunta\\\/valkeasaari-9-6-1944\\\/#breadcrumb\",\"itemListElement\":[{\"@type\":\"ListItem\",\"position\":1,\"name\":\"Etusivu\",\"item\":\"https:\\\/\\\/veteraanienperinto.fi\\\/index.php\\\/etusivu-2\\\/\"},{\"@type\":\"ListItem\",\"position\":2,\"name\":\"Jatkosota &#8211; etusivu\",\"item\":\"https:\\\/\\\/veteraanienperinto.fi\\\/index.php\\\/jatkosota-etusivu\\\/\"},{\"@type\":\"ListItem\",\"position\":3,\"name\":\"Jatkosodan kertomukset\",\"item\":\"https:\\\/\\\/veteraanienperinto.fi\\\/index.php\\\/jatkosota-etusivu\\\/jatkosodan-kertomukset\\\/\"},{\"@type\":\"ListItem\",\"position\":4,\"name\":\"Sotatoimet\",\"item\":\"https:\\\/\\\/veteraanienperinto.fi\\\/index.php\\\/jatkosota-etusivu\\\/jatkosodan-kertomukset\\\/sotatoimet\\\/\"},{\"@type\":\"ListItem\",\"position\":5,\"name\":\"Suurhy\u00f6kk\u00e4yksen torjunta\",\"item\":\"https:\\\/\\\/veteraanienperinto.fi\\\/index.php\\\/jatkosota-etusivu\\\/jatkosodan-kertomukset\\\/sotatoimet\\\/suurhyokkayksen-torjunta\\\/\"},{\"@type\":\"ListItem\",\"position\":6,\"name\":\"Valkeasaari 9.6.1944\"}]},{\"@type\":\"WebSite\",\"@id\":\"https:\\\/\\\/veteraanienperinto.fi\\\/#website\",\"url\":\"https:\\\/\\\/veteraanienperinto.fi\\\/\",\"name\":\"Veteraanien Perint\u00f6\",\"description\":\"Kadettikunta\",\"potentialAction\":[{\"@type\":\"SearchAction\",\"target\":{\"@type\":\"EntryPoint\",\"urlTemplate\":\"https:\\\/\\\/veteraanienperinto.fi\\\/?s={search_term_string}\"},\"query-input\":{\"@type\":\"PropertyValueSpecification\",\"valueRequired\":true,\"valueName\":\"search_term_string\"}}],\"inLanguage\":\"fi\"}]}<\/script>\n<!-- \/ Yoast SEO plugin. -->","yoast_head_json":{"title":"Valkeasaari 9.6.1944 - Veteraanien Perint\u00f6","robots":{"index":"index","follow":"follow","max-snippet":"max-snippet:-1","max-image-preview":"max-image-preview:large","max-video-preview":"max-video-preview:-1"},"canonical":"https:\/\/veteraanienperinto.fi\/index.php\/jatkosota-etusivu\/jatkosodan-kertomukset\/sotatoimet\/suurhyokkayksen-torjunta\/valkeasaari-9-6-1944\/","og_locale":"fi_FI","og_type":"article","og_title":"Valkeasaari 9.6.1944 - Veteraanien Perint\u00f6","og_url":"https:\/\/veteraanienperinto.fi\/index.php\/jatkosota-etusivu\/jatkosodan-kertomukset\/sotatoimet\/suurhyokkayksen-torjunta\/valkeasaari-9-6-1944\/","og_site_name":"Veteraanien Perint\u00f6","twitter_card":"summary_large_image","twitter_misc":{"Arvioitu lukuaika":"2 minuuttia"},"schema":{"@context":"https:\/\/schema.org","@graph":[{"@type":"WebPage","@id":"https:\/\/veteraanienperinto.fi\/index.php\/jatkosota-etusivu\/jatkosodan-kertomukset\/sotatoimet\/suurhyokkayksen-torjunta\/valkeasaari-9-6-1944\/","url":"https:\/\/veteraanienperinto.fi\/index.php\/jatkosota-etusivu\/jatkosodan-kertomukset\/sotatoimet\/suurhyokkayksen-torjunta\/valkeasaari-9-6-1944\/","name":"Valkeasaari 9.6.1944 - Veteraanien Perint\u00f6","isPartOf":{"@id":"https:\/\/veteraanienperinto.fi\/#website"},"datePublished":"2020-09-01T11:26:33+00:00","breadcrumb":{"@id":"https:\/\/veteraanienperinto.fi\/index.php\/jatkosota-etusivu\/jatkosodan-kertomukset\/sotatoimet\/suurhyokkayksen-torjunta\/valkeasaari-9-6-1944\/#breadcrumb"},"inLanguage":"fi","potentialAction":[{"@type":"ReadAction","target":["https:\/\/veteraanienperinto.fi\/index.php\/jatkosota-etusivu\/jatkosodan-kertomukset\/sotatoimet\/suurhyokkayksen-torjunta\/valkeasaari-9-6-1944\/"]}]},{"@type":"BreadcrumbList","@id":"https:\/\/veteraanienperinto.fi\/index.php\/jatkosota-etusivu\/jatkosodan-kertomukset\/sotatoimet\/suurhyokkayksen-torjunta\/valkeasaari-9-6-1944\/#breadcrumb","itemListElement":[{"@type":"ListItem","position":1,"name":"Etusivu","item":"https:\/\/veteraanienperinto.fi\/index.php\/etusivu-2\/"},{"@type":"ListItem","position":2,"name":"Jatkosota &#8211; etusivu","item":"https:\/\/veteraanienperinto.fi\/index.php\/jatkosota-etusivu\/"},{"@type":"ListItem","position":3,"name":"Jatkosodan kertomukset","item":"https:\/\/veteraanienperinto.fi\/index.php\/jatkosota-etusivu\/jatkosodan-kertomukset\/"},{"@type":"ListItem","position":4,"name":"Sotatoimet","item":"https:\/\/veteraanienperinto.fi\/index.php\/jatkosota-etusivu\/jatkosodan-kertomukset\/sotatoimet\/"},{"@type":"ListItem","position":5,"name":"Suurhy\u00f6kk\u00e4yksen torjunta","item":"https:\/\/veteraanienperinto.fi\/index.php\/jatkosota-etusivu\/jatkosodan-kertomukset\/sotatoimet\/suurhyokkayksen-torjunta\/"},{"@type":"ListItem","position":6,"name":"Valkeasaari 9.6.1944"}]},{"@type":"WebSite","@id":"https:\/\/veteraanienperinto.fi\/#website","url":"https:\/\/veteraanienperinto.fi\/","name":"Veteraanien Perint\u00f6","description":"Kadettikunta","potentialAction":[{"@type":"SearchAction","target":{"@type":"EntryPoint","urlTemplate":"https:\/\/veteraanienperinto.fi\/?s={search_term_string}"},"query-input":{"@type":"PropertyValueSpecification","valueRequired":true,"valueName":"search_term_string"}}],"inLanguage":"fi"}]}},"_links":{"self":[{"href":"https:\/\/veteraanienperinto.fi\/index.php\/wp-json\/wp\/v2\/pages\/2437","targetHints":{"allow":["GET"]}}],"collection":[{"href":"https:\/\/veteraanienperinto.fi\/index.php\/wp-json\/wp\/v2\/pages"}],"about":[{"href":"https:\/\/veteraanienperinto.fi\/index.php\/wp-json\/wp\/v2\/types\/page"}],"author":[{"embeddable":true,"href":"https:\/\/veteraanienperinto.fi\/index.php\/wp-json\/wp\/v2\/users\/2"}],"replies":[{"embeddable":true,"href":"https:\/\/veteraanienperinto.fi\/index.php\/wp-json\/wp\/v2\/comments?post=2437"}],"version-history":[{"count":2,"href":"https:\/\/veteraanienperinto.fi\/index.php\/wp-json\/wp\/v2\/pages\/2437\/revisions"}],"predecessor-version":[{"id":6055,"href":"https:\/\/veteraanienperinto.fi\/index.php\/wp-json\/wp\/v2\/pages\/2437\/revisions\/6055"}],"up":[{"embeddable":true,"href":"https:\/\/veteraanienperinto.fi\/index.php\/wp-json\/wp\/v2\/pages\/2210"}],"wp:attachment":[{"href":"https:\/\/veteraanienperinto.fi\/index.php\/wp-json\/wp\/v2\/media?parent=2437"}],"curies":[{"name":"wp","href":"https:\/\/api.w.org\/{rel}","templated":true}]}}