{"id":2440,"date":"2020-09-01T11:27:59","date_gmt":"2020-09-01T11:27:59","guid":{"rendered":"https:\/\/veteraani.ylirotu.fi\/?page_id=2440"},"modified":"2020-12-15T17:09:20","modified_gmt":"2020-12-15T17:09:20","slug":"myrsky-puhkeaa-syvarilla","status":"publish","type":"page","link":"https:\/\/veteraanienperinto.fi\/index.php\/jatkosota-etusivu\/jatkosodan-kertomukset\/sotatoimet\/suurhyokkayksen-torjunta\/myrsky-puhkeaa-syvarilla\/","title":{"rendered":"Myrsky puhkeaa Syv\u00e4rill\u00e4"},"content":{"rendered":"\n<style type=\"text\/css\" data-created_by=\"avia_inline_auto\" id=\"style-css-av-av_heading-2e8d70c55634c58216d836df678fe952\">\n#top .av-special-heading.av-av_heading-2e8d70c55634c58216d836df678fe952{\npadding-bottom:5px;\n}\nbody .av-special-heading.av-av_heading-2e8d70c55634c58216d836df678fe952 .av-special-heading-tag .heading-char{\nfont-size:25px;\n}\n.av-special-heading.av-av_heading-2e8d70c55634c58216d836df678fe952 .av-subheading{\nfont-size:15px;\n}\n<\/style>\n<div  class='av-special-heading av-av_heading-2e8d70c55634c58216d836df678fe952 av-special-heading-h3  avia-builder-el-0  avia-builder-el-no-sibling '><h3 class='av-special-heading-tag'  itemprop=\"headline\"  >Myrsky puhkeaa Syv\u00e4rill\u00e4<\/h3><div class=\"special-heading-border\"><div class=\"special-heading-inner-border\"><\/div><\/div><\/div>\n<section  class='av_textblock_section av-kei9w74n-7b0f008125a778f48432b9a614d90d0f '   itemscope=\"itemscope\" itemtype=\"https:\/\/schema.org\/CreativeWork\" ><div class='avia_textblock'  itemprop=\"text\" ><p><strong>Osmo Patolinna:<\/strong><\/p>\n<p>Suurhy\u00f6kk\u00e4yksen raju alku yll\u00e4tti rauhalliseen asemasotaan tottuneet suomalaiset soturit<\/p>\n<p>Oltiin viimeist\u00e4 y\u00f6t\u00e4 Syv\u00e4rill\u00e4 ennen juhannusta 1944.<\/p>\n<p>Kymment\u00e4 p\u00e4iv\u00e4\u00e4 aikaisemmin joukkueemme oli miehitt\u00e4nyt Ruudun tukikohdan. Kannaksen taistelujen jyly kantautui sinne saakka yli Laatokan vaimeana kumuna.<\/p>\n<p>Ruutu oli Syv\u00e4rin mutkassa, Punaisen Lipun sillan pieless\u00e4, joen kapeikon kohdalla. Noina kymmenen\u00e4 y\u00f6n\u00e4 emme saaneet nukkua vapaavuoroillakaan. Ven\u00e4l\u00e4inen teki valehy\u00f6kk\u00e4yksi\u00e4 valmistellessaan joen ylityst\u00e4 Lotinanpellon kohdalla. Motorisoitujen joukkojen siirrot kuuluivat, jopa n\u00e4kyiv\u00e4t meillekin sen verran, ett\u00e4 arvelimme telaketjujen kolinan olevan jonkin merkitt\u00e4v\u00e4n tapahtuman ennett\u00e4.<\/p>\n<p><strong>Se alkoi!<\/strong><\/p>\n<div id=\"attachment_8118\" style=\"width: 380px\" class=\"wp-caption alignright\"><img loading=\"lazy\" decoding=\"async\" aria-describedby=\"caption-attachment-8118\" class=\"size-full wp-image-8118\" src=\"https:\/\/veteraanienperinto.fi\/wp-content\/uploads\/2020\/12\/myrsky_puhkeaa2.jpg\" alt=\"\" width=\"370\" height=\"285\" srcset=\"https:\/\/veteraanienperinto.fi\/wp-content\/uploads\/2020\/12\/myrsky_puhkeaa2.jpg 370w, https:\/\/veteraanienperinto.fi\/wp-content\/uploads\/2020\/12\/myrsky_puhkeaa2-300x231.jpg 300w\" sizes=\"auto, (max-width: 370px) 100vw, 370px\" \/><p id=\"caption-attachment-8118\" class=\"wp-caption-text\">Neuvostoliiton hy\u00f6kk\u00e4ys Aunuksessa on alkanut 18.6.1944. Ensimm\u00e4iset haavoittuneet saapuvat joukkosidontapaikalle<\/p><\/div>\n<p>Olin puolen y\u00f6n aikaan nukkumassa, kun her\u00e4sin muitten mukana jumalattomaan tykist\u00f6keskitykseen, joka ravisteli korsuamme kuin kivenmurskaamon seulaa. Hyp\u00e4ttiin saappaisiin, kahmaistiin ase kouraan ja sy\u00f6ksyttiin juoksuhautaan.<\/p>\n<p>Porhalsin juuri haudan mutkasta, kun vastaani tupsahtivat v\u00e4nrikki Simo Forsstr\u00f6m ja ylikersantti Esa Karjalainen. Tupsahtivat todellakin, sill\u00e4 t\u00f6rm\u00e4sin Forsstr\u00f6miin. Samalla sekunnilla r\u00e4j\u00e4hti kranaatti vieress\u00e4mme juoksuhaudan penkalla, ja v\u00e4nrikki putosi syliini sirpale p\u00e4\u00e4laessa. Karjalaisen pelasti haavoittumiselta seikkailukertomuksista tuttu sattuma: kranaatinsirpale oli pys\u00e4htynyt h\u00e4nen karttalaukussaan olleeseen virsikirjaan.<\/p>\n<p>Tempasin Forsstr\u00f6min sirpalesuojaan ja luovutin h\u00e4net parille sotamiehelle. Vasta aamulla saimme h\u00e4net kuljetetuksi l\u00e4\u00e4kint\u00e4huollon hoiviin. H\u00e4n palasi terveen\u00e4 riveihin my\u00f6hemmin syksypuolella.<\/p>\n<p>Karjalainen kertoi vihollisen olevan niemen k\u00e4rjess\u00e4 juoksuhaudoissamme. L\u00e4hdimme yhdess\u00e4 tutkimaan tilannetta.<\/p>\n<p>Koko ajan jatkui meille ennen kokematon keskitys. My\u00f6hemmin kuulin tykist\u00f6n miesten laskeneen, ett\u00e4 tuota parin hehtaarin aluetta tulitti noin kaksisataa ven\u00e4l\u00e4ist\u00e4 putkea nelj\u00e4 ja puoli tuntia t\u00e4ydell\u00e4 teholla.<\/p>\n<p>K\u00e4rke\u00e4 l\u00e4hestyess\u00e4mme totesimme tulen aiheuttaneen tappioita. Viimeisetkin elossa olevat olivat j\u00e4tt\u00e4m\u00e4ss\u00e4 asemiaan.<\/p>\n<p><strong>Kavereille tuli l\u00e4ht\u00f6<\/strong><\/p>\n<p>Suunnilleen k\u00e4rjen poikki oli rinteeseen kaivettu ja verhoiltu panssarieste, jyrkk\u00e4 sein\u00e4m\u00e4. Viimeiset miehemme olivat juuri sit\u00e4 ylitt\u00e4m\u00e4ss\u00e4.<\/p>\n<p>Sy\u00f6ksyin sein\u00e4m\u00e4n p\u00e4\u00e4ll\u00e4 olevaan poteroon suojaamaan konepistoolillani kahden joukkuetoverini kujanjuoksua tulittaen heid\u00e4n ylitseen noin kolmenkymmenen metrin p\u00e4\u00e4ss\u00e4 olevaa haudanp\u00e4tk\u00e4\u00e4, josta etumaiset hy\u00f6kk\u00e4\u00e4j\u00e4t ampuivat poikien per\u00e4\u00e4n.<\/p>\n<div id=\"attachment_8119\" style=\"width: 310px\" class=\"wp-caption alignleft\"><img loading=\"lazy\" decoding=\"async\" aria-describedby=\"caption-attachment-8119\" class=\"size-full wp-image-8119\" src=\"https:\/\/veteraanienperinto.fi\/wp-content\/uploads\/2020\/12\/myrsky_puhkeaa.jpg\" alt=\"\" width=\"300\" height=\"464\" srcset=\"https:\/\/veteraanienperinto.fi\/wp-content\/uploads\/2020\/12\/myrsky_puhkeaa.jpg 300w, https:\/\/veteraanienperinto.fi\/wp-content\/uploads\/2020\/12\/myrsky_puhkeaa-194x300.jpg 194w\" sizes=\"auto, (max-width: 300px) 100vw, 300px\" \/><p id=\"caption-attachment-8119\" class=\"wp-caption-text\">Eik\u00e4 t\u00e4t\u00e4k\u00e4\u00e4n voida kutsua joukkopsykoosiksi. Soturi on lastannut py\u00f6r\u00e4lleen kaiken omaisuutensa, mik\u00e4 Kannaksella ei ollut mahdollista.<\/p><\/div>\n<p>Pienen hetken herkuteltuani tilanteella kuului konepistoolistani vain pahaenteinen kilahdus. Olin tullut panneeksi siihen vartiossa kauan k\u00e4ytetyn lippaan, jonka jousi oli kuoleutunut eik\u00e4 jaksanutkaan ty\u00f6nt\u00e4\u00e4 patruunaa esiin. Kun minuun samalla suunnattiin haudasta viisi ven\u00e4l\u00e4ist\u00e4 asetta, n\u00e4in ainoaksi keinoksi livahtaa taaksep\u00e4in maaston katveeseen t\u00e4ytt\u00e4m\u00e4\u00e4n lippaita.<\/p>\n<p>Panssariesteelt\u00e4 tuleva polku ja panssarintorjuntatykin asemaan johtava kaivanto yhtyiv\u00e4t kumpareella, jossa mielest\u00e4ni sopi jatkaa sotaa.<\/p>\n<p>Tykist\u00f6tulen painopiste oli t\u00e4ll\u00e4 v\u00e4lin siirtynyt takamaastoon.<\/p>\n<p>Hetken siin\u00e4 henke\u00e4 vedetty\u00e4ni totesin kuitenkin ymp\u00e4rill\u00e4ni olevan pinottuina kymmenitt\u00e4in panssarimiinoja. Oli l\u00f6ydett\u00e4v\u00e4 parempi paikka!<\/p>\n<p>L\u00e4hdin pyrkim\u00e4\u00e4n taemmaksi. Siit\u00e4 tulikin kujanjuoksu, jollaista en toista ole kokenut. Kaksi kertaa m\u00f6yrin esiin p\u00e4\u00e4lleni laonneesta hiekasta, kun kranaatti oli r\u00e4j\u00e4ht\u00e4nyt haudan reunalla juuri kohdallani.<\/p>\n<p>Matkaa oli runsas sata metri\u00e4 tukikohdan taakse kaivetulle tukilinjalle. Maasto oli kanervanummea, tihe\u00e4\u00e4 keskenkasvuista m\u00e4nnikk\u00f6\u00e4, ja paloi ilmiliekiss\u00e4. Lentelevien sirpaleiden, turpeiden ja tulenlieskojen keskell\u00e4 minua varjeltiin niin, ett\u00e4 p\u00e4\u00e4sin tukilinjan juoksuhautaan.<\/p>\n<p>Siell\u00e4 olivat tukikohtamme k\u00e4rjess\u00e4 olleiden ryhmien rippeetkin. Ik\u00e4v\u00e4 sanoa, silm\u00e4t renkaina ja oudosti ymp\u00e4rilleen p\u00e4lyillen. Tarjosivat sent\u00e4\u00e4n tupakan.<\/p>\n<p><strong>Harhan\u00e4kyj\u00e4<\/strong><\/p>\n<p>Sitten se alkoi.<\/p>\n<p>Joku huomasi oikealla taisteluhaudan takana liikkuvan kyp\u00e4r\u00e4p\u00e4isi\u00e4 miehi\u00e4.<\/p>\n<p>Johtop\u00e4\u00e4t\u00f6s oli heti selv\u00e4: Vihollisia!<\/p>\n<p>Taisi joku huutaa sen \u00e4\u00e4neenkin eik\u00e4 muuta tarvittu: joka ukko oli salamana pystyss\u00e4 ja hurjaa vauhtia matkalla tienristeyksen yli pienen aukon toisella puolella olevaan kuusikkoon &#8211; pystyss\u00e4, suojautumatta ja jumalattomalla vauhdilla.<\/p>\n<p>Kirosin ja huusin, mutta mik\u00e4\u00e4n ei auttanut.<\/p>\n<p>Samassa olivat \u00e4skeiset kyp\u00e4r\u00e4p\u00e4\u00e4miehetkin paikalla. Olin jo ehtinyt suunnata konepistoolin sinne p\u00e4in kun tulijat pelasti supisuomalainen perkele.<\/p>\n<p>&#8221;Mihin helvettiin te oikein juoksette?!&#8221; huusi k\u00e4rjess\u00e4 tuleva kyp\u00e4r\u00e4p\u00e4\u00e4.<br \/>\nHuh &#8211; olipa l\u00e4hell\u00e4! Varmistin aseen ja laskin sen alas.<br \/>\nTulija, ylikersantti, ilmoitti olevansa rykmentin J\u00e4\u00e4k\u00e4rijoukkueen johtaja ja tulossa avuksi. H\u00e4nen miehens\u00e4 asettuivat tyylikk\u00e4\u00e4sti asemiin &#8211; kuten valioporukalle sopii.<\/p>\n<p>Siten tapahtui kummia: kenenk\u00e4\u00e4n k\u00e4skem\u00e4tt\u00e4 joukkue aloitti hillitt\u00f6m\u00e4n ammunnan &#8211; aseet lauloivat pitki\u00e4 sarjoja palavaan m\u00e4ntypensaikkoon savun sekaan.<\/p>\n<p>&#8221;Mit\u00e4 helvetti\u00e4 te oikein ammutte?!&#8221; karjuin metelin l\u00e4pi ylikersantin korvaan.<br \/>\n&#8221;Etk\u00f6s n\u00e4e ett\u00e4 koko mets\u00e4 on ryssi\u00e4 t\u00e4ynn\u00e4?&#8221; sanoi t\u00e4m\u00e4 &#8211; ja paahtoi konepistoolillaan puoli lipasta kerrallaan.<\/p>\n<p>Tuijotin tulen ja savun sekaan enk\u00e4 n\u00e4hnyt siell\u00e4 ristin sielua.<\/p>\n<p>Jossakin oli nyt vikaa &#8211; joko min\u00e4 tai nuo \u00e4sken tulleet olivat pahasti sekaisin.<\/p>\n<div id=\"attachment_8120\" style=\"width: 380px\" class=\"wp-caption alignright\"><img loading=\"lazy\" decoding=\"async\" aria-describedby=\"caption-attachment-8120\" class=\"size-full wp-image-8120\" src=\"https:\/\/veteraanienperinto.fi\/wp-content\/uploads\/2020\/12\/myrsky_puhkeaa3.jpg\" alt=\"\" width=\"370\" height=\"209\" srcset=\"https:\/\/veteraanienperinto.fi\/wp-content\/uploads\/2020\/12\/myrsky_puhkeaa3.jpg 370w, https:\/\/veteraanienperinto.fi\/wp-content\/uploads\/2020\/12\/myrsky_puhkeaa3-300x169.jpg 300w\" sizes=\"auto, (max-width: 370px) 100vw, 370px\" \/><p id=\"caption-attachment-8120\" class=\"wp-caption-text\">Vet\u00e4ytyminen Aunuksesta on alkanut. Ep\u00e4m\u00e4\u00e4r\u00e4iset miesjoukot eiv\u00e4t kuuluneet kuvaan. T\u00e4ss\u00e4kin ollaan kokoontumassa etuk\u00e4teen k\u00e4skettyyn paikkaan Kuittisissa.<\/p><\/div>\n<p>J\u00e4\u00e4k\u00e4rit ampua paahtoivat piiput kuumina.<\/p>\n<p>P\u00e4\u00e4tin, ett\u00e4 minun t\u00e4ytyy olla sekaisin ja ett\u00e4 paikkani n\u00e4inollen on jossakin muualla kuin t\u00e4\u00e4ll\u00e4.<\/p>\n<p>Hiippailin siis hiljalleen komppanian komentopaikalle ja selitin tilanteen p\u00e4\u00e4llik\u00f6llemme luutnantti Leevi Maltarille. Ottaen mukaan l\u00e4\u00e4kint\u00e4miehet palasin sitten etulinjan hautoja pitkin tukikohta Ruutuun, jossa kyyristelin keskityksen loppuun saakka.<\/p>\n<p>J\u00e4\u00e4k\u00e4rit kertoivat ajaneensa vihollisen omalle puolelleen. J\u00e4lki\u00e4 my\u00f6hemmin tarkkaillessa k\u00e4vi ilmi, ett\u00e4 &#8221;voittamaton puna-armeija&#8221; ei ollut k\u00e4ynyt etumaisia taisteluhautoja kauempana &#8211; siin\u00e4 palavassa m\u00e4nnik\u00f6ss\u00e4 ei ollut k\u00e4ynyt ket\u00e4\u00e4n.<\/p>\n<p>Me JR 44:n 11. Komppanian III Joukkueen miehet aloimme ker\u00e4ill\u00e4 kamppeitamme. Kaverit polttelivat puhdet\u00f6it\u00e4\u00e4n &#8211; tukikohta Ruudun kamiinoiden savupiipuista kohosivat ilmaan kauhat ja lampunjalat.<\/p>\n<p>Oli taas edess\u00e4 totinen koetus.<\/p>\n<p>Kansa taisteli 7\/83<\/p>\n<p style=\"text-align: center;\">***<\/p>\n<p><em> <strong>Joukkopsykoosi Syv\u00e4rin kannaksella:<\/strong><\/em><\/p>\n<p><em>Kun Karjalan kannaksella kes\u00e4kuun 9. p\u00e4iv\u00e4n\u00e4 alkanut suurhy\u00f6kk\u00e4ys n\u00e4ytti etenev\u00e4n vastustamattomasti kohti Suomen ydinalueita, ylip\u00e4\u00e4llikk\u00f6 Mannerheim teki p\u00e4\u00e4t\u00f6ksen, jolla h\u00e4n siirsi It\u00e4-Karjalassa reservin\u00e4 olleita joukkoja Kannakselle. Kun nek\u00e4\u00e4n eiv\u00e4t tuntuneet auttavan, oli jo pakko heikent\u00e4\u00e4 rintamassa olleita joukkoja ja suunnata nekin vihollisen painopistesuuntaan. Aunuksen puolustusasemalla ei en\u00e4\u00e4 siin\u00e4 vaiheessa ollut merkityst\u00e4 ohuen miehityksen takia, mutta takana oli runsaasti aluetta. Sit\u00e4 oikein k\u00e4ytt\u00e4m\u00e4ll\u00e4 voitiin taata Kannaksen joukoille riitt\u00e4v\u00e4sti aikaa vastatoimenpiteisiin.<\/em><\/p>\n<p><em>Jalkav\u00e4kirykmentti 44 oli asemissa Syv\u00e4rin varrella Kuuttilahden kohdalla. Jo vajaan viikon kuluttua suurhy\u00f6kk\u00e4yksen alettua Kannaksella, annettiin Aunuksen kannaksen joukoille runsaasti uusia operatiivisia k\u00e4skyj\u00e4. Mm. JR 44:n I P oli 5. Divisioonan reservin\u00e4, mutta sai k\u00e4skyn marssia uusiin asemiin l\u00e4hemm\u00e4s etulinjaa. Samalla divisioona oikaisi puolustuslinjaansa Laatokan rantalohkolla.<\/em><\/p>\n<p><em>Suurtaistelussa syntyy helposti joukkopsykooseja. T\u00e4m\u00e4 kertomus lienee kuitenkin niiden vaarattomimmasta p\u00e4\u00e4st\u00e4. Vihollistahan ei p\u00e4\u00e4stetty murtamaan asemia, mutta luulo oli todellinen, mik\u00e4 puolestaan vaikutti siihen, ett\u00e4 etulinjaan tulleet soturit luulivat n\u00e4hneens\u00e4 vastustajan jo omissa taisteluhaudoissa. Usein oli kysymys pelosta, joka sitten johti pakoon: ensin l\u00e4hti yksi mies &#8211; ehk\u00e4 hakemaan patruunoita tai viem\u00e4\u00e4n kaveria joukkosidontapaikalla &#8211; h\u00e4neen liittyi toinen, kunnes koossa oli joukko, joka ei en\u00e4\u00e4 ollut matkalla minnek\u00e4\u00e4n. Suunta oli vain paukkeesta poisp\u00e4in.<\/em><\/p>\n<p><em>T\u00e4ss\u00e4h\u00e4n ei ollut kysymys paosta, eik\u00e4 ehk\u00e4 kovin suuresta pelostakaan. <\/em><\/p>\n<\/div><\/section>\n<section  class='av_textblock_section av-26nu8o-de7b19f6a4ff4a85782c022ea993fc53 '   itemscope=\"itemscope\" itemtype=\"https:\/\/schema.org\/CreativeWork\" ><div class='avia_textblock'  itemprop=\"text\" ><p>0<\/p>\n<\/div><\/section>\n","protected":false},"excerpt":{"rendered":"","protected":false},"author":2,"featured_media":0,"parent":2210,"menu_order":1,"comment_status":"closed","ping_status":"closed","template":"","meta":{"footnotes":""},"class_list":["post-2440","page","type-page","status-publish","hentry"],"yoast_head":"<!-- This site is optimized with the Yoast SEO plugin v27.4 - https:\/\/yoast.com\/product\/yoast-seo-wordpress\/ -->\n<title>Myrsky puhkeaa Syv\u00e4rill\u00e4 - Veteraanien Perint\u00f6<\/title>\n<meta name=\"robots\" content=\"index, follow, max-snippet:-1, max-image-preview:large, max-video-preview:-1\" \/>\n<link rel=\"canonical\" href=\"https:\/\/veteraanienperinto.fi\/index.php\/jatkosota-etusivu\/jatkosodan-kertomukset\/sotatoimet\/suurhyokkayksen-torjunta\/myrsky-puhkeaa-syvarilla\/\" \/>\n<meta property=\"og:locale\" content=\"fi_FI\" \/>\n<meta property=\"og:type\" content=\"article\" \/>\n<meta property=\"og:title\" content=\"Myrsky puhkeaa Syv\u00e4rill\u00e4 - Veteraanien Perint\u00f6\" \/>\n<meta property=\"og:url\" content=\"https:\/\/veteraanienperinto.fi\/index.php\/jatkosota-etusivu\/jatkosodan-kertomukset\/sotatoimet\/suurhyokkayksen-torjunta\/myrsky-puhkeaa-syvarilla\/\" \/>\n<meta property=\"og:site_name\" content=\"Veteraanien Perint\u00f6\" \/>\n<meta property=\"article:modified_time\" content=\"2020-12-15T17:09:20+00:00\" \/>\n<meta property=\"og:image\" content=\"https:\/\/veteraanienperinto.fi\/wp-content\/uploads\/2020\/12\/myrsky_puhkeaa2.jpg\" \/>\n<meta name=\"twitter:card\" content=\"summary_large_image\" \/>\n<meta name=\"twitter:label1\" content=\"Arvioitu lukuaika\" \/>\n\t<meta name=\"twitter:data1\" content=\"7 minuuttia\" \/>\n<script type=\"application\/ld+json\" class=\"yoast-schema-graph\">{\"@context\":\"https:\\\/\\\/schema.org\",\"@graph\":[{\"@type\":\"WebPage\",\"@id\":\"https:\\\/\\\/veteraanienperinto.fi\\\/index.php\\\/jatkosota-etusivu\\\/jatkosodan-kertomukset\\\/sotatoimet\\\/suurhyokkayksen-torjunta\\\/myrsky-puhkeaa-syvarilla\\\/\",\"url\":\"https:\\\/\\\/veteraanienperinto.fi\\\/index.php\\\/jatkosota-etusivu\\\/jatkosodan-kertomukset\\\/sotatoimet\\\/suurhyokkayksen-torjunta\\\/myrsky-puhkeaa-syvarilla\\\/\",\"name\":\"Myrsky puhkeaa Syv\u00e4rill\u00e4 - Veteraanien Perint\u00f6\",\"isPartOf\":{\"@id\":\"https:\\\/\\\/veteraanienperinto.fi\\\/#website\"},\"primaryImageOfPage\":{\"@id\":\"https:\\\/\\\/veteraanienperinto.fi\\\/index.php\\\/jatkosota-etusivu\\\/jatkosodan-kertomukset\\\/sotatoimet\\\/suurhyokkayksen-torjunta\\\/myrsky-puhkeaa-syvarilla\\\/#primaryimage\"},\"image\":{\"@id\":\"https:\\\/\\\/veteraanienperinto.fi\\\/index.php\\\/jatkosota-etusivu\\\/jatkosodan-kertomukset\\\/sotatoimet\\\/suurhyokkayksen-torjunta\\\/myrsky-puhkeaa-syvarilla\\\/#primaryimage\"},\"thumbnailUrl\":\"https:\\\/\\\/veteraanienperinto.fi\\\/wp-content\\\/uploads\\\/2020\\\/12\\\/myrsky_puhkeaa2.jpg\",\"datePublished\":\"2020-09-01T11:27:59+00:00\",\"dateModified\":\"2020-12-15T17:09:20+00:00\",\"breadcrumb\":{\"@id\":\"https:\\\/\\\/veteraanienperinto.fi\\\/index.php\\\/jatkosota-etusivu\\\/jatkosodan-kertomukset\\\/sotatoimet\\\/suurhyokkayksen-torjunta\\\/myrsky-puhkeaa-syvarilla\\\/#breadcrumb\"},\"inLanguage\":\"fi\",\"potentialAction\":[{\"@type\":\"ReadAction\",\"target\":[\"https:\\\/\\\/veteraanienperinto.fi\\\/index.php\\\/jatkosota-etusivu\\\/jatkosodan-kertomukset\\\/sotatoimet\\\/suurhyokkayksen-torjunta\\\/myrsky-puhkeaa-syvarilla\\\/\"]}]},{\"@type\":\"ImageObject\",\"inLanguage\":\"fi\",\"@id\":\"https:\\\/\\\/veteraanienperinto.fi\\\/index.php\\\/jatkosota-etusivu\\\/jatkosodan-kertomukset\\\/sotatoimet\\\/suurhyokkayksen-torjunta\\\/myrsky-puhkeaa-syvarilla\\\/#primaryimage\",\"url\":\"https:\\\/\\\/veteraanienperinto.fi\\\/wp-content\\\/uploads\\\/2020\\\/12\\\/myrsky_puhkeaa2.jpg\",\"contentUrl\":\"https:\\\/\\\/veteraanienperinto.fi\\\/wp-content\\\/uploads\\\/2020\\\/12\\\/myrsky_puhkeaa2.jpg\",\"width\":370,\"height\":285,\"caption\":\"Neuvostoliiton hy\u00f6kk\u00e4ys Aunuksessa on alkanut 18.6.1944. Ensimm\u00e4iset haavoittuneet saapuvat joukkosidontapaikalle\"},{\"@type\":\"BreadcrumbList\",\"@id\":\"https:\\\/\\\/veteraanienperinto.fi\\\/index.php\\\/jatkosota-etusivu\\\/jatkosodan-kertomukset\\\/sotatoimet\\\/suurhyokkayksen-torjunta\\\/myrsky-puhkeaa-syvarilla\\\/#breadcrumb\",\"itemListElement\":[{\"@type\":\"ListItem\",\"position\":1,\"name\":\"Etusivu\",\"item\":\"https:\\\/\\\/veteraanienperinto.fi\\\/index.php\\\/etusivu-2\\\/\"},{\"@type\":\"ListItem\",\"position\":2,\"name\":\"Jatkosota &#8211; etusivu\",\"item\":\"https:\\\/\\\/veteraanienperinto.fi\\\/index.php\\\/jatkosota-etusivu\\\/\"},{\"@type\":\"ListItem\",\"position\":3,\"name\":\"Jatkosodan kertomukset\",\"item\":\"https:\\\/\\\/veteraanienperinto.fi\\\/index.php\\\/jatkosota-etusivu\\\/jatkosodan-kertomukset\\\/\"},{\"@type\":\"ListItem\",\"position\":4,\"name\":\"Sotatoimet\",\"item\":\"https:\\\/\\\/veteraanienperinto.fi\\\/index.php\\\/jatkosota-etusivu\\\/jatkosodan-kertomukset\\\/sotatoimet\\\/\"},{\"@type\":\"ListItem\",\"position\":5,\"name\":\"Suurhy\u00f6kk\u00e4yksen torjunta\",\"item\":\"https:\\\/\\\/veteraanienperinto.fi\\\/index.php\\\/jatkosota-etusivu\\\/jatkosodan-kertomukset\\\/sotatoimet\\\/suurhyokkayksen-torjunta\\\/\"},{\"@type\":\"ListItem\",\"position\":6,\"name\":\"Myrsky puhkeaa Syv\u00e4rill\u00e4\"}]},{\"@type\":\"WebSite\",\"@id\":\"https:\\\/\\\/veteraanienperinto.fi\\\/#website\",\"url\":\"https:\\\/\\\/veteraanienperinto.fi\\\/\",\"name\":\"Veteraanien Perint\u00f6\",\"description\":\"Kadettikunta\",\"potentialAction\":[{\"@type\":\"SearchAction\",\"target\":{\"@type\":\"EntryPoint\",\"urlTemplate\":\"https:\\\/\\\/veteraanienperinto.fi\\\/?s={search_term_string}\"},\"query-input\":{\"@type\":\"PropertyValueSpecification\",\"valueRequired\":true,\"valueName\":\"search_term_string\"}}],\"inLanguage\":\"fi\"}]}<\/script>\n<!-- \/ Yoast SEO plugin. -->","yoast_head_json":{"title":"Myrsky puhkeaa Syv\u00e4rill\u00e4 - Veteraanien Perint\u00f6","robots":{"index":"index","follow":"follow","max-snippet":"max-snippet:-1","max-image-preview":"max-image-preview:large","max-video-preview":"max-video-preview:-1"},"canonical":"https:\/\/veteraanienperinto.fi\/index.php\/jatkosota-etusivu\/jatkosodan-kertomukset\/sotatoimet\/suurhyokkayksen-torjunta\/myrsky-puhkeaa-syvarilla\/","og_locale":"fi_FI","og_type":"article","og_title":"Myrsky puhkeaa Syv\u00e4rill\u00e4 - Veteraanien Perint\u00f6","og_url":"https:\/\/veteraanienperinto.fi\/index.php\/jatkosota-etusivu\/jatkosodan-kertomukset\/sotatoimet\/suurhyokkayksen-torjunta\/myrsky-puhkeaa-syvarilla\/","og_site_name":"Veteraanien Perint\u00f6","article_modified_time":"2020-12-15T17:09:20+00:00","og_image":[{"url":"https:\/\/veteraanienperinto.fi\/wp-content\/uploads\/2020\/12\/myrsky_puhkeaa2.jpg","type":"","width":"","height":""}],"twitter_card":"summary_large_image","twitter_misc":{"Arvioitu lukuaika":"7 minuuttia"},"schema":{"@context":"https:\/\/schema.org","@graph":[{"@type":"WebPage","@id":"https:\/\/veteraanienperinto.fi\/index.php\/jatkosota-etusivu\/jatkosodan-kertomukset\/sotatoimet\/suurhyokkayksen-torjunta\/myrsky-puhkeaa-syvarilla\/","url":"https:\/\/veteraanienperinto.fi\/index.php\/jatkosota-etusivu\/jatkosodan-kertomukset\/sotatoimet\/suurhyokkayksen-torjunta\/myrsky-puhkeaa-syvarilla\/","name":"Myrsky puhkeaa Syv\u00e4rill\u00e4 - Veteraanien Perint\u00f6","isPartOf":{"@id":"https:\/\/veteraanienperinto.fi\/#website"},"primaryImageOfPage":{"@id":"https:\/\/veteraanienperinto.fi\/index.php\/jatkosota-etusivu\/jatkosodan-kertomukset\/sotatoimet\/suurhyokkayksen-torjunta\/myrsky-puhkeaa-syvarilla\/#primaryimage"},"image":{"@id":"https:\/\/veteraanienperinto.fi\/index.php\/jatkosota-etusivu\/jatkosodan-kertomukset\/sotatoimet\/suurhyokkayksen-torjunta\/myrsky-puhkeaa-syvarilla\/#primaryimage"},"thumbnailUrl":"https:\/\/veteraanienperinto.fi\/wp-content\/uploads\/2020\/12\/myrsky_puhkeaa2.jpg","datePublished":"2020-09-01T11:27:59+00:00","dateModified":"2020-12-15T17:09:20+00:00","breadcrumb":{"@id":"https:\/\/veteraanienperinto.fi\/index.php\/jatkosota-etusivu\/jatkosodan-kertomukset\/sotatoimet\/suurhyokkayksen-torjunta\/myrsky-puhkeaa-syvarilla\/#breadcrumb"},"inLanguage":"fi","potentialAction":[{"@type":"ReadAction","target":["https:\/\/veteraanienperinto.fi\/index.php\/jatkosota-etusivu\/jatkosodan-kertomukset\/sotatoimet\/suurhyokkayksen-torjunta\/myrsky-puhkeaa-syvarilla\/"]}]},{"@type":"ImageObject","inLanguage":"fi","@id":"https:\/\/veteraanienperinto.fi\/index.php\/jatkosota-etusivu\/jatkosodan-kertomukset\/sotatoimet\/suurhyokkayksen-torjunta\/myrsky-puhkeaa-syvarilla\/#primaryimage","url":"https:\/\/veteraanienperinto.fi\/wp-content\/uploads\/2020\/12\/myrsky_puhkeaa2.jpg","contentUrl":"https:\/\/veteraanienperinto.fi\/wp-content\/uploads\/2020\/12\/myrsky_puhkeaa2.jpg","width":370,"height":285,"caption":"Neuvostoliiton hy\u00f6kk\u00e4ys Aunuksessa on alkanut 18.6.1944. Ensimm\u00e4iset haavoittuneet saapuvat joukkosidontapaikalle"},{"@type":"BreadcrumbList","@id":"https:\/\/veteraanienperinto.fi\/index.php\/jatkosota-etusivu\/jatkosodan-kertomukset\/sotatoimet\/suurhyokkayksen-torjunta\/myrsky-puhkeaa-syvarilla\/#breadcrumb","itemListElement":[{"@type":"ListItem","position":1,"name":"Etusivu","item":"https:\/\/veteraanienperinto.fi\/index.php\/etusivu-2\/"},{"@type":"ListItem","position":2,"name":"Jatkosota &#8211; etusivu","item":"https:\/\/veteraanienperinto.fi\/index.php\/jatkosota-etusivu\/"},{"@type":"ListItem","position":3,"name":"Jatkosodan kertomukset","item":"https:\/\/veteraanienperinto.fi\/index.php\/jatkosota-etusivu\/jatkosodan-kertomukset\/"},{"@type":"ListItem","position":4,"name":"Sotatoimet","item":"https:\/\/veteraanienperinto.fi\/index.php\/jatkosota-etusivu\/jatkosodan-kertomukset\/sotatoimet\/"},{"@type":"ListItem","position":5,"name":"Suurhy\u00f6kk\u00e4yksen torjunta","item":"https:\/\/veteraanienperinto.fi\/index.php\/jatkosota-etusivu\/jatkosodan-kertomukset\/sotatoimet\/suurhyokkayksen-torjunta\/"},{"@type":"ListItem","position":6,"name":"Myrsky puhkeaa Syv\u00e4rill\u00e4"}]},{"@type":"WebSite","@id":"https:\/\/veteraanienperinto.fi\/#website","url":"https:\/\/veteraanienperinto.fi\/","name":"Veteraanien Perint\u00f6","description":"Kadettikunta","potentialAction":[{"@type":"SearchAction","target":{"@type":"EntryPoint","urlTemplate":"https:\/\/veteraanienperinto.fi\/?s={search_term_string}"},"query-input":{"@type":"PropertyValueSpecification","valueRequired":true,"valueName":"search_term_string"}}],"inLanguage":"fi"}]}},"_links":{"self":[{"href":"https:\/\/veteraanienperinto.fi\/index.php\/wp-json\/wp\/v2\/pages\/2440","targetHints":{"allow":["GET"]}}],"collection":[{"href":"https:\/\/veteraanienperinto.fi\/index.php\/wp-json\/wp\/v2\/pages"}],"about":[{"href":"https:\/\/veteraanienperinto.fi\/index.php\/wp-json\/wp\/v2\/types\/page"}],"author":[{"embeddable":true,"href":"https:\/\/veteraanienperinto.fi\/index.php\/wp-json\/wp\/v2\/users\/2"}],"replies":[{"embeddable":true,"href":"https:\/\/veteraanienperinto.fi\/index.php\/wp-json\/wp\/v2\/comments?post=2440"}],"version-history":[{"count":3,"href":"https:\/\/veteraanienperinto.fi\/index.php\/wp-json\/wp\/v2\/pages\/2440\/revisions"}],"predecessor-version":[{"id":8117,"href":"https:\/\/veteraanienperinto.fi\/index.php\/wp-json\/wp\/v2\/pages\/2440\/revisions\/8117"}],"up":[{"embeddable":true,"href":"https:\/\/veteraanienperinto.fi\/index.php\/wp-json\/wp\/v2\/pages\/2210"}],"wp:attachment":[{"href":"https:\/\/veteraanienperinto.fi\/index.php\/wp-json\/wp\/v2\/media?parent=2440"}],"curies":[{"name":"wp","href":"https:\/\/api.w.org\/{rel}","templated":true}]}}