{"id":2445,"date":"2020-09-01T11:31:22","date_gmt":"2020-09-01T11:31:22","guid":{"rendered":"https:\/\/veteraani.ylirotu.fi\/?page_id=2445"},"modified":"2020-12-15T17:13:44","modified_gmt":"2020-12-15T17:13:44","slug":"panssarit-portinhoikassa","status":"publish","type":"page","link":"https:\/\/veteraanienperinto.fi\/index.php\/jatkosota-etusivu\/jatkosodan-kertomukset\/sotatoimet\/suurtaistelut\/panssarit-portinhoikassa\/","title":{"rendered":"Panssarit Portinhoikassa"},"content":{"rendered":"\n<style type=\"text\/css\" data-created_by=\"avia_inline_auto\" id=\"style-css-av-av_heading-0b6c8d7815c8826b7e420906d16d1545\">\n#top .av-special-heading.av-av_heading-0b6c8d7815c8826b7e420906d16d1545{\npadding-bottom:5px;\n}\nbody .av-special-heading.av-av_heading-0b6c8d7815c8826b7e420906d16d1545 .av-special-heading-tag .heading-char{\nfont-size:25px;\n}\n.av-special-heading.av-av_heading-0b6c8d7815c8826b7e420906d16d1545 .av-subheading{\nfont-size:15px;\n}\n<\/style>\n<div  class='av-special-heading av-av_heading-0b6c8d7815c8826b7e420906d16d1545 av-special-heading-h3  avia-builder-el-0  avia-builder-el-no-sibling '><h3 class='av-special-heading-tag'  itemprop=\"headline\"  >Panssarit Portinhoikassa<\/h3><div class=\"special-heading-border\"><div class=\"special-heading-inner-border\"><\/div><\/div><\/div>\n<section  class='av_textblock_section av-kei9w74n-7b0f008125a778f48432b9a614d90d0f '   itemscope=\"itemscope\" itemtype=\"https:\/\/schema.org\/CreativeWork\" ><div class='avia_textblock'  itemprop=\"text\" ><p><strong>V. Rautiainen:<\/strong><\/p>\n<p>Kun aikoinaan suoritin asevelvollisuuttani H\u00e4meenlinnan tankkipataljoonassa, tutustuin Poltinahon harjoitusmaastossa silloisiin panssarivaunuihin, jotka olivat kuin kalas\u00e4ilykepurkkeja my\u00f6h\u00e4isempien panssarien rinnalla. Suurta kunnioitusta nuo vanhat tankkimmekin tosin her\u00e4ttiv\u00e4t pukatessaan Ahveniston mets\u00e4ss\u00e4 nurin k\u00e4sivarren paksuisia puita kuin tyhj\u00e4\u00e4 vain.<\/p>\n<div id=\"attachment_8123\" style=\"width: 310px\" class=\"wp-caption alignright\"><img loading=\"lazy\" decoding=\"async\" aria-describedby=\"caption-attachment-8123\" class=\"size-full wp-image-8123\" src=\"https:\/\/veteraanienperinto.fi\/wp-content\/uploads\/2020\/12\/sturm.jpg\" alt=\"\" width=\"300\" height=\"191\" \/><p id=\"caption-attachment-8123\" class=\"wp-caption-text\">Saksasta tulleita rynn\u00e4kk\u00f6tykkej\u00e4 saapumisparaatissa<\/p><\/div>\n<p>Mutta viime sodassa jouduin jo tekemisiin mahtaviksi ter\u00e4slinnoituksiksi kehittyneiden panssarien kanssa, joihin eiv\u00e4t en\u00e4\u00e4 pystyneet polttopullot ja norsupyssyt, vaan joita kukistamaan tarvittiin aina tehokkaammiksi tehtyj\u00e4 torjunta-aseita, panssarinyrkkej\u00e4 ja -kauhuja.<\/p>\n<p>Elettiin sotavuotta 1944. Hy\u00f6kk\u00e4ysvaunukoulutuksestani huolimatta toimin komppaniassamme l\u00e4\u00e4kint\u00e4miehen\u00e4. T\u00e4h\u00e4n teht\u00e4v\u00e4\u00e4n saivat minut k\u00e4yt\u00e4nt\u00f6 ja l\u00e4\u00e4kint\u00e4kapteeni Pylkk\u00e4nen. L\u00e4\u00e4kint\u00e4miehi\u00e4 aina tarvittiin, mutta toisaalta taas ei joka ukolle ollut antaa omaa nimikkoajokkia. En niin kovin innokas ollutkaan panssarimiehen puuhaan, koska mielest\u00e4ni nuo rautapurkit olivat hengenvaarallisempia niiden sis\u00e4ss\u00e4 istujille kuin vapaana maastossa liikkuville. Ainakin ne saivat hien irtautumaan sis\u00e4ll\u00e4 istuvalta, kun aurinko kuumensi vaunun panssarin ja moottori uhosi \u00f6ljynkatkuista l\u00e4mp\u00f6\u00e4 vaunun sis\u00e4\u00e4n. Kerran jouduin ajamaan alikersantti Pirttil\u00e4n ohjaamassa Sotka-vaunussa Viipurin liepeilt\u00e4 Saarelaan. Uskon, ett\u00e4 turkkilaisten h\u00f6yrykaappi on viile\u00e4mpi laitos kuin esimerkiksi ahdas Sotka kes\u00e4isen\u00e4 p\u00e4iv\u00e4n\u00e4. Matkani kurjuutta alikersantti Pirttil\u00e4n ajokissa lis\u00e4siv\u00e4t joka puolellamme alituiseen possahtelevat kranaatit, koska kulkemamme tie oli pitk\u00e4lt\u00e4 matkalta vihollistykist\u00f6n haarukassa.<\/p>\n<p>L\u00e4\u00e4kint\u00e4miehen teht\u00e4v\u00e4 on varsinkin panssarijoukoissa vaikeaa, koska panssarit liikkuvat usein aivan etumaastossa, joskus vihollisen alueellakin. Kerran jouduin Perkj\u00e4rvell\u00e4 noutamaan vaurioituneesta panssarista pois kuljettajan, joka oli vaikeasti haavoittunut. Raahasin miehen pohjaluukun kautta alas, ja kun olimme ulkona, panssari pelmahti valtaviin liekkeihin. Savuverhon suojassa sain haavoittuneen ensiapuasemalle, mutta kyll\u00e4 luotiakin rapisi h\u00e4nnill\u00e4mme.<\/p>\n<p>Komppaniaamme komensi kapteeni GB. Kvikant, jonka kaatumisesta olen kertonut aikaisemmassa kuvauksessani. T\u00e4m\u00e4 upseeri oli Mannerheim-ristin ritari, ja h\u00e4n tiesi panssareista sen, mit\u00e4 panssariupseerin tulikin tiet\u00e4\u00e4. H\u00e4nen johdollaan komppaniamme niitti loistavimmat laakerinsa.<\/p>\n<p>26.6. eteniv\u00e4t panssarimme Juustilasta Portinhoikan suuntaan. Vihollinen oli edellisen\u00e4 p\u00e4iv\u00e4n\u00e4 hy\u00f6k\u00e4nnyt parin kilometrin p\u00e4\u00e4h\u00e4n Juustilasta, mutta nyt panssarimme ja j\u00e4\u00e4k\u00e4rimme ty\u00f6nsiv\u00e4t sen takaisin ottaen uudelleen haltuunsa Portinhoikan seudun.<\/p>\n<p>Edestakaisin vy\u00f6ryneet hy\u00f6kk\u00e4ysvaunut olivat jauhaneet sateen kostuttaman tien kehnoksi. Liikuimme panssarien h\u00e4nnill\u00e4. Tiesimme, ett\u00e4 vihollinen oli aloittanut hyvin valmistellun hy\u00f6kk\u00e4yksen Talista Portinhoikan kautta Juustilan suuntaan. Portinhoikan kautta kulkeva Imatran tie oli t\u00e4rke\u00e4 kohde, jonka pit\u00e4minen merkitsi meille paljon, ja samoin se kiinnosti my\u00f6s vihollista, joka olikin asettanut t\u00e4nne taisteluun varsin vahvoja panssarijoukkoja. Vihollinen pyrki valtaamaan Portinhoikan yh\u00e4 uudelleen.<\/p>\n<p>Edetess\u00e4mme taisteluun ajoi vastaamme autoja, joiden kuormalavoilla lojui kaatuneita ja pahoin silpoutuneita miehi\u00e4. V\u00e4hemm\u00e4n haavoittuneet katselivat menoamme. He olivat s\u00e4ilyneet pahemmalta ainakin toistaiseksi ja olivat auliita avustamaan vaikeammin haavoittuneita. N\u00e4in joukossa tuttuja kasvoja, koetin hymyill\u00e4, mutta hymy nokisesta naamastani taisi olla kuin pelkk\u00e4 irvistys. Ainakaan kukaan tuntemistani ohitse kulkevista ei vastannut hymyyni.<\/p>\n<p>Portinhoikassa oli taistelun melske korvia repiv\u00e4, isoja pet\u00e4ji\u00e4 kaatui tykist\u00f6n keskitysten myllert\u00e4ess\u00e4 selustassa. Sain oitis ty\u00f6t\u00e4. Er\u00e4s jalkav\u00e4en sotilas oli liev\u00e4sti haavoittunut, mutta menett\u00e4nyt hermonsa. Riehuen keskell\u00e4mme h\u00e4n karjui mink\u00e4 kurkusta l\u00e4hti:<\/p>\n<p>&#8211; Isoja, saatanat, isoja &#8230;<\/p>\n<p>Sidoin miehen k\u00e4sivarren. En p\u00e4\u00e4ssyt selville mitk\u00e4 olivat &#8221;isoja saatanoita&#8221;. Annoin huutajalle hevosannoksen rauhoittavia pillereit\u00e4. Mies s\u00f6i ne n\u00e4lk\u00e4\u00e4ns\u00e4 ja lakkasi ulvomasta. Kun j\u00e4lkeenp\u00e4in kannoin er\u00e4\u00e4n haavoittuneen JSp:hen, n\u00e4in miehen vetelev\u00e4n raskaita unia puun alla v\u00e4litt\u00e4m\u00e4tt\u00e4 en\u00e4\u00e4 mist\u00e4\u00e4n isoista saatanoista.<\/p>\n<p>Uskon, ett\u00e4 miehen oli vallannut panssarinkauhu. pahimmassa muodossaan. Olin tuntenut sellaista joskus itsekin, tosin lievemmin. Tunsin sit\u00e4 viel\u00e4 samana iltanakin.<\/p>\n<p>Makasin kranaattikuopassa sitomani haavoittuneen vieress\u00e4 ja odotin tilaisuutta p\u00e4\u00e4st\u00e4kseni potilaani kanssa ensiavun j\u00e4lkeen l\u00e4htem\u00e4\u00e4n joukkosidontapaikkaan. Kuulaa surisi kuin sy\u00f6tt\u00f6nauhalta matalalla lent\u00e4en kuoppani ylitse. Kaikkina hetkin\u00e4 en tiennyt, ampuivatko omat vaiko vihollinen. Siin\u00e4 tilanteessa oli turhaa yritt\u00e4\u00e4k\u00e4\u00e4n pyrki\u00e4 pois kuopasta. Taisteluhautamme olivat taempana, mik\u00e4li nyt h\u00e4t\u00e4isesti kaivettuja poteroita saattoi sellaisina pit\u00e4\u00e4. Koetin kurkistella kuopan partaan ylitse tienoota, jossa joka taholla r\u00e4tisi ja paukkui.<\/p>\n<p>Edess\u00e4mme m\u00f6yrysi my\u00f6s kaksi vihollisen Sotkaa. Ne tulittivat takanamme olevaa m\u00e4ent\u00f6yr\u00e4st\u00e4, jossa taas liikkui meid\u00e4n panssareitamme. Painauduin matalaksi, kun toinen Sotkista suuntasi lyhyelt\u00e4 matkalta konekiv\u00e4\u00e4risuihkunsa kuoppaa kohden. Erotin melskeen l\u00e4pi sen moottorin sykinn\u00e4n, ja kauhukseni sen \u00e4\u00e4ni voimistui voimistumistaan. Sotka l\u00e4heni kuoppaani.<\/p>\n<p>Olisin kuulasateesta huolimatta pinkaissut pakoon, mutta en voinut j\u00e4tt\u00e4\u00e4 haavoittunutta. H\u00e4nen tilansa oli vakava. Yksi luodeista oli rep\u00e4issyt vasemman olkap\u00e4\u00e4n riekaleiksi, ja toinen oli l\u00e4p\u00e4issyt kupeen. Ensiapuni tyrehdytti verenvuodon, mutta miehen tajuttomuus jatkui ja t\u00e4m\u00e4 sai minut pysym\u00e4\u00e4n toistaiseksi h\u00e4nen luonaan.<\/p>\n<p>Hy\u00f6kk\u00e4ysvaunu yh\u00e4 l\u00e4heni. Kurkistin yl\u00f6s. Todella, siin\u00e4 se kurnusi, tuo \u00f6ljylt\u00e4 lemuava hirvi\u00f6. Telaketjujen mutkat koholla se kulki suoraan kuoppaani kohden ja ampui eteen. Tuijotin otusta silm\u00e4t tapilla. Silloin valtasi minut kauhea kuolemanpelko. Muistan, ett\u00e4 karjuin rumia sanoja tuhoojalle &#8211; ja kun tankin telaketjut tavoittivat kuopan reunan, rynt\u00e4sin yl\u00f6s haavoittunut mies syliss\u00e4ni ja juoksin halki ryteik\u00f6n mink\u00e4 matalista kintuistani p\u00e4\u00e4sin. En ymm\u00e4rt\u00e4nyt mit\u00e4\u00e4n, en k\u00e4sitt\u00e4nyt, mink\u00e4laisen luotisateen halki juoksin. Tuokioksi menetin kuuloni ja n\u00e4k\u00f6ni, juoksin vain taakkani kanssa, kunnes heitt\u00e4ydyin ilmaa haukkomaan.<\/p>\n<p>Haavoittunut voihkaisi, kun m\u00e4tk\u00e4hdimme ketoon. Ry\u00f6min kiven taakse ja vedin haavoittuneen viereeni. Vasta nyt havaitsin, ett\u00e4 kiv\u00e4\u00e4rini oli j\u00e4\u00e4nyt kuoppaan. Vapisin viel\u00e4kin voimakkaan pelkoni takia. T\u00e4m\u00e4 oli mielest\u00e4ni panssarinkauhua, se oli aitoa pelkoa, jonka vallatessa soturi unohtaa muutkin vaanivat vaarat ja lent\u00e4\u00e4 kuin p\u00e4\u00e4t\u00f6n kana mihin sattuu.<\/p>\n<p>Taistelu Portinhoikan maastossa riehui 26.6. koko illan ja sit\u00e4 seuranneen y\u00f6n. Vihollinen sai vahvistusta, me sen sijaan taistelimme yh\u00e4 ehtyvin voimin. Menetimme panssareita sek\u00e4 torjuntatykin, jota johti kersantti Rajala. Mutta enemm\u00e4n panssareita menetti vihollinen.<\/p>\n<p>L\u00e4\u00e4kint\u00e4miehen\u00e4 jouduin liikkumaan taistelualueella laajemmin kuin jalkav\u00e4en miehet. Oli aina yritett\u00e4v\u00e4 sinne, mist\u00e4 kuului huuto: &#8221;L\u00e4\u00e4kint\u00e4miehi\u00e4 t\u00e4nne!&#8221; Kun olin selvinnyt \u00e4skeisest\u00e4 panssarinkauhusta, sieppasin itselleni uuden aseen, joita oli riitt\u00e4miin joka taholla.<\/p>\n<p>Jouduin taistelun tuoksinassa suorittamaan sellaisiakin teht\u00e4vi\u00e4, jotka eiv\u00e4t varsinaisesti minulle kuuluneetkaan. Portinhoikan tienristeyksen l\u00e4hell\u00e4 jouduin hoitamaan pikakiv\u00e4\u00e4ri\u00e4kin. Menin noutamaan er\u00e4st\u00e4 haavoittunutta pk-ampujaa, mutta kun p\u00e4\u00e4sin taisteluhautaan, miss\u00e4 h\u00e4nen piti olla, havaitsin, ett\u00e4 ampuja olikin jo kuollut. Pikakiv\u00e4\u00e4ri odotti uutta ampujaa, ja kun maaleja liikkui aivan l\u00e4hell\u00e4, annoin aseen laulaa. Lippaitakin oli riitt\u00e4miin. Sitten tuli paikalle joukkueen johtaja ja vapautti minut omiin teht\u00e4viini. J\u00e4lkeenp\u00e4in kuulin, ett\u00e4 sama ase oli vaatinut kolmen ampujan hengen. Sen asema oli todella kuumassa paikassa.<\/p>\n<p>On vaikea kuvata t\u00e4ydellisesti ja el\u00e4v\u00e4sti taistelun\u00e4ytt\u00e4m\u00f6n tapahtumia, vaikka haluaisikin. Kun panssarit jyr\u00e4\u00e4v\u00e4t, eri kaliiperien aseet paukkuvat, k\u00e4sikranaatit r\u00e4j\u00e4htelev\u00e4t ja tykist\u00f6 m\u00f6ykk\u00e4\u00e4, luulisi kehoitus- ja valitushuutojen hukkuvan tuohon sekamelskaan. Niin ei kuitenkaan ollut. Vihollisenkin huudot erottuivat tuosta metelist\u00e4. J\u00e4lkeenp\u00e4in tapahtumia muistellessani luulen, ett\u00e4 mielen valtasi jonkinlainen hulluus, pelko katosi ja itses\u00e4ilytysvaisto toimi. Vaaran tajusi, kun se oli ihan nen\u00e4n edess\u00e4, sen v\u00e4ltti silm\u00e4nr\u00e4p\u00e4yksen murto-osassa.<\/p>\n<p>Sellainenkin, joka taisteluun valmistautuessaan tunsi h\u00e4t\u00e4\u00e4 housuissaan, l\u00e4mpeni r\u00e4hin\u00e4n aikana vallan toiseksi mieheksi. Ainakin n\u00e4in k\u00e4vi minun kohdallani. Ennen taistelua tunsin olevani aika vellihousu ja kuvittelin, ett\u00e4 tykin kuula tempaisee p\u00e4\u00e4ni irti, vaikkei ammuksia tullut maille halmeillekaan. Sitten taistelu tempasi mukaansa ja vaara menetti merkityksens\u00e4. Ainakin minun kohdallani oli n\u00e4in. En enn\u00e4tt\u00e4nyt pelk\u00e4\u00e4m\u00e4\u00e4n &#8211; se tuli tavallisesti vasta per\u00e4st\u00e4 p\u00e4in, kun kaikki j\u00e4nnitys oli jo ohitse. Silloin vapisin kuin horkassa, ja minun oli ment\u00e4v\u00e4 yksin\u00e4isyyteen tuon kiusallisen &#8221;tautini&#8221; takia.<\/p>\n<p>L\u00e4\u00e4kint\u00e4kapteeni Pylkk\u00e4nen puhui kerran t\u00e4st\u00e4 aiheesta oikein tieteellisesti. Jos antaa vallan mielikuvitukselleen, niin se on mestari mustamaalaukseen ja saa tilanteen tuntumaan paljon kamalammalta kuin se onkaan. Paniikkipaholainen on vaarallinen virus, se tarttuu nopeasti ja voi vallata jonkin m\u00e4\u00e4r\u00e4tyn alueen nopeammin kuin mik\u00e4\u00e4n iskujoukko konsanaan. Mutta siit\u00e4 se on hyv\u00e4, ett\u00e4 se on puolueeton eik\u00e4 veljeile sen paremmin kummankaan taistelevan puolen kanssa.<\/p>\n<p>Portinhoikan taistelu vastaiskuineen on kunniakas sivu Laguksen panssarien historiassa. Taistelimme ylivoimaa vastaan, vihollinen k\u00e4rsi suuria kalustomenetyksi\u00e4, ja n\u00e4in tilanne vakautui Kannaksen puolustuksessa. Aina kun Suomen sinivalkoinen lippu kohoaa Jussin p\u00e4iv\u00e4n\u00e4 Parolan kent\u00e4ll\u00e4, siell\u00e4 miss\u00e4 on panssariemme p\u00e4\u00e4paikka, pit\u00e4isi muistaa juhannusta vuonna 1944 ja niit\u00e4 keskikes\u00e4n p\u00e4ivi\u00e4 ja \u00f6it\u00e4, jolloin Laguksen panssarit tekiv\u00e4t historiaa Portinhoikan tienoilla.<\/p>\n<\/div><\/section>\n<section  class='av_textblock_section av-26nu8o-de7b19f6a4ff4a85782c022ea993fc53 '   itemscope=\"itemscope\" itemtype=\"https:\/\/schema.org\/CreativeWork\" ><div class='avia_textblock'  itemprop=\"text\" ><p>0<\/p>\n<\/div><\/section>\n","protected":false},"excerpt":{"rendered":"","protected":false},"author":2,"featured_media":0,"parent":2213,"menu_order":0,"comment_status":"closed","ping_status":"closed","template":"","meta":{"footnotes":""},"class_list":["post-2445","page","type-page","status-publish","hentry"],"yoast_head":"<!-- This site is optimized with the Yoast SEO plugin v27.4 - https:\/\/yoast.com\/product\/yoast-seo-wordpress\/ -->\n<title>Panssarit Portinhoikassa - Veteraanien Perint\u00f6<\/title>\n<meta name=\"robots\" content=\"index, follow, max-snippet:-1, max-image-preview:large, max-video-preview:-1\" \/>\n<link rel=\"canonical\" href=\"https:\/\/veteraanienperinto.fi\/index.php\/jatkosota-etusivu\/jatkosodan-kertomukset\/sotatoimet\/suurtaistelut\/panssarit-portinhoikassa\/\" \/>\n<meta property=\"og:locale\" content=\"fi_FI\" \/>\n<meta property=\"og:type\" content=\"article\" \/>\n<meta property=\"og:title\" content=\"Panssarit Portinhoikassa - Veteraanien Perint\u00f6\" \/>\n<meta property=\"og:url\" content=\"https:\/\/veteraanienperinto.fi\/index.php\/jatkosota-etusivu\/jatkosodan-kertomukset\/sotatoimet\/suurtaistelut\/panssarit-portinhoikassa\/\" \/>\n<meta property=\"og:site_name\" content=\"Veteraanien Perint\u00f6\" \/>\n<meta property=\"article:modified_time\" content=\"2020-12-15T17:13:44+00:00\" \/>\n<meta property=\"og:image\" content=\"https:\/\/veteraanienperinto.fi\/wp-content\/uploads\/2020\/12\/sturm.jpg\" \/>\n<meta name=\"twitter:card\" content=\"summary_large_image\" \/>\n<meta name=\"twitter:label1\" content=\"Arvioitu lukuaika\" \/>\n\t<meta name=\"twitter:data1\" content=\"8 minuuttia\" \/>\n<script type=\"application\/ld+json\" class=\"yoast-schema-graph\">{\"@context\":\"https:\\\/\\\/schema.org\",\"@graph\":[{\"@type\":\"WebPage\",\"@id\":\"https:\\\/\\\/veteraanienperinto.fi\\\/index.php\\\/jatkosota-etusivu\\\/jatkosodan-kertomukset\\\/sotatoimet\\\/suurtaistelut\\\/panssarit-portinhoikassa\\\/\",\"url\":\"https:\\\/\\\/veteraanienperinto.fi\\\/index.php\\\/jatkosota-etusivu\\\/jatkosodan-kertomukset\\\/sotatoimet\\\/suurtaistelut\\\/panssarit-portinhoikassa\\\/\",\"name\":\"Panssarit Portinhoikassa - Veteraanien Perint\u00f6\",\"isPartOf\":{\"@id\":\"https:\\\/\\\/veteraanienperinto.fi\\\/#website\"},\"primaryImageOfPage\":{\"@id\":\"https:\\\/\\\/veteraanienperinto.fi\\\/index.php\\\/jatkosota-etusivu\\\/jatkosodan-kertomukset\\\/sotatoimet\\\/suurtaistelut\\\/panssarit-portinhoikassa\\\/#primaryimage\"},\"image\":{\"@id\":\"https:\\\/\\\/veteraanienperinto.fi\\\/index.php\\\/jatkosota-etusivu\\\/jatkosodan-kertomukset\\\/sotatoimet\\\/suurtaistelut\\\/panssarit-portinhoikassa\\\/#primaryimage\"},\"thumbnailUrl\":\"https:\\\/\\\/veteraanienperinto.fi\\\/wp-content\\\/uploads\\\/2020\\\/12\\\/sturm.jpg\",\"datePublished\":\"2020-09-01T11:31:22+00:00\",\"dateModified\":\"2020-12-15T17:13:44+00:00\",\"breadcrumb\":{\"@id\":\"https:\\\/\\\/veteraanienperinto.fi\\\/index.php\\\/jatkosota-etusivu\\\/jatkosodan-kertomukset\\\/sotatoimet\\\/suurtaistelut\\\/panssarit-portinhoikassa\\\/#breadcrumb\"},\"inLanguage\":\"fi\",\"potentialAction\":[{\"@type\":\"ReadAction\",\"target\":[\"https:\\\/\\\/veteraanienperinto.fi\\\/index.php\\\/jatkosota-etusivu\\\/jatkosodan-kertomukset\\\/sotatoimet\\\/suurtaistelut\\\/panssarit-portinhoikassa\\\/\"]}]},{\"@type\":\"ImageObject\",\"inLanguage\":\"fi\",\"@id\":\"https:\\\/\\\/veteraanienperinto.fi\\\/index.php\\\/jatkosota-etusivu\\\/jatkosodan-kertomukset\\\/sotatoimet\\\/suurtaistelut\\\/panssarit-portinhoikassa\\\/#primaryimage\",\"url\":\"https:\\\/\\\/veteraanienperinto.fi\\\/wp-content\\\/uploads\\\/2020\\\/12\\\/sturm.jpg\",\"contentUrl\":\"https:\\\/\\\/veteraanienperinto.fi\\\/wp-content\\\/uploads\\\/2020\\\/12\\\/sturm.jpg\",\"width\":300,\"height\":191,\"caption\":\"Saksasta tulleita rynn\u00e4kk\u00f6tykkej\u00e4 saapumisparaatissa\"},{\"@type\":\"BreadcrumbList\",\"@id\":\"https:\\\/\\\/veteraanienperinto.fi\\\/index.php\\\/jatkosota-etusivu\\\/jatkosodan-kertomukset\\\/sotatoimet\\\/suurtaistelut\\\/panssarit-portinhoikassa\\\/#breadcrumb\",\"itemListElement\":[{\"@type\":\"ListItem\",\"position\":1,\"name\":\"Etusivu\",\"item\":\"https:\\\/\\\/veteraanienperinto.fi\\\/index.php\\\/etusivu-2\\\/\"},{\"@type\":\"ListItem\",\"position\":2,\"name\":\"Jatkosota &#8211; etusivu\",\"item\":\"https:\\\/\\\/veteraanienperinto.fi\\\/index.php\\\/jatkosota-etusivu\\\/\"},{\"@type\":\"ListItem\",\"position\":3,\"name\":\"Jatkosodan kertomukset\",\"item\":\"https:\\\/\\\/veteraanienperinto.fi\\\/index.php\\\/jatkosota-etusivu\\\/jatkosodan-kertomukset\\\/\"},{\"@type\":\"ListItem\",\"position\":4,\"name\":\"Sotatoimet\",\"item\":\"https:\\\/\\\/veteraanienperinto.fi\\\/index.php\\\/jatkosota-etusivu\\\/jatkosodan-kertomukset\\\/sotatoimet\\\/\"},{\"@type\":\"ListItem\",\"position\":5,\"name\":\"Suurtaistelut\",\"item\":\"https:\\\/\\\/veteraanienperinto.fi\\\/index.php\\\/jatkosota-etusivu\\\/jatkosodan-kertomukset\\\/sotatoimet\\\/suurtaistelut\\\/\"},{\"@type\":\"ListItem\",\"position\":6,\"name\":\"Panssarit Portinhoikassa\"}]},{\"@type\":\"WebSite\",\"@id\":\"https:\\\/\\\/veteraanienperinto.fi\\\/#website\",\"url\":\"https:\\\/\\\/veteraanienperinto.fi\\\/\",\"name\":\"Veteraanien Perint\u00f6\",\"description\":\"Kadettikunta\",\"potentialAction\":[{\"@type\":\"SearchAction\",\"target\":{\"@type\":\"EntryPoint\",\"urlTemplate\":\"https:\\\/\\\/veteraanienperinto.fi\\\/?s={search_term_string}\"},\"query-input\":{\"@type\":\"PropertyValueSpecification\",\"valueRequired\":true,\"valueName\":\"search_term_string\"}}],\"inLanguage\":\"fi\"}]}<\/script>\n<!-- \/ Yoast SEO plugin. -->","yoast_head_json":{"title":"Panssarit Portinhoikassa - Veteraanien Perint\u00f6","robots":{"index":"index","follow":"follow","max-snippet":"max-snippet:-1","max-image-preview":"max-image-preview:large","max-video-preview":"max-video-preview:-1"},"canonical":"https:\/\/veteraanienperinto.fi\/index.php\/jatkosota-etusivu\/jatkosodan-kertomukset\/sotatoimet\/suurtaistelut\/panssarit-portinhoikassa\/","og_locale":"fi_FI","og_type":"article","og_title":"Panssarit Portinhoikassa - Veteraanien Perint\u00f6","og_url":"https:\/\/veteraanienperinto.fi\/index.php\/jatkosota-etusivu\/jatkosodan-kertomukset\/sotatoimet\/suurtaistelut\/panssarit-portinhoikassa\/","og_site_name":"Veteraanien Perint\u00f6","article_modified_time":"2020-12-15T17:13:44+00:00","og_image":[{"url":"https:\/\/veteraanienperinto.fi\/wp-content\/uploads\/2020\/12\/sturm.jpg","type":"","width":"","height":""}],"twitter_card":"summary_large_image","twitter_misc":{"Arvioitu lukuaika":"8 minuuttia"},"schema":{"@context":"https:\/\/schema.org","@graph":[{"@type":"WebPage","@id":"https:\/\/veteraanienperinto.fi\/index.php\/jatkosota-etusivu\/jatkosodan-kertomukset\/sotatoimet\/suurtaistelut\/panssarit-portinhoikassa\/","url":"https:\/\/veteraanienperinto.fi\/index.php\/jatkosota-etusivu\/jatkosodan-kertomukset\/sotatoimet\/suurtaistelut\/panssarit-portinhoikassa\/","name":"Panssarit Portinhoikassa - Veteraanien Perint\u00f6","isPartOf":{"@id":"https:\/\/veteraanienperinto.fi\/#website"},"primaryImageOfPage":{"@id":"https:\/\/veteraanienperinto.fi\/index.php\/jatkosota-etusivu\/jatkosodan-kertomukset\/sotatoimet\/suurtaistelut\/panssarit-portinhoikassa\/#primaryimage"},"image":{"@id":"https:\/\/veteraanienperinto.fi\/index.php\/jatkosota-etusivu\/jatkosodan-kertomukset\/sotatoimet\/suurtaistelut\/panssarit-portinhoikassa\/#primaryimage"},"thumbnailUrl":"https:\/\/veteraanienperinto.fi\/wp-content\/uploads\/2020\/12\/sturm.jpg","datePublished":"2020-09-01T11:31:22+00:00","dateModified":"2020-12-15T17:13:44+00:00","breadcrumb":{"@id":"https:\/\/veteraanienperinto.fi\/index.php\/jatkosota-etusivu\/jatkosodan-kertomukset\/sotatoimet\/suurtaistelut\/panssarit-portinhoikassa\/#breadcrumb"},"inLanguage":"fi","potentialAction":[{"@type":"ReadAction","target":["https:\/\/veteraanienperinto.fi\/index.php\/jatkosota-etusivu\/jatkosodan-kertomukset\/sotatoimet\/suurtaistelut\/panssarit-portinhoikassa\/"]}]},{"@type":"ImageObject","inLanguage":"fi","@id":"https:\/\/veteraanienperinto.fi\/index.php\/jatkosota-etusivu\/jatkosodan-kertomukset\/sotatoimet\/suurtaistelut\/panssarit-portinhoikassa\/#primaryimage","url":"https:\/\/veteraanienperinto.fi\/wp-content\/uploads\/2020\/12\/sturm.jpg","contentUrl":"https:\/\/veteraanienperinto.fi\/wp-content\/uploads\/2020\/12\/sturm.jpg","width":300,"height":191,"caption":"Saksasta tulleita rynn\u00e4kk\u00f6tykkej\u00e4 saapumisparaatissa"},{"@type":"BreadcrumbList","@id":"https:\/\/veteraanienperinto.fi\/index.php\/jatkosota-etusivu\/jatkosodan-kertomukset\/sotatoimet\/suurtaistelut\/panssarit-portinhoikassa\/#breadcrumb","itemListElement":[{"@type":"ListItem","position":1,"name":"Etusivu","item":"https:\/\/veteraanienperinto.fi\/index.php\/etusivu-2\/"},{"@type":"ListItem","position":2,"name":"Jatkosota &#8211; etusivu","item":"https:\/\/veteraanienperinto.fi\/index.php\/jatkosota-etusivu\/"},{"@type":"ListItem","position":3,"name":"Jatkosodan kertomukset","item":"https:\/\/veteraanienperinto.fi\/index.php\/jatkosota-etusivu\/jatkosodan-kertomukset\/"},{"@type":"ListItem","position":4,"name":"Sotatoimet","item":"https:\/\/veteraanienperinto.fi\/index.php\/jatkosota-etusivu\/jatkosodan-kertomukset\/sotatoimet\/"},{"@type":"ListItem","position":5,"name":"Suurtaistelut","item":"https:\/\/veteraanienperinto.fi\/index.php\/jatkosota-etusivu\/jatkosodan-kertomukset\/sotatoimet\/suurtaistelut\/"},{"@type":"ListItem","position":6,"name":"Panssarit Portinhoikassa"}]},{"@type":"WebSite","@id":"https:\/\/veteraanienperinto.fi\/#website","url":"https:\/\/veteraanienperinto.fi\/","name":"Veteraanien Perint\u00f6","description":"Kadettikunta","potentialAction":[{"@type":"SearchAction","target":{"@type":"EntryPoint","urlTemplate":"https:\/\/veteraanienperinto.fi\/?s={search_term_string}"},"query-input":{"@type":"PropertyValueSpecification","valueRequired":true,"valueName":"search_term_string"}}],"inLanguage":"fi"}]}},"_links":{"self":[{"href":"https:\/\/veteraanienperinto.fi\/index.php\/wp-json\/wp\/v2\/pages\/2445","targetHints":{"allow":["GET"]}}],"collection":[{"href":"https:\/\/veteraanienperinto.fi\/index.php\/wp-json\/wp\/v2\/pages"}],"about":[{"href":"https:\/\/veteraanienperinto.fi\/index.php\/wp-json\/wp\/v2\/types\/page"}],"author":[{"embeddable":true,"href":"https:\/\/veteraanienperinto.fi\/index.php\/wp-json\/wp\/v2\/users\/2"}],"replies":[{"embeddable":true,"href":"https:\/\/veteraanienperinto.fi\/index.php\/wp-json\/wp\/v2\/comments?post=2445"}],"version-history":[{"count":3,"href":"https:\/\/veteraanienperinto.fi\/index.php\/wp-json\/wp\/v2\/pages\/2445\/revisions"}],"predecessor-version":[{"id":8122,"href":"https:\/\/veteraanienperinto.fi\/index.php\/wp-json\/wp\/v2\/pages\/2445\/revisions\/8122"}],"up":[{"embeddable":true,"href":"https:\/\/veteraanienperinto.fi\/index.php\/wp-json\/wp\/v2\/pages\/2213"}],"wp:attachment":[{"href":"https:\/\/veteraanienperinto.fi\/index.php\/wp-json\/wp\/v2\/media?parent=2445"}],"curies":[{"name":"wp","href":"https:\/\/api.w.org\/{rel}","templated":true}]}}