{"id":2448,"date":"2020-09-01T11:32:48","date_gmt":"2020-09-01T11:32:48","guid":{"rendered":"https:\/\/veteraani.ylirotu.fi\/?page_id=2448"},"modified":"2020-12-15T17:16:17","modified_gmt":"2020-12-15T17:16:17","slug":"talin-ja-ihantalan-taistelu","status":"publish","type":"page","link":"https:\/\/veteraanienperinto.fi\/index.php\/jatkosota-etusivu\/jatkosodan-kertomukset\/sotatoimet\/suurtaistelut\/talin-ja-ihantalan-taistelu\/","title":{"rendered":"Talin ja Ihantalan taistelu"},"content":{"rendered":"\n<style type=\"text\/css\" data-created_by=\"avia_inline_auto\" id=\"style-css-av-av_heading-41af5e4eb8a822c389186ab8870b6d84\">\n#top .av-special-heading.av-av_heading-41af5e4eb8a822c389186ab8870b6d84{\npadding-bottom:5px;\n}\nbody .av-special-heading.av-av_heading-41af5e4eb8a822c389186ab8870b6d84 .av-special-heading-tag .heading-char{\nfont-size:25px;\n}\n.av-special-heading.av-av_heading-41af5e4eb8a822c389186ab8870b6d84 .av-subheading{\nfont-size:15px;\n}\n<\/style>\n<div  class='av-special-heading av-av_heading-41af5e4eb8a822c389186ab8870b6d84 av-special-heading-h3  avia-builder-el-0  avia-builder-el-no-sibling '><h3 class='av-special-heading-tag'  itemprop=\"headline\"  >Talin ja Ihantalan taistelu<\/h3><div class=\"special-heading-border\"><div class=\"special-heading-inner-border\"><\/div><\/div><\/div>\n<section  class='av_textblock_section av-kei9w74n-7b0f008125a778f48432b9a614d90d0f '   itemscope=\"itemscope\" itemtype=\"https:\/\/schema.org\/CreativeWork\" ><div class='avia_textblock'  itemprop=\"text\" ><p><strong>Korpraali E. Vilpas:<\/strong><\/p>\n<p>Talin ja Ihantalan taistelut olivat kovinta sotaa, mit\u00e4 olen kokenut. Vaikka haavoituinkin jo 23.6.44, joten en kovimpia taisteluja kokenut, vihollister\u00e4st\u00e4 tuli niskaamme niin paljon, kuin ilmaan mahtui.<\/p>\n<p>Sit\u00e4 tuli sek\u00e4 lentokoneista ett\u00e4 vihollisen kaikenlaisista putkista. Olimme tykkimme kanssa asemassa Konkkalanvuorten etel\u00e4puolella etulinjassa kiv\u00e4\u00e4rimiesten tasalla. Edess\u00e4mme aukenivat Talin aukeat, muun muassa Talinjoen silta, jonka ylitykset meid\u00e4n oli estett\u00e4v\u00e4. Kavereina olivat ylikersantti Toivo Vintola Akaasta ja panssarimies Rahikainen.<\/p>\n<p>Maan sis\u00e4\u00e4n ei juuri p\u00e4\u00e4ssyt. Olimme saaneet rakennetuksi jonkinlaiset suojat, joiden takana makasimme. Ymp\u00e4rill\u00e4mme oli valtava r\u00e4iske ja rytin\u00e4. Mielin katsomaan, onko tykkimme s\u00e4ilynyt ampumakunnossa. Sy\u00f6ksyin tykin luo ja totesin sen olevan toimintavalmis. Sy\u00f6ksyin takaisin l\u00e4hell\u00e4 olevaan poteroon. Julma roiske jatkui, kuoleman roiske. \u00c4kki\u00e4 ik\u00e4\u00e4n kuin jonkun k\u00e4skem\u00e4n\u00e4 sy\u00f6ksyin Vintolan toisella puolen olevaan tyhj\u00e4\u00e4n poteroon. K\u00e4sky ja sy\u00f6ksy olivat oikeat, sill\u00e4 hetken p\u00e4\u00e4st\u00e4 entiseen poterooni tuli t\u00e4ysosuma.<\/p>\n<p>Suojakivetkin olivat lent\u00e4neet n\u00e4kym\u00e4tt\u00f6miin. Olin t\u00e4ten pelastunut yliluonnollisen vaiston avulla. Samasta rys\u00e4yksest\u00e4 sain kuitenkin sirpaleen selk\u00e4\u00e4ni. Nousin v\u00e4h\u00e4n tunnustelemaan, kuinka k\u00e4vi. Samassa tuli uusi t\u00e4r\u00e4ys selk\u00e4\u00e4ni. Huusin Vintolalle, kuinka k\u00e4vi. Vintola kehotti pysym\u00e4\u00e4n montussa uskoen keskityksen pian helpottuvan. Verta vuoti kovasti. P\u00e4\u00e4tin l\u00e4hte\u00e4 v\u00e4h\u00e4n taaempana olevaan toisten tykkimiesten suojapaikkaan. Siell\u00e4 tykin johtaja alik. Virtanen tutki ja sitoi selk\u00e4ni. Tuli l\u00e4ht\u00f6 taakse p\u00e4in. Laguksen joukkojen Jsp:n kautta alkoi toinen t\u00e4m\u00e4n sodan sairaalamatkani.&#8221;<\/p>\n<p>Korpr Erkki Vilpas sai kaksi kertaa I lk:n Vapaudenmitalin sek\u00e4 IV lk:n vapaudenristin tammenlehv\u00e4n kera ja keuhkonsa riekaleiksi. Kova soturi.<\/p>\n<p><em>&#8221;Kun taistelimme Talin &#8211; Ihantalan maastossa pataljoonamme tunnettiin numerolla III\/JR 48. Olin edelleen Siukosaaren komppaniassa. Aika oli kovaa. Ei sit\u00e4 osaa kuvailla, eik\u00e4 sit\u00e4 n\u00e4in ollen tied\u00e4 muut kuin mukana olleet. Rautaa tuli sek\u00e4 suoralla ett\u00e4 v\u00e4\u00e4r\u00e4ll\u00e4 suuntauksella taivaan t\u00e4ydelt\u00e4, maasta ja lentokoneista. Ellei itselleen monttua y\u00f6n aikana saanut kaivetuksi, oli varmaa, ettei sit\u00e4 seuraavana y\u00f6n\u00e4 en\u00e4\u00e4 kyennyt kaivamaan. Haudankaivajalla oli t\u00f6it\u00e4.&#8221;<\/em><\/p>\n<p>N\u00e4in kertoi Arvo Niemi, komppaniassa sodan alusta alkaen heilunut soturi, konepistoolimies ja ryhm\u00e4njohtaja. Loppukahinoissa h\u00e4n oli joukkueen varajohtaja.<\/p>\n<p>Siukosaaren komppania oli alistettu majuri Lariselle. Er.P 28 komentajalle, entisen Turkan pataljoonalle. Olimme olleet jo useita vuorokausia asemassa nukkumatta, sy\u00f6m\u00e4tt\u00e4 ja tiet\u00e4m\u00e4tt\u00e4 mist\u00e4\u00e4n muusta mit\u00e4\u00e4n kuin siit\u00e4 kauheasta sotajyr\u00e4st\u00e4, joka riehui ymp\u00e4rill\u00e4mme. Nyt hy\u00f6kk\u00e4\u00e4j\u00e4n\u00e4 toimiva it\u00e4inen naapurimme tuntui olevan eritt\u00e4in pahalla tuulella, kun ei p\u00e4\u00e4ssyt eteenp\u00e4in. Se kohdisti koko sotakoneistonsa tulen asemiimme. Kun sitten viel\u00e4 ilmestyi &#8221;Stalinin urut&#8221; eli &#8221;hehtaaripyssyt&#8221; , jotka sylkiv\u00e4t kidastaan ensin mahdottoman lieskan ja sitten heti asemiimme suuren m\u00e4\u00e4r\u00e4n kranaatteja, alkoi ruumiillisen v\u00e4symyksen rinnalle ilmesty\u00e4 henkinen alemmuus.<\/p>\n<p>Siukosaari ja Syrj\u00e4sen Kalle olivat niit\u00e4 miehi\u00e4, jotka eiv\u00e4t juuri montunkaivuuta itselleen j\u00e4rjest\u00e4neet eiv\u00e4tk\u00e4 koko asiasta paljoakaan perustelleet. Meit\u00e4 pari kaveria oli kaivanut kahdelle sopivan montun suuren kiven taakse. Kun aamulla alkoi tulla rautaa kuin kaatamalla, hypp\u00e4simme monttuumme. Silloin Siukosaarellekin monttu kelpasi ja h\u00e4n hypp\u00e4si sinne p\u00e4\u00e4lleni. Suuri perse tulla m\u00f6tk\u00e4hti naamalleni, enk\u00e4 voinut hengitt\u00e4\u00e4. Nipistin ja taisin purrakin Siukoa persemuksiin, jolloin h\u00e4n v\u00e4h\u00e4n k\u00e4\u00e4ntyi niin, ett\u00e4 sain raittiimpaakin ilmaa.<\/p>\n<p>Arvo Niemi jatkoi: <em>&#8221;Kyll\u00e4 tuli maj Larisellekin er\u00e4\u00e4n\u00e4 aamup\u00e4iv\u00e4n\u00e4 kiire. Ensin h\u00e4n sanoi paikan olevan komentopaikkansa, josta h\u00e4n ei saa l\u00e4hte\u00e4. Mutta sitten tuli kaksi h\u00e4nen pataljoonansa voimakasta luutnanttia. He ottivat kainaloista. Kyll\u00e4 Larisenkin tukikeppi alkoi vipelt\u00e4\u00e4, kun h\u00e4n n\u00e4ki laumoittain ruskeatakkisia noin 150 metrin p\u00e4\u00e4ss\u00e4 hy\u00f6kk\u00e4\u00e4v\u00e4n. Keppi\u00e4 Larinen joutui k\u00e4ytt\u00e4m\u00e4\u00e4n aikaisemman haavoittumisensa takia.&#8221;<\/em><\/p>\n<\/div><\/section>\n<section  class='av_textblock_section av-26nu8o-de7b19f6a4ff4a85782c022ea993fc53 '   itemscope=\"itemscope\" itemtype=\"https:\/\/schema.org\/CreativeWork\" ><div class='avia_textblock'  itemprop=\"text\" ><p>0<\/p>\n<\/div><\/section>\n","protected":false},"excerpt":{"rendered":"","protected":false},"author":2,"featured_media":0,"parent":2213,"menu_order":1,"comment_status":"closed","ping_status":"closed","template":"","meta":{"footnotes":""},"class_list":["post-2448","page","type-page","status-publish","hentry"],"yoast_head":"<!-- This site is optimized with the Yoast SEO plugin v27.6 - https:\/\/yoast.com\/product\/yoast-seo-wordpress\/ -->\n<title>Talin ja Ihantalan taistelu - Veteraanien Perint\u00f6<\/title>\n<meta name=\"robots\" content=\"index, follow, max-snippet:-1, max-image-preview:large, max-video-preview:-1\" \/>\n<link rel=\"canonical\" href=\"https:\/\/veteraanienperinto.fi\/index.php\/jatkosota-etusivu\/jatkosodan-kertomukset\/sotatoimet\/suurtaistelut\/talin-ja-ihantalan-taistelu\/\" \/>\n<meta property=\"og:locale\" content=\"fi_FI\" \/>\n<meta property=\"og:type\" content=\"article\" \/>\n<meta property=\"og:title\" content=\"Talin ja Ihantalan taistelu - Veteraanien Perint\u00f6\" \/>\n<meta property=\"og:url\" content=\"https:\/\/veteraanienperinto.fi\/index.php\/jatkosota-etusivu\/jatkosodan-kertomukset\/sotatoimet\/suurtaistelut\/talin-ja-ihantalan-taistelu\/\" \/>\n<meta property=\"og:site_name\" content=\"Veteraanien Perint\u00f6\" \/>\n<meta property=\"article:modified_time\" content=\"2020-12-15T17:16:17+00:00\" \/>\n<meta name=\"twitter:card\" content=\"summary_large_image\" \/>\n<meta name=\"twitter:label1\" content=\"Arvioitu lukuaika\" \/>\n\t<meta name=\"twitter:data1\" content=\"4 minuuttia\" \/>\n<script type=\"application\/ld+json\" class=\"yoast-schema-graph\">{\"@context\":\"https:\\\/\\\/schema.org\",\"@graph\":[{\"@type\":\"WebPage\",\"@id\":\"https:\\\/\\\/veteraanienperinto.fi\\\/index.php\\\/jatkosota-etusivu\\\/jatkosodan-kertomukset\\\/sotatoimet\\\/suurtaistelut\\\/talin-ja-ihantalan-taistelu\\\/\",\"url\":\"https:\\\/\\\/veteraanienperinto.fi\\\/index.php\\\/jatkosota-etusivu\\\/jatkosodan-kertomukset\\\/sotatoimet\\\/suurtaistelut\\\/talin-ja-ihantalan-taistelu\\\/\",\"name\":\"Talin ja Ihantalan taistelu - Veteraanien Perint\u00f6\",\"isPartOf\":{\"@id\":\"https:\\\/\\\/veteraanienperinto.fi\\\/#website\"},\"datePublished\":\"2020-09-01T11:32:48+00:00\",\"dateModified\":\"2020-12-15T17:16:17+00:00\",\"breadcrumb\":{\"@id\":\"https:\\\/\\\/veteraanienperinto.fi\\\/index.php\\\/jatkosota-etusivu\\\/jatkosodan-kertomukset\\\/sotatoimet\\\/suurtaistelut\\\/talin-ja-ihantalan-taistelu\\\/#breadcrumb\"},\"inLanguage\":\"fi\",\"potentialAction\":[{\"@type\":\"ReadAction\",\"target\":[\"https:\\\/\\\/veteraanienperinto.fi\\\/index.php\\\/jatkosota-etusivu\\\/jatkosodan-kertomukset\\\/sotatoimet\\\/suurtaistelut\\\/talin-ja-ihantalan-taistelu\\\/\"]}]},{\"@type\":\"BreadcrumbList\",\"@id\":\"https:\\\/\\\/veteraanienperinto.fi\\\/index.php\\\/jatkosota-etusivu\\\/jatkosodan-kertomukset\\\/sotatoimet\\\/suurtaistelut\\\/talin-ja-ihantalan-taistelu\\\/#breadcrumb\",\"itemListElement\":[{\"@type\":\"ListItem\",\"position\":1,\"name\":\"Etusivu\",\"item\":\"https:\\\/\\\/veteraanienperinto.fi\\\/index.php\\\/etusivu-2\\\/\"},{\"@type\":\"ListItem\",\"position\":2,\"name\":\"Jatkosota &#8211; etusivu\",\"item\":\"https:\\\/\\\/veteraanienperinto.fi\\\/index.php\\\/jatkosota-etusivu\\\/\"},{\"@type\":\"ListItem\",\"position\":3,\"name\":\"Jatkosodan kertomukset\",\"item\":\"https:\\\/\\\/veteraanienperinto.fi\\\/index.php\\\/jatkosota-etusivu\\\/jatkosodan-kertomukset\\\/\"},{\"@type\":\"ListItem\",\"position\":4,\"name\":\"Sotatoimet\",\"item\":\"https:\\\/\\\/veteraanienperinto.fi\\\/index.php\\\/jatkosota-etusivu\\\/jatkosodan-kertomukset\\\/sotatoimet\\\/\"},{\"@type\":\"ListItem\",\"position\":5,\"name\":\"Suurtaistelut\",\"item\":\"https:\\\/\\\/veteraanienperinto.fi\\\/index.php\\\/jatkosota-etusivu\\\/jatkosodan-kertomukset\\\/sotatoimet\\\/suurtaistelut\\\/\"},{\"@type\":\"ListItem\",\"position\":6,\"name\":\"Talin ja Ihantalan taistelu\"}]},{\"@type\":\"WebSite\",\"@id\":\"https:\\\/\\\/veteraanienperinto.fi\\\/#website\",\"url\":\"https:\\\/\\\/veteraanienperinto.fi\\\/\",\"name\":\"Veteraanien Perint\u00f6\",\"description\":\"Kadettikunta\",\"potentialAction\":[{\"@type\":\"SearchAction\",\"target\":{\"@type\":\"EntryPoint\",\"urlTemplate\":\"https:\\\/\\\/veteraanienperinto.fi\\\/?s={search_term_string}\"},\"query-input\":{\"@type\":\"PropertyValueSpecification\",\"valueRequired\":true,\"valueName\":\"search_term_string\"}}],\"inLanguage\":\"fi\"}]}<\/script>\n<!-- \/ Yoast SEO plugin. -->","yoast_head_json":{"title":"Talin ja Ihantalan taistelu - Veteraanien Perint\u00f6","robots":{"index":"index","follow":"follow","max-snippet":"max-snippet:-1","max-image-preview":"max-image-preview:large","max-video-preview":"max-video-preview:-1"},"canonical":"https:\/\/veteraanienperinto.fi\/index.php\/jatkosota-etusivu\/jatkosodan-kertomukset\/sotatoimet\/suurtaistelut\/talin-ja-ihantalan-taistelu\/","og_locale":"fi_FI","og_type":"article","og_title":"Talin ja Ihantalan taistelu - Veteraanien Perint\u00f6","og_url":"https:\/\/veteraanienperinto.fi\/index.php\/jatkosota-etusivu\/jatkosodan-kertomukset\/sotatoimet\/suurtaistelut\/talin-ja-ihantalan-taistelu\/","og_site_name":"Veteraanien Perint\u00f6","article_modified_time":"2020-12-15T17:16:17+00:00","twitter_card":"summary_large_image","twitter_misc":{"Arvioitu lukuaika":"4 minuuttia"},"schema":{"@context":"https:\/\/schema.org","@graph":[{"@type":"WebPage","@id":"https:\/\/veteraanienperinto.fi\/index.php\/jatkosota-etusivu\/jatkosodan-kertomukset\/sotatoimet\/suurtaistelut\/talin-ja-ihantalan-taistelu\/","url":"https:\/\/veteraanienperinto.fi\/index.php\/jatkosota-etusivu\/jatkosodan-kertomukset\/sotatoimet\/suurtaistelut\/talin-ja-ihantalan-taistelu\/","name":"Talin ja Ihantalan taistelu - Veteraanien Perint\u00f6","isPartOf":{"@id":"https:\/\/veteraanienperinto.fi\/#website"},"datePublished":"2020-09-01T11:32:48+00:00","dateModified":"2020-12-15T17:16:17+00:00","breadcrumb":{"@id":"https:\/\/veteraanienperinto.fi\/index.php\/jatkosota-etusivu\/jatkosodan-kertomukset\/sotatoimet\/suurtaistelut\/talin-ja-ihantalan-taistelu\/#breadcrumb"},"inLanguage":"fi","potentialAction":[{"@type":"ReadAction","target":["https:\/\/veteraanienperinto.fi\/index.php\/jatkosota-etusivu\/jatkosodan-kertomukset\/sotatoimet\/suurtaistelut\/talin-ja-ihantalan-taistelu\/"]}]},{"@type":"BreadcrumbList","@id":"https:\/\/veteraanienperinto.fi\/index.php\/jatkosota-etusivu\/jatkosodan-kertomukset\/sotatoimet\/suurtaistelut\/talin-ja-ihantalan-taistelu\/#breadcrumb","itemListElement":[{"@type":"ListItem","position":1,"name":"Etusivu","item":"https:\/\/veteraanienperinto.fi\/index.php\/etusivu-2\/"},{"@type":"ListItem","position":2,"name":"Jatkosota &#8211; etusivu","item":"https:\/\/veteraanienperinto.fi\/index.php\/jatkosota-etusivu\/"},{"@type":"ListItem","position":3,"name":"Jatkosodan kertomukset","item":"https:\/\/veteraanienperinto.fi\/index.php\/jatkosota-etusivu\/jatkosodan-kertomukset\/"},{"@type":"ListItem","position":4,"name":"Sotatoimet","item":"https:\/\/veteraanienperinto.fi\/index.php\/jatkosota-etusivu\/jatkosodan-kertomukset\/sotatoimet\/"},{"@type":"ListItem","position":5,"name":"Suurtaistelut","item":"https:\/\/veteraanienperinto.fi\/index.php\/jatkosota-etusivu\/jatkosodan-kertomukset\/sotatoimet\/suurtaistelut\/"},{"@type":"ListItem","position":6,"name":"Talin ja Ihantalan taistelu"}]},{"@type":"WebSite","@id":"https:\/\/veteraanienperinto.fi\/#website","url":"https:\/\/veteraanienperinto.fi\/","name":"Veteraanien Perint\u00f6","description":"Kadettikunta","potentialAction":[{"@type":"SearchAction","target":{"@type":"EntryPoint","urlTemplate":"https:\/\/veteraanienperinto.fi\/?s={search_term_string}"},"query-input":{"@type":"PropertyValueSpecification","valueRequired":true,"valueName":"search_term_string"}}],"inLanguage":"fi"}]}},"_links":{"self":[{"href":"https:\/\/veteraanienperinto.fi\/index.php\/wp-json\/wp\/v2\/pages\/2448","targetHints":{"allow":["GET"]}}],"collection":[{"href":"https:\/\/veteraanienperinto.fi\/index.php\/wp-json\/wp\/v2\/pages"}],"about":[{"href":"https:\/\/veteraanienperinto.fi\/index.php\/wp-json\/wp\/v2\/types\/page"}],"author":[{"embeddable":true,"href":"https:\/\/veteraanienperinto.fi\/index.php\/wp-json\/wp\/v2\/users\/2"}],"replies":[{"embeddable":true,"href":"https:\/\/veteraanienperinto.fi\/index.php\/wp-json\/wp\/v2\/comments?post=2448"}],"version-history":[{"count":3,"href":"https:\/\/veteraanienperinto.fi\/index.php\/wp-json\/wp\/v2\/pages\/2448\/revisions"}],"predecessor-version":[{"id":8125,"href":"https:\/\/veteraanienperinto.fi\/index.php\/wp-json\/wp\/v2\/pages\/2448\/revisions\/8125"}],"up":[{"embeddable":true,"href":"https:\/\/veteraanienperinto.fi\/index.php\/wp-json\/wp\/v2\/pages\/2213"}],"wp:attachment":[{"href":"https:\/\/veteraanienperinto.fi\/index.php\/wp-json\/wp\/v2\/media?parent=2448"}],"curies":[{"name":"wp","href":"https:\/\/api.w.org\/{rel}","templated":true}]}}