{"id":2451,"date":"2020-09-01T11:34:22","date_gmt":"2020-09-01T11:34:22","guid":{"rendered":"https:\/\/veteraani.ylirotu.fi\/?page_id=2451"},"modified":"2020-12-15T17:18:09","modified_gmt":"2020-12-15T17:18:09","slug":"rajajaakareita-talin-suurtaisteluissa","status":"publish","type":"page","link":"https:\/\/veteraanienperinto.fi\/index.php\/jatkosota-etusivu\/jatkosodan-kertomukset\/sotatoimet\/suurtaistelut\/rajajaakareita-talin-suurtaisteluissa\/","title":{"rendered":"Rajaj\u00e4\u00e4k\u00e4reit\u00e4 Talin suurtaisteluissa"},"content":{"rendered":"\n<style type=\"text\/css\" data-created_by=\"avia_inline_auto\" id=\"style-css-av-av_heading-18aa04d4fcbb48ad79a05faefadbb3f0\">\n#top .av-special-heading.av-av_heading-18aa04d4fcbb48ad79a05faefadbb3f0{\npadding-bottom:5px;\n}\nbody .av-special-heading.av-av_heading-18aa04d4fcbb48ad79a05faefadbb3f0 .av-special-heading-tag .heading-char{\nfont-size:25px;\n}\n.av-special-heading.av-av_heading-18aa04d4fcbb48ad79a05faefadbb3f0 .av-subheading{\nfont-size:15px;\n}\n<\/style>\n<div  class='av-special-heading av-av_heading-18aa04d4fcbb48ad79a05faefadbb3f0 av-special-heading-h3  avia-builder-el-0  avia-builder-el-no-sibling '><h3 class='av-special-heading-tag'  itemprop=\"headline\"  >Rajaj\u00e4\u00e4k\u00e4reit\u00e4 Talin suurtaisteluissa<\/h3><div class=\"special-heading-border\"><div class=\"special-heading-inner-border\"><\/div><\/div><\/div>\n<section  class='av_textblock_section av-kei9w74n-7b0f008125a778f48432b9a614d90d0f '   itemscope=\"itemscope\" itemtype=\"https:\/\/schema.org\/CreativeWork\" ><div class='avia_textblock'  itemprop=\"text\" ><p><strong>Tuovi Pasuri:<\/strong><\/p>\n<p>Viivytystaisteluja k\u00e4yden oli Rajaj\u00e4\u00e4k\u00e4ripataljoona 2 (RajajP 2) kes\u00e4kuun puoliv\u00e4liss\u00e4 1944 vet\u00e4ytynyt Lempaalasta Raudun Kirjasalon &#8211; Valkj\u00e4rven kautta \u00c4yr\u00e4p\u00e4\u00e4h\u00e4n. Vuoksen ylitys tapahtui sy\u00f6ksyveneill\u00e4 kes\u00e4kuun 19. pn\u00e4. Nopeasti h\u00e4ivyimme rantalepikkoihin miten parhaiten p\u00e4\u00e4simme, sill\u00e4 olivathan jalat monen p\u00e4iv\u00e4n marssimisesta hankautuneet rakoille.<\/p>\n<p>Varsinkin pikataival Pasurinkankaalta Salmenkaidalle isketti kipin\u00f6it\u00e4 silmiin, koska noin 6 kilometrin alkumatka suoritettiin mars-mars-tahdissa pitkin maantien ojia vihollisen tykkitulessa. T\u00e4m\u00e4 palkkioksi siit\u00e4, ett\u00e4 olimme nelj\u00e4n tunnin ajan viivytt\u00e4neet vihollista Vuoksen etel\u00e4puolella linjalla Korpioja-Marjaniemi ja torjuneet sen monet vimmatut panssarivaunujenkin tukemat hy\u00f6kk\u00e4ykset.<\/p>\n<p>Mielihyvin otimme vastaan tiedon, ett\u00e4 ensimm\u00e4inen rajakomppaniamme saa majoittua Vuoksenrannan Taljalan kyl\u00e4\u00e4n. Saavuttuamme kyl\u00e4\u00e4n komppanian p\u00e4\u00e4llikk\u00f6, kapteeni Bruno F. Tiainen antoi k\u00e4skyn laittaa saunat l\u00e4mpi\u00e4m\u00e4\u00e4n. Turvallisuussyist\u00e4 majoituimme telttoihin mets\u00e4\u00e4n.<\/p>\n<p>Nyt oli aikaa lepoon ja varusteiden huoltoon. Elimme oikein lihapatojen \u00e4\u00e4ress\u00e4. Vasikoita ja lampaita juoksenteli laitumilla, niit\u00e4 teurastimme v\u00e4lipaloiksi, kun taas &#8221;t\u00f6pin\u00e4&#8221; piti huolen, ett\u00e4 kyl\u00e4n porsaat jalostettiin kentt\u00e4keitti\u00f6n kautta koko komppanian hyvinvoinnin turvaamiseksi. Sai siin\u00e4 kahinassa antaa henkens\u00e4 is\u00e4nmaan hyv\u00e4ksi Taljalan sonniosuuskunnan komea sonnikin.<\/p>\n<p>Lepomme jatkui kes\u00e4kuun 25. p\u00e4iv\u00e4\u00e4n saakka. Mutta sitten k\u00e4\u00e4ntyi levy. Pataljoona sai py\u00f6r\u00e4t, ja marssi kohden Ihantalaa alkoi.<\/p>\n<p>Seuraavana p\u00e4iv\u00e4n\u00e4 26.6. komppaniamme oli Ihantalassa maastoutuneena maantien varteen. Odottelimme k\u00e4sky\u00e4 siirty\u00e4 hy\u00f6kk\u00e4ysasemiin.<\/p>\n<p>Edest\u00e4 kuului katkeamaton taistelujen melske. Lentokoneet kiersiv\u00e4t hullunmylly\u00e4\u00e4n. N\u00e4kyi palavana alas sy\u00f6ksyvi\u00e4 koneita ja laskuvarjojen varassa killuvia lent\u00e4ji\u00e4. Stukat sy\u00f6ksyiv\u00e4t kuin helminauha alas taivaalta, pudottivat pommikuormansa ja puiden latvojen tasalta vetiv\u00e4t moottorit ulvoen takaisin tukikohtaansa. Mielialaa nostattavia eiv\u00e4t olleet maantien n\u00e4kym\u00e4t: haavoittuneita &#8211; haavoittuneita &#8211; likaisia, parroittuneita, silvottuja miehi\u00e4 autoissa, hevosajoneuvoissa ja k\u00e4velem\u00e4ss\u00e4. Tuijotin maantielle, ja taisivat siin\u00e4 jo k\u00e4v\u00e4ist\u00e4 vakavammat i\u00e4isyysasiat mieless\u00e4.<\/p>\n<p>P\u00e4iv\u00e4 kului toiminnan suunnittelussa ja hy\u00f6kk\u00e4yksen j\u00e4rjestelyss\u00e4 Ihantalan-Talinmyllyn tien maastosta Leitimoj\u00e4rven suuntaan. Tilanteessa sattuneiden muutosten takia ei pataljoonan varsinainen hy\u00f6kk\u00e4ys kuitenkaan viel\u00e4 26.6. p\u00e4\u00e4ssyt alkamaan.<\/p>\n<p>Kes\u00e4kuun 27. p\u00e4iv\u00e4\u00e4n kello 14 menness\u00e4 olimme siirtyneet hy\u00f6kk\u00e4ysvalmiusasemiin Nurmilammen kohdalle, ja komppanian p\u00e4\u00e4llikk\u00f6 antoi k\u00e4skyns\u00e4. &#8211; H-hetki on 14.30. Teht\u00e4v\u00e4n\u00e4mme on vallata edess\u00e4 aukean takana n\u00e4kyv\u00e4 mets\u00e4inen m\u00e4ki (Piste 33). Oikealla hy\u00f6kk\u00e4\u00e4 2. komppania. Tykist\u00f6 ja raskas heitin antavat tuli-iskun, sen j\u00e4lkeen on meid\u00e4n vuoromme.&#8221;<\/p>\n<p>Lyhytt\u00e4 tulivalmistelua seurasi hy\u00f6kk\u00e4ys kello 15. Sy\u00f6ksyimme pelloIle. Ehdin siin\u00e4 vilkaista sivuilleni. Niin pitk\u00e4lti kuin n\u00e4kyi, liikkui suomalaista kentt\u00e4harmaata. Oli se uljas n\u00e4ky! Saimme rauhassa jatkaa juoksuamme noin 300 m levyisen aukean puoliv\u00e4liin. Mutta sitten aukaisi vihollinen &#8221;pellit&#8221; ja menomme pys\u00e4htyi. Aloimme kaivautua.<\/p>\n<p>Kohdalleni oli sattunut ruispelto. Mieless\u00e4ni v\u00e4l\u00e4hti: olen ainakin n\u00e4k\u00f6suojassa. Mutta sitten niitti luotisuihku ylitseni. Rukiin t\u00e4hki\u00e4 tippui niskaani. Aarteen arvoiselta tuntui silloin kentt\u00e4lapio. Kuinka ahneesti siin\u00e4 pistelink\u00e4\u00e4n pehme\u00e4\u00e4 maata valliksi itseni ja vihollisen v\u00e4liin. Samalla my\u00f6s sijoittelin ammuslaatikkoa vallin p\u00e4\u00e4lle. Kun oli saanut syntym\u00e4\u00e4n ampumakuopan makuulta, tuli k\u00e4sky l\u00e4hte\u00e4 liikkeelle.<br \/>\nLuutnantti V\u00e4\u00e4n\u00e4nen oli joukkueensa kanssa sattunut etenem\u00e4\u00e4n pellolle pist\u00e4v\u00e4\u00e4n mets\u00e4niemekkeeseen, p\u00e4\u00e4ssyt siin\u00e4 mets\u00e4n suojassa rynn\u00e4kk\u00f6et\u00e4isyydelle ja pist\u00e4nyt tuulemaan.<\/p>\n<p>Hurjasti karjuen ja &#8221;hakkaa p\u00e4\u00e4lle&#8221; huutaen sy\u00f6ksyimme yl\u00f6s, &#8211; ja kuin ihmeen kautta selviytyi joukkueemme aukean yli ilman tappioita. Yhten\u00e4 syyn\u00e4 onnistumiseemme oli se, ett\u00e4 vihollinen joutui korkealta m\u00e4elt\u00e4 ampumaan meit\u00e4 pistemaaleina. Mitk\u00e4 olisivatkaan olleet tappiomme, jos ne kuusi konekiv\u00e4\u00e4ri\u00e4, jotka komppaniamme kaistalla vallattiin, olisivat pystyneet ampumaan laakatulta. Voiton huumassa jatkoimme takaa-ajoa, kunnes jossakin sivustassa hy\u00f6kk\u00e4ys juuttui vihollisen vastarinnan takia kiinni, eik\u00e4 meid\u00e4nk\u00e4\u00e4n keskustassa auttanut edet\u00e4. J\u00e4lleen lapiot esille ja monttua kaivamaan.<\/p>\n<p>Vihollinen piiskasi maastoa tykist\u00f6ll\u00e4\u00e4n. Sammal p\u00f6ll\u00e4hteli ja puiden oksat karisivat luotisuihkuista, emmek\u00e4 en\u00e4\u00e4 v\u00e4lttyneet tappioiltakaan. Silloin t\u00e4ll\u00f6in kulki turman viesti pitkin ketjua poterosta toiseen kertoen aseveljien kaatumisesta taistelun jatkuessa iltaan saakka. Jokaisen miehen poistuminen tuntui pistona rinnassa, oltiinhan asemasodan p\u00e4ivin\u00e4 vuosien mittaan tutustuttu niin hyvin, ett\u00e4 tunnettiin kiintymyst\u00e4 toisiimme. Tiesimme my\u00f6s toistemme perhesuhteista ja kotioloista paljonkin, ja nyt miehi\u00e4 kannettiin toisensa j\u00e4lkeen taaemmaksi kuusien suojaan.<\/p>\n<p>Kes\u00e4kuun 28. p\u00e4iv\u00e4st\u00e4 kehittyi oikea karuselli. Tykist\u00f6 pieksi maastoa jatkuvasti. Maataistelukoneet tulittivat ilmasta asemiamme, hy\u00f6kk\u00e4simme ja torjuimme. Luovutimme v\u00e4lill\u00e4 asemamme er\u00e4\u00e4n jalkav\u00e4kirykmentin komppanialle. Muutimme suuntaa ja hy\u00f6kk\u00e4simme, kunnes haavoittuneita kuljettaneet l\u00e4\u00e4kint\u00e4miehet totesivat, ett\u00e4 paluutie oli poikki. Asemamme saaneen komppanian rintama oli murrettu ja se oli vet\u00e4ytynyt nelisen kilometri\u00e4. Emme ehtineet saada per\u00e4ytymisk\u00e4sky\u00e4, olimme motissa. Silloin talonpoikaisp\u00e4\u00e4llikk\u00f6mme Tiainen antoi kompassilukeman ja m\u00e4\u00e4r\u00e4si H-hetken. Taisteluvahvuutemme oli 106 miest\u00e4, joten raskaan veron oli komppaniamme saanut maksaa jo t\u00e4h\u00e4n menness\u00e4.<\/p>\n<p>Heikon jalkav\u00e4kiaseiden tulivalmistelun j\u00e4lkeen rynt\u00e4simme p\u00e4in vihollisen asemia. Ehditty\u00e4mme rynn\u00e4kk\u00f6et\u00e4isyydelle alettiin edess\u00e4 olevista asemista huutaa: \u00e4lk\u00e4\u00e4 ampuko, t\u00e4\u00e4ll\u00e4 on oma ketju!<\/p>\n<p>Lopulta k\u00e4sitimme, mit\u00e4 asemista huudettiin, ja lopetimme ampumisen. Mutta silloin tuo &#8221;orna ketju&#8221; avasikin tulen ia t\u00e4m\u00e4 juoni maksoi monen rajaj\u00e4\u00e4k\u00e4rin hengen. &#8211; Hirmuisesti alkoi t\u00e4m\u00e4n j\u00e4lkeen talonpoikaisp\u00e4\u00e4llikk\u00f6 Tiainen kiljua:<\/p>\n<p>&#8211; Eteenp\u00e4in! P\u00e4\u00e4lle!<\/p>\n<p>Kuin hornan henget rynt\u00e4simme yl\u00f6s. Nyt ei meit\u00e4 voinut mik\u00e4\u00e4n pid\u00e4tt\u00e4\u00e4. Edess\u00e4 oleva vihollisen ketju murtui. Kuin lammaslauma alkoi vastustaja paeta. Jouduimme aukealle pellolle, ja siin\u00e4 moni kaatui ennen mets\u00e4n reunaa. T\u00e4ss\u00e4 ryt\u00e4k\u00e4ss\u00e4 hajaantui komppaniamme kahtia. Toinen osa juoksi yli aukean -toisen maastoutuessa pellolla olevaan mets\u00e4iseen saarekkeeseen. Olin j\u00e4lkimm\u00e4isess\u00e4 ryhm\u00e4ss\u00e4, jossa meit\u00e4 oli j\u00e4ljell\u00e4 19, kaksi vaikeasti haavoittunutta, kaksi lievemmin, ja luutnantti J\u00e4rvinen oli miesryhm\u00e4ss\u00e4mme ainoana upseerina. Varmistimme saarekkeen, sidoimme haavoittuneet, ja pari miest\u00e4 l\u00e4hti ry\u00f6mim\u00e4\u00e4n mets\u00e4\u00e4 kohti. Todettuaan sen vapaaksi vihollisista he antoivat merkin, ja niin painui joukkueemme mets\u00e4n k\u00e4tk\u00f6ihin. Nyt p\u00e4\u00e4timme l\u00e4hte\u00e4 etsim\u00e4\u00e4n sellaista kohtaa, miss\u00e4 vihollisella ei viel\u00e4 olisi miehityst\u00e4.<\/p>\n<p>Matkamme jatkui tihe\u00e4ss\u00e4 hakamaastossa karjapolkua pitkin. Olin siin\u00e4 polulla ensimm\u00e4isen\u00e4, ja luutnantti muutaman metrin j\u00e4ljess\u00e4ni. Jatkuvasti saimme kyyristell\u00e4 taipuneitten oksien alitse. Kun taas er\u00e4\u00e4n oksan v\u00e4istetty\u00e4ni nostinp\u00e4\u00e4ni yl\u00f6s, edess\u00e4ni seisoi kolmimiehinen vihollisen partio, kaikkien konepistoolit suunnattuna minua kohti. Tapaaminen oli yll\u00e4tys puolin ja toisin. Tuijotimme toisiamme muutaman ohikiit\u00e4v\u00e4n hetken. En viel\u00e4k\u00e4\u00e4n oikein tied\u00e4, miten sitten kiv\u00e4\u00e4rini pamahti. Siin\u00e4 silm\u00e4nr\u00e4p\u00e4yksess\u00e4 hypp\u00e4si partio polulta mets\u00e4\u00e4n. Tein latausotteen &#8211; kiv\u00e4\u00e4rini sy\u00f6tt\u00f6kotelo oli tyhj\u00e4. Sitten vasta muistin, ett\u00e4 olin ottanut kaatuneelta viholliselta kiv\u00e4\u00e4rin, kun konepistoolistani olivat patruunat loppuneet. Mitk\u00e4 olisivatkaan olleet seuraukset, jos he olisivat saaneet aloitteen!<\/p>\n<p>&#8211; Mit\u00e4 te siell\u00e4 roiskitte? kuului takaamme.<\/p>\n<p>&#8211; Laukesi vain vahingossa, vastasi luutnantti.<\/p>\n<p>Niin jatkoimme kulkuamme kuin ei mit\u00e4\u00e4n olisi tapahtunut, ja pian olimme t\u00f6rm\u00e4t\u00e4 suoraan vihollisen leiriin. Kun sakea lehtimets\u00e4 loppui, alkoi m\u00e4nnikk\u00f6inen m\u00e4enrinne, jossa seisoi edess\u00e4mme useita telttoja, ja ukkoja kuhisi ymp\u00e4rill\u00e4 kuin muurahaisia. Onneksi he eiv\u00e4t meit\u00e4 huomanneet.<\/p>\n<p>Otimme heti uuden suunnan jyrk\u00e4sti oikealle. Aikamme harhailtuamme tulimme pienen peltoaukean reunaan. Siin\u00e4 t\u00e4hystelimme ja totesimme miehityksen pellon takana. P\u00e4\u00e4timme kiert\u00e4\u00e4 mets\u00e4iseen kohtaan pellon p\u00e4\u00e4h\u00e4n ja painua rynn\u00e4k\u00f6ll\u00e4 l\u00e4pi. Mutta ylikersantti Tani sai kiikariinsa suomalaisen alikersantin kauluslaatan, joka n\u00e4kyi aidan raosta. Tutkimme sit\u00e4 ja lopulta p\u00e4\u00e4timme kysy\u00e4, keit\u00e4 ovat olijat pellon takana. J\u00e4rvinen huusi:<\/p>\n<p>&#8211; Ket\u00e4 siell\u00e4 on?<\/p>\n<p>&#8211; Omia, vastattiin sielt\u00e4.<\/p>\n<p>&#8211; Tulkaa n\u00e4kyviin!<\/p>\n<p>&#8211; Ei me tulla, tulkaa te!<\/p>\n<p>&#8211; Ei me tulla! huusi J\u00e4rvinen vastaan.<\/p>\n<p>&#8211; Jos olette omia, tulkaa pois!<\/p>\n<p>&#8211; Omia t\u00e4\u00e4ll\u00e4 on, kuului huutoja pitkin ketjua.<\/p>\n<p>Nyt uskoimme. Hurraten sy\u00f6ksyimme pellolle ja omien miesten luo.<\/p>\n<p>Haavoittuneet saatiin sairasajoneuvoihin, saimme ruokaa ja p\u00e4\u00e4simme nukkumaan noin 50 metrin p\u00e4\u00e4h\u00e4n -ketjun taakse, ison kiven suojaan.<\/p>\n<p>Kolme tuntia nukuttuani her\u00e4sin. Minua ravisteltiin yl\u00f6s. Her\u00e4tys tuli koko joukollemme, joka nyt oli kuivunut 15 mieheksi.<\/p>\n<p>&#8211; Niin pojat, sellainen on m\u00e4\u00e4r\u00e4ys, ett\u00e4 rajaj\u00e4\u00e4k\u00e4reist\u00e4 pit\u00e4\u00e4 saada partio, selitti luutnantti J\u00e4rvinen. Teht\u00e4v\u00e4n\u00e4 on tutkia tuo kukkula ja t\u00e4hyst\u00e4\u00e4 liikennett\u00e4 tuolla tiell\u00e4 &#8211; H\u00e4n n\u00e4ytti niit\u00e4 kartasta.<\/p>\n<p>&#8211; Mutta voi viet\u00e4v\u00e4, sielt\u00e4h\u00e4n juuri tulimme! innostui joku.<\/p>\n<p>&#8211; Niin, yritin kyll\u00e4 selitt\u00e4\u00e4, ett\u00e4 olemme olleet kaksi vuorokautta yht\u00e4 painoa tappelemassa ilman unta ja ruokaa, mutta k\u00e4sky tuli sellaiselta herralta, jolla oli iso nappi kauluksessa. En m\u00e4\u00e4r\u00e4\u00e4 ket\u00e4\u00e4n, mutta viisi miest\u00e4 pit\u00e4isi saada kasaan, ja min\u00e4 olen numero yksi, sanoi J\u00e4rvinen.<\/p>\n<p>&#8211; Ja min\u00e4 kakkonen, lis\u00e4sin puolinukuksissa.<\/p>\n<p>Vapaaehtoiset l\u00f6ytyiv\u00e4t, saimme konepistoolit, t\u00e4ytimme lippaat ja l\u00e4hdimme tarpomaan &#8221;ei kenenk\u00e4\u00e4n maalle&#8221;. Retkemme onnistui hyvin ja palasimme ehjin\u00e4 takaisin teht\u00e4v\u00e4mme suoritettuamme.<\/p>\n<p>Kes\u00e4kuun 29. p\u00e4iv\u00e4n iltana jouduimme vet\u00e4ytym\u00e4\u00e4n. Yhdyimme omaan komppaniaamme, jonka vahvuus oli silloin 29 miest\u00e4. J\u00e4lleen johti kapteeni Tiainen j\u00e4\u00e4k\u00e4reit\u00e4\u00e4n.<\/p>\n<p>Taistelut raivosivat ankarina. Vihollinen heitti panssareita tuleen. Muutamat saksalaisten rynn\u00e4kk\u00f6tykit eiv\u00e4t niille voineet mit\u00e4\u00e4n, vaikka komppaniamme panssarintorjuntamiehet tekiv\u00e4t oikein urakkat\u00f6it\u00e4 tuhoten toistakymment\u00e4 34 tonnin vaunua. Er\u00e4s torjuntamiehemme, korpraali Ville V\u00e4is\u00e4nen tuhosi t\u00e4n\u00e4 p\u00e4iv\u00e4n\u00e4 8 vihollisen panssarivaunua. H\u00e4n sai uroty\u00f6st\u00e4\u00e4n nimityksen Mannerheim-ristin ritariksi, mutta kaatui samana iltana.<\/p>\n<p>Vihdoin saimme m\u00e4\u00e4r\u00e4yksen l\u00e4hte\u00e4 lepoon ja olimme menossa noin 300 metrin p\u00e4\u00e4ss\u00e4. asemien takana, kun ketjuun j\u00e4\u00e4neet joukot valtasi panssarikauhu, koska asemissa risteili silloin kymmenkunta vihollisen hy\u00f6kk\u00e4ysvaunua. Hurjasti juosten he tavoittivat pienen joukkomme. Siin\u00e4 sitten yhdess\u00e4 talsimme rintamasta taaksep\u00e4in.<\/p>\n<p>T\u00e4ss\u00e4 vaiheessa olivat jo kaikki komppaniamme upseerit haavoittuneet luutnantti J\u00e4rvist\u00e4 lukuun ottamatta. Kapteeni Tiaisen p\u00e4\u00e4n sidoin juuri ennen irtaantumistamme. Silloin ilmestyi tielle pakenevan joukon eteen er\u00e4s majuri hurjasti huutaen mink\u00e4 keuhkot kestiv\u00e4t:<\/p>\n<p>&#8211; Mihin helvettiin te oikein menette?! Vitjaan joka mies! Ei siell\u00e4 ole kuin muutama h\u00f6\u00f6kivaunu ja joku hullu ukko niiden mukana. Vitjaan vaan!<\/p>\n<p>&#8211; Oletteko te aliupseeri? kysyi majuri J\u00e4rviselt\u00e4, joka oli heitt\u00e4nyt motissa ollessaan t\u00e4hdet mets\u00e4\u00e4n, mutta j\u00e4tt\u00e4nyt kuitenkin komentohihnan paikoilleen.<\/p>\n<p>&#8211; Olen luutnantti, herra majuri.<\/p>\n<p>&#8211; Ja mihink\u00e4s te oikein olitte menossa?<\/p>\n<p>&#8211; Herra majuri, saimme m\u00e4\u00e4r\u00e4yksen, ett\u00e4 p\u00e4\u00e4semme lepoon. Olemme kolme vuorokautta tapelleet yht\u00e4 painoa.<\/p>\n<p>&#8211; Ja mit\u00e4 porukkaa olette?<\/p>\n<p>&#8211; Rajaj\u00e4\u00e4k\u00e4reit\u00e4, herra majuri.<\/p>\n<p>&#8211; Suuriko on komppanianne vahvuus?<\/p>\n<p>&#8211; Kuusi miest\u00e4, herra majuri, vastasi J\u00e4rvinen viitaten meihin.<\/p>\n<p>&#8211; Ja kuka antoi teille luvan l\u00e4hte\u00e4?<\/p>\n<p>&#8211; Eversti, joka oli edess\u00e4.<\/p>\n<p>&#8211; jaa, jaa! Nyt ei m\u00e4\u00e4r\u00e4\u00e4 eversti, vaan is\u00e4nmaa ja kenraali, joka on tuolla, sanoi majuri ja heilautti pistooliaan mets\u00e4n reunaa kohden &#8211; Vitjaan vaan, joka ukko! L\u00e4het\u00e4n teille tiedon, milloin p\u00e4\u00e4sette lepoon.<\/p>\n<p>Majurin ja J\u00e4rvisen k\u00e4ym\u00e4n keskustelun aikana oli paikalle ker\u00e4\u00e4ntynyt suuri joukko miehi\u00e4 ja kaikki k\u00e4\u00e4ntyiv\u00e4t takaisin, rajaj\u00e4\u00e4k\u00e4rit muiden mukana. He miehittiv\u00e4t uudelleen montut, joista hetki sitten olivat l\u00e4hteneet. Vihollinenkin lopetti hy\u00f6kk\u00e4ilemisens\u00e4 sill\u00e4 kertaa.<\/p>\n<p>Nelj\u00e4n tunnin kuluttua kierteli majurin l\u00e4hetti ketjun takana ja huuteli:<\/p>\n<p>&#8211; Miss\u00e4 on rajaj\u00e4\u00e4k\u00e4rikomppania? P\u00e4\u00e4sette lepoon!<\/p>\n<p>Kuusi v\u00e4synytt\u00e4 miest\u00e4 nousi poteroistaan ja l\u00e4hti laahustamaan Kilpeenjoelle viev\u00e4\u00e4 maantiet\u00e4 Vastaan tuli lev\u00e4nneit\u00e4 joukkoja. Aurinko paistoi l\u00e4mpim\u00e4sti. Vihollisen tykist\u00f6 tulitti. Sen rautanyrkki jyskytti is\u00e4nmaamme portteja Ihantalassa.<\/p>\n<\/div><\/section>\n<section  class='av_textblock_section av-26nu8o-de7b19f6a4ff4a85782c022ea993fc53 '   itemscope=\"itemscope\" itemtype=\"https:\/\/schema.org\/CreativeWork\" ><div class='avia_textblock'  itemprop=\"text\" ><p>0<\/p>\n<\/div><\/section>\n","protected":false},"excerpt":{"rendered":"","protected":false},"author":2,"featured_media":0,"parent":2213,"menu_order":2,"comment_status":"closed","ping_status":"closed","template":"","meta":{"footnotes":""},"class_list":["post-2451","page","type-page","status-publish","hentry"],"yoast_head":"<!-- This site is optimized with the Yoast SEO plugin v27.4 - https:\/\/yoast.com\/product\/yoast-seo-wordpress\/ -->\n<title>Rajaj\u00e4\u00e4k\u00e4reit\u00e4 Talin suurtaisteluissa - Veteraanien Perint\u00f6<\/title>\n<meta name=\"robots\" content=\"index, follow, max-snippet:-1, max-image-preview:large, max-video-preview:-1\" \/>\n<link rel=\"canonical\" href=\"https:\/\/veteraanienperinto.fi\/index.php\/jatkosota-etusivu\/jatkosodan-kertomukset\/sotatoimet\/suurtaistelut\/rajajaakareita-talin-suurtaisteluissa\/\" \/>\n<meta property=\"og:locale\" content=\"fi_FI\" \/>\n<meta property=\"og:type\" content=\"article\" \/>\n<meta property=\"og:title\" content=\"Rajaj\u00e4\u00e4k\u00e4reit\u00e4 Talin suurtaisteluissa - Veteraanien Perint\u00f6\" \/>\n<meta property=\"og:url\" content=\"https:\/\/veteraanienperinto.fi\/index.php\/jatkosota-etusivu\/jatkosodan-kertomukset\/sotatoimet\/suurtaistelut\/rajajaakareita-talin-suurtaisteluissa\/\" \/>\n<meta property=\"og:site_name\" content=\"Veteraanien Perint\u00f6\" \/>\n<meta property=\"article:modified_time\" content=\"2020-12-15T17:18:09+00:00\" \/>\n<meta name=\"twitter:card\" content=\"summary_large_image\" \/>\n<meta name=\"twitter:label1\" content=\"Arvioitu lukuaika\" \/>\n\t<meta name=\"twitter:data1\" content=\"10 minuuttia\" \/>\n<script type=\"application\/ld+json\" class=\"yoast-schema-graph\">{\"@context\":\"https:\\\/\\\/schema.org\",\"@graph\":[{\"@type\":\"WebPage\",\"@id\":\"https:\\\/\\\/veteraanienperinto.fi\\\/index.php\\\/jatkosota-etusivu\\\/jatkosodan-kertomukset\\\/sotatoimet\\\/suurtaistelut\\\/rajajaakareita-talin-suurtaisteluissa\\\/\",\"url\":\"https:\\\/\\\/veteraanienperinto.fi\\\/index.php\\\/jatkosota-etusivu\\\/jatkosodan-kertomukset\\\/sotatoimet\\\/suurtaistelut\\\/rajajaakareita-talin-suurtaisteluissa\\\/\",\"name\":\"Rajaj\u00e4\u00e4k\u00e4reit\u00e4 Talin suurtaisteluissa - Veteraanien Perint\u00f6\",\"isPartOf\":{\"@id\":\"https:\\\/\\\/veteraanienperinto.fi\\\/#website\"},\"datePublished\":\"2020-09-01T11:34:22+00:00\",\"dateModified\":\"2020-12-15T17:18:09+00:00\",\"breadcrumb\":{\"@id\":\"https:\\\/\\\/veteraanienperinto.fi\\\/index.php\\\/jatkosota-etusivu\\\/jatkosodan-kertomukset\\\/sotatoimet\\\/suurtaistelut\\\/rajajaakareita-talin-suurtaisteluissa\\\/#breadcrumb\"},\"inLanguage\":\"fi\",\"potentialAction\":[{\"@type\":\"ReadAction\",\"target\":[\"https:\\\/\\\/veteraanienperinto.fi\\\/index.php\\\/jatkosota-etusivu\\\/jatkosodan-kertomukset\\\/sotatoimet\\\/suurtaistelut\\\/rajajaakareita-talin-suurtaisteluissa\\\/\"]}]},{\"@type\":\"BreadcrumbList\",\"@id\":\"https:\\\/\\\/veteraanienperinto.fi\\\/index.php\\\/jatkosota-etusivu\\\/jatkosodan-kertomukset\\\/sotatoimet\\\/suurtaistelut\\\/rajajaakareita-talin-suurtaisteluissa\\\/#breadcrumb\",\"itemListElement\":[{\"@type\":\"ListItem\",\"position\":1,\"name\":\"Etusivu\",\"item\":\"https:\\\/\\\/veteraanienperinto.fi\\\/index.php\\\/etusivu-2\\\/\"},{\"@type\":\"ListItem\",\"position\":2,\"name\":\"Jatkosota &#8211; etusivu\",\"item\":\"https:\\\/\\\/veteraanienperinto.fi\\\/index.php\\\/jatkosota-etusivu\\\/\"},{\"@type\":\"ListItem\",\"position\":3,\"name\":\"Jatkosodan kertomukset\",\"item\":\"https:\\\/\\\/veteraanienperinto.fi\\\/index.php\\\/jatkosota-etusivu\\\/jatkosodan-kertomukset\\\/\"},{\"@type\":\"ListItem\",\"position\":4,\"name\":\"Sotatoimet\",\"item\":\"https:\\\/\\\/veteraanienperinto.fi\\\/index.php\\\/jatkosota-etusivu\\\/jatkosodan-kertomukset\\\/sotatoimet\\\/\"},{\"@type\":\"ListItem\",\"position\":5,\"name\":\"Suurtaistelut\",\"item\":\"https:\\\/\\\/veteraanienperinto.fi\\\/index.php\\\/jatkosota-etusivu\\\/jatkosodan-kertomukset\\\/sotatoimet\\\/suurtaistelut\\\/\"},{\"@type\":\"ListItem\",\"position\":6,\"name\":\"Rajaj\u00e4\u00e4k\u00e4reit\u00e4 Talin suurtaisteluissa\"}]},{\"@type\":\"WebSite\",\"@id\":\"https:\\\/\\\/veteraanienperinto.fi\\\/#website\",\"url\":\"https:\\\/\\\/veteraanienperinto.fi\\\/\",\"name\":\"Veteraanien Perint\u00f6\",\"description\":\"Kadettikunta\",\"potentialAction\":[{\"@type\":\"SearchAction\",\"target\":{\"@type\":\"EntryPoint\",\"urlTemplate\":\"https:\\\/\\\/veteraanienperinto.fi\\\/?s={search_term_string}\"},\"query-input\":{\"@type\":\"PropertyValueSpecification\",\"valueRequired\":true,\"valueName\":\"search_term_string\"}}],\"inLanguage\":\"fi\"}]}<\/script>\n<!-- \/ Yoast SEO plugin. -->","yoast_head_json":{"title":"Rajaj\u00e4\u00e4k\u00e4reit\u00e4 Talin suurtaisteluissa - Veteraanien Perint\u00f6","robots":{"index":"index","follow":"follow","max-snippet":"max-snippet:-1","max-image-preview":"max-image-preview:large","max-video-preview":"max-video-preview:-1"},"canonical":"https:\/\/veteraanienperinto.fi\/index.php\/jatkosota-etusivu\/jatkosodan-kertomukset\/sotatoimet\/suurtaistelut\/rajajaakareita-talin-suurtaisteluissa\/","og_locale":"fi_FI","og_type":"article","og_title":"Rajaj\u00e4\u00e4k\u00e4reit\u00e4 Talin suurtaisteluissa - Veteraanien Perint\u00f6","og_url":"https:\/\/veteraanienperinto.fi\/index.php\/jatkosota-etusivu\/jatkosodan-kertomukset\/sotatoimet\/suurtaistelut\/rajajaakareita-talin-suurtaisteluissa\/","og_site_name":"Veteraanien Perint\u00f6","article_modified_time":"2020-12-15T17:18:09+00:00","twitter_card":"summary_large_image","twitter_misc":{"Arvioitu lukuaika":"10 minuuttia"},"schema":{"@context":"https:\/\/schema.org","@graph":[{"@type":"WebPage","@id":"https:\/\/veteraanienperinto.fi\/index.php\/jatkosota-etusivu\/jatkosodan-kertomukset\/sotatoimet\/suurtaistelut\/rajajaakareita-talin-suurtaisteluissa\/","url":"https:\/\/veteraanienperinto.fi\/index.php\/jatkosota-etusivu\/jatkosodan-kertomukset\/sotatoimet\/suurtaistelut\/rajajaakareita-talin-suurtaisteluissa\/","name":"Rajaj\u00e4\u00e4k\u00e4reit\u00e4 Talin suurtaisteluissa - Veteraanien Perint\u00f6","isPartOf":{"@id":"https:\/\/veteraanienperinto.fi\/#website"},"datePublished":"2020-09-01T11:34:22+00:00","dateModified":"2020-12-15T17:18:09+00:00","breadcrumb":{"@id":"https:\/\/veteraanienperinto.fi\/index.php\/jatkosota-etusivu\/jatkosodan-kertomukset\/sotatoimet\/suurtaistelut\/rajajaakareita-talin-suurtaisteluissa\/#breadcrumb"},"inLanguage":"fi","potentialAction":[{"@type":"ReadAction","target":["https:\/\/veteraanienperinto.fi\/index.php\/jatkosota-etusivu\/jatkosodan-kertomukset\/sotatoimet\/suurtaistelut\/rajajaakareita-talin-suurtaisteluissa\/"]}]},{"@type":"BreadcrumbList","@id":"https:\/\/veteraanienperinto.fi\/index.php\/jatkosota-etusivu\/jatkosodan-kertomukset\/sotatoimet\/suurtaistelut\/rajajaakareita-talin-suurtaisteluissa\/#breadcrumb","itemListElement":[{"@type":"ListItem","position":1,"name":"Etusivu","item":"https:\/\/veteraanienperinto.fi\/index.php\/etusivu-2\/"},{"@type":"ListItem","position":2,"name":"Jatkosota &#8211; etusivu","item":"https:\/\/veteraanienperinto.fi\/index.php\/jatkosota-etusivu\/"},{"@type":"ListItem","position":3,"name":"Jatkosodan kertomukset","item":"https:\/\/veteraanienperinto.fi\/index.php\/jatkosota-etusivu\/jatkosodan-kertomukset\/"},{"@type":"ListItem","position":4,"name":"Sotatoimet","item":"https:\/\/veteraanienperinto.fi\/index.php\/jatkosota-etusivu\/jatkosodan-kertomukset\/sotatoimet\/"},{"@type":"ListItem","position":5,"name":"Suurtaistelut","item":"https:\/\/veteraanienperinto.fi\/index.php\/jatkosota-etusivu\/jatkosodan-kertomukset\/sotatoimet\/suurtaistelut\/"},{"@type":"ListItem","position":6,"name":"Rajaj\u00e4\u00e4k\u00e4reit\u00e4 Talin suurtaisteluissa"}]},{"@type":"WebSite","@id":"https:\/\/veteraanienperinto.fi\/#website","url":"https:\/\/veteraanienperinto.fi\/","name":"Veteraanien Perint\u00f6","description":"Kadettikunta","potentialAction":[{"@type":"SearchAction","target":{"@type":"EntryPoint","urlTemplate":"https:\/\/veteraanienperinto.fi\/?s={search_term_string}"},"query-input":{"@type":"PropertyValueSpecification","valueRequired":true,"valueName":"search_term_string"}}],"inLanguage":"fi"}]}},"_links":{"self":[{"href":"https:\/\/veteraanienperinto.fi\/index.php\/wp-json\/wp\/v2\/pages\/2451","targetHints":{"allow":["GET"]}}],"collection":[{"href":"https:\/\/veteraanienperinto.fi\/index.php\/wp-json\/wp\/v2\/pages"}],"about":[{"href":"https:\/\/veteraanienperinto.fi\/index.php\/wp-json\/wp\/v2\/types\/page"}],"author":[{"embeddable":true,"href":"https:\/\/veteraanienperinto.fi\/index.php\/wp-json\/wp\/v2\/users\/2"}],"replies":[{"embeddable":true,"href":"https:\/\/veteraanienperinto.fi\/index.php\/wp-json\/wp\/v2\/comments?post=2451"}],"version-history":[{"count":4,"href":"https:\/\/veteraanienperinto.fi\/index.php\/wp-json\/wp\/v2\/pages\/2451\/revisions"}],"predecessor-version":[{"id":8127,"href":"https:\/\/veteraanienperinto.fi\/index.php\/wp-json\/wp\/v2\/pages\/2451\/revisions\/8127"}],"up":[{"embeddable":true,"href":"https:\/\/veteraanienperinto.fi\/index.php\/wp-json\/wp\/v2\/pages\/2213"}],"wp:attachment":[{"href":"https:\/\/veteraanienperinto.fi\/index.php\/wp-json\/wp\/v2\/media?parent=2451"}],"curies":[{"name":"wp","href":"https:\/\/api.w.org\/{rel}","templated":true}]}}