{"id":2457,"date":"2020-09-01T11:36:58","date_gmt":"2020-09-01T11:36:58","guid":{"rendered":"https:\/\/veteraani.ylirotu.fi\/?page_id=2457"},"modified":"2020-12-15T17:20:29","modified_gmt":"2020-12-15T17:20:29","slug":"viipurin-taistelun-jalkeen-kesalla-1944","status":"publish","type":"page","link":"https:\/\/veteraanienperinto.fi\/index.php\/jatkosota-etusivu\/jatkosodan-kertomukset\/sotatoimet\/suurtaistelut\/viipurin-taistelun-jalkeen-kesalla-1944\/","title":{"rendered":"Viipurin taistelun j\u00e4lkeen, kes\u00e4ll\u00e4 1944"},"content":{"rendered":"\n<style type=\"text\/css\" data-created_by=\"avia_inline_auto\" id=\"style-css-av-av_heading-cb1c0868f65354fdce6ecd0d718810d2\">\n#top .av-special-heading.av-av_heading-cb1c0868f65354fdce6ecd0d718810d2{\npadding-bottom:5px;\n}\nbody .av-special-heading.av-av_heading-cb1c0868f65354fdce6ecd0d718810d2 .av-special-heading-tag .heading-char{\nfont-size:25px;\n}\n.av-special-heading.av-av_heading-cb1c0868f65354fdce6ecd0d718810d2 .av-subheading{\nfont-size:15px;\n}\n<\/style>\n<div  class='av-special-heading av-av_heading-cb1c0868f65354fdce6ecd0d718810d2 av-special-heading-h3  avia-builder-el-0  avia-builder-el-no-sibling '><h3 class='av-special-heading-tag'  itemprop=\"headline\"  >Viipurin taistelun j\u00e4lkeen, kes\u00e4ll\u00e4 1944<\/h3><div class=\"special-heading-border\"><div class=\"special-heading-inner-border\"><\/div><\/div><\/div>\n<section  class='av_textblock_section av-kei9w74n-7b0f008125a778f48432b9a614d90d0f '   itemscope=\"itemscope\" itemtype=\"https:\/\/schema.org\/CreativeWork\" ><div class='avia_textblock'  itemprop=\"text\" ><p><strong>Toivo Mustonen:<\/strong><\/p>\n<p>Viipurin taistelun j\u00e4lkeen, kes\u00e4ll\u00e4 1944, oli 20 Pr:n toinen pataljoona levossa Juustilan rintaman takana.<\/p>\n<p>Niinp\u00e4 oli pataljoonan viestijoukkueenkin teltta jyrk\u00e4n rinteen takana &#8221;turvassa&#8221;. Olin joukkueen varajohtaja, kersantti. Teltassamme oli kymmeni\u00e4 miehi\u00e4. Er\u00e4\u00e4n\u00e4 aamuna, kun her\u00e4ilimme, sanoi korpraali Virta, minua noin 15-vuotta vanhempi, kaikkien kuullen: &#8221;t\u00e4n\u00e4\u00e4n min\u00e4 haavoitun ja olkap\u00e4\u00e4h\u00e4n tulee peukalonkokoinen reik\u00e4&#8221;.<\/p>\n<p>Se ennustus unohtui my\u00f6hemmin p\u00e4iv\u00e4ll\u00e4 tulleiden muiden huolien tullessa. Mutta illalla se ennustus k\u00e4vi toteen, vain sill\u00e4 erotuksella, ett\u00e4 peukalonkokoinen reik\u00e4 tuli lonkkaan. Muita ei sin\u00e4 p\u00e4iv\u00e4n\u00e4 meid\u00e4n joukkueesta haavoittunut.<\/p>\n<p>Haavoittumista edelsi monta sattumaa. Aamup\u00e4iv\u00e4ll\u00e4 tuli m\u00e4\u00e4r\u00e4ys, ett\u00e4 joukkueen on l\u00e4hdett\u00e4v\u00e4 kaivamaan taisteluhautaa. Ja niin l\u00e4hdettiin, joukkueenjohtajaa lukuun ottamatta. Min\u00e4 johdin siis joukkuetta. A.o. korpraali kulki polulla, minua noin viisi metri\u00e4 edell\u00e4. Silloin tuli noin 10 metri\u00e4 meist\u00e4 savukranaatti, huomasin, ett\u00e4 korpraali vavahti normaalia enemm\u00e4n, muisti kai unen. Ei k\u00e4ynyt kuinkaan.<\/p>\n<p>Taisteluhautaa kaivettiin muutama tunti. Er\u00e4s sotamies alkoi valittamaan kuumettaan. V\u00e4h\u00e4n ep\u00e4ilin mutta otin sen todesta, koska sotamies oli rohkea ja rehti. Ty\u00f6t lopetettiin ja l\u00e4hdettiin paluumatkalle. V\u00e4lill\u00e4 join er\u00e4\u00e4st\u00e4 purosta vett\u00e4 ja ajattelin, ett\u00e4 kai j\u00e4ljemp\u00e4n\u00e4 olevat auttavat, jos kuumeinen ei jaksa k\u00e4vell\u00e4.<\/p>\n<p>Mutta yll\u00e4tys, yll\u00e4tys. Halttunen, se oli sotilaan nimi, ei tullutkaan telttaan, kun jo muut olivat saapuneet. Aloimme huolestua. Meni v\u00e4h\u00e4n aikaa, kun joku etsi ja haparoi telttaa, tulija ei l\u00f6yt\u00e4nyt teltan oviaukkoa. Menin ulos ja siell\u00e4h\u00e4n se Halttunen oli. Nyt l\u00f6ytyi oviaukko ja Halttunen p\u00e4\u00e4si pitk\u00e4lleen. H\u00e4n oli kovassa kuumeessa. Heitimme Halttusen p\u00e4\u00e4lle mantteleitamme. H\u00e4n vavahteli. Halttunen laitettiin paareille. Minun ei tarvinnut m\u00e4\u00e4r\u00e4t\u00e4 kantajia, oli vapaaehtoisia, mm. korpraali Virta ilmoitti ensimm\u00e4isen\u00e4 olevansa valmis kantajaksi. Hiin l\u00e4hti Halttunen kantajineen kohti JSp:t\u00e4. Me muut j\u00e4imme teltalle.<\/p>\n<p>Jonkin ajan kuluttua kuului JSp:n suunnalta, joka sijaitsi noin 200-300 metrin p\u00e4\u00e4ss\u00e4 teltastamme, raskaiden kranaattien r\u00e4j\u00e4hdyksi\u00e4. Pian sen j\u00e4lkeen tuli sotamies ja ilmoitti Virran haavoittuneen ja vet\u00e4ytyneen johonkin kuoppaan. Niin toteutui uni vuorokauden viimeisill\u00e4 tunneilla.<\/p>\n<p>Seuraavana p\u00e4iv\u00e4n\u00e4 tuli m\u00e4\u00e4r\u00e4ys, ett\u00e4 pataljoona siirtyy etulinjaan. Viestijoukkueen oli my\u00f6s purettava telttansa. Ennen l\u00e4ht\u00f6\u00e4 tuli hevosmies, sotamies, luokseni ja sanoi: &#8221;Herra kersantti, saisinko min\u00e4 j\u00e4\u00e4d\u00e4 t\u00e4nne hevosia hoitamaan?&#8221;. Mies oli noin 15 vuotta minua vanhempi. Ei minua oltu herroiteltu pitk\u00e4\u00e4n aikaan. Se, tai jokin muu vaikutti, ett\u00e4 mies sai j\u00e4\u00e4d\u00e4 hevostensa luo.<\/p>\n<p>Taas min\u00e4 sain l\u00e4hte\u00e4 joukkuetta vet\u00e4m\u00e4\u00e4n linjoille p\u00e4in. V\u00e4nrikki tiesi hyvin sen, ett\u00e4 kun min\u00e4 vien joukkueen m\u00e4\u00e4r\u00e4np\u00e4\u00e4h\u00e4n, h\u00e4n voi yksin luikkia turvallisemmin per\u00e4st\u00e4. Joukkueen vihollinen havaitsee paremmin.<\/p>\n<p>Kun saavuimme Juustilan kyl\u00e4\u00e4n, ei ollut ihme, ett\u00e4 er\u00e4s sotamies otti suunnan kotirintamalle p\u00e4in. H\u00e4n ampui jossain jalkaansa ja sai tuomion: 15 vuotta kuritushuonetta. Maantiell\u00e4 oli kaatuneita pylv\u00e4it\u00e4 puhelinlankoineen, oli r\u00e4j\u00e4ht\u00e4m\u00e4tt\u00f6mi\u00e4 rakettiammuksia, oli verinen villapaita ja kanavassa yl\u00f6salaisin panssarivaunu. Kanavan puusein\u00e4t paloivat. Kun p\u00e4\u00e4simme kanavan yli, kohosi mets\u00e4n yl\u00e4puolelle ryss\u00e4n t\u00e4hystyspallo. Ei kulunut kuin hetki, kun alkoi sataa kranaatteja. P\u00e4\u00e4simme suojaan er\u00e4\u00e4n talon kellariin, se oli ainoa, mit\u00e4 oli talosta j\u00e4\u00e4nyt j\u00e4ljelle.<\/p>\n<p>Kun kranaattituli hiljentyi, l\u00e4ksimme taapertamaan kohti linjoja. Kerran pys\u00e4hdyimme suojaiseen paikkaan. Ryss\u00e4 ampui kranaatteja. Se oli ihmeellist\u00e4, kun suuri osa oli suutareita, ne kimposivat jostain kalliosta. Niit\u00e4 oli kymmenitt\u00e4in.<\/p>\n<p>Viimein p\u00e4\u00e4simme perille paikkaan, johon v\u00e4nrikki oli m\u00e4\u00e4r\u00e4nnyt. Se oli mets\u00e4n keskell\u00e4. Maastossa oli paljon kranaattikuoppia. J\u00e4in istumaan m\u00e4tt\u00e4\u00e4n p\u00e4\u00e4lle, miehet ymp\u00e4rill\u00e4ni.&#8217;<\/p>\n<p>Jonkin ajan kuluttua saapui pataljoonan komentaja majuri B\u00e4ckman. Yritin nousta seisomaan tehd\u00e4kseni ilmoituksen mutta majuri painoi minua olkap\u00e4\u00e4st\u00e4 etten nousisi seisomaan. Sitten h\u00e4n meni istumaan meist\u00e4 noin kymmenen metrin p\u00e4\u00e4h\u00e4n kranaattikuopan reunalle, otti silm\u00e4lasit ja ryhtyi lukemaan Helsingin Sanomia.<\/p>\n<p>Kului parikymment\u00e4 minuuttia, kun esimieheni v\u00e4nrikki Matti Jokiniemi luikki paikalle. Majuri hypp\u00e4si yl\u00f6s ja sy\u00f6ksyi v\u00e4nrikin eteen ja haukkuminen alkoi. Majuri k\u00e4ytti koko ratsuv\u00e4en haukkumasanavaraston ja sanoi viimeiseksi: &#8221;Te ette ole kauan aikaa v\u00e4nrikki.&#8221; T\u00e4h\u00e4n minun on lis\u00e4tt\u00e4v\u00e4, ett\u00e4 v\u00e4nrikki oli laiminly\u00f6nyt tiedustella keskuksen paikan, yhteydet komppanioihin jne. V\u00e4nrikki oli kuuden \u00e4ll\u00e4n ylioppilas ja my\u00f6hemmin diplomi-insin\u00f6\u00f6ri. Kun n\u00e4ist\u00e4 alkuseremonioista oli selvitty, ryhdyimme kaivamaan poteroita ja vet\u00e4m\u00e4\u00e4n yhteyksi\u00e4.<\/p>\n<p>Uuden komentajan potero oli aivan l\u00e4hell\u00e4. Er\u00e4\u00e4n\u00e4 p\u00e4iv\u00e4n\u00e4 tuli takaa sotilas, vartiomies, mukanaan sotilaskarkuri. Pataljoonan komentaja kuulusteli miest\u00e4 ja kysyi l\u00e4hteek\u00f6 h\u00e4n eteen yksikk\u00f6\u00f6ns\u00e4. Mies sanoi hiljaisella \u00e4\u00e4nell\u00e4 ettei l\u00e4hde. &#8221;Viek\u00e4\u00e4 h\u00e4net pois&#8221;, ilmoitti komentaja. Samalla tuli paikalle kranaatteja ja komentaja hypp\u00e4si kuoppaansa mutta me kaikki j\u00e4imme seisomaan, my\u00f6s sotilaskarkuri. Komentaja oli nolon n\u00e4k\u00f6inen noustessaan kuopasta.<\/p>\n<p>Kun tein vikapartiovuorolistaa, oli vaikein linja Juustilankangas &#8211; Oravasaari. Meid\u00e4n olinpaikka ja keskus oli Juustilankankaalla. Oravasaareen l\u00e4hetettiin kaksi puhelinmiest\u00e4 vuorokaudeksi p\u00e4ivyst\u00e4m\u00e4\u00e4n vuoron per\u00e4\u00e4n. Minun ei ollut pakko l\u00e4hte\u00e4 Oravasaareen mutta kerran l\u00e4ksin, ettei ukkojen tarvinnut purnata. Otin kaveriksi sotamies Hynnisen, joka oli kova kommunisti. Oravasaari, kauhujen saari. Saari sijaitsee Ventel\u00e4nsel\u00e4ll\u00e4.<\/p>\n<p>on noin kahden kilometrin pituinen. Suomalaisten hallussa oli saaresta 1300 metrin pituinen pohjoisosa ja ven\u00e4l\u00e4isill\u00e4 noin 700 metrin pituinen etel\u00e4osa. Meno sinne tapahtui ensin k\u00e4vellen ja sitten veneell\u00e4. J\u00e4rvess\u00e4 n\u00e4kyi paljon kuolleita, m\u00e4t\u00e4nemistilassa olevia kaloja. P\u00e4\u00e4simme perille. Minulle n\u00e4ytettiin, miss\u00e4 voin nukkua seuraavan y\u00f6n. Paikka oli huvilarakennuksen lattian alla, katossa oli suuria ammusten tekemi\u00e4 reiki\u00e4. Edellisen\u00e4 p\u00e4iv\u00e4n\u00e4 siell\u00e4 oli kaatunut l\u00e4\u00e4kint\u00e4mies. Kaatunut oli my\u00f6s tukikohdan p\u00e4\u00e4llikk\u00f6, v\u00e4nr. Castren.<\/p>\n<p>Ei tarvinnut kauan odottaa, kun Juustilankankaan keskusmies joutui ilmoittamaan, ett\u00e4 yhteys Oravasaareen oli poikki. Tavallisin syy oli kranaatinheittimen kranaattituli. Kuului l\u00e4ht\u00f6laukaukset: pap, pap, pap. Oli pirullista odottaa, ett\u00e4 mihin ne iskev\u00e4t. Taisteluhaudat olivat samalla tasolla kuin potero huvilan alla ja ryssiin oli matkaa 50 metri\u00e4. Kun kranaatit olivat aikansa tippuneet, oli l\u00e4hdett\u00e4v\u00e4 korjaamaan tapseja. Tapsit olivat tavallisesti lyhyin\u00e4 p\u00e4tkin\u00e4, oli vain vedett\u00e4v\u00e4 uusi johto tilalle.<\/p>\n<p>T\u00e4llaista koko p\u00e4iv\u00e4: kranaattituli, tapsien korjaus ja juoksemista niin, ettei j\u00e4\u00e4nyt kranaatin alle.<\/p>\n<p>V\u00e4nrikki Castrenin kaatuminen tapahtui seuraavasti: Ennen kuin prikaatimme joutui l\u00e4htem\u00e4\u00e4n Syv\u00e4rilt\u00e4, oli tarkoituksena pit\u00e4\u00e4 ruotsinkielen kurssit niille, jotka sit\u00e4 halusivat. Kurssin opettajaksi tuli t\u00e4m\u00e4 v\u00e4nrikki Castren. Olin ensimm\u00e4isell\u00e4 tunnilla, joka j\u00e4i my\u00f6s viimeiseksi. Castren sanoi: &#8221;Jos majuri B\u00e4ckman ja Jumala suo, ett\u00e4 p\u00e4\u00e4sen k\u00e4ym\u00e4\u00e4n Helsingiss\u00e4, tuon oppikirjoja kurssille.&#8221; Kumpikaan ei suonut, vaan tuli l\u00e4ht\u00f6 Kannaksen suurtaisteluihin.<\/p>\n<p>Viipurin taistelu. V\u00e4nrikki Castren oli joukkueenjohtajana. H\u00e4nen joukkueensa kohdalla tapahtui repe\u00e4m\u00e4. Sotamies Mannelin huusi: &#8221;Irtautumisk\u00e4sky on annettu&#8221;. V\u00e4nrikki Castren uskoi siihen. Oliko Jumalan ohjaus, ett\u00e4 h\u00e4n kaatui Oravasaaressa. H\u00e4n olisi koko ik\u00e4ns\u00e4 k\u00e4rsinyt t\u00e4st\u00e4 tapauksesta, jos olisi el\u00e4nyt. Viipurin taistelu vaati uhreja: majuri B\u00e4ckman ampui itsens\u00e4, kapteeni Pohjola menetti komppaniansa ja v\u00e4nrikki Castren kaatui.<\/p>\n<p>J\u00e4lleen Oravasaareen. Juustilankankaan keskusmies sai usein ilmoittaa, ett\u00e4 yhteys Oravasaareen on poikki. Luulivat kai v\u00e4lill\u00e4, ett\u00e4 ryss\u00e4 on vallannut koko Oravasaaren. Y\u00f6t olivat saaressa vaikeita. Oli kaunis kes\u00e4aamu. Her\u00e4tykseksi ryss\u00e4 ampui kahdeksan tuumaisella suora-ammunnalla kovan paukun. Taas oli l\u00e4hdett\u00e4v\u00e4 tapseja korjaamaan.<\/p>\n<p>Ottaessamme koesoittoa, paukautti taas isopyssy, jolloin min\u00e4 sy\u00f6ksyin l\u00e4heiseen monttuun, jossa nukkui pari jalkav\u00e4kisotilasta. Eiv\u00e4t her\u00e4nneet. Kommunistisotamies rupesi haukkumaan, ett\u00e4 menin kuopassa olijat her\u00e4tt\u00e4m\u00e4\u00e4n. Hermot olivat kire\u00e4ll\u00e4. J\u00e4lleen aloin ottamaan koesoittoa, kun pamahti. Sotamies hypp\u00e4si puolestaan monttuun ja min\u00e4 j\u00e4in ottamaan koesoittoa. Min\u00e4 haukuin sotamiehen.<\/p>\n<p>Oravasaari oli kammottava paikka sik\u00e4likin, ett\u00e4 jos olisi joutunut per\u00e4\u00e4ntym\u00e4\u00e4n, olisi joutunut vesist\u00f6n ylitt\u00e4m\u00e4\u00e4n uimalla. Oravasaaressa oli suomalaisten hallussa 10 vuorokautta ven\u00e4l\u00e4inen sotavanki.<\/p>\n<\/div><\/section>\n<section  class='av_textblock_section av-26nu8o-de7b19f6a4ff4a85782c022ea993fc53 '   itemscope=\"itemscope\" itemtype=\"https:\/\/schema.org\/CreativeWork\" ><div class='avia_textblock'  itemprop=\"text\" ><p>0<\/p>\n<\/div><\/section>\n","protected":false},"excerpt":{"rendered":"","protected":false},"author":2,"featured_media":0,"parent":2213,"menu_order":4,"comment_status":"closed","ping_status":"closed","template":"","meta":{"footnotes":""},"class_list":["post-2457","page","type-page","status-publish","hentry"],"yoast_head":"<!-- This site is optimized with the Yoast SEO plugin v27.5 - https:\/\/yoast.com\/product\/yoast-seo-wordpress\/ -->\n<title>Viipurin taistelun j\u00e4lkeen, kes\u00e4ll\u00e4 1944 - Veteraanien Perint\u00f6<\/title>\n<meta name=\"robots\" content=\"index, follow, max-snippet:-1, max-image-preview:large, max-video-preview:-1\" \/>\n<link rel=\"canonical\" href=\"https:\/\/veteraanienperinto.fi\/index.php\/jatkosota-etusivu\/jatkosodan-kertomukset\/sotatoimet\/suurtaistelut\/viipurin-taistelun-jalkeen-kesalla-1944\/\" \/>\n<meta property=\"og:locale\" content=\"fi_FI\" \/>\n<meta property=\"og:type\" content=\"article\" \/>\n<meta property=\"og:title\" content=\"Viipurin taistelun j\u00e4lkeen, kes\u00e4ll\u00e4 1944 - Veteraanien Perint\u00f6\" \/>\n<meta property=\"og:url\" content=\"https:\/\/veteraanienperinto.fi\/index.php\/jatkosota-etusivu\/jatkosodan-kertomukset\/sotatoimet\/suurtaistelut\/viipurin-taistelun-jalkeen-kesalla-1944\/\" \/>\n<meta property=\"og:site_name\" content=\"Veteraanien Perint\u00f6\" \/>\n<meta property=\"article:modified_time\" content=\"2020-12-15T17:20:29+00:00\" \/>\n<meta name=\"twitter:card\" content=\"summary_large_image\" \/>\n<meta name=\"twitter:label1\" content=\"Arvioitu lukuaika\" \/>\n\t<meta name=\"twitter:data1\" content=\"7 minuuttia\" \/>\n<script type=\"application\/ld+json\" class=\"yoast-schema-graph\">{\"@context\":\"https:\\\/\\\/schema.org\",\"@graph\":[{\"@type\":\"WebPage\",\"@id\":\"https:\\\/\\\/veteraanienperinto.fi\\\/index.php\\\/jatkosota-etusivu\\\/jatkosodan-kertomukset\\\/sotatoimet\\\/suurtaistelut\\\/viipurin-taistelun-jalkeen-kesalla-1944\\\/\",\"url\":\"https:\\\/\\\/veteraanienperinto.fi\\\/index.php\\\/jatkosota-etusivu\\\/jatkosodan-kertomukset\\\/sotatoimet\\\/suurtaistelut\\\/viipurin-taistelun-jalkeen-kesalla-1944\\\/\",\"name\":\"Viipurin taistelun j\u00e4lkeen, kes\u00e4ll\u00e4 1944 - Veteraanien Perint\u00f6\",\"isPartOf\":{\"@id\":\"https:\\\/\\\/veteraanienperinto.fi\\\/#website\"},\"datePublished\":\"2020-09-01T11:36:58+00:00\",\"dateModified\":\"2020-12-15T17:20:29+00:00\",\"breadcrumb\":{\"@id\":\"https:\\\/\\\/veteraanienperinto.fi\\\/index.php\\\/jatkosota-etusivu\\\/jatkosodan-kertomukset\\\/sotatoimet\\\/suurtaistelut\\\/viipurin-taistelun-jalkeen-kesalla-1944\\\/#breadcrumb\"},\"inLanguage\":\"fi\",\"potentialAction\":[{\"@type\":\"ReadAction\",\"target\":[\"https:\\\/\\\/veteraanienperinto.fi\\\/index.php\\\/jatkosota-etusivu\\\/jatkosodan-kertomukset\\\/sotatoimet\\\/suurtaistelut\\\/viipurin-taistelun-jalkeen-kesalla-1944\\\/\"]}]},{\"@type\":\"BreadcrumbList\",\"@id\":\"https:\\\/\\\/veteraanienperinto.fi\\\/index.php\\\/jatkosota-etusivu\\\/jatkosodan-kertomukset\\\/sotatoimet\\\/suurtaistelut\\\/viipurin-taistelun-jalkeen-kesalla-1944\\\/#breadcrumb\",\"itemListElement\":[{\"@type\":\"ListItem\",\"position\":1,\"name\":\"Etusivu\",\"item\":\"https:\\\/\\\/veteraanienperinto.fi\\\/index.php\\\/etusivu-2\\\/\"},{\"@type\":\"ListItem\",\"position\":2,\"name\":\"Jatkosota &#8211; etusivu\",\"item\":\"https:\\\/\\\/veteraanienperinto.fi\\\/index.php\\\/jatkosota-etusivu\\\/\"},{\"@type\":\"ListItem\",\"position\":3,\"name\":\"Jatkosodan kertomukset\",\"item\":\"https:\\\/\\\/veteraanienperinto.fi\\\/index.php\\\/jatkosota-etusivu\\\/jatkosodan-kertomukset\\\/\"},{\"@type\":\"ListItem\",\"position\":4,\"name\":\"Sotatoimet\",\"item\":\"https:\\\/\\\/veteraanienperinto.fi\\\/index.php\\\/jatkosota-etusivu\\\/jatkosodan-kertomukset\\\/sotatoimet\\\/\"},{\"@type\":\"ListItem\",\"position\":5,\"name\":\"Suurtaistelut\",\"item\":\"https:\\\/\\\/veteraanienperinto.fi\\\/index.php\\\/jatkosota-etusivu\\\/jatkosodan-kertomukset\\\/sotatoimet\\\/suurtaistelut\\\/\"},{\"@type\":\"ListItem\",\"position\":6,\"name\":\"Viipurin taistelun j\u00e4lkeen, kes\u00e4ll\u00e4 1944\"}]},{\"@type\":\"WebSite\",\"@id\":\"https:\\\/\\\/veteraanienperinto.fi\\\/#website\",\"url\":\"https:\\\/\\\/veteraanienperinto.fi\\\/\",\"name\":\"Veteraanien Perint\u00f6\",\"description\":\"Kadettikunta\",\"potentialAction\":[{\"@type\":\"SearchAction\",\"target\":{\"@type\":\"EntryPoint\",\"urlTemplate\":\"https:\\\/\\\/veteraanienperinto.fi\\\/?s={search_term_string}\"},\"query-input\":{\"@type\":\"PropertyValueSpecification\",\"valueRequired\":true,\"valueName\":\"search_term_string\"}}],\"inLanguage\":\"fi\"}]}<\/script>\n<!-- \/ Yoast SEO plugin. -->","yoast_head_json":{"title":"Viipurin taistelun j\u00e4lkeen, kes\u00e4ll\u00e4 1944 - Veteraanien Perint\u00f6","robots":{"index":"index","follow":"follow","max-snippet":"max-snippet:-1","max-image-preview":"max-image-preview:large","max-video-preview":"max-video-preview:-1"},"canonical":"https:\/\/veteraanienperinto.fi\/index.php\/jatkosota-etusivu\/jatkosodan-kertomukset\/sotatoimet\/suurtaistelut\/viipurin-taistelun-jalkeen-kesalla-1944\/","og_locale":"fi_FI","og_type":"article","og_title":"Viipurin taistelun j\u00e4lkeen, kes\u00e4ll\u00e4 1944 - Veteraanien Perint\u00f6","og_url":"https:\/\/veteraanienperinto.fi\/index.php\/jatkosota-etusivu\/jatkosodan-kertomukset\/sotatoimet\/suurtaistelut\/viipurin-taistelun-jalkeen-kesalla-1944\/","og_site_name":"Veteraanien Perint\u00f6","article_modified_time":"2020-12-15T17:20:29+00:00","twitter_card":"summary_large_image","twitter_misc":{"Arvioitu lukuaika":"7 minuuttia"},"schema":{"@context":"https:\/\/schema.org","@graph":[{"@type":"WebPage","@id":"https:\/\/veteraanienperinto.fi\/index.php\/jatkosota-etusivu\/jatkosodan-kertomukset\/sotatoimet\/suurtaistelut\/viipurin-taistelun-jalkeen-kesalla-1944\/","url":"https:\/\/veteraanienperinto.fi\/index.php\/jatkosota-etusivu\/jatkosodan-kertomukset\/sotatoimet\/suurtaistelut\/viipurin-taistelun-jalkeen-kesalla-1944\/","name":"Viipurin taistelun j\u00e4lkeen, kes\u00e4ll\u00e4 1944 - Veteraanien Perint\u00f6","isPartOf":{"@id":"https:\/\/veteraanienperinto.fi\/#website"},"datePublished":"2020-09-01T11:36:58+00:00","dateModified":"2020-12-15T17:20:29+00:00","breadcrumb":{"@id":"https:\/\/veteraanienperinto.fi\/index.php\/jatkosota-etusivu\/jatkosodan-kertomukset\/sotatoimet\/suurtaistelut\/viipurin-taistelun-jalkeen-kesalla-1944\/#breadcrumb"},"inLanguage":"fi","potentialAction":[{"@type":"ReadAction","target":["https:\/\/veteraanienperinto.fi\/index.php\/jatkosota-etusivu\/jatkosodan-kertomukset\/sotatoimet\/suurtaistelut\/viipurin-taistelun-jalkeen-kesalla-1944\/"]}]},{"@type":"BreadcrumbList","@id":"https:\/\/veteraanienperinto.fi\/index.php\/jatkosota-etusivu\/jatkosodan-kertomukset\/sotatoimet\/suurtaistelut\/viipurin-taistelun-jalkeen-kesalla-1944\/#breadcrumb","itemListElement":[{"@type":"ListItem","position":1,"name":"Etusivu","item":"https:\/\/veteraanienperinto.fi\/index.php\/etusivu-2\/"},{"@type":"ListItem","position":2,"name":"Jatkosota &#8211; etusivu","item":"https:\/\/veteraanienperinto.fi\/index.php\/jatkosota-etusivu\/"},{"@type":"ListItem","position":3,"name":"Jatkosodan kertomukset","item":"https:\/\/veteraanienperinto.fi\/index.php\/jatkosota-etusivu\/jatkosodan-kertomukset\/"},{"@type":"ListItem","position":4,"name":"Sotatoimet","item":"https:\/\/veteraanienperinto.fi\/index.php\/jatkosota-etusivu\/jatkosodan-kertomukset\/sotatoimet\/"},{"@type":"ListItem","position":5,"name":"Suurtaistelut","item":"https:\/\/veteraanienperinto.fi\/index.php\/jatkosota-etusivu\/jatkosodan-kertomukset\/sotatoimet\/suurtaistelut\/"},{"@type":"ListItem","position":6,"name":"Viipurin taistelun j\u00e4lkeen, kes\u00e4ll\u00e4 1944"}]},{"@type":"WebSite","@id":"https:\/\/veteraanienperinto.fi\/#website","url":"https:\/\/veteraanienperinto.fi\/","name":"Veteraanien Perint\u00f6","description":"Kadettikunta","potentialAction":[{"@type":"SearchAction","target":{"@type":"EntryPoint","urlTemplate":"https:\/\/veteraanienperinto.fi\/?s={search_term_string}"},"query-input":{"@type":"PropertyValueSpecification","valueRequired":true,"valueName":"search_term_string"}}],"inLanguage":"fi"}]}},"_links":{"self":[{"href":"https:\/\/veteraanienperinto.fi\/index.php\/wp-json\/wp\/v2\/pages\/2457","targetHints":{"allow":["GET"]}}],"collection":[{"href":"https:\/\/veteraanienperinto.fi\/index.php\/wp-json\/wp\/v2\/pages"}],"about":[{"href":"https:\/\/veteraanienperinto.fi\/index.php\/wp-json\/wp\/v2\/types\/page"}],"author":[{"embeddable":true,"href":"https:\/\/veteraanienperinto.fi\/index.php\/wp-json\/wp\/v2\/users\/2"}],"replies":[{"embeddable":true,"href":"https:\/\/veteraanienperinto.fi\/index.php\/wp-json\/wp\/v2\/comments?post=2457"}],"version-history":[{"count":3,"href":"https:\/\/veteraanienperinto.fi\/index.php\/wp-json\/wp\/v2\/pages\/2457\/revisions"}],"predecessor-version":[{"id":8130,"href":"https:\/\/veteraanienperinto.fi\/index.php\/wp-json\/wp\/v2\/pages\/2457\/revisions\/8130"}],"up":[{"embeddable":true,"href":"https:\/\/veteraanienperinto.fi\/index.php\/wp-json\/wp\/v2\/pages\/2213"}],"wp:attachment":[{"href":"https:\/\/veteraanienperinto.fi\/index.php\/wp-json\/wp\/v2\/media?parent=2457"}],"curies":[{"name":"wp","href":"https:\/\/api.w.org\/{rel}","templated":true}]}}