{"id":2463,"date":"2020-09-01T11:41:37","date_gmt":"2020-09-01T11:41:37","guid":{"rendered":"https:\/\/veteraani.ylirotu.fi\/?page_id=2463"},"modified":"2020-12-15T17:23:21","modified_gmt":"2020-12-15T17:23:21","slug":"sotilaskohteena-ambulanssi","status":"publish","type":"page","link":"https:\/\/veteraanienperinto.fi\/index.php\/jatkosota-etusivu\/jatkosodan-kertomukset\/sotatoimet\/viimeiset-voitot\/sotilaskohteena-ambulanssi\/","title":{"rendered":"Sotilaskohteena ambulanssi"},"content":{"rendered":"\n<style type=\"text\/css\" data-created_by=\"avia_inline_auto\" id=\"style-css-av-av_heading-f34052186806355bd2ab75bde7314026\">\n#top .av-special-heading.av-av_heading-f34052186806355bd2ab75bde7314026{\npadding-bottom:5px;\n}\nbody .av-special-heading.av-av_heading-f34052186806355bd2ab75bde7314026 .av-special-heading-tag .heading-char{\nfont-size:25px;\n}\n.av-special-heading.av-av_heading-f34052186806355bd2ab75bde7314026 .av-subheading{\nfont-size:15px;\n}\n<\/style>\n<div  class='av-special-heading av-av_heading-f34052186806355bd2ab75bde7314026 av-special-heading-h3  avia-builder-el-0  avia-builder-el-no-sibling '><h3 class='av-special-heading-tag'  itemprop=\"headline\"  >Sotilaskohteena ambulanssi<\/h3><div class=\"special-heading-border\"><div class=\"special-heading-inner-border\"><\/div><\/div><\/div>\n<section  class='av_textblock_section av-kei9w74n-7b0f008125a778f48432b9a614d90d0f '   itemscope=\"itemscope\" itemtype=\"https:\/\/schema.org\/CreativeWork\" ><div class='avia_textblock'  itemprop=\"text\" ><p><strong>Onni Jokinen Ilpo Nurmen haastattelemana:<\/strong><\/p>\n<p>&#8221;T\u00e4m\u00e4n ambulanssin SA 1503 ja samalla niiden kaikkien 14 miehen tuhoutuminen hein\u00e4kuun lopulla 1944 on j\u00e4\u00e4nyt minua j\u00e4rkytt\u00e4m\u00e4\u00e4n ja vaivaamaan, koska tuolloin Lemetin tiell\u00e4 kaikki j\u00e4i selvitt\u00e4m\u00e4tt\u00e4. Partiokaverini kanssa n\u00e4in tapauksen l\u00e4helt\u00e4, olimme silminn\u00e4kij\u00f6it\u00e4. Sen takia t\u00e4m\u00e4n kertominen on minulle helpotus, kun asia tulee muidenkin tietoon. On hyv\u00e4 saada painolasti pois mielest\u00e4.&#8221; N\u00e4in kertoi sota-ajan korpraali ONNI JOKINEN, Vantaan Havukoskella el\u00e4kep\u00e4ivi\u00e4\u00e4n viett\u00e4v\u00e4 s\u00e4hk\u00f6asentaja.<\/p>\n<p>Tapahtumapaikkana oli Jalkav\u00e4kirykmentti 2:n rintamalohko Laatokan koillispuolella, p\u00e4\u00e4puolustus- eli U-linjalla Lemetiss\u00e4. Rykmentin kolme pataljoonaa olivat ryhmittyneet asemiin Uomaalle johtavan tien molemmin puolin. Eversti H. Sauren komentopaikka oli Repom\u00e4en tienristeyksen maastossa, josta viestijoukkueesta kaksi miest\u00e4 l\u00e4hetettiin vikapartioon. Toinen heist\u00e4 oli korpraali Onni Jokinen. Puhelinyhteys etulinjaan oli katkennut.<\/p>\n<p>&#8221;Ajoimme kaverini kanssa polkupy\u00f6rill\u00e4 kohti Vesi-nimist\u00e4 eteenty\u00f6nnetty\u00e4 tukikohtaa, jonne oli matkaa noin kolme kilometri\u00e4. Oli kaunis ja pilvet\u00f6n hein\u00e4kuun kes\u00e4p\u00e4iv\u00e4 1944. N\u00e4imme jo kaukaa tien p\u00e4\u00e4ss\u00e4 ambulanssin, joka oli tullut hakemaan haavoittuneita aivan etulinjan l\u00e4heisyydest\u00e4. Kaverini sanoi, ett\u00e4 katsellaan, onko joukossa tuttuja, mutta emme kuitenkaan pys\u00e4htyneet, koska teht\u00e4v\u00e4mme oli nopeasti saada puhelinyhteydet kuntoon.<\/p>\n<p>Ambulanssin ymp\u00e4rill\u00e4 oli useita miehi\u00e4 valmistamassa kuljetusta kentt\u00e4sairaalaan. Siin\u00e4 oli kahdet paarit kantajineen, kolmannet paarit aivan auton takana, yhdet jo sis\u00e4ll\u00e4 autossa, miehi\u00e4 arvioni mukaan noin 14. Juuri t\u00e4ll\u00e4 hetkell\u00e4 huomasin oikealla ilmassa ven\u00e4l\u00e4isten t\u00e4hystyspallon, josta tykist\u00f6tulta johdettiin. Muistan toivoneeni, ett\u00e4 olisipa nyt suomalainen h\u00e4vitt\u00e4j\u00e4lent\u00e4j\u00e4 paikalla.&#8221;<\/p>\n<p>Ven\u00e4l\u00e4isell\u00e4 tulenjohtajalla oli suora n\u00e4k\u00f6yhteys ja tietysti koordinaatit kohteeseen, joka oli selv\u00e4sti merkitty &#8211; PUNAINEN RISTI &#8211; valkoisella pohjalla. Ambulanssi ja miehet olivat kuin tarjottimella, t\u00e4ysin suojattomina, luottaen varmaan kansainv\u00e4liseen Geneven sopimukseen, joka takaa potilaille ja sairaanhoidon henkil\u00f6st\u00f6lle puolueettomuuden ja koskemattomuuden.<\/p>\n<p>Onni Jokinen jatkoi: &#8221;Rauhallinen tilanne muuttui hetkess\u00e4, kun kauempaa Uomaan suunnalta kuului ven\u00e4l\u00e4isen tykkiaseman yhteislaukaus.<\/p>\n<p>Me olimme py\u00f6rinemme juuri ambulanssin kohdalla, kun kuulimme kranaattien ujelluksen. Sy\u00f6ksyimme vauhdissa tien oikealle puolelle ojaan. Kranaatit r\u00e4j\u00e4htiv\u00e4t tiell\u00e4 l\u00e4hell\u00e4mme melkein yht\u00b4aikaa, 5-6 kappaletta 6-tuumaisia tykinammuksia.<\/p>\n<p>Kun nousimme kaverin kanssa yl\u00f6s, niin tiell\u00e4 ei ollut ket\u00e4\u00e4n. Kaikki oli kuin pois pyyhk\u00e4isty, auto ja miehet. Vain auton romu kauempana ojassa. Se oli t\u00e4ysin k\u00e4sitt\u00e4m\u00e4t\u00f6n asia, kun viel\u00e4 \u00e4sken n\u00e4kem\u00e4st\u00e4mme ei j\u00e4\u00e4nyt ket\u00e4\u00e4n j\u00e4ljelle.<\/p>\n<p>Ehk\u00e4 miehi\u00e4 oli silpoutunut ja lennellyt niin kauaksi, ettei osattu menn\u00e4 riitt\u00e4v\u00e4n pitk\u00e4lle etsim\u00e4\u00e4n.<\/p>\n<p>Vaikka kiertelimme ja huusimme joka suuntaan, niin vastausta ei kuulunut. Huomasin maantiell\u00e4 matalia kranaattien r\u00e4j\u00e4hdyskuoppia ja p\u00e4\u00e4ttelin, ett\u00e4 ammukset oli varustettu herkill\u00e4 sytyttimill\u00e4 sirpalevaikutuksen tehostamiseksi.<\/p>\n<p>Kuitenkin jotain oli j\u00e4\u00e4nyt ehe\u00e4ksi &#8211; ambulanssin katto oli siell\u00e4 lepikossa, noin 30 metrin p\u00e4\u00e4ss\u00e4 tiest\u00e4, v\u00e4h\u00e4n kallellaan tielle p\u00e4in. PUNAINEN RISTI n\u00e4kyi selv\u00e4sti.<\/p>\n<\/div><\/section>\n","protected":false},"excerpt":{"rendered":"","protected":false},"author":2,"featured_media":0,"parent":2216,"menu_order":1,"comment_status":"closed","ping_status":"closed","template":"","meta":{"footnotes":""},"class_list":["post-2463","page","type-page","status-publish","hentry"],"yoast_head":"<!-- This site is optimized with the Yoast SEO plugin v27.4 - https:\/\/yoast.com\/product\/yoast-seo-wordpress\/ -->\n<title>Sotilaskohteena ambulanssi - Veteraanien Perint\u00f6<\/title>\n<meta name=\"robots\" content=\"index, follow, max-snippet:-1, max-image-preview:large, max-video-preview:-1\" \/>\n<link rel=\"canonical\" href=\"https:\/\/veteraanienperinto.fi\/index.php\/jatkosota-etusivu\/jatkosodan-kertomukset\/sotatoimet\/viimeiset-voitot\/sotilaskohteena-ambulanssi\/\" \/>\n<meta property=\"og:locale\" content=\"fi_FI\" \/>\n<meta property=\"og:type\" content=\"article\" \/>\n<meta property=\"og:title\" content=\"Sotilaskohteena ambulanssi - Veteraanien Perint\u00f6\" \/>\n<meta property=\"og:url\" content=\"https:\/\/veteraanienperinto.fi\/index.php\/jatkosota-etusivu\/jatkosodan-kertomukset\/sotatoimet\/viimeiset-voitot\/sotilaskohteena-ambulanssi\/\" \/>\n<meta property=\"og:site_name\" content=\"Veteraanien Perint\u00f6\" \/>\n<meta property=\"article:modified_time\" content=\"2020-12-15T17:23:21+00:00\" \/>\n<meta name=\"twitter:card\" content=\"summary_large_image\" \/>\n<meta name=\"twitter:label1\" content=\"Arvioitu lukuaika\" \/>\n\t<meta name=\"twitter:data1\" content=\"3 minuuttia\" \/>\n<script type=\"application\/ld+json\" class=\"yoast-schema-graph\">{\"@context\":\"https:\\\/\\\/schema.org\",\"@graph\":[{\"@type\":\"WebPage\",\"@id\":\"https:\\\/\\\/veteraanienperinto.fi\\\/index.php\\\/jatkosota-etusivu\\\/jatkosodan-kertomukset\\\/sotatoimet\\\/viimeiset-voitot\\\/sotilaskohteena-ambulanssi\\\/\",\"url\":\"https:\\\/\\\/veteraanienperinto.fi\\\/index.php\\\/jatkosota-etusivu\\\/jatkosodan-kertomukset\\\/sotatoimet\\\/viimeiset-voitot\\\/sotilaskohteena-ambulanssi\\\/\",\"name\":\"Sotilaskohteena ambulanssi - Veteraanien Perint\u00f6\",\"isPartOf\":{\"@id\":\"https:\\\/\\\/veteraanienperinto.fi\\\/#website\"},\"datePublished\":\"2020-09-01T11:41:37+00:00\",\"dateModified\":\"2020-12-15T17:23:21+00:00\",\"breadcrumb\":{\"@id\":\"https:\\\/\\\/veteraanienperinto.fi\\\/index.php\\\/jatkosota-etusivu\\\/jatkosodan-kertomukset\\\/sotatoimet\\\/viimeiset-voitot\\\/sotilaskohteena-ambulanssi\\\/#breadcrumb\"},\"inLanguage\":\"fi\",\"potentialAction\":[{\"@type\":\"ReadAction\",\"target\":[\"https:\\\/\\\/veteraanienperinto.fi\\\/index.php\\\/jatkosota-etusivu\\\/jatkosodan-kertomukset\\\/sotatoimet\\\/viimeiset-voitot\\\/sotilaskohteena-ambulanssi\\\/\"]}]},{\"@type\":\"BreadcrumbList\",\"@id\":\"https:\\\/\\\/veteraanienperinto.fi\\\/index.php\\\/jatkosota-etusivu\\\/jatkosodan-kertomukset\\\/sotatoimet\\\/viimeiset-voitot\\\/sotilaskohteena-ambulanssi\\\/#breadcrumb\",\"itemListElement\":[{\"@type\":\"ListItem\",\"position\":1,\"name\":\"Etusivu\",\"item\":\"https:\\\/\\\/veteraanienperinto.fi\\\/index.php\\\/etusivu-2\\\/\"},{\"@type\":\"ListItem\",\"position\":2,\"name\":\"Jatkosota &#8211; etusivu\",\"item\":\"https:\\\/\\\/veteraanienperinto.fi\\\/index.php\\\/jatkosota-etusivu\\\/\"},{\"@type\":\"ListItem\",\"position\":3,\"name\":\"Jatkosodan kertomukset\",\"item\":\"https:\\\/\\\/veteraanienperinto.fi\\\/index.php\\\/jatkosota-etusivu\\\/jatkosodan-kertomukset\\\/\"},{\"@type\":\"ListItem\",\"position\":4,\"name\":\"Sotatoimet\",\"item\":\"https:\\\/\\\/veteraanienperinto.fi\\\/index.php\\\/jatkosota-etusivu\\\/jatkosodan-kertomukset\\\/sotatoimet\\\/\"},{\"@type\":\"ListItem\",\"position\":5,\"name\":\"Viimeiset voitot\",\"item\":\"https:\\\/\\\/veteraanienperinto.fi\\\/index.php\\\/jatkosota-etusivu\\\/jatkosodan-kertomukset\\\/sotatoimet\\\/viimeiset-voitot\\\/\"},{\"@type\":\"ListItem\",\"position\":6,\"name\":\"Sotilaskohteena ambulanssi\"}]},{\"@type\":\"WebSite\",\"@id\":\"https:\\\/\\\/veteraanienperinto.fi\\\/#website\",\"url\":\"https:\\\/\\\/veteraanienperinto.fi\\\/\",\"name\":\"Veteraanien Perint\u00f6\",\"description\":\"Kadettikunta\",\"potentialAction\":[{\"@type\":\"SearchAction\",\"target\":{\"@type\":\"EntryPoint\",\"urlTemplate\":\"https:\\\/\\\/veteraanienperinto.fi\\\/?s={search_term_string}\"},\"query-input\":{\"@type\":\"PropertyValueSpecification\",\"valueRequired\":true,\"valueName\":\"search_term_string\"}}],\"inLanguage\":\"fi\"}]}<\/script>\n<!-- \/ Yoast SEO plugin. -->","yoast_head_json":{"title":"Sotilaskohteena ambulanssi - Veteraanien Perint\u00f6","robots":{"index":"index","follow":"follow","max-snippet":"max-snippet:-1","max-image-preview":"max-image-preview:large","max-video-preview":"max-video-preview:-1"},"canonical":"https:\/\/veteraanienperinto.fi\/index.php\/jatkosota-etusivu\/jatkosodan-kertomukset\/sotatoimet\/viimeiset-voitot\/sotilaskohteena-ambulanssi\/","og_locale":"fi_FI","og_type":"article","og_title":"Sotilaskohteena ambulanssi - Veteraanien Perint\u00f6","og_url":"https:\/\/veteraanienperinto.fi\/index.php\/jatkosota-etusivu\/jatkosodan-kertomukset\/sotatoimet\/viimeiset-voitot\/sotilaskohteena-ambulanssi\/","og_site_name":"Veteraanien Perint\u00f6","article_modified_time":"2020-12-15T17:23:21+00:00","twitter_card":"summary_large_image","twitter_misc":{"Arvioitu lukuaika":"3 minuuttia"},"schema":{"@context":"https:\/\/schema.org","@graph":[{"@type":"WebPage","@id":"https:\/\/veteraanienperinto.fi\/index.php\/jatkosota-etusivu\/jatkosodan-kertomukset\/sotatoimet\/viimeiset-voitot\/sotilaskohteena-ambulanssi\/","url":"https:\/\/veteraanienperinto.fi\/index.php\/jatkosota-etusivu\/jatkosodan-kertomukset\/sotatoimet\/viimeiset-voitot\/sotilaskohteena-ambulanssi\/","name":"Sotilaskohteena ambulanssi - Veteraanien Perint\u00f6","isPartOf":{"@id":"https:\/\/veteraanienperinto.fi\/#website"},"datePublished":"2020-09-01T11:41:37+00:00","dateModified":"2020-12-15T17:23:21+00:00","breadcrumb":{"@id":"https:\/\/veteraanienperinto.fi\/index.php\/jatkosota-etusivu\/jatkosodan-kertomukset\/sotatoimet\/viimeiset-voitot\/sotilaskohteena-ambulanssi\/#breadcrumb"},"inLanguage":"fi","potentialAction":[{"@type":"ReadAction","target":["https:\/\/veteraanienperinto.fi\/index.php\/jatkosota-etusivu\/jatkosodan-kertomukset\/sotatoimet\/viimeiset-voitot\/sotilaskohteena-ambulanssi\/"]}]},{"@type":"BreadcrumbList","@id":"https:\/\/veteraanienperinto.fi\/index.php\/jatkosota-etusivu\/jatkosodan-kertomukset\/sotatoimet\/viimeiset-voitot\/sotilaskohteena-ambulanssi\/#breadcrumb","itemListElement":[{"@type":"ListItem","position":1,"name":"Etusivu","item":"https:\/\/veteraanienperinto.fi\/index.php\/etusivu-2\/"},{"@type":"ListItem","position":2,"name":"Jatkosota &#8211; etusivu","item":"https:\/\/veteraanienperinto.fi\/index.php\/jatkosota-etusivu\/"},{"@type":"ListItem","position":3,"name":"Jatkosodan kertomukset","item":"https:\/\/veteraanienperinto.fi\/index.php\/jatkosota-etusivu\/jatkosodan-kertomukset\/"},{"@type":"ListItem","position":4,"name":"Sotatoimet","item":"https:\/\/veteraanienperinto.fi\/index.php\/jatkosota-etusivu\/jatkosodan-kertomukset\/sotatoimet\/"},{"@type":"ListItem","position":5,"name":"Viimeiset voitot","item":"https:\/\/veteraanienperinto.fi\/index.php\/jatkosota-etusivu\/jatkosodan-kertomukset\/sotatoimet\/viimeiset-voitot\/"},{"@type":"ListItem","position":6,"name":"Sotilaskohteena ambulanssi"}]},{"@type":"WebSite","@id":"https:\/\/veteraanienperinto.fi\/#website","url":"https:\/\/veteraanienperinto.fi\/","name":"Veteraanien Perint\u00f6","description":"Kadettikunta","potentialAction":[{"@type":"SearchAction","target":{"@type":"EntryPoint","urlTemplate":"https:\/\/veteraanienperinto.fi\/?s={search_term_string}"},"query-input":{"@type":"PropertyValueSpecification","valueRequired":true,"valueName":"search_term_string"}}],"inLanguage":"fi"}]}},"_links":{"self":[{"href":"https:\/\/veteraanienperinto.fi\/index.php\/wp-json\/wp\/v2\/pages\/2463","targetHints":{"allow":["GET"]}}],"collection":[{"href":"https:\/\/veteraanienperinto.fi\/index.php\/wp-json\/wp\/v2\/pages"}],"about":[{"href":"https:\/\/veteraanienperinto.fi\/index.php\/wp-json\/wp\/v2\/types\/page"}],"author":[{"embeddable":true,"href":"https:\/\/veteraanienperinto.fi\/index.php\/wp-json\/wp\/v2\/users\/2"}],"replies":[{"embeddable":true,"href":"https:\/\/veteraanienperinto.fi\/index.php\/wp-json\/wp\/v2\/comments?post=2463"}],"version-history":[{"count":3,"href":"https:\/\/veteraanienperinto.fi\/index.php\/wp-json\/wp\/v2\/pages\/2463\/revisions"}],"predecessor-version":[{"id":8134,"href":"https:\/\/veteraanienperinto.fi\/index.php\/wp-json\/wp\/v2\/pages\/2463\/revisions\/8134"}],"up":[{"embeddable":true,"href":"https:\/\/veteraanienperinto.fi\/index.php\/wp-json\/wp\/v2\/pages\/2216"}],"wp:attachment":[{"href":"https:\/\/veteraanienperinto.fi\/index.php\/wp-json\/wp\/v2\/media?parent=2463"}],"curies":[{"name":"wp","href":"https:\/\/api.w.org\/{rel}","templated":true}]}}