{"id":2574,"date":"2020-09-01T14:24:08","date_gmt":"2020-09-01T14:24:08","guid":{"rendered":"https:\/\/veteraani.ylirotu.fi\/?page_id=2574"},"modified":"2020-09-07T08:12:24","modified_gmt":"2020-09-07T08:12:24","slug":"lahtoni-ja-ensi-matka","status":"publish","type":"page","link":"https:\/\/veteraanienperinto.fi\/index.php\/tietopankit\/kertomuksia\/jaakariliike\/lahtoni-ja-ensi-matka\/","title":{"rendered":"L\u00e4ht\u00f6ni ja ensi matka"},"content":{"rendered":"\n<style type=\"text\/css\" data-created_by=\"avia_inline_auto\" id=\"style-css-av-av_heading-bcbf38be35309462fb92e0d42ae69b85\">\n#top .av-special-heading.av-av_heading-bcbf38be35309462fb92e0d42ae69b85{\npadding-bottom:10px;\n}\nbody .av-special-heading.av-av_heading-bcbf38be35309462fb92e0d42ae69b85 .av-special-heading-tag .heading-char{\nfont-size:25px;\n}\n.av-special-heading.av-av_heading-bcbf38be35309462fb92e0d42ae69b85 .av-subheading{\nfont-size:15px;\n}\n<\/style>\n<div  class='av-special-heading av-av_heading-bcbf38be35309462fb92e0d42ae69b85 av-special-heading-h3  avia-builder-el-0  el_before_av_textblock  avia-builder-el-first '><h3 class='av-special-heading-tag'  itemprop=\"headline\"  >L\u00e4ht\u00f6ni ja ensi matka<\/h3><div class=\"special-heading-border\"><div class=\"special-heading-inner-border\"><\/div><\/div><\/div>\n<section  class='av_textblock_section av-kek0ol8w-0f04af88ec907b2c66cea4bf3dbe1d4c '   itemscope=\"itemscope\" itemtype=\"https:\/\/schema.org\/CreativeWork\" ><div class='avia_textblock'  itemprop=\"text\" ><p><strong>Aarne Sihvo:<\/strong><\/p>\n<p><img loading=\"lazy\" decoding=\"async\" class=\"size-medium wp-image-3327 alignright\" src=\"https:\/\/veteraanienperinto.fi\/wp-content\/uploads\/2020\/09\/sihvo-300x191.jpg\" alt=\"\" width=\"300\" height=\"191\" srcset=\"https:\/\/veteraanienperinto.fi\/wp-content\/uploads\/2020\/09\/sihvo-300x191.jpg 300w, https:\/\/veteraanienperinto.fi\/wp-content\/uploads\/2020\/09\/sihvo.jpg 450w\" sizes=\"auto, (max-width: 300px) 100vw, 300px\" \/>Oli keskiviikko, helmikuun nelj\u00e4skolmatta p\u00e4iv\u00e4 vuonna 1915. Kassakokous oli p\u00e4\u00e4ttynyt ja erokahvit juotu. &#8221;Hei Pojat!&#8221;<\/p>\n<p>Kassan johtokunta ny\u00f6k\u00e4ytti p\u00e4\u00e4t\u00e4\u00e4n hyv\u00e4stiksi ja ajaksi j\u00e4iv\u00e4t osakuntahuoneiston tutuiksi k\u00e4yneet sokkelot.<\/p>\n<p>Ajaksi, jollei ehk\u00e4 i\u00e4ksi!<\/p>\n<p>Koko P\u00e4iv\u00e4n ja edellisenkin p\u00e4iv\u00e4\u00e4 olivat muutamat tuttavat pelotelleet minua. &#8221;Santarmeilla oli tieto sinusta! Ne tiet\u00e4v\u00e4t varmaan, ett\u00e4 t\u00e4n\u00e4\u00e4n l\u00e4htee nelj\u00e4 miest\u00e4 rnatkaan!&#8221;. \u00c4l\u00e4 l\u00e4hde t\u00e4n\u00e4\u00e4n!&#8221;. Kaikista varoituksista ja estelyist\u00e4 huolimatta olin kuitenkin p\u00e4\u00e4tt\u00e4nyt l\u00e4hte\u00e4 veljeni kera matkalle pohjoiseen menev\u00e4ss\u00e4 iltajunassa klo 6,20.<\/p>\n<p>Matkan varalta olin j\u00e4rjest\u00e4nyt kaikki juoksevat asiani, hankkinut vieraan passin, tehnyt &#8221;sala-j\u00e4\u00e4hvv\u00e4isk\u00e4ynnit&#8221; sukulaisteni luona ja vietin nyt aikaani serkkuni ja er\u00e4\u00e4n toverini seurassa, kuljeskellen kaduilla ja istuen kahviloissa.<\/p>\n<p>&#8221;Min\u00e4 en ollenkaan ep\u00e4ilisi l\u00e4hte\u00e4 t\u00e4lle matkalle&#8221; alkoi serkkuni puhua, kun oli istuuduttu Wiener-kahvilan ikkunan \u00e4\u00e4reen, &#8221;jos meill\u00e4 olisi varmuus siit\u00e4, ett\u00e4 Saksa on luvannut laskea puolen miljoonaa miest\u00e4 Suomen rannoille. Mutta nyt! Eih\u00e4n ole ollenkaan tietty\u00e4, mik\u00e4 kohtalo sinne l\u00e4htij\u00f6ille on valmistettu.&#8221;<\/p>\n<p>&#8221;Sanot puolen miljoonaa jos Saksa todella aikoisi laskea niin monta miest\u00e4 maihin Suomessa, niin turhahan meid\u00e4n silloin olisi sinne l\u00e4hte\u00e4. Minun mielest\u00e4ni oli meid\u00e4n itsemme otettava mahdollisimman suuri osuus vapautuksestamme niskoillemme. Voi kyll\u00e4 tulla verenvuodatusta ja taloudellisia tappioita. Mutta onhan my\u00f6skin huomioon otettava, ettei Saksalla ole mink\u00e4\u00e4nlaista velvollisuutta tulla meit\u00e4 auttamaan ilmaiseksi. Jos se siis itsekk\u00e4ist\u00e4 syist\u00e4 tahtoo meid\u00e4t mukaan ja tarjoaa meille tilaisuuden taistella vapautemme puolesta, niin k\u00e4ytt\u00e4k\u00e4\u00e4mme sit\u00e4 my\u00f6s itsekk\u00e4\u00e4sti hyv\u00e4ksemme! T\u00e4m\u00e4 on ajatukseni. ja kaikki olemme me yksimielisi\u00e4 siit\u00e4, ett\u00e4 valistuneitten nuorten miesten on ryhdytt\u00e4v\u00e4 toimenpiteisiin kansamme s\u00e4ilytt\u00e4miseksi kansakuntien joukossa.&#8221;<\/p>\n<p>&#8221;Mutta onko sanottu, ett\u00e4 hetki ja tapa ovat oikeat? Eik\u00f6 ole syyt\u00e4 ajatella sit\u00e4kin, ett\u00e4 yrityksest\u00e4 saattaa olla kansallemme enemm\u00e4n vahinkoa kuin hy\u00f6ty\u00e4? Ven\u00e4j\u00e4n rinnalla on Suomi saanut nauttia rauhaa yli sadan vuoden ajan. Mutta jos se nyt saa vapauden, niin eik\u00f6 silloin ehk\u00e4 olekin odotettavissa vain ainaisia sotia kuten ennen muinoin? Ven\u00e4j\u00e4 oli siksi laaja ja mahtava, ett\u00e4 se kyll\u00e4 kykenee voittamaan Suomen.&#8221;<\/p>\n<p>&#8221;Nyt kyll\u00e4kin. Mutta onko varma, ett\u00e4 se sodan j\u00e4lkeen on edes niin voimakas kuin Suomi ja sit\u00e4 paitsi: jos Saksa kerran auttaa Suomen itsen\u00e4iseksi, niin luuletko sen tyytyv\u00e4n siihen? Viel\u00e4 mit\u00e4! Kyll\u00e4 se sen verran katsoo eteens\u00e4, ettei se laske ryss\u00e4\u00e4 toistamiseen It\u00e4merelle. Ole huoleti siit\u00e4.&#8221;<\/p>\n<p>&#8221;Oletko sitten varma. ett\u00e4 Saksa voittaa sodan?&#8221;<\/p>\n<p>&#8221;Minulla ei ole mit\u00e4\u00e4n varmuutta mist\u00e4\u00e4n. K\u00e4sit\u00e4n vain sen, ett\u00e4 kansamme kohtalo on k\u00e4\u00e4nnett\u00e4v\u00e4 valoisampaan suuntaan tai meid\u00e4n on kuoltava, ja ett\u00e4 Saksa lupaa meille apuaan. Minusta muuten tuntuu, ett\u00e4 Saksan kaikesta huolimatta pit\u00e4isi voittaa<\/p>\n<p>&#8221;Ent\u00e4s, jos Italia sittenkin, Ei, Se ei merkitse yht\u00e4\u00e4n mit\u00e4\u00e4n! Jos Englanti, Ranska ja Ven\u00e4j\u00e4, maailman mahtavimmat valtiot eiv\u00e4t kykene muuta kuin puolustamaan itse\u00e4\u00e4n, niin ei siin\u00e4 Italiakaan en\u00e4\u00e4 sanottavia merkitse!&#8221;<\/p>\n<p>&#8221;Hm! &#8211; Mutta ket\u00e4 Suomen miehi\u00e4 sitten on takana t\u00e4ss\u00e4 hommassa ?&#8221;<\/p>\n<p>&#8221;En tied\u00e4. Se, joka minulle antoi matkarahat, ei sanonut enk\u00e4 min\u00e4k\u00e4\u00e4n kysynyt!&#8221;<\/p>\n<p>&#8221;Jaa, minusta on yritys hyvin ep\u00e4varma ja harkitsematon, enk\u00e4 min\u00e4 vain matkaan l\u00e4htisi. Ajattele sin\u00e4kin viel\u00e4, ennen kuin on liian my\u00f6h\u00e4ist\u00e4!&#8221;. &#8221;Olen ajatellut. ja ajatellut n\u00e4in: Jos yrityksest\u00e4 jo\u00adtain tulee &#8211; ja minun mielest\u00e4ni siit\u00e4 my\u00f6s tulee &#8211; niin on yhdentekev\u00e4\u00e4, opiskelenko anatomiaa kuukau\u00adden tai kaksi kauemmin. Joka tapauksessa tulisin ottamaan osaa viimeiseen ponnistukseen. ja silloin minun kuitenkin pit\u00e4isi j\u00e4tt\u00e4\u00e4 opinnot kesken. Paljon. t\u00e4r\u00adke\u00e4mp\u00e4\u00e4 on siis harjoitella n\u00e4m\u00e4 pari kuukautta sodan\u00adk\u00e4ynti\u00e4 ja ampumista, valmistautua taisteluun. Valmistautua taisteluun. Siin\u00e4 p\u00e4\u00e4telm\u00e4ni! Tai jos runollisiksi ruvetaan.-<\/p>\n<p style=\"text-align: center;\">Ken uskoo ihmeihin &#8211; uskokoon!<br \/>\n&#8211; Min\u00e4 uskon vain voittoon voiman.<br \/>\nKen oottaa onneaan &#8211; oottakoon!<br \/>\nMin\u00e4 v\u00e4lt\u00e4n tuntoni soiman,<br \/>\nKun taistohon rienn\u00e4n ja parhaani teen.<br \/>\n&#8221;P\u00e4\u00e4sisp\u00e4 kansani vapauteen!&#8221;<\/p>\n<p>Ja toisaalta, jatkoin ajatuksiani, jos teill\u00e4 olisi aikomus perustaa tehdas tai osakeyhti\u00f6, niin ettek\u00f6 ennemmin ottaisi itse selv\u00e4\u00e4 sek\u00e4 k\u00e4yt\u00e4nn\u00f6llisist\u00e4 ett\u00e4 tietopuolisista seikoista kuin antaisitten jonkun toisen sen tehd\u00e4! Olisittehan muuten ik\u00e4nne kaiken riippuvaisia tuon toisen miehen tahdosta ja taidosta.<\/p>\n<p>Min\u00e4 ainakin tahdon itse hankkia itselleni kaikki mahdolliset ammattitiedot. Ja nyt min\u00e4 l\u00e4hden!&#8221;<\/p>\n<p>&#8221;Me tulemme saattamaan!&#8221;<\/p>\n<p>&#8221;Mutta ainoastaan Rautatientorille saakka, sill\u00e4 kuten tied\u00e4tte, minua pidet\u00e4\u00e4n silm\u00e4ll\u00e4. Ilmari-veikko tuo matkatavarat asemasillalle ja ostaa samalla lipun. Min\u00e4 menen siltalipulla, niin erehtyv\u00e4tp\u00e4h\u00e4n nuuskijat kerrankin.<\/p>\n<p>&#8221;Kas niin! &#8211; Hyv\u00e4sti nyt ja voikaa hyvin! Kev\u00e4t\u00adlintujen kera voitte odottaa takaisin tulevaksi. Iloisiin n\u00e4kemiin!&#8221;<\/p>\n<p>&#8221;Voi hyvin!&#8221;<\/p>\n<p>Pohjoinen matkustajajuna kiit\u00e4\u00e4 Pohjanmaan lakeita tasankoja. Istun vaunun nurkassa, kirjoitan kort\u00adtia omaisilleni, joilla ei ole aavistustakaan l\u00e4hd\u00f6st\u00e4ni. &#8221;Seuraan velje\u00e4ni&#8221;, kirjoitan. &#8221;Meit\u00e4 on nelj\u00e4 t\u00e4ss\u00e4 junassa. joilla oli sama matkanm\u00e4\u00e4r\u00e4 niin ettei suinkaan tule ik\u00e4v\u00e4. Toivon teille kaikkea hyv\u00e4\u00e4 n\u00e4in\u00e4 vai\u00adkeina aikoina. Ehk\u00e4 on minulla tilaisuutta silloin t\u00e4l\u00adl\u00f6in l\u00e4hett\u00e4\u00e4 tietoja itsest\u00e4ni. Tauno-serkku hoitaa Il\u00admarin kera asiani, jos tulisin kauemmin viipym\u00e4\u00e4n matkalla. &#8211; Voikaa hyvin!&#8221; Oulun asemalla pistin kortin postilaatikkoon.<\/p>\n<p>Torniossa otimme kolmisin y\u00f6sijan majatalosta, Pekkolan Sulo Veikko, veljeni ja min\u00e4, sill\u00e4 vasta seuraa\u00advana iltana saatoimme jatkaa matkaamme Ruotsin puolelle. Huolimatta houkuttelevasta kehoituksesta &#8221;seikkailla&#8221; rajan yli matkustimme yhdess\u00e4 junalla Karunkiin, jossa viimeisen passintarkastuksen piti tapahtua.<\/p>\n<p>Siivottomassa kolmannen luokan vaunussa hoilasi humalainen suomea ja ven\u00e4j\u00e4\u00e4 puhuva virkamies, paperit p\u00f6yd\u00e4ll\u00e4 sekaisin. Ja siihen kai meid\u00e4n matkamme olisi sill\u00e4 kertaa p\u00e4\u00e4ttynytkin, elleiv\u00e4t vahtivuorolla olleet santarmit olisi omavaltaisesti antaneet meille tarkastettaviksi otettuja passejamme takaisin.<\/p>\n<p>Asetuimme kaikki kolme taas yhteen ja samaan rekeen, n\u00e4ytimme rantaportilla seisoville sotamiehille ja santarmille viimeisen kerran papereitamme ja toivo\u00adtimme yst\u00e4v\u00e4llisesti: do svidanija &#8211; n\u00e4kemiin!<\/p>\n<p>Iltah\u00e4m\u00e4r\u00e4\u00e4n j\u00e4i Suomen ranta ja itsen\u00e4inen, vapaa ylioppilasel\u00e4m\u00e4. Alkoi uusi jakso ihmislasten el\u00e4m\u00e4s\u00ads\u00e4: raskaan ty\u00f6n ja velvoituksen aika.<\/p>\n<p>Parin tunnin kuluttua istuimme y\u00f6pikajunassa t\u00e4yteen sullotussa kolmannen luokan vaunussa. Kuuluu matkustavaisten keskustelun sorinaa, kuuluu Riikin valtakunnan rautaheposen raskas huohotus ja mahtava kohina siltoja ja tunneleita sivuutettaessa.<\/p>\n<p>Kiit\u00e4\u00e4 ohitse seutuja, soita &#8211;<\/p>\n<p>Matkaajan mieless\u00e4 muisteloita.<\/p>\n<p>Muistuu mieleen Ilkka ja Ilkan ajatukset<\/p>\n<p>Ei oikeutta maassa saa<\/p>\n<p>Ken itse sit ei hanki.<\/p>\n<p>Se oli t\u00e4m\u00e4n matkan alkua. Kuusi kuukautta my\u00f6hemmin kirjoitin muistikirjaani:<\/p>\n<p>Oli talvi kun l\u00e4ksin, valkoisena maa, ja pakkanen nurkissa paukkui. Salot raikkaasti raikui, kun oravaa minun pystykorvani haukkui.<\/p>\n<p>Min\u00e4 riemuiten aatteissain. Riensin nyt pois, j\u00e4tin armaan syntym\u00e4maani. Taas saavun m\u00e4, mets\u00e4t kun tuoksuu ja soi, kun koittaa sun aamusi, maani!&#8221;<\/p>\n<p>On mennyt jo kev\u00e4t ja kukkainen kes\u00e4. Nyt eess\u00e4 on syksy ja synk\u00e4t, kauniit kuutamo-illat. Mutt&#8217; yh\u00e4 viel\u00e4 m\u00e4 vieraissa kuljen. Kypsyy viljat, heelm\u00e4t ja aatteet. Kansani, yll\u00e4\u00e4n murheen vaatteet, Sortoa k\u00e4rsii ja -oottaa -. Min\u00e4 kaipuun mun rintaani suljen.<\/p>\n<p>Pian kului kuusi kuukautta eik\u00e4 kotiinl\u00e4hd\u00f6st\u00e4 ollut tietoakaan. Moni oli jo enn\u00e4tt\u00e4nyt lamaantua, moni oli uskonsa onneen menett\u00e4nyt ja vain harvat kantoivat iloista toivoa rinnoissaan. Mutta kaikkia piti kuitenkin pystyss\u00e4 halu taisteluun, taisteluun kansamme vapauden puolesta.<\/p>\n<p>Koittakoon kohta tuo odotettu p\u00e4iv\u00e4!<\/p>\n<\/div><\/section>\n","protected":false},"excerpt":{"rendered":"","protected":false},"author":2,"featured_media":0,"parent":2542,"menu_order":0,"comment_status":"closed","ping_status":"closed","template":"","meta":{"footnotes":""},"class_list":["post-2574","page","type-page","status-publish","hentry"],"yoast_head":"<!-- This site is optimized with the Yoast SEO plugin v27.4 - https:\/\/yoast.com\/product\/yoast-seo-wordpress\/ -->\n<title>L\u00e4ht\u00f6ni ja ensi matka - Veteraanien Perint\u00f6<\/title>\n<meta name=\"robots\" content=\"index, follow, max-snippet:-1, max-image-preview:large, max-video-preview:-1\" \/>\n<link rel=\"canonical\" href=\"https:\/\/veteraanienperinto.fi\/index.php\/tietopankit\/kertomuksia\/jaakariliike\/lahtoni-ja-ensi-matka\/\" \/>\n<meta property=\"og:locale\" content=\"fi_FI\" \/>\n<meta property=\"og:type\" content=\"article\" \/>\n<meta property=\"og:title\" content=\"L\u00e4ht\u00f6ni ja ensi matka - Veteraanien Perint\u00f6\" \/>\n<meta property=\"og:url\" content=\"https:\/\/veteraanienperinto.fi\/index.php\/tietopankit\/kertomuksia\/jaakariliike\/lahtoni-ja-ensi-matka\/\" \/>\n<meta property=\"og:site_name\" content=\"Veteraanien Perint\u00f6\" \/>\n<meta property=\"article:modified_time\" content=\"2020-09-07T08:12:24+00:00\" \/>\n<meta property=\"og:image\" content=\"https:\/\/veteraanienperinto.fi\/wp-content\/uploads\/2020\/09\/sihvo-300x191.jpg\" \/>\n<meta name=\"twitter:card\" content=\"summary_large_image\" \/>\n<meta name=\"twitter:label1\" content=\"Arvioitu lukuaika\" \/>\n\t<meta name=\"twitter:data1\" content=\"7 minuuttia\" \/>\n<script type=\"application\/ld+json\" class=\"yoast-schema-graph\">{\"@context\":\"https:\\\/\\\/schema.org\",\"@graph\":[{\"@type\":\"WebPage\",\"@id\":\"https:\\\/\\\/veteraanienperinto.fi\\\/index.php\\\/tietopankit\\\/kertomuksia\\\/jaakariliike\\\/lahtoni-ja-ensi-matka\\\/\",\"url\":\"https:\\\/\\\/veteraanienperinto.fi\\\/index.php\\\/tietopankit\\\/kertomuksia\\\/jaakariliike\\\/lahtoni-ja-ensi-matka\\\/\",\"name\":\"L\u00e4ht\u00f6ni ja ensi matka - Veteraanien Perint\u00f6\",\"isPartOf\":{\"@id\":\"https:\\\/\\\/veteraanienperinto.fi\\\/#website\"},\"primaryImageOfPage\":{\"@id\":\"https:\\\/\\\/veteraanienperinto.fi\\\/index.php\\\/tietopankit\\\/kertomuksia\\\/jaakariliike\\\/lahtoni-ja-ensi-matka\\\/#primaryimage\"},\"image\":{\"@id\":\"https:\\\/\\\/veteraanienperinto.fi\\\/index.php\\\/tietopankit\\\/kertomuksia\\\/jaakariliike\\\/lahtoni-ja-ensi-matka\\\/#primaryimage\"},\"thumbnailUrl\":\"https:\\\/\\\/veteraanienperinto.fi\\\/wp-content\\\/uploads\\\/2020\\\/09\\\/sihvo-300x191.jpg\",\"datePublished\":\"2020-09-01T14:24:08+00:00\",\"dateModified\":\"2020-09-07T08:12:24+00:00\",\"breadcrumb\":{\"@id\":\"https:\\\/\\\/veteraanienperinto.fi\\\/index.php\\\/tietopankit\\\/kertomuksia\\\/jaakariliike\\\/lahtoni-ja-ensi-matka\\\/#breadcrumb\"},\"inLanguage\":\"fi\",\"potentialAction\":[{\"@type\":\"ReadAction\",\"target\":[\"https:\\\/\\\/veteraanienperinto.fi\\\/index.php\\\/tietopankit\\\/kertomuksia\\\/jaakariliike\\\/lahtoni-ja-ensi-matka\\\/\"]}]},{\"@type\":\"ImageObject\",\"inLanguage\":\"fi\",\"@id\":\"https:\\\/\\\/veteraanienperinto.fi\\\/index.php\\\/tietopankit\\\/kertomuksia\\\/jaakariliike\\\/lahtoni-ja-ensi-matka\\\/#primaryimage\",\"url\":\"https:\\\/\\\/veteraanienperinto.fi\\\/wp-content\\\/uploads\\\/2020\\\/09\\\/sihvo.jpg\",\"contentUrl\":\"https:\\\/\\\/veteraanienperinto.fi\\\/wp-content\\\/uploads\\\/2020\\\/09\\\/sihvo.jpg\",\"width\":450,\"height\":286},{\"@type\":\"BreadcrumbList\",\"@id\":\"https:\\\/\\\/veteraanienperinto.fi\\\/index.php\\\/tietopankit\\\/kertomuksia\\\/jaakariliike\\\/lahtoni-ja-ensi-matka\\\/#breadcrumb\",\"itemListElement\":[{\"@type\":\"ListItem\",\"position\":1,\"name\":\"Etusivu\",\"item\":\"https:\\\/\\\/veteraanienperinto.fi\\\/index.php\\\/etusivu-2\\\/\"},{\"@type\":\"ListItem\",\"position\":2,\"name\":\"Tietopankit\",\"item\":\"https:\\\/\\\/veteraanienperinto.fi\\\/index.php\\\/tietopankit\\\/\"},{\"@type\":\"ListItem\",\"position\":3,\"name\":\"Kertomuksia\",\"item\":\"https:\\\/\\\/veteraanienperinto.fi\\\/index.php\\\/tietopankit\\\/kertomuksia\\\/\"},{\"@type\":\"ListItem\",\"position\":4,\"name\":\"J\u00e4\u00e4k\u00e4riliike\",\"item\":\"https:\\\/\\\/veteraanienperinto.fi\\\/index.php\\\/tietopankit\\\/kertomuksia\\\/jaakariliike\\\/\"},{\"@type\":\"ListItem\",\"position\":5,\"name\":\"L\u00e4ht\u00f6ni ja ensi matka\"}]},{\"@type\":\"WebSite\",\"@id\":\"https:\\\/\\\/veteraanienperinto.fi\\\/#website\",\"url\":\"https:\\\/\\\/veteraanienperinto.fi\\\/\",\"name\":\"Veteraanien Perint\u00f6\",\"description\":\"Kadettikunta\",\"potentialAction\":[{\"@type\":\"SearchAction\",\"target\":{\"@type\":\"EntryPoint\",\"urlTemplate\":\"https:\\\/\\\/veteraanienperinto.fi\\\/?s={search_term_string}\"},\"query-input\":{\"@type\":\"PropertyValueSpecification\",\"valueRequired\":true,\"valueName\":\"search_term_string\"}}],\"inLanguage\":\"fi\"}]}<\/script>\n<!-- \/ Yoast SEO plugin. -->","yoast_head_json":{"title":"L\u00e4ht\u00f6ni ja ensi matka - Veteraanien Perint\u00f6","robots":{"index":"index","follow":"follow","max-snippet":"max-snippet:-1","max-image-preview":"max-image-preview:large","max-video-preview":"max-video-preview:-1"},"canonical":"https:\/\/veteraanienperinto.fi\/index.php\/tietopankit\/kertomuksia\/jaakariliike\/lahtoni-ja-ensi-matka\/","og_locale":"fi_FI","og_type":"article","og_title":"L\u00e4ht\u00f6ni ja ensi matka - Veteraanien Perint\u00f6","og_url":"https:\/\/veteraanienperinto.fi\/index.php\/tietopankit\/kertomuksia\/jaakariliike\/lahtoni-ja-ensi-matka\/","og_site_name":"Veteraanien Perint\u00f6","article_modified_time":"2020-09-07T08:12:24+00:00","og_image":[{"url":"https:\/\/veteraanienperinto.fi\/wp-content\/uploads\/2020\/09\/sihvo-300x191.jpg","type":"","width":"","height":""}],"twitter_card":"summary_large_image","twitter_misc":{"Arvioitu lukuaika":"7 minuuttia"},"schema":{"@context":"https:\/\/schema.org","@graph":[{"@type":"WebPage","@id":"https:\/\/veteraanienperinto.fi\/index.php\/tietopankit\/kertomuksia\/jaakariliike\/lahtoni-ja-ensi-matka\/","url":"https:\/\/veteraanienperinto.fi\/index.php\/tietopankit\/kertomuksia\/jaakariliike\/lahtoni-ja-ensi-matka\/","name":"L\u00e4ht\u00f6ni ja ensi matka - Veteraanien Perint\u00f6","isPartOf":{"@id":"https:\/\/veteraanienperinto.fi\/#website"},"primaryImageOfPage":{"@id":"https:\/\/veteraanienperinto.fi\/index.php\/tietopankit\/kertomuksia\/jaakariliike\/lahtoni-ja-ensi-matka\/#primaryimage"},"image":{"@id":"https:\/\/veteraanienperinto.fi\/index.php\/tietopankit\/kertomuksia\/jaakariliike\/lahtoni-ja-ensi-matka\/#primaryimage"},"thumbnailUrl":"https:\/\/veteraanienperinto.fi\/wp-content\/uploads\/2020\/09\/sihvo-300x191.jpg","datePublished":"2020-09-01T14:24:08+00:00","dateModified":"2020-09-07T08:12:24+00:00","breadcrumb":{"@id":"https:\/\/veteraanienperinto.fi\/index.php\/tietopankit\/kertomuksia\/jaakariliike\/lahtoni-ja-ensi-matka\/#breadcrumb"},"inLanguage":"fi","potentialAction":[{"@type":"ReadAction","target":["https:\/\/veteraanienperinto.fi\/index.php\/tietopankit\/kertomuksia\/jaakariliike\/lahtoni-ja-ensi-matka\/"]}]},{"@type":"ImageObject","inLanguage":"fi","@id":"https:\/\/veteraanienperinto.fi\/index.php\/tietopankit\/kertomuksia\/jaakariliike\/lahtoni-ja-ensi-matka\/#primaryimage","url":"https:\/\/veteraanienperinto.fi\/wp-content\/uploads\/2020\/09\/sihvo.jpg","contentUrl":"https:\/\/veteraanienperinto.fi\/wp-content\/uploads\/2020\/09\/sihvo.jpg","width":450,"height":286},{"@type":"BreadcrumbList","@id":"https:\/\/veteraanienperinto.fi\/index.php\/tietopankit\/kertomuksia\/jaakariliike\/lahtoni-ja-ensi-matka\/#breadcrumb","itemListElement":[{"@type":"ListItem","position":1,"name":"Etusivu","item":"https:\/\/veteraanienperinto.fi\/index.php\/etusivu-2\/"},{"@type":"ListItem","position":2,"name":"Tietopankit","item":"https:\/\/veteraanienperinto.fi\/index.php\/tietopankit\/"},{"@type":"ListItem","position":3,"name":"Kertomuksia","item":"https:\/\/veteraanienperinto.fi\/index.php\/tietopankit\/kertomuksia\/"},{"@type":"ListItem","position":4,"name":"J\u00e4\u00e4k\u00e4riliike","item":"https:\/\/veteraanienperinto.fi\/index.php\/tietopankit\/kertomuksia\/jaakariliike\/"},{"@type":"ListItem","position":5,"name":"L\u00e4ht\u00f6ni ja ensi matka"}]},{"@type":"WebSite","@id":"https:\/\/veteraanienperinto.fi\/#website","url":"https:\/\/veteraanienperinto.fi\/","name":"Veteraanien Perint\u00f6","description":"Kadettikunta","potentialAction":[{"@type":"SearchAction","target":{"@type":"EntryPoint","urlTemplate":"https:\/\/veteraanienperinto.fi\/?s={search_term_string}"},"query-input":{"@type":"PropertyValueSpecification","valueRequired":true,"valueName":"search_term_string"}}],"inLanguage":"fi"}]}},"_links":{"self":[{"href":"https:\/\/veteraanienperinto.fi\/index.php\/wp-json\/wp\/v2\/pages\/2574","targetHints":{"allow":["GET"]}}],"collection":[{"href":"https:\/\/veteraanienperinto.fi\/index.php\/wp-json\/wp\/v2\/pages"}],"about":[{"href":"https:\/\/veteraanienperinto.fi\/index.php\/wp-json\/wp\/v2\/types\/page"}],"author":[{"embeddable":true,"href":"https:\/\/veteraanienperinto.fi\/index.php\/wp-json\/wp\/v2\/users\/2"}],"replies":[{"embeddable":true,"href":"https:\/\/veteraanienperinto.fi\/index.php\/wp-json\/wp\/v2\/comments?post=2574"}],"version-history":[{"count":3,"href":"https:\/\/veteraanienperinto.fi\/index.php\/wp-json\/wp\/v2\/pages\/2574\/revisions"}],"predecessor-version":[{"id":6659,"href":"https:\/\/veteraanienperinto.fi\/index.php\/wp-json\/wp\/v2\/pages\/2574\/revisions\/6659"}],"up":[{"embeddable":true,"href":"https:\/\/veteraanienperinto.fi\/index.php\/wp-json\/wp\/v2\/pages\/2542"}],"wp:attachment":[{"href":"https:\/\/veteraanienperinto.fi\/index.php\/wp-json\/wp\/v2\/media?parent=2574"}],"curies":[{"name":"wp","href":"https:\/\/api.w.org\/{rel}","templated":true}]}}