{"id":2577,"date":"2020-09-01T14:25:25","date_gmt":"2020-09-01T14:25:25","guid":{"rendered":"https:\/\/veteraani.ylirotu.fi\/?page_id=2577"},"modified":"2020-09-07T08:13:52","modified_gmt":"2020-09-07T08:13:52","slug":"jaakari-saapui-saksasta","status":"publish","type":"page","link":"https:\/\/veteraanienperinto.fi\/index.php\/tietopankit\/kertomuksia\/jaakariliike\/jaakari-saapui-saksasta\/","title":{"rendered":"J\u00e4\u00e4k\u00e4ri saapui Saksasta"},"content":{"rendered":"\n<style type=\"text\/css\" data-created_by=\"avia_inline_auto\" id=\"style-css-av-av_heading-b86549e61e27e030b3b191a88b0330bd\">\n#top .av-special-heading.av-av_heading-b86549e61e27e030b3b191a88b0330bd{\npadding-bottom:10px;\n}\nbody .av-special-heading.av-av_heading-b86549e61e27e030b3b191a88b0330bd .av-special-heading-tag .heading-char{\nfont-size:25px;\n}\n.av-special-heading.av-av_heading-b86549e61e27e030b3b191a88b0330bd .av-subheading{\nfont-size:15px;\n}\n<\/style>\n<div  class='av-special-heading av-av_heading-b86549e61e27e030b3b191a88b0330bd av-special-heading-h3  avia-builder-el-0  el_before_av_textblock  avia-builder-el-first '><h3 class='av-special-heading-tag'  itemprop=\"headline\"  >J\u00e4\u00e4k\u00e4ri saapui Saksasta<\/h3><div class=\"special-heading-border\"><div class=\"special-heading-inner-border\"><\/div><\/div><\/div>\n<section  class='av_textblock_section av-kek0ol8w-0f04af88ec907b2c66cea4bf3dbe1d4c '   itemscope=\"itemscope\" itemtype=\"https:\/\/schema.org\/CreativeWork\" ><div class='avia_textblock'  itemprop=\"text\" ><p><strong>Ilmari Turja:<\/strong><\/p>\n<div id=\"attachment_3328\" style=\"width: 198px\" class=\"wp-caption alignright\"><img loading=\"lazy\" decoding=\"async\" aria-describedby=\"caption-attachment-3328\" class=\"size-full wp-image-3328\" src=\"https:\/\/veteraanienperinto.fi\/wp-content\/uploads\/2020\/09\/vantunen.jpg\" alt=\"\" width=\"188\" height=\"250\" \/><p id=\"caption-attachment-3328\" class=\"wp-caption-text\">&#8221;Vantusen Eemeli&#8221; eli. Frans Emill Vantunen otti osaa vapaussotaan joukkueenjohtajana ja my\u00f6hemmin komppanianp\u00e4\u00e4llikk\u00f6n\u00e4 haavoittuen L\u00e4nkipohjassa 16.3. Suomen armeijassa h\u00e4n oli v\u00e4nrikki ja Viron armeijassa luutnantti, osallistuttuaan Viron vapaussotaan. Vantunen oli syntynyt Vaasassa 3.9.1897 ja kuoli jo 13.2.1929.<\/p><\/div>\n<p>Viidenten\u00e4kolmatta p\u00e4iv\u00e4n\u00e4 helmikuuta vuonna kahdeksantoista makasin luokkatovereitteni kanssa Jaakko Finnil\u00e4n portin p\u00e4\u00e4ll\u00e4 Vaasassa ja katsoin, kun joku kenraali Mannerheim otti vastaan j\u00e4\u00e4k\u00e4riparaatin, n\u00e4m\u00e4 pojat, jotka pari kolme vuotta olivat olleet Saksan sodassa.<\/p>\n<p>Olin jo kuukautta aikaisemmin, tammikuussa n\u00e4hnyt j\u00e4\u00e4k\u00e4rin. Kun er\u00e4\u00e4n\u00e4 aamuna p\u00e4\u00e4stin rullakartiinin yl\u00f6s, niin Rauhankadun ja Pitk\u00e4nkadun kulmassa seisoi nuori sotilas vihre\u00e4ss\u00e4 univormussa. Koppalakki p\u00e4\u00e4ss\u00e4, tiukka vihre\u00e4 asetakki yll\u00e4\u00e4n, saappaat jalassa. Me katsoimme tarkkaan t\u00e4t\u00e4 ihmett\u00e4.<\/p>\n<p>&#8211; Siin\u00e4 on nyt j\u00e4\u00e4k\u00e4ri, min\u00e4 sanoin.<\/p>\n<p>\u00c4itini sanoi:<\/p>\n<p>&#8211; Niin on, saksanj\u00e4\u00e4k\u00e4rin verhat sill\u00e4 on. Mutta se on rehristi Vantusen Eemeli.<\/p>\n<p>Nyt min\u00e4kin tunsin, Vantusen Eemelih\u00e4n t\u00e4m\u00e4 on, meid\u00e4n koulusta. Mutta kuinka Eemeli tuossa on, h\u00e4nh\u00e4n l\u00e4hti nelj\u00e4nnelt\u00e4 luokalta Amerikkaan.<\/p>\n<p>&#8211; Uuteen Amerikkaan, oikaisi is\u00e4ni eli faari, joka tiesi kaikki. Ei Saksasta ole t\u00e4h\u00e4n menness\u00e4 passannut puhua, on pit\u00e4nyt sanoa, ett\u00e4 se on mennyt uuteen Amerikkaan.<\/p>\n<p>Siin\u00e4 Eemeli nyt kuitenkin oli, tarunhohtoisessa j\u00e4\u00e4k\u00e4ripuvussa. Olin tuntenut Vantusen Eemelin koko pienen ik\u00e4ni. Eemelin is\u00e4 oli sokea ja kulki kaupaten harjoja. Menett\u00e4nyt n\u00e4k\u00f6ns\u00e4 kivity\u00f6maalla. Eemeli\u00e4 koulutettiin kumminkin lyseossa. Sitten h\u00e4n h\u00e4visi nelj\u00e4nnelt\u00e4 luokalta. Eik\u00e4 tainnut kukaan per\u00e4\u00e4n kysy\u00e4k\u00e4\u00e4n.<\/p>\n<p>Nykymaailma ei tied\u00e4, mink\u00e4lainen kauhistus Suomelle oli, kun ensimm\u00e4inen maailmansota syttyi. Kaikki olivat kuin puulla p\u00e4\u00e4h\u00e4n ly\u00f6tyj\u00e4. Se oli vuosi 1914. Me olimme tsaarin vallan alla ja lujasti. Keisari kiristi ohjaksia p\u00e4iv\u00e4 p\u00e4iv\u00e4lt\u00e4. Vuonna 1912 annettu yhdenvertaisuuslaki oli s\u00e4\u00e4detty tekem\u00e4\u00e4n Suomesta lopun.<\/p>\n<p>Olisi saattanut luulla, ett\u00e4 suursodan alettua sortotoimenpiteet Suomea vastaan olisivat loppuneet, mutta ei. Pian sodan puhjettua marraskuussa 1914 annettiin keisarin nimess\u00e4 uusi ven\u00e4l\u00e4istytt\u00e4misohjelma. Silloin leimahti j\u00e4\u00e4k\u00e4riliike, kokouksia ryhdyttiin pit\u00e4m\u00e4\u00e4n Helsingiss\u00e4 ja Tukholmassa. Piti l\u00f6yt\u00e4\u00e4 vieras armeija, joka ottaisi kouluttaakseen Suomen poikia, sill\u00e4 Suomen sotav\u00e4ki oli lakkautettu parikymment\u00e4 vuotta sitten &#8211; juuri t\u00e4t\u00e4 kansannousua pel\u00e4ten. Ruotsi ei uskaltanut ottaa koulutettavia, mutta Saksa uskalsi. Se oli sen etujen mukaista.<\/p>\n<p>Monet vanhemman polven poliitikot t\u00e4\u00e4ll\u00e4 Suomessa pitiv\u00e4t hanketta laittomana, kuten esim. K.J. St\u013ahlberg. Koskas vallankumous laillinen on. Mutta nuoriso oli innostuksen vallassa ja monet ty\u00f6v\u00e4en johtomiehet &#8211; kuten Oskari Tokoi ja K.H. Wiik &#8211; antoivat yritykselle siunauksensa. Rivimiehiksi Saksaan l\u00e4hti suutareita, r\u00e4\u00e4t\u00e4leit\u00e4, maanviljelij\u00f6it\u00e4, tukkipoikia, koulupoikia, siis porukkaa kaikista kansankerroksista. &#8217;Laittomat&#8217; nuoret ajoivat tahtonsa l\u00e4pi ja t\u00e4ss\u00e4 sit\u00e4 nyt ollaan, itsen\u00e4isess\u00e4 is\u00e4nmaassa.<\/p>\n<p>Hyvin viel\u00e4 muistan, kun silloin talviaamuna katsoin ikkunasta Vantusen Eemeli\u00e4 kuin taruolentoa. \u00c4itini sanoi, ett\u00e4<\/p>\n<p>&#8211; Mene nyt hakemaan Eemeli kaffille. L\u00e4hdin kuin suureen teht\u00e4v\u00e4\u00e4n.<\/p>\n<p>&#8211; Morjensta, sanoi Eemeli ja tuli kohta mukaani.<\/p>\n<p>Siin\u00e4 oli alkukankeutta, kun kahvia ryhdyttiin nauttimaan. Min\u00e4 hypistelin Vantusen Eemelin vy\u00f6t\u00e4, tikaria ja olkaimia, ja faari puhui politiikkaa. Juhla oli suuri minun mielest\u00e4ni. Ihmettelin, kuinka arkip\u00e4iv\u00e4isesti \u00e4itee sanoi, ett\u00e4<\/p>\n<p>&#8211; Ota ny Eemeli, siin\u00e4 on maitua ja voileip\u00e4\u00e4kin.<\/p>\n<p>&#8211; Mun mielest\u00e4ni olisi pit\u00e4nyt sanoa, ett\u00e4 Herra J\u00e4\u00e4k\u00e4ri, ja vaikka ritarikin, mist\u00e4 sit\u00e4 tiet\u00e4\u00e4, vaikka se olisi ollut sekin ja luutnantti. Kaikki sellaiset hienot arvo-asteet olivat silloin Suomessa h\u00e4m\u00e4ri\u00e4. Odotin, mit\u00e4 suurta Eemeli sanoo ensimm\u00e4iseksi, mutta h\u00e4n sanoi vain yksinkertaisesti:<\/p>\n<p>&#8211; Onpa teill\u00e4 hyv\u00e4\u00e4 maitoa. Saksa oli n\u00e4lk\u00e4maa, siell\u00e4 ei saanut kuin vett\u00e4 ja porkkanasoppaa.<\/p>\n<p>T\u00e4m\u00e4 arkip\u00e4iv\u00e4inen lause suuren sankarin suusta pakotti minut tietysti arvojen uudelleen arviointiin, kuten nyky\u00e4\u00e4n sanotaan, mutta ei haihduttanut minusta sit\u00e4 ihailua, jonka j\u00e4\u00e4k\u00e4rijoukko ansaitsee.<\/p>\n<p>Se kun hoiteli meille t\u00e4m\u00e4n itsen\u00e4isyyden.<\/p>\n<\/div><\/section>\n","protected":false},"excerpt":{"rendered":"","protected":false},"author":2,"featured_media":0,"parent":2542,"menu_order":1,"comment_status":"closed","ping_status":"closed","template":"","meta":{"footnotes":""},"class_list":["post-2577","page","type-page","status-publish","hentry"],"yoast_head":"<!-- This site is optimized with the Yoast SEO plugin v27.4 - https:\/\/yoast.com\/product\/yoast-seo-wordpress\/ -->\n<title>J\u00e4\u00e4k\u00e4ri saapui Saksasta - Veteraanien Perint\u00f6<\/title>\n<meta name=\"robots\" content=\"index, follow, max-snippet:-1, max-image-preview:large, max-video-preview:-1\" \/>\n<link rel=\"canonical\" href=\"https:\/\/veteraanienperinto.fi\/index.php\/tietopankit\/kertomuksia\/jaakariliike\/jaakari-saapui-saksasta\/\" \/>\n<meta property=\"og:locale\" content=\"fi_FI\" \/>\n<meta property=\"og:type\" content=\"article\" \/>\n<meta property=\"og:title\" content=\"J\u00e4\u00e4k\u00e4ri saapui Saksasta - Veteraanien Perint\u00f6\" \/>\n<meta property=\"og:url\" content=\"https:\/\/veteraanienperinto.fi\/index.php\/tietopankit\/kertomuksia\/jaakariliike\/jaakari-saapui-saksasta\/\" \/>\n<meta property=\"og:site_name\" content=\"Veteraanien Perint\u00f6\" \/>\n<meta property=\"article:modified_time\" content=\"2020-09-07T08:13:52+00:00\" \/>\n<meta property=\"og:image\" content=\"https:\/\/veteraanienperinto.fi\/wp-content\/uploads\/2020\/09\/vantunen.jpg\" \/>\n<meta name=\"twitter:card\" content=\"summary_large_image\" \/>\n<meta name=\"twitter:label1\" content=\"Arvioitu lukuaika\" \/>\n\t<meta name=\"twitter:data1\" content=\"4 minuuttia\" \/>\n<script type=\"application\/ld+json\" class=\"yoast-schema-graph\">{\"@context\":\"https:\\\/\\\/schema.org\",\"@graph\":[{\"@type\":\"WebPage\",\"@id\":\"https:\\\/\\\/veteraanienperinto.fi\\\/index.php\\\/tietopankit\\\/kertomuksia\\\/jaakariliike\\\/jaakari-saapui-saksasta\\\/\",\"url\":\"https:\\\/\\\/veteraanienperinto.fi\\\/index.php\\\/tietopankit\\\/kertomuksia\\\/jaakariliike\\\/jaakari-saapui-saksasta\\\/\",\"name\":\"J\u00e4\u00e4k\u00e4ri saapui Saksasta - Veteraanien Perint\u00f6\",\"isPartOf\":{\"@id\":\"https:\\\/\\\/veteraanienperinto.fi\\\/#website\"},\"primaryImageOfPage\":{\"@id\":\"https:\\\/\\\/veteraanienperinto.fi\\\/index.php\\\/tietopankit\\\/kertomuksia\\\/jaakariliike\\\/jaakari-saapui-saksasta\\\/#primaryimage\"},\"image\":{\"@id\":\"https:\\\/\\\/veteraanienperinto.fi\\\/index.php\\\/tietopankit\\\/kertomuksia\\\/jaakariliike\\\/jaakari-saapui-saksasta\\\/#primaryimage\"},\"thumbnailUrl\":\"https:\\\/\\\/veteraanienperinto.fi\\\/wp-content\\\/uploads\\\/2020\\\/09\\\/vantunen.jpg\",\"datePublished\":\"2020-09-01T14:25:25+00:00\",\"dateModified\":\"2020-09-07T08:13:52+00:00\",\"breadcrumb\":{\"@id\":\"https:\\\/\\\/veteraanienperinto.fi\\\/index.php\\\/tietopankit\\\/kertomuksia\\\/jaakariliike\\\/jaakari-saapui-saksasta\\\/#breadcrumb\"},\"inLanguage\":\"fi\",\"potentialAction\":[{\"@type\":\"ReadAction\",\"target\":[\"https:\\\/\\\/veteraanienperinto.fi\\\/index.php\\\/tietopankit\\\/kertomuksia\\\/jaakariliike\\\/jaakari-saapui-saksasta\\\/\"]}]},{\"@type\":\"ImageObject\",\"inLanguage\":\"fi\",\"@id\":\"https:\\\/\\\/veteraanienperinto.fi\\\/index.php\\\/tietopankit\\\/kertomuksia\\\/jaakariliike\\\/jaakari-saapui-saksasta\\\/#primaryimage\",\"url\":\"https:\\\/\\\/veteraanienperinto.fi\\\/wp-content\\\/uploads\\\/2020\\\/09\\\/vantunen.jpg\",\"contentUrl\":\"https:\\\/\\\/veteraanienperinto.fi\\\/wp-content\\\/uploads\\\/2020\\\/09\\\/vantunen.jpg\",\"width\":188,\"height\":250,\"caption\":\"\\\"Vantusen Eemeli\\\" eli. Frans Emill Vantunen otti osaa vapaussotaan joukkueenjohtajana ja my\u00f6hemmin komppanianp\u00e4\u00e4llikk\u00f6n\u00e4 haavoittuen L\u00e4nkipohjassa 16.3. Suomen armeijassa h\u00e4n oli v\u00e4nrikki ja Viron armeijassa luutnantti, osallistuttuaan Viron vapaussotaan. Vantunen oli syntynyt Vaasassa 3.9.1897 ja kuoli jo 13.2.1929.\"},{\"@type\":\"BreadcrumbList\",\"@id\":\"https:\\\/\\\/veteraanienperinto.fi\\\/index.php\\\/tietopankit\\\/kertomuksia\\\/jaakariliike\\\/jaakari-saapui-saksasta\\\/#breadcrumb\",\"itemListElement\":[{\"@type\":\"ListItem\",\"position\":1,\"name\":\"Etusivu\",\"item\":\"https:\\\/\\\/veteraanienperinto.fi\\\/index.php\\\/etusivu-2\\\/\"},{\"@type\":\"ListItem\",\"position\":2,\"name\":\"Tietopankit\",\"item\":\"https:\\\/\\\/veteraanienperinto.fi\\\/index.php\\\/tietopankit\\\/\"},{\"@type\":\"ListItem\",\"position\":3,\"name\":\"Kertomuksia\",\"item\":\"https:\\\/\\\/veteraanienperinto.fi\\\/index.php\\\/tietopankit\\\/kertomuksia\\\/\"},{\"@type\":\"ListItem\",\"position\":4,\"name\":\"J\u00e4\u00e4k\u00e4riliike\",\"item\":\"https:\\\/\\\/veteraanienperinto.fi\\\/index.php\\\/tietopankit\\\/kertomuksia\\\/jaakariliike\\\/\"},{\"@type\":\"ListItem\",\"position\":5,\"name\":\"J\u00e4\u00e4k\u00e4ri saapui Saksasta\"}]},{\"@type\":\"WebSite\",\"@id\":\"https:\\\/\\\/veteraanienperinto.fi\\\/#website\",\"url\":\"https:\\\/\\\/veteraanienperinto.fi\\\/\",\"name\":\"Veteraanien Perint\u00f6\",\"description\":\"Kadettikunta\",\"potentialAction\":[{\"@type\":\"SearchAction\",\"target\":{\"@type\":\"EntryPoint\",\"urlTemplate\":\"https:\\\/\\\/veteraanienperinto.fi\\\/?s={search_term_string}\"},\"query-input\":{\"@type\":\"PropertyValueSpecification\",\"valueRequired\":true,\"valueName\":\"search_term_string\"}}],\"inLanguage\":\"fi\"}]}<\/script>\n<!-- \/ Yoast SEO plugin. -->","yoast_head_json":{"title":"J\u00e4\u00e4k\u00e4ri saapui Saksasta - Veteraanien Perint\u00f6","robots":{"index":"index","follow":"follow","max-snippet":"max-snippet:-1","max-image-preview":"max-image-preview:large","max-video-preview":"max-video-preview:-1"},"canonical":"https:\/\/veteraanienperinto.fi\/index.php\/tietopankit\/kertomuksia\/jaakariliike\/jaakari-saapui-saksasta\/","og_locale":"fi_FI","og_type":"article","og_title":"J\u00e4\u00e4k\u00e4ri saapui Saksasta - Veteraanien Perint\u00f6","og_url":"https:\/\/veteraanienperinto.fi\/index.php\/tietopankit\/kertomuksia\/jaakariliike\/jaakari-saapui-saksasta\/","og_site_name":"Veteraanien Perint\u00f6","article_modified_time":"2020-09-07T08:13:52+00:00","og_image":[{"url":"https:\/\/veteraanienperinto.fi\/wp-content\/uploads\/2020\/09\/vantunen.jpg","type":"","width":"","height":""}],"twitter_card":"summary_large_image","twitter_misc":{"Arvioitu lukuaika":"4 minuuttia"},"schema":{"@context":"https:\/\/schema.org","@graph":[{"@type":"WebPage","@id":"https:\/\/veteraanienperinto.fi\/index.php\/tietopankit\/kertomuksia\/jaakariliike\/jaakari-saapui-saksasta\/","url":"https:\/\/veteraanienperinto.fi\/index.php\/tietopankit\/kertomuksia\/jaakariliike\/jaakari-saapui-saksasta\/","name":"J\u00e4\u00e4k\u00e4ri saapui Saksasta - Veteraanien Perint\u00f6","isPartOf":{"@id":"https:\/\/veteraanienperinto.fi\/#website"},"primaryImageOfPage":{"@id":"https:\/\/veteraanienperinto.fi\/index.php\/tietopankit\/kertomuksia\/jaakariliike\/jaakari-saapui-saksasta\/#primaryimage"},"image":{"@id":"https:\/\/veteraanienperinto.fi\/index.php\/tietopankit\/kertomuksia\/jaakariliike\/jaakari-saapui-saksasta\/#primaryimage"},"thumbnailUrl":"https:\/\/veteraanienperinto.fi\/wp-content\/uploads\/2020\/09\/vantunen.jpg","datePublished":"2020-09-01T14:25:25+00:00","dateModified":"2020-09-07T08:13:52+00:00","breadcrumb":{"@id":"https:\/\/veteraanienperinto.fi\/index.php\/tietopankit\/kertomuksia\/jaakariliike\/jaakari-saapui-saksasta\/#breadcrumb"},"inLanguage":"fi","potentialAction":[{"@type":"ReadAction","target":["https:\/\/veteraanienperinto.fi\/index.php\/tietopankit\/kertomuksia\/jaakariliike\/jaakari-saapui-saksasta\/"]}]},{"@type":"ImageObject","inLanguage":"fi","@id":"https:\/\/veteraanienperinto.fi\/index.php\/tietopankit\/kertomuksia\/jaakariliike\/jaakari-saapui-saksasta\/#primaryimage","url":"https:\/\/veteraanienperinto.fi\/wp-content\/uploads\/2020\/09\/vantunen.jpg","contentUrl":"https:\/\/veteraanienperinto.fi\/wp-content\/uploads\/2020\/09\/vantunen.jpg","width":188,"height":250,"caption":"\"Vantusen Eemeli\" eli. Frans Emill Vantunen otti osaa vapaussotaan joukkueenjohtajana ja my\u00f6hemmin komppanianp\u00e4\u00e4llikk\u00f6n\u00e4 haavoittuen L\u00e4nkipohjassa 16.3. Suomen armeijassa h\u00e4n oli v\u00e4nrikki ja Viron armeijassa luutnantti, osallistuttuaan Viron vapaussotaan. Vantunen oli syntynyt Vaasassa 3.9.1897 ja kuoli jo 13.2.1929."},{"@type":"BreadcrumbList","@id":"https:\/\/veteraanienperinto.fi\/index.php\/tietopankit\/kertomuksia\/jaakariliike\/jaakari-saapui-saksasta\/#breadcrumb","itemListElement":[{"@type":"ListItem","position":1,"name":"Etusivu","item":"https:\/\/veteraanienperinto.fi\/index.php\/etusivu-2\/"},{"@type":"ListItem","position":2,"name":"Tietopankit","item":"https:\/\/veteraanienperinto.fi\/index.php\/tietopankit\/"},{"@type":"ListItem","position":3,"name":"Kertomuksia","item":"https:\/\/veteraanienperinto.fi\/index.php\/tietopankit\/kertomuksia\/"},{"@type":"ListItem","position":4,"name":"J\u00e4\u00e4k\u00e4riliike","item":"https:\/\/veteraanienperinto.fi\/index.php\/tietopankit\/kertomuksia\/jaakariliike\/"},{"@type":"ListItem","position":5,"name":"J\u00e4\u00e4k\u00e4ri saapui Saksasta"}]},{"@type":"WebSite","@id":"https:\/\/veteraanienperinto.fi\/#website","url":"https:\/\/veteraanienperinto.fi\/","name":"Veteraanien Perint\u00f6","description":"Kadettikunta","potentialAction":[{"@type":"SearchAction","target":{"@type":"EntryPoint","urlTemplate":"https:\/\/veteraanienperinto.fi\/?s={search_term_string}"},"query-input":{"@type":"PropertyValueSpecification","valueRequired":true,"valueName":"search_term_string"}}],"inLanguage":"fi"}]}},"_links":{"self":[{"href":"https:\/\/veteraanienperinto.fi\/index.php\/wp-json\/wp\/v2\/pages\/2577","targetHints":{"allow":["GET"]}}],"collection":[{"href":"https:\/\/veteraanienperinto.fi\/index.php\/wp-json\/wp\/v2\/pages"}],"about":[{"href":"https:\/\/veteraanienperinto.fi\/index.php\/wp-json\/wp\/v2\/types\/page"}],"author":[{"embeddable":true,"href":"https:\/\/veteraanienperinto.fi\/index.php\/wp-json\/wp\/v2\/users\/2"}],"replies":[{"embeddable":true,"href":"https:\/\/veteraanienperinto.fi\/index.php\/wp-json\/wp\/v2\/comments?post=2577"}],"version-history":[{"count":3,"href":"https:\/\/veteraanienperinto.fi\/index.php\/wp-json\/wp\/v2\/pages\/2577\/revisions"}],"predecessor-version":[{"id":6663,"href":"https:\/\/veteraanienperinto.fi\/index.php\/wp-json\/wp\/v2\/pages\/2577\/revisions\/6663"}],"up":[{"embeddable":true,"href":"https:\/\/veteraanienperinto.fi\/index.php\/wp-json\/wp\/v2\/pages\/2542"}],"wp:attachment":[{"href":"https:\/\/veteraanienperinto.fi\/index.php\/wp-json\/wp\/v2\/media?parent=2577"}],"curies":[{"name":"wp","href":"https:\/\/api.w.org\/{rel}","templated":true}]}}