{"id":2619,"date":"2020-09-01T14:46:25","date_gmt":"2020-09-01T14:46:25","guid":{"rendered":"https:\/\/veteraani.ylirotu.fi\/?page_id=2619"},"modified":"2020-09-07T09:15:12","modified_gmt":"2020-09-07T09:15:12","slug":"suomalaiset-sukellusveneet","status":"publish","type":"page","link":"https:\/\/veteraanienperinto.fi\/index.php\/tietopankit\/kertomuksia\/aselajien-toiminta\/suomalaiset-sukellusveneet\/","title":{"rendered":"Suomalaiset sukellusveneet"},"content":{"rendered":"\n<style type=\"text\/css\" data-created_by=\"avia_inline_auto\" id=\"style-css-av-av_heading-34ebf1e0b2da65063c1f328857d01610\">\n#top .av-special-heading.av-av_heading-34ebf1e0b2da65063c1f328857d01610{\npadding-bottom:10px;\n}\nbody .av-special-heading.av-av_heading-34ebf1e0b2da65063c1f328857d01610 .av-special-heading-tag .heading-char{\nfont-size:25px;\n}\n.av-special-heading.av-av_heading-34ebf1e0b2da65063c1f328857d01610 .av-subheading{\nfont-size:15px;\n}\n<\/style>\n<div  class='av-special-heading av-av_heading-34ebf1e0b2da65063c1f328857d01610 av-special-heading-h3  avia-builder-el-0  el_before_av_textblock  avia-builder-el-first '><h3 class='av-special-heading-tag'  itemprop=\"headline\"  >Suomalaiset sukellusveneet<\/h3><div class=\"special-heading-border\"><div class=\"special-heading-inner-border\"><\/div><\/div><\/div>\n<section  class='av_textblock_section av-kek0ol8w-0f04af88ec907b2c66cea4bf3dbe1d4c '   itemscope=\"itemscope\" itemtype=\"https:\/\/schema.org\/CreativeWork\" ><div class='avia_textblock'  itemprop=\"text\" ><p><strong>Erik Helenius:<\/strong><\/p>\n<p><img loading=\"lazy\" decoding=\"async\" class=\"size-medium wp-image-3364 alignright\" src=\"https:\/\/veteraanienperinto.fi\/wp-content\/uploads\/2020\/09\/Suomalaiset-suvet-300x212.jpg\" alt=\"\" width=\"300\" height=\"212\" srcset=\"https:\/\/veteraanienperinto.fi\/wp-content\/uploads\/2020\/09\/Suomalaiset-suvet-300x212.jpg 300w, https:\/\/veteraanienperinto.fi\/wp-content\/uploads\/2020\/09\/Suomalaiset-suvet-260x185.jpg 260w, https:\/\/veteraanienperinto.fi\/wp-content\/uploads\/2020\/09\/Suomalaiset-suvet.jpg 400w\" sizes=\"auto, (max-width: 300px) 100vw, 300px\" \/>Meid\u00e4n veneemme olivat suunnitellut 1920-luvun loppupuolella ja perustuivat I maailmansodan aikana saatuihin kokemuksiin. K\u00e4yt\u00e4n seuraavassa esimerkkin\u00e4 meid\u00e4n suurinta eli Vetehis-luokan venett\u00e4mme, koska siin\u00e4 olivat mm. kaikki sukellusveneen aseet.<\/p>\n<p>Veneen pituus oli 63,5 m ja sen uppouma pinnalla 493 t sek\u00e4 sukelluksissa 718 tonnia. Suurin sallittu sukellussyvyys oli 75 m, vaikka painerungon kest\u00e4vyys oli laskettu 180 metrin syvyyteen saakka. Sukellusveneeseen kuuluivat oleellisena osana sukellustankit, joiden avulla se sukelsi veden virratessa tankkeihin. T\u00e4rke\u00e4 elementti oli my\u00f6s paineilma, jolla oli useita erilaisia teht\u00e4vi\u00e4 veneess\u00e4. Paineilma s\u00e4ilytettiin 180 ilmakeh\u00e4n paineessa ilmapulloissa, kuten my\u00f6s happivarastot.<\/p>\n<p><img loading=\"lazy\" decoding=\"async\" class=\"size-medium wp-image-3482 alignleft\" src=\"https:\/\/veteraanienperinto.fi\/wp-content\/uploads\/2020\/09\/Sukellusveneet-2-300x212.jpg\" alt=\"\" width=\"300\" height=\"212\" srcset=\"https:\/\/veteraanienperinto.fi\/wp-content\/uploads\/2020\/09\/Sukellusveneet-2-300x212.jpg 300w, https:\/\/veteraanienperinto.fi\/wp-content\/uploads\/2020\/09\/Sukellusveneet-2-260x185.jpg 260w, https:\/\/veteraanienperinto.fi\/wp-content\/uploads\/2020\/09\/Sukellusveneet-2.jpg 350w\" sizes=\"auto, (max-width: 300px) 100vw, 300px\" \/>Painerunko oli jaettu kahdella paineenkest\u00e4v\u00e4ll\u00e4 ja kolmella vesitiiviill\u00e4 laipiolla kuuteen osastoon, jotka per\u00e4st\u00e4 alkaen olivat seuraavat:<br \/>\n1.\u00a0Per\u00e4torpedo- ja s\u00e4hk\u00f6moottoriosasto.<\/p>\n<p>2.\u00a0Dieselosasto.<\/p>\n<p>3.\u00a0Per\u00e4akkurnalaattoriruuma, jonka p\u00e4\u00e4ll\u00e4 oli nelj\u00e4n konehenkil\u00f6st\u00f6\u00f6n kuuluvan asunto.<\/p>\n<p>4.\u00a0Miinanlaskuosasto, jossa alhaalla olivat tasaus- ja s\u00e4\u00e4t\u00f6tankit ja p\u00e4\u00e4ll\u00e4 nelj\u00e4n kansihenkil\u00f6st\u00f6\u00f6n kuuluvan asunto. Veneen keskus oli yhten\u00e4inen osasto, jonka alla olivat muona-, ammus- ja k\u00e4ytt\u00f6-\u00f6ljys\u00e4ili\u00f6t eli p\u00e4iv\u00e4tankit.<\/p>\n<p>5.\u00a0Keula-akkumalaattoriruuma, jossa my\u00f6s oli upseeriosasto, radiohytti ja keitti\u00f6.<\/p>\n<p>6.\u00a0Keulatorpedo-osasto, joka samalla oli 12 miehist\u00f6\u00f6n kuuluvan asunto-osastona.<\/p>\n<p>7.\u00a0Keskuksen p\u00e4\u00e4ll\u00e4 oli torni, jossa oli luukku osastoon nelj\u00e4 eli keskukseen; my\u00f6s katossa oli luukku, joka johti sillalle. Torniin oli sijoitettu kaksi 6,2 metrin pituista n\u00e4k\u00f6putkea.<\/p>\n<p><strong>Sukellusvenemiesten valinta<\/strong><\/p>\n<p>Pintakulussa vene k\u00e4ytti kahta dieselkonetta ja sukelluksissa kahta s\u00e4hk\u00f6moottoria, jotka saivat virtansa 124 kennosta.<\/p>\n<p>T\u00e4llainen oli tuleva toimipaikkani kun vuoden 1941 lopulla Laivaston komentaja kutsui minut puhutteluun ja kysyi, haluanko siirty\u00e4 sukellusveneelle. Vastasin my\u00f6nt\u00e4v\u00e4sti ja vuoden 1942 alusta siirryin sukellusveneupseerikurssille. Menettely oli henkil\u00f6st\u00f6n valinnassa t\u00e4llainen. Sukellusveneille otettiin vain vapaaehtoisia!<\/p>\n<p>Kurssin kestetty\u00e4 kolme kuukautta kurssilaiset siirtyiv\u00e4t veneille, aluksi nuoremmiksi upseereiksi.<\/p>\n<p>Veneiden monimutkainen toiminta vaati aluksien henkil\u00f6st\u00f6n jakoa ns. jakokirjan mukaisiin toimipaikkoihin, kuten muillakin laivaston aluksilla. Teht\u00e4vist\u00e4 mainittakoon: taisteluh\u00e4lytys pinnalla tai sukelluksissa, irrotus- ja kiinnitysh\u00e4lytys, merivahti ja sukellush\u00e4lytys, er\u00e4it\u00e4 t\u00e4rkeimpi\u00e4 mainitakseni. Veneell\u00e4 oli lukuisia huoltoteht\u00e4vi\u00e4 kuten aseiden huolto, akkujen lataus, yleiset laivaty\u00f6t, aluksen &#8221;painon&#8221; laskeminen sek\u00e4 veneen viippaaminen, keula- ja per\u00e4puolen pit\u00e4minen samanpainoisina.<\/p>\n<p><strong>El\u00e4m\u00e4 sukellusveneess\u00e4 vaatii sopeutumista<br \/>\n<\/strong><\/p>\n<p>Miten t\u00e4ss\u00e4 melko ahtaassa, monien putkien, vedenpaineen kest\u00e4vien ovien ja lukemattomien venttiilien keskell\u00e4 tultiin toimeen?<\/p>\n<p>Aloitetaan vaikkapa nukkumisesta. On paljon puhuttu ns. l\u00e4mpim\u00e4st\u00e4 punkasta eli petist\u00e4, jota kaksi k\u00e4ytti vuorollaan. Suomen veneill\u00e4 jokaisella miehell\u00e4 kyll\u00e4 oli oma peti.<\/p>\n<p><img loading=\"lazy\" decoding=\"async\" class=\"size-medium wp-image-3483 alignright\" src=\"https:\/\/veteraanienperinto.fi\/wp-content\/uploads\/2020\/09\/Sukellusveneet-3-300x195.jpg\" alt=\"\" width=\"300\" height=\"195\" srcset=\"https:\/\/veteraanienperinto.fi\/wp-content\/uploads\/2020\/09\/Sukellusveneet-3-300x195.jpg 300w, https:\/\/veteraanienperinto.fi\/wp-content\/uploads\/2020\/09\/Sukellusveneet-3.jpg 350w\" sizes=\"auto, (max-width: 300px) 100vw, 300px\" \/>Ruokailu tapahtui normaalisti pinnalla ollessamme, mutta sukelluksissa voitiin tietyin edellytyksin k\u00e4ytt\u00e4\u00e4 sissimuonan tapaan jaettua erikoismuonaa, johon muuten sis\u00e4ltyi oikeaa kahvia. Y\u00f6toiminnan aikana se oli todella pirist\u00e4v\u00e4\u00e4.<\/p>\n<p>Sukelluksista tuli esille my\u00f6s ilman puhdistus. Hiilihapon m\u00e4\u00e4r\u00e4 ei saanut ylitt\u00e4\u00e4 1,5 prosenttia vaan tuuletus oli aloitettava melko pian sukelluksen j\u00e4lkeen. Ilma tuuletettiin kalipatruunoiden kautta. Kali sitoi hiilihapon ja ilmaan lis\u00e4ttiin vain kulutettu happi. Oltaessa pitk\u00e4\u00e4n sukelluksissa oli v\u00e4lill\u00e4 tarkistettava hyrr\u00e4kompassin n\u00e4ytt\u00e4m\u00e4 suunta eli katsottava ettei ruorimies ollut nukahtanut.<\/p>\n<p>Vahtipalvelus oli pintakulussa sama kuin laivaston alusten yleens\u00e4 k\u00e4ytt\u00e4m\u00e4, mutta sukelluksissa oli yleens\u00e4 2 tunnin vahdit. Upseerivahvuus oli yleens\u00e4 vain kaksi. Taisteluh\u00e4lytys veneen ollessa sukelluksissa edusti tietty\u00e4 huipputilannetta, silloin jokainen mies oli paikallaan.<\/p>\n<p><strong>Sukellusveneen aseet<\/strong><\/p>\n<p><img loading=\"lazy\" decoding=\"async\" class=\"size-medium wp-image-3484 alignleft\" src=\"https:\/\/veteraanienperinto.fi\/wp-content\/uploads\/2020\/09\/Sukellusveneet-4-300x212.jpg\" alt=\"\" width=\"300\" height=\"212\" srcset=\"https:\/\/veteraanienperinto.fi\/wp-content\/uploads\/2020\/09\/Sukellusveneet-4-300x212.jpg 300w, https:\/\/veteraanienperinto.fi\/wp-content\/uploads\/2020\/09\/Sukellusveneet-4-260x185.jpg 260w, https:\/\/veteraanienperinto.fi\/wp-content\/uploads\/2020\/09\/Sukellusveneet-4.jpg 350w\" sizes=\"auto, (max-width: 300px) 100vw, 300px\" \/>Veneemme t\u00e4rkein ase oli torpedo, jonka huolto aluksella oli juttu sin\u00e4ns\u00e4. Torpedot vaativat viikoittaiset tarkastukset ja torpedon hyrr\u00e4 aika-ajoin suuntavakavuuden tarkistuksen. Ottaen huomioon, ett\u00e4 torpedo painoi noin tonnin, sen k\u00e4sittely ei ollut helppoa. Sen ampumakuntoon saamiseksi ei tarvinnut muuta kuin avata torpedoputken ulkoluukut ja odottaa k\u00e4sky\u00e4. Keula torpedo-osastossa oli kaksi varatorpedoa, joten muutaman miehen petit olivat &#8221;turvallisessa&#8221; paikassa.<\/p>\n<p>My\u00f6s miinat vaativat osakseen huomiota. Veneen keskialuksella, tornin kummallakin puolella oli 5 miinakuilua, joissa oli p\u00e4\u00e4llekk\u00e4in kaksi miinaa Ne voitiin pudottaa veneen sis\u00e4lt\u00e4.<\/p>\n<p>Pinnalla oltaessa k\u00e4ytett\u00e4viss\u00e4 oli torpedojen lis\u00e4ksi 76 mm ja a 20 mm tykit,<\/p>\n<p>P\u00e4iv\u00e4palvelus aloitettiin her\u00e4tyksell\u00e4 klo 6. Sit\u00e4 seurasivat aamutoimet. Klo 8 suoritettiin lipunnosto ja ty\u00f6njako. N\u00e4in tehtiin normaalioloissa. Toiminnan aikana oltiin joko merivahdissa tai sukelluksissa.<\/p>\n<p><strong>Veden alla jopa 3 vuorokautta<\/strong><\/p>\n<p>Ehk\u00e4 kiinnostavin asia on kuitenkin el\u00e4m\u00e4 sukelluksissa. Veneemme oli suunniteltu 80 mpk (n. 150 km) vedenalaiseen matkaan 4 solmun nopeudella. Sukelluksissa pystyttiin olemaan esim. paikallaan pohjassa n. 3 vrk. Normaali partiomatka ajettiin vahdittain, jolloin vapaana vahdista olevat yleens\u00e4 lep\u00e4siv\u00e4t. Turha liikkuminen veneess\u00e4 ei ollut sallittua, turhat s\u00e4hk\u00f6valot sammutettiin, piti s\u00e4\u00e4st\u00e4\u00e4 s\u00e4hk\u00f6\u00e4! Ruokailu tapahtui vahdeittain, kuten muillakin aluksilla. Sukellusaika meill\u00e4 oli yleens\u00e4 23-24 tuntia.<\/p>\n<p><img loading=\"lazy\" decoding=\"async\" class=\"size-medium wp-image-3485 alignright\" src=\"https:\/\/veteraanienperinto.fi\/wp-content\/uploads\/2020\/09\/Sukellusveneet-5-300x196.jpg\" alt=\"\" width=\"300\" height=\"196\" srcset=\"https:\/\/veteraanienperinto.fi\/wp-content\/uploads\/2020\/09\/Sukellusveneet-5-300x196.jpg 300w, https:\/\/veteraanienperinto.fi\/wp-content\/uploads\/2020\/09\/Sukellusveneet-5.jpg 350w\" sizes=\"auto, (max-width: 300px) 100vw, 300px\" \/>Pinnalle noustaessa noustiin aluksi n\u00e4k\u00f6putkisyvyydelle, jolloin k\u00f6li oli 13 m:n syvyydess\u00e4. T\u00e4ll\u00f6in p\u00e4\u00e4llikk\u00f6 suoritti ymp\u00e4rist\u00f6n tarkastelun. Ellei h\u00e4n huomannut mit\u00e4\u00e4n ep\u00e4ilytt\u00e4v\u00e4\u00e4 h\u00e4n k\u00e4ski nousta. K\u00e4skyll\u00e4 -ilmaa kaikille- voitiin poistaa vett\u00e4 sukellustankeista niin paljon, ett\u00e4 torni oli pinnalla. Dieselit k\u00e4ynnistettiin ja loppuvesi puhallettiin tuulettimella pois. Mik\u00e4li veneen sukelluskyky\u00e4 ei tarvittu pohjaluukut voitiin sulkea.<\/p>\n<p>Hy\u00f6kk\u00e4yksess\u00e4 vihollisen alusta vastaan p\u00e4\u00e4llikk\u00f6 oli ainoa, joka ratkaisi maalin nopeuden ja maalikulman. N\u00e4itten avulla voitiin laskea t\u00e4ht\u00e4yskulma. jonka avulla torpedon piti osua.<\/p>\n<p>Vihollinen kohdisti vastatoimenpiteet veneeseen heti sen tultua havaituksi tai torpedon osuessa. Vene yritti v\u00e4ist\u00e4\u00e4 vastustajan syvyyspommit, jotka aiheuttivat huomattavaa t\u00e4r\u00e4htely\u00e4 vedess\u00e4. On kuitenkin todettava, ett\u00e4 silloisella vastustajilla ei ollut hyvi\u00e4 kuuntelulaitteita. Ehk\u00e4 t\u00e4m\u00e4 pelasti veneemme useista hy\u00f6kk\u00e4yksist\u00e4.<\/p>\n<p>T\u00e4m\u00e4n tapaista oli el\u00e4m\u00e4 sukellusveneess\u00e4. Toimintaan liittyi monenlaisia tapahtumia, jotka antoivat lis\u00e4potkua henkil\u00f6st\u00f6lle.<\/p>\n<p>Muistiini on j\u00e4\u00e4nyt erikoisesti toiminta Ahvenanmerell\u00e4 vuonna 1942, jolloin isot veneet vuorollaan upottivat yhden sukellusveneen. Onnistunut hy\u00f6kk\u00e4ys ja mahdolliset palkkiot kunniamerkein oli er\u00e4s tapa pirist\u00e4\u00e4 veneen miehist\u00f6\u00e4. Toiminta-alue oli kes\u00e4ll\u00e4 1944 it\u00e4inen Suomenlahti ja Koiviston salmen miinoittaminen 5.7.1944.<\/p>\n<\/div><\/section>\n","protected":false},"excerpt":{"rendered":"","protected":false},"author":2,"featured_media":0,"parent":2515,"menu_order":10,"comment_status":"closed","ping_status":"closed","template":"","meta":{"footnotes":""},"class_list":["post-2619","page","type-page","status-publish","hentry"],"yoast_head":"<!-- This site is optimized with the Yoast SEO plugin v27.5 - https:\/\/yoast.com\/product\/yoast-seo-wordpress\/ -->\n<title>Suomalaiset sukellusveneet - Veteraanien Perint\u00f6<\/title>\n<meta name=\"robots\" content=\"index, follow, max-snippet:-1, max-image-preview:large, max-video-preview:-1\" \/>\n<link rel=\"canonical\" href=\"https:\/\/veteraanienperinto.fi\/index.php\/tietopankit\/kertomuksia\/aselajien-toiminta\/suomalaiset-sukellusveneet\/\" \/>\n<meta property=\"og:locale\" content=\"fi_FI\" \/>\n<meta property=\"og:type\" content=\"article\" \/>\n<meta property=\"og:title\" content=\"Suomalaiset sukellusveneet - Veteraanien Perint\u00f6\" \/>\n<meta property=\"og:url\" content=\"https:\/\/veteraanienperinto.fi\/index.php\/tietopankit\/kertomuksia\/aselajien-toiminta\/suomalaiset-sukellusveneet\/\" \/>\n<meta property=\"og:site_name\" content=\"Veteraanien Perint\u00f6\" \/>\n<meta property=\"article:modified_time\" content=\"2020-09-07T09:15:12+00:00\" \/>\n<meta property=\"og:image\" content=\"https:\/\/veteraanienperinto.fi\/wp-content\/uploads\/2020\/09\/Suomalaiset-suvet-300x212.jpg\" \/>\n<meta name=\"twitter:card\" content=\"summary_large_image\" \/>\n<meta name=\"twitter:label1\" content=\"Arvioitu lukuaika\" \/>\n\t<meta name=\"twitter:data1\" content=\"5 minuuttia\" \/>\n<script type=\"application\/ld+json\" class=\"yoast-schema-graph\">{\"@context\":\"https:\\\/\\\/schema.org\",\"@graph\":[{\"@type\":\"WebPage\",\"@id\":\"https:\\\/\\\/veteraanienperinto.fi\\\/index.php\\\/tietopankit\\\/kertomuksia\\\/aselajien-toiminta\\\/suomalaiset-sukellusveneet\\\/\",\"url\":\"https:\\\/\\\/veteraanienperinto.fi\\\/index.php\\\/tietopankit\\\/kertomuksia\\\/aselajien-toiminta\\\/suomalaiset-sukellusveneet\\\/\",\"name\":\"Suomalaiset sukellusveneet - Veteraanien Perint\u00f6\",\"isPartOf\":{\"@id\":\"https:\\\/\\\/veteraanienperinto.fi\\\/#website\"},\"primaryImageOfPage\":{\"@id\":\"https:\\\/\\\/veteraanienperinto.fi\\\/index.php\\\/tietopankit\\\/kertomuksia\\\/aselajien-toiminta\\\/suomalaiset-sukellusveneet\\\/#primaryimage\"},\"image\":{\"@id\":\"https:\\\/\\\/veteraanienperinto.fi\\\/index.php\\\/tietopankit\\\/kertomuksia\\\/aselajien-toiminta\\\/suomalaiset-sukellusveneet\\\/#primaryimage\"},\"thumbnailUrl\":\"https:\\\/\\\/veteraanienperinto.fi\\\/wp-content\\\/uploads\\\/2020\\\/09\\\/Suomalaiset-suvet-300x212.jpg\",\"datePublished\":\"2020-09-01T14:46:25+00:00\",\"dateModified\":\"2020-09-07T09:15:12+00:00\",\"breadcrumb\":{\"@id\":\"https:\\\/\\\/veteraanienperinto.fi\\\/index.php\\\/tietopankit\\\/kertomuksia\\\/aselajien-toiminta\\\/suomalaiset-sukellusveneet\\\/#breadcrumb\"},\"inLanguage\":\"fi\",\"potentialAction\":[{\"@type\":\"ReadAction\",\"target\":[\"https:\\\/\\\/veteraanienperinto.fi\\\/index.php\\\/tietopankit\\\/kertomuksia\\\/aselajien-toiminta\\\/suomalaiset-sukellusveneet\\\/\"]}]},{\"@type\":\"ImageObject\",\"inLanguage\":\"fi\",\"@id\":\"https:\\\/\\\/veteraanienperinto.fi\\\/index.php\\\/tietopankit\\\/kertomuksia\\\/aselajien-toiminta\\\/suomalaiset-sukellusveneet\\\/#primaryimage\",\"url\":\"https:\\\/\\\/veteraanienperinto.fi\\\/wp-content\\\/uploads\\\/2020\\\/09\\\/Suomalaiset-suvet.jpg\",\"contentUrl\":\"https:\\\/\\\/veteraanienperinto.fi\\\/wp-content\\\/uploads\\\/2020\\\/09\\\/Suomalaiset-suvet.jpg\",\"width\":400,\"height\":283},{\"@type\":\"BreadcrumbList\",\"@id\":\"https:\\\/\\\/veteraanienperinto.fi\\\/index.php\\\/tietopankit\\\/kertomuksia\\\/aselajien-toiminta\\\/suomalaiset-sukellusveneet\\\/#breadcrumb\",\"itemListElement\":[{\"@type\":\"ListItem\",\"position\":1,\"name\":\"Etusivu\",\"item\":\"https:\\\/\\\/veteraanienperinto.fi\\\/index.php\\\/etusivu-2\\\/\"},{\"@type\":\"ListItem\",\"position\":2,\"name\":\"Tietopankit\",\"item\":\"https:\\\/\\\/veteraanienperinto.fi\\\/index.php\\\/tietopankit\\\/\"},{\"@type\":\"ListItem\",\"position\":3,\"name\":\"Kertomuksia\",\"item\":\"https:\\\/\\\/veteraanienperinto.fi\\\/index.php\\\/tietopankit\\\/kertomuksia\\\/\"},{\"@type\":\"ListItem\",\"position\":4,\"name\":\"Puolustushaarat ja aselajit\",\"item\":\"https:\\\/\\\/veteraanienperinto.fi\\\/index.php\\\/tietopankit\\\/kertomuksia\\\/aselajien-toiminta\\\/\"},{\"@type\":\"ListItem\",\"position\":5,\"name\":\"Suomalaiset sukellusveneet\"}]},{\"@type\":\"WebSite\",\"@id\":\"https:\\\/\\\/veteraanienperinto.fi\\\/#website\",\"url\":\"https:\\\/\\\/veteraanienperinto.fi\\\/\",\"name\":\"Veteraanien Perint\u00f6\",\"description\":\"Kadettikunta\",\"potentialAction\":[{\"@type\":\"SearchAction\",\"target\":{\"@type\":\"EntryPoint\",\"urlTemplate\":\"https:\\\/\\\/veteraanienperinto.fi\\\/?s={search_term_string}\"},\"query-input\":{\"@type\":\"PropertyValueSpecification\",\"valueRequired\":true,\"valueName\":\"search_term_string\"}}],\"inLanguage\":\"fi\"}]}<\/script>\n<!-- \/ Yoast SEO plugin. -->","yoast_head_json":{"title":"Suomalaiset sukellusveneet - Veteraanien Perint\u00f6","robots":{"index":"index","follow":"follow","max-snippet":"max-snippet:-1","max-image-preview":"max-image-preview:large","max-video-preview":"max-video-preview:-1"},"canonical":"https:\/\/veteraanienperinto.fi\/index.php\/tietopankit\/kertomuksia\/aselajien-toiminta\/suomalaiset-sukellusveneet\/","og_locale":"fi_FI","og_type":"article","og_title":"Suomalaiset sukellusveneet - Veteraanien Perint\u00f6","og_url":"https:\/\/veteraanienperinto.fi\/index.php\/tietopankit\/kertomuksia\/aselajien-toiminta\/suomalaiset-sukellusveneet\/","og_site_name":"Veteraanien Perint\u00f6","article_modified_time":"2020-09-07T09:15:12+00:00","og_image":[{"url":"https:\/\/veteraanienperinto.fi\/wp-content\/uploads\/2020\/09\/Suomalaiset-suvet-300x212.jpg","type":"","width":"","height":""}],"twitter_card":"summary_large_image","twitter_misc":{"Arvioitu lukuaika":"5 minuuttia"},"schema":{"@context":"https:\/\/schema.org","@graph":[{"@type":"WebPage","@id":"https:\/\/veteraanienperinto.fi\/index.php\/tietopankit\/kertomuksia\/aselajien-toiminta\/suomalaiset-sukellusveneet\/","url":"https:\/\/veteraanienperinto.fi\/index.php\/tietopankit\/kertomuksia\/aselajien-toiminta\/suomalaiset-sukellusveneet\/","name":"Suomalaiset sukellusveneet - Veteraanien Perint\u00f6","isPartOf":{"@id":"https:\/\/veteraanienperinto.fi\/#website"},"primaryImageOfPage":{"@id":"https:\/\/veteraanienperinto.fi\/index.php\/tietopankit\/kertomuksia\/aselajien-toiminta\/suomalaiset-sukellusveneet\/#primaryimage"},"image":{"@id":"https:\/\/veteraanienperinto.fi\/index.php\/tietopankit\/kertomuksia\/aselajien-toiminta\/suomalaiset-sukellusveneet\/#primaryimage"},"thumbnailUrl":"https:\/\/veteraanienperinto.fi\/wp-content\/uploads\/2020\/09\/Suomalaiset-suvet-300x212.jpg","datePublished":"2020-09-01T14:46:25+00:00","dateModified":"2020-09-07T09:15:12+00:00","breadcrumb":{"@id":"https:\/\/veteraanienperinto.fi\/index.php\/tietopankit\/kertomuksia\/aselajien-toiminta\/suomalaiset-sukellusveneet\/#breadcrumb"},"inLanguage":"fi","potentialAction":[{"@type":"ReadAction","target":["https:\/\/veteraanienperinto.fi\/index.php\/tietopankit\/kertomuksia\/aselajien-toiminta\/suomalaiset-sukellusveneet\/"]}]},{"@type":"ImageObject","inLanguage":"fi","@id":"https:\/\/veteraanienperinto.fi\/index.php\/tietopankit\/kertomuksia\/aselajien-toiminta\/suomalaiset-sukellusveneet\/#primaryimage","url":"https:\/\/veteraanienperinto.fi\/wp-content\/uploads\/2020\/09\/Suomalaiset-suvet.jpg","contentUrl":"https:\/\/veteraanienperinto.fi\/wp-content\/uploads\/2020\/09\/Suomalaiset-suvet.jpg","width":400,"height":283},{"@type":"BreadcrumbList","@id":"https:\/\/veteraanienperinto.fi\/index.php\/tietopankit\/kertomuksia\/aselajien-toiminta\/suomalaiset-sukellusveneet\/#breadcrumb","itemListElement":[{"@type":"ListItem","position":1,"name":"Etusivu","item":"https:\/\/veteraanienperinto.fi\/index.php\/etusivu-2\/"},{"@type":"ListItem","position":2,"name":"Tietopankit","item":"https:\/\/veteraanienperinto.fi\/index.php\/tietopankit\/"},{"@type":"ListItem","position":3,"name":"Kertomuksia","item":"https:\/\/veteraanienperinto.fi\/index.php\/tietopankit\/kertomuksia\/"},{"@type":"ListItem","position":4,"name":"Puolustushaarat ja aselajit","item":"https:\/\/veteraanienperinto.fi\/index.php\/tietopankit\/kertomuksia\/aselajien-toiminta\/"},{"@type":"ListItem","position":5,"name":"Suomalaiset sukellusveneet"}]},{"@type":"WebSite","@id":"https:\/\/veteraanienperinto.fi\/#website","url":"https:\/\/veteraanienperinto.fi\/","name":"Veteraanien Perint\u00f6","description":"Kadettikunta","potentialAction":[{"@type":"SearchAction","target":{"@type":"EntryPoint","urlTemplate":"https:\/\/veteraanienperinto.fi\/?s={search_term_string}"},"query-input":{"@type":"PropertyValueSpecification","valueRequired":true,"valueName":"search_term_string"}}],"inLanguage":"fi"}]}},"_links":{"self":[{"href":"https:\/\/veteraanienperinto.fi\/index.php\/wp-json\/wp\/v2\/pages\/2619","targetHints":{"allow":["GET"]}}],"collection":[{"href":"https:\/\/veteraanienperinto.fi\/index.php\/wp-json\/wp\/v2\/pages"}],"about":[{"href":"https:\/\/veteraanienperinto.fi\/index.php\/wp-json\/wp\/v2\/types\/page"}],"author":[{"embeddable":true,"href":"https:\/\/veteraanienperinto.fi\/index.php\/wp-json\/wp\/v2\/users\/2"}],"replies":[{"embeddable":true,"href":"https:\/\/veteraanienperinto.fi\/index.php\/wp-json\/wp\/v2\/comments?post=2619"}],"version-history":[{"count":3,"href":"https:\/\/veteraanienperinto.fi\/index.php\/wp-json\/wp\/v2\/pages\/2619\/revisions"}],"predecessor-version":[{"id":6727,"href":"https:\/\/veteraanienperinto.fi\/index.php\/wp-json\/wp\/v2\/pages\/2619\/revisions\/6727"}],"up":[{"embeddable":true,"href":"https:\/\/veteraanienperinto.fi\/index.php\/wp-json\/wp\/v2\/pages\/2515"}],"wp:attachment":[{"href":"https:\/\/veteraanienperinto.fi\/index.php\/wp-json\/wp\/v2\/media?parent=2619"}],"curies":[{"name":"wp","href":"https:\/\/api.w.org\/{rel}","templated":true}]}}