{"id":2679,"date":"2020-09-01T15:16:58","date_gmt":"2020-09-01T15:16:58","guid":{"rendered":"https:\/\/veteraani.ylirotu.fi\/?page_id=2679"},"modified":"2020-09-07T10:14:03","modified_gmt":"2020-09-07T10:14:03","slug":"haavoittuneen-hakeminen","status":"publish","type":"page","link":"https:\/\/veteraanienperinto.fi\/index.php\/tietopankit\/kertomuksia\/sotainvalidit\/haavoittuneen-hakeminen\/","title":{"rendered":"Haavoittuneen hakeminen"},"content":{"rendered":"\n<style type=\"text\/css\" data-created_by=\"avia_inline_auto\" id=\"style-css-av-av_heading-372360d40de63377e4ad63bb8a37fa8e\">\n#top .av-special-heading.av-av_heading-372360d40de63377e4ad63bb8a37fa8e{\npadding-bottom:10px;\n}\nbody .av-special-heading.av-av_heading-372360d40de63377e4ad63bb8a37fa8e .av-special-heading-tag .heading-char{\nfont-size:25px;\n}\n.av-special-heading.av-av_heading-372360d40de63377e4ad63bb8a37fa8e .av-subheading{\nfont-size:15px;\n}\n<\/style>\n<div  class='av-special-heading av-av_heading-372360d40de63377e4ad63bb8a37fa8e av-special-heading-h3  avia-builder-el-0  el_before_av_textblock  avia-builder-el-first '><h3 class='av-special-heading-tag'  itemprop=\"headline\"  >Haavoittuneen hakeminen<\/h3><div class=\"special-heading-border\"><div class=\"special-heading-inner-border\"><\/div><\/div><\/div>\n<section  class='av_textblock_section av-kek0ol8w-0f04af88ec907b2c66cea4bf3dbe1d4c '   itemscope=\"itemscope\" itemtype=\"https:\/\/schema.org\/CreativeWork\" ><div class='avia_textblock'  itemprop=\"text\" ><div class=\"art-article\">\n<div class=\"art-article\">\n<p><strong>Martti Huhta:<\/strong><\/p>\n<p><img loading=\"lazy\" decoding=\"async\" class=\"size-medium wp-image-3393 alignright\" src=\"https:\/\/veteraanienperinto.fi\/wp-content\/uploads\/2020\/09\/haavoittuneen_hakeminen-1-300x220.jpg\" alt=\"\" width=\"300\" height=\"220\" srcset=\"https:\/\/veteraanienperinto.fi\/wp-content\/uploads\/2020\/09\/haavoittuneen_hakeminen-1-300x220.jpg 300w, https:\/\/veteraanienperinto.fi\/wp-content\/uploads\/2020\/09\/haavoittuneen_hakeminen-1.jpg 350w\" sizes=\"auto, (max-width: 300px) 100vw, 300px\" \/>R\u00e4tykyl\u00e4n takana haettiin vieraan pataljoonan v\u00e4nrikki risukasasta. M\u00e4ntysaari oli k\u00e4ynyt siell\u00e4 Helmeen Juuson kanssa, ja kasasta oli kuulunut \u00e4\u00e4nt\u00e4. Siell\u00e4 oli koulukaveri, joka oli haavoittunut pahasti jalkaansa. M\u00e4ntysaari sanoin minulle, ett\u00e4 mies haetaan pois. Tien piti olla vapaana vihollisista, mutta eih\u00e4n se ollut. Kerran pamautettiin paarien l\u00e4pi, kun ne olivat minun kainalossani. Min\u00e4 sanoin, ett\u00e4 parempi on kun luovutaan, mutta M\u00e4ntysaari vastasi: &#8221;Ei luovuta!&#8221;<\/p>\n<p>P\u00e4\u00e4simmekin perille ja nostimme haavoittuneen paareille. Palatessamme takaisin jonkinlaista huoltotiet\u00e4 pitkin heitettiin m\u00e4nnik\u00f6st\u00e4 kolme kertaa k\u00e4sikranaatti tielle. M\u00e4ntysaari luki jo parabellumin panokset varmistuakseen, kuinka monta oli j\u00e4ljell\u00e4 sill\u00e4 viimeisen h\u00e4n lupasi j\u00e4tt\u00e4\u00e4 itse\u00e4\u00e4n varten, koska vangiksi h\u00e4n ei j\u00e4tt\u00e4ytyisi. Kielsin h\u00e4nt\u00e4 puhumasta semmoisia ja sanoin, etten min\u00e4 viel\u00e4 meinaa sill\u00e4 lailla lukea.<\/p>\n<p>V\u00e4h\u00e4n ajan per\u00e4st\u00e4 tulikin hevosmies ja rattailla kolme korohoron ammuslaatikkoa. H\u00e4nell\u00e4 ei ollut mit\u00e4\u00e4n tietoa vihollisista. K\u00e4\u00e4nsimme hevosen ymp\u00e4ri, ja kun ehdimme suon yli JSp:lle, alkoi harjun takaa melkoinen r\u00e4ikin\u00e4 ja vahvistettu joukkue oli melkein kintereill\u00e4mme. Eih\u00e4n siit\u00e4 haavoittuneesta miest\u00e4 en\u00e4\u00e4 tullut, mutta saatiinhan omalle puolelle kumminkin.<\/p>\n<p>Se oli semmoinen poika se M\u00e4ntysaari. Kun komppanian p\u00e4\u00e4llikk\u00f6 Maijala ylennettiin kapteeniksi, t\u00e4m\u00e4 sanoi M\u00e4ntysaarelle: &#8221;Sinulle t\u00e4m\u00e4 olisi kuulunut.&#8221; M\u00e4ntysaari uskalsikin usein olla eri mielt\u00e4, sanoi Maijalalle: &#8221;Min\u00e4 menen tosta ja Helme per\u00e4ss\u00e4, mene sin\u00e4 mist\u00e4 lyst\u00e4\u00e4t!&#8221; My\u00f6hemmin rohkeaotteinen M\u00e4ntysaari toimikin komppanian p\u00e4\u00e4llikk\u00f6n\u00e4 R\u00e4tykyl\u00e4n liepeill\u00e4 5.8.1941<\/p>\n<\/div>\n<\/div>\n<\/div><\/section>\n","protected":false},"excerpt":{"rendered":"","protected":false},"author":2,"featured_media":0,"parent":2527,"menu_order":2,"comment_status":"closed","ping_status":"closed","template":"","meta":{"footnotes":""},"class_list":["post-2679","page","type-page","status-publish","hentry"],"yoast_head":"<!-- This site is optimized with the Yoast SEO plugin v27.5 - https:\/\/yoast.com\/product\/yoast-seo-wordpress\/ -->\n<title>Haavoittuneen hakeminen - Veteraanien Perint\u00f6<\/title>\n<meta name=\"robots\" content=\"index, follow, max-snippet:-1, max-image-preview:large, max-video-preview:-1\" \/>\n<link rel=\"canonical\" href=\"https:\/\/veteraanienperinto.fi\/index.php\/tietopankit\/kertomuksia\/sotainvalidit\/haavoittuneen-hakeminen\/\" \/>\n<meta property=\"og:locale\" content=\"fi_FI\" \/>\n<meta property=\"og:type\" content=\"article\" \/>\n<meta property=\"og:title\" content=\"Haavoittuneen hakeminen - Veteraanien Perint\u00f6\" \/>\n<meta property=\"og:url\" content=\"https:\/\/veteraanienperinto.fi\/index.php\/tietopankit\/kertomuksia\/sotainvalidit\/haavoittuneen-hakeminen\/\" \/>\n<meta property=\"og:site_name\" content=\"Veteraanien Perint\u00f6\" \/>\n<meta property=\"article:modified_time\" content=\"2020-09-07T10:14:03+00:00\" \/>\n<meta property=\"og:image\" content=\"https:\/\/veteraanienperinto.fi\/wp-content\/uploads\/2020\/09\/haavoittuneen_hakeminen-1-300x220.jpg\" \/>\n<meta name=\"twitter:card\" content=\"summary_large_image\" \/>\n<meta name=\"twitter:label1\" content=\"Arvioitu lukuaika\" \/>\n\t<meta name=\"twitter:data1\" content=\"2 minuuttia\" \/>\n<script type=\"application\/ld+json\" class=\"yoast-schema-graph\">{\"@context\":\"https:\\\/\\\/schema.org\",\"@graph\":[{\"@type\":\"WebPage\",\"@id\":\"https:\\\/\\\/veteraanienperinto.fi\\\/index.php\\\/tietopankit\\\/kertomuksia\\\/sotainvalidit\\\/haavoittuneen-hakeminen\\\/\",\"url\":\"https:\\\/\\\/veteraanienperinto.fi\\\/index.php\\\/tietopankit\\\/kertomuksia\\\/sotainvalidit\\\/haavoittuneen-hakeminen\\\/\",\"name\":\"Haavoittuneen hakeminen - Veteraanien Perint\u00f6\",\"isPartOf\":{\"@id\":\"https:\\\/\\\/veteraanienperinto.fi\\\/#website\"},\"primaryImageOfPage\":{\"@id\":\"https:\\\/\\\/veteraanienperinto.fi\\\/index.php\\\/tietopankit\\\/kertomuksia\\\/sotainvalidit\\\/haavoittuneen-hakeminen\\\/#primaryimage\"},\"image\":{\"@id\":\"https:\\\/\\\/veteraanienperinto.fi\\\/index.php\\\/tietopankit\\\/kertomuksia\\\/sotainvalidit\\\/haavoittuneen-hakeminen\\\/#primaryimage\"},\"thumbnailUrl\":\"https:\\\/\\\/veteraanienperinto.fi\\\/wp-content\\\/uploads\\\/2020\\\/09\\\/haavoittuneen_hakeminen-1-300x220.jpg\",\"datePublished\":\"2020-09-01T15:16:58+00:00\",\"dateModified\":\"2020-09-07T10:14:03+00:00\",\"breadcrumb\":{\"@id\":\"https:\\\/\\\/veteraanienperinto.fi\\\/index.php\\\/tietopankit\\\/kertomuksia\\\/sotainvalidit\\\/haavoittuneen-hakeminen\\\/#breadcrumb\"},\"inLanguage\":\"fi\",\"potentialAction\":[{\"@type\":\"ReadAction\",\"target\":[\"https:\\\/\\\/veteraanienperinto.fi\\\/index.php\\\/tietopankit\\\/kertomuksia\\\/sotainvalidit\\\/haavoittuneen-hakeminen\\\/\"]}]},{\"@type\":\"ImageObject\",\"inLanguage\":\"fi\",\"@id\":\"https:\\\/\\\/veteraanienperinto.fi\\\/index.php\\\/tietopankit\\\/kertomuksia\\\/sotainvalidit\\\/haavoittuneen-hakeminen\\\/#primaryimage\",\"url\":\"https:\\\/\\\/veteraanienperinto.fi\\\/wp-content\\\/uploads\\\/2020\\\/09\\\/haavoittuneen_hakeminen-1.jpg\",\"contentUrl\":\"https:\\\/\\\/veteraanienperinto.fi\\\/wp-content\\\/uploads\\\/2020\\\/09\\\/haavoittuneen_hakeminen-1.jpg\",\"width\":350,\"height\":257},{\"@type\":\"BreadcrumbList\",\"@id\":\"https:\\\/\\\/veteraanienperinto.fi\\\/index.php\\\/tietopankit\\\/kertomuksia\\\/sotainvalidit\\\/haavoittuneen-hakeminen\\\/#breadcrumb\",\"itemListElement\":[{\"@type\":\"ListItem\",\"position\":1,\"name\":\"Etusivu\",\"item\":\"https:\\\/\\\/veteraanienperinto.fi\\\/index.php\\\/etusivu-2\\\/\"},{\"@type\":\"ListItem\",\"position\":2,\"name\":\"Tietopankit\",\"item\":\"https:\\\/\\\/veteraanienperinto.fi\\\/index.php\\\/tietopankit\\\/\"},{\"@type\":\"ListItem\",\"position\":3,\"name\":\"Kertomuksia\",\"item\":\"https:\\\/\\\/veteraanienperinto.fi\\\/index.php\\\/tietopankit\\\/kertomuksia\\\/\"},{\"@type\":\"ListItem\",\"position\":4,\"name\":\"Sotainvalidit\",\"item\":\"https:\\\/\\\/veteraanienperinto.fi\\\/index.php\\\/tietopankit\\\/kertomuksia\\\/sotainvalidit\\\/\"},{\"@type\":\"ListItem\",\"position\":5,\"name\":\"Haavoittuneen hakeminen\"}]},{\"@type\":\"WebSite\",\"@id\":\"https:\\\/\\\/veteraanienperinto.fi\\\/#website\",\"url\":\"https:\\\/\\\/veteraanienperinto.fi\\\/\",\"name\":\"Veteraanien Perint\u00f6\",\"description\":\"Kadettikunta\",\"potentialAction\":[{\"@type\":\"SearchAction\",\"target\":{\"@type\":\"EntryPoint\",\"urlTemplate\":\"https:\\\/\\\/veteraanienperinto.fi\\\/?s={search_term_string}\"},\"query-input\":{\"@type\":\"PropertyValueSpecification\",\"valueRequired\":true,\"valueName\":\"search_term_string\"}}],\"inLanguage\":\"fi\"}]}<\/script>\n<!-- \/ Yoast SEO plugin. -->","yoast_head_json":{"title":"Haavoittuneen hakeminen - Veteraanien Perint\u00f6","robots":{"index":"index","follow":"follow","max-snippet":"max-snippet:-1","max-image-preview":"max-image-preview:large","max-video-preview":"max-video-preview:-1"},"canonical":"https:\/\/veteraanienperinto.fi\/index.php\/tietopankit\/kertomuksia\/sotainvalidit\/haavoittuneen-hakeminen\/","og_locale":"fi_FI","og_type":"article","og_title":"Haavoittuneen hakeminen - Veteraanien Perint\u00f6","og_url":"https:\/\/veteraanienperinto.fi\/index.php\/tietopankit\/kertomuksia\/sotainvalidit\/haavoittuneen-hakeminen\/","og_site_name":"Veteraanien Perint\u00f6","article_modified_time":"2020-09-07T10:14:03+00:00","og_image":[{"url":"https:\/\/veteraanienperinto.fi\/wp-content\/uploads\/2020\/09\/haavoittuneen_hakeminen-1-300x220.jpg","type":"","width":"","height":""}],"twitter_card":"summary_large_image","twitter_misc":{"Arvioitu lukuaika":"2 minuuttia"},"schema":{"@context":"https:\/\/schema.org","@graph":[{"@type":"WebPage","@id":"https:\/\/veteraanienperinto.fi\/index.php\/tietopankit\/kertomuksia\/sotainvalidit\/haavoittuneen-hakeminen\/","url":"https:\/\/veteraanienperinto.fi\/index.php\/tietopankit\/kertomuksia\/sotainvalidit\/haavoittuneen-hakeminen\/","name":"Haavoittuneen hakeminen - Veteraanien Perint\u00f6","isPartOf":{"@id":"https:\/\/veteraanienperinto.fi\/#website"},"primaryImageOfPage":{"@id":"https:\/\/veteraanienperinto.fi\/index.php\/tietopankit\/kertomuksia\/sotainvalidit\/haavoittuneen-hakeminen\/#primaryimage"},"image":{"@id":"https:\/\/veteraanienperinto.fi\/index.php\/tietopankit\/kertomuksia\/sotainvalidit\/haavoittuneen-hakeminen\/#primaryimage"},"thumbnailUrl":"https:\/\/veteraanienperinto.fi\/wp-content\/uploads\/2020\/09\/haavoittuneen_hakeminen-1-300x220.jpg","datePublished":"2020-09-01T15:16:58+00:00","dateModified":"2020-09-07T10:14:03+00:00","breadcrumb":{"@id":"https:\/\/veteraanienperinto.fi\/index.php\/tietopankit\/kertomuksia\/sotainvalidit\/haavoittuneen-hakeminen\/#breadcrumb"},"inLanguage":"fi","potentialAction":[{"@type":"ReadAction","target":["https:\/\/veteraanienperinto.fi\/index.php\/tietopankit\/kertomuksia\/sotainvalidit\/haavoittuneen-hakeminen\/"]}]},{"@type":"ImageObject","inLanguage":"fi","@id":"https:\/\/veteraanienperinto.fi\/index.php\/tietopankit\/kertomuksia\/sotainvalidit\/haavoittuneen-hakeminen\/#primaryimage","url":"https:\/\/veteraanienperinto.fi\/wp-content\/uploads\/2020\/09\/haavoittuneen_hakeminen-1.jpg","contentUrl":"https:\/\/veteraanienperinto.fi\/wp-content\/uploads\/2020\/09\/haavoittuneen_hakeminen-1.jpg","width":350,"height":257},{"@type":"BreadcrumbList","@id":"https:\/\/veteraanienperinto.fi\/index.php\/tietopankit\/kertomuksia\/sotainvalidit\/haavoittuneen-hakeminen\/#breadcrumb","itemListElement":[{"@type":"ListItem","position":1,"name":"Etusivu","item":"https:\/\/veteraanienperinto.fi\/index.php\/etusivu-2\/"},{"@type":"ListItem","position":2,"name":"Tietopankit","item":"https:\/\/veteraanienperinto.fi\/index.php\/tietopankit\/"},{"@type":"ListItem","position":3,"name":"Kertomuksia","item":"https:\/\/veteraanienperinto.fi\/index.php\/tietopankit\/kertomuksia\/"},{"@type":"ListItem","position":4,"name":"Sotainvalidit","item":"https:\/\/veteraanienperinto.fi\/index.php\/tietopankit\/kertomuksia\/sotainvalidit\/"},{"@type":"ListItem","position":5,"name":"Haavoittuneen hakeminen"}]},{"@type":"WebSite","@id":"https:\/\/veteraanienperinto.fi\/#website","url":"https:\/\/veteraanienperinto.fi\/","name":"Veteraanien Perint\u00f6","description":"Kadettikunta","potentialAction":[{"@type":"SearchAction","target":{"@type":"EntryPoint","urlTemplate":"https:\/\/veteraanienperinto.fi\/?s={search_term_string}"},"query-input":{"@type":"PropertyValueSpecification","valueRequired":true,"valueName":"search_term_string"}}],"inLanguage":"fi"}]}},"_links":{"self":[{"href":"https:\/\/veteraanienperinto.fi\/index.php\/wp-json\/wp\/v2\/pages\/2679","targetHints":{"allow":["GET"]}}],"collection":[{"href":"https:\/\/veteraanienperinto.fi\/index.php\/wp-json\/wp\/v2\/pages"}],"about":[{"href":"https:\/\/veteraanienperinto.fi\/index.php\/wp-json\/wp\/v2\/types\/page"}],"author":[{"embeddable":true,"href":"https:\/\/veteraanienperinto.fi\/index.php\/wp-json\/wp\/v2\/users\/2"}],"replies":[{"embeddable":true,"href":"https:\/\/veteraanienperinto.fi\/index.php\/wp-json\/wp\/v2\/comments?post=2679"}],"version-history":[{"count":3,"href":"https:\/\/veteraanienperinto.fi\/index.php\/wp-json\/wp\/v2\/pages\/2679\/revisions"}],"predecessor-version":[{"id":6824,"href":"https:\/\/veteraanienperinto.fi\/index.php\/wp-json\/wp\/v2\/pages\/2679\/revisions\/6824"}],"up":[{"embeddable":true,"href":"https:\/\/veteraanienperinto.fi\/index.php\/wp-json\/wp\/v2\/pages\/2527"}],"wp:attachment":[{"href":"https:\/\/veteraanienperinto.fi\/index.php\/wp-json\/wp\/v2\/media?parent=2679"}],"curies":[{"name":"wp","href":"https:\/\/api.w.org\/{rel}","templated":true}]}}