{"id":289,"date":"2020-08-28T15:39:27","date_gmt":"2020-08-28T15:39:27","guid":{"rendered":"https:\/\/veteraani.ylirotu.fi\/?page_id=289"},"modified":"2020-11-04T10:01:40","modified_gmt":"2020-11-04T10:01:40","slug":"suurhyokkays-kannaksella","status":"publish","type":"page","link":"https:\/\/veteraanienperinto.fi\/index.php\/talvisota-etusivu\/sotatoimet\/suurhyokkays-kannaksella\/","title":{"rendered":"Suurhy\u00f6kk\u00e4ys Kannaksella"},"content":{"rendered":"<div id='full_slider_1'  class='avia-fullwidth-slider main_color avia-shadow   avia-builder-el-0  el_before_av_heading  avia-builder-el-first   container_wrap sidebar_right'  ><div  class='avia-slideshow av-kgtxnf9q-f366522df863b4f5340f45930770d397 avia-slideshow-featured av_slideshow_full avia-slide-slider av-slideshow-ui av-control-default av-slideshow-manual av-loop-once av-loop-manual-endless av-default-height-applied   avia-slideshow-1' data-slideshow-options=\"{&quot;animation&quot;:&quot;slide&quot;,&quot;autoplay&quot;:false,&quot;loop_autoplay&quot;:&quot;once&quot;,&quot;interval&quot;:5,&quot;loop_manual&quot;:&quot;manual-endless&quot;,&quot;autoplay_stopper&quot;:false,&quot;noNavigation&quot;:false,&quot;bg_slider&quot;:false,&quot;keep_padding&quot;:false,&quot;hoverpause&quot;:false,&quot;show_slide_delay&quot;:0}\"  itemprop=\"image\" itemscope=\"itemscope\" itemtype=\"https:\/\/schema.org\/ImageObject\" ><ul class='avia-slideshow-inner ' style='padding-bottom: 28.666666666667%;'><li  class='avia-slideshow-slide av-kgtxnf9q-f366522df863b4f5340f45930770d397__0  av-single-slide slide-1 slide-odd'><div data-rel='slideshow-1' class='avia-slide-wrap '   ><div class='av-slideshow-caption av-kgtxnf9q-f366522df863b4f5340f45930770d397__0 caption_fullwidth caption_bottom caption_bottom_framed caption_framed'><div class=\"container caption_container\"><div class=\"slideshow_caption\"><div class=\"slideshow_inner_caption\"><div class=\"slideshow_align_caption\"><div class='avia-caption-content '  itemprop=\"description\" ><p>Tuhottuja hy\u00f6kk\u00e4ysvaunuja Tenhamonm\u00e4ell\u00e4 L\u00e4nsi-Lemetiss\u00e4 2.2.1940<\/p>\n<\/div><\/div><\/div><\/div><\/div><\/div><img decoding=\"async\" fetchpriority=\"high\" class=\"wp-image-4581 avia-img-lazy-loading-not-4581\"  src=\"https:\/\/veteraanienperinto.fi\/wp-content\/uploads\/2020\/10\/suurhyokkays_talvisota_vaunut-1500x430.png\" width=\"1500\" height=\"430\" title='suurhyokkays_talvisota_vaunut' alt=''  itemprop=\"thumbnailUrl\" srcset=\"https:\/\/veteraanienperinto.fi\/wp-content\/uploads\/2020\/10\/suurhyokkays_talvisota_vaunut.png 1500w, https:\/\/veteraanienperinto.fi\/wp-content\/uploads\/2020\/10\/suurhyokkays_talvisota_vaunut-300x86.png 300w, https:\/\/veteraanienperinto.fi\/wp-content\/uploads\/2020\/10\/suurhyokkays_talvisota_vaunut-1030x295.png 1030w, https:\/\/veteraanienperinto.fi\/wp-content\/uploads\/2020\/10\/suurhyokkays_talvisota_vaunut-768x220.png 768w, https:\/\/veteraanienperinto.fi\/wp-content\/uploads\/2020\/10\/suurhyokkays_talvisota_vaunut-705x202.png 705w\" sizes=\"(max-width: 1500px) 100vw, 1500px\" \/><\/div><\/li><\/ul><\/div><\/div><div id='after_full_slider_1'  class='main_color av_default_container_wrap container_wrap sidebar_right'  ><div class='container av-section-cont-open' ><div class='template-page content  av-content-small alpha units'><div class='post-entry post-entry-type-page post-entry-289'><div class='entry-content-wrapper clearfix'>\n\n<style type=\"text\/css\" data-created_by=\"avia_inline_auto\" id=\"style-css-av-av_heading-13b2030bb11a041e069e4cab90152d8b\">\n#top .av-special-heading.av-av_heading-13b2030bb11a041e069e4cab90152d8b{\npadding-bottom:10px;\n}\nbody .av-special-heading.av-av_heading-13b2030bb11a041e069e4cab90152d8b .av-special-heading-tag .heading-char{\nfont-size:25px;\n}\n.av-special-heading.av-av_heading-13b2030bb11a041e069e4cab90152d8b .av-subheading{\nfont-size:15px;\n}\n<\/style>\n<div  class='av-special-heading av-av_heading-13b2030bb11a041e069e4cab90152d8b av-special-heading-h2  avia-builder-el-1  el_after_av_slideshow_full  el_before_av_textblock  avia-builder-el-first '><h2 class='av-special-heading-tag'  itemprop=\"headline\"  >Suurhy\u00f6kk\u00e4ys Kannaksella<\/h2><div class=\"special-heading-border\"><div class=\"special-heading-inner-border\"><\/div><\/div><\/div>\n<section  class='av_textblock_section av-kdsr1etg-e9d29ce21b88c7808a8ae4c4f60a7bbb '   itemscope=\"itemscope\" itemtype=\"https:\/\/schema.org\/CreativeWork\" ><div class='avia_textblock'  itemprop=\"text\" ><p>Vuodenvaihteessa 1939\/40 tilanne oli suomalaisten kannalta rohkaiseva. Neuvostoliiton hy\u00f6kk\u00e4ykset oli torjuttu ja vastahy\u00f6kk\u00e4ykset olivat monissa suunnissa k\u00e4ynniss\u00e4. Neuvostoliitto vahvensi kuitenkin jatkuvasti joukkojaan saattaakseen itselleen ja maineelleen kiusallisen sodan p\u00e4\u00e4t\u00f6kseen. Niinp\u00e4 se aloitti suurhy\u00f6kk\u00e4yksen Karjalan kannaksella helmikuun alussa 1940.<\/p>\n<p>Vihollisella oli nyt valtava ylivoima. Rintamalle keskitettiin uusia joukkoja niin paljon, ett\u00e4 sodan lopussa divisioonia oli 60, joskin osa ei ehtinyt taisteluihin mukaan. Joukkojen vahvuus oli noin miljoona miest\u00e4. Hy\u00f6kk\u00e4\u00e4j\u00e4ll\u00e4 oli tukenaan murskaava tykist\u00f6n ja ilmavoimien tuli. Sill\u00e4 oli k\u00e4yt\u00f6ss\u00e4\u00e4n 11 250 tykki\u00e4 ja l\u00e4hes rajaton m\u00e4\u00e4r\u00e4 ampumatarvikkeita, 3 000 panssarivaunua ja 3 250 lentokonetta. Liitt\u00e4m\u00e4ll\u00e4 t\u00e4ydennysjoukkoja kentt\u00e4armeijaan oli oman armeijamme vahvuudeksi saatu sodan lopussa 12 divisioonaa, kaikki joukot huomioon ottaen 400 000 miest\u00e4. Kentt\u00e4tykkej\u00e4 oli joukoilla 496 ja lentokoneita 119.<\/p>\n<p>Suomalaisten voimat olivat ehtym\u00e4ss\u00e4 suunnattoman ylivoiman edess\u00e4. Joukkomme olivat taistelleet noin kaksi kuukautta ilman lepoa. Miehet olivat kuolemanv\u00e4syneit\u00e4. K\u00e4siaseiden patruunoita lukuun ottamatta kaikesta oli pulaa. Erityisesti panssarintorjunta-aseiden puute osoittautui kohtalokkaaksi. Kentt\u00e4tykist\u00f6n ja kranaatinheittimist\u00f6n v\u00e4h\u00e4isi\u00e4 ampumatarvikkeita oli pakko s\u00e4\u00e4st\u00e4\u00e4 k\u00e4ytett\u00e4v\u00e4ksi vain pahimmissa tilanteissa. Siit\u00e4 huolimatta suomalaiset kestiv\u00e4t. Lopulta t\u00e4ysin v\u00e4ist\u00e4m\u00e4t\u00f6n l\u00e4pimurto tapahtui Karjalan Kannaksella Summan kyl\u00e4n it\u00e4puolella L\u00e4hteen lohkolla. Siell\u00e4 hy\u00f6kk\u00e4siv\u00e4t eritt\u00e4in vahvan tykist\u00f6n tukema divisioona sek\u00e4 panssariprikaati yht\u00e4 suomalaista eritt\u00e4in v\u00e4synytt\u00e4 pataljoonaa vastaan. Sen vahvuus oli vain 375 miest\u00e4, joten miehist\u00f6n ylivoima oli hy\u00f6kk\u00e4\u00e4j\u00e4ll\u00e4 monikymmenkertainen. Vain kaksi panssarintorjuntatykki\u00e4 oli hy\u00f6k\u00e4nneit\u00e4 150 panssarivaunua vastassa.<\/p>\n<p>L\u00e4pimurron tapahduttua suomalaiset vet\u00e4ytyiv\u00e4t aluksi niin sanottuun v\u00e4liasemaan ja sen j\u00e4lkeen Viipurin tasalle taka-asemaan. Tilanne kehittyi hyvin vaikeaksi Viipurilahdella vihollisen pyrkiess\u00e4 j\u00e4\u00e4t\u00e4 hyv\u00e4ksik\u00e4ytt\u00e4en lahden pohjoispuolelle mantereelle ja sielt\u00e4 Haminan suuntaan. Vihollinen pystyttiin torjumaan \u00e4\u00e4rimm\u00e4isin ponnistuksin. Suomalaisilla ei kuitenkaan ollut en\u00e4\u00e4 reservej\u00e4 ja kentt\u00e4tykist\u00f6n ampumatarvikkeet olivat lopussa. Kunnia-asiana oli se, ett\u00e4 Viipuri s\u00e4ilyi suomalaisilla sodan loppuun asti. Neuvostoliitto ei pystynyt talvisodassa ly\u00f6m\u00e4\u00e4n Suomen armeijaa.<\/p>\n<\/div><\/section>\n","protected":false},"excerpt":{"rendered":"","protected":false},"author":2,"featured_media":0,"parent":55,"menu_order":4,"comment_status":"closed","ping_status":"closed","template":"","meta":{"footnotes":""},"class_list":["post-289","page","type-page","status-publish","hentry"],"yoast_head":"<!-- This site is optimized with the Yoast SEO plugin v27.5 - https:\/\/yoast.com\/product\/yoast-seo-wordpress\/ -->\n<title>Suurhy\u00f6kk\u00e4ys Kannaksella - Veteraanien Perint\u00f6<\/title>\n<meta name=\"robots\" content=\"index, follow, max-snippet:-1, max-image-preview:large, max-video-preview:-1\" \/>\n<link rel=\"canonical\" href=\"https:\/\/veteraanienperinto.fi\/index.php\/talvisota-etusivu\/sotatoimet\/suurhyokkays-kannaksella\/\" \/>\n<meta property=\"og:locale\" content=\"fi_FI\" \/>\n<meta property=\"og:type\" content=\"article\" \/>\n<meta property=\"og:title\" content=\"Suurhy\u00f6kk\u00e4ys Kannaksella - Veteraanien Perint\u00f6\" \/>\n<meta property=\"og:url\" content=\"https:\/\/veteraanienperinto.fi\/index.php\/talvisota-etusivu\/sotatoimet\/suurhyokkays-kannaksella\/\" \/>\n<meta property=\"og:site_name\" content=\"Veteraanien Perint\u00f6\" \/>\n<meta property=\"article:modified_time\" content=\"2020-11-04T10:01:40+00:00\" \/>\n<meta name=\"twitter:card\" content=\"summary_large_image\" \/>\n<meta name=\"twitter:label1\" content=\"Arvioitu lukuaika\" \/>\n\t<meta name=\"twitter:data1\" content=\"3 minuuttia\" \/>\n<script type=\"application\/ld+json\" class=\"yoast-schema-graph\">{\"@context\":\"https:\\\/\\\/schema.org\",\"@graph\":[{\"@type\":\"WebPage\",\"@id\":\"https:\\\/\\\/veteraanienperinto.fi\\\/index.php\\\/talvisota-etusivu\\\/sotatoimet\\\/suurhyokkays-kannaksella\\\/\",\"url\":\"https:\\\/\\\/veteraanienperinto.fi\\\/index.php\\\/talvisota-etusivu\\\/sotatoimet\\\/suurhyokkays-kannaksella\\\/\",\"name\":\"Suurhy\u00f6kk\u00e4ys Kannaksella - Veteraanien Perint\u00f6\",\"isPartOf\":{\"@id\":\"https:\\\/\\\/veteraanienperinto.fi\\\/#website\"},\"datePublished\":\"2020-08-28T15:39:27+00:00\",\"dateModified\":\"2020-11-04T10:01:40+00:00\",\"breadcrumb\":{\"@id\":\"https:\\\/\\\/veteraanienperinto.fi\\\/index.php\\\/talvisota-etusivu\\\/sotatoimet\\\/suurhyokkays-kannaksella\\\/#breadcrumb\"},\"inLanguage\":\"fi\",\"potentialAction\":[{\"@type\":\"ReadAction\",\"target\":[\"https:\\\/\\\/veteraanienperinto.fi\\\/index.php\\\/talvisota-etusivu\\\/sotatoimet\\\/suurhyokkays-kannaksella\\\/\"]}]},{\"@type\":\"BreadcrumbList\",\"@id\":\"https:\\\/\\\/veteraanienperinto.fi\\\/index.php\\\/talvisota-etusivu\\\/sotatoimet\\\/suurhyokkays-kannaksella\\\/#breadcrumb\",\"itemListElement\":[{\"@type\":\"ListItem\",\"position\":1,\"name\":\"Etusivu\",\"item\":\"https:\\\/\\\/veteraanienperinto.fi\\\/index.php\\\/etusivu-2\\\/\"},{\"@type\":\"ListItem\",\"position\":2,\"name\":\"Talvisota\",\"item\":\"https:\\\/\\\/veteraanienperinto.fi\\\/index.php\\\/talvisota-etusivu\\\/\"},{\"@type\":\"ListItem\",\"position\":3,\"name\":\"Talvisodan sotatoimet\",\"item\":\"https:\\\/\\\/veteraanienperinto.fi\\\/index.php\\\/talvisota-etusivu\\\/sotatoimet\\\/\"},{\"@type\":\"ListItem\",\"position\":4,\"name\":\"Suurhy\u00f6kk\u00e4ys Kannaksella\"}]},{\"@type\":\"WebSite\",\"@id\":\"https:\\\/\\\/veteraanienperinto.fi\\\/#website\",\"url\":\"https:\\\/\\\/veteraanienperinto.fi\\\/\",\"name\":\"Veteraanien Perint\u00f6\",\"description\":\"Kadettikunta\",\"potentialAction\":[{\"@type\":\"SearchAction\",\"target\":{\"@type\":\"EntryPoint\",\"urlTemplate\":\"https:\\\/\\\/veteraanienperinto.fi\\\/?s={search_term_string}\"},\"query-input\":{\"@type\":\"PropertyValueSpecification\",\"valueRequired\":true,\"valueName\":\"search_term_string\"}}],\"inLanguage\":\"fi\"}]}<\/script>\n<!-- \/ Yoast SEO plugin. -->","yoast_head_json":{"title":"Suurhy\u00f6kk\u00e4ys Kannaksella - Veteraanien Perint\u00f6","robots":{"index":"index","follow":"follow","max-snippet":"max-snippet:-1","max-image-preview":"max-image-preview:large","max-video-preview":"max-video-preview:-1"},"canonical":"https:\/\/veteraanienperinto.fi\/index.php\/talvisota-etusivu\/sotatoimet\/suurhyokkays-kannaksella\/","og_locale":"fi_FI","og_type":"article","og_title":"Suurhy\u00f6kk\u00e4ys Kannaksella - Veteraanien Perint\u00f6","og_url":"https:\/\/veteraanienperinto.fi\/index.php\/talvisota-etusivu\/sotatoimet\/suurhyokkays-kannaksella\/","og_site_name":"Veteraanien Perint\u00f6","article_modified_time":"2020-11-04T10:01:40+00:00","twitter_card":"summary_large_image","twitter_misc":{"Arvioitu lukuaika":"3 minuuttia"},"schema":{"@context":"https:\/\/schema.org","@graph":[{"@type":"WebPage","@id":"https:\/\/veteraanienperinto.fi\/index.php\/talvisota-etusivu\/sotatoimet\/suurhyokkays-kannaksella\/","url":"https:\/\/veteraanienperinto.fi\/index.php\/talvisota-etusivu\/sotatoimet\/suurhyokkays-kannaksella\/","name":"Suurhy\u00f6kk\u00e4ys Kannaksella - Veteraanien Perint\u00f6","isPartOf":{"@id":"https:\/\/veteraanienperinto.fi\/#website"},"datePublished":"2020-08-28T15:39:27+00:00","dateModified":"2020-11-04T10:01:40+00:00","breadcrumb":{"@id":"https:\/\/veteraanienperinto.fi\/index.php\/talvisota-etusivu\/sotatoimet\/suurhyokkays-kannaksella\/#breadcrumb"},"inLanguage":"fi","potentialAction":[{"@type":"ReadAction","target":["https:\/\/veteraanienperinto.fi\/index.php\/talvisota-etusivu\/sotatoimet\/suurhyokkays-kannaksella\/"]}]},{"@type":"BreadcrumbList","@id":"https:\/\/veteraanienperinto.fi\/index.php\/talvisota-etusivu\/sotatoimet\/suurhyokkays-kannaksella\/#breadcrumb","itemListElement":[{"@type":"ListItem","position":1,"name":"Etusivu","item":"https:\/\/veteraanienperinto.fi\/index.php\/etusivu-2\/"},{"@type":"ListItem","position":2,"name":"Talvisota","item":"https:\/\/veteraanienperinto.fi\/index.php\/talvisota-etusivu\/"},{"@type":"ListItem","position":3,"name":"Talvisodan sotatoimet","item":"https:\/\/veteraanienperinto.fi\/index.php\/talvisota-etusivu\/sotatoimet\/"},{"@type":"ListItem","position":4,"name":"Suurhy\u00f6kk\u00e4ys Kannaksella"}]},{"@type":"WebSite","@id":"https:\/\/veteraanienperinto.fi\/#website","url":"https:\/\/veteraanienperinto.fi\/","name":"Veteraanien Perint\u00f6","description":"Kadettikunta","potentialAction":[{"@type":"SearchAction","target":{"@type":"EntryPoint","urlTemplate":"https:\/\/veteraanienperinto.fi\/?s={search_term_string}"},"query-input":{"@type":"PropertyValueSpecification","valueRequired":true,"valueName":"search_term_string"}}],"inLanguage":"fi"}]}},"_links":{"self":[{"href":"https:\/\/veteraanienperinto.fi\/index.php\/wp-json\/wp\/v2\/pages\/289","targetHints":{"allow":["GET"]}}],"collection":[{"href":"https:\/\/veteraanienperinto.fi\/index.php\/wp-json\/wp\/v2\/pages"}],"about":[{"href":"https:\/\/veteraanienperinto.fi\/index.php\/wp-json\/wp\/v2\/types\/page"}],"author":[{"embeddable":true,"href":"https:\/\/veteraanienperinto.fi\/index.php\/wp-json\/wp\/v2\/users\/2"}],"replies":[{"embeddable":true,"href":"https:\/\/veteraanienperinto.fi\/index.php\/wp-json\/wp\/v2\/comments?post=289"}],"version-history":[{"count":10,"href":"https:\/\/veteraanienperinto.fi\/index.php\/wp-json\/wp\/v2\/pages\/289\/revisions"}],"predecessor-version":[{"id":9597,"href":"https:\/\/veteraanienperinto.fi\/index.php\/wp-json\/wp\/v2\/pages\/289\/revisions\/9597"}],"up":[{"embeddable":true,"href":"https:\/\/veteraanienperinto.fi\/index.php\/wp-json\/wp\/v2\/pages\/55"}],"wp:attachment":[{"href":"https:\/\/veteraanienperinto.fi\/index.php\/wp-json\/wp\/v2\/media?parent=289"}],"curies":[{"name":"wp","href":"https:\/\/api.w.org\/{rel}","templated":true}]}}