{"id":2988,"date":"2020-09-04T16:29:02","date_gmt":"2020-09-04T16:29:02","guid":{"rendered":"https:\/\/veteraani.ylirotu.fi\/?page_id=2988"},"modified":"2021-01-26T13:46:18","modified_gmt":"2021-01-26T13:46:18","slug":"tehtaalle-toihin","status":"publish","type":"page","link":"https:\/\/veteraanienperinto.fi\/index.php\/talvisota-etusivu\/talvisodan-kertomukset\/1930-luku\/oksilla-riippuvat-sukanriekaleet\/tehtaalle-toihin\/","title":{"rendered":"Tehtaalle t\u00f6ihin"},"content":{"rendered":"\n<style type=\"text\/css\" data-created_by=\"avia_inline_auto\" id=\"style-css-av-kke1z6e8-f81eb65362bf73372b5a7ec2ac4f7f95\">\n#top .av-special-heading.av-kke1z6e8-f81eb65362bf73372b5a7ec2ac4f7f95{\npadding-bottom:10px;\n}\nbody .av-special-heading.av-kke1z6e8-f81eb65362bf73372b5a7ec2ac4f7f95 .av-special-heading-tag .heading-char{\nfont-size:25px;\n}\n.av-special-heading.av-kke1z6e8-f81eb65362bf73372b5a7ec2ac4f7f95 .av-subheading{\nfont-size:15px;\n}\n<\/style>\n<div  class='av-special-heading av-kke1z6e8-f81eb65362bf73372b5a7ec2ac4f7f95 av-special-heading-h3  avia-builder-el-0  el_before_av_textblock  avia-builder-el-first '><h3 class='av-special-heading-tag'  itemprop=\"headline\"  >Tehtaalle t\u00f6ihin<\/h3><div class=\"special-heading-border\"><div class=\"special-heading-inner-border\"><\/div><\/div><\/div>\n<section  class='av_textblock_section av-kei9ysn8-90975d6716a51c2cac3750bc0363077b '   itemscope=\"itemscope\" itemtype=\"https:\/\/schema.org\/CreativeWork\" ><div class='avia_textblock'  itemprop=\"text\" ><p><strong>Arvi Arponen, 17-vuotias (vuonna 1930)<\/strong><br \/>\nTy\u00f6v\u00e4en Muistitietotoimikunnan kokoelmat<br \/>\nTy\u00f6v\u00e4enarkisto<\/p>\n<p>Kolmisin l\u00e4hdimme torilta k\u00e4velem\u00e4\u00e4n, avoinna olevasta portista poikettiin sis\u00e4lle vanhan Tiurin-linnan vallien suojaan. Pohdiskeltiin tilannetta ja p\u00e4\u00e4tettiin yritt\u00e4\u00e4 Suoj\u00e4rven suuntaan mets\u00e4ty\u00f6h\u00f6n. V\u00e4h\u00e4isi\u00e4 olivat rahavarat reissulle l\u00e4htiess\u00e4, niist\u00e4 junamatka K\u00e4kisalmeen lohkaisi ison loven. Sent\u00e4\u00e4n tarkasti laskien riitt\u00e4isiv\u00e4t perille nipin napin. Mutta sen j\u00e4lkeen edess\u00e4 on tenkkapoo.<\/p>\n<p>Hiitolassa jouduimme odottamaan junaa seuraavaan aamun. Pojan vanhemmat toverit jututtaessaan toisia ty\u00f6nhakijoita, saivat tarpeellista tietoa, vaan ei rohkaisevaa. Suoj\u00e4rvell\u00e4 tilanne seis, pinotavaran hakkuut pys\u00e4hdyksiss\u00e4. Syksyll\u00e4 alkavat jos\u0085 Uusi tilanteen arvioiminen antoi p\u00e4\u00e4t\u00f6kseksi, ett\u00e4 ostimme matkaliput V\u00e4rtsil\u00e4\u00e4n. Siell\u00e4h\u00e4n sijaitsi tunnettu rautatehdas, muusta ei tiedetty.<\/p>\n<p>Junasta astuimme V\u00e4rtsil\u00e4n asemalle, siit\u00e4 k\u00e4vellen muutaman kilometrin p\u00e4\u00e4h\u00e4n samannimiseen tehdaskyl\u00e4\u00e4n. V\u00e4litt\u00f6m\u00e4sti perille saavuttuamme ty\u00f6nnyimme asioimaan rautatehtaan ty\u00f6nhakukonttoriin. H\u00e4mm\u00e4stys oli melkoinen, kun ty\u00f6tiedusteluumme asennoituvat my\u00f6nteisesti. Poikaa ep\u00e4iliv\u00e4t liian nuoreksi, uskoivat kuitenkin pikkuvalheen 18 ik\u00e4vuodesta. Kelpuuttivat ty\u00f6h\u00f6n toisten mukaan. Ty\u00f6paikkamme on Martin osastolla. Alkaa aamulla klo 7.00, ty\u00f6h\u00f6nottokortin esitt\u00e4m\u00e4ll\u00e4 neuvoo porttivahti ty\u00f6paikalle.<\/p>\n<p>Kevyt oli askel, kun mentiin kyl\u00e4lle asuntoa etsim\u00e4\u00e4n. Sellaisiin seikkoihin kuin ty\u00f6n laatuun ja palkan m\u00e4\u00e4r\u00e4\u00e4n emme hyv\u00e4n mielen hurmoksessa huomanneet kajota. Asuntokin j\u00e4rjestyi aika mukavasti kyl\u00e4n ulkolaidalta pikkutalosta t\u00e4ysihoidossa.<\/p>\n<p>Seuraavana aamuna yhdyimme tehtaan l\u00e4hell\u00e4 ty\u00f6h\u00f6n kiiruhtavien lukuisaan joukkoon. Pojasta nuo hetket tuntuivat juhlavan miehekk\u00e4ilt\u00e4, kun esikertaa el\u00e4m\u00e4ss\u00e4 menossa oikein tehtaan ty\u00f6h\u00f6n. Toisenlainen tunne kuin menness\u00e4 mets\u00e4t\u00f6ihin.<\/p>\n<p>Ty\u00f6paikka l\u00f6ytyi Martin osastolta, miss\u00e4 saman nimisiss\u00e4 uuneissa sulatettiin rautaa tietyin menetelmin. Kuitenkin meid\u00e4t t\u00e4ysin ammattitaidottomat ohjattiin j\u00e4\u00e4htym\u00e4ss\u00e4 olevaan Martin uuniin vahan tulitiilimuurauksen purkuty\u00f6h\u00f6n. Uuni lienee ollut j\u00e4\u00e4htym\u00e4ss\u00e4 jo pitk\u00e4\u00e4n, mutta viel\u00e4 melko l\u00e4mmin ja kitkuinenkin eik\u00e4 tuuletusta mink\u00e4\u00e4nlaista. Jalkapohjaa kuumensi nahkalapikkaan l\u00e4pi kunnes saatiin talon puolesta puupohjakeng\u00e4t. Johan istui lujasti kiinni poistettava tiilikerros uunin pohjassa, sula rauta t\u00e4ytt\u00e4nyt joka huokosen.<\/p>\n<p>Hankala saada edes ty\u00f6t\u00e4 alkuun, lekoilla ter\u00e4skiilojen avulla paukutettiin muurausta irti muru murulta. Vuolaina noruivat hikivirrat ja juomavett\u00e4 kului \u00e4mp\u00e4ritolkulla. Illalla ty\u00f6n j\u00e4lkeen oltiin kuin uitetut koirat. Ennen pitk\u00e4\u00e4 pojallekin selkisi tehdasty\u00f6n ihanuus ja kurjuus. Mutta teht\u00e4v\u00e4 sit\u00e4 oli, sill\u00e4 vaihtoehtoja ei ollut ja aikaa siin\u00e4 kului ennen kuin vanha tiilikerros tuli purettua. Tuli kuitenkin tehty\u00e4 loppuun kurja homma.<\/p>\n<p>Purkuty\u00f6n j\u00e4lkeen kukin meist\u00e4 kolmesta joutui ty\u00f6h\u00f6n eri tahoille, poika er\u00e4\u00e4nlaiseen pakettipr\u00e4ssiin. Homma k\u00e4vi siten, ett\u00e4 pienemm\u00e4st\u00e4 rautaromusta pr\u00e4ssin avulla puristettiin tietyn kokoisia, noin 50 kilon painoisia paketteja. Niiden tie johti edelleen Martin uuniin uusiksi jalosteiksi. Pojasta tuntui kuin taivaan lahjalta p\u00e4\u00e4stess\u00e4\u00e4n kuuman kitkuisesta uunista ulos raittiiseen ilmaan. Ty\u00f6kin oli kappalehintaista urakkahommaa, joka teki sen mielekk\u00e4\u00e4ksi.<\/p>\n<p>Sukkelasti vieriv\u00e4t viikot, kuluivat kuukaudet. Kotiinsa l\u00e4hetti tuloistansa kaiken, mik\u00e4 j\u00e4i yli arkiel\u00e4m\u00e4n t\u00e4hdellisen tarpeen. Eik\u00e4 mit\u00e4\u00e4n muita menotarpeita ollutkaan, mit\u00e4 nyt jollakin limunaatipullolla herkuttelu sunnuntaisin tehdaskyl\u00e4n kahvilassa.<\/p>\n<\/div><\/section>\n","protected":false},"excerpt":{"rendered":"","protected":false},"author":2,"featured_media":0,"parent":1746,"menu_order":3,"comment_status":"closed","ping_status":"closed","template":"","meta":{"footnotes":""},"class_list":["post-2988","page","type-page","status-publish","hentry"],"yoast_head":"<!-- This site is optimized with the Yoast SEO plugin v27.5 - https:\/\/yoast.com\/product\/yoast-seo-wordpress\/ -->\n<title>Tehtaalle t\u00f6ihin - Veteraanien Perint\u00f6<\/title>\n<meta name=\"robots\" content=\"index, follow, max-snippet:-1, max-image-preview:large, max-video-preview:-1\" \/>\n<link rel=\"canonical\" href=\"https:\/\/veteraanienperinto.fi\/index.php\/talvisota-etusivu\/talvisodan-kertomukset\/1930-luku\/oksilla-riippuvat-sukanriekaleet\/tehtaalle-toihin\/\" \/>\n<meta property=\"og:locale\" content=\"fi_FI\" \/>\n<meta property=\"og:type\" content=\"article\" \/>\n<meta property=\"og:title\" content=\"Tehtaalle t\u00f6ihin - Veteraanien Perint\u00f6\" \/>\n<meta property=\"og:url\" content=\"https:\/\/veteraanienperinto.fi\/index.php\/talvisota-etusivu\/talvisodan-kertomukset\/1930-luku\/oksilla-riippuvat-sukanriekaleet\/tehtaalle-toihin\/\" \/>\n<meta property=\"og:site_name\" content=\"Veteraanien Perint\u00f6\" \/>\n<meta property=\"article:modified_time\" content=\"2021-01-26T13:46:18+00:00\" \/>\n<meta name=\"twitter:card\" content=\"summary_large_image\" \/>\n<meta name=\"twitter:label1\" content=\"Arvioitu lukuaika\" \/>\n\t<meta name=\"twitter:data1\" content=\"3 minuuttia\" \/>\n<script type=\"application\/ld+json\" class=\"yoast-schema-graph\">{\"@context\":\"https:\\\/\\\/schema.org\",\"@graph\":[{\"@type\":\"WebPage\",\"@id\":\"https:\\\/\\\/veteraanienperinto.fi\\\/index.php\\\/talvisota-etusivu\\\/talvisodan-kertomukset\\\/1930-luku\\\/oksilla-riippuvat-sukanriekaleet\\\/tehtaalle-toihin\\\/\",\"url\":\"https:\\\/\\\/veteraanienperinto.fi\\\/index.php\\\/talvisota-etusivu\\\/talvisodan-kertomukset\\\/1930-luku\\\/oksilla-riippuvat-sukanriekaleet\\\/tehtaalle-toihin\\\/\",\"name\":\"Tehtaalle t\u00f6ihin - Veteraanien Perint\u00f6\",\"isPartOf\":{\"@id\":\"https:\\\/\\\/veteraanienperinto.fi\\\/#website\"},\"datePublished\":\"2020-09-04T16:29:02+00:00\",\"dateModified\":\"2021-01-26T13:46:18+00:00\",\"breadcrumb\":{\"@id\":\"https:\\\/\\\/veteraanienperinto.fi\\\/index.php\\\/talvisota-etusivu\\\/talvisodan-kertomukset\\\/1930-luku\\\/oksilla-riippuvat-sukanriekaleet\\\/tehtaalle-toihin\\\/#breadcrumb\"},\"inLanguage\":\"fi\",\"potentialAction\":[{\"@type\":\"ReadAction\",\"target\":[\"https:\\\/\\\/veteraanienperinto.fi\\\/index.php\\\/talvisota-etusivu\\\/talvisodan-kertomukset\\\/1930-luku\\\/oksilla-riippuvat-sukanriekaleet\\\/tehtaalle-toihin\\\/\"]}]},{\"@type\":\"BreadcrumbList\",\"@id\":\"https:\\\/\\\/veteraanienperinto.fi\\\/index.php\\\/talvisota-etusivu\\\/talvisodan-kertomukset\\\/1930-luku\\\/oksilla-riippuvat-sukanriekaleet\\\/tehtaalle-toihin\\\/#breadcrumb\",\"itemListElement\":[{\"@type\":\"ListItem\",\"position\":1,\"name\":\"Etusivu\",\"item\":\"https:\\\/\\\/veteraanienperinto.fi\\\/index.php\\\/etusivu-2\\\/\"},{\"@type\":\"ListItem\",\"position\":2,\"name\":\"Talvisota\",\"item\":\"https:\\\/\\\/veteraanienperinto.fi\\\/index.php\\\/talvisota-etusivu\\\/\"},{\"@type\":\"ListItem\",\"position\":3,\"name\":\"Talvisodan kertomukset\",\"item\":\"https:\\\/\\\/veteraanienperinto.fi\\\/index.php\\\/talvisota-etusivu\\\/talvisodan-kertomukset\\\/\"},{\"@type\":\"ListItem\",\"position\":4,\"name\":\"1930-luku\",\"item\":\"https:\\\/\\\/veteraanienperinto.fi\\\/index.php\\\/talvisota-etusivu\\\/talvisodan-kertomukset\\\/1930-luku\\\/\"},{\"@type\":\"ListItem\",\"position\":5,\"name\":\"Kotirintama\",\"item\":\"https:\\\/\\\/veteraanienperinto.fi\\\/index.php\\\/talvisota-etusivu\\\/talvisodan-kertomukset\\\/1930-luku\\\/oksilla-riippuvat-sukanriekaleet\\\/\"},{\"@type\":\"ListItem\",\"position\":6,\"name\":\"Tehtaalle t\u00f6ihin\"}]},{\"@type\":\"WebSite\",\"@id\":\"https:\\\/\\\/veteraanienperinto.fi\\\/#website\",\"url\":\"https:\\\/\\\/veteraanienperinto.fi\\\/\",\"name\":\"Veteraanien Perint\u00f6\",\"description\":\"Kadettikunta\",\"potentialAction\":[{\"@type\":\"SearchAction\",\"target\":{\"@type\":\"EntryPoint\",\"urlTemplate\":\"https:\\\/\\\/veteraanienperinto.fi\\\/?s={search_term_string}\"},\"query-input\":{\"@type\":\"PropertyValueSpecification\",\"valueRequired\":true,\"valueName\":\"search_term_string\"}}],\"inLanguage\":\"fi\"}]}<\/script>\n<!-- \/ Yoast SEO plugin. -->","yoast_head_json":{"title":"Tehtaalle t\u00f6ihin - Veteraanien Perint\u00f6","robots":{"index":"index","follow":"follow","max-snippet":"max-snippet:-1","max-image-preview":"max-image-preview:large","max-video-preview":"max-video-preview:-1"},"canonical":"https:\/\/veteraanienperinto.fi\/index.php\/talvisota-etusivu\/talvisodan-kertomukset\/1930-luku\/oksilla-riippuvat-sukanriekaleet\/tehtaalle-toihin\/","og_locale":"fi_FI","og_type":"article","og_title":"Tehtaalle t\u00f6ihin - Veteraanien Perint\u00f6","og_url":"https:\/\/veteraanienperinto.fi\/index.php\/talvisota-etusivu\/talvisodan-kertomukset\/1930-luku\/oksilla-riippuvat-sukanriekaleet\/tehtaalle-toihin\/","og_site_name":"Veteraanien Perint\u00f6","article_modified_time":"2021-01-26T13:46:18+00:00","twitter_card":"summary_large_image","twitter_misc":{"Arvioitu lukuaika":"3 minuuttia"},"schema":{"@context":"https:\/\/schema.org","@graph":[{"@type":"WebPage","@id":"https:\/\/veteraanienperinto.fi\/index.php\/talvisota-etusivu\/talvisodan-kertomukset\/1930-luku\/oksilla-riippuvat-sukanriekaleet\/tehtaalle-toihin\/","url":"https:\/\/veteraanienperinto.fi\/index.php\/talvisota-etusivu\/talvisodan-kertomukset\/1930-luku\/oksilla-riippuvat-sukanriekaleet\/tehtaalle-toihin\/","name":"Tehtaalle t\u00f6ihin - Veteraanien Perint\u00f6","isPartOf":{"@id":"https:\/\/veteraanienperinto.fi\/#website"},"datePublished":"2020-09-04T16:29:02+00:00","dateModified":"2021-01-26T13:46:18+00:00","breadcrumb":{"@id":"https:\/\/veteraanienperinto.fi\/index.php\/talvisota-etusivu\/talvisodan-kertomukset\/1930-luku\/oksilla-riippuvat-sukanriekaleet\/tehtaalle-toihin\/#breadcrumb"},"inLanguage":"fi","potentialAction":[{"@type":"ReadAction","target":["https:\/\/veteraanienperinto.fi\/index.php\/talvisota-etusivu\/talvisodan-kertomukset\/1930-luku\/oksilla-riippuvat-sukanriekaleet\/tehtaalle-toihin\/"]}]},{"@type":"BreadcrumbList","@id":"https:\/\/veteraanienperinto.fi\/index.php\/talvisota-etusivu\/talvisodan-kertomukset\/1930-luku\/oksilla-riippuvat-sukanriekaleet\/tehtaalle-toihin\/#breadcrumb","itemListElement":[{"@type":"ListItem","position":1,"name":"Etusivu","item":"https:\/\/veteraanienperinto.fi\/index.php\/etusivu-2\/"},{"@type":"ListItem","position":2,"name":"Talvisota","item":"https:\/\/veteraanienperinto.fi\/index.php\/talvisota-etusivu\/"},{"@type":"ListItem","position":3,"name":"Talvisodan kertomukset","item":"https:\/\/veteraanienperinto.fi\/index.php\/talvisota-etusivu\/talvisodan-kertomukset\/"},{"@type":"ListItem","position":4,"name":"1930-luku","item":"https:\/\/veteraanienperinto.fi\/index.php\/talvisota-etusivu\/talvisodan-kertomukset\/1930-luku\/"},{"@type":"ListItem","position":5,"name":"Kotirintama","item":"https:\/\/veteraanienperinto.fi\/index.php\/talvisota-etusivu\/talvisodan-kertomukset\/1930-luku\/oksilla-riippuvat-sukanriekaleet\/"},{"@type":"ListItem","position":6,"name":"Tehtaalle t\u00f6ihin"}]},{"@type":"WebSite","@id":"https:\/\/veteraanienperinto.fi\/#website","url":"https:\/\/veteraanienperinto.fi\/","name":"Veteraanien Perint\u00f6","description":"Kadettikunta","potentialAction":[{"@type":"SearchAction","target":{"@type":"EntryPoint","urlTemplate":"https:\/\/veteraanienperinto.fi\/?s={search_term_string}"},"query-input":{"@type":"PropertyValueSpecification","valueRequired":true,"valueName":"search_term_string"}}],"inLanguage":"fi"}]}},"_links":{"self":[{"href":"https:\/\/veteraanienperinto.fi\/index.php\/wp-json\/wp\/v2\/pages\/2988","targetHints":{"allow":["GET"]}}],"collection":[{"href":"https:\/\/veteraanienperinto.fi\/index.php\/wp-json\/wp\/v2\/pages"}],"about":[{"href":"https:\/\/veteraanienperinto.fi\/index.php\/wp-json\/wp\/v2\/types\/page"}],"author":[{"embeddable":true,"href":"https:\/\/veteraanienperinto.fi\/index.php\/wp-json\/wp\/v2\/users\/2"}],"replies":[{"embeddable":true,"href":"https:\/\/veteraanienperinto.fi\/index.php\/wp-json\/wp\/v2\/comments?post=2988"}],"version-history":[{"count":5,"href":"https:\/\/veteraanienperinto.fi\/index.php\/wp-json\/wp\/v2\/pages\/2988\/revisions"}],"predecessor-version":[{"id":10573,"href":"https:\/\/veteraanienperinto.fi\/index.php\/wp-json\/wp\/v2\/pages\/2988\/revisions\/10573"}],"up":[{"embeddable":true,"href":"https:\/\/veteraanienperinto.fi\/index.php\/wp-json\/wp\/v2\/pages\/1746"}],"wp:attachment":[{"href":"https:\/\/veteraanienperinto.fi\/index.php\/wp-json\/wp\/v2\/media?parent=2988"}],"curies":[{"name":"wp","href":"https:\/\/api.w.org\/{rel}","templated":true}]}}