{"id":30,"date":"2020-08-13T04:58:03","date_gmt":"2020-08-13T04:58:03","guid":{"rendered":"https:\/\/veteraani.ylirotu.fi\/?page_id=30"},"modified":"2021-01-22T09:19:45","modified_gmt":"2021-01-22T09:19:45","slug":"tuotanto","status":"publish","type":"page","link":"https:\/\/veteraanienperinto.fi\/index.php\/tietopankit\/tuotanto\/","title":{"rendered":"Tuotanto"},"content":{"rendered":"<div id='full_slider_1'  class='avia-fullwidth-slider main_color avia-shadow   avia-builder-el-0  el_before_av_heading  avia-builder-el-first   container_wrap sidebar_right'  ><div  class='avia-slideshow av-887iy-ff4c7729037e552e0e9e6e0719bc946d avia-slideshow-featured av_slideshow_full avia-slide-slider av-slideshow-ui av-control-default av-slideshow-manual av-loop-once av-loop-manual-endless av-default-height-applied   avia-slideshow-1' data-slideshow-options=\"{&quot;animation&quot;:&quot;slide&quot;,&quot;autoplay&quot;:false,&quot;loop_autoplay&quot;:&quot;once&quot;,&quot;interval&quot;:5,&quot;loop_manual&quot;:&quot;manual-endless&quot;,&quot;autoplay_stopper&quot;:false,&quot;noNavigation&quot;:false,&quot;bg_slider&quot;:false,&quot;keep_padding&quot;:false,&quot;hoverpause&quot;:false,&quot;show_slide_delay&quot;:0}\"  itemprop=\"image\" itemscope=\"itemscope\" itemtype=\"https:\/\/schema.org\/ImageObject\" ><ul class='avia-slideshow-inner ' style='padding-bottom: 28.666666666667%;'><li  class='avia-slideshow-slide av-887iy-ff4c7729037e552e0e9e6e0719bc946d__0  av-single-slide slide-1 slide-odd'><div data-rel='slideshow-1' class='avia-slide-wrap '   ><img decoding=\"async\" fetchpriority=\"high\" class=\"wp-image-5150 avia-img-lazy-loading-not-5150\"  src=\"https:\/\/veteraanienperinto.fi\/wp-content\/uploads\/2020\/11\/tuotanto-1500x430.png\" width=\"1500\" height=\"430\" title='tuotanto' alt=''  itemprop=\"thumbnailUrl\" srcset=\"https:\/\/veteraanienperinto.fi\/wp-content\/uploads\/2020\/11\/tuotanto.png 1500w, https:\/\/veteraanienperinto.fi\/wp-content\/uploads\/2020\/11\/tuotanto-300x86.png 300w, https:\/\/veteraanienperinto.fi\/wp-content\/uploads\/2020\/11\/tuotanto-1030x295.png 1030w, https:\/\/veteraanienperinto.fi\/wp-content\/uploads\/2020\/11\/tuotanto-768x220.png 768w, https:\/\/veteraanienperinto.fi\/wp-content\/uploads\/2020\/11\/tuotanto-705x202.png 705w\" sizes=\"(max-width: 1500px) 100vw, 1500px\" \/><\/div><\/li><\/ul><\/div><\/div><div id='after_full_slider_1'  class='main_color av_default_container_wrap container_wrap sidebar_right'  ><div class='container av-section-cont-open' ><div class='template-page content  av-content-small alpha units'><div class='post-entry post-entry-type-page post-entry-30'><div class='entry-content-wrapper clearfix'>\n\n<style type=\"text\/css\" data-created_by=\"avia_inline_auto\" id=\"style-css-av-av_heading-888121f5dd7dd477a07a1d798410f660\">\n#top .av-special-heading.av-av_heading-888121f5dd7dd477a07a1d798410f660{\npadding-bottom:10px;\n}\nbody .av-special-heading.av-av_heading-888121f5dd7dd477a07a1d798410f660 .av-special-heading-tag .heading-char{\nfont-size:25px;\n}\n.av-special-heading.av-av_heading-888121f5dd7dd477a07a1d798410f660 .av-subheading{\nfont-size:15px;\n}\n<\/style>\n<div  class='av-special-heading av-av_heading-888121f5dd7dd477a07a1d798410f660 av-special-heading-h2  avia-builder-el-1  el_after_av_slideshow_full  el_before_av_textblock  avia-builder-el-first '><h2 class='av-special-heading-tag'  itemprop=\"headline\"  >Sivujen p\u00e4ivitys <\/h2><div class=\"special-heading-border\"><div class=\"special-heading-inner-border\"><\/div><\/div><\/div>\n<section  class='av_textblock_section av-kh3689us-3ca805f1d28aa46c8a730e0263d9599c '   itemscope=\"itemscope\" itemtype=\"https:\/\/schema.org\/CreativeWork\" ><div class='avia_textblock'  itemprop=\"text\" ><div class=\"kvgmc6g5 cxmmr5t8 oygrvhab hcukyx3x c1et5uql ii04i59q\">\n<div dir=\"auto\">\n<p><em>Veteraanien perint\u00f6 -tietopankki julkaistiin ensimm\u00e4isen kerran vuonna 2001 CD-ROM -versiona. Tietopankin ruotsinkielinen versio valmistui vuonna 2002. <\/em><em>CD-ROM -versio siirrettiin verkkoalustalle vuonna 2014. <\/em><\/p>\n<p><em>Verkkoalustalla oleva tietopankki p\u00e4ivitettiin vuoden 2020 kes\u00e4-marraskuussa. Tietopankin tekninen alusta uudistettiin sen k\u00e4ytett\u00e4vyyden parantamiseksi mm. uusilla mobiililaitteilla.\u00a0 Samassa yhteydess\u00e4 tietopankissa oleva materiaali ryhmiteltiin uudelleen\u00a0 luettavuuden ja selaamisen helpottamiseksi. My\u00f6s kuvamateriaalia lis\u00e4ttiin sivujen el\u00e4v\u00f6itt\u00e4miseksi.<\/em><\/p>\n<p><em>P\u00e4ivityksen toteutuksesta vastasivat <strong>AD Nikolai Ylirotu<\/strong> (Sarvikuono Design) ja <strong>everstiluutnantti evp Kari Sainio<\/strong>.<\/em><\/p>\n<p><em>Kadettikunta kiitt\u00e4\u00e4 tietopankin -uudistamishanketta tukeneita tahoja:<\/em><\/p>\n<ul>\n<li><em>Jenny ja Antti Wihurin rahasto, <\/em><\/li>\n<li><em>Maanpuolustuksen kannatuss\u00e4\u00e4ti\u00f6, <\/em><\/li>\n<li><em>Puolustusvoimien tukis\u00e4\u00e4ti\u00f6, <\/em><\/li>\n<li><em>Turvallisuuden tukis\u00e4\u00e4ti\u00f6 ja <\/em><\/li>\n<li><em>Uuden P\u00e4iv\u00e4n rahasto<\/em><\/li>\n<\/ul>\n<h3><\/h3>\n<\/div>\n<\/div>\n<div dir=\"auto\"><\/div>\n<div class=\"kvgmc6g5 cxmmr5t8 oygrvhab hcukyx3x c1et5uql ii04i59q\"><\/div>\n<\/div><\/section>\n<section  class='av_textblock_section av-5ralm-95e113827ee54bd31c027c7526c2da30 '   itemscope=\"itemscope\" itemtype=\"https:\/\/schema.org\/CreativeWork\" ><div class='avia_textblock'  itemprop=\"text\" ><h3><em>Tietopankin alkuper\u00e4inen tuotantoryhm\u00e4<\/em><\/h3>\n<\/div><\/section>\n\n<style type=\"text\/css\" data-created_by=\"avia_inline_auto\" id=\"style-css-av-1pfli-53cef096c9c12c65ab38217afc0f23ac\">\n.flex_column.av-1pfli-53cef096c9c12c65ab38217afc0f23ac{\nborder-radius:0px 0px 0px 0px;\npadding:0px 0px 0px 0px;\n}\n<\/style>\n<div  class='flex_column av-1pfli-53cef096c9c12c65ab38217afc0f23ac av_one_half  avia-builder-el-4  el_after_av_textblock  el_before_av_one_half  first flex_column_div av-zero-column-padding  column-top-margin'     ><section  class='av_textblock_section av-kefsm6c3-3d7ebd287652ae1ce1ec5446254fd7cc '   itemscope=\"itemscope\" itemtype=\"https:\/\/schema.org\/CreativeWork\" ><div class='avia_textblock'  itemprop=\"text\" ><p><strong>Tuottaja<\/strong><br \/>\nKadettikunta ry<\/p>\n<p><strong>Tuotannon seuranta<\/strong><br \/>\nOpetushallitus<\/p>\n<p><strong>Yhteisty\u00f6kumppanit<\/strong><\/p>\n<p><strong>Veteraanij\u00e4rjest\u00f6t:<\/strong><\/p>\n<p>Sotaveteraaniliitto ry<br \/>\nRintamaveteraaniliitto ry<br \/>\nSotainvalidien Veljesliitto ry<br \/>\nRintamanaisten liitto ry<br \/>\nKaatuneiden Omaisten Liitto ry<br \/>\nSotavangit ry<\/p>\n<p>Historian ja yhteiskuntaopin opettajien liitto ry<\/p>\n<p>Puolustusvoimat<\/p>\n<p><strong>Tuotantoyhti\u00f6<\/strong><br \/>\nHyperGraph Oy\/Nero&amp;Progress Oy<\/p>\n<p><strong>Projektin taloudellinen tukija<\/strong><br \/>\nJenny ja Antti Wihurin rahasto<\/p>\n<p><strong>Ryhm\u00e4t ja vastuut<\/strong><\/p>\n<p><strong>Projektin oltermanni<\/strong><br \/>\nKenraali Jaakko Valtanen<\/p>\n<p><strong>Projektin johtaja<\/strong><br \/>\nEverstiluutnantti Pekka Rapila<\/p>\n<p><strong>Johtoryhm\u00e4n j\u00e4senet<\/strong><br \/>\nKommodori Jukka Pajala (puheenjohtaja)<br \/>\nPuheenjohtaja Aarno Lampi, Sotaveteraaniliitto ry<br \/>\nPuheenjohtaja Onni Toljamo, Rintamaveteraaniliitto ry<br \/>\nPuheenjohtaja Uki Voutilainen, Sotainvalidien Veljesliitto ry<br \/>\nPuheenjohtaja Laine-Maire Ky\u00f6stil\u00e4, Rintamanaisten liitto ry<br \/>\nPuheenjohtaja Pentti Lehtim\u00e4ki, Kaatuneiden Omaisten Liitto ry<br \/>\nPuheenjohtaja Teuvo Alava, Sotavangit ry<br \/>\nYlijohtaja Aslak Lindstr\u00f6m, Opetushallitus<br \/>\nHistorian opettaja Vesa Viherv\u00e4, HYOL<br \/>\nEverstiluutnantti Erik Werner, Puolustusvoimat<br \/>\nEverstiluutnantti Pekka Rapila, sihteeri<\/p>\n<p><strong>Idearyhm\u00e4n j\u00e4senet<\/strong><br \/>\nJukka Pajala (puheenjohtaja)<br \/>\nAntti Henttonen<br \/>\nSakari S\u00e4rkisilta<br \/>\nArto Lillberg<br \/>\nEeva Hurmalainen<br \/>\nMatti Lukkari<br \/>\nTapio Skog<br \/>\nArto Kotro<br \/>\nOlli Ollila<br \/>\nPekka Iivonen<br \/>\nVesa Viherv\u00e4<br \/>\nPekka Rapila (sihteeri)<\/p>\n<p><strong>Projektiryhm\u00e4n j\u00e4senet<\/strong><br \/>\nPekka Rapila (puheenjohtaja)<br \/>\nAntti Henttonen<br \/>\nMatti Hara<br \/>\nYrj\u00f6 Hy\u00f6tyniemi<br \/>\nVesa Viherv\u00e4<br \/>\nJussi-Pekka Kangas<br \/>\nArto Kotro<br \/>\nAarno Unkila<\/p>\n<p><strong>Vastuut<\/strong><br \/>\nJohtoryhm\u00e4: linjaukset<br \/>\nIdearyhm\u00e4: Veteraanien sanoma<br \/>\nProjektiryhm\u00e4: historiasis\u00e4lt\u00f6, pedagogia<\/p>\n<p><strong>Tekij\u00e4t ja materiaalit<\/strong><\/p>\n<p><strong>Ohjelman k\u00e4sikirjoitus<\/strong><br \/>\nArto Kotro<\/p>\n<p><strong>Oppimisymp\u00e4rist\u00f6- ja multimediak\u00e4sikirjoitus<\/strong><br \/>\n(Veteraanien perint\u00f6 &#8211; Itsen\u00e4inen is\u00e4nmaa cd-rom)<br \/>\nAarno Unkila<\/p>\n<p><strong>Testi<\/strong><br \/>\nAarno Lampi<\/p>\n<p><strong>Teht\u00e4v\u00e4t<\/strong><br \/>\nHistorian ja yhteiskuntaopin opettajien liitto ry<\/p>\n<p><strong>Graafinen suunnittelu, kuvitus ja kuvank\u00e4sittely<\/strong><br \/>\nAarno Unkila<\/p>\n<p><strong>Musiikki ja \u00e4\u00e4nisuunnittelu<\/strong><br \/>\n(Veteraanien perint\u00f6 &#8211; Itsen\u00e4inen is\u00e4nmaa cd-rom)<br \/>\nPetteri Unkila<\/p>\n<p><strong>Ohjelmointi<\/strong>\u00a0(Veteraanien perint\u00f6 &#8211; Itsen\u00e4inen is\u00e4nmaa cd-rom)<br \/>\nHyperGraph Oy\/Aarno Unkila<\/p>\n<p><strong>Multimediakoostaminen<\/strong><br \/>\n(Veteraanien perint\u00f6 &#8211; Itsen\u00e4inen is\u00e4nmaa cd-rom)<br \/>\nAarno Unkila<\/p>\n<p><strong>Multimediaty\u00f6kalut<\/strong><br \/>\n(Veteraanien perint\u00f6 &#8211; Itsen\u00e4inen is\u00e4nmaa cd-rom)<br \/>\nMacromedia Authorware 5,0 Attain Multimediastudio<\/p>\n<p><strong>Selostus<\/strong>\u00a0(Veteraanien perint\u00f6 &#8211; Itsen\u00e4inen is\u00e4nmaa cd-rom)<br \/>\nVeikko Honkanen<br \/>\nTitta Jokinen<\/p>\n<p><strong>Videosuunnittelu ja -leikkaus multimediaan<\/strong>\u00a0(Veteraanien perint\u00f6 &#8211; Itsen\u00e4inen is\u00e4nmaa cd-rom)<br \/>\nPetteri ja Aarno Unkila<\/p>\n<p><strong>\u00c4\u00e4nitys ja \u00e4\u00e4nentarkkailu<\/strong>\u00a0(Veteraanien perint\u00f6 &#8211; Itsen\u00e4inen is\u00e4nmaa cd-rom)<br \/>\nKari Pietil\u00e4<\/p>\n<p><strong>\u00c4\u00e4nen leikkaus<\/strong>\u00a0(Veteraanien perint\u00f6 &#8211; Itsen\u00e4inen is\u00e4nmaa cd-rom)<br \/>\nPetteri Unkila<\/p>\n<p><strong>Videot: (Veteraanien perint\u00f6 &#8211; Itsen\u00e4inen is\u00e4nmaa cd-rom)<\/strong><br \/>\nAveCaesar Oy<br \/>\nMTV3<br \/>\nMRP Matila &amp; R\u00f6hr Productions Oy<br \/>\nUuden P\u00e4iv\u00e4n Rahasto<br \/>\nMarkku Onttonen<br \/>\nRintamanaisten liitto ry<br \/>\nPuolustusvoimain elokuva-arkisto<br \/>\nAarno Unkila<br \/>\nPetteri Unkila<br \/>\nTykkimiehet ry<br \/>\nTuomo Rysti<br \/>\nKari Salmi<br \/>\nYLE 1<\/p>\n<p><strong>Kuval\u00e4hteet:<\/strong><br \/>\nHelsingin Yliopiston museo<br \/>\nPohjois-Pohjalaisen Osakunnan kokoelma<br \/>\nEtel\u00e4suomalaisen Osakunnan kokoelma<br \/>\nJ\u00e4\u00e4k\u00e4ripataljoona 27:n perinneyhdistys<br \/>\nKansan Arkisto\/1918 Kansalaissodan kuvia<br \/>\nKarjalan liitto<br \/>\nKauhajoen Museoyhdistys ry<br \/>\nKuopion koululaitos 125 vuotta<br \/>\nMuisti-projekti<br \/>\nPohjois-pohjanmaan museo<br \/>\nKotirintaman arkea Oulussa<br \/>\n1930-luku: pulan ja aatteiden vuosikymmen ja<br \/>\nUuno Laukan kuva-arkisto<br \/>\nPvKK\/kuvaosasto<br \/>\nRintamanaisten liitto ry<br \/>\nSotainvalidien Veljesliitto ry<br \/>\nSotamuseo<br \/>\nSuomen historian dokumentteja<br \/>\nSakari S\u00e4rkisillan kuva-arkisto<br \/>\nTampereenhistoria\/Tampereen kaupungin elinkeinokeskus\/Koskesta voimaa<br \/>\nTervetuloa tutustumaan luovutettuun Karjalaan<br \/>\nTy\u00f6v\u00e4enliike 100 vuotta<br \/>\nlis\u00e4ksi yksityisten antamia kuvia<\/p>\n<p><strong>Kirjalliset l\u00e4hteet:<\/strong><br \/>\nAhto S. Aseveljet vastakkain. Lapin sota 1944-45, Kirjayhtym\u00e4 1980<br \/>\nAhto S. Talvisodan henki, WSOY 1989<br \/>\nHonkasalo M. Suomalainen sotainvalidi, Otava 2000<br \/>\nJermo A. Kun kansa eli kortilla. Otava 1974<br \/>\nJokipii M. Panttipataljoona, Gummerus 1996<br \/>\nJutikkala E, Pirinen K. Suomen historia, WSOY 1999<br \/>\nJuutilainen A. Tammenlehv\u00e4n kansa, Vammalan kirjapaino oy 1977<br \/>\nJ\u00e4\u00e4k\u00e4ripataljoona 27:n perinneyhdistys r.y. J\u00e4\u00e4k\u00e4rin tie, 1975<br \/>\nKinnunen V. (toim.) Sotaveteraanit rauhan t\u00f6iss\u00e4, Risteen Kirjapaino oy 2000<br \/>\nKoskimaa M.<\/p>\n<ul>\n<li>Veitsen ter\u00e4ll\u00e4, WSOY 1992<\/li>\n<li>Murtajan tykist\u00f6, WSOY 1994<\/li>\n<li>Torjuntavoitto Viipurinlahdella kes\u00e4ll\u00e4 1944, WSOY 1996<\/li>\n<li>Tyrj\u00e4n rykmentti, WSOY 1996<\/li>\n<li>Syv\u00e4rilt\u00e4 Nietj\u00e4rvelle, WSOY 1998<\/li>\n<li>Karhum\u00e4est\u00e4 Ilomantsiin, WSOY 2000<\/li>\n<\/ul>\n<p>Leiponen K. Kansa talkoissa, Gummerus 1987<br \/>\nLeskinen J. (toim.), Juutilainen A. (toim.) Talvisodan pikkuj\u00e4ttil\u00e4inen, WSOY 1999<br \/>\nMilit\u00e4rhistoriska F\u00f6rlaget Svenska Frivilliga i Finland 1939-1944<br \/>\nNevalainen P. Inkeril\u00e4inen siirtov\u00e4ki Suomessa 1940-luvulla, Otava 1990<br \/>\nPalokangas M. Sotilask\u00e4siaseet Suomessa 1918-1988, Vammalan Kirjapaino oy 1991<br \/>\nSotatieteen laitos Suomen sota 1941-1945 1-11, Kustannus oy Savo, WSOY 1964-1975<br \/>\nSotatieteen laitos Talvisodan historia 1-4. WSOY 1977<br \/>\nSotatieteen laitos Jatkosodan historia 1-6, WSOY 1988<br \/>\nSuomi 75 vuotta (toimituskunta) Itsen\u00e4isen Suomen historia 1-4, Weilin+G\u00f6\u00f6s 1992<br \/>\nOy Valitut Palat-Reader\u00b4s Digest Ab Nainen sodassa, 1995<\/p>\n<\/div><\/section><\/div>\n\n<style type=\"text\/css\" data-created_by=\"avia_inline_auto\" id=\"style-css-av-czi-d8236fba340fdf6218cab04db1f37e9f\">\n.flex_column.av-czi-d8236fba340fdf6218cab04db1f37e9f{\nborder-radius:0px 0px 0px 0px;\npadding:0px 0px 0px 0px;\n}\n<\/style>\n<div  class='flex_column av-czi-d8236fba340fdf6218cab04db1f37e9f av_one_half  avia-builder-el-6  el_after_av_one_half  avia-builder-el-last  flex_column_div av-zero-column-padding  column-top-margin'     ><style type=\"text\/css\" data-created_by=\"avia_inline_auto\" id=\"style-css-av-kk82nelx-da07d1fc9ca15dbcba7a5936f209123e\">\n.avia-image-container.av-kk82nelx-da07d1fc9ca15dbcba7a5936f209123e img.avia_image{\nbox-shadow:none;\n}\n.avia-image-container.av-kk82nelx-da07d1fc9ca15dbcba7a5936f209123e .av-image-caption-overlay-center{\ncolor:#ffffff;\n}\n<\/style>\n<div  class='avia-image-container av-kk82nelx-da07d1fc9ca15dbcba7a5936f209123e av-styling- avia-align-center  avia-builder-el-7  avia-builder-el-no-sibling '   itemprop=\"image\" itemscope=\"itemscope\" itemtype=\"https:\/\/schema.org\/ImageObject\" ><div class=\"avia-image-container-inner\"><div class=\"avia-image-overlay-wrap\"><img decoding=\"async\" fetchpriority=\"high\" class='wp-image-10486 avia-img-lazy-loading-not-10486 avia_image ' src=\"https:\/\/veteraanienperinto.fi\/wp-content\/uploads\/2021\/01\/Na\u0308ytto\u0308kuva-2021-1-22-kello-7.32.38-1030x635.png\" alt='' title='Na\u0308ytto\u0308kuva 2021-1-22 kello 7.32.38'  height=\"635\" width=\"1030\"  itemprop=\"thumbnailUrl\" srcset=\"https:\/\/veteraanienperinto.fi\/wp-content\/uploads\/2021\/01\/Na\u0308ytto\u0308kuva-2021-1-22-kello-7.32.38-1030x635.png 1030w, https:\/\/veteraanienperinto.fi\/wp-content\/uploads\/2021\/01\/Na\u0308ytto\u0308kuva-2021-1-22-kello-7.32.38-300x185.png 300w, https:\/\/veteraanienperinto.fi\/wp-content\/uploads\/2021\/01\/Na\u0308ytto\u0308kuva-2021-1-22-kello-7.32.38-768x473.png 768w, https:\/\/veteraanienperinto.fi\/wp-content\/uploads\/2021\/01\/Na\u0308ytto\u0308kuva-2021-1-22-kello-7.32.38-705x435.png 705w, https:\/\/veteraanienperinto.fi\/wp-content\/uploads\/2021\/01\/Na\u0308ytto\u0308kuva-2021-1-22-kello-7.32.38.png 1426w\" sizes=\"(max-width: 1030px) 100vw, 1030px\" \/><\/div><\/div><\/div><\/div>\n","protected":false},"excerpt":{"rendered":"","protected":false},"author":1,"featured_media":0,"parent":29,"menu_order":12,"comment_status":"closed","ping_status":"closed","template":"","meta":{"footnotes":""},"class_list":["post-30","page","type-page","status-publish","hentry"],"yoast_head":"<!-- This site is optimized with the Yoast SEO plugin v27.4 - https:\/\/yoast.com\/product\/yoast-seo-wordpress\/ -->\n<title>Tuotanto - Veteraanien Perint\u00f6<\/title>\n<meta name=\"robots\" content=\"index, follow, max-snippet:-1, max-image-preview:large, max-video-preview:-1\" \/>\n<link rel=\"canonical\" href=\"https:\/\/veteraanienperinto.fi\/index.php\/tietopankit\/tuotanto\/\" \/>\n<meta property=\"og:locale\" content=\"fi_FI\" \/>\n<meta property=\"og:type\" content=\"article\" \/>\n<meta property=\"og:title\" content=\"Tuotanto - Veteraanien Perint\u00f6\" \/>\n<meta property=\"og:url\" content=\"https:\/\/veteraanienperinto.fi\/index.php\/tietopankit\/tuotanto\/\" \/>\n<meta property=\"og:site_name\" content=\"Veteraanien Perint\u00f6\" \/>\n<meta property=\"article:modified_time\" content=\"2021-01-22T09:19:45+00:00\" \/>\n<meta name=\"twitter:card\" content=\"summary_large_image\" \/>\n<meta name=\"twitter:label1\" content=\"Arvioitu lukuaika\" \/>\n\t<meta name=\"twitter:data1\" content=\"7 minuuttia\" \/>\n<script type=\"application\/ld+json\" class=\"yoast-schema-graph\">{\"@context\":\"https:\\\/\\\/schema.org\",\"@graph\":[{\"@type\":\"WebPage\",\"@id\":\"https:\\\/\\\/veteraanienperinto.fi\\\/index.php\\\/tietopankit\\\/tuotanto\\\/\",\"url\":\"https:\\\/\\\/veteraanienperinto.fi\\\/index.php\\\/tietopankit\\\/tuotanto\\\/\",\"name\":\"Tuotanto - Veteraanien Perint\u00f6\",\"isPartOf\":{\"@id\":\"https:\\\/\\\/veteraanienperinto.fi\\\/#website\"},\"datePublished\":\"2020-08-13T04:58:03+00:00\",\"dateModified\":\"2021-01-22T09:19:45+00:00\",\"breadcrumb\":{\"@id\":\"https:\\\/\\\/veteraanienperinto.fi\\\/index.php\\\/tietopankit\\\/tuotanto\\\/#breadcrumb\"},\"inLanguage\":\"fi\",\"potentialAction\":[{\"@type\":\"ReadAction\",\"target\":[\"https:\\\/\\\/veteraanienperinto.fi\\\/index.php\\\/tietopankit\\\/tuotanto\\\/\"]}]},{\"@type\":\"BreadcrumbList\",\"@id\":\"https:\\\/\\\/veteraanienperinto.fi\\\/index.php\\\/tietopankit\\\/tuotanto\\\/#breadcrumb\",\"itemListElement\":[{\"@type\":\"ListItem\",\"position\":1,\"name\":\"Etusivu\",\"item\":\"https:\\\/\\\/veteraanienperinto.fi\\\/index.php\\\/etusivu-2\\\/\"},{\"@type\":\"ListItem\",\"position\":2,\"name\":\"Tietopankit\",\"item\":\"https:\\\/\\\/veteraanienperinto.fi\\\/index.php\\\/tietopankit\\\/\"},{\"@type\":\"ListItem\",\"position\":3,\"name\":\"Tuotanto\"}]},{\"@type\":\"WebSite\",\"@id\":\"https:\\\/\\\/veteraanienperinto.fi\\\/#website\",\"url\":\"https:\\\/\\\/veteraanienperinto.fi\\\/\",\"name\":\"Veteraanien Perint\u00f6\",\"description\":\"Kadettikunta\",\"potentialAction\":[{\"@type\":\"SearchAction\",\"target\":{\"@type\":\"EntryPoint\",\"urlTemplate\":\"https:\\\/\\\/veteraanienperinto.fi\\\/?s={search_term_string}\"},\"query-input\":{\"@type\":\"PropertyValueSpecification\",\"valueRequired\":true,\"valueName\":\"search_term_string\"}}],\"inLanguage\":\"fi\"}]}<\/script>\n<!-- \/ Yoast SEO plugin. -->","yoast_head_json":{"title":"Tuotanto - Veteraanien Perint\u00f6","robots":{"index":"index","follow":"follow","max-snippet":"max-snippet:-1","max-image-preview":"max-image-preview:large","max-video-preview":"max-video-preview:-1"},"canonical":"https:\/\/veteraanienperinto.fi\/index.php\/tietopankit\/tuotanto\/","og_locale":"fi_FI","og_type":"article","og_title":"Tuotanto - Veteraanien Perint\u00f6","og_url":"https:\/\/veteraanienperinto.fi\/index.php\/tietopankit\/tuotanto\/","og_site_name":"Veteraanien Perint\u00f6","article_modified_time":"2021-01-22T09:19:45+00:00","twitter_card":"summary_large_image","twitter_misc":{"Arvioitu lukuaika":"7 minuuttia"},"schema":{"@context":"https:\/\/schema.org","@graph":[{"@type":"WebPage","@id":"https:\/\/veteraanienperinto.fi\/index.php\/tietopankit\/tuotanto\/","url":"https:\/\/veteraanienperinto.fi\/index.php\/tietopankit\/tuotanto\/","name":"Tuotanto - Veteraanien Perint\u00f6","isPartOf":{"@id":"https:\/\/veteraanienperinto.fi\/#website"},"datePublished":"2020-08-13T04:58:03+00:00","dateModified":"2021-01-22T09:19:45+00:00","breadcrumb":{"@id":"https:\/\/veteraanienperinto.fi\/index.php\/tietopankit\/tuotanto\/#breadcrumb"},"inLanguage":"fi","potentialAction":[{"@type":"ReadAction","target":["https:\/\/veteraanienperinto.fi\/index.php\/tietopankit\/tuotanto\/"]}]},{"@type":"BreadcrumbList","@id":"https:\/\/veteraanienperinto.fi\/index.php\/tietopankit\/tuotanto\/#breadcrumb","itemListElement":[{"@type":"ListItem","position":1,"name":"Etusivu","item":"https:\/\/veteraanienperinto.fi\/index.php\/etusivu-2\/"},{"@type":"ListItem","position":2,"name":"Tietopankit","item":"https:\/\/veteraanienperinto.fi\/index.php\/tietopankit\/"},{"@type":"ListItem","position":3,"name":"Tuotanto"}]},{"@type":"WebSite","@id":"https:\/\/veteraanienperinto.fi\/#website","url":"https:\/\/veteraanienperinto.fi\/","name":"Veteraanien Perint\u00f6","description":"Kadettikunta","potentialAction":[{"@type":"SearchAction","target":{"@type":"EntryPoint","urlTemplate":"https:\/\/veteraanienperinto.fi\/?s={search_term_string}"},"query-input":{"@type":"PropertyValueSpecification","valueRequired":true,"valueName":"search_term_string"}}],"inLanguage":"fi"}]}},"_links":{"self":[{"href":"https:\/\/veteraanienperinto.fi\/index.php\/wp-json\/wp\/v2\/pages\/30","targetHints":{"allow":["GET"]}}],"collection":[{"href":"https:\/\/veteraanienperinto.fi\/index.php\/wp-json\/wp\/v2\/pages"}],"about":[{"href":"https:\/\/veteraanienperinto.fi\/index.php\/wp-json\/wp\/v2\/types\/page"}],"author":[{"embeddable":true,"href":"https:\/\/veteraanienperinto.fi\/index.php\/wp-json\/wp\/v2\/users\/1"}],"replies":[{"embeddable":true,"href":"https:\/\/veteraanienperinto.fi\/index.php\/wp-json\/wp\/v2\/comments?post=30"}],"version-history":[{"count":19,"href":"https:\/\/veteraanienperinto.fi\/index.php\/wp-json\/wp\/v2\/pages\/30\/revisions"}],"predecessor-version":[{"id":10503,"href":"https:\/\/veteraanienperinto.fi\/index.php\/wp-json\/wp\/v2\/pages\/30\/revisions\/10503"}],"up":[{"embeddable":true,"href":"https:\/\/veteraanienperinto.fi\/index.php\/wp-json\/wp\/v2\/pages\/29"}],"wp:attachment":[{"href":"https:\/\/veteraanienperinto.fi\/index.php\/wp-json\/wp\/v2\/media?parent=30"}],"curies":[{"name":"wp","href":"https:\/\/api.w.org\/{rel}","templated":true}]}}