{"id":3410,"date":"2020-09-07T07:54:02","date_gmt":"2020-09-07T07:54:02","guid":{"rendered":"https:\/\/veteraani.ylirotu.fi\/?page_id=3410"},"modified":"2020-09-07T07:55:57","modified_gmt":"2020-09-07T07:55:57","slug":"nuorisoa-1800-luvun-lopulla","status":"publish","type":"page","link":"https:\/\/veteraanienperinto.fi\/index.php\/tietopankit\/kertomuksia\/itsenaistymisen-vuodet\/nuorisoa-1800-luvun-lopulla\/","title":{"rendered":"Nuorisoa 1800-luvun lopulla"},"content":{"rendered":"\n<style type=\"text\/css\" data-created_by=\"avia_inline_auto\" id=\"style-css-av-kes8c3qw-1ec9ca36dfbfdac9bcad623a2a62e00c\">\n#top .av-special-heading.av-kes8c3qw-1ec9ca36dfbfdac9bcad623a2a62e00c{\npadding-bottom:10px;\n}\nbody .av-special-heading.av-kes8c3qw-1ec9ca36dfbfdac9bcad623a2a62e00c .av-special-heading-tag .heading-char{\nfont-size:25px;\n}\n.av-special-heading.av-kes8c3qw-1ec9ca36dfbfdac9bcad623a2a62e00c .av-subheading{\nfont-size:15px;\n}\n<\/style>\n<div  class='av-special-heading av-kes8c3qw-1ec9ca36dfbfdac9bcad623a2a62e00c av-special-heading-h3  avia-builder-el-0  el_before_av_textblock  avia-builder-el-first '><h3 class='av-special-heading-tag'  itemprop=\"headline\"  >Nuorisoa 1800-luvun lopulla<\/h3><div class=\"special-heading-border\"><div class=\"special-heading-inner-border\"><\/div><\/div><\/div>\n<section  class='av_textblock_section av-kek0ol8w-0f04af88ec907b2c66cea4bf3dbe1d4c '   itemscope=\"itemscope\" itemtype=\"https:\/\/schema.org\/CreativeWork\" ><div class='avia_textblock'  itemprop=\"text\" ><p><strong>Mooses Lehtinen s. 1878:<\/strong><\/p>\n<p>Palvelusv\u00e4en ja p\u00e4iv\u00e4ty\u00f6l\u00e4isten palkat olivat 1880-1890 luvulla seuraavat: renkien palkka 100 &#8211; 150 mk vuodessa, asunto ja ruoka talosta sek\u00e4 luontoisetuina kaksi paria saappaita ja sukkia.<\/p>\n<p>Naisten rahapalkka 50 &#8211; 55 mk vuodessa, pari kenki\u00e4 ja sukat, muutama kyyn\u00e4r\u00e4 lakana- tai paitakangasta ja kapan kylv\u00f6\u00f6n tarvittava maa-ala pellavan kasvattamiseen. Siemen annettiin ja kylv\u00e4minen toimitettiin talon puolesta maksutta. Sadonkorjuusta huolehti palvelija ja t\u00e4m\u00e4 toimitettiin tavallisesti talkooty\u00f6n\u00e4 sunnuntaisin iltap\u00e4iv\u00e4ll\u00e4. P\u00e4iv\u00e4ty\u00f6l\u00e4isen palkka hein\u00e4n- ja elonkorjuun aikana talon ruoassa oli kappa ruista p\u00e4iv\u00e4ss\u00e4. Sen hinta noteerattiin 50 penniksi. Talvisin, pime\u00e4n\u00e4 vuoden aikana, palkka oli viel\u00e4kin alempi. Olin talossa p\u00e4iv\u00e4l\u00e4isen\u00e4 16-vuotiaana ja sain palkkaa 35 penni\u00e4 p\u00e4iv\u00e4ss\u00e4 ja muonan.<\/p>\n<p>Vapaa-aikoja ei palvelusv\u00e4ell\u00e4 paljon ollut, paitsi pyh\u00e4p\u00e4iv\u00e4t. Tallirenki ja navettapalvelijat olivat silloin sidottuja ty\u00f6h\u00f6ns\u00e4. Sunnuntain vietto pyrittiin pyhitt\u00e4m\u00e4\u00e4n ja varsinkin aamup\u00e4iv\u00e4 kirkonmenojen ajaksi. Rasvanahkaiset saappaat ja keng\u00e4t oli rasvattava pyh\u00e4\u00e4 edelt\u00e4nein\u00e4 p\u00e4ivin\u00e4.<\/p>\n<p>Nuorison vapaa-ajan harrastukset keskittyiv\u00e4t siihen, ett\u00e4 k\u00e4ytiin talojen pirteiss\u00e4 (renkituvissa). N\u00e4in tehtiin varsinkin silloin kun oli useampi per\u00e4kk\u00e4inen pyh\u00e4. Kun parempaakaan harrastusta ei ollut, piirrettiin liidulla lattialle 8-ruutuinen neli\u00f6 (sarka), jokaisen sivun keskikohdalle puoliympyr\u00e4. Neli\u00f6t ja puoliympyr\u00e4t luokiteltiin eri arvoisiksi. Ylimm\u00e4inen puoliympyr\u00e4 oli 400, oikeanpuoleinen 300, vasemmanpuolinen 200 ja alimmainen 100. Tavoitteeksi otettiin joku m\u00e4\u00e4r\u00e4 ja sen ensiksi saavuttanut voitti peliss\u00e4 olleen panoksen. Heittov\u00e4lineen\u00e4 oli 10-pennin lantti, jota heitettiin 6-7 metrin et\u00e4isyydest\u00e4. Pelin p\u00e4\u00e4tytty\u00e4 liituviivat j\u00e4iv\u00e4t lattialle, eiv\u00e4t is\u00e4nn\u00e4t puhdistusta vaatineet, vaikka joskus n\u00e4yttiv\u00e4tkin kiukkuisia silmi\u00e4.<\/p>\n<p>Naisten valmistaessa syksyisin maltaita saunassa, kyl\u00e4n pojat kokoontuivat sinne. Saunan pes\u00e4ss\u00e4 paistettiin perunia (paistikkaita). Kahvia tietysti tarjottiin saunaan saapuneille kuokkavieraille. Maltaiden tekij\u00f6ist\u00e4 tavallisesti kaksi k\u00e4vi vuorotellen parvella liikuttamassa maltaita, etteiv\u00e4t p\u00e4\u00e4sseet h\u00e4\u00e4ltym\u00e4\u00e4n (happanemaan). V\u00e4liajat lokoiltiin (maattiin) lattialla olkien p\u00e4\u00e4ll\u00e4 ja yleens\u00e4 k\u00e4vi niin, ett\u00e4 kumpikin maltaiden tekij\u00e4 l\u00f6ysi saapasparin vierelt\u00e4\u00e4n. Vasta aamun koittaessa saapaspari h\u00e4visi. Mik\u00e4\u00e4n harvinaisuus ei ollut, ett\u00e4 n\u00e4ist\u00e4 maltaiden tekij\u00e4in apulaisista tuli loppui\u00e4ksi vieruskumppanit.<br \/>\nKun saatiin tiet\u00e4\u00e4 jossakin talossa leivottavan, mik\u00e4 yleens\u00e4 tapahtui illalla ja y\u00f6ll\u00e4, mentiin talolle joukolla ja joskus toisen pit\u00e4j\u00e4n puolellekin. Hapanta taikinaa, palat, jotka reij\u00e4n teosta tulivat sarvella irrotetuiksi, sy\u00f6tiin. Kilpailtiin, kuka saa kokonaan taikinanpalan niellyksi. Toisinaan kyl\u00e4n pojat osallistuivat leipomiseen ja auttoivat leipien kannossa, niit\u00e4 lautojen p\u00e4\u00e4lle nousemaan pantaessa.<\/p>\n<p>Joulusta loppiaiseen k\u00e4ytiin kyl\u00e4ss\u00e4 ja j\u00e4rjestettiin erilaisia leikkej\u00e4 jouluksi tupaan tuotujen olkien p\u00e4\u00e4ll\u00e4, kuten v\u00e4kikapulan ja sormikoukun vetoa sek\u00e4 jalkakamppeja. Muijan vaihto oli sisua kysyv\u00e4\u00e4 hommaa. Poika valitsi kumppanikseen tyt\u00f6n istuen seinustalla olevalle pitk\u00e4lle penkille. Jos toinen poika ei halunnut luovuttaa tytt\u00f6\u00e4, asia ratkaistiin siten, ett\u00e4 oljista tehdyll\u00e4 patukalla hakattiin poikaa k\u00e4mmenelle siksi kunnes &#8221;sussut&#8221; olivat tulleet vaihdetuiksi. Jotkut pojat olivat pelis\u00e4\u00e4nn\u00f6n vastaisesti panneet patukan sis\u00e4\u00e4n esim. rautanaulan. Sill\u00e4 kun muutaman kerran l\u00f6i k\u00e4mmenen pohjaan, niin se rupesi turpoamaan. Sisukas poika ei kuitenkaan tyt\u00f6st\u00e4\u00e4n luopunut. Sellaisen patukan k\u00e4ytt\u00e4j\u00e4 sai koko sakin paheksumisen.<\/p>\n<p>Tanssiaisia j\u00e4rjestettiin talvisaikaan talojen tupiin ja kes\u00e4isin riiheen (luoaan), huone, jossa vilja puitiin ja puhdistettiin (viskuroitiin), muitakin tanssipaikkoja oli. Pelimannina oli joku kyl\u00e4n poika ja joskus vieraastakin kyl\u00e4st\u00e4. Kun oltiin anteliaalla p\u00e4\u00e4ll\u00e4, koottiin soittajalle pieni kolehti.<\/p>\n<p>P\u00e4\u00e4si\u00e4iseksi tehtiin talojen hakatarhaan (talon edustalla oleva alue, jossa pienennettiin mets\u00e4st\u00e4 tuodut halot ja oksat, joista tuli lantaa peltoja varten) kelakeinu ja vajan orteen kiinnitett\u00e4v\u00e4 nk. reisikeinu. Niiss\u00e4 keinutettiin tytt\u00f6j\u00e4. Kelakeinussa oli kummassakin p\u00e4\u00e4ss\u00e4 pieni keinu. Kehys, johon ne oli kiinnitetty, oli noin 4-5 metrin korkuinen. Kun kummassakin keinussa oli tytt\u00f6 ja poika, keinu pantiin py\u00f6rim\u00e4\u00e4n, aluksi toisten avustuksella. Raskaampi painoi kevyemm\u00e4n yl\u00f6s, mik\u00e4 aiheutti tytt\u00f6jen pelonsekaisen kirkumisen, vaikka se samalla tuntui lystilt\u00e4 (hauskalta). P\u00e4\u00e4si\u00e4isen ajanviettoon kuului hypinlautahyppy samoissa tarhoissa. T\u00e4m\u00e4 suoritettiin siten, ett\u00e4 hakojen hakkuutukin p\u00e4\u00e4lle asetettiin poikittain noin viisi metri\u00e4 pitk\u00e4 vahva lauta ja sen sivuille kumpaankin p\u00e4\u00e4h\u00e4n eri puolelle pitk\u00e4 sile\u00e4 seiv\u00e4s, josta pidettiin kiinni, ettei lennossa pudottu laudan kohdalta. Hypp\u00e4\u00e4jin\u00e4 oli luonnollisesti tytt\u00f6 ja poika. Kun lauta oli joustava, saattoi poika potkaista tyt\u00f6t kolmenkin metrin korkeuteen. Keinumiseen kyll\u00e4stytty\u00e4, ryhdyttiin ly\u00f6m\u00e4\u00e4n klootua. Klootu, noin sentin mittainen py\u00f6re\u00e4 puupala, toisesta p\u00e4\u00e4st\u00e4 ter\u00e4v\u00e4ksi veistetty, asetettiin laudalle, jonka p\u00e4\u00e4 oli hieman koholla (ylh\u00e4\u00e4ll\u00e4). T\u00e4st\u00e4 se l\u00e4hetettiin lentoon heitt\u00e4m\u00e4ll\u00e4 n. 10-15 metrin et\u00e4isyydest\u00e4 noin 80 sentin mittaisella mailalla. Tavoitteena oli saada klootu lent\u00e4m\u00e4\u00e4n mahdollisimman kauas.<\/p>\n<p>Helatorstaina, helluntaina ja juhannuksena kokoonnuttiin kedoille ja tasaisille kallioille kokkoa polttamaan ja piirileikkim\u00e4\u00e4n yhteislaulun tahdissa. Keskikes\u00e4n sunnuntai-iltoina kokoonnuttiin jokien yli lautoille ja silloille.<\/p>\n<p><em>Ty\u00f6v\u00e4en Muistitietotoimikunnan kokoelmat, Ty\u00f6v\u00e4enarkisto<\/em><\/p>\n<\/div><\/section>\n","protected":false},"excerpt":{"rendered":"","protected":false},"author":2,"featured_media":0,"parent":2510,"menu_order":0,"comment_status":"closed","ping_status":"closed","template":"","meta":{"footnotes":""},"class_list":["post-3410","page","type-page","status-publish","hentry"],"yoast_head":"<!-- This site is optimized with the Yoast SEO plugin v27.5 - https:\/\/yoast.com\/product\/yoast-seo-wordpress\/ -->\n<title>Nuorisoa 1800-luvun lopulla - Veteraanien Perint\u00f6<\/title>\n<meta name=\"robots\" content=\"index, follow, max-snippet:-1, max-image-preview:large, max-video-preview:-1\" \/>\n<link rel=\"canonical\" href=\"https:\/\/veteraanienperinto.fi\/index.php\/tietopankit\/kertomuksia\/itsenaistymisen-vuodet\/nuorisoa-1800-luvun-lopulla\/\" \/>\n<meta property=\"og:locale\" content=\"fi_FI\" \/>\n<meta property=\"og:type\" content=\"article\" \/>\n<meta property=\"og:title\" content=\"Nuorisoa 1800-luvun lopulla - Veteraanien Perint\u00f6\" \/>\n<meta property=\"og:url\" content=\"https:\/\/veteraanienperinto.fi\/index.php\/tietopankit\/kertomuksia\/itsenaistymisen-vuodet\/nuorisoa-1800-luvun-lopulla\/\" \/>\n<meta property=\"og:site_name\" content=\"Veteraanien Perint\u00f6\" \/>\n<meta property=\"article:modified_time\" content=\"2020-09-07T07:55:57+00:00\" \/>\n<meta name=\"twitter:card\" content=\"summary_large_image\" \/>\n<meta name=\"twitter:label1\" content=\"Arvioitu lukuaika\" \/>\n\t<meta name=\"twitter:data1\" content=\"5 minuuttia\" \/>\n<script type=\"application\/ld+json\" class=\"yoast-schema-graph\">{\"@context\":\"https:\\\/\\\/schema.org\",\"@graph\":[{\"@type\":\"WebPage\",\"@id\":\"https:\\\/\\\/veteraanienperinto.fi\\\/index.php\\\/tietopankit\\\/kertomuksia\\\/itsenaistymisen-vuodet\\\/nuorisoa-1800-luvun-lopulla\\\/\",\"url\":\"https:\\\/\\\/veteraanienperinto.fi\\\/index.php\\\/tietopankit\\\/kertomuksia\\\/itsenaistymisen-vuodet\\\/nuorisoa-1800-luvun-lopulla\\\/\",\"name\":\"Nuorisoa 1800-luvun lopulla - Veteraanien Perint\u00f6\",\"isPartOf\":{\"@id\":\"https:\\\/\\\/veteraanienperinto.fi\\\/#website\"},\"datePublished\":\"2020-09-07T07:54:02+00:00\",\"dateModified\":\"2020-09-07T07:55:57+00:00\",\"breadcrumb\":{\"@id\":\"https:\\\/\\\/veteraanienperinto.fi\\\/index.php\\\/tietopankit\\\/kertomuksia\\\/itsenaistymisen-vuodet\\\/nuorisoa-1800-luvun-lopulla\\\/#breadcrumb\"},\"inLanguage\":\"fi\",\"potentialAction\":[{\"@type\":\"ReadAction\",\"target\":[\"https:\\\/\\\/veteraanienperinto.fi\\\/index.php\\\/tietopankit\\\/kertomuksia\\\/itsenaistymisen-vuodet\\\/nuorisoa-1800-luvun-lopulla\\\/\"]}]},{\"@type\":\"BreadcrumbList\",\"@id\":\"https:\\\/\\\/veteraanienperinto.fi\\\/index.php\\\/tietopankit\\\/kertomuksia\\\/itsenaistymisen-vuodet\\\/nuorisoa-1800-luvun-lopulla\\\/#breadcrumb\",\"itemListElement\":[{\"@type\":\"ListItem\",\"position\":1,\"name\":\"Etusivu\",\"item\":\"https:\\\/\\\/veteraanienperinto.fi\\\/index.php\\\/etusivu-2\\\/\"},{\"@type\":\"ListItem\",\"position\":2,\"name\":\"Tietopankit\",\"item\":\"https:\\\/\\\/veteraanienperinto.fi\\\/index.php\\\/tietopankit\\\/\"},{\"@type\":\"ListItem\",\"position\":3,\"name\":\"Kertomuksia\",\"item\":\"https:\\\/\\\/veteraanienperinto.fi\\\/index.php\\\/tietopankit\\\/kertomuksia\\\/\"},{\"@type\":\"ListItem\",\"position\":4,\"name\":\"Itsen\u00e4istymisen vuodet\",\"item\":\"https:\\\/\\\/veteraanienperinto.fi\\\/index.php\\\/tietopankit\\\/kertomuksia\\\/itsenaistymisen-vuodet\\\/\"},{\"@type\":\"ListItem\",\"position\":5,\"name\":\"Nuorisoa 1800-luvun lopulla\"}]},{\"@type\":\"WebSite\",\"@id\":\"https:\\\/\\\/veteraanienperinto.fi\\\/#website\",\"url\":\"https:\\\/\\\/veteraanienperinto.fi\\\/\",\"name\":\"Veteraanien Perint\u00f6\",\"description\":\"Kadettikunta\",\"potentialAction\":[{\"@type\":\"SearchAction\",\"target\":{\"@type\":\"EntryPoint\",\"urlTemplate\":\"https:\\\/\\\/veteraanienperinto.fi\\\/?s={search_term_string}\"},\"query-input\":{\"@type\":\"PropertyValueSpecification\",\"valueRequired\":true,\"valueName\":\"search_term_string\"}}],\"inLanguage\":\"fi\"}]}<\/script>\n<!-- \/ Yoast SEO plugin. -->","yoast_head_json":{"title":"Nuorisoa 1800-luvun lopulla - Veteraanien Perint\u00f6","robots":{"index":"index","follow":"follow","max-snippet":"max-snippet:-1","max-image-preview":"max-image-preview:large","max-video-preview":"max-video-preview:-1"},"canonical":"https:\/\/veteraanienperinto.fi\/index.php\/tietopankit\/kertomuksia\/itsenaistymisen-vuodet\/nuorisoa-1800-luvun-lopulla\/","og_locale":"fi_FI","og_type":"article","og_title":"Nuorisoa 1800-luvun lopulla - Veteraanien Perint\u00f6","og_url":"https:\/\/veteraanienperinto.fi\/index.php\/tietopankit\/kertomuksia\/itsenaistymisen-vuodet\/nuorisoa-1800-luvun-lopulla\/","og_site_name":"Veteraanien Perint\u00f6","article_modified_time":"2020-09-07T07:55:57+00:00","twitter_card":"summary_large_image","twitter_misc":{"Arvioitu lukuaika":"5 minuuttia"},"schema":{"@context":"https:\/\/schema.org","@graph":[{"@type":"WebPage","@id":"https:\/\/veteraanienperinto.fi\/index.php\/tietopankit\/kertomuksia\/itsenaistymisen-vuodet\/nuorisoa-1800-luvun-lopulla\/","url":"https:\/\/veteraanienperinto.fi\/index.php\/tietopankit\/kertomuksia\/itsenaistymisen-vuodet\/nuorisoa-1800-luvun-lopulla\/","name":"Nuorisoa 1800-luvun lopulla - Veteraanien Perint\u00f6","isPartOf":{"@id":"https:\/\/veteraanienperinto.fi\/#website"},"datePublished":"2020-09-07T07:54:02+00:00","dateModified":"2020-09-07T07:55:57+00:00","breadcrumb":{"@id":"https:\/\/veteraanienperinto.fi\/index.php\/tietopankit\/kertomuksia\/itsenaistymisen-vuodet\/nuorisoa-1800-luvun-lopulla\/#breadcrumb"},"inLanguage":"fi","potentialAction":[{"@type":"ReadAction","target":["https:\/\/veteraanienperinto.fi\/index.php\/tietopankit\/kertomuksia\/itsenaistymisen-vuodet\/nuorisoa-1800-luvun-lopulla\/"]}]},{"@type":"BreadcrumbList","@id":"https:\/\/veteraanienperinto.fi\/index.php\/tietopankit\/kertomuksia\/itsenaistymisen-vuodet\/nuorisoa-1800-luvun-lopulla\/#breadcrumb","itemListElement":[{"@type":"ListItem","position":1,"name":"Etusivu","item":"https:\/\/veteraanienperinto.fi\/index.php\/etusivu-2\/"},{"@type":"ListItem","position":2,"name":"Tietopankit","item":"https:\/\/veteraanienperinto.fi\/index.php\/tietopankit\/"},{"@type":"ListItem","position":3,"name":"Kertomuksia","item":"https:\/\/veteraanienperinto.fi\/index.php\/tietopankit\/kertomuksia\/"},{"@type":"ListItem","position":4,"name":"Itsen\u00e4istymisen vuodet","item":"https:\/\/veteraanienperinto.fi\/index.php\/tietopankit\/kertomuksia\/itsenaistymisen-vuodet\/"},{"@type":"ListItem","position":5,"name":"Nuorisoa 1800-luvun lopulla"}]},{"@type":"WebSite","@id":"https:\/\/veteraanienperinto.fi\/#website","url":"https:\/\/veteraanienperinto.fi\/","name":"Veteraanien Perint\u00f6","description":"Kadettikunta","potentialAction":[{"@type":"SearchAction","target":{"@type":"EntryPoint","urlTemplate":"https:\/\/veteraanienperinto.fi\/?s={search_term_string}"},"query-input":{"@type":"PropertyValueSpecification","valueRequired":true,"valueName":"search_term_string"}}],"inLanguage":"fi"}]}},"_links":{"self":[{"href":"https:\/\/veteraanienperinto.fi\/index.php\/wp-json\/wp\/v2\/pages\/3410","targetHints":{"allow":["GET"]}}],"collection":[{"href":"https:\/\/veteraanienperinto.fi\/index.php\/wp-json\/wp\/v2\/pages"}],"about":[{"href":"https:\/\/veteraanienperinto.fi\/index.php\/wp-json\/wp\/v2\/types\/page"}],"author":[{"embeddable":true,"href":"https:\/\/veteraanienperinto.fi\/index.php\/wp-json\/wp\/v2\/users\/2"}],"replies":[{"embeddable":true,"href":"https:\/\/veteraanienperinto.fi\/index.php\/wp-json\/wp\/v2\/comments?post=3410"}],"version-history":[{"count":3,"href":"https:\/\/veteraanienperinto.fi\/index.php\/wp-json\/wp\/v2\/pages\/3410\/revisions"}],"predecessor-version":[{"id":6623,"href":"https:\/\/veteraanienperinto.fi\/index.php\/wp-json\/wp\/v2\/pages\/3410\/revisions\/6623"}],"up":[{"embeddable":true,"href":"https:\/\/veteraanienperinto.fi\/index.php\/wp-json\/wp\/v2\/pages\/2510"}],"wp:attachment":[{"href":"https:\/\/veteraanienperinto.fi\/index.php\/wp-json\/wp\/v2\/media?parent=3410"}],"curies":[{"name":"wp","href":"https:\/\/api.w.org\/{rel}","templated":true}]}}