{"id":395,"date":"2020-08-29T08:32:08","date_gmt":"2020-08-29T08:32:08","guid":{"rendered":"https:\/\/veteraani.ylirotu.fi\/?page_id=395"},"modified":"2021-01-31T09:43:00","modified_gmt":"2021-01-31T09:43:00","slug":"hyokkaysvaihe","status":"publish","type":"page","link":"https:\/\/veteraanienperinto.fi\/index.php\/jatkosota-etusivu\/jatkosota_sotatoimet\/hyokkaysvaihe\/","title":{"rendered":"Hy\u00f6kk\u00e4ysvaihe"},"content":{"rendered":"<div id='full_slider_1'  class='avia-fullwidth-slider main_color avia-shadow   avia-builder-el-0  el_before_av_heading  avia-builder-el-first   container_wrap sidebar_right'  ><div  class='avia-slideshow av-z5nkr-be23f961c58748f3d203887558175dde avia-slideshow-featured av_slideshow_full avia-slide-slider av-slideshow-ui av-control-default av-slideshow-manual av-loop-once av-loop-manual-endless av-default-height-applied   avia-slideshow-1' data-slideshow-options=\"{&quot;animation&quot;:&quot;slide&quot;,&quot;autoplay&quot;:false,&quot;loop_autoplay&quot;:&quot;once&quot;,&quot;interval&quot;:5,&quot;loop_manual&quot;:&quot;manual-endless&quot;,&quot;autoplay_stopper&quot;:false,&quot;noNavigation&quot;:false,&quot;bg_slider&quot;:false,&quot;keep_padding&quot;:false,&quot;hoverpause&quot;:false,&quot;show_slide_delay&quot;:0}\"  itemprop=\"image\" itemscope=\"itemscope\" itemtype=\"https:\/\/schema.org\/ImageObject\" ><ul class='avia-slideshow-inner ' style='padding-bottom: 28.666666666667%;'><li  class='avia-slideshow-slide av-z5nkr-be23f961c58748f3d203887558175dde__0  av-single-slide slide-1 slide-odd'><div data-rel='slideshow-1' class='avia-slide-wrap '   ><img decoding=\"async\" fetchpriority=\"high\" class=\"wp-image-3899 avia-img-lazy-loading-not-3899\"  src=\"https:\/\/veteraanienperinto.fi\/wp-content\/uploads\/2020\/09\/hyokkays_jatkosota-1500x430.png\" width=\"1500\" height=\"430\" title='hyokkays_jatkosota' alt=''  itemprop=\"thumbnailUrl\" srcset=\"https:\/\/veteraanienperinto.fi\/wp-content\/uploads\/2020\/09\/hyokkays_jatkosota.png 1500w, https:\/\/veteraanienperinto.fi\/wp-content\/uploads\/2020\/09\/hyokkays_jatkosota-300x86.png 300w, https:\/\/veteraanienperinto.fi\/wp-content\/uploads\/2020\/09\/hyokkays_jatkosota-1030x295.png 1030w, https:\/\/veteraanienperinto.fi\/wp-content\/uploads\/2020\/09\/hyokkays_jatkosota-768x220.png 768w, https:\/\/veteraanienperinto.fi\/wp-content\/uploads\/2020\/09\/hyokkays_jatkosota-705x202.png 705w\" sizes=\"(max-width: 1500px) 100vw, 1500px\" \/><\/div><\/li><\/ul><\/div><\/div><div id='after_full_slider_1'  class='main_color av_default_container_wrap container_wrap sidebar_right'  ><div class='container av-section-cont-open' ><div class='template-page content  av-content-small alpha units'><div class='post-entry post-entry-type-page post-entry-395'><div class='entry-content-wrapper clearfix'>\n\n<style type=\"text\/css\" data-created_by=\"avia_inline_auto\" id=\"style-css-av-av_heading-b7c5b2916f854fb6d5dfd20574ecc4b7\">\n#top .av-special-heading.av-av_heading-b7c5b2916f854fb6d5dfd20574ecc4b7{\npadding-bottom:10px;\n}\nbody .av-special-heading.av-av_heading-b7c5b2916f854fb6d5dfd20574ecc4b7 .av-special-heading-tag .heading-char{\nfont-size:25px;\n}\n.av-special-heading.av-av_heading-b7c5b2916f854fb6d5dfd20574ecc4b7 .av-subheading{\nfont-size:15px;\n}\n<\/style>\n<div  class='av-special-heading av-av_heading-b7c5b2916f854fb6d5dfd20574ecc4b7 av-special-heading-h2  avia-builder-el-1  el_after_av_slideshow_full  el_before_av_textblock  avia-builder-el-first '><h2 class='av-special-heading-tag'  itemprop=\"headline\"  >Hy\u00f6kk\u00e4ysvaihe<\/h2><div class=\"special-heading-border\"><div class=\"special-heading-inner-border\"><\/div><\/div><\/div>\n<section  class='av_textblock_section av-bcp9n-ec0dba62f0fa5ecf98f73e947541e91c '   itemscope=\"itemscope\" itemtype=\"https:\/\/schema.org\/CreativeWork\" ><div class='avia_textblock'  itemprop=\"text\" ><p>Jatkosodan alun pariviikkoisen puolustusvaiheen j\u00e4lkeen Suomen sodanp\u00e4\u00e4m\u00e4\u00e4r\u00e4ksi muotoutui talvisodassa menetettyjen alueiden takaisinvaltaus. Talvisodan v\u00e4\u00e4ryys oli korjattava. T\u00e4st\u00e4 vallitsi maassamme laaja yhteisymm\u00e4rrys. Joukkoja keskitett\u00e4ess\u00e4 rintamalle tervehtiv\u00e4t ihmiset sotilaita kyliss\u00e4 ja rautatieasemilla: \u201dTuokaa Karjala takaisin.<\/p>\n<p>Suomalaisten hy\u00f6kk\u00e4ys ajoitettiin saksalaisten hy\u00f6kk\u00e4yksen etenemiseen Baltiassa. Hy\u00f6kk\u00e4ys aloitettiin 10.7.1941 Laatokan koillispuolelta. Suomalaiset valtasivat Sortavalan elokuun puoliv\u00e4liss\u00e4. My\u00f6hemmin Karjalan kannaksen suunnalla aloitetulla hy\u00f6kk\u00e4yksell\u00e4 vallattiin K\u00e4kisalmi 21.8. ja Viipuri 30.8. Suomen siniristilippu liehui j\u00e4lleen Viipurin linnan tornissa. Suuri sotasaalis saatiin Viipurin etel\u00e4puolella Porlammen motista.<\/p>\n<p><img loading=\"lazy\" decoding=\"async\" class=\"alignnone size-large wp-image-10851\" src=\"https:\/\/veteraanienperinto.fi\/wp-content\/uploads\/2021\/01\/hyokkays1941-864x1030.jpg\" alt=\"\" width=\"864\" height=\"1030\" srcset=\"https:\/\/veteraanienperinto.fi\/wp-content\/uploads\/2021\/01\/hyokkays1941-864x1030.jpg 864w, https:\/\/veteraanienperinto.fi\/wp-content\/uploads\/2021\/01\/hyokkays1941-252x300.jpg 252w, https:\/\/veteraanienperinto.fi\/wp-content\/uploads\/2021\/01\/hyokkays1941-768x915.jpg 768w, https:\/\/veteraanienperinto.fi\/wp-content\/uploads\/2021\/01\/hyokkays1941-1289x1536.jpg 1289w, https:\/\/veteraanienperinto.fi\/wp-content\/uploads\/2021\/01\/hyokkays1941-1719x2048.jpg 1719w, https:\/\/veteraanienperinto.fi\/wp-content\/uploads\/2021\/01\/hyokkays1941-1259x1500.jpg 1259w, https:\/\/veteraanienperinto.fi\/wp-content\/uploads\/2021\/01\/hyokkays1941-592x705.jpg 592w\" sizes=\"auto, (max-width: 864px) 100vw, 864px\" \/><\/p>\n<p>Laatokan pohjoispuolella hy\u00f6kk\u00e4yst\u00e4 jatkettiin Syv\u00e4rille, Petroskoihin eli \u00c4\u00e4nislinnaan, Karhum\u00e4keen ja Poventsaan. Aikaisempi laaja yksimielisyys rakoili muutamissa joukko-osastoissa ylitett\u00e4ess\u00e4 vanha Suomen ja Neuvostoliiton v\u00e4linen raja. Kaikki eiv\u00e4t heti hyv\u00e4ksyneet tunkeutumista Neuvostoliiton alueelle. T\u00e4ll\u00e4 tilap\u00e4isell\u00e4 ilmi\u00f6ll\u00e4 ei ollut sotatoimien kannalta merkityst\u00e4.<\/p>\n<p>Pohjois-Suomessa olleet saksalaiset joukot, joiden vahvuus oli lopulta yli 200 000 miest\u00e4, vastasivat sotatoimista Kajaanin ja J\u00e4\u00e4meren v\u00e4lill\u00e4. T\u00e4m\u00e4 mahdollisti suomalaisten joukkojen keskitt\u00e4misen etel\u00e4isemmille painopistealueille. Saksalaisilla joukoilla oli hy\u00f6kk\u00e4ysteht\u00e4v\u00e4 Murmanskin valtaamiseksi ja sielt\u00e4 etel\u00e4\u00e4n johtavan radan katkaisemiseksi. Ne eiv\u00e4t kuitenkaan p\u00e4\u00e4sseet tavoitteisiinsa. Saksalaiset joukot, joista suuri osa oli perustettu It\u00e4vallassa, soveltuivat aluksi varustukseltaan ja koulutukseltaan huonosti Pohjois-Suomen mets\u00e4iseen ja v\u00e4h\u00e4teiseen maastoon sek\u00e4 Lapin tunturialueille. My\u00f6hemmin n\u00e4iden joukkojen taistelukyky parani olennaisesti. Jatkosodan aikana saksalaiset elvyttiv\u00e4t Pohjois-Suomen elinkeinoel\u00e4m\u00e4\u00e4 tarjoamalla runsaasti ty\u00f6paikkoja ja ansiomahdollisuuksia paikalliselle v\u00e4est\u00f6lle sek\u00e4 my\u00f6s etel\u00e4st\u00e4 ty\u00f6nhakuun tulleille. Saksalaisten sotilaiden k\u00e4yt\u00f6s suomalaista siviiliv\u00e4est\u00f6\u00e4 kohtaan oli koko jatkosodan ajan yleens\u00e4 esimerkillist\u00e4.<\/p>\n<p>Joulukuun 1941 loppuun menness\u00e4 suomalaiset olivat saavuttaneet ne asemat, joiden katsottiin takaavan maalle riitt\u00e4v\u00e4n turvavy\u00f6hykkeen suursodan viel\u00e4 jatkuessa. Karjalan kannaksella pys\u00e4hdyttiin Leningradin uloimman puolustuslinjan tasalle ja It\u00e4-Karjalassa linjalle Syv\u00e4ri-\u00c4\u00e4ninen-Maasel\u00e4n kannas-Rukaj\u00e4rvi. Tavoite m\u00e4\u00e4r\u00e4ytyi puhtaasti sotilaallisten n\u00e4k\u00f6kohtien perusteella. Esimerkiksi suppeassa piiriss\u00e4 el\u00e4neet Suur-Suomi-ajatukset eiv\u00e4t sotilaita kiinnostaneet. Suomalaiset joukot eiv\u00e4t hy\u00f6k\u00e4nneet miss\u00e4\u00e4n vaiheessa Leningradia vastaan ja lent\u00e4jill\u00e4 oli ehdoton kielto lent\u00e4\u00e4 Leningradin alueelle.<\/p>\n<\/div><\/section>\n","protected":false},"excerpt":{"rendered":"","protected":false},"author":1,"featured_media":0,"parent":63,"menu_order":1,"comment_status":"closed","ping_status":"closed","template":"","meta":{"footnotes":""},"class_list":["post-395","page","type-page","status-publish","hentry"],"yoast_head":"<!-- This site is optimized with the Yoast SEO plugin v27.6 - https:\/\/yoast.com\/product\/yoast-seo-wordpress\/ -->\n<title>Hy\u00f6kk\u00e4ysvaihe - Veteraanien Perint\u00f6<\/title>\n<meta name=\"robots\" content=\"index, follow, max-snippet:-1, max-image-preview:large, max-video-preview:-1\" \/>\n<link rel=\"canonical\" href=\"https:\/\/veteraanienperinto.fi\/index.php\/jatkosota-etusivu\/jatkosota_sotatoimet\/hyokkaysvaihe\/\" \/>\n<meta property=\"og:locale\" content=\"fi_FI\" \/>\n<meta property=\"og:type\" content=\"article\" \/>\n<meta property=\"og:title\" content=\"Hy\u00f6kk\u00e4ysvaihe - Veteraanien Perint\u00f6\" \/>\n<meta property=\"og:url\" content=\"https:\/\/veteraanienperinto.fi\/index.php\/jatkosota-etusivu\/jatkosota_sotatoimet\/hyokkaysvaihe\/\" \/>\n<meta property=\"og:site_name\" content=\"Veteraanien Perint\u00f6\" \/>\n<meta property=\"article:modified_time\" content=\"2021-01-31T09:43:00+00:00\" \/>\n<meta property=\"og:image\" content=\"https:\/\/veteraanienperinto.fi\/wp-content\/uploads\/2021\/01\/hyokkays1941-864x1030.jpg\" \/>\n<meta name=\"twitter:card\" content=\"summary_large_image\" \/>\n<meta name=\"twitter:label1\" content=\"Arvioitu lukuaika\" \/>\n\t<meta name=\"twitter:data1\" content=\"3 minuuttia\" \/>\n<script type=\"application\/ld+json\" class=\"yoast-schema-graph\">{\"@context\":\"https:\\\/\\\/schema.org\",\"@graph\":[{\"@type\":\"WebPage\",\"@id\":\"https:\\\/\\\/veteraanienperinto.fi\\\/index.php\\\/jatkosota-etusivu\\\/jatkosota_sotatoimet\\\/hyokkaysvaihe\\\/\",\"url\":\"https:\\\/\\\/veteraanienperinto.fi\\\/index.php\\\/jatkosota-etusivu\\\/jatkosota_sotatoimet\\\/hyokkaysvaihe\\\/\",\"name\":\"Hy\u00f6kk\u00e4ysvaihe - Veteraanien Perint\u00f6\",\"isPartOf\":{\"@id\":\"https:\\\/\\\/veteraanienperinto.fi\\\/#website\"},\"primaryImageOfPage\":{\"@id\":\"https:\\\/\\\/veteraanienperinto.fi\\\/index.php\\\/jatkosota-etusivu\\\/jatkosota_sotatoimet\\\/hyokkaysvaihe\\\/#primaryimage\"},\"image\":{\"@id\":\"https:\\\/\\\/veteraanienperinto.fi\\\/index.php\\\/jatkosota-etusivu\\\/jatkosota_sotatoimet\\\/hyokkaysvaihe\\\/#primaryimage\"},\"thumbnailUrl\":\"https:\\\/\\\/veteraanienperinto.fi\\\/wp-content\\\/uploads\\\/2021\\\/01\\\/hyokkays1941-864x1030.jpg\",\"datePublished\":\"2020-08-29T08:32:08+00:00\",\"dateModified\":\"2021-01-31T09:43:00+00:00\",\"breadcrumb\":{\"@id\":\"https:\\\/\\\/veteraanienperinto.fi\\\/index.php\\\/jatkosota-etusivu\\\/jatkosota_sotatoimet\\\/hyokkaysvaihe\\\/#breadcrumb\"},\"inLanguage\":\"fi\",\"potentialAction\":[{\"@type\":\"ReadAction\",\"target\":[\"https:\\\/\\\/veteraanienperinto.fi\\\/index.php\\\/jatkosota-etusivu\\\/jatkosota_sotatoimet\\\/hyokkaysvaihe\\\/\"]}]},{\"@type\":\"ImageObject\",\"inLanguage\":\"fi\",\"@id\":\"https:\\\/\\\/veteraanienperinto.fi\\\/index.php\\\/jatkosota-etusivu\\\/jatkosota_sotatoimet\\\/hyokkaysvaihe\\\/#primaryimage\",\"url\":\"https:\\\/\\\/veteraanienperinto.fi\\\/wp-content\\\/uploads\\\/2021\\\/01\\\/hyokkays1941-scaled.jpg\",\"contentUrl\":\"https:\\\/\\\/veteraanienperinto.fi\\\/wp-content\\\/uploads\\\/2021\\\/01\\\/hyokkays1941-scaled.jpg\",\"width\":2148,\"height\":2560},{\"@type\":\"BreadcrumbList\",\"@id\":\"https:\\\/\\\/veteraanienperinto.fi\\\/index.php\\\/jatkosota-etusivu\\\/jatkosota_sotatoimet\\\/hyokkaysvaihe\\\/#breadcrumb\",\"itemListElement\":[{\"@type\":\"ListItem\",\"position\":1,\"name\":\"Etusivu\",\"item\":\"https:\\\/\\\/veteraanienperinto.fi\\\/index.php\\\/etusivu-2\\\/\"},{\"@type\":\"ListItem\",\"position\":2,\"name\":\"Jatkosota &#8211; etusivu\",\"item\":\"https:\\\/\\\/veteraanienperinto.fi\\\/index.php\\\/jatkosota-etusivu\\\/\"},{\"@type\":\"ListItem\",\"position\":3,\"name\":\"Jatkosodan sotatoimet\",\"item\":\"https:\\\/\\\/veteraanienperinto.fi\\\/index.php\\\/jatkosota-etusivu\\\/jatkosota_sotatoimet\\\/\"},{\"@type\":\"ListItem\",\"position\":4,\"name\":\"Hy\u00f6kk\u00e4ysvaihe\"}]},{\"@type\":\"WebSite\",\"@id\":\"https:\\\/\\\/veteraanienperinto.fi\\\/#website\",\"url\":\"https:\\\/\\\/veteraanienperinto.fi\\\/\",\"name\":\"Veteraanien Perint\u00f6\",\"description\":\"Kadettikunta\",\"potentialAction\":[{\"@type\":\"SearchAction\",\"target\":{\"@type\":\"EntryPoint\",\"urlTemplate\":\"https:\\\/\\\/veteraanienperinto.fi\\\/?s={search_term_string}\"},\"query-input\":{\"@type\":\"PropertyValueSpecification\",\"valueRequired\":true,\"valueName\":\"search_term_string\"}}],\"inLanguage\":\"fi\"}]}<\/script>\n<!-- \/ Yoast SEO plugin. -->","yoast_head_json":{"title":"Hy\u00f6kk\u00e4ysvaihe - Veteraanien Perint\u00f6","robots":{"index":"index","follow":"follow","max-snippet":"max-snippet:-1","max-image-preview":"max-image-preview:large","max-video-preview":"max-video-preview:-1"},"canonical":"https:\/\/veteraanienperinto.fi\/index.php\/jatkosota-etusivu\/jatkosota_sotatoimet\/hyokkaysvaihe\/","og_locale":"fi_FI","og_type":"article","og_title":"Hy\u00f6kk\u00e4ysvaihe - Veteraanien Perint\u00f6","og_url":"https:\/\/veteraanienperinto.fi\/index.php\/jatkosota-etusivu\/jatkosota_sotatoimet\/hyokkaysvaihe\/","og_site_name":"Veteraanien Perint\u00f6","article_modified_time":"2021-01-31T09:43:00+00:00","og_image":[{"url":"https:\/\/veteraanienperinto.fi\/wp-content\/uploads\/2021\/01\/hyokkays1941-864x1030.jpg","type":"","width":"","height":""}],"twitter_card":"summary_large_image","twitter_misc":{"Arvioitu lukuaika":"3 minuuttia"},"schema":{"@context":"https:\/\/schema.org","@graph":[{"@type":"WebPage","@id":"https:\/\/veteraanienperinto.fi\/index.php\/jatkosota-etusivu\/jatkosota_sotatoimet\/hyokkaysvaihe\/","url":"https:\/\/veteraanienperinto.fi\/index.php\/jatkosota-etusivu\/jatkosota_sotatoimet\/hyokkaysvaihe\/","name":"Hy\u00f6kk\u00e4ysvaihe - Veteraanien Perint\u00f6","isPartOf":{"@id":"https:\/\/veteraanienperinto.fi\/#website"},"primaryImageOfPage":{"@id":"https:\/\/veteraanienperinto.fi\/index.php\/jatkosota-etusivu\/jatkosota_sotatoimet\/hyokkaysvaihe\/#primaryimage"},"image":{"@id":"https:\/\/veteraanienperinto.fi\/index.php\/jatkosota-etusivu\/jatkosota_sotatoimet\/hyokkaysvaihe\/#primaryimage"},"thumbnailUrl":"https:\/\/veteraanienperinto.fi\/wp-content\/uploads\/2021\/01\/hyokkays1941-864x1030.jpg","datePublished":"2020-08-29T08:32:08+00:00","dateModified":"2021-01-31T09:43:00+00:00","breadcrumb":{"@id":"https:\/\/veteraanienperinto.fi\/index.php\/jatkosota-etusivu\/jatkosota_sotatoimet\/hyokkaysvaihe\/#breadcrumb"},"inLanguage":"fi","potentialAction":[{"@type":"ReadAction","target":["https:\/\/veteraanienperinto.fi\/index.php\/jatkosota-etusivu\/jatkosota_sotatoimet\/hyokkaysvaihe\/"]}]},{"@type":"ImageObject","inLanguage":"fi","@id":"https:\/\/veteraanienperinto.fi\/index.php\/jatkosota-etusivu\/jatkosota_sotatoimet\/hyokkaysvaihe\/#primaryimage","url":"https:\/\/veteraanienperinto.fi\/wp-content\/uploads\/2021\/01\/hyokkays1941-scaled.jpg","contentUrl":"https:\/\/veteraanienperinto.fi\/wp-content\/uploads\/2021\/01\/hyokkays1941-scaled.jpg","width":2148,"height":2560},{"@type":"BreadcrumbList","@id":"https:\/\/veteraanienperinto.fi\/index.php\/jatkosota-etusivu\/jatkosota_sotatoimet\/hyokkaysvaihe\/#breadcrumb","itemListElement":[{"@type":"ListItem","position":1,"name":"Etusivu","item":"https:\/\/veteraanienperinto.fi\/index.php\/etusivu-2\/"},{"@type":"ListItem","position":2,"name":"Jatkosota &#8211; etusivu","item":"https:\/\/veteraanienperinto.fi\/index.php\/jatkosota-etusivu\/"},{"@type":"ListItem","position":3,"name":"Jatkosodan sotatoimet","item":"https:\/\/veteraanienperinto.fi\/index.php\/jatkosota-etusivu\/jatkosota_sotatoimet\/"},{"@type":"ListItem","position":4,"name":"Hy\u00f6kk\u00e4ysvaihe"}]},{"@type":"WebSite","@id":"https:\/\/veteraanienperinto.fi\/#website","url":"https:\/\/veteraanienperinto.fi\/","name":"Veteraanien Perint\u00f6","description":"Kadettikunta","potentialAction":[{"@type":"SearchAction","target":{"@type":"EntryPoint","urlTemplate":"https:\/\/veteraanienperinto.fi\/?s={search_term_string}"},"query-input":{"@type":"PropertyValueSpecification","valueRequired":true,"valueName":"search_term_string"}}],"inLanguage":"fi"}]}},"_links":{"self":[{"href":"https:\/\/veteraanienperinto.fi\/index.php\/wp-json\/wp\/v2\/pages\/395","targetHints":{"allow":["GET"]}}],"collection":[{"href":"https:\/\/veteraanienperinto.fi\/index.php\/wp-json\/wp\/v2\/pages"}],"about":[{"href":"https:\/\/veteraanienperinto.fi\/index.php\/wp-json\/wp\/v2\/types\/page"}],"author":[{"embeddable":true,"href":"https:\/\/veteraanienperinto.fi\/index.php\/wp-json\/wp\/v2\/users\/1"}],"replies":[{"embeddable":true,"href":"https:\/\/veteraanienperinto.fi\/index.php\/wp-json\/wp\/v2\/comments?post=395"}],"version-history":[{"count":6,"href":"https:\/\/veteraanienperinto.fi\/index.php\/wp-json\/wp\/v2\/pages\/395\/revisions"}],"predecessor-version":[{"id":10857,"href":"https:\/\/veteraanienperinto.fi\/index.php\/wp-json\/wp\/v2\/pages\/395\/revisions\/10857"}],"up":[{"embeddable":true,"href":"https:\/\/veteraanienperinto.fi\/index.php\/wp-json\/wp\/v2\/pages\/63"}],"wp:attachment":[{"href":"https:\/\/veteraanienperinto.fi\/index.php\/wp-json\/wp\/v2\/media?parent=395"}],"curies":[{"name":"wp","href":"https:\/\/api.w.org\/{rel}","templated":true}]}}