{"id":431,"date":"2020-08-29T08:50:17","date_gmt":"2020-08-29T08:50:17","guid":{"rendered":"https:\/\/veteraani.ylirotu.fi\/?page_id=431"},"modified":"2021-01-18T12:07:16","modified_gmt":"2021-01-18T12:07:16","slug":"korvikkeet","status":"publish","type":"page","link":"https:\/\/veteraanienperinto.fi\/index.php\/jatkosota-etusivu\/jatkosota_kotirintama\/korvikkeet\/","title":{"rendered":"Korvikkeet"},"content":{"rendered":"<div id='full_slider_1'  class='avia-fullwidth-slider main_color avia-shadow   avia-builder-el-0  el_before_av_heading  avia-builder-el-first   container_wrap sidebar_right'  ><div  class='avia-slideshow av-vcfri-f8b18761f5bc7126866d60a72f814c3a avia-slideshow-featured av_slideshow_full avia-slide-slider av-slideshow-ui av-control-default av-slideshow-manual av-loop-once av-loop-manual-endless av-default-height-applied   avia-slideshow-1' data-slideshow-options=\"{&quot;animation&quot;:&quot;slide&quot;,&quot;autoplay&quot;:false,&quot;loop_autoplay&quot;:&quot;once&quot;,&quot;interval&quot;:5,&quot;loop_manual&quot;:&quot;manual-endless&quot;,&quot;autoplay_stopper&quot;:false,&quot;noNavigation&quot;:false,&quot;bg_slider&quot;:false,&quot;keep_padding&quot;:false,&quot;hoverpause&quot;:false,&quot;show_slide_delay&quot;:0}\"  itemprop=\"image\" itemscope=\"itemscope\" itemtype=\"https:\/\/schema.org\/ImageObject\" ><ul class='avia-slideshow-inner ' style='padding-bottom: 28.666666666667%;'><li  class='avia-slideshow-slide av-vcfri-f8b18761f5bc7126866d60a72f814c3a__0  av-single-slide slide-1 slide-odd'><div data-rel='slideshow-1' class='avia-slide-wrap '   ><div class='av-slideshow-caption av-vcfri-f8b18761f5bc7126866d60a72f814c3a__0 caption_fullwidth caption_bottom caption_bottom_framed caption_framed'><div class=\"container caption_container\"><div class=\"slideshow_caption\"><div class=\"slideshow_inner_caption\"><div class=\"slideshow_align_caption\"><div class='avia-caption-content '  itemprop=\"description\" ><p>Viipurin puistossa ker\u00e4t\u00e4\u00e4n tammenterhoja kahvinkorvikkeeksi.<br \/>\n16.4.1942<\/p>\n<\/div><\/div><\/div><\/div><\/div><\/div><img decoding=\"async\" fetchpriority=\"high\" class=\"wp-image-4492 avia-img-lazy-loading-not-4492\"  src=\"https:\/\/veteraanienperinto.fi\/wp-content\/uploads\/2020\/10\/kahvinkorvike-1500x430.png\" width=\"1500\" height=\"430\" title='kahvinkorvike' alt=''  itemprop=\"thumbnailUrl\" srcset=\"https:\/\/veteraanienperinto.fi\/wp-content\/uploads\/2020\/10\/kahvinkorvike.png 1500w, https:\/\/veteraanienperinto.fi\/wp-content\/uploads\/2020\/10\/kahvinkorvike-300x86.png 300w, https:\/\/veteraanienperinto.fi\/wp-content\/uploads\/2020\/10\/kahvinkorvike-1030x295.png 1030w, https:\/\/veteraanienperinto.fi\/wp-content\/uploads\/2020\/10\/kahvinkorvike-768x220.png 768w, https:\/\/veteraanienperinto.fi\/wp-content\/uploads\/2020\/10\/kahvinkorvike-705x202.png 705w\" sizes=\"(max-width: 1500px) 100vw, 1500px\" \/><\/div><\/li><\/ul><\/div><\/div><div id='after_full_slider_1'  class='main_color av_default_container_wrap container_wrap sidebar_right'  ><div class='container av-section-cont-open' ><div class='template-page content  av-content-small alpha units'><div class='post-entry post-entry-type-page post-entry-431'><div class='entry-content-wrapper clearfix'>\n\n<style type=\"text\/css\" data-created_by=\"avia_inline_auto\" id=\"style-css-av-kk2iwzl8-8496dbc877a1c10316166647fc6a864a\">\n#top .av-special-heading.av-kk2iwzl8-8496dbc877a1c10316166647fc6a864a{\npadding-bottom:10px;\n}\nbody .av-special-heading.av-kk2iwzl8-8496dbc877a1c10316166647fc6a864a .av-special-heading-tag .heading-char{\nfont-size:25px;\n}\n.av-special-heading.av-kk2iwzl8-8496dbc877a1c10316166647fc6a864a .av-subheading{\nfont-size:15px;\n}\n<\/style>\n<div  class='av-special-heading av-kk2iwzl8-8496dbc877a1c10316166647fc6a864a av-special-heading-h2  avia-builder-el-1  el_after_av_slideshow_full  el_before_av_textblock  avia-builder-el-first '><h2 class='av-special-heading-tag'  itemprop=\"headline\"  >Korvikkeet<\/h2><div class=\"special-heading-border\"><div class=\"special-heading-inner-border\"><\/div><\/div><\/div>\n<section  class='av_textblock_section av-6vl46-6d3d2774a25dc6922a67b6ef9e296c59 '   itemscope=\"itemscope\" itemtype=\"https:\/\/schema.org\/CreativeWork\" ><div class='avia_textblock'  itemprop=\"text\" ><p>Tavarapula aiheutti sen, ett\u00e4 suomalaiset keksiv\u00e4t mit\u00e4 erilaisimpia korviketuotteita. Kuuluisin on varmaankin korvikekahvi. Suomalaiset joutuivat tulemaan toimeen vuodet 1943-47 l\u00e4hes kokonaan ilman oikeata kahvia. Tilalle keksittiin korvikekahvi, jossa t\u00e4rke\u00e4 ainesosa oli voikukka. Tuontitupakkaa pyrittiin puolestaan korvaamaan kotimaassa viljellyll\u00e4 tupakalla, kessulla eli nurkantakuisella. Monet kasvattivat t\u00e4t\u00e4 uutta suosikkikasvia my\u00f6s myyntiin.<\/p>\n<p>Kenki\u00e4 tehtiin siten, ett\u00e4 pohja oli puusta ja kenk\u00e4 oli muuten valmistettu paperimassasta. My\u00f6s suojavaatteita tehtiin paperista. Vanhat vaatteet k\u00e4\u00e4nnettiin, korjattiin ja uudistettiin moneen kertaan. Vaatteiden valmistamiseen k\u00e4ytettiin mit\u00e4 erilaisimpia tekstiilej\u00e4 riippumatta niiden alkuper\u00e4isest\u00e4 k\u00e4ytt\u00f6tarkoituksesta. Huolimatta kovasta yritt\u00e4misest\u00e4 ei kaikilla lapsilla ollut mink\u00e4\u00e4nlaisia jalkineita, joten he joutuivat j\u00e4\u00e4m\u00e4\u00e4n ajoittain pois koulusta erityisesti siksi, ett\u00e4 yhteens\u00e4 jopa 20 kilometrin p\u00e4ivitt\u00e4inen koulumatka oli teht\u00e4v\u00e4 jalan tai suksilla.<\/p>\n<p>Bensiini\u00e4 ja diesel-\u00f6ljy\u00e4 ei pystytty korvaamaan. Autoihin oli onneksi kehitetty jo 1930-luvun lopulla puukaasutin eli \u201ch\u00e4k\u00e4p\u00f6ntt\u00f6\u201d, jossa k\u00e4ytettiin polttoaineena pilkett\u00e4 tai puuhiilt\u00e4. N\u00e4it\u00e4 puukaasuttimia valmistettiin sotien aikana yli 43 000 kappaletta. Teho oli vain noin 40% moottorin normaalista tehosta ja ajo keskeytyi usein h\u00e4iri\u00f6iden johdosta. Linja-autojen matkustajat joutuivat monesti ty\u00f6nt\u00e4m\u00e4\u00e4n autoa yl\u00e4m\u00e4ess\u00e4. Puukaasutin oli kuitenkin v\u00e4ltt\u00e4m\u00e4t\u00f6n h\u00e4t\u00e4ratkaisu, jota ilman olisi autojen k\u00e4ytt\u00f6 tyrehtynyt l\u00e4hes kokonaan sill\u00e4 oman polttoainepulansa johdosta Saksa pystyi toimittamaan Suomelle vain kaikkein v\u00e4ltt\u00e4m\u00e4tt\u00f6mimm\u00e4n nestem\u00e4isen polttoaineen.<\/p>\n<p>Autojen k\u00e4yt\u00f6n ollessa hyvin rajoitettua pyrittiin polkupy\u00f6ri\u00e4 hy\u00f6dynt\u00e4m\u00e4\u00e4n mahdollisimman paljon. Monet rikkin\u00e4isetkin py\u00f6r\u00e4t otettiin esiin ja korjattiin mahdollisuuksien mukaan. Ongelmaksi muodostui kuitenkin kumirenkaiden puute. Renkaiden ostolupa oli anottava poliisiviranomaisilta. Lupa my\u00f6nnettiin vain v\u00e4ltt\u00e4m\u00e4tt\u00f6m\u00e4\u00e4n tarpeeseen. Sodan p\u00e4\u00e4ttyess\u00e4 monet polkupy\u00f6r\u00e4n renkaat oli paikattu kymmeni\u00e4 kertoja eri keinoja k\u00e4ytt\u00e4en.<\/p>\n<\/div><\/section>\n","protected":false},"excerpt":{"rendered":"","protected":false},"author":1,"featured_media":0,"parent":61,"menu_order":5,"comment_status":"closed","ping_status":"closed","template":"","meta":{"footnotes":""},"class_list":["post-431","page","type-page","status-publish","hentry"],"yoast_head":"<!-- This site is optimized with the Yoast SEO plugin v27.4 - https:\/\/yoast.com\/product\/yoast-seo-wordpress\/ -->\n<title>Korvikkeet - Veteraanien Perint\u00f6<\/title>\n<meta name=\"robots\" content=\"index, follow, max-snippet:-1, max-image-preview:large, max-video-preview:-1\" \/>\n<link rel=\"canonical\" href=\"https:\/\/veteraanienperinto.fi\/index.php\/jatkosota-etusivu\/jatkosota_kotirintama\/korvikkeet\/\" \/>\n<meta property=\"og:locale\" content=\"fi_FI\" \/>\n<meta property=\"og:type\" content=\"article\" \/>\n<meta property=\"og:title\" content=\"Korvikkeet - Veteraanien Perint\u00f6\" \/>\n<meta property=\"og:url\" content=\"https:\/\/veteraanienperinto.fi\/index.php\/jatkosota-etusivu\/jatkosota_kotirintama\/korvikkeet\/\" \/>\n<meta property=\"og:site_name\" content=\"Veteraanien Perint\u00f6\" \/>\n<meta property=\"article:modified_time\" content=\"2021-01-18T12:07:16+00:00\" \/>\n<meta name=\"twitter:card\" content=\"summary_large_image\" \/>\n<meta name=\"twitter:label1\" content=\"Arvioitu lukuaika\" \/>\n\t<meta name=\"twitter:data1\" content=\"3 minuuttia\" \/>\n<script type=\"application\/ld+json\" class=\"yoast-schema-graph\">{\"@context\":\"https:\\\/\\\/schema.org\",\"@graph\":[{\"@type\":\"WebPage\",\"@id\":\"https:\\\/\\\/veteraanienperinto.fi\\\/index.php\\\/jatkosota-etusivu\\\/jatkosota_kotirintama\\\/korvikkeet\\\/\",\"url\":\"https:\\\/\\\/veteraanienperinto.fi\\\/index.php\\\/jatkosota-etusivu\\\/jatkosota_kotirintama\\\/korvikkeet\\\/\",\"name\":\"Korvikkeet - Veteraanien Perint\u00f6\",\"isPartOf\":{\"@id\":\"https:\\\/\\\/veteraanienperinto.fi\\\/#website\"},\"datePublished\":\"2020-08-29T08:50:17+00:00\",\"dateModified\":\"2021-01-18T12:07:16+00:00\",\"breadcrumb\":{\"@id\":\"https:\\\/\\\/veteraanienperinto.fi\\\/index.php\\\/jatkosota-etusivu\\\/jatkosota_kotirintama\\\/korvikkeet\\\/#breadcrumb\"},\"inLanguage\":\"fi\",\"potentialAction\":[{\"@type\":\"ReadAction\",\"target\":[\"https:\\\/\\\/veteraanienperinto.fi\\\/index.php\\\/jatkosota-etusivu\\\/jatkosota_kotirintama\\\/korvikkeet\\\/\"]}]},{\"@type\":\"BreadcrumbList\",\"@id\":\"https:\\\/\\\/veteraanienperinto.fi\\\/index.php\\\/jatkosota-etusivu\\\/jatkosota_kotirintama\\\/korvikkeet\\\/#breadcrumb\",\"itemListElement\":[{\"@type\":\"ListItem\",\"position\":1,\"name\":\"Etusivu\",\"item\":\"https:\\\/\\\/veteraanienperinto.fi\\\/index.php\\\/etusivu-2\\\/\"},{\"@type\":\"ListItem\",\"position\":2,\"name\":\"Jatkosota &#8211; etusivu\",\"item\":\"https:\\\/\\\/veteraanienperinto.fi\\\/index.php\\\/jatkosota-etusivu\\\/\"},{\"@type\":\"ListItem\",\"position\":3,\"name\":\"Kotirintama jatkosodassa\",\"item\":\"https:\\\/\\\/veteraanienperinto.fi\\\/index.php\\\/jatkosota-etusivu\\\/jatkosota_kotirintama\\\/\"},{\"@type\":\"ListItem\",\"position\":4,\"name\":\"Korvikkeet\"}]},{\"@type\":\"WebSite\",\"@id\":\"https:\\\/\\\/veteraanienperinto.fi\\\/#website\",\"url\":\"https:\\\/\\\/veteraanienperinto.fi\\\/\",\"name\":\"Veteraanien Perint\u00f6\",\"description\":\"Kadettikunta\",\"potentialAction\":[{\"@type\":\"SearchAction\",\"target\":{\"@type\":\"EntryPoint\",\"urlTemplate\":\"https:\\\/\\\/veteraanienperinto.fi\\\/?s={search_term_string}\"},\"query-input\":{\"@type\":\"PropertyValueSpecification\",\"valueRequired\":true,\"valueName\":\"search_term_string\"}}],\"inLanguage\":\"fi\"}]}<\/script>\n<!-- \/ Yoast SEO plugin. -->","yoast_head_json":{"title":"Korvikkeet - Veteraanien Perint\u00f6","robots":{"index":"index","follow":"follow","max-snippet":"max-snippet:-1","max-image-preview":"max-image-preview:large","max-video-preview":"max-video-preview:-1"},"canonical":"https:\/\/veteraanienperinto.fi\/index.php\/jatkosota-etusivu\/jatkosota_kotirintama\/korvikkeet\/","og_locale":"fi_FI","og_type":"article","og_title":"Korvikkeet - Veteraanien Perint\u00f6","og_url":"https:\/\/veteraanienperinto.fi\/index.php\/jatkosota-etusivu\/jatkosota_kotirintama\/korvikkeet\/","og_site_name":"Veteraanien Perint\u00f6","article_modified_time":"2021-01-18T12:07:16+00:00","twitter_card":"summary_large_image","twitter_misc":{"Arvioitu lukuaika":"3 minuuttia"},"schema":{"@context":"https:\/\/schema.org","@graph":[{"@type":"WebPage","@id":"https:\/\/veteraanienperinto.fi\/index.php\/jatkosota-etusivu\/jatkosota_kotirintama\/korvikkeet\/","url":"https:\/\/veteraanienperinto.fi\/index.php\/jatkosota-etusivu\/jatkosota_kotirintama\/korvikkeet\/","name":"Korvikkeet - Veteraanien Perint\u00f6","isPartOf":{"@id":"https:\/\/veteraanienperinto.fi\/#website"},"datePublished":"2020-08-29T08:50:17+00:00","dateModified":"2021-01-18T12:07:16+00:00","breadcrumb":{"@id":"https:\/\/veteraanienperinto.fi\/index.php\/jatkosota-etusivu\/jatkosota_kotirintama\/korvikkeet\/#breadcrumb"},"inLanguage":"fi","potentialAction":[{"@type":"ReadAction","target":["https:\/\/veteraanienperinto.fi\/index.php\/jatkosota-etusivu\/jatkosota_kotirintama\/korvikkeet\/"]}]},{"@type":"BreadcrumbList","@id":"https:\/\/veteraanienperinto.fi\/index.php\/jatkosota-etusivu\/jatkosota_kotirintama\/korvikkeet\/#breadcrumb","itemListElement":[{"@type":"ListItem","position":1,"name":"Etusivu","item":"https:\/\/veteraanienperinto.fi\/index.php\/etusivu-2\/"},{"@type":"ListItem","position":2,"name":"Jatkosota &#8211; etusivu","item":"https:\/\/veteraanienperinto.fi\/index.php\/jatkosota-etusivu\/"},{"@type":"ListItem","position":3,"name":"Kotirintama jatkosodassa","item":"https:\/\/veteraanienperinto.fi\/index.php\/jatkosota-etusivu\/jatkosota_kotirintama\/"},{"@type":"ListItem","position":4,"name":"Korvikkeet"}]},{"@type":"WebSite","@id":"https:\/\/veteraanienperinto.fi\/#website","url":"https:\/\/veteraanienperinto.fi\/","name":"Veteraanien Perint\u00f6","description":"Kadettikunta","potentialAction":[{"@type":"SearchAction","target":{"@type":"EntryPoint","urlTemplate":"https:\/\/veteraanienperinto.fi\/?s={search_term_string}"},"query-input":{"@type":"PropertyValueSpecification","valueRequired":true,"valueName":"search_term_string"}}],"inLanguage":"fi"}]}},"_links":{"self":[{"href":"https:\/\/veteraanienperinto.fi\/index.php\/wp-json\/wp\/v2\/pages\/431","targetHints":{"allow":["GET"]}}],"collection":[{"href":"https:\/\/veteraanienperinto.fi\/index.php\/wp-json\/wp\/v2\/pages"}],"about":[{"href":"https:\/\/veteraanienperinto.fi\/index.php\/wp-json\/wp\/v2\/types\/page"}],"author":[{"embeddable":true,"href":"https:\/\/veteraanienperinto.fi\/index.php\/wp-json\/wp\/v2\/users\/1"}],"replies":[{"embeddable":true,"href":"https:\/\/veteraanienperinto.fi\/index.php\/wp-json\/wp\/v2\/comments?post=431"}],"version-history":[{"count":6,"href":"https:\/\/veteraanienperinto.fi\/index.php\/wp-json\/wp\/v2\/pages\/431\/revisions"}],"predecessor-version":[{"id":9680,"href":"https:\/\/veteraanienperinto.fi\/index.php\/wp-json\/wp\/v2\/pages\/431\/revisions\/9680"}],"up":[{"embeddable":true,"href":"https:\/\/veteraanienperinto.fi\/index.php\/wp-json\/wp\/v2\/pages\/61"}],"wp:attachment":[{"href":"https:\/\/veteraanienperinto.fi\/index.php\/wp-json\/wp\/v2\/media?parent=431"}],"curies":[{"name":"wp","href":"https:\/\/api.w.org\/{rel}","templated":true}]}}