{"id":4347,"date":"2020-09-30T15:35:03","date_gmt":"2020-09-30T15:35:03","guid":{"rendered":"https:\/\/veteraani.ylirotu.fi\/?page_id=4347"},"modified":"2025-09-01T13:30:21","modified_gmt":"2025-09-01T10:30:21","slug":"jalkavaenkenraali-adolf-ehrnroothin-viesti-jalkipolville","status":"publish","type":"page","link":"https:\/\/veteraanienperinto.fi\/index.php\/tietopankit\/videoita\/veteraanien-perinnon-merkitys\/jalkavaenkenraali-adolf-ehrnroothin-viesti-jalkipolville\/","title":{"rendered":"Jalkav\u00e4enkenraali Adolf Ehrnroothin viesti j\u00e4lkipolville"},"content":{"rendered":"<div id='full_slider_1'  class='avia-fullwidth-slider main_color avia-shadow   avia-builder-el-0  el_before_av_heading  avia-builder-el-first   container_wrap sidebar_right'  ><\/div><div id='after_full_slider_1'  class='main_color av_default_container_wrap container_wrap sidebar_right'  ><div class='container av-section-cont-open' ><div class='template-page content  av-content-small alpha units'><div class='post-entry post-entry-type-page post-entry-4347'><div class='entry-content-wrapper clearfix'>\n\n<style type=\"text\/css\" data-created_by=\"avia_inline_auto\" id=\"style-css-av-kke7xbli-5116b55eca28a723a60c87127798af33\">\n#top .av-special-heading.av-kke7xbli-5116b55eca28a723a60c87127798af33{\npadding-bottom:10px;\n}\nbody .av-special-heading.av-kke7xbli-5116b55eca28a723a60c87127798af33 .av-special-heading-tag .heading-char{\nfont-size:25px;\n}\n.av-special-heading.av-kke7xbli-5116b55eca28a723a60c87127798af33 .av-subheading{\nfont-size:15px;\n}\n<\/style>\n<div  class='av-special-heading av-kke7xbli-5116b55eca28a723a60c87127798af33 av-special-heading-h3  avia-builder-el-1  el_after_av_slideshow_full  el_before_av_one_fourth  avia-builder-el-first  av-linked-heading'><h3 class='av-special-heading-tag'  itemprop=\"headline\"  >Jalkav\u00e4enkenraali Adolf Ehrnroothin viesti j\u00e4lkipolville<\/h3><div class=\"special-heading-border\"><div class=\"special-heading-inner-border\"><\/div><\/div><\/div>\n\n<style type=\"text\/css\" data-created_by=\"avia_inline_auto\" id=\"style-css-av-52zcf-11ce51459cfa82f6927761fdb3999ec5\">\n.flex_column.av-52zcf-11ce51459cfa82f6927761fdb3999ec5{\nborder-radius:0px 0px 0px 0px;\npadding:0px 0px 0px 0px;\n}\n<\/style>\n<div  class='flex_column av-52zcf-11ce51459cfa82f6927761fdb3999ec5 av_one_fourth  avia-builder-el-2  el_after_av_heading  el_before_av_one_half  first flex_column_div av-zero-column-padding  '     ><\/div>\n\n<style type=\"text\/css\" data-created_by=\"avia_inline_auto\" id=\"style-css-av-52zcf-2-111de3a66bcb73e13c6cacf7d2c8ff84\">\n.flex_column.av-52zcf-2-111de3a66bcb73e13c6cacf7d2c8ff84{\nborder-radius:0px 0px 0px 0px;\npadding:0px 0px 0px 0px;\n}\n<\/style>\n<div  class='flex_column av-52zcf-2-111de3a66bcb73e13c6cacf7d2c8ff84 av_one_half  avia-builder-el-3  el_after_av_one_fourth  el_before_av_one_fourth  flex_column_div av-zero-column-padding  '     ><div  class='avia-video av-6hk7qu-a134691b2590b7caac76a2c755b0dd99 avia-video-4-3 av-no-preview-image avia-video-load-always av-lazyload-immediate av-lazyload-video-embed'  itemprop=\"video\" itemtype=\"https:\/\/schema.org\/VideoObject\"  data-original_url='https:\/\/youtu.be\/CcwEZI4pYjM'><script type='text\/html' class='av-video-tmpl'><div class='avia-iframe-wrap'><iframe loading=\"lazy\" title=\"Jalkav\u00e4enkenraali Adolf Ehnroothin sanat j\u00e4lkipolville\" width=\"1333\" height=\"1000\" src=\"https:\/\/www.youtube.com\/embed\/CcwEZI4pYjM?feature=oembed&autoplay=0&loop=0&controls=1&mute=0\" frameborder=\"0\" allow=\"accelerometer; autoplay; clipboard-write; encrypted-media; gyroscope; picture-in-picture\" allowfullscreen><\/iframe><\/div><\/script><div class='av-click-to-play-overlay'><div class=\"avia_playpause_icon\"><\/div><\/div><\/div><\/div>\n\n<style type=\"text\/css\" data-created_by=\"avia_inline_auto\" id=\"style-css-av-52zcf-1-7e9ca8b5ea476560c039050d44183bda\">\n.flex_column.av-52zcf-1-7e9ca8b5ea476560c039050d44183bda{\nborder-radius:0px 0px 0px 0px;\npadding:0px 0px 0px 0px;\n}\n<\/style>\n<div  class='flex_column av-52zcf-1-7e9ca8b5ea476560c039050d44183bda av_one_fourth  avia-builder-el-5  el_after_av_one_half  avia-builder-el-last  flex_column_div av-zero-column-padding  '     ><\/div>\n","protected":false},"excerpt":{"rendered":"","protected":false},"author":1,"featured_media":0,"parent":3686,"menu_order":0,"comment_status":"closed","ping_status":"closed","template":"","meta":{"footnotes":""},"class_list":["post-4347","page","type-page","status-publish","hentry"],"yoast_head":"<!-- This site is optimized with the Yoast SEO plugin v27.5 - https:\/\/yoast.com\/product\/yoast-seo-wordpress\/ -->\n<title>Jalkav\u00e4enkenraali Adolf Ehrnroothin viesti j\u00e4lkipolville - Veteraanien Perint\u00f6<\/title>\n<meta name=\"robots\" content=\"index, follow, max-snippet:-1, max-image-preview:large, max-video-preview:-1\" \/>\n<link rel=\"canonical\" href=\"https:\/\/veteraanienperinto.fi\/index.php\/tietopankit\/videoita\/veteraanien-perinnon-merkitys\/jalkavaenkenraali-adolf-ehrnroothin-viesti-jalkipolville\/\" \/>\n<meta property=\"og:locale\" content=\"fi_FI\" \/>\n<meta property=\"og:type\" content=\"article\" \/>\n<meta property=\"og:title\" content=\"Jalkav\u00e4enkenraali Adolf Ehrnroothin viesti j\u00e4lkipolville - Veteraanien Perint\u00f6\" \/>\n<meta property=\"og:url\" content=\"https:\/\/veteraanienperinto.fi\/index.php\/tietopankit\/videoita\/veteraanien-perinnon-merkitys\/jalkavaenkenraali-adolf-ehrnroothin-viesti-jalkipolville\/\" \/>\n<meta property=\"og:site_name\" content=\"Veteraanien Perint\u00f6\" \/>\n<meta property=\"article:modified_time\" content=\"2025-09-01T10:30:21+00:00\" \/>\n<meta name=\"twitter:card\" content=\"summary_large_image\" \/>\n<meta name=\"twitter:label1\" content=\"Arvioitu lukuaika\" \/>\n\t<meta name=\"twitter:data1\" content=\"1 minuutti\" \/>\n<script type=\"application\/ld+json\" class=\"yoast-schema-graph\">{\"@context\":\"https:\\\/\\\/schema.org\",\"@graph\":[{\"@type\":\"WebPage\",\"@id\":\"https:\\\/\\\/veteraanienperinto.fi\\\/index.php\\\/tietopankit\\\/videoita\\\/veteraanien-perinnon-merkitys\\\/jalkavaenkenraali-adolf-ehrnroothin-viesti-jalkipolville\\\/\",\"url\":\"https:\\\/\\\/veteraanienperinto.fi\\\/index.php\\\/tietopankit\\\/videoita\\\/veteraanien-perinnon-merkitys\\\/jalkavaenkenraali-adolf-ehrnroothin-viesti-jalkipolville\\\/\",\"name\":\"Jalkav\u00e4enkenraali Adolf Ehrnroothin viesti j\u00e4lkipolville - Veteraanien Perint\u00f6\",\"isPartOf\":{\"@id\":\"https:\\\/\\\/veteraanienperinto.fi\\\/#website\"},\"datePublished\":\"2020-09-30T15:35:03+00:00\",\"dateModified\":\"2025-09-01T10:30:21+00:00\",\"breadcrumb\":{\"@id\":\"https:\\\/\\\/veteraanienperinto.fi\\\/index.php\\\/tietopankit\\\/videoita\\\/veteraanien-perinnon-merkitys\\\/jalkavaenkenraali-adolf-ehrnroothin-viesti-jalkipolville\\\/#breadcrumb\"},\"inLanguage\":\"fi\",\"potentialAction\":[{\"@type\":\"ReadAction\",\"target\":[\"https:\\\/\\\/veteraanienperinto.fi\\\/index.php\\\/tietopankit\\\/videoita\\\/veteraanien-perinnon-merkitys\\\/jalkavaenkenraali-adolf-ehrnroothin-viesti-jalkipolville\\\/\"]}]},{\"@type\":\"BreadcrumbList\",\"@id\":\"https:\\\/\\\/veteraanienperinto.fi\\\/index.php\\\/tietopankit\\\/videoita\\\/veteraanien-perinnon-merkitys\\\/jalkavaenkenraali-adolf-ehrnroothin-viesti-jalkipolville\\\/#breadcrumb\",\"itemListElement\":[{\"@type\":\"ListItem\",\"position\":1,\"name\":\"Etusivu\",\"item\":\"https:\\\/\\\/veteraanienperinto.fi\\\/index.php\\\/etusivu-2\\\/\"},{\"@type\":\"ListItem\",\"position\":2,\"name\":\"Tietopankit\",\"item\":\"https:\\\/\\\/veteraanienperinto.fi\\\/index.php\\\/tietopankit\\\/\"},{\"@type\":\"ListItem\",\"position\":3,\"name\":\"Videoita\",\"item\":\"https:\\\/\\\/veteraanienperinto.fi\\\/index.php\\\/tietopankit\\\/videoita\\\/\"},{\"@type\":\"ListItem\",\"position\":4,\"name\":\"Veteraanien perinn\u00f6n merkitys\",\"item\":\"https:\\\/\\\/veteraanienperinto.fi\\\/index.php\\\/tietopankit\\\/videoita\\\/veteraanien-perinnon-merkitys\\\/\"},{\"@type\":\"ListItem\",\"position\":5,\"name\":\"Jalkav\u00e4enkenraali Adolf Ehrnroothin viesti j\u00e4lkipolville\"}]},{\"@type\":\"WebSite\",\"@id\":\"https:\\\/\\\/veteraanienperinto.fi\\\/#website\",\"url\":\"https:\\\/\\\/veteraanienperinto.fi\\\/\",\"name\":\"Veteraanien Perint\u00f6\",\"description\":\"Kadettikunta\",\"potentialAction\":[{\"@type\":\"SearchAction\",\"target\":{\"@type\":\"EntryPoint\",\"urlTemplate\":\"https:\\\/\\\/veteraanienperinto.fi\\\/?s={search_term_string}\"},\"query-input\":{\"@type\":\"PropertyValueSpecification\",\"valueRequired\":true,\"valueName\":\"search_term_string\"}}],\"inLanguage\":\"fi\"}]}<\/script>\n<!-- \/ Yoast SEO plugin. -->","yoast_head_json":{"title":"Jalkav\u00e4enkenraali Adolf Ehrnroothin viesti j\u00e4lkipolville - Veteraanien Perint\u00f6","robots":{"index":"index","follow":"follow","max-snippet":"max-snippet:-1","max-image-preview":"max-image-preview:large","max-video-preview":"max-video-preview:-1"},"canonical":"https:\/\/veteraanienperinto.fi\/index.php\/tietopankit\/videoita\/veteraanien-perinnon-merkitys\/jalkavaenkenraali-adolf-ehrnroothin-viesti-jalkipolville\/","og_locale":"fi_FI","og_type":"article","og_title":"Jalkav\u00e4enkenraali Adolf Ehrnroothin viesti j\u00e4lkipolville - Veteraanien Perint\u00f6","og_url":"https:\/\/veteraanienperinto.fi\/index.php\/tietopankit\/videoita\/veteraanien-perinnon-merkitys\/jalkavaenkenraali-adolf-ehrnroothin-viesti-jalkipolville\/","og_site_name":"Veteraanien Perint\u00f6","article_modified_time":"2025-09-01T10:30:21+00:00","twitter_card":"summary_large_image","twitter_misc":{"Arvioitu lukuaika":"1 minuutti"},"schema":{"@context":"https:\/\/schema.org","@graph":[{"@type":"WebPage","@id":"https:\/\/veteraanienperinto.fi\/index.php\/tietopankit\/videoita\/veteraanien-perinnon-merkitys\/jalkavaenkenraali-adolf-ehrnroothin-viesti-jalkipolville\/","url":"https:\/\/veteraanienperinto.fi\/index.php\/tietopankit\/videoita\/veteraanien-perinnon-merkitys\/jalkavaenkenraali-adolf-ehrnroothin-viesti-jalkipolville\/","name":"Jalkav\u00e4enkenraali Adolf Ehrnroothin viesti j\u00e4lkipolville - Veteraanien Perint\u00f6","isPartOf":{"@id":"https:\/\/veteraanienperinto.fi\/#website"},"datePublished":"2020-09-30T15:35:03+00:00","dateModified":"2025-09-01T10:30:21+00:00","breadcrumb":{"@id":"https:\/\/veteraanienperinto.fi\/index.php\/tietopankit\/videoita\/veteraanien-perinnon-merkitys\/jalkavaenkenraali-adolf-ehrnroothin-viesti-jalkipolville\/#breadcrumb"},"inLanguage":"fi","potentialAction":[{"@type":"ReadAction","target":["https:\/\/veteraanienperinto.fi\/index.php\/tietopankit\/videoita\/veteraanien-perinnon-merkitys\/jalkavaenkenraali-adolf-ehrnroothin-viesti-jalkipolville\/"]}]},{"@type":"BreadcrumbList","@id":"https:\/\/veteraanienperinto.fi\/index.php\/tietopankit\/videoita\/veteraanien-perinnon-merkitys\/jalkavaenkenraali-adolf-ehrnroothin-viesti-jalkipolville\/#breadcrumb","itemListElement":[{"@type":"ListItem","position":1,"name":"Etusivu","item":"https:\/\/veteraanienperinto.fi\/index.php\/etusivu-2\/"},{"@type":"ListItem","position":2,"name":"Tietopankit","item":"https:\/\/veteraanienperinto.fi\/index.php\/tietopankit\/"},{"@type":"ListItem","position":3,"name":"Videoita","item":"https:\/\/veteraanienperinto.fi\/index.php\/tietopankit\/videoita\/"},{"@type":"ListItem","position":4,"name":"Veteraanien perinn\u00f6n merkitys","item":"https:\/\/veteraanienperinto.fi\/index.php\/tietopankit\/videoita\/veteraanien-perinnon-merkitys\/"},{"@type":"ListItem","position":5,"name":"Jalkav\u00e4enkenraali Adolf Ehrnroothin viesti j\u00e4lkipolville"}]},{"@type":"WebSite","@id":"https:\/\/veteraanienperinto.fi\/#website","url":"https:\/\/veteraanienperinto.fi\/","name":"Veteraanien Perint\u00f6","description":"Kadettikunta","potentialAction":[{"@type":"SearchAction","target":{"@type":"EntryPoint","urlTemplate":"https:\/\/veteraanienperinto.fi\/?s={search_term_string}"},"query-input":{"@type":"PropertyValueSpecification","valueRequired":true,"valueName":"search_term_string"}}],"inLanguage":"fi"}]}},"_links":{"self":[{"href":"https:\/\/veteraanienperinto.fi\/index.php\/wp-json\/wp\/v2\/pages\/4347","targetHints":{"allow":["GET"]}}],"collection":[{"href":"https:\/\/veteraanienperinto.fi\/index.php\/wp-json\/wp\/v2\/pages"}],"about":[{"href":"https:\/\/veteraanienperinto.fi\/index.php\/wp-json\/wp\/v2\/types\/page"}],"author":[{"embeddable":true,"href":"https:\/\/veteraanienperinto.fi\/index.php\/wp-json\/wp\/v2\/users\/1"}],"replies":[{"embeddable":true,"href":"https:\/\/veteraanienperinto.fi\/index.php\/wp-json\/wp\/v2\/comments?post=4347"}],"version-history":[{"count":10,"href":"https:\/\/veteraanienperinto.fi\/index.php\/wp-json\/wp\/v2\/pages\/4347\/revisions"}],"predecessor-version":[{"id":11035,"href":"https:\/\/veteraanienperinto.fi\/index.php\/wp-json\/wp\/v2\/pages\/4347\/revisions\/11035"}],"up":[{"embeddable":true,"href":"https:\/\/veteraanienperinto.fi\/index.php\/wp-json\/wp\/v2\/pages\/3686"}],"wp:attachment":[{"href":"https:\/\/veteraanienperinto.fi\/index.php\/wp-json\/wp\/v2\/media?parent=4347"}],"curies":[{"name":"wp","href":"https:\/\/api.w.org\/{rel}","templated":true}]}}