{"id":446,"date":"2020-08-29T08:56:13","date_gmt":"2020-08-29T08:56:13","guid":{"rendered":"https:\/\/veteraani.ylirotu.fi\/?page_id=446"},"modified":"2021-01-18T12:45:17","modified_gmt":"2021-01-18T12:45:17","slug":"vihollisen-toiminta-siviilivaestoa-vastaan","status":"publish","type":"page","link":"https:\/\/veteraanienperinto.fi\/index.php\/jatkosota-etusivu\/jatkosota_kotirintama\/vihollisen-toiminta-siviilivaestoa-vastaan\/","title":{"rendered":"Vihollisen toiminta siviiliv\u00e4est\u00f6\u00e4 vastaan"},"content":{"rendered":"<div id='full_slider_1'  class='avia-fullwidth-slider main_color avia-shadow   avia-builder-el-0  el_before_av_heading  avia-builder-el-first   container_wrap sidebar_right'  ><div  class='avia-slideshow av-vcfri-f8b18761f5bc7126866d60a72f814c3a avia-slideshow-featured av_slideshow_full avia-slide-slider av-slideshow-ui av-control-default av-slideshow-manual av-loop-once av-loop-manual-endless av-default-height-applied   avia-slideshow-1' data-slideshow-options=\"{&quot;animation&quot;:&quot;slide&quot;,&quot;autoplay&quot;:false,&quot;loop_autoplay&quot;:&quot;once&quot;,&quot;interval&quot;:5,&quot;loop_manual&quot;:&quot;manual-endless&quot;,&quot;autoplay_stopper&quot;:false,&quot;noNavigation&quot;:false,&quot;bg_slider&quot;:false,&quot;keep_padding&quot;:false,&quot;hoverpause&quot;:false,&quot;show_slide_delay&quot;:0}\"  itemprop=\"image\" itemscope=\"itemscope\" itemtype=\"https:\/\/schema.org\/ImageObject\" ><ul class='avia-slideshow-inner ' style='padding-bottom: 28.666666666667%;'><li  class='avia-slideshow-slide av-vcfri-f8b18761f5bc7126866d60a72f814c3a__0  av-single-slide slide-1 slide-odd'><div data-rel='slideshow-1' class='avia-slide-wrap '   ><div class='av-slideshow-caption av-vcfri-f8b18761f5bc7126866d60a72f814c3a__0 caption_fullwidth caption_bottom caption_bottom_framed caption_framed'><div class=\"container caption_container\"><div class=\"slideshow_caption\"><div class=\"slideshow_inner_caption\"><div class=\"slideshow_align_caption\"><div class='avia-caption-content '  itemprop=\"description\" ><p>Partio ajamassa desantteja takaa 2.9.1942 (Pidma-Homorovitsi, Syv\u00e4rin lohko)<\/p>\n<\/div><\/div><\/div><\/div><\/div><\/div><img decoding=\"async\" fetchpriority=\"high\" class=\"wp-image-4518 avia-img-lazy-loading-not-4518\"  src=\"https:\/\/veteraanienperinto.fi\/wp-content\/uploads\/2020\/10\/desantti-1500x430.png\" width=\"1500\" height=\"430\" title='desantti' alt=''  itemprop=\"thumbnailUrl\" srcset=\"https:\/\/veteraanienperinto.fi\/wp-content\/uploads\/2020\/10\/desantti.png 1500w, https:\/\/veteraanienperinto.fi\/wp-content\/uploads\/2020\/10\/desantti-300x86.png 300w, https:\/\/veteraanienperinto.fi\/wp-content\/uploads\/2020\/10\/desantti-1030x295.png 1030w, https:\/\/veteraanienperinto.fi\/wp-content\/uploads\/2020\/10\/desantti-768x220.png 768w, https:\/\/veteraanienperinto.fi\/wp-content\/uploads\/2020\/10\/desantti-705x202.png 705w\" sizes=\"(max-width: 1500px) 100vw, 1500px\" \/><\/div><\/li><\/ul><\/div><\/div><div id='after_full_slider_1'  class='main_color av_default_container_wrap container_wrap sidebar_right'  ><div class='container av-section-cont-open' ><div class='template-page content  av-content-small alpha units'><div class='post-entry post-entry-type-page post-entry-446'><div class='entry-content-wrapper clearfix'>\n\n<style type=\"text\/css\" data-created_by=\"avia_inline_auto\" id=\"style-css-av-kk2k9umt-5d5c576815fdce7e30bd41b4cf7e7ae6\">\n#top .av-special-heading.av-kk2k9umt-5d5c576815fdce7e30bd41b4cf7e7ae6{\npadding-bottom:10px;\n}\nbody .av-special-heading.av-kk2k9umt-5d5c576815fdce7e30bd41b4cf7e7ae6 .av-special-heading-tag .heading-char{\nfont-size:25px;\n}\n.av-special-heading.av-kk2k9umt-5d5c576815fdce7e30bd41b4cf7e7ae6 .av-subheading{\nfont-size:15px;\n}\n<\/style>\n<div  class='av-special-heading av-kk2k9umt-5d5c576815fdce7e30bd41b4cf7e7ae6 av-special-heading-h2  avia-builder-el-1  el_after_av_slideshow_full  el_before_av_textblock  avia-builder-el-first '><h2 class='av-special-heading-tag'  itemprop=\"headline\"  >Vihollisen toiminta siviiliv\u00e4est\u00f6\u00e4 vastaan<\/h2><div class=\"special-heading-border\"><div class=\"special-heading-inner-border\"><\/div><\/div><\/div>\n<section  class='av_textblock_section av-6vl46-6d3d2774a25dc6922a67b6ef9e296c59 '   itemscope=\"itemscope\" itemtype=\"https:\/\/schema.org\/CreativeWork\" ><div class='avia_textblock'  itemprop=\"text\" ><p>Jatkosodan alusta l\u00e4htien Neuvostoliiton lentokoneet pommittivat aika ajoin Suomen kaupunkeja. Varsinaiset suurpommitukset Helsinkiin tapahtuivat helmikuussa 1944. N\u00e4iss\u00e4 kolmessa pommituksessa sai surmansa 146 henkil\u00f6\u00e4 ja 109 taloa tuhoutui. Helsingin ilmatorjunta oli niin tehokas, ett\u00e4 vain alle 5% noin 15 000 erilaisesta pommista putosi kaupungin alueelle. Ilman t\u00e4t\u00e4 torjunnan tehoa olisi Helsinki k\u00e4rsinyt suunnattomia vaurioita ja siviiliv\u00e4est\u00f6n tappiot olisivat olleet arvaamattoman suuret.<\/p>\n<p>Neuvostoliittolaisten partisaanien hy\u00f6kk\u00e4ykset rauhallisiin suomalaiskyliin erityisesti Pohjois-Suomessa aiheuttivat ajoittain paljon murhetta ja levottomuutta. Yhteens\u00e4 partisaanit murhasivat noin 150 siviilihenkil\u00f6\u00e4, p\u00e4\u00e4asiassa naisia ja lapsia. Ylemmille esikunnilleen partisaanit ilmoittivat tuhonneensa varuskuntia ja sotilasosastoja. Monet partisaanit palkittiin kunniamerkeill\u00e4. Murhiin ja muihin siviiliv\u00e4est\u00f6\u00f6n kohdistuneisiin v\u00e4kivallantekoihin osallistuneita partisaaneja, kuten muitakaan voittajavaltioiden sotarikoksiin syyllistyneit\u00e4, ei ole asetettu syytteeseen teoistaan.<\/p>\n<p>Maamme siviiliv\u00e4est\u00f6n tappiot, yhteens\u00e4 2700 henkil\u00f6\u00e4, olivat muihin maihin verrattuna hyvin pienet. T\u00e4m\u00e4 johtui siit\u00e4, ettei v\u00e4est\u00f6 j\u00e4\u00e4nyt miss\u00e4\u00e4n taistelualueelle ja siten tulen alle, maatamme ei miehitetty ja Neuvostoliiton kaupunkeihimme kohdistamat pommitukset eiv\u00e4t johtaneet hy\u00f6kk\u00e4\u00e4j\u00e4n suunnittelemiin tuloksiin.<\/p>\n<\/div><\/section>\n","protected":false},"excerpt":{"rendered":"","protected":false},"author":1,"featured_media":0,"parent":61,"menu_order":9,"comment_status":"closed","ping_status":"closed","template":"","meta":{"footnotes":""},"class_list":["post-446","page","type-page","status-publish","hentry"],"yoast_head":"<!-- This site is optimized with the Yoast SEO plugin v27.4 - https:\/\/yoast.com\/product\/yoast-seo-wordpress\/ -->\n<title>Vihollisen toiminta siviiliv\u00e4est\u00f6\u00e4 vastaan - Veteraanien Perint\u00f6<\/title>\n<meta name=\"robots\" content=\"index, follow, max-snippet:-1, max-image-preview:large, max-video-preview:-1\" \/>\n<link rel=\"canonical\" href=\"https:\/\/veteraanienperinto.fi\/index.php\/jatkosota-etusivu\/jatkosota_kotirintama\/vihollisen-toiminta-siviilivaestoa-vastaan\/\" \/>\n<meta property=\"og:locale\" content=\"fi_FI\" \/>\n<meta property=\"og:type\" content=\"article\" \/>\n<meta property=\"og:title\" content=\"Vihollisen toiminta siviiliv\u00e4est\u00f6\u00e4 vastaan - Veteraanien Perint\u00f6\" \/>\n<meta property=\"og:url\" content=\"https:\/\/veteraanienperinto.fi\/index.php\/jatkosota-etusivu\/jatkosota_kotirintama\/vihollisen-toiminta-siviilivaestoa-vastaan\/\" \/>\n<meta property=\"og:site_name\" content=\"Veteraanien Perint\u00f6\" \/>\n<meta property=\"article:modified_time\" content=\"2021-01-18T12:45:17+00:00\" \/>\n<meta name=\"twitter:card\" content=\"summary_large_image\" \/>\n<meta name=\"twitter:label1\" content=\"Arvioitu lukuaika\" \/>\n\t<meta name=\"twitter:data1\" content=\"2 minuuttia\" \/>\n<script type=\"application\/ld+json\" class=\"yoast-schema-graph\">{\"@context\":\"https:\\\/\\\/schema.org\",\"@graph\":[{\"@type\":\"WebPage\",\"@id\":\"https:\\\/\\\/veteraanienperinto.fi\\\/index.php\\\/jatkosota-etusivu\\\/jatkosota_kotirintama\\\/vihollisen-toiminta-siviilivaestoa-vastaan\\\/\",\"url\":\"https:\\\/\\\/veteraanienperinto.fi\\\/index.php\\\/jatkosota-etusivu\\\/jatkosota_kotirintama\\\/vihollisen-toiminta-siviilivaestoa-vastaan\\\/\",\"name\":\"Vihollisen toiminta siviiliv\u00e4est\u00f6\u00e4 vastaan - Veteraanien Perint\u00f6\",\"isPartOf\":{\"@id\":\"https:\\\/\\\/veteraanienperinto.fi\\\/#website\"},\"datePublished\":\"2020-08-29T08:56:13+00:00\",\"dateModified\":\"2021-01-18T12:45:17+00:00\",\"breadcrumb\":{\"@id\":\"https:\\\/\\\/veteraanienperinto.fi\\\/index.php\\\/jatkosota-etusivu\\\/jatkosota_kotirintama\\\/vihollisen-toiminta-siviilivaestoa-vastaan\\\/#breadcrumb\"},\"inLanguage\":\"fi\",\"potentialAction\":[{\"@type\":\"ReadAction\",\"target\":[\"https:\\\/\\\/veteraanienperinto.fi\\\/index.php\\\/jatkosota-etusivu\\\/jatkosota_kotirintama\\\/vihollisen-toiminta-siviilivaestoa-vastaan\\\/\"]}]},{\"@type\":\"BreadcrumbList\",\"@id\":\"https:\\\/\\\/veteraanienperinto.fi\\\/index.php\\\/jatkosota-etusivu\\\/jatkosota_kotirintama\\\/vihollisen-toiminta-siviilivaestoa-vastaan\\\/#breadcrumb\",\"itemListElement\":[{\"@type\":\"ListItem\",\"position\":1,\"name\":\"Etusivu\",\"item\":\"https:\\\/\\\/veteraanienperinto.fi\\\/index.php\\\/etusivu-2\\\/\"},{\"@type\":\"ListItem\",\"position\":2,\"name\":\"Jatkosota &#8211; etusivu\",\"item\":\"https:\\\/\\\/veteraanienperinto.fi\\\/index.php\\\/jatkosota-etusivu\\\/\"},{\"@type\":\"ListItem\",\"position\":3,\"name\":\"Kotirintama jatkosodassa\",\"item\":\"https:\\\/\\\/veteraanienperinto.fi\\\/index.php\\\/jatkosota-etusivu\\\/jatkosota_kotirintama\\\/\"},{\"@type\":\"ListItem\",\"position\":4,\"name\":\"Vihollisen toiminta siviiliv\u00e4est\u00f6\u00e4 vastaan\"}]},{\"@type\":\"WebSite\",\"@id\":\"https:\\\/\\\/veteraanienperinto.fi\\\/#website\",\"url\":\"https:\\\/\\\/veteraanienperinto.fi\\\/\",\"name\":\"Veteraanien Perint\u00f6\",\"description\":\"Kadettikunta\",\"potentialAction\":[{\"@type\":\"SearchAction\",\"target\":{\"@type\":\"EntryPoint\",\"urlTemplate\":\"https:\\\/\\\/veteraanienperinto.fi\\\/?s={search_term_string}\"},\"query-input\":{\"@type\":\"PropertyValueSpecification\",\"valueRequired\":true,\"valueName\":\"search_term_string\"}}],\"inLanguage\":\"fi\"}]}<\/script>\n<!-- \/ Yoast SEO plugin. -->","yoast_head_json":{"title":"Vihollisen toiminta siviiliv\u00e4est\u00f6\u00e4 vastaan - Veteraanien Perint\u00f6","robots":{"index":"index","follow":"follow","max-snippet":"max-snippet:-1","max-image-preview":"max-image-preview:large","max-video-preview":"max-video-preview:-1"},"canonical":"https:\/\/veteraanienperinto.fi\/index.php\/jatkosota-etusivu\/jatkosota_kotirintama\/vihollisen-toiminta-siviilivaestoa-vastaan\/","og_locale":"fi_FI","og_type":"article","og_title":"Vihollisen toiminta siviiliv\u00e4est\u00f6\u00e4 vastaan - Veteraanien Perint\u00f6","og_url":"https:\/\/veteraanienperinto.fi\/index.php\/jatkosota-etusivu\/jatkosota_kotirintama\/vihollisen-toiminta-siviilivaestoa-vastaan\/","og_site_name":"Veteraanien Perint\u00f6","article_modified_time":"2021-01-18T12:45:17+00:00","twitter_card":"summary_large_image","twitter_misc":{"Arvioitu lukuaika":"2 minuuttia"},"schema":{"@context":"https:\/\/schema.org","@graph":[{"@type":"WebPage","@id":"https:\/\/veteraanienperinto.fi\/index.php\/jatkosota-etusivu\/jatkosota_kotirintama\/vihollisen-toiminta-siviilivaestoa-vastaan\/","url":"https:\/\/veteraanienperinto.fi\/index.php\/jatkosota-etusivu\/jatkosota_kotirintama\/vihollisen-toiminta-siviilivaestoa-vastaan\/","name":"Vihollisen toiminta siviiliv\u00e4est\u00f6\u00e4 vastaan - Veteraanien Perint\u00f6","isPartOf":{"@id":"https:\/\/veteraanienperinto.fi\/#website"},"datePublished":"2020-08-29T08:56:13+00:00","dateModified":"2021-01-18T12:45:17+00:00","breadcrumb":{"@id":"https:\/\/veteraanienperinto.fi\/index.php\/jatkosota-etusivu\/jatkosota_kotirintama\/vihollisen-toiminta-siviilivaestoa-vastaan\/#breadcrumb"},"inLanguage":"fi","potentialAction":[{"@type":"ReadAction","target":["https:\/\/veteraanienperinto.fi\/index.php\/jatkosota-etusivu\/jatkosota_kotirintama\/vihollisen-toiminta-siviilivaestoa-vastaan\/"]}]},{"@type":"BreadcrumbList","@id":"https:\/\/veteraanienperinto.fi\/index.php\/jatkosota-etusivu\/jatkosota_kotirintama\/vihollisen-toiminta-siviilivaestoa-vastaan\/#breadcrumb","itemListElement":[{"@type":"ListItem","position":1,"name":"Etusivu","item":"https:\/\/veteraanienperinto.fi\/index.php\/etusivu-2\/"},{"@type":"ListItem","position":2,"name":"Jatkosota &#8211; etusivu","item":"https:\/\/veteraanienperinto.fi\/index.php\/jatkosota-etusivu\/"},{"@type":"ListItem","position":3,"name":"Kotirintama jatkosodassa","item":"https:\/\/veteraanienperinto.fi\/index.php\/jatkosota-etusivu\/jatkosota_kotirintama\/"},{"@type":"ListItem","position":4,"name":"Vihollisen toiminta siviiliv\u00e4est\u00f6\u00e4 vastaan"}]},{"@type":"WebSite","@id":"https:\/\/veteraanienperinto.fi\/#website","url":"https:\/\/veteraanienperinto.fi\/","name":"Veteraanien Perint\u00f6","description":"Kadettikunta","potentialAction":[{"@type":"SearchAction","target":{"@type":"EntryPoint","urlTemplate":"https:\/\/veteraanienperinto.fi\/?s={search_term_string}"},"query-input":{"@type":"PropertyValueSpecification","valueRequired":true,"valueName":"search_term_string"}}],"inLanguage":"fi"}]}},"_links":{"self":[{"href":"https:\/\/veteraanienperinto.fi\/index.php\/wp-json\/wp\/v2\/pages\/446","targetHints":{"allow":["GET"]}}],"collection":[{"href":"https:\/\/veteraanienperinto.fi\/index.php\/wp-json\/wp\/v2\/pages"}],"about":[{"href":"https:\/\/veteraanienperinto.fi\/index.php\/wp-json\/wp\/v2\/types\/page"}],"author":[{"embeddable":true,"href":"https:\/\/veteraanienperinto.fi\/index.php\/wp-json\/wp\/v2\/users\/1"}],"replies":[{"embeddable":true,"href":"https:\/\/veteraanienperinto.fi\/index.php\/wp-json\/wp\/v2\/comments?post=446"}],"version-history":[{"count":7,"href":"https:\/\/veteraanienperinto.fi\/index.php\/wp-json\/wp\/v2\/pages\/446\/revisions"}],"predecessor-version":[{"id":9688,"href":"https:\/\/veteraanienperinto.fi\/index.php\/wp-json\/wp\/v2\/pages\/446\/revisions\/9688"}],"up":[{"embeddable":true,"href":"https:\/\/veteraanienperinto.fi\/index.php\/wp-json\/wp\/v2\/pages\/61"}],"wp:attachment":[{"href":"https:\/\/veteraanienperinto.fi\/index.php\/wp-json\/wp\/v2\/media?parent=446"}],"curies":[{"name":"wp","href":"https:\/\/api.w.org\/{rel}","templated":true}]}}