{"id":487,"date":"2020-08-29T09:23:35","date_gmt":"2020-08-29T09:23:35","guid":{"rendered":"https:\/\/veteraani.ylirotu.fi\/?page_id=487"},"modified":"2021-01-26T14:44:32","modified_gmt":"2021-01-26T14:44:32","slug":"asekatkentajuttu","status":"publish","type":"page","link":"https:\/\/veteraanienperinto.fi\/index.php\/jalleenrakentaminen\/puolustusvoimat\/asekatkentajuttu\/","title":{"rendered":"Asek\u00e4tkent\u00e4juttu"},"content":{"rendered":"<div id='full_slider_1'  class='avia-fullwidth-slider main_color avia-shadow   avia-builder-el-0  el_before_av_heading  avia-builder-el-first   container_wrap sidebar_right'  ><\/div><div id='after_full_slider_1'  class='main_color av_default_container_wrap container_wrap sidebar_right'  ><div class='container av-section-cont-open' ><div class='template-page content  av-content-small alpha units'><div class='post-entry post-entry-type-page post-entry-487'><div class='entry-content-wrapper clearfix'>\n\n<style type=\"text\/css\" data-created_by=\"avia_inline_auto\" id=\"style-css-av-kke422m4-6088b8d18c659fc44441084bd96b1a9f\">\n#top .av-special-heading.av-kke422m4-6088b8d18c659fc44441084bd96b1a9f{\npadding-bottom:10px;\n}\nbody .av-special-heading.av-kke422m4-6088b8d18c659fc44441084bd96b1a9f .av-special-heading-tag .heading-char{\nfont-size:25px;\n}\n.av-special-heading.av-kke422m4-6088b8d18c659fc44441084bd96b1a9f .av-subheading{\nfont-size:15px;\n}\n<\/style>\n<div  class='av-special-heading av-kke422m4-6088b8d18c659fc44441084bd96b1a9f av-special-heading-h2  avia-builder-el-1  el_after_av_slideshow_full  el_before_av_textblock  avia-builder-el-first '><h2 class='av-special-heading-tag'  itemprop=\"headline\"  >Asek\u00e4tkent\u00e4juttu<\/h2><div class=\"special-heading-border\"><div class=\"special-heading-inner-border\"><\/div><\/div><\/div>\n<section  class='av_textblock_section av-10qwn-8c0baf2e6561023c9950a6c8eaa59330 '   itemscope=\"itemscope\" itemtype=\"https:\/\/schema.org\/CreativeWork\" ><div class='avia_textblock'  itemprop=\"text\" ><p>Jatkosodan p\u00e4\u00e4ttymisen j\u00e4lkeisen ep\u00e4varmuuden aikana pel\u00e4ttiin maassamme, ett\u00e4 Neuvostoliitto yritt\u00e4isi miehitt\u00e4\u00e4 Suomen. T\u00e4st\u00e4 syyst\u00e4 hajavarastointiin salaa ymp\u00e4ri Suomea aseistus 34 pataljoonaa varten. N\u00e4ill\u00e4 pataljoonilla aloitettaisiin taistelu mahdollista miehitt\u00e4j\u00e4\u00e4 vastaan. Kyseess\u00e4 oli puhdas sotilaallinen varautumistoimenpide silt\u00e4 varalta, ett\u00e4 Neuvostoliitto rikkoisi v\u00e4lirauhansopimuksen.<\/p>\n<p>Hanke kuitenkin paljastui ja t\u00e4m\u00e4n niin sanotun asek\u00e4tkent\u00e4jutun johdosta tuomittiin 1488 nuhteettomasti toiminutta miest\u00e4 vapausrangaistuksiin. Asek\u00e4tkent\u00e4jutun oikeudenk\u00e4ynnit ja poliittiseksi muutetun valtiollisen poliisin, Valpon, mielivalta her\u00e4ttiv\u00e4t kansalaisten keskuudessa paljon levottomuutta. Asek\u00e4tkenn\u00e4ll\u00e4 saattoi olla paljastuttuaan merkitt\u00e4v\u00e4 vaikutus Suomen tulevaisuuteen, sill\u00e4 Neuvostoliitto joutui toteamaan Suomen olevan valmis taistelemaan itsen\u00e4isyydest\u00e4\u00e4n viimeiseen asti ep\u00e4toivoisessakin tilanteessa talvisodan tapaan.<\/p>\n<\/div><\/section>\n","protected":false},"excerpt":{"rendered":"","protected":false},"author":1,"featured_media":0,"parent":80,"menu_order":2,"comment_status":"closed","ping_status":"closed","template":"","meta":{"footnotes":""},"class_list":["post-487","page","type-page","status-publish","hentry"],"yoast_head":"<!-- This site is optimized with the Yoast SEO plugin v27.5 - https:\/\/yoast.com\/product\/yoast-seo-wordpress\/ -->\n<title>Asek\u00e4tkent\u00e4juttu - Veteraanien Perint\u00f6<\/title>\n<meta name=\"robots\" content=\"index, follow, max-snippet:-1, max-image-preview:large, max-video-preview:-1\" \/>\n<link rel=\"canonical\" href=\"https:\/\/veteraanienperinto.fi\/index.php\/jalleenrakentaminen\/puolustusvoimat\/asekatkentajuttu\/\" \/>\n<meta property=\"og:locale\" content=\"fi_FI\" \/>\n<meta property=\"og:type\" content=\"article\" \/>\n<meta property=\"og:title\" content=\"Asek\u00e4tkent\u00e4juttu - Veteraanien Perint\u00f6\" \/>\n<meta property=\"og:url\" content=\"https:\/\/veteraanienperinto.fi\/index.php\/jalleenrakentaminen\/puolustusvoimat\/asekatkentajuttu\/\" \/>\n<meta property=\"og:site_name\" content=\"Veteraanien Perint\u00f6\" \/>\n<meta property=\"article:modified_time\" content=\"2021-01-26T14:44:32+00:00\" \/>\n<meta name=\"twitter:card\" content=\"summary_large_image\" \/>\n<meta name=\"twitter:label1\" content=\"Arvioitu lukuaika\" \/>\n\t<meta name=\"twitter:data1\" content=\"1 minuutti\" \/>\n<script type=\"application\/ld+json\" class=\"yoast-schema-graph\">{\"@context\":\"https:\\\/\\\/schema.org\",\"@graph\":[{\"@type\":\"WebPage\",\"@id\":\"https:\\\/\\\/veteraanienperinto.fi\\\/index.php\\\/jalleenrakentaminen\\\/puolustusvoimat\\\/asekatkentajuttu\\\/\",\"url\":\"https:\\\/\\\/veteraanienperinto.fi\\\/index.php\\\/jalleenrakentaminen\\\/puolustusvoimat\\\/asekatkentajuttu\\\/\",\"name\":\"Asek\u00e4tkent\u00e4juttu - Veteraanien Perint\u00f6\",\"isPartOf\":{\"@id\":\"https:\\\/\\\/veteraanienperinto.fi\\\/#website\"},\"datePublished\":\"2020-08-29T09:23:35+00:00\",\"dateModified\":\"2021-01-26T14:44:32+00:00\",\"breadcrumb\":{\"@id\":\"https:\\\/\\\/veteraanienperinto.fi\\\/index.php\\\/jalleenrakentaminen\\\/puolustusvoimat\\\/asekatkentajuttu\\\/#breadcrumb\"},\"inLanguage\":\"fi\",\"potentialAction\":[{\"@type\":\"ReadAction\",\"target\":[\"https:\\\/\\\/veteraanienperinto.fi\\\/index.php\\\/jalleenrakentaminen\\\/puolustusvoimat\\\/asekatkentajuttu\\\/\"]}]},{\"@type\":\"BreadcrumbList\",\"@id\":\"https:\\\/\\\/veteraanienperinto.fi\\\/index.php\\\/jalleenrakentaminen\\\/puolustusvoimat\\\/asekatkentajuttu\\\/#breadcrumb\",\"itemListElement\":[{\"@type\":\"ListItem\",\"position\":1,\"name\":\"Etusivu\",\"item\":\"https:\\\/\\\/veteraanienperinto.fi\\\/index.php\\\/etusivu-2\\\/\"},{\"@type\":\"ListItem\",\"position\":2,\"name\":\"J\u00e4lleenrakentaminen\",\"item\":\"https:\\\/\\\/veteraanienperinto.fi\\\/index.php\\\/jalleenrakentaminen\\\/\"},{\"@type\":\"ListItem\",\"position\":3,\"name\":\"Puolustusvoimat\",\"item\":\"https:\\\/\\\/veteraanienperinto.fi\\\/index.php\\\/jalleenrakentaminen\\\/puolustusvoimat\\\/\"},{\"@type\":\"ListItem\",\"position\":4,\"name\":\"Asek\u00e4tkent\u00e4juttu\"}]},{\"@type\":\"WebSite\",\"@id\":\"https:\\\/\\\/veteraanienperinto.fi\\\/#website\",\"url\":\"https:\\\/\\\/veteraanienperinto.fi\\\/\",\"name\":\"Veteraanien Perint\u00f6\",\"description\":\"Kadettikunta\",\"potentialAction\":[{\"@type\":\"SearchAction\",\"target\":{\"@type\":\"EntryPoint\",\"urlTemplate\":\"https:\\\/\\\/veteraanienperinto.fi\\\/?s={search_term_string}\"},\"query-input\":{\"@type\":\"PropertyValueSpecification\",\"valueRequired\":true,\"valueName\":\"search_term_string\"}}],\"inLanguage\":\"fi\"}]}<\/script>\n<!-- \/ Yoast SEO plugin. -->","yoast_head_json":{"title":"Asek\u00e4tkent\u00e4juttu - Veteraanien Perint\u00f6","robots":{"index":"index","follow":"follow","max-snippet":"max-snippet:-1","max-image-preview":"max-image-preview:large","max-video-preview":"max-video-preview:-1"},"canonical":"https:\/\/veteraanienperinto.fi\/index.php\/jalleenrakentaminen\/puolustusvoimat\/asekatkentajuttu\/","og_locale":"fi_FI","og_type":"article","og_title":"Asek\u00e4tkent\u00e4juttu - Veteraanien Perint\u00f6","og_url":"https:\/\/veteraanienperinto.fi\/index.php\/jalleenrakentaminen\/puolustusvoimat\/asekatkentajuttu\/","og_site_name":"Veteraanien Perint\u00f6","article_modified_time":"2021-01-26T14:44:32+00:00","twitter_card":"summary_large_image","twitter_misc":{"Arvioitu lukuaika":"1 minuutti"},"schema":{"@context":"https:\/\/schema.org","@graph":[{"@type":"WebPage","@id":"https:\/\/veteraanienperinto.fi\/index.php\/jalleenrakentaminen\/puolustusvoimat\/asekatkentajuttu\/","url":"https:\/\/veteraanienperinto.fi\/index.php\/jalleenrakentaminen\/puolustusvoimat\/asekatkentajuttu\/","name":"Asek\u00e4tkent\u00e4juttu - Veteraanien Perint\u00f6","isPartOf":{"@id":"https:\/\/veteraanienperinto.fi\/#website"},"datePublished":"2020-08-29T09:23:35+00:00","dateModified":"2021-01-26T14:44:32+00:00","breadcrumb":{"@id":"https:\/\/veteraanienperinto.fi\/index.php\/jalleenrakentaminen\/puolustusvoimat\/asekatkentajuttu\/#breadcrumb"},"inLanguage":"fi","potentialAction":[{"@type":"ReadAction","target":["https:\/\/veteraanienperinto.fi\/index.php\/jalleenrakentaminen\/puolustusvoimat\/asekatkentajuttu\/"]}]},{"@type":"BreadcrumbList","@id":"https:\/\/veteraanienperinto.fi\/index.php\/jalleenrakentaminen\/puolustusvoimat\/asekatkentajuttu\/#breadcrumb","itemListElement":[{"@type":"ListItem","position":1,"name":"Etusivu","item":"https:\/\/veteraanienperinto.fi\/index.php\/etusivu-2\/"},{"@type":"ListItem","position":2,"name":"J\u00e4lleenrakentaminen","item":"https:\/\/veteraanienperinto.fi\/index.php\/jalleenrakentaminen\/"},{"@type":"ListItem","position":3,"name":"Puolustusvoimat","item":"https:\/\/veteraanienperinto.fi\/index.php\/jalleenrakentaminen\/puolustusvoimat\/"},{"@type":"ListItem","position":4,"name":"Asek\u00e4tkent\u00e4juttu"}]},{"@type":"WebSite","@id":"https:\/\/veteraanienperinto.fi\/#website","url":"https:\/\/veteraanienperinto.fi\/","name":"Veteraanien Perint\u00f6","description":"Kadettikunta","potentialAction":[{"@type":"SearchAction","target":{"@type":"EntryPoint","urlTemplate":"https:\/\/veteraanienperinto.fi\/?s={search_term_string}"},"query-input":{"@type":"PropertyValueSpecification","valueRequired":true,"valueName":"search_term_string"}}],"inLanguage":"fi"}]}},"_links":{"self":[{"href":"https:\/\/veteraanienperinto.fi\/index.php\/wp-json\/wp\/v2\/pages\/487","targetHints":{"allow":["GET"]}}],"collection":[{"href":"https:\/\/veteraanienperinto.fi\/index.php\/wp-json\/wp\/v2\/pages"}],"about":[{"href":"https:\/\/veteraanienperinto.fi\/index.php\/wp-json\/wp\/v2\/types\/page"}],"author":[{"embeddable":true,"href":"https:\/\/veteraanienperinto.fi\/index.php\/wp-json\/wp\/v2\/users\/1"}],"replies":[{"embeddable":true,"href":"https:\/\/veteraanienperinto.fi\/index.php\/wp-json\/wp\/v2\/comments?post=487"}],"version-history":[{"count":6,"href":"https:\/\/veteraanienperinto.fi\/index.php\/wp-json\/wp\/v2\/pages\/487\/revisions"}],"predecessor-version":[{"id":10625,"href":"https:\/\/veteraanienperinto.fi\/index.php\/wp-json\/wp\/v2\/pages\/487\/revisions\/10625"}],"up":[{"embeddable":true,"href":"https:\/\/veteraanienperinto.fi\/index.php\/wp-json\/wp\/v2\/pages\/80"}],"wp:attachment":[{"href":"https:\/\/veteraanienperinto.fi\/index.php\/wp-json\/wp\/v2\/media?parent=487"}],"curies":[{"name":"wp","href":"https:\/\/api.w.org\/{rel}","templated":true}]}}